{"id":53312,"date":"2026-03-23T08:54:16","date_gmt":"2026-03-23T08:54:16","guid":{"rendered":"http:\/\/shop.verlag.uni-potsdam.de\/produkt\/53312\/"},"modified":"2026-03-23T11:55:17","modified_gmt":"2026-03-23T10:55:17","slug":"das-leben-im-menschen-oder-der-mensch-im-leben","status":"publish","type":"product","link":"https:\/\/shop.verlag.uni-potsdam.de\/en\/shop\/das-leben-im-menschen-oder-der-mensch-im-leben\/","title":{"rendered":"Das Leben im Menschen oder der Mensch im Leben?"},"content":{"rendered":"<p class=\"qtranxs-available-languages-message qtranxs-available-languages-message-en\">Sorry, this entry is only available in <a href=\"https:\/\/shop.verlag.uni-potsdam.de\/de\/wp-json\/wp\/v2\/product\/53312\" class=\"qtranxs-available-language-link qtranxs-available-language-link-de\" title=\"Deutsch\">Deutsch<\/a>.<\/p><p>In der Philosophie des 20. Jahrhunderts wird deutlich, dass es in Frankreich und in Deutschland voneinander abweichende Sichtweisen auf die Frage gibt, ob der Mensch eine &#8220;Sonderstellung&#8221; in der Dynamik des biologischen und geschichtlichen Lebens genie\u00dft. W\u00e4hrend sich in Deutschland die Tradition eines anthropologischen Denkens neu formiert, ist in Frankreich eine scharfe Skepsis gegen\u00fcber dem Erbe des Humanismus charakteristisch. Die Beitr\u00e4ge dieses zweisprachigen Buches untersuchen diese deutsch-franz\u00f6sische Konstellation von Fragen und Autoren, und aktualisieren die Reflexion auf die (Grenzen der) Singularit\u00e4t des Menschen.<\/p>","protected":false},"excerpt":{"rendered":"<p class=\"qtranxs-available-languages-message qtranxs-available-languages-message-en\">Sorry, this entry is only available in <a href=\"https:\/\/shop.verlag.uni-potsdam.de\/de\/wp-json\/wp\/v2\/product\/53312\" class=\"qtranxs-available-language-link qtranxs-available-language-link-de\" title=\"Deutsch\">Deutsch<\/a>.<\/p>\n<p>In der Philosophie des 20. Jahrhunderts wird deutlich, dass es in Frankreich und in Deutschland voneinander abweichende Sichtweisen auf die Frage gibt, ob der Mensch eine &#8220;Sonderstellung&#8221; in der Dynamik des biologischen und geschichtlichen Lebens genie\u00dft. W\u00e4hrend sich in Deutschland die Tradition eines anthropologischen Denkens neu formiert, ist in Frankreich eine scharfe Skepsis gegen\u00fcber dem Erbe des Humanismus charakteristisch. Die Beitr\u00e4ge dieses zweisprachigen Buches untersuchen diese deutsch-franz\u00f6sische Konstellation von Fragen und Autoren, und aktualisieren die Reflexion auf die (Grenzen der) Singularit\u00e4t des Menschen.<\/p>\n","protected":false},"featured_media":54330,"template":"","meta":{"_acf_changed":false},"product_brand":[],"product_cat":[6221],"product_tag":[6039],"class_list":{"0":"post-53312","1":"product","2":"type-product","3":"status-publish","4":"has-post-thumbnail","6":"product_cat-philosophie-web-kategorie","7":"product_tag-anthropologie-anti-humanismus-philosophie-phaenomenologie","8":"autor-amirpasha-tavakkoli","9":"autor-annette-hilt","10":"autor-annika-hand","11":"autor-bruno-batista-rates","12":"autor-caterina-zanfi","13":"autor-christian-sommer","14":"autor-daniel-hackbarth","15":"autor-dennis-johannssen","16":"autor-edoardo-simonotti","17":"autor-gregor-schmieg","18":"autor-hans-peter-krueger","19":"autor-herve-toussaint-ondoua","20":"autor-jasper-van-buuren","21":"autor-juliane-keusch","22":"autor-justus-schollmeyer","23":"autor-kyla-bruff","24":"autor-lukas-held","25":"autor-madalina-guzun","26":"autor-marion-stahl","27":"autor-moritz-von-kalckreuth","28":"autor-olivier-agard","29":"autor-philipp-kressmann","30":"autor-sebastian-edinger","31":"autor-thomas-ebke","32":"autor-thomas-viennet","33":"autor-ugo-balzaretti","34":"autor-wolfhart-henckmann","36":"first","37":"instock","38":"shipping-taxable","39":"purchasable","40":"product-type-simple"},"acf":[],"yoast_head":"<!-- This site is optimized with the Yoast SEO plugin v27.1.1 - https:\/\/yoast.com\/product\/yoast-seo-wordpress\/ -->\n<title>Das Leben im Menschen oder der Mensch im Leben? - Universit\u00e4tsverlag Potsdam<\/title>\n<meta name=\"robots\" content=\"index, follow, max-snippet:-1, max-image-preview:large, max-video-preview:-1\" \/>\n<link rel=\"canonical\" href=\"https:\/\/shop.verlag.uni-potsdam.de\/en\/shop\/das-leben-im-menschen-oder-der-mensch-im-leben\/\" \/>\n<meta property=\"og:locale\" content=\"en_US\" \/>\n<meta property=\"og:type\" content=\"article\" \/>\n<meta property=\"og:title\" content=\"Das Leben im Menschen oder der Mensch im Leben? - Universit\u00e4tsverlag Potsdam\" \/>\n<meta property=\"og:description\" content=\"In der Philosophie des 20. Jahrhunderts wird deutlich, dass es in Frankreich und in Deutschland voneinander abweichende Sichtweisen auf die Frage gibt, ob der Mensch eine &quot;Sonderstellung&quot; in der Dynamik des biologischen und geschichtlichen Lebens genie\u00dft. W\u00e4hrend sich in Deutschland die Tradition eines anthropologischen Denkens neu formiert, ist in Frankreich eine scharfe Skepsis gegen\u00fcber dem Erbe des Humanismus charakteristisch. Die Beitr\u00e4ge dieses zweisprachigen Buches untersuchen diese deutsch-franz\u00f6sische Konstellation von Fragen und Autoren, und aktualisieren die Reflexion auf die (Grenzen der) Singularit\u00e4t des Menschen.\" \/>\n<meta property=\"og:url\" content=\"https:\/\/shop.verlag.uni-potsdam.de\/en\/shop\/das-leben-im-menschen-oder-der-mensch-im-leben\/\" \/>\n<meta property=\"og:site_name\" content=\"Universit\u00e4tsverlag Potsdam\" \/>\n<meta property=\"article:modified_time\" content=\"2026-03-23T10:55:17+00:00\" \/>\n<meta property=\"og:image\" content=\"https:\/\/shop.verlag.uni-potsdam.de\/wp-content\/uploads\/asolmerce\/image-978-3-86956-382-4.jpg\" \/>\n\t<meta property=\"og:image:width\" content=\"451\" \/>\n\t<meta property=\"og:image:height\" content=\"640\" \/>\n\t<meta property=\"og:image:type\" content=\"image\/jpeg\" \/>\n<meta name=\"twitter:card\" content=\"summary_large_image\" \/>\n<script type=\"application\/ld+json\" class=\"yoast-schema-graph\">{\"@context\":\"https:\/\/schema.org\",\"@graph\":[{\"@type\":\"WebPage\",\"@id\":\"https:\/\/shop.verlag.uni-potsdam.de\/en\/shop\/das-leben-im-menschen-oder-der-mensch-im-leben\/\",\"url\":\"https:\/\/shop.verlag.uni-potsdam.de\/en\/shop\/das-leben-im-menschen-oder-der-mensch-im-leben\/\",\"name\":\"Das Leben im Menschen oder der Mensch im Leben? - Universit\u00e4tsverlag Potsdam\",\"isPartOf\":{\"@id\":\"https:\/\/shop.verlag.uni-potsdam.de\/en\/#website\"},\"primaryImageOfPage\":{\"@id\":\"https:\/\/shop.verlag.uni-potsdam.de\/en\/shop\/das-leben-im-menschen-oder-der-mensch-im-leben\/#primaryimage\"},\"image\":{\"@id\":\"https:\/\/shop.verlag.uni-potsdam.de\/shop\/das-leben-im-menschen-oder-der-mensch-im-leben\/#primaryimage\"},\"thumbnailUrl\":\"https:\/\/shop.verlag.uni-potsdam.de\/wp-content\/uploads\/asolmerce\/image-978-3-86956-382-4.jpg\",\"datePublished\":\"2026-03-23T08:54:16+00:00\",\"dateModified\":\"2026-03-23T10:55:17+00:00\",\"breadcrumb\":{\"@id\":\"https:\/\/shop.verlag.uni-potsdam.de\/en\/shop\/das-leben-im-menschen-oder-der-mensch-im-leben\/#breadcrumb\"},\"inLanguage\":\"en-US\",\"potentialAction\":[{\"@type\":\"ReadAction\",\"target\":[[\"https:\/\/shop.verlag.uni-potsdam.de\/en\/shop\/das-leben-im-menschen-oder-der-mensch-im-leben\/\"]]}]},{\"@type\":\"ImageObject\",\"inLanguage\":\"en-US\",\"@id\":\"https:\/\/shop.verlag.uni-potsdam.de\/en\/shop\/das-leben-im-menschen-oder-der-mensch-im-leben\/#primaryimage\",\"url\":\"https:\/\/shop.verlag.uni-potsdam.de\/wp-content\/uploads\/asolmerce\/image-978-3-86956-382-4.jpg\",\"contentUrl\":\"https:\/\/shop.verlag.uni-potsdam.de\/wp-content\/uploads\/asolmerce\/image-978-3-86956-382-4.jpg\",\"width\":451,\"height\":640},{\"@type\":\"BreadcrumbList\",\"@id\":\"https:\/\/shop.verlag.uni-potsdam.de\/en\/shop\/das-leben-im-menschen-oder-der-mensch-im-leben\/#breadcrumb\",\"itemListElement\":[{\"@type\":\"ListItem\",\"position\":1,\"name\":\"Startseite\",\"item\":\"https:\/\/shop.verlag.uni-potsdam.de\/en\/\"},{\"@type\":\"ListItem\",\"position\":2,\"name\":\"Shop\",\"item\":\"https:\/\/shop.verlag.uni-potsdam.de\/en\/shop\/\"},{\"@type\":\"ListItem\",\"position\":3,\"name\":\"Das Leben im Menschen oder der Mensch im Leben?\"}]},{\"@type\":\"WebSite\",\"@id\":\"https:\/\/shop.verlag.uni-potsdam.de\/en\/#website\",\"url\":\"https:\/\/shop.verlag.uni-potsdam.de\/en\/\",\"name\":\"Universit\u00e4tsverlag Potsdam\",\"description\":\"\",\"publisher\":{\"@id\":\"https:\/\/shop.verlag.uni-potsdam.de\/en\/#organization\"},\"potentialAction\":[{\"@type\":\"SearchAction\",\"target\":{\"@type\":\"EntryPoint\",\"urlTemplate\":\"https:\/\/shop.verlag.uni-potsdam.de\/en\/?s={search_term_string}\"},\"query-input\":{\"@type\":\"PropertyValueSpecification\",\"valueRequired\":true,\"valueName\":\"search_term_string\"}}],\"inLanguage\":\"en-US\"},{\"@type\":\"Organization\",\"@id\":\"https:\/\/shop.verlag.uni-potsdam.de\/en\/#organization\",\"name\":\"Universit\u00e4tsverlag Potsdam\",\"url\":\"https:\/\/shop.verlag.uni-potsdam.de\/en\/\",\"logo\":{\"@type\":\"ImageObject\",\"inLanguage\":\"en-US\",\"@id\":\"https:\/\/shop.verlag.uni-potsdam.de\/en\/#\/schema\/logo\/image\/\",\"url\":\"https:\/\/shop.verlag.uni-potsdam.de\/wp-content\/uploads\/2017\/04\/up_logo_university_2.png\",\"contentUrl\":\"https:\/\/shop.verlag.uni-potsdam.de\/wp-content\/uploads\/2017\/04\/up_logo_university_2.png\",\"width\":160,\"height\":172,\"caption\":\"Universit\u00e4tsverlag Potsdam\"},\"image\":{\"@id\":\"https:\/\/shop.verlag.uni-potsdam.de\/en\/#\/schema\/logo\/image\/\"}}]}<\/script>\n<!-- \/ Yoast SEO plugin. -->","yoast_head_json":{"title":"Das Leben im Menschen oder der Mensch im Leben? - Universit\u00e4tsverlag Potsdam","robots":{"index":"index","follow":"follow","max-snippet":"max-snippet:-1","max-image-preview":"max-image-preview:large","max-video-preview":"max-video-preview:-1"},"canonical":"https:\/\/shop.verlag.uni-potsdam.de\/en\/shop\/das-leben-im-menschen-oder-der-mensch-im-leben\/","og_locale":"en_US","og_type":"article","og_title":"Das Leben im Menschen oder der Mensch im Leben? - Universit\u00e4tsverlag Potsdam","og_description":"In der Philosophie des 20. Jahrhunderts wird deutlich, dass es in Frankreich und in Deutschland voneinander abweichende Sichtweisen auf die Frage gibt, ob der Mensch eine \"Sonderstellung\" in der Dynamik des biologischen und geschichtlichen Lebens genie\u00dft. W\u00e4hrend sich in Deutschland die Tradition eines anthropologischen Denkens neu formiert, ist in Frankreich eine scharfe Skepsis gegen\u00fcber dem Erbe des Humanismus charakteristisch. Die Beitr\u00e4ge dieses zweisprachigen Buches untersuchen diese deutsch-franz\u00f6sische Konstellation von Fragen und Autoren, und aktualisieren die Reflexion auf die (Grenzen der) Singularit\u00e4t des Menschen.","og_url":"https:\/\/shop.verlag.uni-potsdam.de\/en\/shop\/das-leben-im-menschen-oder-der-mensch-im-leben\/","og_site_name":"Universit\u00e4tsverlag Potsdam","article_modified_time":"2026-03-23T10:55:17+00:00","og_image":[{"width":451,"height":640,"url":"https:\/\/shop.verlag.uni-potsdam.de\/wp-content\/uploads\/asolmerce\/image-978-3-86956-382-4.jpg","type":"image\/jpeg"}],"twitter_card":"summary_large_image","schema":{"@context":"https:\/\/schema.org","@graph":[{"@type":"WebPage","@id":"https:\/\/shop.verlag.uni-potsdam.de\/en\/shop\/das-leben-im-menschen-oder-der-mensch-im-leben\/","url":"https:\/\/shop.verlag.uni-potsdam.de\/en\/shop\/das-leben-im-menschen-oder-der-mensch-im-leben\/","name":"Das Leben im Menschen oder der Mensch im Leben? - Universit\u00e4tsverlag Potsdam","isPartOf":{"@id":"https:\/\/shop.verlag.uni-potsdam.de\/en\/#website"},"primaryImageOfPage":{"@id":"https:\/\/shop.verlag.uni-potsdam.de\/en\/shop\/das-leben-im-menschen-oder-der-mensch-im-leben\/#primaryimage"},"image":{"@id":"https:\/\/shop.verlag.uni-potsdam.de\/shop\/das-leben-im-menschen-oder-der-mensch-im-leben\/#primaryimage"},"thumbnailUrl":"https:\/\/shop.verlag.uni-potsdam.de\/wp-content\/uploads\/asolmerce\/image-978-3-86956-382-4.jpg","datePublished":"2026-03-23T08:54:16+00:00","dateModified":"2026-03-23T10:55:17+00:00","breadcrumb":{"@id":"https:\/\/shop.verlag.uni-potsdam.de\/en\/shop\/das-leben-im-menschen-oder-der-mensch-im-leben\/#breadcrumb"},"inLanguage":"en-US","potentialAction":[{"@type":"ReadAction","target":[["https:\/\/shop.verlag.uni-potsdam.de\/en\/shop\/das-leben-im-menschen-oder-der-mensch-im-leben\/"]]}]},{"@type":"ImageObject","inLanguage":"en-US","@id":"https:\/\/shop.verlag.uni-potsdam.de\/en\/shop\/das-leben-im-menschen-oder-der-mensch-im-leben\/#primaryimage","url":"https:\/\/shop.verlag.uni-potsdam.de\/wp-content\/uploads\/asolmerce\/image-978-3-86956-382-4.jpg","contentUrl":"https:\/\/shop.verlag.uni-potsdam.de\/wp-content\/uploads\/asolmerce\/image-978-3-86956-382-4.jpg","width":451,"height":640},{"@type":"BreadcrumbList","@id":"https:\/\/shop.verlag.uni-potsdam.de\/en\/shop\/das-leben-im-menschen-oder-der-mensch-im-leben\/#breadcrumb","itemListElement":[{"@type":"ListItem","position":1,"name":"Startseite","item":"https:\/\/shop.verlag.uni-potsdam.de\/en\/"},{"@type":"ListItem","position":2,"name":"Shop","item":"https:\/\/shop.verlag.uni-potsdam.de\/en\/shop\/"},{"@type":"ListItem","position":3,"name":"Das Leben im Menschen oder der Mensch im Leben?"}]},{"@type":"WebSite","@id":"https:\/\/shop.verlag.uni-potsdam.de\/en\/#website","url":"https:\/\/shop.verlag.uni-potsdam.de\/en\/","name":"Universit\u00e4tsverlag Potsdam","description":"","publisher":{"@id":"https:\/\/shop.verlag.uni-potsdam.de\/en\/#organization"},"potentialAction":[{"@type":"SearchAction","target":{"@type":"EntryPoint","urlTemplate":"https:\/\/shop.verlag.uni-potsdam.de\/en\/?s={search_term_string}"},"query-input":{"@type":"PropertyValueSpecification","valueRequired":true,"valueName":"search_term_string"}}],"inLanguage":"en-US"},{"@type":"Organization","@id":"https:\/\/shop.verlag.uni-potsdam.de\/en\/#organization","name":"Universit\u00e4tsverlag Potsdam","url":"https:\/\/shop.verlag.uni-potsdam.de\/en\/","logo":{"@type":"ImageObject","inLanguage":"en-US","@id":"https:\/\/shop.verlag.uni-potsdam.de\/en\/#\/schema\/logo\/image\/","url":"https:\/\/shop.verlag.uni-potsdam.de\/wp-content\/uploads\/2017\/04\/up_logo_university_2.png","contentUrl":"https:\/\/shop.verlag.uni-potsdam.de\/wp-content\/uploads\/2017\/04\/up_logo_university_2.png","width":160,"height":172,"caption":"Universit\u00e4tsverlag Potsdam"},"image":{"@id":"https:\/\/shop.verlag.uni-potsdam.de\/en\/#\/schema\/logo\/image\/"}}]}},"_links":{"self":[{"href":"https:\/\/shop.verlag.uni-potsdam.de\/en\/wp-json\/wp\/v2\/product\/53312","targetHints":{"allow":["GET"]}}],"collection":[{"href":"https:\/\/shop.verlag.uni-potsdam.de\/en\/wp-json\/wp\/v2\/product"}],"about":[{"href":"https:\/\/shop.verlag.uni-potsdam.de\/en\/wp-json\/wp\/v2\/types\/product"}],"wp:featuredmedia":[{"embeddable":true,"href":"https:\/\/shop.verlag.uni-potsdam.de\/en\/wp-json\/wp\/v2\/media\/54330"}],"wp:attachment":[{"href":"https:\/\/shop.verlag.uni-potsdam.de\/en\/wp-json\/wp\/v2\/media?parent=53312"}],"wp:term":[{"taxonomy":"product_brand","embeddable":true,"href":"https:\/\/shop.verlag.uni-potsdam.de\/en\/wp-json\/wp\/v2\/product_brand?post=53312"},{"taxonomy":"product_cat","embeddable":true,"href":"https:\/\/shop.verlag.uni-potsdam.de\/en\/wp-json\/wp\/v2\/product_cat?post=53312"},{"taxonomy":"product_tag","embeddable":true,"href":"https:\/\/shop.verlag.uni-potsdam.de\/en\/wp-json\/wp\/v2\/product_tag?post=53312"}],"curies":[{"name":"wp","href":"https:\/\/api.w.org\/{rel}","templated":true}]}}