{"id":53372,"date":"2026-03-23T08:54:17","date_gmt":"2026-03-23T08:54:17","guid":{"rendered":"http:\/\/shop.verlag.uni-potsdam.de\/produkt\/internationale-perspektiven-zur-musiklehrerausbildung-in-europa-2\/"},"modified":"2026-03-23T11:55:17","modified_gmt":"2026-03-23T10:55:17","slug":"internationale-perspektiven-zur-musiklehrerausbildung-in-europa","status":"publish","type":"product","link":"https:\/\/shop.verlag.uni-potsdam.de\/en\/shop\/internationale-perspektiven-zur-musiklehrerausbildung-in-europa\/","title":{"rendered":"Internationale Perspektiven zur Musik(lehrer)ausbildung in Europa"},"content":{"rendered":"<p class=\"qtranxs-available-languages-message qtranxs-available-languages-message-en\">Sorry, this entry is only available in <a href=\"https:\/\/shop.verlag.uni-potsdam.de\/de\/wp-json\/wp\/v2\/product\/53372\" class=\"qtranxs-available-language-link qtranxs-available-language-link-de\" title=\"Deutsch\">Deutsch<\/a>.<\/p><p>Das Bildungsgesetz der spanischen Regierung aus dem Jahre 2013 (sp. LOMCE) gilt als Todessto\u00df f\u00fcr k\u00fcnstlerische F\u00e4cher an allgemein bildenden Schulen: Erst 1990 als Pflichtfach eingef\u00fchrt, wird Musik nun nur noch als Wahlfach angeboten. Auch die Musiklehrerausbildung an den <br \/>Hochschulen verzeichnet massive Einbu\u00dfen. Besonders irritierend daran ist, dass die betroffenen Universit\u00e4tsgremien zu dieser politischen Entscheidung nicht geh\u00f6rt wurden. Damit verschwindet in Spanien das Studienfach Lehramt Musik je nach Universit\u00e4t nach nicht einmal 18 bis <br \/>20 Jahren aus dem Studienangebot.<\/p>","protected":false},"excerpt":{"rendered":"<p class=\"qtranxs-available-languages-message qtranxs-available-languages-message-en\">Sorry, this entry is only available in <a href=\"https:\/\/shop.verlag.uni-potsdam.de\/de\/wp-json\/wp\/v2\/product\/53372\" class=\"qtranxs-available-language-link qtranxs-available-language-link-de\" title=\"Deutsch\">Deutsch<\/a>.<\/p>\n<p>Das Bildungsgesetz der spanischen Regierung aus dem Jahre 2013 (sp. LOMCE) gilt als Todessto\u00df f\u00fcr k\u00fcnstlerische F\u00e4cher an allgemein bildenden Schulen: Erst 1990 als Pflichtfach eingef\u00fchrt, wird Musik nun nur noch als Wahlfach angeboten. Auch die Musiklehrerausbildung an den <br \/>Hochschulen verzeichnet massive Einbu\u00dfen. Besonders irritierend daran ist, dass die betroffenen Universit\u00e4tsgremien zu dieser politischen Entscheidung nicht geh\u00f6rt wurden. Damit verschwindet in Spanien das Studienfach Lehramt Musik je nach Universit\u00e4t nach nicht einmal 18 bis <br \/>20 Jahren aus dem Studienangebot.<\/p>\n","protected":false},"featured_media":54240,"template":"","meta":{"_acf_changed":false},"product_brand":[],"product_cat":[6218,6220],"product_tag":[5518],"class_list":{"0":"post-53372","1":"product","2":"type-product","3":"status-publish","4":"has-post-thumbnail","6":"product_cat-musik-web-kategorie","7":"product_cat-paedagogik-web-kategorie","8":"product_tag-bildungsgesetz-spanien-lehrer-hochschulen-musik","9":"autor-jose-a-rodriguez-quiles-y-garcia","11":"first","12":"instock","13":"shipping-taxable","14":"purchasable","15":"product-type-simple"},"acf":[],"yoast_head":"<!-- This site is optimized with the Yoast SEO plugin v27.1.1 - https:\/\/yoast.com\/product\/yoast-seo-wordpress\/ -->\n<title>Internationale Perspektiven zur Musik(lehrer)ausbildung in Europa - Universit\u00e4tsverlag Potsdam<\/title>\n<meta name=\"robots\" content=\"index, follow, max-snippet:-1, max-image-preview:large, max-video-preview:-1\" \/>\n<link rel=\"canonical\" href=\"https:\/\/shop.verlag.uni-potsdam.de\/en\/shop\/internationale-perspektiven-zur-musiklehrerausbildung-in-europa\/\" \/>\n<meta property=\"og:locale\" content=\"en_US\" \/>\n<meta property=\"og:type\" content=\"article\" \/>\n<meta property=\"og:title\" content=\"Internationale Perspektiven zur Musik(lehrer)ausbildung in Europa - Universit\u00e4tsverlag Potsdam\" \/>\n<meta property=\"og:description\" content=\"Das Bildungsgesetz der spanischen Regierung aus dem Jahre 2013 (sp. LOMCE) gilt als Todessto\u00df f\u00fcr k\u00fcnstlerische F\u00e4cher an allgemein bildenden Schulen: Erst 1990 als Pflichtfach eingef\u00fchrt, wird Musik nun nur noch als Wahlfach angeboten. Auch die Musiklehrerausbildung an den Hochschulen verzeichnet massive Einbu\u00dfen. Besonders irritierend daran ist, dass die betroffenen Universit\u00e4tsgremien zu dieser politischen Entscheidung nicht geh\u00f6rt wurden. Damit verschwindet in Spanien das Studienfach Lehramt Musik je nach Universit\u00e4t nach nicht einmal 18 bis 20 Jahren aus dem Studienangebot.\" \/>\n<meta property=\"og:url\" content=\"https:\/\/shop.verlag.uni-potsdam.de\/en\/shop\/internationale-perspektiven-zur-musiklehrerausbildung-in-europa\/\" \/>\n<meta property=\"og:site_name\" content=\"Universit\u00e4tsverlag Potsdam\" \/>\n<meta property=\"article:modified_time\" content=\"2026-03-23T10:55:17+00:00\" \/>\n<meta property=\"og:image\" content=\"https:\/\/shop.verlag.uni-potsdam.de\/wp-content\/uploads\/asolmerce\/image-978-3-86956-378-7.jpg\" \/>\n\t<meta property=\"og:image:width\" content=\"452\" \/>\n\t<meta property=\"og:image:height\" content=\"640\" \/>\n\t<meta property=\"og:image:type\" content=\"image\/jpeg\" \/>\n<meta name=\"twitter:card\" content=\"summary_large_image\" \/>\n<script type=\"application\/ld+json\" class=\"yoast-schema-graph\">{\"@context\":\"https:\/\/schema.org\",\"@graph\":[{\"@type\":\"WebPage\",\"@id\":\"https:\/\/shop.verlag.uni-potsdam.de\/en\/shop\/internationale-perspektiven-zur-musiklehrerausbildung-in-europa\/\",\"url\":\"https:\/\/shop.verlag.uni-potsdam.de\/en\/shop\/internationale-perspektiven-zur-musiklehrerausbildung-in-europa\/\",\"name\":\"Internationale Perspektiven zur Musik(lehrer)ausbildung in Europa - Universit\u00e4tsverlag Potsdam\",\"isPartOf\":{\"@id\":\"https:\/\/shop.verlag.uni-potsdam.de\/en\/#website\"},\"primaryImageOfPage\":{\"@id\":\"https:\/\/shop.verlag.uni-potsdam.de\/en\/shop\/internationale-perspektiven-zur-musiklehrerausbildung-in-europa\/#primaryimage\"},\"image\":{\"@id\":\"https:\/\/shop.verlag.uni-potsdam.de\/shop\/internationale-perspektiven-zur-musiklehrerausbildung-in-europa\/#primaryimage\"},\"thumbnailUrl\":\"https:\/\/shop.verlag.uni-potsdam.de\/wp-content\/uploads\/asolmerce\/image-978-3-86956-378-7.jpg\",\"datePublished\":\"2026-03-23T08:54:17+00:00\",\"dateModified\":\"2026-03-23T10:55:17+00:00\",\"breadcrumb\":{\"@id\":\"https:\/\/shop.verlag.uni-potsdam.de\/en\/shop\/internationale-perspektiven-zur-musiklehrerausbildung-in-europa\/#breadcrumb\"},\"inLanguage\":\"en-US\",\"potentialAction\":[{\"@type\":\"ReadAction\",\"target\":[[\"https:\/\/shop.verlag.uni-potsdam.de\/en\/shop\/internationale-perspektiven-zur-musiklehrerausbildung-in-europa\/\"]]}]},{\"@type\":\"ImageObject\",\"inLanguage\":\"en-US\",\"@id\":\"https:\/\/shop.verlag.uni-potsdam.de\/en\/shop\/internationale-perspektiven-zur-musiklehrerausbildung-in-europa\/#primaryimage\",\"url\":\"https:\/\/shop.verlag.uni-potsdam.de\/wp-content\/uploads\/asolmerce\/image-978-3-86956-378-7.jpg\",\"contentUrl\":\"https:\/\/shop.verlag.uni-potsdam.de\/wp-content\/uploads\/asolmerce\/image-978-3-86956-378-7.jpg\",\"width\":452,\"height\":640},{\"@type\":\"BreadcrumbList\",\"@id\":\"https:\/\/shop.verlag.uni-potsdam.de\/en\/shop\/internationale-perspektiven-zur-musiklehrerausbildung-in-europa\/#breadcrumb\",\"itemListElement\":[{\"@type\":\"ListItem\",\"position\":1,\"name\":\"Startseite\",\"item\":\"https:\/\/shop.verlag.uni-potsdam.de\/en\/\"},{\"@type\":\"ListItem\",\"position\":2,\"name\":\"Shop\",\"item\":\"https:\/\/shop.verlag.uni-potsdam.de\/en\/shop\/\"},{\"@type\":\"ListItem\",\"position\":3,\"name\":\"Internationale Perspektiven zur Musik(lehrer)ausbildung in Europa\"}]},{\"@type\":\"WebSite\",\"@id\":\"https:\/\/shop.verlag.uni-potsdam.de\/en\/#website\",\"url\":\"https:\/\/shop.verlag.uni-potsdam.de\/en\/\",\"name\":\"Universit\u00e4tsverlag Potsdam\",\"description\":\"\",\"publisher\":{\"@id\":\"https:\/\/shop.verlag.uni-potsdam.de\/en\/#organization\"},\"potentialAction\":[{\"@type\":\"SearchAction\",\"target\":{\"@type\":\"EntryPoint\",\"urlTemplate\":\"https:\/\/shop.verlag.uni-potsdam.de\/en\/?s={search_term_string}\"},\"query-input\":{\"@type\":\"PropertyValueSpecification\",\"valueRequired\":true,\"valueName\":\"search_term_string\"}}],\"inLanguage\":\"en-US\"},{\"@type\":\"Organization\",\"@id\":\"https:\/\/shop.verlag.uni-potsdam.de\/en\/#organization\",\"name\":\"Universit\u00e4tsverlag Potsdam\",\"url\":\"https:\/\/shop.verlag.uni-potsdam.de\/en\/\",\"logo\":{\"@type\":\"ImageObject\",\"inLanguage\":\"en-US\",\"@id\":\"https:\/\/shop.verlag.uni-potsdam.de\/en\/#\/schema\/logo\/image\/\",\"url\":\"https:\/\/shop.verlag.uni-potsdam.de\/wp-content\/uploads\/2017\/04\/up_logo_university_2.png\",\"contentUrl\":\"https:\/\/shop.verlag.uni-potsdam.de\/wp-content\/uploads\/2017\/04\/up_logo_university_2.png\",\"width\":160,\"height\":172,\"caption\":\"Universit\u00e4tsverlag Potsdam\"},\"image\":{\"@id\":\"https:\/\/shop.verlag.uni-potsdam.de\/en\/#\/schema\/logo\/image\/\"}}]}<\/script>\n<!-- \/ Yoast SEO plugin. -->","yoast_head_json":{"title":"Internationale Perspektiven zur Musik(lehrer)ausbildung in Europa - Universit\u00e4tsverlag Potsdam","robots":{"index":"index","follow":"follow","max-snippet":"max-snippet:-1","max-image-preview":"max-image-preview:large","max-video-preview":"max-video-preview:-1"},"canonical":"https:\/\/shop.verlag.uni-potsdam.de\/en\/shop\/internationale-perspektiven-zur-musiklehrerausbildung-in-europa\/","og_locale":"en_US","og_type":"article","og_title":"Internationale Perspektiven zur Musik(lehrer)ausbildung in Europa - Universit\u00e4tsverlag Potsdam","og_description":"Das Bildungsgesetz der spanischen Regierung aus dem Jahre 2013 (sp. LOMCE) gilt als Todessto\u00df f\u00fcr k\u00fcnstlerische F\u00e4cher an allgemein bildenden Schulen: Erst 1990 als Pflichtfach eingef\u00fchrt, wird Musik nun nur noch als Wahlfach angeboten. Auch die Musiklehrerausbildung an den Hochschulen verzeichnet massive Einbu\u00dfen. Besonders irritierend daran ist, dass die betroffenen Universit\u00e4tsgremien zu dieser politischen Entscheidung nicht geh\u00f6rt wurden. Damit verschwindet in Spanien das Studienfach Lehramt Musik je nach Universit\u00e4t nach nicht einmal 18 bis 20 Jahren aus dem Studienangebot.","og_url":"https:\/\/shop.verlag.uni-potsdam.de\/en\/shop\/internationale-perspektiven-zur-musiklehrerausbildung-in-europa\/","og_site_name":"Universit\u00e4tsverlag Potsdam","article_modified_time":"2026-03-23T10:55:17+00:00","og_image":[{"width":452,"height":640,"url":"https:\/\/shop.verlag.uni-potsdam.de\/wp-content\/uploads\/asolmerce\/image-978-3-86956-378-7.jpg","type":"image\/jpeg"}],"twitter_card":"summary_large_image","schema":{"@context":"https:\/\/schema.org","@graph":[{"@type":"WebPage","@id":"https:\/\/shop.verlag.uni-potsdam.de\/en\/shop\/internationale-perspektiven-zur-musiklehrerausbildung-in-europa\/","url":"https:\/\/shop.verlag.uni-potsdam.de\/en\/shop\/internationale-perspektiven-zur-musiklehrerausbildung-in-europa\/","name":"Internationale Perspektiven zur Musik(lehrer)ausbildung in Europa - Universit\u00e4tsverlag Potsdam","isPartOf":{"@id":"https:\/\/shop.verlag.uni-potsdam.de\/en\/#website"},"primaryImageOfPage":{"@id":"https:\/\/shop.verlag.uni-potsdam.de\/en\/shop\/internationale-perspektiven-zur-musiklehrerausbildung-in-europa\/#primaryimage"},"image":{"@id":"https:\/\/shop.verlag.uni-potsdam.de\/shop\/internationale-perspektiven-zur-musiklehrerausbildung-in-europa\/#primaryimage"},"thumbnailUrl":"https:\/\/shop.verlag.uni-potsdam.de\/wp-content\/uploads\/asolmerce\/image-978-3-86956-378-7.jpg","datePublished":"2026-03-23T08:54:17+00:00","dateModified":"2026-03-23T10:55:17+00:00","breadcrumb":{"@id":"https:\/\/shop.verlag.uni-potsdam.de\/en\/shop\/internationale-perspektiven-zur-musiklehrerausbildung-in-europa\/#breadcrumb"},"inLanguage":"en-US","potentialAction":[{"@type":"ReadAction","target":[["https:\/\/shop.verlag.uni-potsdam.de\/en\/shop\/internationale-perspektiven-zur-musiklehrerausbildung-in-europa\/"]]}]},{"@type":"ImageObject","inLanguage":"en-US","@id":"https:\/\/shop.verlag.uni-potsdam.de\/en\/shop\/internationale-perspektiven-zur-musiklehrerausbildung-in-europa\/#primaryimage","url":"https:\/\/shop.verlag.uni-potsdam.de\/wp-content\/uploads\/asolmerce\/image-978-3-86956-378-7.jpg","contentUrl":"https:\/\/shop.verlag.uni-potsdam.de\/wp-content\/uploads\/asolmerce\/image-978-3-86956-378-7.jpg","width":452,"height":640},{"@type":"BreadcrumbList","@id":"https:\/\/shop.verlag.uni-potsdam.de\/en\/shop\/internationale-perspektiven-zur-musiklehrerausbildung-in-europa\/#breadcrumb","itemListElement":[{"@type":"ListItem","position":1,"name":"Startseite","item":"https:\/\/shop.verlag.uni-potsdam.de\/en\/"},{"@type":"ListItem","position":2,"name":"Shop","item":"https:\/\/shop.verlag.uni-potsdam.de\/en\/shop\/"},{"@type":"ListItem","position":3,"name":"Internationale Perspektiven zur Musik(lehrer)ausbildung in Europa"}]},{"@type":"WebSite","@id":"https:\/\/shop.verlag.uni-potsdam.de\/en\/#website","url":"https:\/\/shop.verlag.uni-potsdam.de\/en\/","name":"Universit\u00e4tsverlag Potsdam","description":"","publisher":{"@id":"https:\/\/shop.verlag.uni-potsdam.de\/en\/#organization"},"potentialAction":[{"@type":"SearchAction","target":{"@type":"EntryPoint","urlTemplate":"https:\/\/shop.verlag.uni-potsdam.de\/en\/?s={search_term_string}"},"query-input":{"@type":"PropertyValueSpecification","valueRequired":true,"valueName":"search_term_string"}}],"inLanguage":"en-US"},{"@type":"Organization","@id":"https:\/\/shop.verlag.uni-potsdam.de\/en\/#organization","name":"Universit\u00e4tsverlag Potsdam","url":"https:\/\/shop.verlag.uni-potsdam.de\/en\/","logo":{"@type":"ImageObject","inLanguage":"en-US","@id":"https:\/\/shop.verlag.uni-potsdam.de\/en\/#\/schema\/logo\/image\/","url":"https:\/\/shop.verlag.uni-potsdam.de\/wp-content\/uploads\/2017\/04\/up_logo_university_2.png","contentUrl":"https:\/\/shop.verlag.uni-potsdam.de\/wp-content\/uploads\/2017\/04\/up_logo_university_2.png","width":160,"height":172,"caption":"Universit\u00e4tsverlag Potsdam"},"image":{"@id":"https:\/\/shop.verlag.uni-potsdam.de\/en\/#\/schema\/logo\/image\/"}}]}},"_links":{"self":[{"href":"https:\/\/shop.verlag.uni-potsdam.de\/en\/wp-json\/wp\/v2\/product\/53372","targetHints":{"allow":["GET"]}}],"collection":[{"href":"https:\/\/shop.verlag.uni-potsdam.de\/en\/wp-json\/wp\/v2\/product"}],"about":[{"href":"https:\/\/shop.verlag.uni-potsdam.de\/en\/wp-json\/wp\/v2\/types\/product"}],"wp:featuredmedia":[{"embeddable":true,"href":"https:\/\/shop.verlag.uni-potsdam.de\/en\/wp-json\/wp\/v2\/media\/54240"}],"wp:attachment":[{"href":"https:\/\/shop.verlag.uni-potsdam.de\/en\/wp-json\/wp\/v2\/media?parent=53372"}],"wp:term":[{"taxonomy":"product_brand","embeddable":true,"href":"https:\/\/shop.verlag.uni-potsdam.de\/en\/wp-json\/wp\/v2\/product_brand?post=53372"},{"taxonomy":"product_cat","embeddable":true,"href":"https:\/\/shop.verlag.uni-potsdam.de\/en\/wp-json\/wp\/v2\/product_cat?post=53372"},{"taxonomy":"product_tag","embeddable":true,"href":"https:\/\/shop.verlag.uni-potsdam.de\/en\/wp-json\/wp\/v2\/product_tag?post=53372"}],"curies":[{"name":"wp","href":"https:\/\/api.w.org\/{rel}","templated":true}]}}