{"id":53373,"date":"2026-03-23T08:54:17","date_gmt":"2026-03-23T08:54:17","guid":{"rendered":"http:\/\/shop.verlag.uni-potsdam.de\/produkt\/schubart-mauermeister-seidel-studium-nach-bologna\/"},"modified":"2026-03-23T11:55:17","modified_gmt":"2026-03-23T10:55:17","slug":"studium-nach-bologna","status":"publish","type":"product","link":"https:\/\/shop.verlag.uni-potsdam.de\/en\/shop\/studium-nach-bologna\/","title":{"rendered":"Studium nach Bologna"},"content":{"rendered":"<p class=\"qtranxs-available-languages-message qtranxs-available-languages-message-en\">Sorry, this entry is only available in <a href=\"https:\/\/shop.verlag.uni-potsdam.de\/de\/wp-json\/wp\/v2\/product\/53373\" class=\"qtranxs-available-language-link qtranxs-available-language-link-de\" title=\"Deutsch\">Deutsch<\/a>.<\/p><p>Ziel des vorliegenden dritten Bandes der Potsdamer Beitr\u00e4ge zur Hochschulforschung ist es, ausgew\u00e4hlte Aspekte der Hochschuldebatte um Studium und Lehre zu beleuchten und mit empirischen Befunden zu vertiefen. Im \u00adFokus stehen solche aktuellen Debatten wie die Gestaltung des Studieneingangs, die Erh\u00f6hung der Besch\u00e4ftigungsbef\u00e4higung, die Qualit\u00e4t der Praktika sowie Probleme der Lehrerbildung. Dabei wird die Hochschuldebatte in Deutschland durch einschl\u00e4gige Beitr\u00e4ge aus anderen, west- und osteurop\u00e4ischen L\u00e4ndern erweitert. Die Reihe versteht sich als Forum verschiedener Akteure aus der Hochschulforschung, die die Diskussion zur Qualit\u00e4tsentwicklung in Lehre und Studium mit ihren Impulsen aus Analysen und empirischen Ergebnissen bereichern sollen. Der Band richtet sich an alle, die sich f\u00fcr die Entwicklung an Hochschulen interessieren.<\/p>","protected":false},"excerpt":{"rendered":"<p class=\"qtranxs-available-languages-message qtranxs-available-languages-message-en\">Sorry, this entry is only available in <a href=\"https:\/\/shop.verlag.uni-potsdam.de\/de\/wp-json\/wp\/v2\/product\/53373\" class=\"qtranxs-available-language-link qtranxs-available-language-link-de\" title=\"Deutsch\">Deutsch<\/a>.<\/p>\n<p>Ziel des vorliegenden dritten Bandes der Potsdamer Beitr\u00e4ge zur Hochschulforschung ist es, ausgew\u00e4hlte Aspekte der Hochschuldebatte um Studium und Lehre zu beleuchten und mit empirischen Befunden zu vertiefen. Im \u00adFokus stehen solche aktuellen Debatten wie die Gestaltung des Studieneingangs, die Erh\u00f6hung der Besch\u00e4ftigungsbef\u00e4higung, die Qualit\u00e4t der Praktika sowie Probleme der Lehrerbildung. Dabei wird die Hochschuldebatte in Deutschland durch einschl\u00e4gige Beitr\u00e4ge aus anderen, west- und osteurop\u00e4ischen L\u00e4ndern erweitert. Die Reihe versteht sich als Forum verschiedener Akteure aus der Hochschulforschung, die die Diskussion zur Qualit\u00e4tsentwicklung in Lehre und Studium mit ihren Impulsen aus Analysen und empirischen Ergebnissen bereichern sollen. Der Band richtet sich an alle, die sich f\u00fcr die Entwicklung an Hochschulen interessieren.<\/p>\n","protected":false},"featured_media":54471,"template":"","meta":{"_acf_changed":false},"product_brand":[],"product_cat":[6220],"product_tag":[5648],"class_list":{"0":"post-53373","1":"product","2":"type-product","3":"status-publish","4":"has-post-thumbnail","6":"product_cat-paedagogik-web-kategorie","7":"product_tag-studienreform-hochschulentwicklung-studieneingang","8":"autor-andrea-kottmann","9":"autor-andreas-seidel","10":"autor-anke-koehler","11":"autor-anna-dibiasi","12":"autor-benjamin-apostolow","13":"autor-birgitta-zylla","14":"autor-friederike-schulze-reichelt","15":"autor-grazyna-milkowska","16":"autor-helena-grecmanova","17":"autor-jana-kantorova","18":"autor-jitka-skopalova","19":"autor-juliane-ulbricht","20":"autor-lech-salacinski","21":"autor-magdalena-piorunek","22":"autor-marcel-faass","23":"autor-martin-unger","24":"autor-malgorzata-grzywacz","25":"autor-melanie-wippermann","26":"autor-melinda-erdmann","27":"autor-michaela-fuhrmann","28":"autor-miroslav-dopita","29":"autor-natalja-ivanovna-vjunova","30":"autor-olaf-ratzlaff","31":"autor-olga-anatolevna-ivanova","32":"autor-saskia-niproschke","33":"autor-sylvi-mauermeister","34":"autor-wilfried-schubarth","35":"reihe-potsdamer-beitraege-zur-hochschulforschung","37":"first","38":"instock","39":"shipping-taxable","40":"purchasable","41":"product-type-simple"},"acf":[],"yoast_head":"<!-- This site is optimized with the Yoast SEO plugin v27.1.1 - https:\/\/yoast.com\/product\/yoast-seo-wordpress\/ -->\n<title>Studium nach Bologna - Universit\u00e4tsverlag Potsdam<\/title>\n<meta name=\"robots\" content=\"index, follow, max-snippet:-1, max-image-preview:large, max-video-preview:-1\" \/>\n<link rel=\"canonical\" href=\"https:\/\/shop.verlag.uni-potsdam.de\/en\/shop\/studium-nach-bologna\/\" \/>\n<meta property=\"og:locale\" content=\"en_US\" \/>\n<meta property=\"og:type\" content=\"article\" \/>\n<meta property=\"og:title\" content=\"Studium nach Bologna - Universit\u00e4tsverlag Potsdam\" \/>\n<meta property=\"og:description\" content=\"Ziel des vorliegenden dritten Bandes der Potsdamer Beitr\u00e4ge zur Hochschulforschung ist es, ausgew\u00e4hlte Aspekte der Hochschuldebatte um Studium und Lehre zu beleuchten und mit empirischen Befunden zu vertiefen. Im \u00adFokus stehen solche aktuellen Debatten wie die Gestaltung des Studieneingangs, die Erh\u00f6hung der Besch\u00e4ftigungsbef\u00e4higung, die Qualit\u00e4t der Praktika sowie Probleme der Lehrerbildung. Dabei wird die Hochschuldebatte in Deutschland durch einschl\u00e4gige Beitr\u00e4ge aus anderen, west- und osteurop\u00e4ischen L\u00e4ndern erweitert. Die Reihe versteht sich als Forum verschiedener Akteure aus der Hochschulforschung, die die Diskussion zur Qualit\u00e4tsentwicklung in Lehre und Studium mit ihren Impulsen aus Analysen und empirischen Ergebnissen bereichern sollen. Der Band richtet sich an alle, die sich f\u00fcr die Entwicklung an Hochschulen interessieren.\" \/>\n<meta property=\"og:url\" content=\"https:\/\/shop.verlag.uni-potsdam.de\/en\/shop\/studium-nach-bologna\/\" \/>\n<meta property=\"og:site_name\" content=\"Universit\u00e4tsverlag Potsdam\" \/>\n<meta property=\"article:modified_time\" content=\"2026-03-23T10:55:17+00:00\" \/>\n<meta property=\"og:image\" content=\"https:\/\/shop.verlag.uni-potsdam.de\/wp-content\/uploads\/asolmerce\/image-978-3-86956-399-2.jpg\" \/>\n\t<meta property=\"og:image:width\" content=\"451\" \/>\n\t<meta property=\"og:image:height\" content=\"640\" \/>\n\t<meta property=\"og:image:type\" content=\"image\/jpeg\" \/>\n<meta name=\"twitter:card\" content=\"summary_large_image\" \/>\n<meta name=\"twitter:label1\" content=\"Est. reading time\" \/>\n\t<meta name=\"twitter:data1\" content=\"1 minute\" \/>\n<script type=\"application\/ld+json\" class=\"yoast-schema-graph\">{\"@context\":\"https:\/\/schema.org\",\"@graph\":[{\"@type\":\"WebPage\",\"@id\":\"https:\/\/shop.verlag.uni-potsdam.de\/en\/shop\/studium-nach-bologna\/\",\"url\":\"https:\/\/shop.verlag.uni-potsdam.de\/en\/shop\/studium-nach-bologna\/\",\"name\":\"Studium nach Bologna - Universit\u00e4tsverlag Potsdam\",\"isPartOf\":{\"@id\":\"https:\/\/shop.verlag.uni-potsdam.de\/en\/#website\"},\"primaryImageOfPage\":{\"@id\":\"https:\/\/shop.verlag.uni-potsdam.de\/en\/shop\/studium-nach-bologna\/#primaryimage\"},\"image\":{\"@id\":\"https:\/\/shop.verlag.uni-potsdam.de\/shop\/studium-nach-bologna\/#primaryimage\"},\"thumbnailUrl\":\"https:\/\/shop.verlag.uni-potsdam.de\/wp-content\/uploads\/asolmerce\/image-978-3-86956-399-2.jpg\",\"datePublished\":\"2026-03-23T08:54:17+00:00\",\"dateModified\":\"2026-03-23T10:55:17+00:00\",\"breadcrumb\":{\"@id\":\"https:\/\/shop.verlag.uni-potsdam.de\/en\/shop\/studium-nach-bologna\/#breadcrumb\"},\"inLanguage\":\"en-US\",\"potentialAction\":[{\"@type\":\"ReadAction\",\"target\":[[\"https:\/\/shop.verlag.uni-potsdam.de\/en\/shop\/studium-nach-bologna\/\"]]}]},{\"@type\":\"ImageObject\",\"inLanguage\":\"en-US\",\"@id\":\"https:\/\/shop.verlag.uni-potsdam.de\/en\/shop\/studium-nach-bologna\/#primaryimage\",\"url\":\"https:\/\/shop.verlag.uni-potsdam.de\/wp-content\/uploads\/asolmerce\/image-978-3-86956-399-2.jpg\",\"contentUrl\":\"https:\/\/shop.verlag.uni-potsdam.de\/wp-content\/uploads\/asolmerce\/image-978-3-86956-399-2.jpg\",\"width\":451,\"height\":640},{\"@type\":\"BreadcrumbList\",\"@id\":\"https:\/\/shop.verlag.uni-potsdam.de\/en\/shop\/studium-nach-bologna\/#breadcrumb\",\"itemListElement\":[{\"@type\":\"ListItem\",\"position\":1,\"name\":\"Startseite\",\"item\":\"https:\/\/shop.verlag.uni-potsdam.de\/en\/\"},{\"@type\":\"ListItem\",\"position\":2,\"name\":\"Shop\",\"item\":\"https:\/\/shop.verlag.uni-potsdam.de\/en\/shop\/\"},{\"@type\":\"ListItem\",\"position\":3,\"name\":\"Studium nach Bologna\"}]},{\"@type\":\"WebSite\",\"@id\":\"https:\/\/shop.verlag.uni-potsdam.de\/en\/#website\",\"url\":\"https:\/\/shop.verlag.uni-potsdam.de\/en\/\",\"name\":\"Universit\u00e4tsverlag Potsdam\",\"description\":\"\",\"publisher\":{\"@id\":\"https:\/\/shop.verlag.uni-potsdam.de\/en\/#organization\"},\"potentialAction\":[{\"@type\":\"SearchAction\",\"target\":{\"@type\":\"EntryPoint\",\"urlTemplate\":\"https:\/\/shop.verlag.uni-potsdam.de\/en\/?s={search_term_string}\"},\"query-input\":{\"@type\":\"PropertyValueSpecification\",\"valueRequired\":true,\"valueName\":\"search_term_string\"}}],\"inLanguage\":\"en-US\"},{\"@type\":\"Organization\",\"@id\":\"https:\/\/shop.verlag.uni-potsdam.de\/en\/#organization\",\"name\":\"Universit\u00e4tsverlag Potsdam\",\"url\":\"https:\/\/shop.verlag.uni-potsdam.de\/en\/\",\"logo\":{\"@type\":\"ImageObject\",\"inLanguage\":\"en-US\",\"@id\":\"https:\/\/shop.verlag.uni-potsdam.de\/en\/#\/schema\/logo\/image\/\",\"url\":\"https:\/\/shop.verlag.uni-potsdam.de\/wp-content\/uploads\/2017\/04\/up_logo_university_2.png\",\"contentUrl\":\"https:\/\/shop.verlag.uni-potsdam.de\/wp-content\/uploads\/2017\/04\/up_logo_university_2.png\",\"width\":160,\"height\":172,\"caption\":\"Universit\u00e4tsverlag Potsdam\"},\"image\":{\"@id\":\"https:\/\/shop.verlag.uni-potsdam.de\/en\/#\/schema\/logo\/image\/\"}}]}<\/script>\n<!-- \/ Yoast SEO plugin. -->","yoast_head_json":{"title":"Studium nach Bologna - Universit\u00e4tsverlag Potsdam","robots":{"index":"index","follow":"follow","max-snippet":"max-snippet:-1","max-image-preview":"max-image-preview:large","max-video-preview":"max-video-preview:-1"},"canonical":"https:\/\/shop.verlag.uni-potsdam.de\/en\/shop\/studium-nach-bologna\/","og_locale":"en_US","og_type":"article","og_title":"Studium nach Bologna - Universit\u00e4tsverlag Potsdam","og_description":"Ziel des vorliegenden dritten Bandes der Potsdamer Beitr\u00e4ge zur Hochschulforschung ist es, ausgew\u00e4hlte Aspekte der Hochschuldebatte um Studium und Lehre zu beleuchten und mit empirischen Befunden zu vertiefen. Im \u00adFokus stehen solche aktuellen Debatten wie die Gestaltung des Studieneingangs, die Erh\u00f6hung der Besch\u00e4ftigungsbef\u00e4higung, die Qualit\u00e4t der Praktika sowie Probleme der Lehrerbildung. Dabei wird die Hochschuldebatte in Deutschland durch einschl\u00e4gige Beitr\u00e4ge aus anderen, west- und osteurop\u00e4ischen L\u00e4ndern erweitert. Die Reihe versteht sich als Forum verschiedener Akteure aus der Hochschulforschung, die die Diskussion zur Qualit\u00e4tsentwicklung in Lehre und Studium mit ihren Impulsen aus Analysen und empirischen Ergebnissen bereichern sollen. Der Band richtet sich an alle, die sich f\u00fcr die Entwicklung an Hochschulen interessieren.","og_url":"https:\/\/shop.verlag.uni-potsdam.de\/en\/shop\/studium-nach-bologna\/","og_site_name":"Universit\u00e4tsverlag Potsdam","article_modified_time":"2026-03-23T10:55:17+00:00","og_image":[{"width":451,"height":640,"url":"https:\/\/shop.verlag.uni-potsdam.de\/wp-content\/uploads\/asolmerce\/image-978-3-86956-399-2.jpg","type":"image\/jpeg"}],"twitter_card":"summary_large_image","twitter_misc":{"Est. reading time":"1 minute"},"schema":{"@context":"https:\/\/schema.org","@graph":[{"@type":"WebPage","@id":"https:\/\/shop.verlag.uni-potsdam.de\/en\/shop\/studium-nach-bologna\/","url":"https:\/\/shop.verlag.uni-potsdam.de\/en\/shop\/studium-nach-bologna\/","name":"Studium nach Bologna - Universit\u00e4tsverlag Potsdam","isPartOf":{"@id":"https:\/\/shop.verlag.uni-potsdam.de\/en\/#website"},"primaryImageOfPage":{"@id":"https:\/\/shop.verlag.uni-potsdam.de\/en\/shop\/studium-nach-bologna\/#primaryimage"},"image":{"@id":"https:\/\/shop.verlag.uni-potsdam.de\/shop\/studium-nach-bologna\/#primaryimage"},"thumbnailUrl":"https:\/\/shop.verlag.uni-potsdam.de\/wp-content\/uploads\/asolmerce\/image-978-3-86956-399-2.jpg","datePublished":"2026-03-23T08:54:17+00:00","dateModified":"2026-03-23T10:55:17+00:00","breadcrumb":{"@id":"https:\/\/shop.verlag.uni-potsdam.de\/en\/shop\/studium-nach-bologna\/#breadcrumb"},"inLanguage":"en-US","potentialAction":[{"@type":"ReadAction","target":[["https:\/\/shop.verlag.uni-potsdam.de\/en\/shop\/studium-nach-bologna\/"]]}]},{"@type":"ImageObject","inLanguage":"en-US","@id":"https:\/\/shop.verlag.uni-potsdam.de\/en\/shop\/studium-nach-bologna\/#primaryimage","url":"https:\/\/shop.verlag.uni-potsdam.de\/wp-content\/uploads\/asolmerce\/image-978-3-86956-399-2.jpg","contentUrl":"https:\/\/shop.verlag.uni-potsdam.de\/wp-content\/uploads\/asolmerce\/image-978-3-86956-399-2.jpg","width":451,"height":640},{"@type":"BreadcrumbList","@id":"https:\/\/shop.verlag.uni-potsdam.de\/en\/shop\/studium-nach-bologna\/#breadcrumb","itemListElement":[{"@type":"ListItem","position":1,"name":"Startseite","item":"https:\/\/shop.verlag.uni-potsdam.de\/en\/"},{"@type":"ListItem","position":2,"name":"Shop","item":"https:\/\/shop.verlag.uni-potsdam.de\/en\/shop\/"},{"@type":"ListItem","position":3,"name":"Studium nach Bologna"}]},{"@type":"WebSite","@id":"https:\/\/shop.verlag.uni-potsdam.de\/en\/#website","url":"https:\/\/shop.verlag.uni-potsdam.de\/en\/","name":"Universit\u00e4tsverlag Potsdam","description":"","publisher":{"@id":"https:\/\/shop.verlag.uni-potsdam.de\/en\/#organization"},"potentialAction":[{"@type":"SearchAction","target":{"@type":"EntryPoint","urlTemplate":"https:\/\/shop.verlag.uni-potsdam.de\/en\/?s={search_term_string}"},"query-input":{"@type":"PropertyValueSpecification","valueRequired":true,"valueName":"search_term_string"}}],"inLanguage":"en-US"},{"@type":"Organization","@id":"https:\/\/shop.verlag.uni-potsdam.de\/en\/#organization","name":"Universit\u00e4tsverlag Potsdam","url":"https:\/\/shop.verlag.uni-potsdam.de\/en\/","logo":{"@type":"ImageObject","inLanguage":"en-US","@id":"https:\/\/shop.verlag.uni-potsdam.de\/en\/#\/schema\/logo\/image\/","url":"https:\/\/shop.verlag.uni-potsdam.de\/wp-content\/uploads\/2017\/04\/up_logo_university_2.png","contentUrl":"https:\/\/shop.verlag.uni-potsdam.de\/wp-content\/uploads\/2017\/04\/up_logo_university_2.png","width":160,"height":172,"caption":"Universit\u00e4tsverlag Potsdam"},"image":{"@id":"https:\/\/shop.verlag.uni-potsdam.de\/en\/#\/schema\/logo\/image\/"}}]}},"_links":{"self":[{"href":"https:\/\/shop.verlag.uni-potsdam.de\/en\/wp-json\/wp\/v2\/product\/53373","targetHints":{"allow":["GET"]}}],"collection":[{"href":"https:\/\/shop.verlag.uni-potsdam.de\/en\/wp-json\/wp\/v2\/product"}],"about":[{"href":"https:\/\/shop.verlag.uni-potsdam.de\/en\/wp-json\/wp\/v2\/types\/product"}],"wp:featuredmedia":[{"embeddable":true,"href":"https:\/\/shop.verlag.uni-potsdam.de\/en\/wp-json\/wp\/v2\/media\/54471"}],"wp:attachment":[{"href":"https:\/\/shop.verlag.uni-potsdam.de\/en\/wp-json\/wp\/v2\/media?parent=53373"}],"wp:term":[{"taxonomy":"product_brand","embeddable":true,"href":"https:\/\/shop.verlag.uni-potsdam.de\/en\/wp-json\/wp\/v2\/product_brand?post=53373"},{"taxonomy":"product_cat","embeddable":true,"href":"https:\/\/shop.verlag.uni-potsdam.de\/en\/wp-json\/wp\/v2\/product_cat?post=53373"},{"taxonomy":"product_tag","embeddable":true,"href":"https:\/\/shop.verlag.uni-potsdam.de\/en\/wp-json\/wp\/v2\/product_tag?post=53373"}],"curies":[{"name":"wp","href":"https:\/\/api.w.org\/{rel}","templated":true}]}}