{"id":53375,"date":"2026-03-23T08:54:21","date_gmt":"2026-03-23T08:54:21","guid":{"rendered":"http:\/\/shop.verlag.uni-potsdam.de\/produkt\/die-rolle-der-vereinten-nationen-in-der-multilateralen-entwicklungszusammenarbeit\/"},"modified":"2026-03-23T11:55:21","modified_gmt":"2026-03-23T10:55:21","slug":"die-rolle-der-vereinten-nationen-in-der-multilateralen-entwicklungszusammenarbeit","status":"publish","type":"product","link":"https:\/\/shop.verlag.uni-potsdam.de\/en\/shop\/die-rolle-der-vereinten-nationen-in-der-multilateralen-entwicklungszusammenarbeit\/","title":{"rendered":"Die Rolle der Vereinten Nationen in der multilateralen Entwicklungszusammenarbeit"},"content":{"rendered":"<p class=\"qtranxs-available-languages-message qtranxs-available-languages-message-en\">Sorry, this entry is only available in <a href=\"https:\/\/shop.verlag.uni-potsdam.de\/de\/wp-json\/wp\/v2\/product\/53375\" class=\"qtranxs-available-language-link qtranxs-available-language-link-de\" title=\"Deutsch\">Deutsch<\/a>.<\/p><p>Der Forschungskreis Vereinte Nationen veranstaltete am 25. Juni 2016 seine dreizehnte Konferenz in Kooperation mit dem \u201eForum internationale Ordnung\u201c des Ausw\u00e4rtigen Amtes. Die Potsdamer UNO-Konferenzen stellen in ihrem Programm traditionell eine Verbindung von Wissenschaft und Praxis her unter Beteiligung unterschiedlicher Disziplinen.<br \/>Die Konferenz 2016 widmete sich dem Thema \u201eDie Rolle der Vereinten Nationen in der multilateralen Entwicklungszusammenarbeit\u201c. <br \/>Entwicklung als wichtiges Ziel der Vereinten Nationen und ihrer Mitgliedstaaten ist auch f\u00fcr andere Handlungs- und Politikfelder wichtig. Bilanz und Ausblick, die auf der Konferenz unternommen wurden, betrafen deshalb nicht nur die Entwicklungspolitik im eigentlichen Sinne \u2013 hier standen die 2015 beschlossenen Nachhaltigkeitsziele (SDGs) zur Debatte \u2013, sondern bezogen auch umweltpolitische und menschenrechtliche Aspekte mit ein.<br \/>Die Referate zum Thema Entwicklung wurden eingerahmt von zwei Vortr\u00e4gen zu aktuellen UN-politischen Fragen: der Wahl des neuen Generalsekret\u00e4rs der Vereinten Nationen in New York nach einem reformierten Wahlverfahren, das mehr Transparenz und f\u00fcr UN-Mitgliedstaaten und NGOs mehr Beteiligungsm\u00f6glichkeiten bietet, und die Neuorganisation innerhalb des Ausw\u00e4rtigen Amtes, was die Vereinten Nationen betrifft.<\/p>","protected":false},"excerpt":{"rendered":"<p class=\"qtranxs-available-languages-message qtranxs-available-languages-message-en\">Sorry, this entry is only available in <a href=\"https:\/\/shop.verlag.uni-potsdam.de\/de\/wp-json\/wp\/v2\/product\/53375\" class=\"qtranxs-available-language-link qtranxs-available-language-link-de\" title=\"Deutsch\">Deutsch<\/a>.<\/p>\n<p>Der Forschungskreis Vereinte Nationen veranstaltete am 25. Juni 2016 seine dreizehnte Konferenz in Kooperation mit dem \u201eForum internationale Ordnung\u201c des Ausw\u00e4rtigen Amtes. Die Potsdamer UNO-Konferenzen stellen in ihrem Programm traditionell eine Verbindung von Wissenschaft und Praxis her unter Beteiligung unterschiedlicher Disziplinen.<br \/>Die Konferenz 2016 widmete sich dem Thema \u201eDie Rolle der Vereinten Nationen in der multilateralen Entwicklungszusammenarbeit\u201c. <br \/>Entwicklung als wichtiges Ziel der Vereinten Nationen und ihrer Mitgliedstaaten ist auch f\u00fcr andere Handlungs- und Politikfelder wichtig. Bilanz und Ausblick, die auf der Konferenz unternommen wurden, betrafen deshalb nicht nur die Entwicklungspolitik im eigentlichen Sinne \u2013 hier standen die 2015 beschlossenen Nachhaltigkeitsziele (SDGs) zur Debatte \u2013, sondern bezogen auch umweltpolitische und menschenrechtliche Aspekte mit ein.<br \/>Die Referate zum Thema Entwicklung wurden eingerahmt von zwei Vortr\u00e4gen zu aktuellen UN-politischen Fragen: der Wahl des neuen Generalsekret\u00e4rs der Vereinten Nationen in New York nach einem reformierten Wahlverfahren, das mehr Transparenz und f\u00fcr UN-Mitgliedstaaten und NGOs mehr Beteiligungsm\u00f6glichkeiten bietet, und die Neuorganisation innerhalb des Ausw\u00e4rtigen Amtes, was die Vereinten Nationen betrifft.<\/p>\n","protected":false},"featured_media":54242,"template":"","meta":{"_acf_changed":false},"product_brand":[],"product_cat":[6225],"product_tag":[5466],"class_list":{"0":"post-53375","1":"product","2":"type-product","3":"status-publish","4":"has-post-thumbnail","6":"product_cat-recht-web-kategorie","7":"product_tag-konferenz-vereinte-nationen-entwicklungspolitik","8":"autor-anja-papenfuss","9":"autor-juergen-maier","10":"autor-norman-weiss","11":"autor-thomas-fitschen","13":"first","14":"instock","15":"shipping-taxable","16":"purchasable","17":"product-type-simple"},"acf":[],"yoast_head":"<!-- This site is optimized with the Yoast SEO plugin v27.1.1 - https:\/\/yoast.com\/product\/yoast-seo-wordpress\/ -->\n<title>Die Rolle der Vereinten Nationen in der multilateralen Entwicklungszusammenarbeit - Universit\u00e4tsverlag Potsdam<\/title>\n<meta name=\"robots\" content=\"index, follow, max-snippet:-1, max-image-preview:large, max-video-preview:-1\" \/>\n<link rel=\"canonical\" href=\"https:\/\/shop.verlag.uni-potsdam.de\/en\/shop\/die-rolle-der-vereinten-nationen-in-der-multilateralen-entwicklungszusammenarbeit\/\" \/>\n<meta property=\"og:locale\" content=\"en_US\" \/>\n<meta property=\"og:type\" content=\"article\" \/>\n<meta property=\"og:title\" content=\"Die Rolle der Vereinten Nationen in der multilateralen Entwicklungszusammenarbeit - Universit\u00e4tsverlag Potsdam\" \/>\n<meta property=\"og:description\" content=\"Der Forschungskreis Vereinte Nationen veranstaltete am 25. Juni 2016 seine dreizehnte Konferenz in Kooperation mit dem \u201eForum internationale Ordnung\u201c des Ausw\u00e4rtigen Amtes. Die Potsdamer UNO-Konferenzen stellen in ihrem Programm traditionell eine Verbindung von Wissenschaft und Praxis her unter Beteiligung unterschiedlicher Disziplinen.Die Konferenz 2016 widmete sich dem Thema \u201eDie Rolle der Vereinten Nationen in der multilateralen Entwicklungszusammenarbeit\u201c. Entwicklung als wichtiges Ziel der Vereinten Nationen und ihrer Mitgliedstaaten ist auch f\u00fcr andere Handlungs- und Politikfelder wichtig. Bilanz und Ausblick, die auf der Konferenz unternommen wurden, betrafen deshalb nicht nur die Entwicklungspolitik im eigentlichen Sinne \u2013 hier standen die 2015 beschlossenen Nachhaltigkeitsziele (SDGs) zur Debatte \u2013, sondern bezogen auch umweltpolitische und menschenrechtliche Aspekte mit ein.Die Referate zum Thema Entwicklung wurden eingerahmt von zwei Vortr\u00e4gen zu aktuellen UN-politischen Fragen: der Wahl des neuen Generalsekret\u00e4rs der Vereinten Nationen in New York nach einem reformierten Wahlverfahren, das mehr Transparenz und f\u00fcr UN-Mitgliedstaaten und NGOs mehr Beteiligungsm\u00f6glichkeiten bietet, und die Neuorganisation innerhalb des Ausw\u00e4rtigen Amtes, was die Vereinten Nationen betrifft.\" \/>\n<meta property=\"og:url\" content=\"https:\/\/shop.verlag.uni-potsdam.de\/en\/shop\/die-rolle-der-vereinten-nationen-in-der-multilateralen-entwicklungszusammenarbeit\/\" \/>\n<meta property=\"og:site_name\" content=\"Universit\u00e4tsverlag Potsdam\" \/>\n<meta property=\"article:modified_time\" content=\"2026-03-23T10:55:21+00:00\" \/>\n<meta property=\"og:image\" content=\"https:\/\/shop.verlag.uni-potsdam.de\/wp-content\/uploads\/asolmerce\/image-978-3-86956-402-9.jpg\" \/>\n\t<meta property=\"og:image:width\" content=\"451\" \/>\n\t<meta property=\"og:image:height\" content=\"640\" \/>\n\t<meta property=\"og:image:type\" content=\"image\/jpeg\" \/>\n<meta name=\"twitter:card\" content=\"summary_large_image\" \/>\n<meta name=\"twitter:label1\" content=\"Est. reading time\" \/>\n\t<meta name=\"twitter:data1\" content=\"1 minute\" \/>\n<script type=\"application\/ld+json\" class=\"yoast-schema-graph\">{\"@context\":\"https:\/\/schema.org\",\"@graph\":[{\"@type\":\"WebPage\",\"@id\":\"https:\/\/shop.verlag.uni-potsdam.de\/en\/shop\/die-rolle-der-vereinten-nationen-in-der-multilateralen-entwicklungszusammenarbeit\/\",\"url\":\"https:\/\/shop.verlag.uni-potsdam.de\/en\/shop\/die-rolle-der-vereinten-nationen-in-der-multilateralen-entwicklungszusammenarbeit\/\",\"name\":\"Die Rolle der Vereinten Nationen in der multilateralen Entwicklungszusammenarbeit - Universit\u00e4tsverlag Potsdam\",\"isPartOf\":{\"@id\":\"https:\/\/shop.verlag.uni-potsdam.de\/en\/#website\"},\"primaryImageOfPage\":{\"@id\":\"https:\/\/shop.verlag.uni-potsdam.de\/en\/shop\/die-rolle-der-vereinten-nationen-in-der-multilateralen-entwicklungszusammenarbeit\/#primaryimage\"},\"image\":{\"@id\":\"https:\/\/shop.verlag.uni-potsdam.de\/shop\/die-rolle-der-vereinten-nationen-in-der-multilateralen-entwicklungszusammenarbeit\/#primaryimage\"},\"thumbnailUrl\":\"https:\/\/shop.verlag.uni-potsdam.de\/wp-content\/uploads\/asolmerce\/image-978-3-86956-402-9.jpg\",\"datePublished\":\"2026-03-23T08:54:21+00:00\",\"dateModified\":\"2026-03-23T10:55:21+00:00\",\"breadcrumb\":{\"@id\":\"https:\/\/shop.verlag.uni-potsdam.de\/en\/shop\/die-rolle-der-vereinten-nationen-in-der-multilateralen-entwicklungszusammenarbeit\/#breadcrumb\"},\"inLanguage\":\"en-US\",\"potentialAction\":[{\"@type\":\"ReadAction\",\"target\":[[\"https:\/\/shop.verlag.uni-potsdam.de\/en\/shop\/die-rolle-der-vereinten-nationen-in-der-multilateralen-entwicklungszusammenarbeit\/\"]]}]},{\"@type\":\"ImageObject\",\"inLanguage\":\"en-US\",\"@id\":\"https:\/\/shop.verlag.uni-potsdam.de\/en\/shop\/die-rolle-der-vereinten-nationen-in-der-multilateralen-entwicklungszusammenarbeit\/#primaryimage\",\"url\":\"https:\/\/shop.verlag.uni-potsdam.de\/wp-content\/uploads\/asolmerce\/image-978-3-86956-402-9.jpg\",\"contentUrl\":\"https:\/\/shop.verlag.uni-potsdam.de\/wp-content\/uploads\/asolmerce\/image-978-3-86956-402-9.jpg\",\"width\":451,\"height\":640},{\"@type\":\"BreadcrumbList\",\"@id\":\"https:\/\/shop.verlag.uni-potsdam.de\/en\/shop\/die-rolle-der-vereinten-nationen-in-der-multilateralen-entwicklungszusammenarbeit\/#breadcrumb\",\"itemListElement\":[{\"@type\":\"ListItem\",\"position\":1,\"name\":\"Startseite\",\"item\":\"https:\/\/shop.verlag.uni-potsdam.de\/en\/\"},{\"@type\":\"ListItem\",\"position\":2,\"name\":\"Shop\",\"item\":\"https:\/\/shop.verlag.uni-potsdam.de\/en\/shop\/\"},{\"@type\":\"ListItem\",\"position\":3,\"name\":\"Die Rolle der Vereinten Nationen in der multilateralen Entwicklungszusammenarbeit\"}]},{\"@type\":\"WebSite\",\"@id\":\"https:\/\/shop.verlag.uni-potsdam.de\/en\/#website\",\"url\":\"https:\/\/shop.verlag.uni-potsdam.de\/en\/\",\"name\":\"Universit\u00e4tsverlag Potsdam\",\"description\":\"\",\"publisher\":{\"@id\":\"https:\/\/shop.verlag.uni-potsdam.de\/en\/#organization\"},\"potentialAction\":[{\"@type\":\"SearchAction\",\"target\":{\"@type\":\"EntryPoint\",\"urlTemplate\":\"https:\/\/shop.verlag.uni-potsdam.de\/en\/?s={search_term_string}\"},\"query-input\":{\"@type\":\"PropertyValueSpecification\",\"valueRequired\":true,\"valueName\":\"search_term_string\"}}],\"inLanguage\":\"en-US\"},{\"@type\":\"Organization\",\"@id\":\"https:\/\/shop.verlag.uni-potsdam.de\/en\/#organization\",\"name\":\"Universit\u00e4tsverlag Potsdam\",\"url\":\"https:\/\/shop.verlag.uni-potsdam.de\/en\/\",\"logo\":{\"@type\":\"ImageObject\",\"inLanguage\":\"en-US\",\"@id\":\"https:\/\/shop.verlag.uni-potsdam.de\/en\/#\/schema\/logo\/image\/\",\"url\":\"https:\/\/shop.verlag.uni-potsdam.de\/wp-content\/uploads\/2017\/04\/up_logo_university_2.png\",\"contentUrl\":\"https:\/\/shop.verlag.uni-potsdam.de\/wp-content\/uploads\/2017\/04\/up_logo_university_2.png\",\"width\":160,\"height\":172,\"caption\":\"Universit\u00e4tsverlag Potsdam\"},\"image\":{\"@id\":\"https:\/\/shop.verlag.uni-potsdam.de\/en\/#\/schema\/logo\/image\/\"}}]}<\/script>\n<!-- \/ Yoast SEO plugin. -->","yoast_head_json":{"title":"Die Rolle der Vereinten Nationen in der multilateralen Entwicklungszusammenarbeit - Universit\u00e4tsverlag Potsdam","robots":{"index":"index","follow":"follow","max-snippet":"max-snippet:-1","max-image-preview":"max-image-preview:large","max-video-preview":"max-video-preview:-1"},"canonical":"https:\/\/shop.verlag.uni-potsdam.de\/en\/shop\/die-rolle-der-vereinten-nationen-in-der-multilateralen-entwicklungszusammenarbeit\/","og_locale":"en_US","og_type":"article","og_title":"Die Rolle der Vereinten Nationen in der multilateralen Entwicklungszusammenarbeit - Universit\u00e4tsverlag Potsdam","og_description":"Der Forschungskreis Vereinte Nationen veranstaltete am 25. Juni 2016 seine dreizehnte Konferenz in Kooperation mit dem \u201eForum internationale Ordnung\u201c des Ausw\u00e4rtigen Amtes. Die Potsdamer UNO-Konferenzen stellen in ihrem Programm traditionell eine Verbindung von Wissenschaft und Praxis her unter Beteiligung unterschiedlicher Disziplinen.Die Konferenz 2016 widmete sich dem Thema \u201eDie Rolle der Vereinten Nationen in der multilateralen Entwicklungszusammenarbeit\u201c. Entwicklung als wichtiges Ziel der Vereinten Nationen und ihrer Mitgliedstaaten ist auch f\u00fcr andere Handlungs- und Politikfelder wichtig. Bilanz und Ausblick, die auf der Konferenz unternommen wurden, betrafen deshalb nicht nur die Entwicklungspolitik im eigentlichen Sinne \u2013 hier standen die 2015 beschlossenen Nachhaltigkeitsziele (SDGs) zur Debatte \u2013, sondern bezogen auch umweltpolitische und menschenrechtliche Aspekte mit ein.Die Referate zum Thema Entwicklung wurden eingerahmt von zwei Vortr\u00e4gen zu aktuellen UN-politischen Fragen: der Wahl des neuen Generalsekret\u00e4rs der Vereinten Nationen in New York nach einem reformierten Wahlverfahren, das mehr Transparenz und f\u00fcr UN-Mitgliedstaaten und NGOs mehr Beteiligungsm\u00f6glichkeiten bietet, und die Neuorganisation innerhalb des Ausw\u00e4rtigen Amtes, was die Vereinten Nationen betrifft.","og_url":"https:\/\/shop.verlag.uni-potsdam.de\/en\/shop\/die-rolle-der-vereinten-nationen-in-der-multilateralen-entwicklungszusammenarbeit\/","og_site_name":"Universit\u00e4tsverlag Potsdam","article_modified_time":"2026-03-23T10:55:21+00:00","og_image":[{"width":451,"height":640,"url":"https:\/\/shop.verlag.uni-potsdam.de\/wp-content\/uploads\/asolmerce\/image-978-3-86956-402-9.jpg","type":"image\/jpeg"}],"twitter_card":"summary_large_image","twitter_misc":{"Est. reading time":"1 minute"},"schema":{"@context":"https:\/\/schema.org","@graph":[{"@type":"WebPage","@id":"https:\/\/shop.verlag.uni-potsdam.de\/en\/shop\/die-rolle-der-vereinten-nationen-in-der-multilateralen-entwicklungszusammenarbeit\/","url":"https:\/\/shop.verlag.uni-potsdam.de\/en\/shop\/die-rolle-der-vereinten-nationen-in-der-multilateralen-entwicklungszusammenarbeit\/","name":"Die Rolle der Vereinten Nationen in der multilateralen Entwicklungszusammenarbeit - Universit\u00e4tsverlag Potsdam","isPartOf":{"@id":"https:\/\/shop.verlag.uni-potsdam.de\/en\/#website"},"primaryImageOfPage":{"@id":"https:\/\/shop.verlag.uni-potsdam.de\/en\/shop\/die-rolle-der-vereinten-nationen-in-der-multilateralen-entwicklungszusammenarbeit\/#primaryimage"},"image":{"@id":"https:\/\/shop.verlag.uni-potsdam.de\/shop\/die-rolle-der-vereinten-nationen-in-der-multilateralen-entwicklungszusammenarbeit\/#primaryimage"},"thumbnailUrl":"https:\/\/shop.verlag.uni-potsdam.de\/wp-content\/uploads\/asolmerce\/image-978-3-86956-402-9.jpg","datePublished":"2026-03-23T08:54:21+00:00","dateModified":"2026-03-23T10:55:21+00:00","breadcrumb":{"@id":"https:\/\/shop.verlag.uni-potsdam.de\/en\/shop\/die-rolle-der-vereinten-nationen-in-der-multilateralen-entwicklungszusammenarbeit\/#breadcrumb"},"inLanguage":"en-US","potentialAction":[{"@type":"ReadAction","target":[["https:\/\/shop.verlag.uni-potsdam.de\/en\/shop\/die-rolle-der-vereinten-nationen-in-der-multilateralen-entwicklungszusammenarbeit\/"]]}]},{"@type":"ImageObject","inLanguage":"en-US","@id":"https:\/\/shop.verlag.uni-potsdam.de\/en\/shop\/die-rolle-der-vereinten-nationen-in-der-multilateralen-entwicklungszusammenarbeit\/#primaryimage","url":"https:\/\/shop.verlag.uni-potsdam.de\/wp-content\/uploads\/asolmerce\/image-978-3-86956-402-9.jpg","contentUrl":"https:\/\/shop.verlag.uni-potsdam.de\/wp-content\/uploads\/asolmerce\/image-978-3-86956-402-9.jpg","width":451,"height":640},{"@type":"BreadcrumbList","@id":"https:\/\/shop.verlag.uni-potsdam.de\/en\/shop\/die-rolle-der-vereinten-nationen-in-der-multilateralen-entwicklungszusammenarbeit\/#breadcrumb","itemListElement":[{"@type":"ListItem","position":1,"name":"Startseite","item":"https:\/\/shop.verlag.uni-potsdam.de\/en\/"},{"@type":"ListItem","position":2,"name":"Shop","item":"https:\/\/shop.verlag.uni-potsdam.de\/en\/shop\/"},{"@type":"ListItem","position":3,"name":"Die Rolle der Vereinten Nationen in der multilateralen Entwicklungszusammenarbeit"}]},{"@type":"WebSite","@id":"https:\/\/shop.verlag.uni-potsdam.de\/en\/#website","url":"https:\/\/shop.verlag.uni-potsdam.de\/en\/","name":"Universit\u00e4tsverlag Potsdam","description":"","publisher":{"@id":"https:\/\/shop.verlag.uni-potsdam.de\/en\/#organization"},"potentialAction":[{"@type":"SearchAction","target":{"@type":"EntryPoint","urlTemplate":"https:\/\/shop.verlag.uni-potsdam.de\/en\/?s={search_term_string}"},"query-input":{"@type":"PropertyValueSpecification","valueRequired":true,"valueName":"search_term_string"}}],"inLanguage":"en-US"},{"@type":"Organization","@id":"https:\/\/shop.verlag.uni-potsdam.de\/en\/#organization","name":"Universit\u00e4tsverlag Potsdam","url":"https:\/\/shop.verlag.uni-potsdam.de\/en\/","logo":{"@type":"ImageObject","inLanguage":"en-US","@id":"https:\/\/shop.verlag.uni-potsdam.de\/en\/#\/schema\/logo\/image\/","url":"https:\/\/shop.verlag.uni-potsdam.de\/wp-content\/uploads\/2017\/04\/up_logo_university_2.png","contentUrl":"https:\/\/shop.verlag.uni-potsdam.de\/wp-content\/uploads\/2017\/04\/up_logo_university_2.png","width":160,"height":172,"caption":"Universit\u00e4tsverlag Potsdam"},"image":{"@id":"https:\/\/shop.verlag.uni-potsdam.de\/en\/#\/schema\/logo\/image\/"}}]}},"_links":{"self":[{"href":"https:\/\/shop.verlag.uni-potsdam.de\/en\/wp-json\/wp\/v2\/product\/53375","targetHints":{"allow":["GET"]}}],"collection":[{"href":"https:\/\/shop.verlag.uni-potsdam.de\/en\/wp-json\/wp\/v2\/product"}],"about":[{"href":"https:\/\/shop.verlag.uni-potsdam.de\/en\/wp-json\/wp\/v2\/types\/product"}],"wp:featuredmedia":[{"embeddable":true,"href":"https:\/\/shop.verlag.uni-potsdam.de\/en\/wp-json\/wp\/v2\/media\/54242"}],"wp:attachment":[{"href":"https:\/\/shop.verlag.uni-potsdam.de\/en\/wp-json\/wp\/v2\/media?parent=53375"}],"wp:term":[{"taxonomy":"product_brand","embeddable":true,"href":"https:\/\/shop.verlag.uni-potsdam.de\/en\/wp-json\/wp\/v2\/product_brand?post=53375"},{"taxonomy":"product_cat","embeddable":true,"href":"https:\/\/shop.verlag.uni-potsdam.de\/en\/wp-json\/wp\/v2\/product_cat?post=53375"},{"taxonomy":"product_tag","embeddable":true,"href":"https:\/\/shop.verlag.uni-potsdam.de\/en\/wp-json\/wp\/v2\/product_tag?post=53375"}],"curies":[{"name":"wp","href":"https:\/\/api.w.org\/{rel}","templated":true}]}}