{"id":53377,"date":"2026-03-23T08:54:21","date_gmt":"2026-03-23T08:54:21","guid":{"rendered":"http:\/\/shop.verlag.uni-potsdam.de\/produkt\/technologietransfer-und-spillovereffekte-auslaendischer-tochterunternehmen-in-entwicklungs-und-schwellenlaendern\/"},"modified":"2026-03-23T11:55:21","modified_gmt":"2026-03-23T10:55:21","slug":"technologietransfer-und-spillovereffekte-auslaendischer-tochterunternehmen-in-entwicklungs-und-schwellenlaendern","status":"publish","type":"product","link":"https:\/\/shop.verlag.uni-potsdam.de\/en\/shop\/technologietransfer-und-spillovereffekte-auslaendischer-tochterunternehmen-in-entwicklungs-und-schwellenlaendern\/","title":{"rendered":"Technologietransfer und Spillovereffekte ausl\u00e4ndischer Tochterunternehmen in Entwicklungs- und Schwellenl\u00e4ndern"},"content":{"rendered":"<p>Foreign direct investments (FDI) can have a very important function to accelerate the industrialization process of developing countries and transition economies. On the one hand they can cause an increase of industrial output and on the other, can transfer technology knowledge through FDI. Thus, host countries can profit from new technical knowledge through spillover effects and technology transfers from foreign affiliates. This thesis can give answers to the following questions: What are the mechanisms that trigger spillover effects and technology transfers? How can developing countries and transition economies use this knowledge to accelerate their industrialization process? To answer these questions, a conceptual guideline for the promotion of spillover effects has been developed. Furthermore a theoretical model has been created, which analyses the technology transfer from foreign export platform depending on the fraction of intermediate products sourced in the host country. The case studies of Ireland and Malaysia are used to illustrate the results of the theoretical model and conceptual guidelines.<\/p>","protected":false},"excerpt":{"rendered":"<p>Foreign direct investments (FDI) can have a very important function to accelerate the industrialization process of developing countries and transition economies. On the one hand they can cause an increase of industrial output and on the other, can transfer technology knowledge through FDI. Thus, host countries can profit from new technical knowledge through spillover effects and technology transfers from foreign affiliates. This thesis can give answers to the following questions: What are the mechanisms that trigger spillover effects and technology transfers? How can developing countries and transition economies use this knowledge to accelerate their industrialization process? To answer these questions, a conceptual guideline for the promotion of spillover effects has been developed. Furthermore a theoretical model has been created, which analyses the technology transfer from foreign export platform depending on the fraction of intermediate products sourced in the host country. The case studies of Ireland and Malaysia are used to illustrate the results of the theoretical model and conceptual guidelines.<\/p>\n","protected":false},"featured_media":54268,"template":"","meta":{"_acf_changed":false},"product_brand":[],"product_cat":[6232],"product_tag":[5606],"class_list":{"0":"post-53377","1":"product","2":"type-product","3":"status-publish","4":"has-post-thumbnail","6":"product_cat-wirtschaft-web-kategorie","7":"product_tag-exportplattformen-spillovereffekte-technologietransfer-auslaendische-direktinvestitionen-export-platform-foreign-direct-investment-spillover-effects-technology-transfer","8":"autor-christoph-schmierer","10":"first","11":"instock","12":"shipping-taxable","13":"purchasable","14":"product-type-simple"},"acf":[],"yoast_head":"<!-- This site is optimized with the Yoast SEO plugin v27.1.1 - https:\/\/yoast.com\/product\/yoast-seo-wordpress\/ -->\n<title>Technologietransfer und Spillovereffekte ausl\u00e4ndischer Tochterunternehmen in Entwicklungs- und Schwellenl\u00e4ndern - Universit\u00e4tsverlag Potsdam<\/title>\n<meta name=\"robots\" content=\"index, follow, max-snippet:-1, max-image-preview:large, max-video-preview:-1\" \/>\n<link rel=\"canonical\" href=\"https:\/\/shop.verlag.uni-potsdam.de\/en\/shop\/technologietransfer-und-spillovereffekte-auslaendischer-tochterunternehmen-in-entwicklungs-und-schwellenlaendern\/\" \/>\n<meta property=\"og:locale\" content=\"en_US\" \/>\n<meta property=\"og:type\" content=\"article\" \/>\n<meta property=\"og:title\" content=\"Technologietransfer und Spillovereffekte ausl\u00e4ndischer Tochterunternehmen in Entwicklungs- und Schwellenl\u00e4ndern - Universit\u00e4tsverlag Potsdam\" \/>\n<meta property=\"og:description\" content=\"Foreign direct investments (FDI) can have a very important function to accelerate the industrialization process of developing countries and transition economies. On the one hand they can cause an increase of industrial output and on the other, can transfer technology knowledge through FDI. Thus, host countries can profit from new technical knowledge through spillover effects and technology transfers from foreign affiliates. This thesis can give answers to the following questions: What are the mechanisms that trigger spillover effects and technology transfers? How can developing countries and transition economies use this knowledge to accelerate their industrialization process? To answer these questions, a conceptual guideline for the promotion of spillover effects has been developed. Furthermore a theoretical model has been created, which analyses the technology transfer from foreign export platform depending on the fraction of intermediate products sourced in the host country. The case studies of Ireland and Malaysia are used to illustrate the results of the theoretical model and conceptual guidelines.\" \/>\n<meta property=\"og:url\" content=\"https:\/\/shop.verlag.uni-potsdam.de\/en\/shop\/technologietransfer-und-spillovereffekte-auslaendischer-tochterunternehmen-in-entwicklungs-und-schwellenlaendern\/\" \/>\n<meta property=\"og:site_name\" content=\"Universit\u00e4tsverlag Potsdam\" \/>\n<meta property=\"article:modified_time\" content=\"2026-03-23T10:55:21+00:00\" \/>\n<meta property=\"og:image\" content=\"https:\/\/shop.verlag.uni-potsdam.de\/wp-content\/uploads\/asolmerce\/image-978-3-86956-398-5.jpg\" \/>\n\t<meta property=\"og:image:width\" content=\"454\" \/>\n\t<meta property=\"og:image:height\" content=\"640\" \/>\n\t<meta property=\"og:image:type\" content=\"image\/jpeg\" \/>\n<meta name=\"twitter:card\" content=\"summary_large_image\" \/>\n<meta name=\"twitter:label1\" content=\"Est. reading time\" \/>\n\t<meta name=\"twitter:data1\" content=\"2 minutes\" \/>\n<script type=\"application\/ld+json\" class=\"yoast-schema-graph\">{\"@context\":\"https:\/\/schema.org\",\"@graph\":[{\"@type\":\"WebPage\",\"@id\":\"https:\/\/shop.verlag.uni-potsdam.de\/en\/shop\/technologietransfer-und-spillovereffekte-auslaendischer-tochterunternehmen-in-entwicklungs-und-schwellenlaendern\/\",\"url\":\"https:\/\/shop.verlag.uni-potsdam.de\/en\/shop\/technologietransfer-und-spillovereffekte-auslaendischer-tochterunternehmen-in-entwicklungs-und-schwellenlaendern\/\",\"name\":\"Technologietransfer und Spillovereffekte ausl\u00e4ndischer Tochterunternehmen in Entwicklungs- und Schwellenl\u00e4ndern - Universit\u00e4tsverlag Potsdam\",\"isPartOf\":{\"@id\":\"https:\/\/shop.verlag.uni-potsdam.de\/en\/#website\"},\"primaryImageOfPage\":{\"@id\":\"https:\/\/shop.verlag.uni-potsdam.de\/en\/shop\/technologietransfer-und-spillovereffekte-auslaendischer-tochterunternehmen-in-entwicklungs-und-schwellenlaendern\/#primaryimage\"},\"image\":{\"@id\":\"https:\/\/shop.verlag.uni-potsdam.de\/shop\/technologietransfer-und-spillovereffekte-auslaendischer-tochterunternehmen-in-entwicklungs-und-schwellenlaendern\/#primaryimage\"},\"thumbnailUrl\":\"https:\/\/shop.verlag.uni-potsdam.de\/wp-content\/uploads\/asolmerce\/image-978-3-86956-398-5.jpg\",\"datePublished\":\"2026-03-23T08:54:21+00:00\",\"dateModified\":\"2026-03-23T10:55:21+00:00\",\"breadcrumb\":{\"@id\":\"https:\/\/shop.verlag.uni-potsdam.de\/en\/shop\/technologietransfer-und-spillovereffekte-auslaendischer-tochterunternehmen-in-entwicklungs-und-schwellenlaendern\/#breadcrumb\"},\"inLanguage\":\"en-US\",\"potentialAction\":[{\"@type\":\"ReadAction\",\"target\":[[\"https:\/\/shop.verlag.uni-potsdam.de\/en\/shop\/technologietransfer-und-spillovereffekte-auslaendischer-tochterunternehmen-in-entwicklungs-und-schwellenlaendern\/\"]]}]},{\"@type\":\"ImageObject\",\"inLanguage\":\"en-US\",\"@id\":\"https:\/\/shop.verlag.uni-potsdam.de\/en\/shop\/technologietransfer-und-spillovereffekte-auslaendischer-tochterunternehmen-in-entwicklungs-und-schwellenlaendern\/#primaryimage\",\"url\":\"https:\/\/shop.verlag.uni-potsdam.de\/wp-content\/uploads\/asolmerce\/image-978-3-86956-398-5.jpg\",\"contentUrl\":\"https:\/\/shop.verlag.uni-potsdam.de\/wp-content\/uploads\/asolmerce\/image-978-3-86956-398-5.jpg\",\"width\":454,\"height\":640},{\"@type\":\"BreadcrumbList\",\"@id\":\"https:\/\/shop.verlag.uni-potsdam.de\/en\/shop\/technologietransfer-und-spillovereffekte-auslaendischer-tochterunternehmen-in-entwicklungs-und-schwellenlaendern\/#breadcrumb\",\"itemListElement\":[{\"@type\":\"ListItem\",\"position\":1,\"name\":\"Startseite\",\"item\":\"https:\/\/shop.verlag.uni-potsdam.de\/en\/\"},{\"@type\":\"ListItem\",\"position\":2,\"name\":\"Shop\",\"item\":\"https:\/\/shop.verlag.uni-potsdam.de\/en\/shop\/\"},{\"@type\":\"ListItem\",\"position\":3,\"name\":\"Technologietransfer und Spillovereffekte ausl\u00e4ndischer Tochterunternehmen in Entwicklungs- und Schwellenl\u00e4ndern\"}]},{\"@type\":\"WebSite\",\"@id\":\"https:\/\/shop.verlag.uni-potsdam.de\/en\/#website\",\"url\":\"https:\/\/shop.verlag.uni-potsdam.de\/en\/\",\"name\":\"Universit\u00e4tsverlag Potsdam\",\"description\":\"\",\"publisher\":{\"@id\":\"https:\/\/shop.verlag.uni-potsdam.de\/en\/#organization\"},\"potentialAction\":[{\"@type\":\"SearchAction\",\"target\":{\"@type\":\"EntryPoint\",\"urlTemplate\":\"https:\/\/shop.verlag.uni-potsdam.de\/en\/?s={search_term_string}\"},\"query-input\":{\"@type\":\"PropertyValueSpecification\",\"valueRequired\":true,\"valueName\":\"search_term_string\"}}],\"inLanguage\":\"en-US\"},{\"@type\":\"Organization\",\"@id\":\"https:\/\/shop.verlag.uni-potsdam.de\/en\/#organization\",\"name\":\"Universit\u00e4tsverlag Potsdam\",\"url\":\"https:\/\/shop.verlag.uni-potsdam.de\/en\/\",\"logo\":{\"@type\":\"ImageObject\",\"inLanguage\":\"en-US\",\"@id\":\"https:\/\/shop.verlag.uni-potsdam.de\/en\/#\/schema\/logo\/image\/\",\"url\":\"https:\/\/shop.verlag.uni-potsdam.de\/wp-content\/uploads\/2017\/04\/up_logo_university_2.png\",\"contentUrl\":\"https:\/\/shop.verlag.uni-potsdam.de\/wp-content\/uploads\/2017\/04\/up_logo_university_2.png\",\"width\":160,\"height\":172,\"caption\":\"Universit\u00e4tsverlag Potsdam\"},\"image\":{\"@id\":\"https:\/\/shop.verlag.uni-potsdam.de\/en\/#\/schema\/logo\/image\/\"}}]}<\/script>\n<!-- \/ Yoast SEO plugin. -->","yoast_head_json":{"title":"Technologietransfer und Spillovereffekte ausl\u00e4ndischer Tochterunternehmen in Entwicklungs- und Schwellenl\u00e4ndern - Universit\u00e4tsverlag Potsdam","robots":{"index":"index","follow":"follow","max-snippet":"max-snippet:-1","max-image-preview":"max-image-preview:large","max-video-preview":"max-video-preview:-1"},"canonical":"https:\/\/shop.verlag.uni-potsdam.de\/en\/shop\/technologietransfer-und-spillovereffekte-auslaendischer-tochterunternehmen-in-entwicklungs-und-schwellenlaendern\/","og_locale":"en_US","og_type":"article","og_title":"Technologietransfer und Spillovereffekte ausl\u00e4ndischer Tochterunternehmen in Entwicklungs- und Schwellenl\u00e4ndern - Universit\u00e4tsverlag Potsdam","og_description":"Foreign direct investments (FDI) can have a very important function to accelerate the industrialization process of developing countries and transition economies. On the one hand they can cause an increase of industrial output and on the other, can transfer technology knowledge through FDI. Thus, host countries can profit from new technical knowledge through spillover effects and technology transfers from foreign affiliates. This thesis can give answers to the following questions: What are the mechanisms that trigger spillover effects and technology transfers? How can developing countries and transition economies use this knowledge to accelerate their industrialization process? To answer these questions, a conceptual guideline for the promotion of spillover effects has been developed. Furthermore a theoretical model has been created, which analyses the technology transfer from foreign export platform depending on the fraction of intermediate products sourced in the host country. The case studies of Ireland and Malaysia are used to illustrate the results of the theoretical model and conceptual guidelines.","og_url":"https:\/\/shop.verlag.uni-potsdam.de\/en\/shop\/technologietransfer-und-spillovereffekte-auslaendischer-tochterunternehmen-in-entwicklungs-und-schwellenlaendern\/","og_site_name":"Universit\u00e4tsverlag Potsdam","article_modified_time":"2026-03-23T10:55:21+00:00","og_image":[{"width":454,"height":640,"url":"https:\/\/shop.verlag.uni-potsdam.de\/wp-content\/uploads\/asolmerce\/image-978-3-86956-398-5.jpg","type":"image\/jpeg"}],"twitter_card":"summary_large_image","twitter_misc":{"Est. reading time":"2 minutes"},"schema":{"@context":"https:\/\/schema.org","@graph":[{"@type":"WebPage","@id":"https:\/\/shop.verlag.uni-potsdam.de\/en\/shop\/technologietransfer-und-spillovereffekte-auslaendischer-tochterunternehmen-in-entwicklungs-und-schwellenlaendern\/","url":"https:\/\/shop.verlag.uni-potsdam.de\/en\/shop\/technologietransfer-und-spillovereffekte-auslaendischer-tochterunternehmen-in-entwicklungs-und-schwellenlaendern\/","name":"Technologietransfer und Spillovereffekte ausl\u00e4ndischer Tochterunternehmen in Entwicklungs- und Schwellenl\u00e4ndern - Universit\u00e4tsverlag Potsdam","isPartOf":{"@id":"https:\/\/shop.verlag.uni-potsdam.de\/en\/#website"},"primaryImageOfPage":{"@id":"https:\/\/shop.verlag.uni-potsdam.de\/en\/shop\/technologietransfer-und-spillovereffekte-auslaendischer-tochterunternehmen-in-entwicklungs-und-schwellenlaendern\/#primaryimage"},"image":{"@id":"https:\/\/shop.verlag.uni-potsdam.de\/shop\/technologietransfer-und-spillovereffekte-auslaendischer-tochterunternehmen-in-entwicklungs-und-schwellenlaendern\/#primaryimage"},"thumbnailUrl":"https:\/\/shop.verlag.uni-potsdam.de\/wp-content\/uploads\/asolmerce\/image-978-3-86956-398-5.jpg","datePublished":"2026-03-23T08:54:21+00:00","dateModified":"2026-03-23T10:55:21+00:00","breadcrumb":{"@id":"https:\/\/shop.verlag.uni-potsdam.de\/en\/shop\/technologietransfer-und-spillovereffekte-auslaendischer-tochterunternehmen-in-entwicklungs-und-schwellenlaendern\/#breadcrumb"},"inLanguage":"en-US","potentialAction":[{"@type":"ReadAction","target":[["https:\/\/shop.verlag.uni-potsdam.de\/en\/shop\/technologietransfer-und-spillovereffekte-auslaendischer-tochterunternehmen-in-entwicklungs-und-schwellenlaendern\/"]]}]},{"@type":"ImageObject","inLanguage":"en-US","@id":"https:\/\/shop.verlag.uni-potsdam.de\/en\/shop\/technologietransfer-und-spillovereffekte-auslaendischer-tochterunternehmen-in-entwicklungs-und-schwellenlaendern\/#primaryimage","url":"https:\/\/shop.verlag.uni-potsdam.de\/wp-content\/uploads\/asolmerce\/image-978-3-86956-398-5.jpg","contentUrl":"https:\/\/shop.verlag.uni-potsdam.de\/wp-content\/uploads\/asolmerce\/image-978-3-86956-398-5.jpg","width":454,"height":640},{"@type":"BreadcrumbList","@id":"https:\/\/shop.verlag.uni-potsdam.de\/en\/shop\/technologietransfer-und-spillovereffekte-auslaendischer-tochterunternehmen-in-entwicklungs-und-schwellenlaendern\/#breadcrumb","itemListElement":[{"@type":"ListItem","position":1,"name":"Startseite","item":"https:\/\/shop.verlag.uni-potsdam.de\/en\/"},{"@type":"ListItem","position":2,"name":"Shop","item":"https:\/\/shop.verlag.uni-potsdam.de\/en\/shop\/"},{"@type":"ListItem","position":3,"name":"Technologietransfer und Spillovereffekte ausl\u00e4ndischer Tochterunternehmen in Entwicklungs- und Schwellenl\u00e4ndern"}]},{"@type":"WebSite","@id":"https:\/\/shop.verlag.uni-potsdam.de\/en\/#website","url":"https:\/\/shop.verlag.uni-potsdam.de\/en\/","name":"Universit\u00e4tsverlag Potsdam","description":"","publisher":{"@id":"https:\/\/shop.verlag.uni-potsdam.de\/en\/#organization"},"potentialAction":[{"@type":"SearchAction","target":{"@type":"EntryPoint","urlTemplate":"https:\/\/shop.verlag.uni-potsdam.de\/en\/?s={search_term_string}"},"query-input":{"@type":"PropertyValueSpecification","valueRequired":true,"valueName":"search_term_string"}}],"inLanguage":"en-US"},{"@type":"Organization","@id":"https:\/\/shop.verlag.uni-potsdam.de\/en\/#organization","name":"Universit\u00e4tsverlag Potsdam","url":"https:\/\/shop.verlag.uni-potsdam.de\/en\/","logo":{"@type":"ImageObject","inLanguage":"en-US","@id":"https:\/\/shop.verlag.uni-potsdam.de\/en\/#\/schema\/logo\/image\/","url":"https:\/\/shop.verlag.uni-potsdam.de\/wp-content\/uploads\/2017\/04\/up_logo_university_2.png","contentUrl":"https:\/\/shop.verlag.uni-potsdam.de\/wp-content\/uploads\/2017\/04\/up_logo_university_2.png","width":160,"height":172,"caption":"Universit\u00e4tsverlag Potsdam"},"image":{"@id":"https:\/\/shop.verlag.uni-potsdam.de\/en\/#\/schema\/logo\/image\/"}}]}},"_links":{"self":[{"href":"https:\/\/shop.verlag.uni-potsdam.de\/en\/wp-json\/wp\/v2\/product\/53377","targetHints":{"allow":["GET"]}}],"collection":[{"href":"https:\/\/shop.verlag.uni-potsdam.de\/en\/wp-json\/wp\/v2\/product"}],"about":[{"href":"https:\/\/shop.verlag.uni-potsdam.de\/en\/wp-json\/wp\/v2\/types\/product"}],"wp:featuredmedia":[{"embeddable":true,"href":"https:\/\/shop.verlag.uni-potsdam.de\/en\/wp-json\/wp\/v2\/media\/54268"}],"wp:attachment":[{"href":"https:\/\/shop.verlag.uni-potsdam.de\/en\/wp-json\/wp\/v2\/media?parent=53377"}],"wp:term":[{"taxonomy":"product_brand","embeddable":true,"href":"https:\/\/shop.verlag.uni-potsdam.de\/en\/wp-json\/wp\/v2\/product_brand?post=53377"},{"taxonomy":"product_cat","embeddable":true,"href":"https:\/\/shop.verlag.uni-potsdam.de\/en\/wp-json\/wp\/v2\/product_cat?post=53377"},{"taxonomy":"product_tag","embeddable":true,"href":"https:\/\/shop.verlag.uni-potsdam.de\/en\/wp-json\/wp\/v2\/product_tag?post=53377"}],"curies":[{"name":"wp","href":"https:\/\/api.w.org\/{rel}","templated":true}]}}