{"id":53382,"date":"2026-03-23T08:54:22","date_gmt":"2026-03-23T08:54:22","guid":{"rendered":"http:\/\/shop.verlag.uni-potsdam.de\/produkt\/musikarbeit-im-kontext-von-inklusion-und-integration\/"},"modified":"2026-03-23T11:55:22","modified_gmt":"2026-03-23T10:55:22","slug":"musikarbeit-im-kontext-von-inklusion-und-integration","status":"publish","type":"product","link":"https:\/\/shop.verlag.uni-potsdam.de\/en\/shop\/musikarbeit-im-kontext-von-inklusion-und-integration\/","title":{"rendered":"Musikarbeit im Kontext von Inklusion und Integration"},"content":{"rendered":"<p class=\"qtranxs-available-languages-message qtranxs-available-languages-message-en\">Sorry, this entry is only available in <a href=\"https:\/\/shop.verlag.uni-potsdam.de\/de\/wp-json\/wp\/v2\/product\/53382\" class=\"qtranxs-available-language-link qtranxs-available-language-link-de\" title=\"Deutsch\">Deutsch<\/a>.<\/p><p><\/p>\n<div>Die zweiteilige Publikation \u201eMusikarbeit im Kontext von Inklusion und Integration\u201c der Potsdamer Schriftenreihe zur Musikp\u00e4dagogik beinhaltet Ertr\u00e4ge aus Veranstaltungen und Qualifikationsarbeiten mehrerer Jahre, die am Lehrstuhl f\u00fcr Musikp\u00e4dagogik und Musikdidaktik der Universit\u00e4t Potsdam entstanden sind. Beide B\u00e4nde enthalten neben theoretischen Beitr\u00e4gen auch Beitr\u00e4ge aus Praxis und Ausbildung in verschiedenen Berufsfeldern, die das besondere Potenzial musikalischer Bet\u00e4tigung f\u00fcr Inklusion und Integration anhand von best-practise-Beispielen darstellen und sind somit als umfassendes Studienmaterial konzipiert.<\/div>\n<div>Der erste Band legt den Schwerpunkt auf die Dokumentation der am Lehrstuhl f\u00fcr Musikp\u00e4dagogik und Musikdidaktik durchgef\u00fchrten internationalen Fachtagung \u201eMusik in sozialen Feldern und Inklusionskontexten\u201c sowie auf Qualifikationsarbeiten, die im Anschluss an die Tagung entstanden sind.<\/div>\n<div>Die Ver\u00f6ffentlichung der vorliegenden Arbeits- und Forschungsergebnisse wurde durch die Unterst\u00fctzung des Ministeriums f\u00fcr Arbeit, Soziales, Gesundheit, Frauen und Familie des Landes Brandenburg und der Integrationsbeauftragten sowie durch die Universit\u00e4tsgesellschaft Potsdam e.\u202fV. erm\u00f6glicht.<\/div>\n<div><\/div>\n<p><\/p>","protected":false},"excerpt":{"rendered":"<p class=\"qtranxs-available-languages-message qtranxs-available-languages-message-en\">Sorry, this entry is only available in <a href=\"https:\/\/shop.verlag.uni-potsdam.de\/de\/wp-json\/wp\/v2\/product\/53382\" class=\"qtranxs-available-language-link qtranxs-available-language-link-de\" title=\"Deutsch\">Deutsch<\/a>.<\/p>\n<div>Die zweiteilige Publikation \u201eMusikarbeit im Kontext von Inklusion und Integration\u201c der Potsdamer Schriftenreihe zur Musikp\u00e4dagogik beinhaltet Ertr\u00e4ge aus Veranstaltungen und Qualifikationsarbeiten mehrerer Jahre, die am Lehrstuhl f\u00fcr Musikp\u00e4dagogik und Musikdidaktik der Universit\u00e4t Potsdam entstanden sind. Beide B\u00e4nde enthalten neben theoretischen Beitr\u00e4gen auch Beitr\u00e4ge aus Praxis und Ausbildung in verschiedenen Berufsfeldern, die das besondere Potenzial musikalischer Bet\u00e4tigung f\u00fcr Inklusion und Integration anhand von best-practise-Beispielen darstellen und sind somit als umfassendes Studienmaterial konzipiert.<\/div>\n<div>Der erste Band legt den Schwerpunkt auf die Dokumentation der am Lehrstuhl f\u00fcr Musikp\u00e4dagogik und Musikdidaktik durchgef\u00fchrten internationalen Fachtagung \u201eMusik in sozialen Feldern und Inklusionskontexten\u201c sowie auf Qualifikationsarbeiten, die im Anschluss an die Tagung entstanden sind.<\/div>\n<div>Die Ver\u00f6ffentlichung der vorliegenden Arbeits- und Forschungsergebnisse wurde durch die Unterst\u00fctzung des Ministeriums f\u00fcr Arbeit, Soziales, Gesundheit, Frauen und Familie des Landes Brandenburg und der Integrationsbeauftragten sowie durch die Universit\u00e4tsgesellschaft Potsdam e.\u202fV. erm\u00f6glicht.<\/div>\n<div><\/div>\n","protected":false},"featured_media":54274,"template":"","meta":{"_acf_changed":false},"product_brand":[],"product_cat":[6218,6220],"product_tag":[5505],"class_list":{"0":"post-53382","1":"product","2":"type-product","3":"status-publish","4":"has-post-thumbnail","6":"product_cat-musik-web-kategorie","7":"product_cat-paedagogik-web-kategorie","8":"product_tag-musikpaedagogik-musikdidaktik-inklusion-best-practise-fachtagung","9":"autor-anja-bossen","10":"autor-bianca-taenzer","11":"autor-birgit-jank","12":"autor-birk-budweis","13":"autor-carolin-ferchow","14":"autor-christiane-gerischer","15":"autor-christin-tellisch","16":"autor-jessica-platz","17":"autor-kathrin-peschel","18":"autor-tina-hoeft","20":"first","21":"instock","22":"shipping-taxable","23":"purchasable","24":"product-type-simple"},"acf":[],"yoast_head":"<!-- This site is optimized with the Yoast SEO plugin v27.1.1 - https:\/\/yoast.com\/product\/yoast-seo-wordpress\/ -->\n<title>Musikarbeit im Kontext von Inklusion und Integration - Universit\u00e4tsverlag Potsdam<\/title>\n<meta name=\"robots\" content=\"index, follow, max-snippet:-1, max-image-preview:large, max-video-preview:-1\" \/>\n<link rel=\"canonical\" href=\"https:\/\/shop.verlag.uni-potsdam.de\/en\/shop\/musikarbeit-im-kontext-von-inklusion-und-integration\/\" \/>\n<meta property=\"og:locale\" content=\"en_US\" \/>\n<meta property=\"og:type\" content=\"article\" \/>\n<meta property=\"og:title\" content=\"Musikarbeit im Kontext von Inklusion und Integration - Universit\u00e4tsverlag Potsdam\" \/>\n<meta property=\"og:description\" content=\"Die zweiteilige Publikation \u201eMusikarbeit im Kontext von Inklusion und Integration\u201c der Potsdamer Schriftenreihe zur Musikp\u00e4dagogik beinhaltet Ertr\u00e4ge aus Veranstaltungen und Qualifikationsarbeiten mehrerer Jahre, die am Lehrstuhl f\u00fcr Musikp\u00e4dagogik und Musikdidaktik der Universit\u00e4t Potsdam entstanden sind. Beide B\u00e4nde enthalten neben theoretischen Beitr\u00e4gen auch Beitr\u00e4ge aus Praxis und Ausbildung in verschiedenen Berufsfeldern, die das besondere Potenzial musikalischer Bet\u00e4tigung f\u00fcr Inklusion und Integration anhand von best-practise-Beispielen darstellen und sind somit als umfassendes Studienmaterial konzipiert.Der erste Band legt den Schwerpunkt auf die Dokumentation der am Lehrstuhl f\u00fcr Musikp\u00e4dagogik und Musikdidaktik durchgef\u00fchrten internationalen Fachtagung \u201eMusik in sozialen Feldern und Inklusionskontexten\u201c sowie auf Qualifikationsarbeiten, die im Anschluss an die Tagung entstanden sind.Die Ver\u00f6ffentlichung der vorliegenden Arbeits- und Forschungsergebnisse wurde durch die Unterst\u00fctzung des Ministeriums f\u00fcr Arbeit, Soziales, Gesundheit, Frauen und Familie des Landes Brandenburg und der Integrationsbeauftragten sowie durch die Universit\u00e4tsgesellschaft Potsdam e.\u202fV. erm\u00f6glicht.\" \/>\n<meta property=\"og:url\" content=\"https:\/\/shop.verlag.uni-potsdam.de\/en\/shop\/musikarbeit-im-kontext-von-inklusion-und-integration\/\" \/>\n<meta property=\"og:site_name\" content=\"Universit\u00e4tsverlag Potsdam\" \/>\n<meta property=\"article:modified_time\" content=\"2026-03-23T10:55:22+00:00\" \/>\n<meta property=\"og:image\" content=\"https:\/\/shop.verlag.uni-potsdam.de\/wp-content\/uploads\/asolmerce\/image-978-3-86956-411-1.jpg\" \/>\n\t<meta property=\"og:image:width\" content=\"451\" \/>\n\t<meta property=\"og:image:height\" content=\"640\" \/>\n\t<meta property=\"og:image:type\" content=\"image\/jpeg\" \/>\n<meta name=\"twitter:card\" content=\"summary_large_image\" \/>\n<meta name=\"twitter:label1\" content=\"Est. reading time\" \/>\n\t<meta name=\"twitter:data1\" content=\"1 minute\" \/>\n<script type=\"application\/ld+json\" class=\"yoast-schema-graph\">{\"@context\":\"https:\/\/schema.org\",\"@graph\":[{\"@type\":\"WebPage\",\"@id\":\"https:\/\/shop.verlag.uni-potsdam.de\/en\/shop\/musikarbeit-im-kontext-von-inklusion-und-integration\/\",\"url\":\"https:\/\/shop.verlag.uni-potsdam.de\/en\/shop\/musikarbeit-im-kontext-von-inklusion-und-integration\/\",\"name\":\"Musikarbeit im Kontext von Inklusion und Integration - Universit\u00e4tsverlag Potsdam\",\"isPartOf\":{\"@id\":\"https:\/\/shop.verlag.uni-potsdam.de\/en\/#website\"},\"primaryImageOfPage\":{\"@id\":\"https:\/\/shop.verlag.uni-potsdam.de\/en\/shop\/musikarbeit-im-kontext-von-inklusion-und-integration\/#primaryimage\"},\"image\":{\"@id\":\"https:\/\/shop.verlag.uni-potsdam.de\/shop\/musikarbeit-im-kontext-von-inklusion-und-integration\/#primaryimage\"},\"thumbnailUrl\":\"https:\/\/shop.verlag.uni-potsdam.de\/wp-content\/uploads\/asolmerce\/image-978-3-86956-411-1.jpg\",\"datePublished\":\"2026-03-23T08:54:22+00:00\",\"dateModified\":\"2026-03-23T10:55:22+00:00\",\"breadcrumb\":{\"@id\":\"https:\/\/shop.verlag.uni-potsdam.de\/en\/shop\/musikarbeit-im-kontext-von-inklusion-und-integration\/#breadcrumb\"},\"inLanguage\":\"en-US\",\"potentialAction\":[{\"@type\":\"ReadAction\",\"target\":[[\"https:\/\/shop.verlag.uni-potsdam.de\/en\/shop\/musikarbeit-im-kontext-von-inklusion-und-integration\/\"]]}]},{\"@type\":\"ImageObject\",\"inLanguage\":\"en-US\",\"@id\":\"https:\/\/shop.verlag.uni-potsdam.de\/en\/shop\/musikarbeit-im-kontext-von-inklusion-und-integration\/#primaryimage\",\"url\":\"https:\/\/shop.verlag.uni-potsdam.de\/wp-content\/uploads\/asolmerce\/image-978-3-86956-411-1.jpg\",\"contentUrl\":\"https:\/\/shop.verlag.uni-potsdam.de\/wp-content\/uploads\/asolmerce\/image-978-3-86956-411-1.jpg\",\"width\":451,\"height\":640},{\"@type\":\"BreadcrumbList\",\"@id\":\"https:\/\/shop.verlag.uni-potsdam.de\/en\/shop\/musikarbeit-im-kontext-von-inklusion-und-integration\/#breadcrumb\",\"itemListElement\":[{\"@type\":\"ListItem\",\"position\":1,\"name\":\"Startseite\",\"item\":\"https:\/\/shop.verlag.uni-potsdam.de\/en\/\"},{\"@type\":\"ListItem\",\"position\":2,\"name\":\"Shop\",\"item\":\"https:\/\/shop.verlag.uni-potsdam.de\/en\/shop\/\"},{\"@type\":\"ListItem\",\"position\":3,\"name\":\"Musikarbeit im Kontext von Inklusion und Integration\"}]},{\"@type\":\"WebSite\",\"@id\":\"https:\/\/shop.verlag.uni-potsdam.de\/en\/#website\",\"url\":\"https:\/\/shop.verlag.uni-potsdam.de\/en\/\",\"name\":\"Universit\u00e4tsverlag Potsdam\",\"description\":\"\",\"publisher\":{\"@id\":\"https:\/\/shop.verlag.uni-potsdam.de\/en\/#organization\"},\"potentialAction\":[{\"@type\":\"SearchAction\",\"target\":{\"@type\":\"EntryPoint\",\"urlTemplate\":\"https:\/\/shop.verlag.uni-potsdam.de\/en\/?s={search_term_string}\"},\"query-input\":{\"@type\":\"PropertyValueSpecification\",\"valueRequired\":true,\"valueName\":\"search_term_string\"}}],\"inLanguage\":\"en-US\"},{\"@type\":\"Organization\",\"@id\":\"https:\/\/shop.verlag.uni-potsdam.de\/en\/#organization\",\"name\":\"Universit\u00e4tsverlag Potsdam\",\"url\":\"https:\/\/shop.verlag.uni-potsdam.de\/en\/\",\"logo\":{\"@type\":\"ImageObject\",\"inLanguage\":\"en-US\",\"@id\":\"https:\/\/shop.verlag.uni-potsdam.de\/en\/#\/schema\/logo\/image\/\",\"url\":\"https:\/\/shop.verlag.uni-potsdam.de\/wp-content\/uploads\/2017\/04\/up_logo_university_2.png\",\"contentUrl\":\"https:\/\/shop.verlag.uni-potsdam.de\/wp-content\/uploads\/2017\/04\/up_logo_university_2.png\",\"width\":160,\"height\":172,\"caption\":\"Universit\u00e4tsverlag Potsdam\"},\"image\":{\"@id\":\"https:\/\/shop.verlag.uni-potsdam.de\/en\/#\/schema\/logo\/image\/\"}}]}<\/script>\n<!-- \/ Yoast SEO plugin. -->","yoast_head_json":{"title":"Musikarbeit im Kontext von Inklusion und Integration - Universit\u00e4tsverlag Potsdam","robots":{"index":"index","follow":"follow","max-snippet":"max-snippet:-1","max-image-preview":"max-image-preview:large","max-video-preview":"max-video-preview:-1"},"canonical":"https:\/\/shop.verlag.uni-potsdam.de\/en\/shop\/musikarbeit-im-kontext-von-inklusion-und-integration\/","og_locale":"en_US","og_type":"article","og_title":"Musikarbeit im Kontext von Inklusion und Integration - Universit\u00e4tsverlag Potsdam","og_description":"Die zweiteilige Publikation \u201eMusikarbeit im Kontext von Inklusion und Integration\u201c der Potsdamer Schriftenreihe zur Musikp\u00e4dagogik beinhaltet Ertr\u00e4ge aus Veranstaltungen und Qualifikationsarbeiten mehrerer Jahre, die am Lehrstuhl f\u00fcr Musikp\u00e4dagogik und Musikdidaktik der Universit\u00e4t Potsdam entstanden sind. Beide B\u00e4nde enthalten neben theoretischen Beitr\u00e4gen auch Beitr\u00e4ge aus Praxis und Ausbildung in verschiedenen Berufsfeldern, die das besondere Potenzial musikalischer Bet\u00e4tigung f\u00fcr Inklusion und Integration anhand von best-practise-Beispielen darstellen und sind somit als umfassendes Studienmaterial konzipiert.Der erste Band legt den Schwerpunkt auf die Dokumentation der am Lehrstuhl f\u00fcr Musikp\u00e4dagogik und Musikdidaktik durchgef\u00fchrten internationalen Fachtagung \u201eMusik in sozialen Feldern und Inklusionskontexten\u201c sowie auf Qualifikationsarbeiten, die im Anschluss an die Tagung entstanden sind.Die Ver\u00f6ffentlichung der vorliegenden Arbeits- und Forschungsergebnisse wurde durch die Unterst\u00fctzung des Ministeriums f\u00fcr Arbeit, Soziales, Gesundheit, Frauen und Familie des Landes Brandenburg und der Integrationsbeauftragten sowie durch die Universit\u00e4tsgesellschaft Potsdam e.\u202fV. erm\u00f6glicht.","og_url":"https:\/\/shop.verlag.uni-potsdam.de\/en\/shop\/musikarbeit-im-kontext-von-inklusion-und-integration\/","og_site_name":"Universit\u00e4tsverlag Potsdam","article_modified_time":"2026-03-23T10:55:22+00:00","og_image":[{"width":451,"height":640,"url":"https:\/\/shop.verlag.uni-potsdam.de\/wp-content\/uploads\/asolmerce\/image-978-3-86956-411-1.jpg","type":"image\/jpeg"}],"twitter_card":"summary_large_image","twitter_misc":{"Est. reading time":"1 minute"},"schema":{"@context":"https:\/\/schema.org","@graph":[{"@type":"WebPage","@id":"https:\/\/shop.verlag.uni-potsdam.de\/en\/shop\/musikarbeit-im-kontext-von-inklusion-und-integration\/","url":"https:\/\/shop.verlag.uni-potsdam.de\/en\/shop\/musikarbeit-im-kontext-von-inklusion-und-integration\/","name":"Musikarbeit im Kontext von Inklusion und Integration - Universit\u00e4tsverlag Potsdam","isPartOf":{"@id":"https:\/\/shop.verlag.uni-potsdam.de\/en\/#website"},"primaryImageOfPage":{"@id":"https:\/\/shop.verlag.uni-potsdam.de\/en\/shop\/musikarbeit-im-kontext-von-inklusion-und-integration\/#primaryimage"},"image":{"@id":"https:\/\/shop.verlag.uni-potsdam.de\/shop\/musikarbeit-im-kontext-von-inklusion-und-integration\/#primaryimage"},"thumbnailUrl":"https:\/\/shop.verlag.uni-potsdam.de\/wp-content\/uploads\/asolmerce\/image-978-3-86956-411-1.jpg","datePublished":"2026-03-23T08:54:22+00:00","dateModified":"2026-03-23T10:55:22+00:00","breadcrumb":{"@id":"https:\/\/shop.verlag.uni-potsdam.de\/en\/shop\/musikarbeit-im-kontext-von-inklusion-und-integration\/#breadcrumb"},"inLanguage":"en-US","potentialAction":[{"@type":"ReadAction","target":[["https:\/\/shop.verlag.uni-potsdam.de\/en\/shop\/musikarbeit-im-kontext-von-inklusion-und-integration\/"]]}]},{"@type":"ImageObject","inLanguage":"en-US","@id":"https:\/\/shop.verlag.uni-potsdam.de\/en\/shop\/musikarbeit-im-kontext-von-inklusion-und-integration\/#primaryimage","url":"https:\/\/shop.verlag.uni-potsdam.de\/wp-content\/uploads\/asolmerce\/image-978-3-86956-411-1.jpg","contentUrl":"https:\/\/shop.verlag.uni-potsdam.de\/wp-content\/uploads\/asolmerce\/image-978-3-86956-411-1.jpg","width":451,"height":640},{"@type":"BreadcrumbList","@id":"https:\/\/shop.verlag.uni-potsdam.de\/en\/shop\/musikarbeit-im-kontext-von-inklusion-und-integration\/#breadcrumb","itemListElement":[{"@type":"ListItem","position":1,"name":"Startseite","item":"https:\/\/shop.verlag.uni-potsdam.de\/en\/"},{"@type":"ListItem","position":2,"name":"Shop","item":"https:\/\/shop.verlag.uni-potsdam.de\/en\/shop\/"},{"@type":"ListItem","position":3,"name":"Musikarbeit im Kontext von Inklusion und Integration"}]},{"@type":"WebSite","@id":"https:\/\/shop.verlag.uni-potsdam.de\/en\/#website","url":"https:\/\/shop.verlag.uni-potsdam.de\/en\/","name":"Universit\u00e4tsverlag Potsdam","description":"","publisher":{"@id":"https:\/\/shop.verlag.uni-potsdam.de\/en\/#organization"},"potentialAction":[{"@type":"SearchAction","target":{"@type":"EntryPoint","urlTemplate":"https:\/\/shop.verlag.uni-potsdam.de\/en\/?s={search_term_string}"},"query-input":{"@type":"PropertyValueSpecification","valueRequired":true,"valueName":"search_term_string"}}],"inLanguage":"en-US"},{"@type":"Organization","@id":"https:\/\/shop.verlag.uni-potsdam.de\/en\/#organization","name":"Universit\u00e4tsverlag Potsdam","url":"https:\/\/shop.verlag.uni-potsdam.de\/en\/","logo":{"@type":"ImageObject","inLanguage":"en-US","@id":"https:\/\/shop.verlag.uni-potsdam.de\/en\/#\/schema\/logo\/image\/","url":"https:\/\/shop.verlag.uni-potsdam.de\/wp-content\/uploads\/2017\/04\/up_logo_university_2.png","contentUrl":"https:\/\/shop.verlag.uni-potsdam.de\/wp-content\/uploads\/2017\/04\/up_logo_university_2.png","width":160,"height":172,"caption":"Universit\u00e4tsverlag Potsdam"},"image":{"@id":"https:\/\/shop.verlag.uni-potsdam.de\/en\/#\/schema\/logo\/image\/"}}]}},"_links":{"self":[{"href":"https:\/\/shop.verlag.uni-potsdam.de\/en\/wp-json\/wp\/v2\/product\/53382","targetHints":{"allow":["GET"]}}],"collection":[{"href":"https:\/\/shop.verlag.uni-potsdam.de\/en\/wp-json\/wp\/v2\/product"}],"about":[{"href":"https:\/\/shop.verlag.uni-potsdam.de\/en\/wp-json\/wp\/v2\/types\/product"}],"wp:featuredmedia":[{"embeddable":true,"href":"https:\/\/shop.verlag.uni-potsdam.de\/en\/wp-json\/wp\/v2\/media\/54274"}],"wp:attachment":[{"href":"https:\/\/shop.verlag.uni-potsdam.de\/en\/wp-json\/wp\/v2\/media?parent=53382"}],"wp:term":[{"taxonomy":"product_brand","embeddable":true,"href":"https:\/\/shop.verlag.uni-potsdam.de\/en\/wp-json\/wp\/v2\/product_brand?post=53382"},{"taxonomy":"product_cat","embeddable":true,"href":"https:\/\/shop.verlag.uni-potsdam.de\/en\/wp-json\/wp\/v2\/product_cat?post=53382"},{"taxonomy":"product_tag","embeddable":true,"href":"https:\/\/shop.verlag.uni-potsdam.de\/en\/wp-json\/wp\/v2\/product_tag?post=53382"}],"curies":[{"name":"wp","href":"https:\/\/api.w.org\/{rel}","templated":true}]}}