{"id":54249,"date":"2026-03-31T10:16:10","date_gmt":"2026-03-31T10:16:10","guid":{"rendered":"https:\/\/shop.verlag.uni-potsdam.de\/shop\/hin-humboldt-im-netz-34-2017\/"},"modified":"2026-03-31T14:17:10","modified_gmt":"2026-03-31T12:17:10","slug":"alexander-von-humboldt-im-netz-18-2017-34","status":"publish","type":"product","link":"https:\/\/shop.verlag.uni-potsdam.de\/en\/shop\/alexander-von-humboldt-im-netz-18-2017-34\/","title":{"rendered":"Alexander von Humboldt im Netz ; 18 (2017) 34"},"content":{"rendered":"<p class=\"qtranxs-available-languages-message qtranxs-available-languages-message-en\">Sorry, this entry is only available in <a href=\"https:\/\/shop.verlag.uni-potsdam.de\/de\/wp-json\/wp\/v2\/product\/54249\" class=\"qtranxs-available-language-link qtranxs-available-language-link-de\" title=\"Deutsch\">Deutsch<\/a>.<\/p><p><\/p>\n<div>Inhalt:<\/div>\n<div><\/div>\n<ul>\n<li><i>Tobias Kraft:<\/i> Die Berliner Edition Humboldt digital<\/li>\n<li><i>Izabela Drozdowska-Broering:<\/i> Alexander von Humboldt und die polnische Wissenschafts- und Kulturwelt<\/li>\n<li><i>Ulrike Leitner:<\/i> Sobre r\u00edos y canales : Aspectos geogr\u00e1ficos y cartogr\u00e1ficos en el legado de Humboldt<\/li>\n<li><i>Aniela Maria Mikolajczyk<\/i>: Alexander von Humboldts Manuskript Isle de Cube : Antilles en g\u00e9n\u00e9ral in der Biblioteka Jagiello\u0144ska als Vorstufe des Essai politique sur l\u2018 \u00eele de Cuba<\/li>\n<li><i>Ulrich P\u00e4\u00dfler:<\/i> A Political Economy of Nature. Alexander von Humboldt\u2019s Essay On the Fluctuations in the Supplies of Gold<\/li>\n<li><i>Ingo Schwarz:<\/i> &#8220;Any American will always be welcome to the study of Alexander von Humboldt\u201c : Ein Besucher aus den Vereinigten Staaten von Amerika bei Alexander von Humboldt 1836<\/li>\n<li><i>Hartmut Walravens: <\/i>Zu den von Alexander von Humboldt aus Russland mitgebrachten B\u00fcchern<\/li>\n<li><i>Petra Werner:<\/i> Franz Julius Ferdinand Meyen: gef\u00f6rdert und fr\u00fchvollendet. Zwischen Poesie und totem Zoo<\/li>\n<li><i>Ingo Schwarz:<\/i> Nachtrag zu HiN XVII, 33 (2016)<\/li>\n<li><i>Ingo Schwarz:<\/i> Bernd K\u00f6lbel: Geologe und Alexander-von-Humboldt-Forscher (1941\u20132016)<\/li>\n<\/ul>\n<p><\/p>","protected":false},"excerpt":{"rendered":"<p class=\"qtranxs-available-languages-message qtranxs-available-languages-message-en\">Sorry, this entry is only available in <a href=\"https:\/\/shop.verlag.uni-potsdam.de\/de\/wp-json\/wp\/v2\/product\/54249\" class=\"qtranxs-available-language-link qtranxs-available-language-link-de\" title=\"Deutsch\">Deutsch<\/a>.<\/p>\n<div>Inhalt:<\/div>\n<div><\/div>\n<ul>\n<li><i>Tobias Kraft:<\/i> Die Berliner Edition Humboldt digital<\/li>\n<li><i>Izabela Drozdowska-Broering:<\/i> Alexander von Humboldt und die polnische Wissenschafts- und Kulturwelt<\/li>\n<li><i>Ulrike Leitner:<\/i> Sobre r\u00edos y canales : Aspectos geogr\u00e1ficos y cartogr\u00e1ficos en el legado de Humboldt<\/li>\n<li><i>Aniela Maria Mikolajczyk<\/i>: Alexander von Humboldts Manuskript Isle de Cube : Antilles en g\u00e9n\u00e9ral in der Biblioteka Jagiello\u0144ska als Vorstufe des Essai politique sur l\u2018 \u00eele de Cuba<\/li>\n<li><i>Ulrich P\u00e4\u00dfler:<\/i> A Political Economy of Nature. Alexander von Humboldt\u2019s Essay On the Fluctuations in the Supplies of Gold<\/li>\n<li><i>Ingo Schwarz:<\/i> &#8220;Any American will always be welcome to the study of Alexander von Humboldt\u201c : Ein Besucher aus den Vereinigten Staaten von Amerika bei Alexander von Humboldt 1836<\/li>\n<li><i>Hartmut Walravens: <\/i>Zu den von Alexander von Humboldt aus Russland mitgebrachten B\u00fcchern<\/li>\n<li><i>Petra Werner:<\/i> Franz Julius Ferdinand Meyen: gef\u00f6rdert und fr\u00fchvollendet. Zwischen Poesie und totem Zoo<\/li>\n<li><i>Ingo Schwarz:<\/i> Nachtrag zu HiN XVII, 33 (2016)<\/li>\n<li><i>Ingo Schwarz:<\/i> Bernd K\u00f6lbel: Geologe und Alexander-von-Humboldt-Forscher (1941\u20132016)<\/li>\n<\/ul>\n","protected":false},"featured_media":55154,"template":"","meta":{"_acf_changed":false},"product_brand":[],"product_cat":[6209,6207,6219],"product_tag":[],"class_list":{"0":"post-54249","1":"product","2":"type-product","3":"status-publish","4":"has-post-thumbnail","6":"product_cat-geowissenschaften-web-kategorie","7":"product_cat-geschichte-web-kategorie","8":"product_cat-naturwissenschaften-allgemein-web-kategorie","9":"autor-aniela-maria-mikolajczyk","10":"autor-eberhard-knobloch","11":"autor-hartmut-walravens","12":"autor-ingo-schwarz","13":"autor-izabela-drozdowska-broering","14":"autor-ottmar-ette","15":"autor-petra-gentz-werner","16":"autor-tobias-kraft","17":"autor-ulrich-paessler","18":"autor-ulrike-leitner","19":"zeitschriften-hin-alexander-von-humboldt-im-netz","21":"first","22":"instock","23":"shipping-taxable","24":"purchasable","25":"product-type-simple"},"acf":[],"yoast_head":"<!-- This site is optimized with the Yoast SEO plugin v27.1.1 - https:\/\/yoast.com\/product\/yoast-seo-wordpress\/ -->\n<title>Alexander von Humboldt im Netz ; 18 (2017) 34 - Universit\u00e4tsverlag Potsdam<\/title>\n<meta name=\"robots\" content=\"index, follow, max-snippet:-1, max-image-preview:large, max-video-preview:-1\" \/>\n<link rel=\"canonical\" href=\"https:\/\/shop.verlag.uni-potsdam.de\/en\/shop\/alexander-von-humboldt-im-netz-18-2017-34\/\" \/>\n<meta property=\"og:locale\" content=\"en_US\" \/>\n<meta property=\"og:type\" content=\"article\" \/>\n<meta property=\"og:title\" content=\"Alexander von Humboldt im Netz ; 18 (2017) 34 - Universit\u00e4tsverlag Potsdam\" \/>\n<meta property=\"og:description\" content=\"Inhalt:Tobias Kraft: Die Berliner Edition Humboldt digitalIzabela Drozdowska-Broering: Alexander von Humboldt und die polnische Wissenschafts- und KulturweltUlrike Leitner: Sobre r\u00edos y canales : Aspectos geogr\u00e1ficos y cartogr\u00e1ficos en el legado de HumboldtAniela Maria Mikolajczyk: Alexander von Humboldts Manuskript Isle de Cube : Antilles en g\u00e9n\u00e9ral in der Biblioteka Jagiello\u0144ska als Vorstufe des Essai politique sur l\u2018 \u00eele de CubaUlrich P\u00e4\u00dfler: A Political Economy of Nature. Alexander von Humboldt\u2019s Essay On the Fluctuations in the Supplies of GoldIngo Schwarz: &quot;Any American will always be welcome to the study of Alexander von Humboldt\u201c : Ein Besucher aus den Vereinigten Staaten von Amerika bei Alexander von Humboldt 1836Hartmut Walravens: Zu den von Alexander von Humboldt aus Russland mitgebrachten B\u00fcchernPetra Werner: Franz Julius Ferdinand Meyen: gef\u00f6rdert und fr\u00fchvollendet. Zwischen Poesie und totem ZooIngo Schwarz: Nachtrag zu HiN XVII, 33 (2016)Ingo Schwarz: Bernd K\u00f6lbel: Geologe und Alexander-von-Humboldt-Forscher (1941\u20132016)\" \/>\n<meta property=\"og:url\" content=\"https:\/\/shop.verlag.uni-potsdam.de\/en\/shop\/alexander-von-humboldt-im-netz-18-2017-34\/\" \/>\n<meta property=\"og:site_name\" content=\"Universit\u00e4tsverlag Potsdam\" \/>\n<meta property=\"article:modified_time\" content=\"2026-03-31T12:17:10+00:00\" \/>\n<meta property=\"og:image\" content=\"https:\/\/shop.verlag.uni-potsdam.de\/wp-content\/uploads\/asolmerce\/image-21959.jpg\" \/>\n\t<meta property=\"og:image:width\" content=\"1127\" \/>\n\t<meta property=\"og:image:height\" content=\"1673\" \/>\n\t<meta property=\"og:image:type\" content=\"image\/jpeg\" \/>\n<meta name=\"twitter:card\" content=\"summary_large_image\" \/>\n<meta name=\"twitter:label1\" content=\"Est. reading time\" \/>\n\t<meta name=\"twitter:data1\" content=\"1 minute\" \/>\n<script type=\"application\/ld+json\" class=\"yoast-schema-graph\">{\"@context\":\"https:\/\/schema.org\",\"@graph\":[{\"@type\":\"WebPage\",\"@id\":\"https:\/\/shop.verlag.uni-potsdam.de\/en\/shop\/alexander-von-humboldt-im-netz-18-2017-34\/\",\"url\":\"https:\/\/shop.verlag.uni-potsdam.de\/en\/shop\/alexander-von-humboldt-im-netz-18-2017-34\/\",\"name\":\"Alexander von Humboldt im Netz ; 18 (2017) 34 - Universit\u00e4tsverlag Potsdam\",\"isPartOf\":{\"@id\":\"https:\/\/shop.verlag.uni-potsdam.de\/en\/#website\"},\"primaryImageOfPage\":{\"@id\":\"https:\/\/shop.verlag.uni-potsdam.de\/en\/shop\/alexander-von-humboldt-im-netz-18-2017-34\/#primaryimage\"},\"image\":{\"@id\":\"https:\/\/shop.verlag.uni-potsdam.de\/shop\/alexander-von-humboldt-im-netz-18-2017-34\/#primaryimage\"},\"thumbnailUrl\":\"https:\/\/shop.verlag.uni-potsdam.de\/wp-content\/uploads\/asolmerce\/image-21959.jpg\",\"datePublished\":\"2026-03-31T10:16:10+00:00\",\"dateModified\":\"2026-03-31T12:17:10+00:00\",\"breadcrumb\":{\"@id\":\"https:\/\/shop.verlag.uni-potsdam.de\/en\/shop\/alexander-von-humboldt-im-netz-18-2017-34\/#breadcrumb\"},\"inLanguage\":\"en-US\",\"potentialAction\":[{\"@type\":\"ReadAction\",\"target\":[[\"https:\/\/shop.verlag.uni-potsdam.de\/en\/shop\/alexander-von-humboldt-im-netz-18-2017-34\/\"]]}]},{\"@type\":\"ImageObject\",\"inLanguage\":\"en-US\",\"@id\":\"https:\/\/shop.verlag.uni-potsdam.de\/en\/shop\/alexander-von-humboldt-im-netz-18-2017-34\/#primaryimage\",\"url\":\"https:\/\/shop.verlag.uni-potsdam.de\/wp-content\/uploads\/asolmerce\/image-21959.jpg\",\"contentUrl\":\"https:\/\/shop.verlag.uni-potsdam.de\/wp-content\/uploads\/asolmerce\/image-21959.jpg\",\"width\":1127,\"height\":1673},{\"@type\":\"BreadcrumbList\",\"@id\":\"https:\/\/shop.verlag.uni-potsdam.de\/en\/shop\/alexander-von-humboldt-im-netz-18-2017-34\/#breadcrumb\",\"itemListElement\":[{\"@type\":\"ListItem\",\"position\":1,\"name\":\"Startseite\",\"item\":\"https:\/\/shop.verlag.uni-potsdam.de\/en\/\"},{\"@type\":\"ListItem\",\"position\":2,\"name\":\"Shop\",\"item\":\"https:\/\/shop.verlag.uni-potsdam.de\/en\/shop\/\"},{\"@type\":\"ListItem\",\"position\":3,\"name\":\"Alexander von Humboldt im Netz ; 18 (2017) 34\"}]},{\"@type\":\"WebSite\",\"@id\":\"https:\/\/shop.verlag.uni-potsdam.de\/en\/#website\",\"url\":\"https:\/\/shop.verlag.uni-potsdam.de\/en\/\",\"name\":\"Universit\u00e4tsverlag Potsdam\",\"description\":\"\",\"publisher\":{\"@id\":\"https:\/\/shop.verlag.uni-potsdam.de\/en\/#organization\"},\"potentialAction\":[{\"@type\":\"SearchAction\",\"target\":{\"@type\":\"EntryPoint\",\"urlTemplate\":\"https:\/\/shop.verlag.uni-potsdam.de\/en\/?s={search_term_string}\"},\"query-input\":{\"@type\":\"PropertyValueSpecification\",\"valueRequired\":true,\"valueName\":\"search_term_string\"}}],\"inLanguage\":\"en-US\"},{\"@type\":\"Organization\",\"@id\":\"https:\/\/shop.verlag.uni-potsdam.de\/en\/#organization\",\"name\":\"Universit\u00e4tsverlag Potsdam\",\"url\":\"https:\/\/shop.verlag.uni-potsdam.de\/en\/\",\"logo\":{\"@type\":\"ImageObject\",\"inLanguage\":\"en-US\",\"@id\":\"https:\/\/shop.verlag.uni-potsdam.de\/en\/#\/schema\/logo\/image\/\",\"url\":\"https:\/\/shop.verlag.uni-potsdam.de\/wp-content\/uploads\/2017\/04\/up_logo_university_2.png\",\"contentUrl\":\"https:\/\/shop.verlag.uni-potsdam.de\/wp-content\/uploads\/2017\/04\/up_logo_university_2.png\",\"width\":160,\"height\":172,\"caption\":\"Universit\u00e4tsverlag Potsdam\"},\"image\":{\"@id\":\"https:\/\/shop.verlag.uni-potsdam.de\/en\/#\/schema\/logo\/image\/\"}}]}<\/script>\n<!-- \/ Yoast SEO plugin. -->","yoast_head_json":{"title":"Alexander von Humboldt im Netz ; 18 (2017) 34 - Universit\u00e4tsverlag Potsdam","robots":{"index":"index","follow":"follow","max-snippet":"max-snippet:-1","max-image-preview":"max-image-preview:large","max-video-preview":"max-video-preview:-1"},"canonical":"https:\/\/shop.verlag.uni-potsdam.de\/en\/shop\/alexander-von-humboldt-im-netz-18-2017-34\/","og_locale":"en_US","og_type":"article","og_title":"Alexander von Humboldt im Netz ; 18 (2017) 34 - Universit\u00e4tsverlag Potsdam","og_description":"Inhalt:Tobias Kraft: Die Berliner Edition Humboldt digitalIzabela Drozdowska-Broering: Alexander von Humboldt und die polnische Wissenschafts- und KulturweltUlrike Leitner: Sobre r\u00edos y canales : Aspectos geogr\u00e1ficos y cartogr\u00e1ficos en el legado de HumboldtAniela Maria Mikolajczyk: Alexander von Humboldts Manuskript Isle de Cube : Antilles en g\u00e9n\u00e9ral in der Biblioteka Jagiello\u0144ska als Vorstufe des Essai politique sur l\u2018 \u00eele de CubaUlrich P\u00e4\u00dfler: A Political Economy of Nature. Alexander von Humboldt\u2019s Essay On the Fluctuations in the Supplies of GoldIngo Schwarz: \"Any American will always be welcome to the study of Alexander von Humboldt\u201c : Ein Besucher aus den Vereinigten Staaten von Amerika bei Alexander von Humboldt 1836Hartmut Walravens: Zu den von Alexander von Humboldt aus Russland mitgebrachten B\u00fcchernPetra Werner: Franz Julius Ferdinand Meyen: gef\u00f6rdert und fr\u00fchvollendet. Zwischen Poesie und totem ZooIngo Schwarz: Nachtrag zu HiN XVII, 33 (2016)Ingo Schwarz: Bernd K\u00f6lbel: Geologe und Alexander-von-Humboldt-Forscher (1941\u20132016)","og_url":"https:\/\/shop.verlag.uni-potsdam.de\/en\/shop\/alexander-von-humboldt-im-netz-18-2017-34\/","og_site_name":"Universit\u00e4tsverlag Potsdam","article_modified_time":"2026-03-31T12:17:10+00:00","og_image":[{"width":1127,"height":1673,"url":"https:\/\/shop.verlag.uni-potsdam.de\/wp-content\/uploads\/asolmerce\/image-21959.jpg","type":"image\/jpeg"}],"twitter_card":"summary_large_image","twitter_misc":{"Est. reading time":"1 minute"},"schema":{"@context":"https:\/\/schema.org","@graph":[{"@type":"WebPage","@id":"https:\/\/shop.verlag.uni-potsdam.de\/en\/shop\/alexander-von-humboldt-im-netz-18-2017-34\/","url":"https:\/\/shop.verlag.uni-potsdam.de\/en\/shop\/alexander-von-humboldt-im-netz-18-2017-34\/","name":"Alexander von Humboldt im Netz ; 18 (2017) 34 - Universit\u00e4tsverlag Potsdam","isPartOf":{"@id":"https:\/\/shop.verlag.uni-potsdam.de\/en\/#website"},"primaryImageOfPage":{"@id":"https:\/\/shop.verlag.uni-potsdam.de\/en\/shop\/alexander-von-humboldt-im-netz-18-2017-34\/#primaryimage"},"image":{"@id":"https:\/\/shop.verlag.uni-potsdam.de\/shop\/alexander-von-humboldt-im-netz-18-2017-34\/#primaryimage"},"thumbnailUrl":"https:\/\/shop.verlag.uni-potsdam.de\/wp-content\/uploads\/asolmerce\/image-21959.jpg","datePublished":"2026-03-31T10:16:10+00:00","dateModified":"2026-03-31T12:17:10+00:00","breadcrumb":{"@id":"https:\/\/shop.verlag.uni-potsdam.de\/en\/shop\/alexander-von-humboldt-im-netz-18-2017-34\/#breadcrumb"},"inLanguage":"en-US","potentialAction":[{"@type":"ReadAction","target":[["https:\/\/shop.verlag.uni-potsdam.de\/en\/shop\/alexander-von-humboldt-im-netz-18-2017-34\/"]]}]},{"@type":"ImageObject","inLanguage":"en-US","@id":"https:\/\/shop.verlag.uni-potsdam.de\/en\/shop\/alexander-von-humboldt-im-netz-18-2017-34\/#primaryimage","url":"https:\/\/shop.verlag.uni-potsdam.de\/wp-content\/uploads\/asolmerce\/image-21959.jpg","contentUrl":"https:\/\/shop.verlag.uni-potsdam.de\/wp-content\/uploads\/asolmerce\/image-21959.jpg","width":1127,"height":1673},{"@type":"BreadcrumbList","@id":"https:\/\/shop.verlag.uni-potsdam.de\/en\/shop\/alexander-von-humboldt-im-netz-18-2017-34\/#breadcrumb","itemListElement":[{"@type":"ListItem","position":1,"name":"Startseite","item":"https:\/\/shop.verlag.uni-potsdam.de\/en\/"},{"@type":"ListItem","position":2,"name":"Shop","item":"https:\/\/shop.verlag.uni-potsdam.de\/en\/shop\/"},{"@type":"ListItem","position":3,"name":"Alexander von Humboldt im Netz ; 18 (2017) 34"}]},{"@type":"WebSite","@id":"https:\/\/shop.verlag.uni-potsdam.de\/en\/#website","url":"https:\/\/shop.verlag.uni-potsdam.de\/en\/","name":"Universit\u00e4tsverlag Potsdam","description":"","publisher":{"@id":"https:\/\/shop.verlag.uni-potsdam.de\/en\/#organization"},"potentialAction":[{"@type":"SearchAction","target":{"@type":"EntryPoint","urlTemplate":"https:\/\/shop.verlag.uni-potsdam.de\/en\/?s={search_term_string}"},"query-input":{"@type":"PropertyValueSpecification","valueRequired":true,"valueName":"search_term_string"}}],"inLanguage":"en-US"},{"@type":"Organization","@id":"https:\/\/shop.verlag.uni-potsdam.de\/en\/#organization","name":"Universit\u00e4tsverlag Potsdam","url":"https:\/\/shop.verlag.uni-potsdam.de\/en\/","logo":{"@type":"ImageObject","inLanguage":"en-US","@id":"https:\/\/shop.verlag.uni-potsdam.de\/en\/#\/schema\/logo\/image\/","url":"https:\/\/shop.verlag.uni-potsdam.de\/wp-content\/uploads\/2017\/04\/up_logo_university_2.png","contentUrl":"https:\/\/shop.verlag.uni-potsdam.de\/wp-content\/uploads\/2017\/04\/up_logo_university_2.png","width":160,"height":172,"caption":"Universit\u00e4tsverlag Potsdam"},"image":{"@id":"https:\/\/shop.verlag.uni-potsdam.de\/en\/#\/schema\/logo\/image\/"}}]}},"_links":{"self":[{"href":"https:\/\/shop.verlag.uni-potsdam.de\/en\/wp-json\/wp\/v2\/product\/54249","targetHints":{"allow":["GET"]}}],"collection":[{"href":"https:\/\/shop.verlag.uni-potsdam.de\/en\/wp-json\/wp\/v2\/product"}],"about":[{"href":"https:\/\/shop.verlag.uni-potsdam.de\/en\/wp-json\/wp\/v2\/types\/product"}],"wp:featuredmedia":[{"embeddable":true,"href":"https:\/\/shop.verlag.uni-potsdam.de\/en\/wp-json\/wp\/v2\/media\/55154"}],"wp:attachment":[{"href":"https:\/\/shop.verlag.uni-potsdam.de\/en\/wp-json\/wp\/v2\/media?parent=54249"}],"wp:term":[{"taxonomy":"product_brand","embeddable":true,"href":"https:\/\/shop.verlag.uni-potsdam.de\/en\/wp-json\/wp\/v2\/product_brand?post=54249"},{"taxonomy":"product_cat","embeddable":true,"href":"https:\/\/shop.verlag.uni-potsdam.de\/en\/wp-json\/wp\/v2\/product_cat?post=54249"},{"taxonomy":"product_tag","embeddable":true,"href":"https:\/\/shop.verlag.uni-potsdam.de\/en\/wp-json\/wp\/v2\/product_tag?post=54249"}],"curies":[{"name":"wp","href":"https:\/\/api.w.org\/{rel}","templated":true}]}}