{"id":54313,"date":"2026-04-27T05:38:59","date_gmt":"2026-04-27T05:38:59","guid":{"rendered":"https:\/\/shop.verlag.uni-potsdam.de\/shop\/dritte-woche-des-russischen-rechts-potsdam-13-17-10-2014-mit-der-moskauer-staatlichen-juristischen-o-e-kutafin-universitaet-akademie\/"},"modified":"2026-04-27T09:39:59","modified_gmt":"2026-04-27T07:39:59","slug":"vierte-woche-des-russischen-rechts-potsdam-31-05-03-06-2016-mit-der-moskauer-staatlichen-juristischen-o-e-kutafin-universitaet-akademie","status":"publish","type":"product","link":"https:\/\/shop.verlag.uni-potsdam.de\/en\/shop\/vierte-woche-des-russischen-rechts-potsdam-31-05-03-06-2016-mit-der-moskauer-staatlichen-juristischen-o-e-kutafin-universitaet-akademie\/","title":{"rendered":"Vierte Woche des Russischen Rechts, Potsdam, 31.05.-03.06.2016, mit der Moskauer Staatlichen Juristischen O. E. Kutafin Universit\u00e4t (Akademie)"},"content":{"rendered":"<p class=\"qtranxs-available-languages-message qtranxs-available-languages-message-en\">Sorry, this entry is only available in <a href=\"https:\/\/shop.verlag.uni-potsdam.de\/de\/wp-json\/wp\/v2\/product\/54313\" class=\"qtranxs-available-language-link qtranxs-available-language-link-de\" title=\"Deutsch\">Deutsch<\/a>.<\/p><p>Das vorliegende Werk ist das Ergebnis der 4.\u2009Woche des Russischen Rechts an der Juristischen Fakult\u00e4t der Universit\u00e4t Potsdam. Namhafte Wissenschaftlerinnen und Wissenschaftler der Moskauer Staatlichen Juristischen Universit\u00e4t O.\u2009E. Kutafin hielten Vortr\u00e4ge zum V\u00f6lkerrecht, Verfassungs- und Staatsangeh\u00f6rigkeitsrecht, B\u00fcrgerlichen Recht, Unternehmens- und Gesellschaftsrecht, Finanzrecht und Bankrecht. Das russische Recht befindet sich nach dem Ende der Sowjetunion im Wandel. Die Beitr\u00e4ge zeugen vom hohen Stand der Jurisprudenz an der Moskauer Staatlichen Juristischen Universit\u00e4t O.\u2009E. Kutafin. Die Wochen des Russischen Rechts tragen dazu bei, das Recht der Russischen F\u00f6deration bei uns in Deutschland bekannt zu machen und rechtsvergleichend zur Diskussion zu stellen.<\/p>","protected":false},"excerpt":{"rendered":"<p class=\"qtranxs-available-languages-message qtranxs-available-languages-message-en\">Sorry, this entry is only available in <a href=\"https:\/\/shop.verlag.uni-potsdam.de\/de\/wp-json\/wp\/v2\/product\/54313\" class=\"qtranxs-available-language-link qtranxs-available-language-link-de\" title=\"Deutsch\">Deutsch<\/a>.<\/p>\n<p>Das vorliegende Werk ist das Ergebnis der 4.\u2009Woche des Russischen Rechts an der Juristischen Fakult\u00e4t der Universit\u00e4t Potsdam. Namhafte Wissenschaftlerinnen und Wissenschaftler der Moskauer Staatlichen Juristischen Universit\u00e4t O.\u2009E. Kutafin hielten Vortr\u00e4ge zum V\u00f6lkerrecht, Verfassungs- und Staatsangeh\u00f6rigkeitsrecht, B\u00fcrgerlichen Recht, Unternehmens- und Gesellschaftsrecht, Finanzrecht und Bankrecht. Das russische Recht befindet sich nach dem Ende der Sowjetunion im Wandel. Die Beitr\u00e4ge zeugen vom hohen Stand der Jurisprudenz an der Moskauer Staatlichen Juristischen Universit\u00e4t O.\u2009E. Kutafin. Die Wochen des Russischen Rechts tragen dazu bei, das Recht der Russischen F\u00f6deration bei uns in Deutschland bekannt zu machen und rechtsvergleichend zur Diskussion zu stellen.<\/p>\n","protected":false},"featured_media":54853,"template":"","meta":{"_acf_changed":false},"product_brand":[],"product_cat":[6225],"product_tag":[6119],"class_list":{"0":"post-54313","1":"product","2":"type-product","3":"status-publish","4":"has-post-thumbnail","6":"product_cat-recht-web-kategorie","7":"product_tag-bankrecht-buergerliches-finanzrecht-gesellschaftsrecht-recht-russisches-unternehmensrecht-voelkerrecht","8":"autor-aleksander-sitnik","9":"autor-detlev-w-belling","10":"autor-olga-tarasenko","11":"autor-sergej-zenin","12":"autor-tatjana-susina","13":"autor-viktor-v-blazeev","14":"reihe-acta-iuridica-universitatis-potsdamiensis","16":"first","17":"instock","18":"shipping-taxable","19":"purchasable","20":"product-type-simple"},"acf":[],"yoast_head":"<!-- This site is optimized with the Yoast SEO plugin v27.1.1 - https:\/\/yoast.com\/product\/yoast-seo-wordpress\/ -->\n<title>Vierte Woche des Russischen Rechts, Potsdam, 31.05.-03.06.2016, mit der Moskauer Staatlichen Juristischen O. E. Kutafin Universit\u00e4t (Akademie) - Universit\u00e4tsverlag Potsdam<\/title>\n<meta name=\"robots\" content=\"index, follow, max-snippet:-1, max-image-preview:large, max-video-preview:-1\" \/>\n<link rel=\"canonical\" href=\"https:\/\/shop.verlag.uni-potsdam.de\/en\/shop\/vierte-woche-des-russischen-rechts-potsdam-31-05-03-06-2016-mit-der-moskauer-staatlichen-juristischen-o-e-kutafin-universitaet-akademie\/\" \/>\n<meta property=\"og:locale\" content=\"en_US\" \/>\n<meta property=\"og:type\" content=\"article\" \/>\n<meta property=\"og:title\" content=\"Vierte Woche des Russischen Rechts, Potsdam, 31.05.-03.06.2016, mit der Moskauer Staatlichen Juristischen O. E. Kutafin Universit\u00e4t (Akademie) - Universit\u00e4tsverlag Potsdam\" \/>\n<meta property=\"og:description\" content=\"Das vorliegende Werk ist das Ergebnis der 4.\u2009Woche des Russischen Rechts an der Juristischen Fakult\u00e4t der Universit\u00e4t Potsdam. Namhafte Wissenschaftlerinnen und Wissenschaftler der Moskauer Staatlichen Juristischen Universit\u00e4t O.\u2009E. Kutafin hielten Vortr\u00e4ge zum V\u00f6lkerrecht, Verfassungs- und Staatsangeh\u00f6rigkeitsrecht, B\u00fcrgerlichen Recht, Unternehmens- und Gesellschaftsrecht, Finanzrecht und Bankrecht. Das russische Recht befindet sich nach dem Ende der Sowjetunion im Wandel. Die Beitr\u00e4ge zeugen vom hohen Stand der Jurisprudenz an der Moskauer Staatlichen Juristischen Universit\u00e4t O.\u2009E. Kutafin. Die Wochen des Russischen Rechts tragen dazu bei, das Recht der Russischen F\u00f6deration bei uns in Deutschland bekannt zu machen und rechtsvergleichend zur Diskussion zu stellen.\" \/>\n<meta property=\"og:url\" content=\"https:\/\/shop.verlag.uni-potsdam.de\/en\/shop\/vierte-woche-des-russischen-rechts-potsdam-31-05-03-06-2016-mit-der-moskauer-staatlichen-juristischen-o-e-kutafin-universitaet-akademie\/\" \/>\n<meta property=\"og:site_name\" content=\"Universit\u00e4tsverlag Potsdam\" \/>\n<meta property=\"article:modified_time\" content=\"2026-04-27T07:39:59+00:00\" \/>\n<meta property=\"og:image\" content=\"https:\/\/shop.verlag.uni-potsdam.de\/wp-content\/uploads\/asolmerce\/image-978-3-86956-420-3.jpg\" \/>\n\t<meta property=\"og:image:width\" content=\"1749\" \/>\n\t<meta property=\"og:image:height\" content=\"2481\" \/>\n\t<meta property=\"og:image:type\" content=\"image\/jpeg\" \/>\n<meta name=\"twitter:card\" content=\"summary_large_image\" \/>\n<meta name=\"twitter:label1\" content=\"Est. reading time\" \/>\n\t<meta name=\"twitter:data1\" content=\"1 minute\" \/>\n<script type=\"application\/ld+json\" class=\"yoast-schema-graph\">{\"@context\":\"https:\/\/schema.org\",\"@graph\":[{\"@type\":\"WebPage\",\"@id\":\"https:\/\/shop.verlag.uni-potsdam.de\/en\/shop\/vierte-woche-des-russischen-rechts-potsdam-31-05-03-06-2016-mit-der-moskauer-staatlichen-juristischen-o-e-kutafin-universitaet-akademie\/\",\"url\":\"https:\/\/shop.verlag.uni-potsdam.de\/en\/shop\/vierte-woche-des-russischen-rechts-potsdam-31-05-03-06-2016-mit-der-moskauer-staatlichen-juristischen-o-e-kutafin-universitaet-akademie\/\",\"name\":\"Vierte Woche des Russischen Rechts, Potsdam, 31.05.-03.06.2016, mit der Moskauer Staatlichen Juristischen O. E. Kutafin Universit\u00e4t (Akademie) - Universit\u00e4tsverlag Potsdam\",\"isPartOf\":{\"@id\":\"https:\/\/shop.verlag.uni-potsdam.de\/en\/#website\"},\"primaryImageOfPage\":{\"@id\":\"https:\/\/shop.verlag.uni-potsdam.de\/en\/shop\/vierte-woche-des-russischen-rechts-potsdam-31-05-03-06-2016-mit-der-moskauer-staatlichen-juristischen-o-e-kutafin-universitaet-akademie\/#primaryimage\"},\"image\":{\"@id\":\"https:\/\/shop.verlag.uni-potsdam.de\/shop\/vierte-woche-des-russischen-rechts-potsdam-31-05-03-06-2016-mit-der-moskauer-staatlichen-juristischen-o-e-kutafin-universitaet-akademie\/#primaryimage\"},\"thumbnailUrl\":\"https:\/\/shop.verlag.uni-potsdam.de\/wp-content\/uploads\/asolmerce\/image-978-3-86956-420-3.jpg\",\"datePublished\":\"2026-04-27T05:38:59+00:00\",\"dateModified\":\"2026-04-27T07:39:59+00:00\",\"breadcrumb\":{\"@id\":\"https:\/\/shop.verlag.uni-potsdam.de\/en\/shop\/vierte-woche-des-russischen-rechts-potsdam-31-05-03-06-2016-mit-der-moskauer-staatlichen-juristischen-o-e-kutafin-universitaet-akademie\/#breadcrumb\"},\"inLanguage\":\"en-US\",\"potentialAction\":[{\"@type\":\"ReadAction\",\"target\":[[\"https:\/\/shop.verlag.uni-potsdam.de\/en\/shop\/vierte-woche-des-russischen-rechts-potsdam-31-05-03-06-2016-mit-der-moskauer-staatlichen-juristischen-o-e-kutafin-universitaet-akademie\/\"]]}]},{\"@type\":\"ImageObject\",\"inLanguage\":\"en-US\",\"@id\":\"https:\/\/shop.verlag.uni-potsdam.de\/en\/shop\/vierte-woche-des-russischen-rechts-potsdam-31-05-03-06-2016-mit-der-moskauer-staatlichen-juristischen-o-e-kutafin-universitaet-akademie\/#primaryimage\",\"url\":\"https:\/\/shop.verlag.uni-potsdam.de\/wp-content\/uploads\/asolmerce\/image-978-3-86956-420-3.jpg\",\"contentUrl\":\"https:\/\/shop.verlag.uni-potsdam.de\/wp-content\/uploads\/asolmerce\/image-978-3-86956-420-3.jpg\",\"width\":1749,\"height\":2481},{\"@type\":\"BreadcrumbList\",\"@id\":\"https:\/\/shop.verlag.uni-potsdam.de\/en\/shop\/vierte-woche-des-russischen-rechts-potsdam-31-05-03-06-2016-mit-der-moskauer-staatlichen-juristischen-o-e-kutafin-universitaet-akademie\/#breadcrumb\",\"itemListElement\":[{\"@type\":\"ListItem\",\"position\":1,\"name\":\"Startseite\",\"item\":\"https:\/\/shop.verlag.uni-potsdam.de\/en\/\"},{\"@type\":\"ListItem\",\"position\":2,\"name\":\"Shop\",\"item\":\"https:\/\/shop.verlag.uni-potsdam.de\/en\/shop\/\"},{\"@type\":\"ListItem\",\"position\":3,\"name\":\"Vierte Woche des Russischen Rechts, Potsdam, 31.05.-03.06.2016, mit der Moskauer Staatlichen Juristischen O. E. Kutafin Universit\u00e4t (Akademie)\"}]},{\"@type\":\"WebSite\",\"@id\":\"https:\/\/shop.verlag.uni-potsdam.de\/en\/#website\",\"url\":\"https:\/\/shop.verlag.uni-potsdam.de\/en\/\",\"name\":\"Universit\u00e4tsverlag Potsdam\",\"description\":\"\",\"publisher\":{\"@id\":\"https:\/\/shop.verlag.uni-potsdam.de\/en\/#organization\"},\"potentialAction\":[{\"@type\":\"SearchAction\",\"target\":{\"@type\":\"EntryPoint\",\"urlTemplate\":\"https:\/\/shop.verlag.uni-potsdam.de\/en\/?s={search_term_string}\"},\"query-input\":{\"@type\":\"PropertyValueSpecification\",\"valueRequired\":true,\"valueName\":\"search_term_string\"}}],\"inLanguage\":\"en-US\"},{\"@type\":\"Organization\",\"@id\":\"https:\/\/shop.verlag.uni-potsdam.de\/en\/#organization\",\"name\":\"Universit\u00e4tsverlag Potsdam\",\"url\":\"https:\/\/shop.verlag.uni-potsdam.de\/en\/\",\"logo\":{\"@type\":\"ImageObject\",\"inLanguage\":\"en-US\",\"@id\":\"https:\/\/shop.verlag.uni-potsdam.de\/en\/#\/schema\/logo\/image\/\",\"url\":\"https:\/\/shop.verlag.uni-potsdam.de\/wp-content\/uploads\/2017\/04\/up_logo_university_2.png\",\"contentUrl\":\"https:\/\/shop.verlag.uni-potsdam.de\/wp-content\/uploads\/2017\/04\/up_logo_university_2.png\",\"width\":160,\"height\":172,\"caption\":\"Universit\u00e4tsverlag Potsdam\"},\"image\":{\"@id\":\"https:\/\/shop.verlag.uni-potsdam.de\/en\/#\/schema\/logo\/image\/\"}}]}<\/script>\n<!-- \/ Yoast SEO plugin. -->","yoast_head_json":{"title":"Vierte Woche des Russischen Rechts, Potsdam, 31.05.-03.06.2016, mit der Moskauer Staatlichen Juristischen O. E. Kutafin Universit\u00e4t (Akademie) - Universit\u00e4tsverlag Potsdam","robots":{"index":"index","follow":"follow","max-snippet":"max-snippet:-1","max-image-preview":"max-image-preview:large","max-video-preview":"max-video-preview:-1"},"canonical":"https:\/\/shop.verlag.uni-potsdam.de\/en\/shop\/vierte-woche-des-russischen-rechts-potsdam-31-05-03-06-2016-mit-der-moskauer-staatlichen-juristischen-o-e-kutafin-universitaet-akademie\/","og_locale":"en_US","og_type":"article","og_title":"Vierte Woche des Russischen Rechts, Potsdam, 31.05.-03.06.2016, mit der Moskauer Staatlichen Juristischen O. E. Kutafin Universit\u00e4t (Akademie) - Universit\u00e4tsverlag Potsdam","og_description":"Das vorliegende Werk ist das Ergebnis der 4.\u2009Woche des Russischen Rechts an der Juristischen Fakult\u00e4t der Universit\u00e4t Potsdam. Namhafte Wissenschaftlerinnen und Wissenschaftler der Moskauer Staatlichen Juristischen Universit\u00e4t O.\u2009E. Kutafin hielten Vortr\u00e4ge zum V\u00f6lkerrecht, Verfassungs- und Staatsangeh\u00f6rigkeitsrecht, B\u00fcrgerlichen Recht, Unternehmens- und Gesellschaftsrecht, Finanzrecht und Bankrecht. Das russische Recht befindet sich nach dem Ende der Sowjetunion im Wandel. Die Beitr\u00e4ge zeugen vom hohen Stand der Jurisprudenz an der Moskauer Staatlichen Juristischen Universit\u00e4t O.\u2009E. Kutafin. Die Wochen des Russischen Rechts tragen dazu bei, das Recht der Russischen F\u00f6deration bei uns in Deutschland bekannt zu machen und rechtsvergleichend zur Diskussion zu stellen.","og_url":"https:\/\/shop.verlag.uni-potsdam.de\/en\/shop\/vierte-woche-des-russischen-rechts-potsdam-31-05-03-06-2016-mit-der-moskauer-staatlichen-juristischen-o-e-kutafin-universitaet-akademie\/","og_site_name":"Universit\u00e4tsverlag Potsdam","article_modified_time":"2026-04-27T07:39:59+00:00","og_image":[{"width":1749,"height":2481,"url":"https:\/\/shop.verlag.uni-potsdam.de\/wp-content\/uploads\/asolmerce\/image-978-3-86956-420-3.jpg","type":"image\/jpeg"}],"twitter_card":"summary_large_image","twitter_misc":{"Est. reading time":"1 minute"},"schema":{"@context":"https:\/\/schema.org","@graph":[{"@type":"WebPage","@id":"https:\/\/shop.verlag.uni-potsdam.de\/en\/shop\/vierte-woche-des-russischen-rechts-potsdam-31-05-03-06-2016-mit-der-moskauer-staatlichen-juristischen-o-e-kutafin-universitaet-akademie\/","url":"https:\/\/shop.verlag.uni-potsdam.de\/en\/shop\/vierte-woche-des-russischen-rechts-potsdam-31-05-03-06-2016-mit-der-moskauer-staatlichen-juristischen-o-e-kutafin-universitaet-akademie\/","name":"Vierte Woche des Russischen Rechts, Potsdam, 31.05.-03.06.2016, mit der Moskauer Staatlichen Juristischen O. E. Kutafin Universit\u00e4t (Akademie) - Universit\u00e4tsverlag Potsdam","isPartOf":{"@id":"https:\/\/shop.verlag.uni-potsdam.de\/en\/#website"},"primaryImageOfPage":{"@id":"https:\/\/shop.verlag.uni-potsdam.de\/en\/shop\/vierte-woche-des-russischen-rechts-potsdam-31-05-03-06-2016-mit-der-moskauer-staatlichen-juristischen-o-e-kutafin-universitaet-akademie\/#primaryimage"},"image":{"@id":"https:\/\/shop.verlag.uni-potsdam.de\/shop\/vierte-woche-des-russischen-rechts-potsdam-31-05-03-06-2016-mit-der-moskauer-staatlichen-juristischen-o-e-kutafin-universitaet-akademie\/#primaryimage"},"thumbnailUrl":"https:\/\/shop.verlag.uni-potsdam.de\/wp-content\/uploads\/asolmerce\/image-978-3-86956-420-3.jpg","datePublished":"2026-04-27T05:38:59+00:00","dateModified":"2026-04-27T07:39:59+00:00","breadcrumb":{"@id":"https:\/\/shop.verlag.uni-potsdam.de\/en\/shop\/vierte-woche-des-russischen-rechts-potsdam-31-05-03-06-2016-mit-der-moskauer-staatlichen-juristischen-o-e-kutafin-universitaet-akademie\/#breadcrumb"},"inLanguage":"en-US","potentialAction":[{"@type":"ReadAction","target":[["https:\/\/shop.verlag.uni-potsdam.de\/en\/shop\/vierte-woche-des-russischen-rechts-potsdam-31-05-03-06-2016-mit-der-moskauer-staatlichen-juristischen-o-e-kutafin-universitaet-akademie\/"]]}]},{"@type":"ImageObject","inLanguage":"en-US","@id":"https:\/\/shop.verlag.uni-potsdam.de\/en\/shop\/vierte-woche-des-russischen-rechts-potsdam-31-05-03-06-2016-mit-der-moskauer-staatlichen-juristischen-o-e-kutafin-universitaet-akademie\/#primaryimage","url":"https:\/\/shop.verlag.uni-potsdam.de\/wp-content\/uploads\/asolmerce\/image-978-3-86956-420-3.jpg","contentUrl":"https:\/\/shop.verlag.uni-potsdam.de\/wp-content\/uploads\/asolmerce\/image-978-3-86956-420-3.jpg","width":1749,"height":2481},{"@type":"BreadcrumbList","@id":"https:\/\/shop.verlag.uni-potsdam.de\/en\/shop\/vierte-woche-des-russischen-rechts-potsdam-31-05-03-06-2016-mit-der-moskauer-staatlichen-juristischen-o-e-kutafin-universitaet-akademie\/#breadcrumb","itemListElement":[{"@type":"ListItem","position":1,"name":"Startseite","item":"https:\/\/shop.verlag.uni-potsdam.de\/en\/"},{"@type":"ListItem","position":2,"name":"Shop","item":"https:\/\/shop.verlag.uni-potsdam.de\/en\/shop\/"},{"@type":"ListItem","position":3,"name":"Vierte Woche des Russischen Rechts, Potsdam, 31.05.-03.06.2016, mit der Moskauer Staatlichen Juristischen O. E. Kutafin Universit\u00e4t (Akademie)"}]},{"@type":"WebSite","@id":"https:\/\/shop.verlag.uni-potsdam.de\/en\/#website","url":"https:\/\/shop.verlag.uni-potsdam.de\/en\/","name":"Universit\u00e4tsverlag Potsdam","description":"","publisher":{"@id":"https:\/\/shop.verlag.uni-potsdam.de\/en\/#organization"},"potentialAction":[{"@type":"SearchAction","target":{"@type":"EntryPoint","urlTemplate":"https:\/\/shop.verlag.uni-potsdam.de\/en\/?s={search_term_string}"},"query-input":{"@type":"PropertyValueSpecification","valueRequired":true,"valueName":"search_term_string"}}],"inLanguage":"en-US"},{"@type":"Organization","@id":"https:\/\/shop.verlag.uni-potsdam.de\/en\/#organization","name":"Universit\u00e4tsverlag Potsdam","url":"https:\/\/shop.verlag.uni-potsdam.de\/en\/","logo":{"@type":"ImageObject","inLanguage":"en-US","@id":"https:\/\/shop.verlag.uni-potsdam.de\/en\/#\/schema\/logo\/image\/","url":"https:\/\/shop.verlag.uni-potsdam.de\/wp-content\/uploads\/2017\/04\/up_logo_university_2.png","contentUrl":"https:\/\/shop.verlag.uni-potsdam.de\/wp-content\/uploads\/2017\/04\/up_logo_university_2.png","width":160,"height":172,"caption":"Universit\u00e4tsverlag Potsdam"},"image":{"@id":"https:\/\/shop.verlag.uni-potsdam.de\/en\/#\/schema\/logo\/image\/"}}]}},"_links":{"self":[{"href":"https:\/\/shop.verlag.uni-potsdam.de\/en\/wp-json\/wp\/v2\/product\/54313","targetHints":{"allow":["GET"]}}],"collection":[{"href":"https:\/\/shop.verlag.uni-potsdam.de\/en\/wp-json\/wp\/v2\/product"}],"about":[{"href":"https:\/\/shop.verlag.uni-potsdam.de\/en\/wp-json\/wp\/v2\/types\/product"}],"wp:featuredmedia":[{"embeddable":true,"href":"https:\/\/shop.verlag.uni-potsdam.de\/en\/wp-json\/wp\/v2\/media\/54853"}],"wp:attachment":[{"href":"https:\/\/shop.verlag.uni-potsdam.de\/en\/wp-json\/wp\/v2\/media?parent=54313"}],"wp:term":[{"taxonomy":"product_brand","embeddable":true,"href":"https:\/\/shop.verlag.uni-potsdam.de\/en\/wp-json\/wp\/v2\/product_brand?post=54313"},{"taxonomy":"product_cat","embeddable":true,"href":"https:\/\/shop.verlag.uni-potsdam.de\/en\/wp-json\/wp\/v2\/product_cat?post=54313"},{"taxonomy":"product_tag","embeddable":true,"href":"https:\/\/shop.verlag.uni-potsdam.de\/en\/wp-json\/wp\/v2\/product_tag?post=54313"}],"curies":[{"name":"wp","href":"https:\/\/api.w.org\/{rel}","templated":true}]}}