{"id":54322,"date":"2026-03-23T08:54:28","date_gmt":"2026-03-23T08:54:28","guid":{"rendered":"https:\/\/shop.verlag.uni-potsdam.de\/shop\/deutsch-ungarisches-symposium-anlaesslich-der-verabschiedung-von-detlev-w-belling\/"},"modified":"2026-03-23T11:55:28","modified_gmt":"2026-03-23T10:55:28","slug":"deutsch-ungarisches-symposium-2018","status":"publish","type":"product","link":"https:\/\/shop.verlag.uni-potsdam.de\/en\/shop\/deutsch-ungarisches-symposium-2018\/","title":{"rendered":"Deutsch-Ungarisches Symposium 2018"},"content":{"rendered":"<p class=\"qtranxs-available-languages-message qtranxs-available-languages-message-en\">Sorry, this entry is only available in <a href=\"https:\/\/shop.verlag.uni-potsdam.de\/de\/wp-json\/wp\/v2\/product\/54322\" class=\"qtranxs-available-language-link qtranxs-available-language-link-de\" title=\"Deutsch\">Deutsch<\/a>.<\/p><p>Der Band enth\u00e4lt die Vortr\u00e4ge, welche anl\u00e4sslich der Verabschiedung von Detlev W. Belling in den Ruhestand gehalten wurden: <br \/>Der Beitrag des Ministers der Justiz von Ungarn, L\u00e1szl\u00f3 Tr\u00f3cs\u00e1nyi, befasst sich mit dem Thema Demokratie, Identit\u00e4t und Rechtsstaat \u2013 die europ\u00e4ische Integration und die Mitgliedstaaten. Entwickelt wird eine Vision der Europ\u00e4ischen Union, die statt auf fortschreitender Zentralisierung st\u00e4rker auf einer gleichberechtigten Kooperation der Mitgliedstaaten basiert. Die nationalen Verfassungsidentit\u00e4ten sollen als unentbehrliche Bestandteile der nationalen Souver\u00e4nit\u00e4t nicht der europ\u00e4ischen Integration geopfert werden. Vor allem der Grundsatz vom Vorrang des Unionsrechts wird in diesem Zusammenhang kritisch hinterfragt. \u201eIntegrationswut\u201c gelte es zu verhindern. Die Rechtsstaatlichkeit einzelner Mitgliedstaaten d\u00fcrfe durch die Union nicht infrage gestellt werden.<br \/>In seiner Abschlussvorlesung geht Detlev W. Belling der Frage nach, ob und inwieweit die Aus\u00fcbung der Gnadenbefugnisse durch die Gnadentr\u00e4ger in einem s\u00e4kularen und republikanischen Rechtsstaat der gerichtlichen Kontrolle unterliegen sollte. Detailliert werden in diesem Zusammenhang nicht nur die bisherige Rechtsprechung des Bundesverfassungsgerichts und das breit gef\u00e4cherte Meinungsspektrum der Literatur abgebildet. Anhand einer Vielzahl von Beispielen aus der ferneren und unmittelbaren Geschichte wird die Entwicklung des Gnadenrechts nachgezeichnet. Missbrauchsgefahren, wie sie nicht nur kennzeichnend f\u00fcr Diktaturen und Monarchien sind, werden aufgezeigt. Die Erkenntnisse aus der historischen Darstellung aufgreifend, wird anhand einer umfassenden Analyse der geltenden Rechtslage nachgewiesen, aus welchen Gr\u00fcnden die Konstitutionalisierung des Begnadigungsrechts geboten ist.<\/p>","protected":false},"excerpt":{"rendered":"<p class=\"qtranxs-available-languages-message qtranxs-available-languages-message-en\">Sorry, this entry is only available in <a href=\"https:\/\/shop.verlag.uni-potsdam.de\/de\/wp-json\/wp\/v2\/product\/54322\" class=\"qtranxs-available-language-link qtranxs-available-language-link-de\" title=\"Deutsch\">Deutsch<\/a>.<\/p>\n<p>Der Band enth\u00e4lt die Vortr\u00e4ge, welche anl\u00e4sslich der Verabschiedung von Detlev W. Belling in den Ruhestand gehalten wurden: <br \/>Der Beitrag des Ministers der Justiz von Ungarn, L\u00e1szl\u00f3 Tr\u00f3cs\u00e1nyi, befasst sich mit dem Thema Demokratie, Identit\u00e4t und Rechtsstaat \u2013 die europ\u00e4ische Integration und die Mitgliedstaaten. Entwickelt wird eine Vision der Europ\u00e4ischen Union, die statt auf fortschreitender Zentralisierung st\u00e4rker auf einer gleichberechtigten Kooperation der Mitgliedstaaten basiert. Die nationalen Verfassungsidentit\u00e4ten sollen als unentbehrliche Bestandteile der nationalen Souver\u00e4nit\u00e4t nicht der europ\u00e4ischen Integration geopfert werden. Vor allem der Grundsatz vom Vorrang des Unionsrechts wird in diesem Zusammenhang kritisch hinterfragt. \u201eIntegrationswut\u201c gelte es zu verhindern. Die Rechtsstaatlichkeit einzelner Mitgliedstaaten d\u00fcrfe durch die Union nicht infrage gestellt werden.<br \/>In seiner Abschlussvorlesung geht Detlev W. Belling der Frage nach, ob und inwieweit die Aus\u00fcbung der Gnadenbefugnisse durch die Gnadentr\u00e4ger in einem s\u00e4kularen und republikanischen Rechtsstaat der gerichtlichen Kontrolle unterliegen sollte. Detailliert werden in diesem Zusammenhang nicht nur die bisherige Rechtsprechung des Bundesverfassungsgerichts und das breit gef\u00e4cherte Meinungsspektrum der Literatur abgebildet. Anhand einer Vielzahl von Beispielen aus der ferneren und unmittelbaren Geschichte wird die Entwicklung des Gnadenrechts nachgezeichnet. Missbrauchsgefahren, wie sie nicht nur kennzeichnend f\u00fcr Diktaturen und Monarchien sind, werden aufgezeigt. Die Erkenntnisse aus der historischen Darstellung aufgreifend, wird anhand einer umfassenden Analyse der geltenden Rechtslage nachgewiesen, aus welchen Gr\u00fcnden die Konstitutionalisierung des Begnadigungsrechts geboten ist.<\/p>\n","protected":false},"featured_media":54616,"template":"","meta":{"_acf_changed":false},"product_brand":[],"product_cat":[6225],"product_tag":[6121],"class_list":{"0":"post-54322","1":"product","2":"type-product","3":"status-publish","4":"has-post-thumbnail","6":"product_cat-recht-web-kategorie","7":"product_tag-begnadigung-gnade-justitiabilitaet-konstitutionalisierung-verfassungsidentitaet-europaeische-integration","8":"autor-attila-bado","9":"autor-detlev-w-belling","10":"reihe-acta-iuridica-universitatis-potsdamiensis","12":"first","13":"instock","14":"shipping-taxable","15":"purchasable","16":"product-type-simple"},"acf":[],"yoast_head":"<!-- This site is optimized with the Yoast SEO plugin v27.1.1 - https:\/\/yoast.com\/product\/yoast-seo-wordpress\/ -->\n<title>Deutsch-Ungarisches Symposium 2018 - Universit\u00e4tsverlag Potsdam<\/title>\n<meta name=\"robots\" content=\"index, follow, max-snippet:-1, max-image-preview:large, max-video-preview:-1\" \/>\n<link rel=\"canonical\" href=\"https:\/\/shop.verlag.uni-potsdam.de\/en\/shop\/deutsch-ungarisches-symposium-2018\/\" \/>\n<meta property=\"og:locale\" content=\"en_US\" \/>\n<meta property=\"og:type\" content=\"article\" \/>\n<meta property=\"og:title\" content=\"Deutsch-Ungarisches Symposium 2018 - Universit\u00e4tsverlag Potsdam\" \/>\n<meta property=\"og:description\" content=\"Der Band enth\u00e4lt die Vortr\u00e4ge, welche anl\u00e4sslich der Verabschiedung von Detlev W. Belling in den Ruhestand gehalten wurden: Der Beitrag des Ministers der Justiz von Ungarn, L\u00e1szl\u00f3 Tr\u00f3cs\u00e1nyi, befasst sich mit dem Thema Demokratie, Identit\u00e4t und Rechtsstaat \u2013 die europ\u00e4ische Integration und die Mitgliedstaaten. Entwickelt wird eine Vision der Europ\u00e4ischen Union, die statt auf fortschreitender Zentralisierung st\u00e4rker auf einer gleichberechtigten Kooperation der Mitgliedstaaten basiert. Die nationalen Verfassungsidentit\u00e4ten sollen als unentbehrliche Bestandteile der nationalen Souver\u00e4nit\u00e4t nicht der europ\u00e4ischen Integration geopfert werden. Vor allem der Grundsatz vom Vorrang des Unionsrechts wird in diesem Zusammenhang kritisch hinterfragt. \u201eIntegrationswut\u201c gelte es zu verhindern. Die Rechtsstaatlichkeit einzelner Mitgliedstaaten d\u00fcrfe durch die Union nicht infrage gestellt werden.In seiner Abschlussvorlesung geht Detlev W. Belling der Frage nach, ob und inwieweit die Aus\u00fcbung der Gnadenbefugnisse durch die Gnadentr\u00e4ger in einem s\u00e4kularen und republikanischen Rechtsstaat der gerichtlichen Kontrolle unterliegen sollte. Detailliert werden in diesem Zusammenhang nicht nur die bisherige Rechtsprechung des Bundesverfassungsgerichts und das breit gef\u00e4cherte Meinungsspektrum der Literatur abgebildet. Anhand einer Vielzahl von Beispielen aus der ferneren und unmittelbaren Geschichte wird die Entwicklung des Gnadenrechts nachgezeichnet. Missbrauchsgefahren, wie sie nicht nur kennzeichnend f\u00fcr Diktaturen und Monarchien sind, werden aufgezeigt. Die Erkenntnisse aus der historischen Darstellung aufgreifend, wird anhand einer umfassenden Analyse der geltenden Rechtslage nachgewiesen, aus welchen Gr\u00fcnden die Konstitutionalisierung des Begnadigungsrechts geboten ist.\" \/>\n<meta property=\"og:url\" content=\"https:\/\/shop.verlag.uni-potsdam.de\/en\/shop\/deutsch-ungarisches-symposium-2018\/\" \/>\n<meta property=\"og:site_name\" content=\"Universit\u00e4tsverlag Potsdam\" \/>\n<meta property=\"article:modified_time\" content=\"2026-03-23T10:55:28+00:00\" \/>\n<meta property=\"og:image\" content=\"https:\/\/shop.verlag.uni-potsdam.de\/wp-content\/uploads\/asolmerce\/image-978-3-86956-428-9.jpg\" \/>\n\t<meta property=\"og:image:width\" content=\"1749\" \/>\n\t<meta property=\"og:image:height\" content=\"2481\" \/>\n\t<meta property=\"og:image:type\" content=\"image\/jpeg\" \/>\n<meta name=\"twitter:card\" content=\"summary_large_image\" \/>\n<meta name=\"twitter:label1\" content=\"Est. reading time\" \/>\n\t<meta name=\"twitter:data1\" content=\"1 minute\" \/>\n<script type=\"application\/ld+json\" class=\"yoast-schema-graph\">{\"@context\":\"https:\/\/schema.org\",\"@graph\":[{\"@type\":\"WebPage\",\"@id\":\"https:\/\/shop.verlag.uni-potsdam.de\/en\/shop\/deutsch-ungarisches-symposium-2018\/\",\"url\":\"https:\/\/shop.verlag.uni-potsdam.de\/en\/shop\/deutsch-ungarisches-symposium-2018\/\",\"name\":\"Deutsch-Ungarisches Symposium 2018 - Universit\u00e4tsverlag Potsdam\",\"isPartOf\":{\"@id\":\"https:\/\/shop.verlag.uni-potsdam.de\/en\/#website\"},\"primaryImageOfPage\":{\"@id\":\"https:\/\/shop.verlag.uni-potsdam.de\/en\/shop\/deutsch-ungarisches-symposium-2018\/#primaryimage\"},\"image\":{\"@id\":\"https:\/\/shop.verlag.uni-potsdam.de\/shop\/deutsch-ungarisches-symposium-2018\/#primaryimage\"},\"thumbnailUrl\":\"https:\/\/shop.verlag.uni-potsdam.de\/wp-content\/uploads\/asolmerce\/image-978-3-86956-428-9.jpg\",\"datePublished\":\"2026-03-23T08:54:28+00:00\",\"dateModified\":\"2026-03-23T10:55:28+00:00\",\"breadcrumb\":{\"@id\":\"https:\/\/shop.verlag.uni-potsdam.de\/en\/shop\/deutsch-ungarisches-symposium-2018\/#breadcrumb\"},\"inLanguage\":\"en-US\",\"potentialAction\":[{\"@type\":\"ReadAction\",\"target\":[[\"https:\/\/shop.verlag.uni-potsdam.de\/en\/shop\/deutsch-ungarisches-symposium-2018\/\"]]}]},{\"@type\":\"ImageObject\",\"inLanguage\":\"en-US\",\"@id\":\"https:\/\/shop.verlag.uni-potsdam.de\/en\/shop\/deutsch-ungarisches-symposium-2018\/#primaryimage\",\"url\":\"https:\/\/shop.verlag.uni-potsdam.de\/wp-content\/uploads\/asolmerce\/image-978-3-86956-428-9.jpg\",\"contentUrl\":\"https:\/\/shop.verlag.uni-potsdam.de\/wp-content\/uploads\/asolmerce\/image-978-3-86956-428-9.jpg\",\"width\":1749,\"height\":2481},{\"@type\":\"BreadcrumbList\",\"@id\":\"https:\/\/shop.verlag.uni-potsdam.de\/en\/shop\/deutsch-ungarisches-symposium-2018\/#breadcrumb\",\"itemListElement\":[{\"@type\":\"ListItem\",\"position\":1,\"name\":\"Startseite\",\"item\":\"https:\/\/shop.verlag.uni-potsdam.de\/en\/\"},{\"@type\":\"ListItem\",\"position\":2,\"name\":\"Shop\",\"item\":\"https:\/\/shop.verlag.uni-potsdam.de\/en\/shop\/\"},{\"@type\":\"ListItem\",\"position\":3,\"name\":\"Deutsch-Ungarisches Symposium 2018\"}]},{\"@type\":\"WebSite\",\"@id\":\"https:\/\/shop.verlag.uni-potsdam.de\/en\/#website\",\"url\":\"https:\/\/shop.verlag.uni-potsdam.de\/en\/\",\"name\":\"Universit\u00e4tsverlag Potsdam\",\"description\":\"\",\"publisher\":{\"@id\":\"https:\/\/shop.verlag.uni-potsdam.de\/en\/#organization\"},\"potentialAction\":[{\"@type\":\"SearchAction\",\"target\":{\"@type\":\"EntryPoint\",\"urlTemplate\":\"https:\/\/shop.verlag.uni-potsdam.de\/en\/?s={search_term_string}\"},\"query-input\":{\"@type\":\"PropertyValueSpecification\",\"valueRequired\":true,\"valueName\":\"search_term_string\"}}],\"inLanguage\":\"en-US\"},{\"@type\":\"Organization\",\"@id\":\"https:\/\/shop.verlag.uni-potsdam.de\/en\/#organization\",\"name\":\"Universit\u00e4tsverlag Potsdam\",\"url\":\"https:\/\/shop.verlag.uni-potsdam.de\/en\/\",\"logo\":{\"@type\":\"ImageObject\",\"inLanguage\":\"en-US\",\"@id\":\"https:\/\/shop.verlag.uni-potsdam.de\/en\/#\/schema\/logo\/image\/\",\"url\":\"https:\/\/shop.verlag.uni-potsdam.de\/wp-content\/uploads\/2017\/04\/up_logo_university_2.png\",\"contentUrl\":\"https:\/\/shop.verlag.uni-potsdam.de\/wp-content\/uploads\/2017\/04\/up_logo_university_2.png\",\"width\":160,\"height\":172,\"caption\":\"Universit\u00e4tsverlag Potsdam\"},\"image\":{\"@id\":\"https:\/\/shop.verlag.uni-potsdam.de\/en\/#\/schema\/logo\/image\/\"}}]}<\/script>\n<!-- \/ Yoast SEO plugin. -->","yoast_head_json":{"title":"Deutsch-Ungarisches Symposium 2018 - Universit\u00e4tsverlag Potsdam","robots":{"index":"index","follow":"follow","max-snippet":"max-snippet:-1","max-image-preview":"max-image-preview:large","max-video-preview":"max-video-preview:-1"},"canonical":"https:\/\/shop.verlag.uni-potsdam.de\/en\/shop\/deutsch-ungarisches-symposium-2018\/","og_locale":"en_US","og_type":"article","og_title":"Deutsch-Ungarisches Symposium 2018 - Universit\u00e4tsverlag Potsdam","og_description":"Der Band enth\u00e4lt die Vortr\u00e4ge, welche anl\u00e4sslich der Verabschiedung von Detlev W. Belling in den Ruhestand gehalten wurden: Der Beitrag des Ministers der Justiz von Ungarn, L\u00e1szl\u00f3 Tr\u00f3cs\u00e1nyi, befasst sich mit dem Thema Demokratie, Identit\u00e4t und Rechtsstaat \u2013 die europ\u00e4ische Integration und die Mitgliedstaaten. Entwickelt wird eine Vision der Europ\u00e4ischen Union, die statt auf fortschreitender Zentralisierung st\u00e4rker auf einer gleichberechtigten Kooperation der Mitgliedstaaten basiert. Die nationalen Verfassungsidentit\u00e4ten sollen als unentbehrliche Bestandteile der nationalen Souver\u00e4nit\u00e4t nicht der europ\u00e4ischen Integration geopfert werden. Vor allem der Grundsatz vom Vorrang des Unionsrechts wird in diesem Zusammenhang kritisch hinterfragt. \u201eIntegrationswut\u201c gelte es zu verhindern. Die Rechtsstaatlichkeit einzelner Mitgliedstaaten d\u00fcrfe durch die Union nicht infrage gestellt werden.In seiner Abschlussvorlesung geht Detlev W. Belling der Frage nach, ob und inwieweit die Aus\u00fcbung der Gnadenbefugnisse durch die Gnadentr\u00e4ger in einem s\u00e4kularen und republikanischen Rechtsstaat der gerichtlichen Kontrolle unterliegen sollte. Detailliert werden in diesem Zusammenhang nicht nur die bisherige Rechtsprechung des Bundesverfassungsgerichts und das breit gef\u00e4cherte Meinungsspektrum der Literatur abgebildet. Anhand einer Vielzahl von Beispielen aus der ferneren und unmittelbaren Geschichte wird die Entwicklung des Gnadenrechts nachgezeichnet. Missbrauchsgefahren, wie sie nicht nur kennzeichnend f\u00fcr Diktaturen und Monarchien sind, werden aufgezeigt. Die Erkenntnisse aus der historischen Darstellung aufgreifend, wird anhand einer umfassenden Analyse der geltenden Rechtslage nachgewiesen, aus welchen Gr\u00fcnden die Konstitutionalisierung des Begnadigungsrechts geboten ist.","og_url":"https:\/\/shop.verlag.uni-potsdam.de\/en\/shop\/deutsch-ungarisches-symposium-2018\/","og_site_name":"Universit\u00e4tsverlag Potsdam","article_modified_time":"2026-03-23T10:55:28+00:00","og_image":[{"width":1749,"height":2481,"url":"https:\/\/shop.verlag.uni-potsdam.de\/wp-content\/uploads\/asolmerce\/image-978-3-86956-428-9.jpg","type":"image\/jpeg"}],"twitter_card":"summary_large_image","twitter_misc":{"Est. reading time":"1 minute"},"schema":{"@context":"https:\/\/schema.org","@graph":[{"@type":"WebPage","@id":"https:\/\/shop.verlag.uni-potsdam.de\/en\/shop\/deutsch-ungarisches-symposium-2018\/","url":"https:\/\/shop.verlag.uni-potsdam.de\/en\/shop\/deutsch-ungarisches-symposium-2018\/","name":"Deutsch-Ungarisches Symposium 2018 - Universit\u00e4tsverlag Potsdam","isPartOf":{"@id":"https:\/\/shop.verlag.uni-potsdam.de\/en\/#website"},"primaryImageOfPage":{"@id":"https:\/\/shop.verlag.uni-potsdam.de\/en\/shop\/deutsch-ungarisches-symposium-2018\/#primaryimage"},"image":{"@id":"https:\/\/shop.verlag.uni-potsdam.de\/shop\/deutsch-ungarisches-symposium-2018\/#primaryimage"},"thumbnailUrl":"https:\/\/shop.verlag.uni-potsdam.de\/wp-content\/uploads\/asolmerce\/image-978-3-86956-428-9.jpg","datePublished":"2026-03-23T08:54:28+00:00","dateModified":"2026-03-23T10:55:28+00:00","breadcrumb":{"@id":"https:\/\/shop.verlag.uni-potsdam.de\/en\/shop\/deutsch-ungarisches-symposium-2018\/#breadcrumb"},"inLanguage":"en-US","potentialAction":[{"@type":"ReadAction","target":[["https:\/\/shop.verlag.uni-potsdam.de\/en\/shop\/deutsch-ungarisches-symposium-2018\/"]]}]},{"@type":"ImageObject","inLanguage":"en-US","@id":"https:\/\/shop.verlag.uni-potsdam.de\/en\/shop\/deutsch-ungarisches-symposium-2018\/#primaryimage","url":"https:\/\/shop.verlag.uni-potsdam.de\/wp-content\/uploads\/asolmerce\/image-978-3-86956-428-9.jpg","contentUrl":"https:\/\/shop.verlag.uni-potsdam.de\/wp-content\/uploads\/asolmerce\/image-978-3-86956-428-9.jpg","width":1749,"height":2481},{"@type":"BreadcrumbList","@id":"https:\/\/shop.verlag.uni-potsdam.de\/en\/shop\/deutsch-ungarisches-symposium-2018\/#breadcrumb","itemListElement":[{"@type":"ListItem","position":1,"name":"Startseite","item":"https:\/\/shop.verlag.uni-potsdam.de\/en\/"},{"@type":"ListItem","position":2,"name":"Shop","item":"https:\/\/shop.verlag.uni-potsdam.de\/en\/shop\/"},{"@type":"ListItem","position":3,"name":"Deutsch-Ungarisches Symposium 2018"}]},{"@type":"WebSite","@id":"https:\/\/shop.verlag.uni-potsdam.de\/en\/#website","url":"https:\/\/shop.verlag.uni-potsdam.de\/en\/","name":"Universit\u00e4tsverlag Potsdam","description":"","publisher":{"@id":"https:\/\/shop.verlag.uni-potsdam.de\/en\/#organization"},"potentialAction":[{"@type":"SearchAction","target":{"@type":"EntryPoint","urlTemplate":"https:\/\/shop.verlag.uni-potsdam.de\/en\/?s={search_term_string}"},"query-input":{"@type":"PropertyValueSpecification","valueRequired":true,"valueName":"search_term_string"}}],"inLanguage":"en-US"},{"@type":"Organization","@id":"https:\/\/shop.verlag.uni-potsdam.de\/en\/#organization","name":"Universit\u00e4tsverlag Potsdam","url":"https:\/\/shop.verlag.uni-potsdam.de\/en\/","logo":{"@type":"ImageObject","inLanguage":"en-US","@id":"https:\/\/shop.verlag.uni-potsdam.de\/en\/#\/schema\/logo\/image\/","url":"https:\/\/shop.verlag.uni-potsdam.de\/wp-content\/uploads\/2017\/04\/up_logo_university_2.png","contentUrl":"https:\/\/shop.verlag.uni-potsdam.de\/wp-content\/uploads\/2017\/04\/up_logo_university_2.png","width":160,"height":172,"caption":"Universit\u00e4tsverlag Potsdam"},"image":{"@id":"https:\/\/shop.verlag.uni-potsdam.de\/en\/#\/schema\/logo\/image\/"}}]}},"_links":{"self":[{"href":"https:\/\/shop.verlag.uni-potsdam.de\/en\/wp-json\/wp\/v2\/product\/54322","targetHints":{"allow":["GET"]}}],"collection":[{"href":"https:\/\/shop.verlag.uni-potsdam.de\/en\/wp-json\/wp\/v2\/product"}],"about":[{"href":"https:\/\/shop.verlag.uni-potsdam.de\/en\/wp-json\/wp\/v2\/types\/product"}],"wp:featuredmedia":[{"embeddable":true,"href":"https:\/\/shop.verlag.uni-potsdam.de\/en\/wp-json\/wp\/v2\/media\/54616"}],"wp:attachment":[{"href":"https:\/\/shop.verlag.uni-potsdam.de\/en\/wp-json\/wp\/v2\/media?parent=54322"}],"wp:term":[{"taxonomy":"product_brand","embeddable":true,"href":"https:\/\/shop.verlag.uni-potsdam.de\/en\/wp-json\/wp\/v2\/product_brand?post=54322"},{"taxonomy":"product_cat","embeddable":true,"href":"https:\/\/shop.verlag.uni-potsdam.de\/en\/wp-json\/wp\/v2\/product_cat?post=54322"},{"taxonomy":"product_tag","embeddable":true,"href":"https:\/\/shop.verlag.uni-potsdam.de\/en\/wp-json\/wp\/v2\/product_tag?post=54322"}],"curies":[{"name":"wp","href":"https:\/\/api.w.org\/{rel}","templated":true}]}}