{"id":54597,"date":"2026-03-23T08:54:28","date_gmt":"2026-03-23T08:54:28","guid":{"rendered":"https:\/\/shop.verlag.uni-potsdam.de\/shop\/el-aleph-2\/"},"modified":"2026-03-23T11:55:28","modified_gmt":"2026-03-23T10:55:28","slug":"generationenuebergreifender-jiddischismus","status":"publish","type":"product","link":"https:\/\/shop.verlag.uni-potsdam.de\/en\/shop\/generationenuebergreifender-jiddischismus\/","title":{"rendered":"Generationen\u00fcbergreifender Jiddischismus"},"content":{"rendered":"<p class=\"qtranxs-available-languages-message qtranxs-available-languages-message-en\">Sorry, this entry is only available in <a href=\"https:\/\/shop.verlag.uni-potsdam.de\/de\/wp-json\/wp\/v2\/product\/54597\" class=\"qtranxs-available-language-link qtranxs-available-language-link-de\" title=\"Deutsch\">Deutsch<\/a>.<\/p><p>Pri ha-Pardes (Fr\u00fcchte des Obstgartens) ist eine Schriftenreihe der Vereinigung f\u00fcr J\u00fcdische Studien e. V., welche in Verbindung mit dem Institut f\u00fcr J\u00fcdische Studien und Religionswissenschaft der Universit\u00e4t Potsdam publiziert wird.<br \/>Was haben eine Volkss\u00e4ngerin, eine Malerin, ein Linguist und ein Journalist gemeinsam? Und was ein Haus in der Bronx an der letzten Station des D-trains und ein Festival und Lernort wie der Yiddish Summer Weimar? In diesem Fall ist die L\u00f6sung des R\u00e4tsels die Liebe zur jiddischen Sprache und Musik. Hier geht es um generationen\u00fcbergreifenden Jiddischismus in der Familie Beyle Schaechter-Gottesmans, zuhause (im Bronxer Haus), in der n\u00e4heren Umgebung \u201eBeynbridzhivke\u201c rund um Bainbridge Avenue sowie Ausstrahlungen in die (auch nichtj\u00fcdische) Welt, z. B. zum Yiddish Summer Weimar oder durch den \u201eYiddish Song of the Week\u201c-Blog.<br \/>Die vorliegende Studie stellt Leben und Werk der Jiddischistin, S\u00e4ngerin, Dichterin, Malerin und P\u00e4dagogin Beyle Schaechter-Gottesman vor und untersucht insbesondere die innerfamili\u00e4re Tradierung jiddischer Kultur (von der Mutter, der Volkss\u00e4ngerin, \u00fcber den Linguistenbruder hin zum Journalisten- und Folkloristensohn) sowie den Einfluss, den die Familie in der jiddischen Welt anerkannterma\u00dfen ausge\u00fcbt hat.<br \/>Schaechter-Gottesman, in Wien geboren, wuchs in Czernowitz auf, \u00fcberlebte das Czernowitzer Ghetto, emigrierte 1951 nach New York. Dort hielt sie weiterhin an der jiddischen Sprache und Kultur bewusst fest und wollte diese lebendig halten. Sie fing an, Kindertheaterst\u00fccke, Lieder und Gedichte auf Jiddisch zu schreiben und wurde 2005 mit dem National Endowment for the Arts Fellowship ausgezeichnet, welches in den USA als Nobelpreis der traditionellen K\u00fcnste gilt.<br \/>Inwieweit wirkten entscheidende Einfl\u00fcsse des Jiddischismus auf Schaechter-Gottesman? Aus welchen famili\u00e4ren Traditionen wurden diese gespeist und wie dr\u00fccken sie sich in ihrem Werk aus? Beyle Schaechter-Gottesman bewahrte traditionelles Liedgut und brachte durch ihre eigenen Lieder einen anderen Wind in die jiddische Musikwelt. Auf welche Art und Weise tr\u00e4gt die aktive Tradierung jiddischer Lieder zum Jiddischismus bei bzw. welche Funktion kann Musik innerhalb des Jiddischismus einnehmen?<br \/><\/p>","protected":false},"excerpt":{"rendered":"<p class=\"qtranxs-available-languages-message qtranxs-available-languages-message-en\">Sorry, this entry is only available in <a href=\"https:\/\/shop.verlag.uni-potsdam.de\/de\/wp-json\/wp\/v2\/product\/54597\" class=\"qtranxs-available-language-link qtranxs-available-language-link-de\" title=\"Deutsch\">Deutsch<\/a>.<\/p>\n<p>Pri ha-Pardes (Fr\u00fcchte des Obstgartens) ist eine Schriftenreihe der Vereinigung f\u00fcr J\u00fcdische Studien e. V., welche in Verbindung mit dem Institut f\u00fcr J\u00fcdische Studien und Religionswissenschaft der Universit\u00e4t Potsdam publiziert wird.<br \/>Was haben eine Volkss\u00e4ngerin, eine Malerin, ein Linguist und ein Journalist gemeinsam? Und was ein Haus in der Bronx an der letzten Station des D-trains und ein Festival und Lernort wie der Yiddish Summer Weimar? In diesem Fall ist die L\u00f6sung des R\u00e4tsels die Liebe zur jiddischen Sprache und Musik. Hier geht es um generationen\u00fcbergreifenden Jiddischismus in der Familie Beyle Schaechter-Gottesmans, zuhause (im Bronxer Haus), in der n\u00e4heren Umgebung \u201eBeynbridzhivke\u201c rund um Bainbridge Avenue sowie Ausstrahlungen in die (auch nichtj\u00fcdische) Welt, z. B. zum Yiddish Summer Weimar oder durch den \u201eYiddish Song of the Week\u201c-Blog.<br \/>Die vorliegende Studie stellt Leben und Werk der Jiddischistin, S\u00e4ngerin, Dichterin, Malerin und P\u00e4dagogin Beyle Schaechter-Gottesman vor und untersucht insbesondere die innerfamili\u00e4re Tradierung jiddischer Kultur (von der Mutter, der Volkss\u00e4ngerin, \u00fcber den Linguistenbruder hin zum Journalisten- und Folkloristensohn) sowie den Einfluss, den die Familie in der jiddischen Welt anerkannterma\u00dfen ausge\u00fcbt hat.<br \/>Schaechter-Gottesman, in Wien geboren, wuchs in Czernowitz auf, \u00fcberlebte das Czernowitzer Ghetto, emigrierte 1951 nach New York. Dort hielt sie weiterhin an der jiddischen Sprache und Kultur bewusst fest und wollte diese lebendig halten. Sie fing an, Kindertheaterst\u00fccke, Lieder und Gedichte auf Jiddisch zu schreiben und wurde 2005 mit dem National Endowment for the Arts Fellowship ausgezeichnet, welches in den USA als Nobelpreis der traditionellen K\u00fcnste gilt.<br \/>Inwieweit wirkten entscheidende Einfl\u00fcsse des Jiddischismus auf Schaechter-Gottesman? Aus welchen famili\u00e4ren Traditionen wurden diese gespeist und wie dr\u00fccken sie sich in ihrem Werk aus? Beyle Schaechter-Gottesman bewahrte traditionelles Liedgut und brachte durch ihre eigenen Lieder einen anderen Wind in die jiddische Musikwelt. Auf welche Art und Weise tr\u00e4gt die aktive Tradierung jiddischer Lieder zum Jiddischismus bei bzw. welche Funktion kann Musik innerhalb des Jiddischismus einnehmen?<\/p>\n","protected":false},"featured_media":54955,"template":"","meta":{"_acf_changed":false},"product_brand":[],"product_cat":[6226],"product_tag":[5386],"class_list":{"0":"post-54597","1":"product","2":"type-product","3":"status-publish","4":"has-post-thumbnail","6":"product_cat-religion-theologie","7":"product_tag-dichter-jiddischismus-kulturgeschichte-mordkhe-schaechter-jiddische-lieder-jiddische-musik-mordkhe-schaechter-yiddish-music-yiddish-song-yiddishism-cultural-history-poets","8":"autor-janina-wurbs","9":"reihe-pri-ha-pardes","11":"first","12":"instock","13":"shipping-taxable","14":"purchasable","15":"product-type-simple"},"acf":[],"yoast_head":"<!-- This site is optimized with the Yoast SEO plugin v27.1.1 - https:\/\/yoast.com\/product\/yoast-seo-wordpress\/ -->\n<title>Generationen\u00fcbergreifender Jiddischismus - Universit\u00e4tsverlag Potsdam<\/title>\n<meta name=\"robots\" content=\"index, follow, max-snippet:-1, max-image-preview:large, max-video-preview:-1\" \/>\n<link rel=\"canonical\" href=\"https:\/\/shop.verlag.uni-potsdam.de\/en\/shop\/generationenuebergreifender-jiddischismus\/\" \/>\n<meta property=\"og:locale\" content=\"en_US\" \/>\n<meta property=\"og:type\" content=\"article\" \/>\n<meta property=\"og:title\" content=\"Generationen\u00fcbergreifender Jiddischismus - Universit\u00e4tsverlag Potsdam\" \/>\n<meta property=\"og:description\" content=\"Pri ha-Pardes (Fr\u00fcchte des Obstgartens) ist eine Schriftenreihe der Vereinigung f\u00fcr J\u00fcdische Studien e. V., welche in Verbindung mit dem Institut f\u00fcr J\u00fcdische Studien und Religionswissenschaft der Universit\u00e4t Potsdam publiziert wird.Was haben eine Volkss\u00e4ngerin, eine Malerin, ein Linguist und ein Journalist gemeinsam? Und was ein Haus in der Bronx an der letzten Station des D-trains und ein Festival und Lernort wie der Yiddish Summer Weimar? In diesem Fall ist die L\u00f6sung des R\u00e4tsels die Liebe zur jiddischen Sprache und Musik. Hier geht es um generationen\u00fcbergreifenden Jiddischismus in der Familie Beyle Schaechter-Gottesmans, zuhause (im Bronxer Haus), in der n\u00e4heren Umgebung \u201eBeynbridzhivke\u201c rund um Bainbridge Avenue sowie Ausstrahlungen in die (auch nichtj\u00fcdische) Welt, z. B. zum Yiddish Summer Weimar oder durch den \u201eYiddish Song of the Week\u201c-Blog.Die vorliegende Studie stellt Leben und Werk der Jiddischistin, S\u00e4ngerin, Dichterin, Malerin und P\u00e4dagogin Beyle Schaechter-Gottesman vor und untersucht insbesondere die innerfamili\u00e4re Tradierung jiddischer Kultur (von der Mutter, der Volkss\u00e4ngerin, \u00fcber den Linguistenbruder hin zum Journalisten- und Folkloristensohn) sowie den Einfluss, den die Familie in der jiddischen Welt anerkannterma\u00dfen ausge\u00fcbt hat.Schaechter-Gottesman, in Wien geboren, wuchs in Czernowitz auf, \u00fcberlebte das Czernowitzer Ghetto, emigrierte 1951 nach New York. Dort hielt sie weiterhin an der jiddischen Sprache und Kultur bewusst fest und wollte diese lebendig halten. Sie fing an, Kindertheaterst\u00fccke, Lieder und Gedichte auf Jiddisch zu schreiben und wurde 2005 mit dem National Endowment for the Arts Fellowship ausgezeichnet, welches in den USA als Nobelpreis der traditionellen K\u00fcnste gilt.Inwieweit wirkten entscheidende Einfl\u00fcsse des Jiddischismus auf Schaechter-Gottesman? Aus welchen famili\u00e4ren Traditionen wurden diese gespeist und wie dr\u00fccken sie sich in ihrem Werk aus? Beyle Schaechter-Gottesman bewahrte traditionelles Liedgut und brachte durch ihre eigenen Lieder einen anderen Wind in die jiddische Musikwelt. Auf welche Art und Weise tr\u00e4gt die aktive Tradierung jiddischer Lieder zum Jiddischismus bei bzw. welche Funktion kann Musik innerhalb des Jiddischismus einnehmen?\" \/>\n<meta property=\"og:url\" content=\"https:\/\/shop.verlag.uni-potsdam.de\/en\/shop\/generationenuebergreifender-jiddischismus\/\" \/>\n<meta property=\"og:site_name\" content=\"Universit\u00e4tsverlag Potsdam\" \/>\n<meta property=\"article:modified_time\" content=\"2026-03-23T10:55:28+00:00\" \/>\n<meta property=\"og:image\" content=\"https:\/\/shop.verlag.uni-potsdam.de\/wp-content\/uploads\/asolmerce\/image-978-3-86956-423-4.jpg\" \/>\n\t<meta property=\"og:image:width\" content=\"1749\" \/>\n\t<meta property=\"og:image:height\" content=\"2481\" \/>\n\t<meta property=\"og:image:type\" content=\"image\/jpeg\" \/>\n<meta name=\"twitter:card\" content=\"summary_large_image\" \/>\n<meta name=\"twitter:label1\" content=\"Est. reading time\" \/>\n\t<meta name=\"twitter:data1\" content=\"2 minutes\" \/>\n<script type=\"application\/ld+json\" class=\"yoast-schema-graph\">{\"@context\":\"https:\/\/schema.org\",\"@graph\":[{\"@type\":\"WebPage\",\"@id\":\"https:\/\/shop.verlag.uni-potsdam.de\/en\/shop\/generationenuebergreifender-jiddischismus\/\",\"url\":\"https:\/\/shop.verlag.uni-potsdam.de\/en\/shop\/generationenuebergreifender-jiddischismus\/\",\"name\":\"Generationen\u00fcbergreifender Jiddischismus - Universit\u00e4tsverlag Potsdam\",\"isPartOf\":{\"@id\":\"https:\/\/shop.verlag.uni-potsdam.de\/en\/#website\"},\"primaryImageOfPage\":{\"@id\":\"https:\/\/shop.verlag.uni-potsdam.de\/en\/shop\/generationenuebergreifender-jiddischismus\/#primaryimage\"},\"image\":{\"@id\":\"https:\/\/shop.verlag.uni-potsdam.de\/shop\/generationenuebergreifender-jiddischismus\/#primaryimage\"},\"thumbnailUrl\":\"https:\/\/shop.verlag.uni-potsdam.de\/wp-content\/uploads\/asolmerce\/image-978-3-86956-423-4.jpg\",\"datePublished\":\"2026-03-23T08:54:28+00:00\",\"dateModified\":\"2026-03-23T10:55:28+00:00\",\"breadcrumb\":{\"@id\":\"https:\/\/shop.verlag.uni-potsdam.de\/en\/shop\/generationenuebergreifender-jiddischismus\/#breadcrumb\"},\"inLanguage\":\"en-US\",\"potentialAction\":[{\"@type\":\"ReadAction\",\"target\":[[\"https:\/\/shop.verlag.uni-potsdam.de\/en\/shop\/generationenuebergreifender-jiddischismus\/\"]]}]},{\"@type\":\"ImageObject\",\"inLanguage\":\"en-US\",\"@id\":\"https:\/\/shop.verlag.uni-potsdam.de\/en\/shop\/generationenuebergreifender-jiddischismus\/#primaryimage\",\"url\":\"https:\/\/shop.verlag.uni-potsdam.de\/wp-content\/uploads\/asolmerce\/image-978-3-86956-423-4.jpg\",\"contentUrl\":\"https:\/\/shop.verlag.uni-potsdam.de\/wp-content\/uploads\/asolmerce\/image-978-3-86956-423-4.jpg\",\"width\":1749,\"height\":2481},{\"@type\":\"BreadcrumbList\",\"@id\":\"https:\/\/shop.verlag.uni-potsdam.de\/en\/shop\/generationenuebergreifender-jiddischismus\/#breadcrumb\",\"itemListElement\":[{\"@type\":\"ListItem\",\"position\":1,\"name\":\"Startseite\",\"item\":\"https:\/\/shop.verlag.uni-potsdam.de\/en\/\"},{\"@type\":\"ListItem\",\"position\":2,\"name\":\"Shop\",\"item\":\"https:\/\/shop.verlag.uni-potsdam.de\/en\/shop\/\"},{\"@type\":\"ListItem\",\"position\":3,\"name\":\"Generationen\u00fcbergreifender Jiddischismus\"}]},{\"@type\":\"WebSite\",\"@id\":\"https:\/\/shop.verlag.uni-potsdam.de\/en\/#website\",\"url\":\"https:\/\/shop.verlag.uni-potsdam.de\/en\/\",\"name\":\"Universit\u00e4tsverlag Potsdam\",\"description\":\"\",\"publisher\":{\"@id\":\"https:\/\/shop.verlag.uni-potsdam.de\/en\/#organization\"},\"potentialAction\":[{\"@type\":\"SearchAction\",\"target\":{\"@type\":\"EntryPoint\",\"urlTemplate\":\"https:\/\/shop.verlag.uni-potsdam.de\/en\/?s={search_term_string}\"},\"query-input\":{\"@type\":\"PropertyValueSpecification\",\"valueRequired\":true,\"valueName\":\"search_term_string\"}}],\"inLanguage\":\"en-US\"},{\"@type\":\"Organization\",\"@id\":\"https:\/\/shop.verlag.uni-potsdam.de\/en\/#organization\",\"name\":\"Universit\u00e4tsverlag Potsdam\",\"url\":\"https:\/\/shop.verlag.uni-potsdam.de\/en\/\",\"logo\":{\"@type\":\"ImageObject\",\"inLanguage\":\"en-US\",\"@id\":\"https:\/\/shop.verlag.uni-potsdam.de\/en\/#\/schema\/logo\/image\/\",\"url\":\"https:\/\/shop.verlag.uni-potsdam.de\/wp-content\/uploads\/2017\/04\/up_logo_university_2.png\",\"contentUrl\":\"https:\/\/shop.verlag.uni-potsdam.de\/wp-content\/uploads\/2017\/04\/up_logo_university_2.png\",\"width\":160,\"height\":172,\"caption\":\"Universit\u00e4tsverlag Potsdam\"},\"image\":{\"@id\":\"https:\/\/shop.verlag.uni-potsdam.de\/en\/#\/schema\/logo\/image\/\"}}]}<\/script>\n<!-- \/ Yoast SEO plugin. -->","yoast_head_json":{"title":"Generationen\u00fcbergreifender Jiddischismus - Universit\u00e4tsverlag Potsdam","robots":{"index":"index","follow":"follow","max-snippet":"max-snippet:-1","max-image-preview":"max-image-preview:large","max-video-preview":"max-video-preview:-1"},"canonical":"https:\/\/shop.verlag.uni-potsdam.de\/en\/shop\/generationenuebergreifender-jiddischismus\/","og_locale":"en_US","og_type":"article","og_title":"Generationen\u00fcbergreifender Jiddischismus - Universit\u00e4tsverlag Potsdam","og_description":"Pri ha-Pardes (Fr\u00fcchte des Obstgartens) ist eine Schriftenreihe der Vereinigung f\u00fcr J\u00fcdische Studien e. V., welche in Verbindung mit dem Institut f\u00fcr J\u00fcdische Studien und Religionswissenschaft der Universit\u00e4t Potsdam publiziert wird.Was haben eine Volkss\u00e4ngerin, eine Malerin, ein Linguist und ein Journalist gemeinsam? Und was ein Haus in der Bronx an der letzten Station des D-trains und ein Festival und Lernort wie der Yiddish Summer Weimar? In diesem Fall ist die L\u00f6sung des R\u00e4tsels die Liebe zur jiddischen Sprache und Musik. Hier geht es um generationen\u00fcbergreifenden Jiddischismus in der Familie Beyle Schaechter-Gottesmans, zuhause (im Bronxer Haus), in der n\u00e4heren Umgebung \u201eBeynbridzhivke\u201c rund um Bainbridge Avenue sowie Ausstrahlungen in die (auch nichtj\u00fcdische) Welt, z. B. zum Yiddish Summer Weimar oder durch den \u201eYiddish Song of the Week\u201c-Blog.Die vorliegende Studie stellt Leben und Werk der Jiddischistin, S\u00e4ngerin, Dichterin, Malerin und P\u00e4dagogin Beyle Schaechter-Gottesman vor und untersucht insbesondere die innerfamili\u00e4re Tradierung jiddischer Kultur (von der Mutter, der Volkss\u00e4ngerin, \u00fcber den Linguistenbruder hin zum Journalisten- und Folkloristensohn) sowie den Einfluss, den die Familie in der jiddischen Welt anerkannterma\u00dfen ausge\u00fcbt hat.Schaechter-Gottesman, in Wien geboren, wuchs in Czernowitz auf, \u00fcberlebte das Czernowitzer Ghetto, emigrierte 1951 nach New York. Dort hielt sie weiterhin an der jiddischen Sprache und Kultur bewusst fest und wollte diese lebendig halten. Sie fing an, Kindertheaterst\u00fccke, Lieder und Gedichte auf Jiddisch zu schreiben und wurde 2005 mit dem National Endowment for the Arts Fellowship ausgezeichnet, welches in den USA als Nobelpreis der traditionellen K\u00fcnste gilt.Inwieweit wirkten entscheidende Einfl\u00fcsse des Jiddischismus auf Schaechter-Gottesman? Aus welchen famili\u00e4ren Traditionen wurden diese gespeist und wie dr\u00fccken sie sich in ihrem Werk aus? Beyle Schaechter-Gottesman bewahrte traditionelles Liedgut und brachte durch ihre eigenen Lieder einen anderen Wind in die jiddische Musikwelt. Auf welche Art und Weise tr\u00e4gt die aktive Tradierung jiddischer Lieder zum Jiddischismus bei bzw. welche Funktion kann Musik innerhalb des Jiddischismus einnehmen?","og_url":"https:\/\/shop.verlag.uni-potsdam.de\/en\/shop\/generationenuebergreifender-jiddischismus\/","og_site_name":"Universit\u00e4tsverlag Potsdam","article_modified_time":"2026-03-23T10:55:28+00:00","og_image":[{"width":1749,"height":2481,"url":"https:\/\/shop.verlag.uni-potsdam.de\/wp-content\/uploads\/asolmerce\/image-978-3-86956-423-4.jpg","type":"image\/jpeg"}],"twitter_card":"summary_large_image","twitter_misc":{"Est. reading time":"2 minutes"},"schema":{"@context":"https:\/\/schema.org","@graph":[{"@type":"WebPage","@id":"https:\/\/shop.verlag.uni-potsdam.de\/en\/shop\/generationenuebergreifender-jiddischismus\/","url":"https:\/\/shop.verlag.uni-potsdam.de\/en\/shop\/generationenuebergreifender-jiddischismus\/","name":"Generationen\u00fcbergreifender Jiddischismus - Universit\u00e4tsverlag Potsdam","isPartOf":{"@id":"https:\/\/shop.verlag.uni-potsdam.de\/en\/#website"},"primaryImageOfPage":{"@id":"https:\/\/shop.verlag.uni-potsdam.de\/en\/shop\/generationenuebergreifender-jiddischismus\/#primaryimage"},"image":{"@id":"https:\/\/shop.verlag.uni-potsdam.de\/shop\/generationenuebergreifender-jiddischismus\/#primaryimage"},"thumbnailUrl":"https:\/\/shop.verlag.uni-potsdam.de\/wp-content\/uploads\/asolmerce\/image-978-3-86956-423-4.jpg","datePublished":"2026-03-23T08:54:28+00:00","dateModified":"2026-03-23T10:55:28+00:00","breadcrumb":{"@id":"https:\/\/shop.verlag.uni-potsdam.de\/en\/shop\/generationenuebergreifender-jiddischismus\/#breadcrumb"},"inLanguage":"en-US","potentialAction":[{"@type":"ReadAction","target":[["https:\/\/shop.verlag.uni-potsdam.de\/en\/shop\/generationenuebergreifender-jiddischismus\/"]]}]},{"@type":"ImageObject","inLanguage":"en-US","@id":"https:\/\/shop.verlag.uni-potsdam.de\/en\/shop\/generationenuebergreifender-jiddischismus\/#primaryimage","url":"https:\/\/shop.verlag.uni-potsdam.de\/wp-content\/uploads\/asolmerce\/image-978-3-86956-423-4.jpg","contentUrl":"https:\/\/shop.verlag.uni-potsdam.de\/wp-content\/uploads\/asolmerce\/image-978-3-86956-423-4.jpg","width":1749,"height":2481},{"@type":"BreadcrumbList","@id":"https:\/\/shop.verlag.uni-potsdam.de\/en\/shop\/generationenuebergreifender-jiddischismus\/#breadcrumb","itemListElement":[{"@type":"ListItem","position":1,"name":"Startseite","item":"https:\/\/shop.verlag.uni-potsdam.de\/en\/"},{"@type":"ListItem","position":2,"name":"Shop","item":"https:\/\/shop.verlag.uni-potsdam.de\/en\/shop\/"},{"@type":"ListItem","position":3,"name":"Generationen\u00fcbergreifender Jiddischismus"}]},{"@type":"WebSite","@id":"https:\/\/shop.verlag.uni-potsdam.de\/en\/#website","url":"https:\/\/shop.verlag.uni-potsdam.de\/en\/","name":"Universit\u00e4tsverlag Potsdam","description":"","publisher":{"@id":"https:\/\/shop.verlag.uni-potsdam.de\/en\/#organization"},"potentialAction":[{"@type":"SearchAction","target":{"@type":"EntryPoint","urlTemplate":"https:\/\/shop.verlag.uni-potsdam.de\/en\/?s={search_term_string}"},"query-input":{"@type":"PropertyValueSpecification","valueRequired":true,"valueName":"search_term_string"}}],"inLanguage":"en-US"},{"@type":"Organization","@id":"https:\/\/shop.verlag.uni-potsdam.de\/en\/#organization","name":"Universit\u00e4tsverlag Potsdam","url":"https:\/\/shop.verlag.uni-potsdam.de\/en\/","logo":{"@type":"ImageObject","inLanguage":"en-US","@id":"https:\/\/shop.verlag.uni-potsdam.de\/en\/#\/schema\/logo\/image\/","url":"https:\/\/shop.verlag.uni-potsdam.de\/wp-content\/uploads\/2017\/04\/up_logo_university_2.png","contentUrl":"https:\/\/shop.verlag.uni-potsdam.de\/wp-content\/uploads\/2017\/04\/up_logo_university_2.png","width":160,"height":172,"caption":"Universit\u00e4tsverlag Potsdam"},"image":{"@id":"https:\/\/shop.verlag.uni-potsdam.de\/en\/#\/schema\/logo\/image\/"}}]}},"_links":{"self":[{"href":"https:\/\/shop.verlag.uni-potsdam.de\/en\/wp-json\/wp\/v2\/product\/54597","targetHints":{"allow":["GET"]}}],"collection":[{"href":"https:\/\/shop.verlag.uni-potsdam.de\/en\/wp-json\/wp\/v2\/product"}],"about":[{"href":"https:\/\/shop.verlag.uni-potsdam.de\/en\/wp-json\/wp\/v2\/types\/product"}],"wp:featuredmedia":[{"embeddable":true,"href":"https:\/\/shop.verlag.uni-potsdam.de\/en\/wp-json\/wp\/v2\/media\/54955"}],"wp:attachment":[{"href":"https:\/\/shop.verlag.uni-potsdam.de\/en\/wp-json\/wp\/v2\/media?parent=54597"}],"wp:term":[{"taxonomy":"product_brand","embeddable":true,"href":"https:\/\/shop.verlag.uni-potsdam.de\/en\/wp-json\/wp\/v2\/product_brand?post=54597"},{"taxonomy":"product_cat","embeddable":true,"href":"https:\/\/shop.verlag.uni-potsdam.de\/en\/wp-json\/wp\/v2\/product_cat?post=54597"},{"taxonomy":"product_tag","embeddable":true,"href":"https:\/\/shop.verlag.uni-potsdam.de\/en\/wp-json\/wp\/v2\/product_tag?post=54597"}],"curies":[{"name":"wp","href":"https:\/\/api.w.org\/{rel}","templated":true}]}}