{"id":54610,"date":"2026-03-23T08:54:28","date_gmt":"2026-03-23T08:54:28","guid":{"rendered":"https:\/\/shop.verlag.uni-potsdam.de\/shop\/die-migration-bulgarischer-staatsbuerger-nach-deutschland\/"},"modified":"2026-03-23T11:55:28","modified_gmt":"2026-03-23T10:55:28","slug":"die-migration-bulgarischer-staatsbuerger-nach-deutschland","status":"publish","type":"product","link":"https:\/\/shop.verlag.uni-potsdam.de\/en\/shop\/die-migration-bulgarischer-staatsbuerger-nach-deutschland\/","title":{"rendered":"Die Migration bulgarischer Staatsb\u00fcrger nach Deutschland"},"content":{"rendered":"<p class=\"qtranxs-available-languages-message qtranxs-available-languages-message-en\">Sorry, this entry is only available in <a href=\"https:\/\/shop.verlag.uni-potsdam.de\/de\/wp-json\/wp\/v2\/product\/54610\" class=\"qtranxs-available-language-link qtranxs-available-language-link-de\" title=\"Deutsch\">Deutsch<\/a>.<\/p><p>Viele der mittelost- und s\u00fcdosteurop\u00e4ischen L\u00e4nder haben mit der Migration ihrer Staatsb\u00fcrger nach Westeuropa zu k\u00e4mpfen und beklagen den brain drain ihrer jungen und gut ausgebildeten Generation. Dieses Buch widmet sich der Migration bulgarischer Staatsb\u00fcrger nach Deutschland und analysiert die positiven sowie negativen Auswirkungen der Migration auf Bulgarien als Herkunftsland selbst. Es werden die Daten, Personengruppen und Ursachen der Migration unter Ber\u00fccksichtigung der Push- und Pull-Faktoren beider L\u00e4nder seit dem EU-Beitritt 2007, insbesondere seit der EU-Arbeitnehmerfreiz\u00fcgigkeit 2014, analysiert. Ferner steht die Frage im Vordergrund, wie der bulgarische Staat und die Zivilgesellschaft mit dem Ph\u00e4nomen der Massenmigration umgehen und was zus\u00e4tzlich getan werden k\u00f6nnte, um die Migration gezielter zu steuern und so mehr Bulgaren f\u00fcr eine Zukunft in der Heimat zu begeistern.<\/p>","protected":false},"excerpt":{"rendered":"<p class=\"qtranxs-available-languages-message qtranxs-available-languages-message-en\">Sorry, this entry is only available in <a href=\"https:\/\/shop.verlag.uni-potsdam.de\/de\/wp-json\/wp\/v2\/product\/54610\" class=\"qtranxs-available-language-link qtranxs-available-language-link-de\" title=\"Deutsch\">Deutsch<\/a>.<\/p>\n<p>Viele der mittelost- und s\u00fcdosteurop\u00e4ischen L\u00e4nder haben mit der Migration ihrer Staatsb\u00fcrger nach Westeuropa zu k\u00e4mpfen und beklagen den brain drain ihrer jungen und gut ausgebildeten Generation. Dieses Buch widmet sich der Migration bulgarischer Staatsb\u00fcrger nach Deutschland und analysiert die positiven sowie negativen Auswirkungen der Migration auf Bulgarien als Herkunftsland selbst. Es werden die Daten, Personengruppen und Ursachen der Migration unter Ber\u00fccksichtigung der Push- und Pull-Faktoren beider L\u00e4nder seit dem EU-Beitritt 2007, insbesondere seit der EU-Arbeitnehmerfreiz\u00fcgigkeit 2014, analysiert. Ferner steht die Frage im Vordergrund, wie der bulgarische Staat und die Zivilgesellschaft mit dem Ph\u00e4nomen der Massenmigration umgehen und was zus\u00e4tzlich getan werden k\u00f6nnte, um die Migration gezielter zu steuern und so mehr Bulgaren f\u00fcr eine Zukunft in der Heimat zu begeistern.<\/p>\n","protected":false},"featured_media":54618,"template":"","meta":{"_acf_changed":false},"product_brand":[],"product_cat":[6223],"product_tag":[5198],"class_list":{"0":"post-54610","1":"product","2":"type-product","3":"status-publish","4":"has-post-thumbnail","6":"product_cat-politikwissenschaft-web-kategorie","7":"product_tag-bulgarien-deutschland-europa-flucht-integration-migration","8":"autor-tobias-thimm","10":"first","11":"instock","12":"shipping-taxable","13":"purchasable","14":"product-type-simple"},"acf":[],"yoast_head":"<!-- This site is optimized with the Yoast SEO plugin v27.1.1 - https:\/\/yoast.com\/product\/yoast-seo-wordpress\/ -->\n<title>Die Migration bulgarischer Staatsb\u00fcrger nach Deutschland - Universit\u00e4tsverlag Potsdam<\/title>\n<meta name=\"robots\" content=\"index, follow, max-snippet:-1, max-image-preview:large, max-video-preview:-1\" \/>\n<link rel=\"canonical\" href=\"https:\/\/shop.verlag.uni-potsdam.de\/en\/shop\/die-migration-bulgarischer-staatsbuerger-nach-deutschland\/\" \/>\n<meta property=\"og:locale\" content=\"en_US\" \/>\n<meta property=\"og:type\" content=\"article\" \/>\n<meta property=\"og:title\" content=\"Die Migration bulgarischer Staatsb\u00fcrger nach Deutschland - Universit\u00e4tsverlag Potsdam\" \/>\n<meta property=\"og:description\" content=\"Viele der mittelost- und s\u00fcdosteurop\u00e4ischen L\u00e4nder haben mit der Migration ihrer Staatsb\u00fcrger nach Westeuropa zu k\u00e4mpfen und beklagen den brain drain ihrer jungen und gut ausgebildeten Generation. Dieses Buch widmet sich der Migration bulgarischer Staatsb\u00fcrger nach Deutschland und analysiert die positiven sowie negativen Auswirkungen der Migration auf Bulgarien als Herkunftsland selbst. Es werden die Daten, Personengruppen und Ursachen der Migration unter Ber\u00fccksichtigung der Push- und Pull-Faktoren beider L\u00e4nder seit dem EU-Beitritt 2007, insbesondere seit der EU-Arbeitnehmerfreiz\u00fcgigkeit 2014, analysiert. Ferner steht die Frage im Vordergrund, wie der bulgarische Staat und die Zivilgesellschaft mit dem Ph\u00e4nomen der Massenmigration umgehen und was zus\u00e4tzlich getan werden k\u00f6nnte, um die Migration gezielter zu steuern und so mehr Bulgaren f\u00fcr eine Zukunft in der Heimat zu begeistern.\" \/>\n<meta property=\"og:url\" content=\"https:\/\/shop.verlag.uni-potsdam.de\/en\/shop\/die-migration-bulgarischer-staatsbuerger-nach-deutschland\/\" \/>\n<meta property=\"og:site_name\" content=\"Universit\u00e4tsverlag Potsdam\" \/>\n<meta property=\"article:modified_time\" content=\"2026-03-23T10:55:28+00:00\" \/>\n<meta property=\"og:image\" content=\"https:\/\/shop.verlag.uni-potsdam.de\/wp-content\/uploads\/asolmerce\/image-978-3-86956-425-8.jpg\" \/>\n\t<meta property=\"og:image:width\" content=\"1737\" \/>\n\t<meta property=\"og:image:height\" content=\"2406\" \/>\n\t<meta property=\"og:image:type\" content=\"image\/jpeg\" \/>\n<meta name=\"twitter:card\" content=\"summary_large_image\" \/>\n<meta name=\"twitter:label1\" content=\"Est. reading time\" \/>\n\t<meta name=\"twitter:data1\" content=\"1 minute\" \/>\n<script type=\"application\/ld+json\" class=\"yoast-schema-graph\">{\"@context\":\"https:\/\/schema.org\",\"@graph\":[{\"@type\":\"WebPage\",\"@id\":\"https:\/\/shop.verlag.uni-potsdam.de\/en\/shop\/die-migration-bulgarischer-staatsbuerger-nach-deutschland\/\",\"url\":\"https:\/\/shop.verlag.uni-potsdam.de\/en\/shop\/die-migration-bulgarischer-staatsbuerger-nach-deutschland\/\",\"name\":\"Die Migration bulgarischer Staatsb\u00fcrger nach Deutschland - Universit\u00e4tsverlag Potsdam\",\"isPartOf\":{\"@id\":\"https:\/\/shop.verlag.uni-potsdam.de\/en\/#website\"},\"primaryImageOfPage\":{\"@id\":\"https:\/\/shop.verlag.uni-potsdam.de\/en\/shop\/die-migration-bulgarischer-staatsbuerger-nach-deutschland\/#primaryimage\"},\"image\":{\"@id\":\"https:\/\/shop.verlag.uni-potsdam.de\/shop\/die-migration-bulgarischer-staatsbuerger-nach-deutschland\/#primaryimage\"},\"thumbnailUrl\":\"https:\/\/shop.verlag.uni-potsdam.de\/wp-content\/uploads\/asolmerce\/image-978-3-86956-425-8.jpg\",\"datePublished\":\"2026-03-23T08:54:28+00:00\",\"dateModified\":\"2026-03-23T10:55:28+00:00\",\"breadcrumb\":{\"@id\":\"https:\/\/shop.verlag.uni-potsdam.de\/en\/shop\/die-migration-bulgarischer-staatsbuerger-nach-deutschland\/#breadcrumb\"},\"inLanguage\":\"en-US\",\"potentialAction\":[{\"@type\":\"ReadAction\",\"target\":[[\"https:\/\/shop.verlag.uni-potsdam.de\/en\/shop\/die-migration-bulgarischer-staatsbuerger-nach-deutschland\/\"]]}]},{\"@type\":\"ImageObject\",\"inLanguage\":\"en-US\",\"@id\":\"https:\/\/shop.verlag.uni-potsdam.de\/en\/shop\/die-migration-bulgarischer-staatsbuerger-nach-deutschland\/#primaryimage\",\"url\":\"https:\/\/shop.verlag.uni-potsdam.de\/wp-content\/uploads\/asolmerce\/image-978-3-86956-425-8.jpg\",\"contentUrl\":\"https:\/\/shop.verlag.uni-potsdam.de\/wp-content\/uploads\/asolmerce\/image-978-3-86956-425-8.jpg\",\"width\":1737,\"height\":2406},{\"@type\":\"BreadcrumbList\",\"@id\":\"https:\/\/shop.verlag.uni-potsdam.de\/en\/shop\/die-migration-bulgarischer-staatsbuerger-nach-deutschland\/#breadcrumb\",\"itemListElement\":[{\"@type\":\"ListItem\",\"position\":1,\"name\":\"Startseite\",\"item\":\"https:\/\/shop.verlag.uni-potsdam.de\/en\/\"},{\"@type\":\"ListItem\",\"position\":2,\"name\":\"Shop\",\"item\":\"https:\/\/shop.verlag.uni-potsdam.de\/en\/shop\/\"},{\"@type\":\"ListItem\",\"position\":3,\"name\":\"Die Migration bulgarischer Staatsb\u00fcrger nach Deutschland\"}]},{\"@type\":\"WebSite\",\"@id\":\"https:\/\/shop.verlag.uni-potsdam.de\/en\/#website\",\"url\":\"https:\/\/shop.verlag.uni-potsdam.de\/en\/\",\"name\":\"Universit\u00e4tsverlag Potsdam\",\"description\":\"\",\"publisher\":{\"@id\":\"https:\/\/shop.verlag.uni-potsdam.de\/en\/#organization\"},\"potentialAction\":[{\"@type\":\"SearchAction\",\"target\":{\"@type\":\"EntryPoint\",\"urlTemplate\":\"https:\/\/shop.verlag.uni-potsdam.de\/en\/?s={search_term_string}\"},\"query-input\":{\"@type\":\"PropertyValueSpecification\",\"valueRequired\":true,\"valueName\":\"search_term_string\"}}],\"inLanguage\":\"en-US\"},{\"@type\":\"Organization\",\"@id\":\"https:\/\/shop.verlag.uni-potsdam.de\/en\/#organization\",\"name\":\"Universit\u00e4tsverlag Potsdam\",\"url\":\"https:\/\/shop.verlag.uni-potsdam.de\/en\/\",\"logo\":{\"@type\":\"ImageObject\",\"inLanguage\":\"en-US\",\"@id\":\"https:\/\/shop.verlag.uni-potsdam.de\/en\/#\/schema\/logo\/image\/\",\"url\":\"https:\/\/shop.verlag.uni-potsdam.de\/wp-content\/uploads\/2017\/04\/up_logo_university_2.png\",\"contentUrl\":\"https:\/\/shop.verlag.uni-potsdam.de\/wp-content\/uploads\/2017\/04\/up_logo_university_2.png\",\"width\":160,\"height\":172,\"caption\":\"Universit\u00e4tsverlag Potsdam\"},\"image\":{\"@id\":\"https:\/\/shop.verlag.uni-potsdam.de\/en\/#\/schema\/logo\/image\/\"}}]}<\/script>\n<!-- \/ Yoast SEO plugin. -->","yoast_head_json":{"title":"Die Migration bulgarischer Staatsb\u00fcrger nach Deutschland - Universit\u00e4tsverlag Potsdam","robots":{"index":"index","follow":"follow","max-snippet":"max-snippet:-1","max-image-preview":"max-image-preview:large","max-video-preview":"max-video-preview:-1"},"canonical":"https:\/\/shop.verlag.uni-potsdam.de\/en\/shop\/die-migration-bulgarischer-staatsbuerger-nach-deutschland\/","og_locale":"en_US","og_type":"article","og_title":"Die Migration bulgarischer Staatsb\u00fcrger nach Deutschland - Universit\u00e4tsverlag Potsdam","og_description":"Viele der mittelost- und s\u00fcdosteurop\u00e4ischen L\u00e4nder haben mit der Migration ihrer Staatsb\u00fcrger nach Westeuropa zu k\u00e4mpfen und beklagen den brain drain ihrer jungen und gut ausgebildeten Generation. Dieses Buch widmet sich der Migration bulgarischer Staatsb\u00fcrger nach Deutschland und analysiert die positiven sowie negativen Auswirkungen der Migration auf Bulgarien als Herkunftsland selbst. Es werden die Daten, Personengruppen und Ursachen der Migration unter Ber\u00fccksichtigung der Push- und Pull-Faktoren beider L\u00e4nder seit dem EU-Beitritt 2007, insbesondere seit der EU-Arbeitnehmerfreiz\u00fcgigkeit 2014, analysiert. Ferner steht die Frage im Vordergrund, wie der bulgarische Staat und die Zivilgesellschaft mit dem Ph\u00e4nomen der Massenmigration umgehen und was zus\u00e4tzlich getan werden k\u00f6nnte, um die Migration gezielter zu steuern und so mehr Bulgaren f\u00fcr eine Zukunft in der Heimat zu begeistern.","og_url":"https:\/\/shop.verlag.uni-potsdam.de\/en\/shop\/die-migration-bulgarischer-staatsbuerger-nach-deutschland\/","og_site_name":"Universit\u00e4tsverlag Potsdam","article_modified_time":"2026-03-23T10:55:28+00:00","og_image":[{"width":1737,"height":2406,"url":"https:\/\/shop.verlag.uni-potsdam.de\/wp-content\/uploads\/asolmerce\/image-978-3-86956-425-8.jpg","type":"image\/jpeg"}],"twitter_card":"summary_large_image","twitter_misc":{"Est. reading time":"1 minute"},"schema":{"@context":"https:\/\/schema.org","@graph":[{"@type":"WebPage","@id":"https:\/\/shop.verlag.uni-potsdam.de\/en\/shop\/die-migration-bulgarischer-staatsbuerger-nach-deutschland\/","url":"https:\/\/shop.verlag.uni-potsdam.de\/en\/shop\/die-migration-bulgarischer-staatsbuerger-nach-deutschland\/","name":"Die Migration bulgarischer Staatsb\u00fcrger nach Deutschland - Universit\u00e4tsverlag Potsdam","isPartOf":{"@id":"https:\/\/shop.verlag.uni-potsdam.de\/en\/#website"},"primaryImageOfPage":{"@id":"https:\/\/shop.verlag.uni-potsdam.de\/en\/shop\/die-migration-bulgarischer-staatsbuerger-nach-deutschland\/#primaryimage"},"image":{"@id":"https:\/\/shop.verlag.uni-potsdam.de\/shop\/die-migration-bulgarischer-staatsbuerger-nach-deutschland\/#primaryimage"},"thumbnailUrl":"https:\/\/shop.verlag.uni-potsdam.de\/wp-content\/uploads\/asolmerce\/image-978-3-86956-425-8.jpg","datePublished":"2026-03-23T08:54:28+00:00","dateModified":"2026-03-23T10:55:28+00:00","breadcrumb":{"@id":"https:\/\/shop.verlag.uni-potsdam.de\/en\/shop\/die-migration-bulgarischer-staatsbuerger-nach-deutschland\/#breadcrumb"},"inLanguage":"en-US","potentialAction":[{"@type":"ReadAction","target":[["https:\/\/shop.verlag.uni-potsdam.de\/en\/shop\/die-migration-bulgarischer-staatsbuerger-nach-deutschland\/"]]}]},{"@type":"ImageObject","inLanguage":"en-US","@id":"https:\/\/shop.verlag.uni-potsdam.de\/en\/shop\/die-migration-bulgarischer-staatsbuerger-nach-deutschland\/#primaryimage","url":"https:\/\/shop.verlag.uni-potsdam.de\/wp-content\/uploads\/asolmerce\/image-978-3-86956-425-8.jpg","contentUrl":"https:\/\/shop.verlag.uni-potsdam.de\/wp-content\/uploads\/asolmerce\/image-978-3-86956-425-8.jpg","width":1737,"height":2406},{"@type":"BreadcrumbList","@id":"https:\/\/shop.verlag.uni-potsdam.de\/en\/shop\/die-migration-bulgarischer-staatsbuerger-nach-deutschland\/#breadcrumb","itemListElement":[{"@type":"ListItem","position":1,"name":"Startseite","item":"https:\/\/shop.verlag.uni-potsdam.de\/en\/"},{"@type":"ListItem","position":2,"name":"Shop","item":"https:\/\/shop.verlag.uni-potsdam.de\/en\/shop\/"},{"@type":"ListItem","position":3,"name":"Die Migration bulgarischer Staatsb\u00fcrger nach Deutschland"}]},{"@type":"WebSite","@id":"https:\/\/shop.verlag.uni-potsdam.de\/en\/#website","url":"https:\/\/shop.verlag.uni-potsdam.de\/en\/","name":"Universit\u00e4tsverlag Potsdam","description":"","publisher":{"@id":"https:\/\/shop.verlag.uni-potsdam.de\/en\/#organization"},"potentialAction":[{"@type":"SearchAction","target":{"@type":"EntryPoint","urlTemplate":"https:\/\/shop.verlag.uni-potsdam.de\/en\/?s={search_term_string}"},"query-input":{"@type":"PropertyValueSpecification","valueRequired":true,"valueName":"search_term_string"}}],"inLanguage":"en-US"},{"@type":"Organization","@id":"https:\/\/shop.verlag.uni-potsdam.de\/en\/#organization","name":"Universit\u00e4tsverlag Potsdam","url":"https:\/\/shop.verlag.uni-potsdam.de\/en\/","logo":{"@type":"ImageObject","inLanguage":"en-US","@id":"https:\/\/shop.verlag.uni-potsdam.de\/en\/#\/schema\/logo\/image\/","url":"https:\/\/shop.verlag.uni-potsdam.de\/wp-content\/uploads\/2017\/04\/up_logo_university_2.png","contentUrl":"https:\/\/shop.verlag.uni-potsdam.de\/wp-content\/uploads\/2017\/04\/up_logo_university_2.png","width":160,"height":172,"caption":"Universit\u00e4tsverlag Potsdam"},"image":{"@id":"https:\/\/shop.verlag.uni-potsdam.de\/en\/#\/schema\/logo\/image\/"}}]}},"_links":{"self":[{"href":"https:\/\/shop.verlag.uni-potsdam.de\/en\/wp-json\/wp\/v2\/product\/54610","targetHints":{"allow":["GET"]}}],"collection":[{"href":"https:\/\/shop.verlag.uni-potsdam.de\/en\/wp-json\/wp\/v2\/product"}],"about":[{"href":"https:\/\/shop.verlag.uni-potsdam.de\/en\/wp-json\/wp\/v2\/types\/product"}],"wp:featuredmedia":[{"embeddable":true,"href":"https:\/\/shop.verlag.uni-potsdam.de\/en\/wp-json\/wp\/v2\/media\/54618"}],"wp:attachment":[{"href":"https:\/\/shop.verlag.uni-potsdam.de\/en\/wp-json\/wp\/v2\/media?parent=54610"}],"wp:term":[{"taxonomy":"product_brand","embeddable":true,"href":"https:\/\/shop.verlag.uni-potsdam.de\/en\/wp-json\/wp\/v2\/product_brand?post=54610"},{"taxonomy":"product_cat","embeddable":true,"href":"https:\/\/shop.verlag.uni-potsdam.de\/en\/wp-json\/wp\/v2\/product_cat?post=54610"},{"taxonomy":"product_tag","embeddable":true,"href":"https:\/\/shop.verlag.uni-potsdam.de\/en\/wp-json\/wp\/v2\/product_tag?post=54610"}],"curies":[{"name":"wp","href":"https:\/\/api.w.org\/{rel}","templated":true}]}}