{"id":54678,"date":"2026-03-23T08:54:28","date_gmt":"2026-03-23T08:54:28","guid":{"rendered":"https:\/\/shop.verlag.uni-potsdam.de\/shop\/when-the-legend-becomes-fact\/"},"modified":"2026-03-23T11:55:28","modified_gmt":"2026-03-23T10:55:28","slug":"when-the-legend-becomes-fact","status":"publish","type":"product","link":"https:\/\/shop.verlag.uni-potsdam.de\/en\/shop\/when-the-legend-becomes-fact\/","title":{"rendered":"\u201c\u2026 when the legend becomes fact \u2026\u201d"},"content":{"rendered":"<p class=\"qtranxs-available-languages-message qtranxs-available-languages-message-en\">Sorry, this entry is only available in <a href=\"https:\/\/shop.verlag.uni-potsdam.de\/de\/wp-json\/wp\/v2\/product\/54678\" class=\"qtranxs-available-language-link qtranxs-available-language-link-de\" title=\"Deutsch\">Deutsch<\/a>.<\/p><p>Der historische Spielfilm z\u00e4hlt zu den popul\u00e4rsten Formen geschichtskultureller Artikulation. Als solche ist er Gegenstand kontroverser Diskussionen \u00fcber einen angemessenen didaktischen Umgang. Vor diesem Hintergrund ist es das Ziel der vorliegenden Arbeit, ein integratives, theoretisch und empirisch abgesichertes Analysemodell zu entwickeln, das nach den Tiefenstrukturen historischen Erz\u00e4hlens im Medium des Spielfilms fragt und dabei unterschiedliche Erscheinungsformen historischer Spielfilme ber\u00fccksichtigt. Die \u00dcberlegungen bewegen sich deshalb in einem interdisziplin\u00e4ren Spannungsfeld von Theorien zum historischen Erz\u00e4hlen und Konzepten der Literatur- und Filmwissenschaft. Die Diskussion und Synthese dieser unterschiedlichen Konzepte geht dabei \u2013 auf der Grundlage einer gro\u00dfen Materialbasis \u2013 vom Gegenstand aus und ist induktiv angelegt. Als Orientierung f\u00fcr die praktische Arbeit werden am Ende der einzelnen Kapitel Toolkits entwickelt, die zu einer vertieften Auseinandersetzung mit historischen Spielfilmen anregen sollen.<\/p>","protected":false},"excerpt":{"rendered":"<p class=\"qtranxs-available-languages-message qtranxs-available-languages-message-en\">Sorry, this entry is only available in <a href=\"https:\/\/shop.verlag.uni-potsdam.de\/de\/wp-json\/wp\/v2\/product\/54678\" class=\"qtranxs-available-language-link qtranxs-available-language-link-de\" title=\"Deutsch\">Deutsch<\/a>.<\/p>\n<p>Der historische Spielfilm z\u00e4hlt zu den popul\u00e4rsten Formen geschichtskultureller Artikulation. Als solche ist er Gegenstand kontroverser Diskussionen \u00fcber einen angemessenen didaktischen Umgang. Vor diesem Hintergrund ist es das Ziel der vorliegenden Arbeit, ein integratives, theoretisch und empirisch abgesichertes Analysemodell zu entwickeln, das nach den Tiefenstrukturen historischen Erz\u00e4hlens im Medium des Spielfilms fragt und dabei unterschiedliche Erscheinungsformen historischer Spielfilme ber\u00fccksichtigt. Die \u00dcberlegungen bewegen sich deshalb in einem interdisziplin\u00e4ren Spannungsfeld von Theorien zum historischen Erz\u00e4hlen und Konzepten der Literatur- und Filmwissenschaft. Die Diskussion und Synthese dieser unterschiedlichen Konzepte geht dabei \u2013 auf der Grundlage einer gro\u00dfen Materialbasis \u2013 vom Gegenstand aus und ist induktiv angelegt. Als Orientierung f\u00fcr die praktische Arbeit werden am Ende der einzelnen Kapitel Toolkits entwickelt, die zu einer vertieften Auseinandersetzung mit historischen Spielfilmen anregen sollen.<\/p>\n","protected":false},"featured_media":55607,"template":"","meta":{"_acf_changed":false},"product_brand":[],"product_cat":[6207,6213,6217,6220],"product_tag":[5971],"class_list":{"0":"post-54678","1":"product","2":"type-product","3":"status-publish","4":"has-post-thumbnail","6":"product_cat-geschichte-web-kategorie","7":"product_cat-kunst-web-kategorie","8":"product_cat-medien-kommunikation-web-kategorie","9":"product_cat-paedagogik-web-kategorie","10":"product_tag-historischer-spielfilm-geschichtsunterricht-narrativitaet-authentizitaet-medialitaet","11":"autor-christopher-georg-brandt","13":"first","14":"instock","15":"shipping-taxable","16":"purchasable","17":"product-type-simple"},"acf":[],"yoast_head":"<!-- This site is optimized with the Yoast SEO plugin v27.1.1 - https:\/\/yoast.com\/product\/yoast-seo-wordpress\/ -->\n<title>\u201c\u2026 when the legend becomes fact \u2026\u201d - Universit\u00e4tsverlag Potsdam<\/title>\n<meta name=\"robots\" content=\"index, follow, max-snippet:-1, max-image-preview:large, max-video-preview:-1\" \/>\n<link rel=\"canonical\" href=\"https:\/\/shop.verlag.uni-potsdam.de\/en\/shop\/when-the-legend-becomes-fact\/\" \/>\n<meta property=\"og:locale\" content=\"en_US\" \/>\n<meta property=\"og:type\" content=\"article\" \/>\n<meta property=\"og:title\" content=\"\u201c\u2026 when the legend becomes fact \u2026\u201d - Universit\u00e4tsverlag Potsdam\" \/>\n<meta property=\"og:description\" content=\"Der historische Spielfilm z\u00e4hlt zu den popul\u00e4rsten Formen geschichtskultureller Artikulation. Als solche ist er Gegenstand kontroverser Diskussionen \u00fcber einen angemessenen didaktischen Umgang. Vor diesem Hintergrund ist es das Ziel der vorliegenden Arbeit, ein integratives, theoretisch und empirisch abgesichertes Analysemodell zu entwickeln, das nach den Tiefenstrukturen historischen Erz\u00e4hlens im Medium des Spielfilms fragt und dabei unterschiedliche Erscheinungsformen historischer Spielfilme ber\u00fccksichtigt. Die \u00dcberlegungen bewegen sich deshalb in einem interdisziplin\u00e4ren Spannungsfeld von Theorien zum historischen Erz\u00e4hlen und Konzepten der Literatur- und Filmwissenschaft. Die Diskussion und Synthese dieser unterschiedlichen Konzepte geht dabei \u2013 auf der Grundlage einer gro\u00dfen Materialbasis \u2013 vom Gegenstand aus und ist induktiv angelegt. Als Orientierung f\u00fcr die praktische Arbeit werden am Ende der einzelnen Kapitel Toolkits entwickelt, die zu einer vertieften Auseinandersetzung mit historischen Spielfilmen anregen sollen.\" \/>\n<meta property=\"og:url\" content=\"https:\/\/shop.verlag.uni-potsdam.de\/en\/shop\/when-the-legend-becomes-fact\/\" \/>\n<meta property=\"og:site_name\" content=\"Universit\u00e4tsverlag Potsdam\" \/>\n<meta property=\"article:modified_time\" content=\"2026-03-23T10:55:28+00:00\" \/>\n<meta property=\"og:image\" content=\"https:\/\/shop.verlag.uni-potsdam.de\/wp-content\/uploads\/asolmerce\/image-978-3-86956-429-6.jpg\" \/>\n\t<meta property=\"og:image:width\" content=\"1813\" \/>\n\t<meta property=\"og:image:height\" content=\"2560\" \/>\n\t<meta property=\"og:image:type\" content=\"image\/jpeg\" \/>\n<meta name=\"twitter:card\" content=\"summary_large_image\" \/>\n<meta name=\"twitter:label1\" content=\"Est. reading time\" \/>\n\t<meta name=\"twitter:data1\" content=\"1 minute\" \/>\n<script type=\"application\/ld+json\" class=\"yoast-schema-graph\">{\"@context\":\"https:\/\/schema.org\",\"@graph\":[{\"@type\":\"WebPage\",\"@id\":\"https:\/\/shop.verlag.uni-potsdam.de\/en\/shop\/when-the-legend-becomes-fact\/\",\"url\":\"https:\/\/shop.verlag.uni-potsdam.de\/en\/shop\/when-the-legend-becomes-fact\/\",\"name\":\"\u201c\u2026 when the legend becomes fact \u2026\u201d - Universit\u00e4tsverlag Potsdam\",\"isPartOf\":{\"@id\":\"https:\/\/shop.verlag.uni-potsdam.de\/en\/#website\"},\"primaryImageOfPage\":{\"@id\":\"https:\/\/shop.verlag.uni-potsdam.de\/en\/shop\/when-the-legend-becomes-fact\/#primaryimage\"},\"image\":{\"@id\":\"https:\/\/shop.verlag.uni-potsdam.de\/shop\/when-the-legend-becomes-fact\/#primaryimage\"},\"thumbnailUrl\":\"https:\/\/shop.verlag.uni-potsdam.de\/wp-content\/uploads\/asolmerce\/image-978-3-86956-429-6.jpg\",\"datePublished\":\"2026-03-23T08:54:28+00:00\",\"dateModified\":\"2026-03-23T10:55:28+00:00\",\"breadcrumb\":{\"@id\":\"https:\/\/shop.verlag.uni-potsdam.de\/en\/shop\/when-the-legend-becomes-fact\/#breadcrumb\"},\"inLanguage\":\"en-US\",\"potentialAction\":[{\"@type\":\"ReadAction\",\"target\":[[\"https:\/\/shop.verlag.uni-potsdam.de\/en\/shop\/when-the-legend-becomes-fact\/\"]]}]},{\"@type\":\"ImageObject\",\"inLanguage\":\"en-US\",\"@id\":\"https:\/\/shop.verlag.uni-potsdam.de\/en\/shop\/when-the-legend-becomes-fact\/#primaryimage\",\"url\":\"https:\/\/shop.verlag.uni-potsdam.de\/wp-content\/uploads\/asolmerce\/image-978-3-86956-429-6.jpg\",\"contentUrl\":\"https:\/\/shop.verlag.uni-potsdam.de\/wp-content\/uploads\/asolmerce\/image-978-3-86956-429-6.jpg\",\"width\":1813,\"height\":2560},{\"@type\":\"BreadcrumbList\",\"@id\":\"https:\/\/shop.verlag.uni-potsdam.de\/en\/shop\/when-the-legend-becomes-fact\/#breadcrumb\",\"itemListElement\":[{\"@type\":\"ListItem\",\"position\":1,\"name\":\"Startseite\",\"item\":\"https:\/\/shop.verlag.uni-potsdam.de\/en\/\"},{\"@type\":\"ListItem\",\"position\":2,\"name\":\"Shop\",\"item\":\"https:\/\/shop.verlag.uni-potsdam.de\/en\/shop\/\"},{\"@type\":\"ListItem\",\"position\":3,\"name\":\"\u201c\u2026 when the legend becomes fact \u2026\u201d\"}]},{\"@type\":\"WebSite\",\"@id\":\"https:\/\/shop.verlag.uni-potsdam.de\/en\/#website\",\"url\":\"https:\/\/shop.verlag.uni-potsdam.de\/en\/\",\"name\":\"Universit\u00e4tsverlag Potsdam\",\"description\":\"\",\"publisher\":{\"@id\":\"https:\/\/shop.verlag.uni-potsdam.de\/en\/#organization\"},\"potentialAction\":[{\"@type\":\"SearchAction\",\"target\":{\"@type\":\"EntryPoint\",\"urlTemplate\":\"https:\/\/shop.verlag.uni-potsdam.de\/en\/?s={search_term_string}\"},\"query-input\":{\"@type\":\"PropertyValueSpecification\",\"valueRequired\":true,\"valueName\":\"search_term_string\"}}],\"inLanguage\":\"en-US\"},{\"@type\":\"Organization\",\"@id\":\"https:\/\/shop.verlag.uni-potsdam.de\/en\/#organization\",\"name\":\"Universit\u00e4tsverlag Potsdam\",\"url\":\"https:\/\/shop.verlag.uni-potsdam.de\/en\/\",\"logo\":{\"@type\":\"ImageObject\",\"inLanguage\":\"en-US\",\"@id\":\"https:\/\/shop.verlag.uni-potsdam.de\/en\/#\/schema\/logo\/image\/\",\"url\":\"https:\/\/shop.verlag.uni-potsdam.de\/wp-content\/uploads\/2017\/04\/up_logo_university_2.png\",\"contentUrl\":\"https:\/\/shop.verlag.uni-potsdam.de\/wp-content\/uploads\/2017\/04\/up_logo_university_2.png\",\"width\":160,\"height\":172,\"caption\":\"Universit\u00e4tsverlag Potsdam\"},\"image\":{\"@id\":\"https:\/\/shop.verlag.uni-potsdam.de\/en\/#\/schema\/logo\/image\/\"}}]}<\/script>\n<!-- \/ Yoast SEO plugin. -->","yoast_head_json":{"title":"\u201c\u2026 when the legend becomes fact \u2026\u201d - Universit\u00e4tsverlag Potsdam","robots":{"index":"index","follow":"follow","max-snippet":"max-snippet:-1","max-image-preview":"max-image-preview:large","max-video-preview":"max-video-preview:-1"},"canonical":"https:\/\/shop.verlag.uni-potsdam.de\/en\/shop\/when-the-legend-becomes-fact\/","og_locale":"en_US","og_type":"article","og_title":"\u201c\u2026 when the legend becomes fact \u2026\u201d - Universit\u00e4tsverlag Potsdam","og_description":"Der historische Spielfilm z\u00e4hlt zu den popul\u00e4rsten Formen geschichtskultureller Artikulation. Als solche ist er Gegenstand kontroverser Diskussionen \u00fcber einen angemessenen didaktischen Umgang. Vor diesem Hintergrund ist es das Ziel der vorliegenden Arbeit, ein integratives, theoretisch und empirisch abgesichertes Analysemodell zu entwickeln, das nach den Tiefenstrukturen historischen Erz\u00e4hlens im Medium des Spielfilms fragt und dabei unterschiedliche Erscheinungsformen historischer Spielfilme ber\u00fccksichtigt. Die \u00dcberlegungen bewegen sich deshalb in einem interdisziplin\u00e4ren Spannungsfeld von Theorien zum historischen Erz\u00e4hlen und Konzepten der Literatur- und Filmwissenschaft. Die Diskussion und Synthese dieser unterschiedlichen Konzepte geht dabei \u2013 auf der Grundlage einer gro\u00dfen Materialbasis \u2013 vom Gegenstand aus und ist induktiv angelegt. Als Orientierung f\u00fcr die praktische Arbeit werden am Ende der einzelnen Kapitel Toolkits entwickelt, die zu einer vertieften Auseinandersetzung mit historischen Spielfilmen anregen sollen.","og_url":"https:\/\/shop.verlag.uni-potsdam.de\/en\/shop\/when-the-legend-becomes-fact\/","og_site_name":"Universit\u00e4tsverlag Potsdam","article_modified_time":"2026-03-23T10:55:28+00:00","og_image":[{"width":1813,"height":2560,"url":"https:\/\/shop.verlag.uni-potsdam.de\/wp-content\/uploads\/asolmerce\/image-978-3-86956-429-6.jpg","type":"image\/jpeg"}],"twitter_card":"summary_large_image","twitter_misc":{"Est. reading time":"1 minute"},"schema":{"@context":"https:\/\/schema.org","@graph":[{"@type":"WebPage","@id":"https:\/\/shop.verlag.uni-potsdam.de\/en\/shop\/when-the-legend-becomes-fact\/","url":"https:\/\/shop.verlag.uni-potsdam.de\/en\/shop\/when-the-legend-becomes-fact\/","name":"\u201c\u2026 when the legend becomes fact \u2026\u201d - Universit\u00e4tsverlag Potsdam","isPartOf":{"@id":"https:\/\/shop.verlag.uni-potsdam.de\/en\/#website"},"primaryImageOfPage":{"@id":"https:\/\/shop.verlag.uni-potsdam.de\/en\/shop\/when-the-legend-becomes-fact\/#primaryimage"},"image":{"@id":"https:\/\/shop.verlag.uni-potsdam.de\/shop\/when-the-legend-becomes-fact\/#primaryimage"},"thumbnailUrl":"https:\/\/shop.verlag.uni-potsdam.de\/wp-content\/uploads\/asolmerce\/image-978-3-86956-429-6.jpg","datePublished":"2026-03-23T08:54:28+00:00","dateModified":"2026-03-23T10:55:28+00:00","breadcrumb":{"@id":"https:\/\/shop.verlag.uni-potsdam.de\/en\/shop\/when-the-legend-becomes-fact\/#breadcrumb"},"inLanguage":"en-US","potentialAction":[{"@type":"ReadAction","target":[["https:\/\/shop.verlag.uni-potsdam.de\/en\/shop\/when-the-legend-becomes-fact\/"]]}]},{"@type":"ImageObject","inLanguage":"en-US","@id":"https:\/\/shop.verlag.uni-potsdam.de\/en\/shop\/when-the-legend-becomes-fact\/#primaryimage","url":"https:\/\/shop.verlag.uni-potsdam.de\/wp-content\/uploads\/asolmerce\/image-978-3-86956-429-6.jpg","contentUrl":"https:\/\/shop.verlag.uni-potsdam.de\/wp-content\/uploads\/asolmerce\/image-978-3-86956-429-6.jpg","width":1813,"height":2560},{"@type":"BreadcrumbList","@id":"https:\/\/shop.verlag.uni-potsdam.de\/en\/shop\/when-the-legend-becomes-fact\/#breadcrumb","itemListElement":[{"@type":"ListItem","position":1,"name":"Startseite","item":"https:\/\/shop.verlag.uni-potsdam.de\/en\/"},{"@type":"ListItem","position":2,"name":"Shop","item":"https:\/\/shop.verlag.uni-potsdam.de\/en\/shop\/"},{"@type":"ListItem","position":3,"name":"\u201c\u2026 when the legend becomes fact \u2026\u201d"}]},{"@type":"WebSite","@id":"https:\/\/shop.verlag.uni-potsdam.de\/en\/#website","url":"https:\/\/shop.verlag.uni-potsdam.de\/en\/","name":"Universit\u00e4tsverlag Potsdam","description":"","publisher":{"@id":"https:\/\/shop.verlag.uni-potsdam.de\/en\/#organization"},"potentialAction":[{"@type":"SearchAction","target":{"@type":"EntryPoint","urlTemplate":"https:\/\/shop.verlag.uni-potsdam.de\/en\/?s={search_term_string}"},"query-input":{"@type":"PropertyValueSpecification","valueRequired":true,"valueName":"search_term_string"}}],"inLanguage":"en-US"},{"@type":"Organization","@id":"https:\/\/shop.verlag.uni-potsdam.de\/en\/#organization","name":"Universit\u00e4tsverlag Potsdam","url":"https:\/\/shop.verlag.uni-potsdam.de\/en\/","logo":{"@type":"ImageObject","inLanguage":"en-US","@id":"https:\/\/shop.verlag.uni-potsdam.de\/en\/#\/schema\/logo\/image\/","url":"https:\/\/shop.verlag.uni-potsdam.de\/wp-content\/uploads\/2017\/04\/up_logo_university_2.png","contentUrl":"https:\/\/shop.verlag.uni-potsdam.de\/wp-content\/uploads\/2017\/04\/up_logo_university_2.png","width":160,"height":172,"caption":"Universit\u00e4tsverlag Potsdam"},"image":{"@id":"https:\/\/shop.verlag.uni-potsdam.de\/en\/#\/schema\/logo\/image\/"}}]}},"_links":{"self":[{"href":"https:\/\/shop.verlag.uni-potsdam.de\/en\/wp-json\/wp\/v2\/product\/54678","targetHints":{"allow":["GET"]}}],"collection":[{"href":"https:\/\/shop.verlag.uni-potsdam.de\/en\/wp-json\/wp\/v2\/product"}],"about":[{"href":"https:\/\/shop.verlag.uni-potsdam.de\/en\/wp-json\/wp\/v2\/types\/product"}],"wp:featuredmedia":[{"embeddable":true,"href":"https:\/\/shop.verlag.uni-potsdam.de\/en\/wp-json\/wp\/v2\/media\/55607"}],"wp:attachment":[{"href":"https:\/\/shop.verlag.uni-potsdam.de\/en\/wp-json\/wp\/v2\/media?parent=54678"}],"wp:term":[{"taxonomy":"product_brand","embeddable":true,"href":"https:\/\/shop.verlag.uni-potsdam.de\/en\/wp-json\/wp\/v2\/product_brand?post=54678"},{"taxonomy":"product_cat","embeddable":true,"href":"https:\/\/shop.verlag.uni-potsdam.de\/en\/wp-json\/wp\/v2\/product_cat?post=54678"},{"taxonomy":"product_tag","embeddable":true,"href":"https:\/\/shop.verlag.uni-potsdam.de\/en\/wp-json\/wp\/v2\/product_tag?post=54678"}],"curies":[{"name":"wp","href":"https:\/\/api.w.org\/{rel}","templated":true}]}}