{"id":55042,"date":"2026-03-23T08:54:29","date_gmt":"2026-03-23T08:54:29","guid":{"rendered":"https:\/\/shop.verlag.uni-potsdam.de\/shop\/www-brand2-wissen\/"},"modified":"2026-03-23T11:55:29","modified_gmt":"2026-03-23T10:55:29","slug":"www-brand2-wissen","status":"publish","type":"product","link":"https:\/\/shop.verlag.uni-potsdam.de\/en\/shop\/www-brand2-wissen\/","title":{"rendered":"www.BrAnD2. Wissen."},"content":{"rendered":"<p class=\"qtranxs-available-languages-message qtranxs-available-languages-message-en\">Sorry, this entry is only available in <a href=\"https:\/\/shop.verlag.uni-potsdam.de\/de\/wp-json\/wp\/v2\/product\/55042\" class=\"qtranxs-available-language-link qtranxs-available-language-link-de\" title=\"Deutsch\">Deutsch<\/a>.<\/p><p>Mit \u201eWissen\u201c kommt der zweite Durchgang des insgesamt dreij\u00e4hrigen Brandenburger Antike-Denkwerks zum Abschluss, das der Zusammenarbeit zwischen der Klassischen Philologie der Universit\u00e4t Potsdam und ausgew\u00e4hlten Brandenburger Gymnasien dient und von der Robert Bosch Stiftung gef\u00f6rdert wird. Der vorliegende Band enth\u00e4lt zum einen die beiden Impulsvortr\u00e4ge vom Potsdamer Lateintag im Oktober 2017: Prof. Dr. Claudia Tiersch zeigt, inwiefern sich im antiken Rom Raumwissen als Raumpolitik offenbarte, und Frau PD Dr. Nicola H\u00f6mke beleuchtet den Streit um die \u201erichtige\u201c Wissensvermittlung an r\u00f6mische Sch\u00fcler in der ausgehenden Republik. Zum anderen sind die fantasievollen Ergebnisse dokumentiert, die die Sch\u00fcler zusammen mit ihren studentischen Mentoren in der mehrmonatigen Projektphase zum Thema \u201eWissen\u201c erarbeiteten und auf einem eigenen Sch\u00fclerkongress im M\u00e4rz 2018 pr\u00e4sentierten.<\/p>","protected":false},"excerpt":{"rendered":"<p class=\"qtranxs-available-languages-message qtranxs-available-languages-message-en\">Sorry, this entry is only available in <a href=\"https:\/\/shop.verlag.uni-potsdam.de\/de\/wp-json\/wp\/v2\/product\/55042\" class=\"qtranxs-available-language-link qtranxs-available-language-link-de\" title=\"Deutsch\">Deutsch<\/a>.<\/p>\n<p>Mit \u201eWissen\u201c kommt der zweite Durchgang des insgesamt dreij\u00e4hrigen Brandenburger Antike-Denkwerks zum Abschluss, das der Zusammenarbeit zwischen der Klassischen Philologie der Universit\u00e4t Potsdam und ausgew\u00e4hlten Brandenburger Gymnasien dient und von der Robert Bosch Stiftung gef\u00f6rdert wird. Der vorliegende Band enth\u00e4lt zum einen die beiden Impulsvortr\u00e4ge vom Potsdamer Lateintag im Oktober 2017: Prof. Dr. Claudia Tiersch zeigt, inwiefern sich im antiken Rom Raumwissen als Raumpolitik offenbarte, und Frau PD Dr. Nicola H\u00f6mke beleuchtet den Streit um die \u201erichtige\u201c Wissensvermittlung an r\u00f6mische Sch\u00fcler in der ausgehenden Republik. Zum anderen sind die fantasievollen Ergebnisse dokumentiert, die die Sch\u00fcler zusammen mit ihren studentischen Mentoren in der mehrmonatigen Projektphase zum Thema \u201eWissen\u201c erarbeiteten und auf einem eigenen Sch\u00fclerkongress im M\u00e4rz 2018 pr\u00e4sentierten.<\/p>\n","protected":false},"featured_media":55138,"template":"","meta":{"_acf_changed":false},"product_brand":[],"product_cat":[6207,6229],"product_tag":[5760,5756,5759,5758],"class_list":{"0":"post-55042","1":"product","2":"type-product","3":"status-publish","4":"has-post-thumbnail","6":"product_cat-geschichte-web-kategorie","7":"product_cat-sprachwissenschaft-literaturwissenschaft-web-kategorie","8":"product_tag-antike-antike-denkwerk-geschichte-lateinunterricht","9":"product_tag-potsdamer-lateintag","10":"product_tag-schule","11":"product_tag-wissensvermittlung","12":"autor-alexandra-forst","13":"autor-benno-jakobus-walde","14":"autor-brunhild-glockemann","15":"autor-cindy-korn","16":"autor-claudia-tiersch","17":"autor-josephine-meinert","18":"autor-julia-vander-elst","19":"autor-nicola-hoemke","20":"autor-paul-rolf-koeppe","22":"first","23":"instock","24":"shipping-taxable","25":"purchasable","26":"product-type-simple"},"acf":[],"yoast_head":"<!-- This site is optimized with the Yoast SEO plugin v27.1.1 - https:\/\/yoast.com\/product\/yoast-seo-wordpress\/ -->\n<title>www.BrAnD2. Wissen. - Universit\u00e4tsverlag Potsdam<\/title>\n<meta name=\"robots\" content=\"index, follow, max-snippet:-1, max-image-preview:large, max-video-preview:-1\" \/>\n<link rel=\"canonical\" href=\"https:\/\/shop.verlag.uni-potsdam.de\/en\/shop\/www-brand2-wissen\/\" \/>\n<meta property=\"og:locale\" content=\"en_US\" \/>\n<meta property=\"og:type\" content=\"article\" \/>\n<meta property=\"og:title\" content=\"www.BrAnD2. Wissen. - Universit\u00e4tsverlag Potsdam\" \/>\n<meta property=\"og:description\" content=\"Mit \u201eWissen\u201c kommt der zweite Durchgang des insgesamt dreij\u00e4hrigen Brandenburger Antike-Denkwerks zum Abschluss, das der Zusammenarbeit zwischen der Klassischen Philologie der Universit\u00e4t Potsdam und ausgew\u00e4hlten Brandenburger Gymnasien dient und von der Robert Bosch Stiftung gef\u00f6rdert wird. Der vorliegende Band enth\u00e4lt zum einen die beiden Impulsvortr\u00e4ge vom Potsdamer Lateintag im Oktober 2017: Prof. Dr. Claudia Tiersch zeigt, inwiefern sich im antiken Rom Raumwissen als Raumpolitik offenbarte, und Frau PD Dr. Nicola H\u00f6mke beleuchtet den Streit um die \u201erichtige\u201c Wissensvermittlung an r\u00f6mische Sch\u00fcler in der ausgehenden Republik. Zum anderen sind die fantasievollen Ergebnisse dokumentiert, die die Sch\u00fcler zusammen mit ihren studentischen Mentoren in der mehrmonatigen Projektphase zum Thema \u201eWissen\u201c erarbeiteten und auf einem eigenen Sch\u00fclerkongress im M\u00e4rz 2018 pr\u00e4sentierten.\" \/>\n<meta property=\"og:url\" content=\"https:\/\/shop.verlag.uni-potsdam.de\/en\/shop\/www-brand2-wissen\/\" \/>\n<meta property=\"og:site_name\" content=\"Universit\u00e4tsverlag Potsdam\" \/>\n<meta property=\"article:modified_time\" content=\"2026-03-23T10:55:29+00:00\" \/>\n<meta property=\"og:image\" content=\"https:\/\/shop.verlag.uni-potsdam.de\/wp-content\/uploads\/asolmerce\/image-978-3-86956-424-1.jpg\" \/>\n\t<meta property=\"og:image:width\" content=\"1166\" \/>\n\t<meta property=\"og:image:height\" content=\"1654\" \/>\n\t<meta property=\"og:image:type\" content=\"image\/jpeg\" \/>\n<meta name=\"twitter:card\" content=\"summary_large_image\" \/>\n<meta name=\"twitter:label1\" content=\"Est. reading time\" \/>\n\t<meta name=\"twitter:data1\" content=\"1 minute\" \/>\n<script type=\"application\/ld+json\" class=\"yoast-schema-graph\">{\"@context\":\"https:\/\/schema.org\",\"@graph\":[{\"@type\":\"WebPage\",\"@id\":\"https:\/\/shop.verlag.uni-potsdam.de\/en\/shop\/www-brand2-wissen\/\",\"url\":\"https:\/\/shop.verlag.uni-potsdam.de\/en\/shop\/www-brand2-wissen\/\",\"name\":\"www.BrAnD2. Wissen. - Universit\u00e4tsverlag Potsdam\",\"isPartOf\":{\"@id\":\"https:\/\/shop.verlag.uni-potsdam.de\/en\/#website\"},\"primaryImageOfPage\":{\"@id\":\"https:\/\/shop.verlag.uni-potsdam.de\/en\/shop\/www-brand2-wissen\/#primaryimage\"},\"image\":{\"@id\":\"https:\/\/shop.verlag.uni-potsdam.de\/shop\/www-brand2-wissen\/#primaryimage\"},\"thumbnailUrl\":\"https:\/\/shop.verlag.uni-potsdam.de\/wp-content\/uploads\/asolmerce\/image-978-3-86956-424-1.jpg\",\"datePublished\":\"2026-03-23T08:54:29+00:00\",\"dateModified\":\"2026-03-23T10:55:29+00:00\",\"breadcrumb\":{\"@id\":\"https:\/\/shop.verlag.uni-potsdam.de\/en\/shop\/www-brand2-wissen\/#breadcrumb\"},\"inLanguage\":\"en-US\",\"potentialAction\":[{\"@type\":\"ReadAction\",\"target\":[[\"https:\/\/shop.verlag.uni-potsdam.de\/en\/shop\/www-brand2-wissen\/\"]]}]},{\"@type\":\"ImageObject\",\"inLanguage\":\"en-US\",\"@id\":\"https:\/\/shop.verlag.uni-potsdam.de\/en\/shop\/www-brand2-wissen\/#primaryimage\",\"url\":\"https:\/\/shop.verlag.uni-potsdam.de\/wp-content\/uploads\/asolmerce\/image-978-3-86956-424-1.jpg\",\"contentUrl\":\"https:\/\/shop.verlag.uni-potsdam.de\/wp-content\/uploads\/asolmerce\/image-978-3-86956-424-1.jpg\",\"width\":1166,\"height\":1654},{\"@type\":\"BreadcrumbList\",\"@id\":\"https:\/\/shop.verlag.uni-potsdam.de\/en\/shop\/www-brand2-wissen\/#breadcrumb\",\"itemListElement\":[{\"@type\":\"ListItem\",\"position\":1,\"name\":\"Startseite\",\"item\":\"https:\/\/shop.verlag.uni-potsdam.de\/en\/\"},{\"@type\":\"ListItem\",\"position\":2,\"name\":\"Shop\",\"item\":\"https:\/\/shop.verlag.uni-potsdam.de\/en\/shop\/\"},{\"@type\":\"ListItem\",\"position\":3,\"name\":\"www.BrAnD2. Wissen.\"}]},{\"@type\":\"WebSite\",\"@id\":\"https:\/\/shop.verlag.uni-potsdam.de\/en\/#website\",\"url\":\"https:\/\/shop.verlag.uni-potsdam.de\/en\/\",\"name\":\"Universit\u00e4tsverlag Potsdam\",\"description\":\"\",\"publisher\":{\"@id\":\"https:\/\/shop.verlag.uni-potsdam.de\/en\/#organization\"},\"potentialAction\":[{\"@type\":\"SearchAction\",\"target\":{\"@type\":\"EntryPoint\",\"urlTemplate\":\"https:\/\/shop.verlag.uni-potsdam.de\/en\/?s={search_term_string}\"},\"query-input\":{\"@type\":\"PropertyValueSpecification\",\"valueRequired\":true,\"valueName\":\"search_term_string\"}}],\"inLanguage\":\"en-US\"},{\"@type\":\"Organization\",\"@id\":\"https:\/\/shop.verlag.uni-potsdam.de\/en\/#organization\",\"name\":\"Universit\u00e4tsverlag Potsdam\",\"url\":\"https:\/\/shop.verlag.uni-potsdam.de\/en\/\",\"logo\":{\"@type\":\"ImageObject\",\"inLanguage\":\"en-US\",\"@id\":\"https:\/\/shop.verlag.uni-potsdam.de\/en\/#\/schema\/logo\/image\/\",\"url\":\"https:\/\/shop.verlag.uni-potsdam.de\/wp-content\/uploads\/2017\/04\/up_logo_university_2.png\",\"contentUrl\":\"https:\/\/shop.verlag.uni-potsdam.de\/wp-content\/uploads\/2017\/04\/up_logo_university_2.png\",\"width\":160,\"height\":172,\"caption\":\"Universit\u00e4tsverlag Potsdam\"},\"image\":{\"@id\":\"https:\/\/shop.verlag.uni-potsdam.de\/en\/#\/schema\/logo\/image\/\"}}]}<\/script>\n<!-- \/ Yoast SEO plugin. -->","yoast_head_json":{"title":"www.BrAnD2. Wissen. - Universit\u00e4tsverlag Potsdam","robots":{"index":"index","follow":"follow","max-snippet":"max-snippet:-1","max-image-preview":"max-image-preview:large","max-video-preview":"max-video-preview:-1"},"canonical":"https:\/\/shop.verlag.uni-potsdam.de\/en\/shop\/www-brand2-wissen\/","og_locale":"en_US","og_type":"article","og_title":"www.BrAnD2. Wissen. - Universit\u00e4tsverlag Potsdam","og_description":"Mit \u201eWissen\u201c kommt der zweite Durchgang des insgesamt dreij\u00e4hrigen Brandenburger Antike-Denkwerks zum Abschluss, das der Zusammenarbeit zwischen der Klassischen Philologie der Universit\u00e4t Potsdam und ausgew\u00e4hlten Brandenburger Gymnasien dient und von der Robert Bosch Stiftung gef\u00f6rdert wird. Der vorliegende Band enth\u00e4lt zum einen die beiden Impulsvortr\u00e4ge vom Potsdamer Lateintag im Oktober 2017: Prof. Dr. Claudia Tiersch zeigt, inwiefern sich im antiken Rom Raumwissen als Raumpolitik offenbarte, und Frau PD Dr. Nicola H\u00f6mke beleuchtet den Streit um die \u201erichtige\u201c Wissensvermittlung an r\u00f6mische Sch\u00fcler in der ausgehenden Republik. Zum anderen sind die fantasievollen Ergebnisse dokumentiert, die die Sch\u00fcler zusammen mit ihren studentischen Mentoren in der mehrmonatigen Projektphase zum Thema \u201eWissen\u201c erarbeiteten und auf einem eigenen Sch\u00fclerkongress im M\u00e4rz 2018 pr\u00e4sentierten.","og_url":"https:\/\/shop.verlag.uni-potsdam.de\/en\/shop\/www-brand2-wissen\/","og_site_name":"Universit\u00e4tsverlag Potsdam","article_modified_time":"2026-03-23T10:55:29+00:00","og_image":[{"width":1166,"height":1654,"url":"https:\/\/shop.verlag.uni-potsdam.de\/wp-content\/uploads\/asolmerce\/image-978-3-86956-424-1.jpg","type":"image\/jpeg"}],"twitter_card":"summary_large_image","twitter_misc":{"Est. reading time":"1 minute"},"schema":{"@context":"https:\/\/schema.org","@graph":[{"@type":"WebPage","@id":"https:\/\/shop.verlag.uni-potsdam.de\/en\/shop\/www-brand2-wissen\/","url":"https:\/\/shop.verlag.uni-potsdam.de\/en\/shop\/www-brand2-wissen\/","name":"www.BrAnD2. Wissen. - Universit\u00e4tsverlag Potsdam","isPartOf":{"@id":"https:\/\/shop.verlag.uni-potsdam.de\/en\/#website"},"primaryImageOfPage":{"@id":"https:\/\/shop.verlag.uni-potsdam.de\/en\/shop\/www-brand2-wissen\/#primaryimage"},"image":{"@id":"https:\/\/shop.verlag.uni-potsdam.de\/shop\/www-brand2-wissen\/#primaryimage"},"thumbnailUrl":"https:\/\/shop.verlag.uni-potsdam.de\/wp-content\/uploads\/asolmerce\/image-978-3-86956-424-1.jpg","datePublished":"2026-03-23T08:54:29+00:00","dateModified":"2026-03-23T10:55:29+00:00","breadcrumb":{"@id":"https:\/\/shop.verlag.uni-potsdam.de\/en\/shop\/www-brand2-wissen\/#breadcrumb"},"inLanguage":"en-US","potentialAction":[{"@type":"ReadAction","target":[["https:\/\/shop.verlag.uni-potsdam.de\/en\/shop\/www-brand2-wissen\/"]]}]},{"@type":"ImageObject","inLanguage":"en-US","@id":"https:\/\/shop.verlag.uni-potsdam.de\/en\/shop\/www-brand2-wissen\/#primaryimage","url":"https:\/\/shop.verlag.uni-potsdam.de\/wp-content\/uploads\/asolmerce\/image-978-3-86956-424-1.jpg","contentUrl":"https:\/\/shop.verlag.uni-potsdam.de\/wp-content\/uploads\/asolmerce\/image-978-3-86956-424-1.jpg","width":1166,"height":1654},{"@type":"BreadcrumbList","@id":"https:\/\/shop.verlag.uni-potsdam.de\/en\/shop\/www-brand2-wissen\/#breadcrumb","itemListElement":[{"@type":"ListItem","position":1,"name":"Startseite","item":"https:\/\/shop.verlag.uni-potsdam.de\/en\/"},{"@type":"ListItem","position":2,"name":"Shop","item":"https:\/\/shop.verlag.uni-potsdam.de\/en\/shop\/"},{"@type":"ListItem","position":3,"name":"www.BrAnD2. Wissen."}]},{"@type":"WebSite","@id":"https:\/\/shop.verlag.uni-potsdam.de\/en\/#website","url":"https:\/\/shop.verlag.uni-potsdam.de\/en\/","name":"Universit\u00e4tsverlag Potsdam","description":"","publisher":{"@id":"https:\/\/shop.verlag.uni-potsdam.de\/en\/#organization"},"potentialAction":[{"@type":"SearchAction","target":{"@type":"EntryPoint","urlTemplate":"https:\/\/shop.verlag.uni-potsdam.de\/en\/?s={search_term_string}"},"query-input":{"@type":"PropertyValueSpecification","valueRequired":true,"valueName":"search_term_string"}}],"inLanguage":"en-US"},{"@type":"Organization","@id":"https:\/\/shop.verlag.uni-potsdam.de\/en\/#organization","name":"Universit\u00e4tsverlag Potsdam","url":"https:\/\/shop.verlag.uni-potsdam.de\/en\/","logo":{"@type":"ImageObject","inLanguage":"en-US","@id":"https:\/\/shop.verlag.uni-potsdam.de\/en\/#\/schema\/logo\/image\/","url":"https:\/\/shop.verlag.uni-potsdam.de\/wp-content\/uploads\/2017\/04\/up_logo_university_2.png","contentUrl":"https:\/\/shop.verlag.uni-potsdam.de\/wp-content\/uploads\/2017\/04\/up_logo_university_2.png","width":160,"height":172,"caption":"Universit\u00e4tsverlag Potsdam"},"image":{"@id":"https:\/\/shop.verlag.uni-potsdam.de\/en\/#\/schema\/logo\/image\/"}}]}},"_links":{"self":[{"href":"https:\/\/shop.verlag.uni-potsdam.de\/en\/wp-json\/wp\/v2\/product\/55042","targetHints":{"allow":["GET"]}}],"collection":[{"href":"https:\/\/shop.verlag.uni-potsdam.de\/en\/wp-json\/wp\/v2\/product"}],"about":[{"href":"https:\/\/shop.verlag.uni-potsdam.de\/en\/wp-json\/wp\/v2\/types\/product"}],"wp:featuredmedia":[{"embeddable":true,"href":"https:\/\/shop.verlag.uni-potsdam.de\/en\/wp-json\/wp\/v2\/media\/55138"}],"wp:attachment":[{"href":"https:\/\/shop.verlag.uni-potsdam.de\/en\/wp-json\/wp\/v2\/media?parent=55042"}],"wp:term":[{"taxonomy":"product_brand","embeddable":true,"href":"https:\/\/shop.verlag.uni-potsdam.de\/en\/wp-json\/wp\/v2\/product_brand?post=55042"},{"taxonomy":"product_cat","embeddable":true,"href":"https:\/\/shop.verlag.uni-potsdam.de\/en\/wp-json\/wp\/v2\/product_cat?post=55042"},{"taxonomy":"product_tag","embeddable":true,"href":"https:\/\/shop.verlag.uni-potsdam.de\/en\/wp-json\/wp\/v2\/product_tag?post=55042"}],"curies":[{"name":"wp","href":"https:\/\/api.w.org\/{rel}","templated":true}]}}