{"id":55068,"date":"2026-03-31T10:13:30","date_gmt":"2026-03-31T10:13:30","guid":{"rendered":"https:\/\/shop.verlag.uni-potsdam.de\/shop\/alexander-von-humboldt-im-netz-18-2017-35\/"},"modified":"2026-03-31T14:14:30","modified_gmt":"2026-03-31T12:14:30","slug":"alexander-von-humboldt-im-netz-18-2017-35","status":"publish","type":"product","link":"https:\/\/shop.verlag.uni-potsdam.de\/en\/shop\/alexander-von-humboldt-im-netz-18-2017-35\/","title":{"rendered":"Alexander von Humboldt im Netz ; 18 (2017) 35"},"content":{"rendered":"<p class=\"qtranxs-available-languages-message qtranxs-available-languages-message-en\">Sorry, this entry is only available in <a href=\"https:\/\/shop.verlag.uni-potsdam.de\/de\/wp-json\/wp\/v2\/product\/55068\" class=\"qtranxs-available-language-link qtranxs-available-language-link-de\" title=\"Deutsch\">Deutsch<\/a>.<\/p><p><\/p>\n<div>Inhalt:<\/div>\n<div><\/div>\n<ul>\n<li><i>Ulrich P\u00e4\u00dfler<\/i>: Plantae des \u00c9tats-Unis Rediscovered Pages from Alexander von Humboldt\u2019s United States Diary<\/li>\n<li><i>Ottmar Ette<\/i>: Texto-isla y escritura archipi\u00e9lica: \u201eIsle de Cube. Antilles en g\u00e9n\u00e9ral\u201c de Alexander von Humboldt<\/li>\n<li><i>Thomas Heyd<\/i>: Alexander von Humboldt y la unidad de la naturaleza<\/li>\n<li><i>Cettina Rapisarda<\/i>: Lava memoriae deodati dolomieu Alexander von Humboldts Gesteinsstudien in Neapel<\/li>\n<li><i>Ingo Schwarz<\/i>: Fahndung nach geraubtem Gold und Silber \u2013 1839<\/li>\n<li><i>Ulrich Stottmeister<\/i>: Umweltgedanken zu Alexander von Humboldt<\/li>\n<li><i>G\u00fcnter Hoppe<\/i>: Ein Museumsdiebstahl vor 144 Jahren<\/li>\n<\/ul>\n<p><\/p>","protected":false},"excerpt":{"rendered":"<p class=\"qtranxs-available-languages-message qtranxs-available-languages-message-en\">Sorry, this entry is only available in <a href=\"https:\/\/shop.verlag.uni-potsdam.de\/de\/wp-json\/wp\/v2\/product\/55068\" class=\"qtranxs-available-language-link qtranxs-available-language-link-de\" title=\"Deutsch\">Deutsch<\/a>.<\/p>\n<div>Inhalt:<\/div>\n<div><\/div>\n<ul>\n<li><i>Ulrich P\u00e4\u00dfler<\/i>: Plantae des \u00c9tats-Unis Rediscovered Pages from Alexander von Humboldt\u2019s United States Diary<\/li>\n<li><i>Ottmar Ette<\/i>: Texto-isla y escritura archipi\u00e9lica: \u201eIsle de Cube. Antilles en g\u00e9n\u00e9ral\u201c de Alexander von Humboldt<\/li>\n<li><i>Thomas Heyd<\/i>: Alexander von Humboldt y la unidad de la naturaleza<\/li>\n<li><i>Cettina Rapisarda<\/i>: Lava memoriae deodati dolomieu Alexander von Humboldts Gesteinsstudien in Neapel<\/li>\n<li><i>Ingo Schwarz<\/i>: Fahndung nach geraubtem Gold und Silber \u2013 1839<\/li>\n<li><i>Ulrich Stottmeister<\/i>: Umweltgedanken zu Alexander von Humboldt<\/li>\n<li><i>G\u00fcnter Hoppe<\/i>: Ein Museumsdiebstahl vor 144 Jahren<\/li>\n<\/ul>\n","protected":false},"featured_media":55152,"template":"","meta":{"_acf_changed":false},"product_brand":[],"product_cat":[6209,6207,6219],"product_tag":[],"class_list":{"0":"post-55068","1":"product","2":"type-product","3":"status-publish","4":"has-post-thumbnail","6":"product_cat-geowissenschaften-web-kategorie","7":"product_cat-geschichte-web-kategorie","8":"product_cat-naturwissenschaften-allgemein-web-kategorie","9":"autor-cettina-rapisarda","10":"autor-guenter-hoppe","11":"autor-ingo-schwarz","12":"autor-ottmar-ette","13":"autor-thomas-heyd","14":"autor-ulrich-praessler","15":"autor-ulrich-stottmeister","16":"zeitschriften-hin-alexander-von-humboldt-im-netz","18":"first","19":"instock","20":"shipping-taxable","21":"purchasable","22":"product-type-simple"},"acf":[],"yoast_head":"<!-- This site is optimized with the Yoast SEO plugin v27.1.1 - https:\/\/yoast.com\/product\/yoast-seo-wordpress\/ -->\n<title>Alexander von Humboldt im Netz ; 18 (2017) 35 - Universit\u00e4tsverlag Potsdam<\/title>\n<meta name=\"robots\" content=\"index, follow, max-snippet:-1, max-image-preview:large, max-video-preview:-1\" \/>\n<link rel=\"canonical\" href=\"https:\/\/shop.verlag.uni-potsdam.de\/en\/shop\/alexander-von-humboldt-im-netz-18-2017-35\/\" \/>\n<meta property=\"og:locale\" content=\"en_US\" \/>\n<meta property=\"og:type\" content=\"article\" \/>\n<meta property=\"og:title\" content=\"Alexander von Humboldt im Netz ; 18 (2017) 35 - Universit\u00e4tsverlag Potsdam\" \/>\n<meta property=\"og:description\" content=\"Inhalt:Ulrich P\u00e4\u00dfler: Plantae des \u00c9tats-Unis Rediscovered Pages from Alexander von Humboldt\u2019s United States DiaryOttmar Ette: Texto-isla y escritura archipi\u00e9lica: \u201eIsle de Cube. Antilles en g\u00e9n\u00e9ral\u201c de Alexander von HumboldtThomas Heyd: Alexander von Humboldt y la unidad de la naturalezaCettina Rapisarda: Lava memoriae deodati dolomieu Alexander von Humboldts Gesteinsstudien in NeapelIngo Schwarz: Fahndung nach geraubtem Gold und Silber \u2013 1839Ulrich Stottmeister: Umweltgedanken zu Alexander von HumboldtG\u00fcnter Hoppe: Ein Museumsdiebstahl vor 144 Jahren\" \/>\n<meta property=\"og:url\" content=\"https:\/\/shop.verlag.uni-potsdam.de\/en\/shop\/alexander-von-humboldt-im-netz-18-2017-35\/\" \/>\n<meta property=\"og:site_name\" content=\"Universit\u00e4tsverlag Potsdam\" \/>\n<meta property=\"article:modified_time\" content=\"2026-03-31T12:14:30+00:00\" \/>\n<meta property=\"og:image\" content=\"https:\/\/shop.verlag.uni-potsdam.de\/wp-content\/uploads\/asolmerce\/image-22076.jpg\" \/>\n\t<meta property=\"og:image:width\" content=\"1810\" \/>\n\t<meta property=\"og:image:height\" content=\"2560\" \/>\n\t<meta property=\"og:image:type\" content=\"image\/jpeg\" \/>\n<meta name=\"twitter:card\" content=\"summary_large_image\" \/>\n<script type=\"application\/ld+json\" class=\"yoast-schema-graph\">{\"@context\":\"https:\/\/schema.org\",\"@graph\":[{\"@type\":\"WebPage\",\"@id\":\"https:\/\/shop.verlag.uni-potsdam.de\/en\/shop\/alexander-von-humboldt-im-netz-18-2017-35\/\",\"url\":\"https:\/\/shop.verlag.uni-potsdam.de\/en\/shop\/alexander-von-humboldt-im-netz-18-2017-35\/\",\"name\":\"Alexander von Humboldt im Netz ; 18 (2017) 35 - Universit\u00e4tsverlag Potsdam\",\"isPartOf\":{\"@id\":\"https:\/\/shop.verlag.uni-potsdam.de\/en\/#website\"},\"primaryImageOfPage\":{\"@id\":\"https:\/\/shop.verlag.uni-potsdam.de\/en\/shop\/alexander-von-humboldt-im-netz-18-2017-35\/#primaryimage\"},\"image\":{\"@id\":\"https:\/\/shop.verlag.uni-potsdam.de\/shop\/alexander-von-humboldt-im-netz-18-2017-35\/#primaryimage\"},\"thumbnailUrl\":\"https:\/\/shop.verlag.uni-potsdam.de\/wp-content\/uploads\/asolmerce\/image-22076.jpg\",\"datePublished\":\"2026-03-31T10:13:30+00:00\",\"dateModified\":\"2026-03-31T12:14:30+00:00\",\"breadcrumb\":{\"@id\":\"https:\/\/shop.verlag.uni-potsdam.de\/en\/shop\/alexander-von-humboldt-im-netz-18-2017-35\/#breadcrumb\"},\"inLanguage\":\"en-US\",\"potentialAction\":[{\"@type\":\"ReadAction\",\"target\":[[\"https:\/\/shop.verlag.uni-potsdam.de\/en\/shop\/alexander-von-humboldt-im-netz-18-2017-35\/\"]]}]},{\"@type\":\"ImageObject\",\"inLanguage\":\"en-US\",\"@id\":\"https:\/\/shop.verlag.uni-potsdam.de\/en\/shop\/alexander-von-humboldt-im-netz-18-2017-35\/#primaryimage\",\"url\":\"https:\/\/shop.verlag.uni-potsdam.de\/wp-content\/uploads\/asolmerce\/image-22076.jpg\",\"contentUrl\":\"https:\/\/shop.verlag.uni-potsdam.de\/wp-content\/uploads\/asolmerce\/image-22076.jpg\",\"width\":1810,\"height\":2560},{\"@type\":\"BreadcrumbList\",\"@id\":\"https:\/\/shop.verlag.uni-potsdam.de\/en\/shop\/alexander-von-humboldt-im-netz-18-2017-35\/#breadcrumb\",\"itemListElement\":[{\"@type\":\"ListItem\",\"position\":1,\"name\":\"Startseite\",\"item\":\"https:\/\/shop.verlag.uni-potsdam.de\/en\/\"},{\"@type\":\"ListItem\",\"position\":2,\"name\":\"Shop\",\"item\":\"https:\/\/shop.verlag.uni-potsdam.de\/en\/shop\/\"},{\"@type\":\"ListItem\",\"position\":3,\"name\":\"Alexander von Humboldt im Netz ; 18 (2017) 35\"}]},{\"@type\":\"WebSite\",\"@id\":\"https:\/\/shop.verlag.uni-potsdam.de\/en\/#website\",\"url\":\"https:\/\/shop.verlag.uni-potsdam.de\/en\/\",\"name\":\"Universit\u00e4tsverlag Potsdam\",\"description\":\"\",\"publisher\":{\"@id\":\"https:\/\/shop.verlag.uni-potsdam.de\/en\/#organization\"},\"potentialAction\":[{\"@type\":\"SearchAction\",\"target\":{\"@type\":\"EntryPoint\",\"urlTemplate\":\"https:\/\/shop.verlag.uni-potsdam.de\/en\/?s={search_term_string}\"},\"query-input\":{\"@type\":\"PropertyValueSpecification\",\"valueRequired\":true,\"valueName\":\"search_term_string\"}}],\"inLanguage\":\"en-US\"},{\"@type\":\"Organization\",\"@id\":\"https:\/\/shop.verlag.uni-potsdam.de\/en\/#organization\",\"name\":\"Universit\u00e4tsverlag Potsdam\",\"url\":\"https:\/\/shop.verlag.uni-potsdam.de\/en\/\",\"logo\":{\"@type\":\"ImageObject\",\"inLanguage\":\"en-US\",\"@id\":\"https:\/\/shop.verlag.uni-potsdam.de\/en\/#\/schema\/logo\/image\/\",\"url\":\"https:\/\/shop.verlag.uni-potsdam.de\/wp-content\/uploads\/2017\/04\/up_logo_university_2.png\",\"contentUrl\":\"https:\/\/shop.verlag.uni-potsdam.de\/wp-content\/uploads\/2017\/04\/up_logo_university_2.png\",\"width\":160,\"height\":172,\"caption\":\"Universit\u00e4tsverlag Potsdam\"},\"image\":{\"@id\":\"https:\/\/shop.verlag.uni-potsdam.de\/en\/#\/schema\/logo\/image\/\"}}]}<\/script>\n<!-- \/ Yoast SEO plugin. -->","yoast_head_json":{"title":"Alexander von Humboldt im Netz ; 18 (2017) 35 - Universit\u00e4tsverlag Potsdam","robots":{"index":"index","follow":"follow","max-snippet":"max-snippet:-1","max-image-preview":"max-image-preview:large","max-video-preview":"max-video-preview:-1"},"canonical":"https:\/\/shop.verlag.uni-potsdam.de\/en\/shop\/alexander-von-humboldt-im-netz-18-2017-35\/","og_locale":"en_US","og_type":"article","og_title":"Alexander von Humboldt im Netz ; 18 (2017) 35 - Universit\u00e4tsverlag Potsdam","og_description":"Inhalt:Ulrich P\u00e4\u00dfler: Plantae des \u00c9tats-Unis Rediscovered Pages from Alexander von Humboldt\u2019s United States DiaryOttmar Ette: Texto-isla y escritura archipi\u00e9lica: \u201eIsle de Cube. Antilles en g\u00e9n\u00e9ral\u201c de Alexander von HumboldtThomas Heyd: Alexander von Humboldt y la unidad de la naturalezaCettina Rapisarda: Lava memoriae deodati dolomieu Alexander von Humboldts Gesteinsstudien in NeapelIngo Schwarz: Fahndung nach geraubtem Gold und Silber \u2013 1839Ulrich Stottmeister: Umweltgedanken zu Alexander von HumboldtG\u00fcnter Hoppe: Ein Museumsdiebstahl vor 144 Jahren","og_url":"https:\/\/shop.verlag.uni-potsdam.de\/en\/shop\/alexander-von-humboldt-im-netz-18-2017-35\/","og_site_name":"Universit\u00e4tsverlag Potsdam","article_modified_time":"2026-03-31T12:14:30+00:00","og_image":[{"width":1810,"height":2560,"url":"https:\/\/shop.verlag.uni-potsdam.de\/wp-content\/uploads\/asolmerce\/image-22076.jpg","type":"image\/jpeg"}],"twitter_card":"summary_large_image","schema":{"@context":"https:\/\/schema.org","@graph":[{"@type":"WebPage","@id":"https:\/\/shop.verlag.uni-potsdam.de\/en\/shop\/alexander-von-humboldt-im-netz-18-2017-35\/","url":"https:\/\/shop.verlag.uni-potsdam.de\/en\/shop\/alexander-von-humboldt-im-netz-18-2017-35\/","name":"Alexander von Humboldt im Netz ; 18 (2017) 35 - Universit\u00e4tsverlag Potsdam","isPartOf":{"@id":"https:\/\/shop.verlag.uni-potsdam.de\/en\/#website"},"primaryImageOfPage":{"@id":"https:\/\/shop.verlag.uni-potsdam.de\/en\/shop\/alexander-von-humboldt-im-netz-18-2017-35\/#primaryimage"},"image":{"@id":"https:\/\/shop.verlag.uni-potsdam.de\/shop\/alexander-von-humboldt-im-netz-18-2017-35\/#primaryimage"},"thumbnailUrl":"https:\/\/shop.verlag.uni-potsdam.de\/wp-content\/uploads\/asolmerce\/image-22076.jpg","datePublished":"2026-03-31T10:13:30+00:00","dateModified":"2026-03-31T12:14:30+00:00","breadcrumb":{"@id":"https:\/\/shop.verlag.uni-potsdam.de\/en\/shop\/alexander-von-humboldt-im-netz-18-2017-35\/#breadcrumb"},"inLanguage":"en-US","potentialAction":[{"@type":"ReadAction","target":[["https:\/\/shop.verlag.uni-potsdam.de\/en\/shop\/alexander-von-humboldt-im-netz-18-2017-35\/"]]}]},{"@type":"ImageObject","inLanguage":"en-US","@id":"https:\/\/shop.verlag.uni-potsdam.de\/en\/shop\/alexander-von-humboldt-im-netz-18-2017-35\/#primaryimage","url":"https:\/\/shop.verlag.uni-potsdam.de\/wp-content\/uploads\/asolmerce\/image-22076.jpg","contentUrl":"https:\/\/shop.verlag.uni-potsdam.de\/wp-content\/uploads\/asolmerce\/image-22076.jpg","width":1810,"height":2560},{"@type":"BreadcrumbList","@id":"https:\/\/shop.verlag.uni-potsdam.de\/en\/shop\/alexander-von-humboldt-im-netz-18-2017-35\/#breadcrumb","itemListElement":[{"@type":"ListItem","position":1,"name":"Startseite","item":"https:\/\/shop.verlag.uni-potsdam.de\/en\/"},{"@type":"ListItem","position":2,"name":"Shop","item":"https:\/\/shop.verlag.uni-potsdam.de\/en\/shop\/"},{"@type":"ListItem","position":3,"name":"Alexander von Humboldt im Netz ; 18 (2017) 35"}]},{"@type":"WebSite","@id":"https:\/\/shop.verlag.uni-potsdam.de\/en\/#website","url":"https:\/\/shop.verlag.uni-potsdam.de\/en\/","name":"Universit\u00e4tsverlag Potsdam","description":"","publisher":{"@id":"https:\/\/shop.verlag.uni-potsdam.de\/en\/#organization"},"potentialAction":[{"@type":"SearchAction","target":{"@type":"EntryPoint","urlTemplate":"https:\/\/shop.verlag.uni-potsdam.de\/en\/?s={search_term_string}"},"query-input":{"@type":"PropertyValueSpecification","valueRequired":true,"valueName":"search_term_string"}}],"inLanguage":"en-US"},{"@type":"Organization","@id":"https:\/\/shop.verlag.uni-potsdam.de\/en\/#organization","name":"Universit\u00e4tsverlag Potsdam","url":"https:\/\/shop.verlag.uni-potsdam.de\/en\/","logo":{"@type":"ImageObject","inLanguage":"en-US","@id":"https:\/\/shop.verlag.uni-potsdam.de\/en\/#\/schema\/logo\/image\/","url":"https:\/\/shop.verlag.uni-potsdam.de\/wp-content\/uploads\/2017\/04\/up_logo_university_2.png","contentUrl":"https:\/\/shop.verlag.uni-potsdam.de\/wp-content\/uploads\/2017\/04\/up_logo_university_2.png","width":160,"height":172,"caption":"Universit\u00e4tsverlag Potsdam"},"image":{"@id":"https:\/\/shop.verlag.uni-potsdam.de\/en\/#\/schema\/logo\/image\/"}}]}},"_links":{"self":[{"href":"https:\/\/shop.verlag.uni-potsdam.de\/en\/wp-json\/wp\/v2\/product\/55068","targetHints":{"allow":["GET"]}}],"collection":[{"href":"https:\/\/shop.verlag.uni-potsdam.de\/en\/wp-json\/wp\/v2\/product"}],"about":[{"href":"https:\/\/shop.verlag.uni-potsdam.de\/en\/wp-json\/wp\/v2\/types\/product"}],"wp:featuredmedia":[{"embeddable":true,"href":"https:\/\/shop.verlag.uni-potsdam.de\/en\/wp-json\/wp\/v2\/media\/55152"}],"wp:attachment":[{"href":"https:\/\/shop.verlag.uni-potsdam.de\/en\/wp-json\/wp\/v2\/media?parent=55068"}],"wp:term":[{"taxonomy":"product_brand","embeddable":true,"href":"https:\/\/shop.verlag.uni-potsdam.de\/en\/wp-json\/wp\/v2\/product_brand?post=55068"},{"taxonomy":"product_cat","embeddable":true,"href":"https:\/\/shop.verlag.uni-potsdam.de\/en\/wp-json\/wp\/v2\/product_cat?post=55068"},{"taxonomy":"product_tag","embeddable":true,"href":"https:\/\/shop.verlag.uni-potsdam.de\/en\/wp-json\/wp\/v2\/product_tag?post=55068"}],"curies":[{"name":"wp","href":"https:\/\/api.w.org\/{rel}","templated":true}]}}