{"id":55148,"date":"2026-03-23T08:54:29","date_gmt":"2026-03-23T08:54:29","guid":{"rendered":"https:\/\/shop.verlag.uni-potsdam.de\/shop\/musikarbeit-im-kontext-von-inklusion-und-integration-2\/"},"modified":"2026-03-23T11:55:29","modified_gmt":"2026-03-23T10:55:29","slug":"musikarbeit-im-kontext-von-inklusion-und-integration-2","status":"publish","type":"product","link":"https:\/\/shop.verlag.uni-potsdam.de\/en\/shop\/musikarbeit-im-kontext-von-inklusion-und-integration-2\/","title":{"rendered":"Musikarbeit im Kontext von Inklusion und Integration"},"content":{"rendered":"<p class=\"qtranxs-available-languages-message qtranxs-available-languages-message-en\">Sorry, this entry is only available in <a href=\"https:\/\/shop.verlag.uni-potsdam.de\/de\/wp-json\/wp\/v2\/product\/55148\" class=\"qtranxs-available-language-link qtranxs-available-language-link-de\" title=\"Deutsch\">Deutsch<\/a>.<\/p><p>Die zweiteilige Publikation \u201eMusikarbeit im Kontext von Inklusion und Integration\u201c der Potsdamer Schriftenreihe zur Musikp\u00e4dagogik beinhaltet Ertr\u00e4ge aus Veranstaltungen und Qualifikationsarbeiten mehrerer Jahre, die am Lehrstuhl f\u00fcr Musikp\u00e4dagogik und Musikdidaktik der Universit\u00e4t Potsdam entstanden sind. Beide B\u00e4nde enthalten neben theoretischen Beitr\u00e4gen auch Beitr\u00e4ge aus Praxis und Ausbildung in verschiedenen Berufsfeldern, die das besondere Potenzial musikalischer Bet\u00e4tigung f\u00fcr Inklusion und Integration anhand von best-practise-Beispielen darstellen und sind somit als umfassendes Studienmaterial konzipiert.<br \/>Der zweite Band erweitert den im ersten Teil auf die Potenziale von Musik f\u00fcr Inklusion gesetzten Schwerpunkt um die Darstellung integrativer und inklusiver Potenziale einzelner ausgew\u00e4hlter musikalischer Aktivit\u00e4ten und Umgangsweisen mit Musik. Stand im ersten Band die Dokumentation der 2013 am Lehrstuhl f\u00fcr Musikp\u00e4dagogik und Musikdidaktik durchgef\u00fchrten internationalen Fachtagung \u201eMusikarbeit im Kontext von Inklusion und Integration\u201c im Fokus,&nbsp; schlie\u00dft der zweite Teil mit der Dokumentation eines interdisziplin\u00e4r und mehrperspektivisch angelegten Projektseminars an, das im Wintersemester 2016\/2017 unter der Leitung von Prof. Dr. Birgit Jank durchgef\u00fchrt wurde. Dieses Seminar setzte neue Impulse f\u00fcr die Entstehung weiterer musikp\u00e4dagogischer&nbsp; Forschungsarbeiten, aus denen konkrete Handlungsempfehlungen f\u00fcr die Musikarbeit in integrativen und inklusiven Unterrichtssettings abgeleitet werden k\u00f6nnen.<br \/><\/p>","protected":false},"excerpt":{"rendered":"<p class=\"qtranxs-available-languages-message qtranxs-available-languages-message-en\">Sorry, this entry is only available in <a href=\"https:\/\/shop.verlag.uni-potsdam.de\/de\/wp-json\/wp\/v2\/product\/55148\" class=\"qtranxs-available-language-link qtranxs-available-language-link-de\" title=\"Deutsch\">Deutsch<\/a>.<\/p>\n<p>Die zweiteilige Publikation \u201eMusikarbeit im Kontext von Inklusion und Integration\u201c der Potsdamer Schriftenreihe zur Musikp\u00e4dagogik beinhaltet Ertr\u00e4ge aus Veranstaltungen und Qualifikationsarbeiten mehrerer Jahre, die am Lehrstuhl f\u00fcr Musikp\u00e4dagogik und Musikdidaktik der Universit\u00e4t Potsdam entstanden sind. Beide B\u00e4nde enthalten neben theoretischen Beitr\u00e4gen auch Beitr\u00e4ge aus Praxis und Ausbildung in verschiedenen Berufsfeldern, die das besondere Potenzial musikalischer Bet\u00e4tigung f\u00fcr Inklusion und Integration anhand von best-practise-Beispielen darstellen und sind somit als umfassendes Studienmaterial konzipiert.<br \/>Der zweite Band erweitert den im ersten Teil auf die Potenziale von Musik f\u00fcr Inklusion gesetzten Schwerpunkt um die Darstellung integrativer und inklusiver Potenziale einzelner ausgew\u00e4hlter musikalischer Aktivit\u00e4ten und Umgangsweisen mit Musik. Stand im ersten Band die Dokumentation der 2013 am Lehrstuhl f\u00fcr Musikp\u00e4dagogik und Musikdidaktik durchgef\u00fchrten internationalen Fachtagung \u201eMusikarbeit im Kontext von Inklusion und Integration\u201c im Fokus,&nbsp; schlie\u00dft der zweite Teil mit der Dokumentation eines interdisziplin\u00e4r und mehrperspektivisch angelegten Projektseminars an, das im Wintersemester 2016\/2017 unter der Leitung von Prof. Dr. Birgit Jank durchgef\u00fchrt wurde. Dieses Seminar setzte neue Impulse f\u00fcr die Entstehung weiterer musikp\u00e4dagogischer&nbsp; Forschungsarbeiten, aus denen konkrete Handlungsempfehlungen f\u00fcr die Musikarbeit in integrativen und inklusiven Unterrichtssettings abgeleitet werden k\u00f6nnen.<\/p>\n","protected":false},"featured_media":55245,"template":"","meta":{"_acf_changed":false},"product_brand":[],"product_cat":[6218],"product_tag":[5508],"class_list":{"0":"post-55148","1":"product","2":"type-product","3":"status-publish","4":"has-post-thumbnail","6":"product_cat-musik-web-kategorie","7":"product_tag-musikpaedagogik-musikdidaktik-inklusion-best-practise-fachtagung-integration-musik-in-der-sozialen-arbeit-musikunterricht-inclusion-integration-music-education-music-in-social-work","8":"autor-alexander-lipp","9":"autor-anja-bossen","10":"autor-frau-prof-dr-birgit-jank-inst-fuer-musik-u-musikpaedagogik","11":"autor-birgit-jank","12":"autor-frances-haacker","13":"autor-jan-wysujack","14":"autor-jutta-moehle","15":"autor-marc-godau","16":"autor-natalija-nikolayeva","17":"autor-robert-wagner","19":"first","20":"instock","21":"shipping-taxable","22":"purchasable","23":"product-type-simple"},"acf":[],"yoast_head":"<!-- This site is optimized with the Yoast SEO plugin v27.1.1 - https:\/\/yoast.com\/product\/yoast-seo-wordpress\/ -->\n<title>Musikarbeit im Kontext von Inklusion und Integration - Universit\u00e4tsverlag Potsdam<\/title>\n<meta name=\"robots\" content=\"index, follow, max-snippet:-1, max-image-preview:large, max-video-preview:-1\" \/>\n<link rel=\"canonical\" href=\"https:\/\/shop.verlag.uni-potsdam.de\/en\/shop\/musikarbeit-im-kontext-von-inklusion-und-integration-2\/\" \/>\n<meta property=\"og:locale\" content=\"en_US\" \/>\n<meta property=\"og:type\" content=\"article\" \/>\n<meta property=\"og:title\" content=\"Musikarbeit im Kontext von Inklusion und Integration - Universit\u00e4tsverlag Potsdam\" \/>\n<meta property=\"og:description\" content=\"Die zweiteilige Publikation \u201eMusikarbeit im Kontext von Inklusion und Integration\u201c der Potsdamer Schriftenreihe zur Musikp\u00e4dagogik beinhaltet Ertr\u00e4ge aus Veranstaltungen und Qualifikationsarbeiten mehrerer Jahre, die am Lehrstuhl f\u00fcr Musikp\u00e4dagogik und Musikdidaktik der Universit\u00e4t Potsdam entstanden sind. Beide B\u00e4nde enthalten neben theoretischen Beitr\u00e4gen auch Beitr\u00e4ge aus Praxis und Ausbildung in verschiedenen Berufsfeldern, die das besondere Potenzial musikalischer Bet\u00e4tigung f\u00fcr Inklusion und Integration anhand von best-practise-Beispielen darstellen und sind somit als umfassendes Studienmaterial konzipiert.Der zweite Band erweitert den im ersten Teil auf die Potenziale von Musik f\u00fcr Inklusion gesetzten Schwerpunkt um die Darstellung integrativer und inklusiver Potenziale einzelner ausgew\u00e4hlter musikalischer Aktivit\u00e4ten und Umgangsweisen mit Musik. Stand im ersten Band die Dokumentation der 2013 am Lehrstuhl f\u00fcr Musikp\u00e4dagogik und Musikdidaktik durchgef\u00fchrten internationalen Fachtagung \u201eMusikarbeit im Kontext von Inklusion und Integration\u201c im Fokus,&nbsp; schlie\u00dft der zweite Teil mit der Dokumentation eines interdisziplin\u00e4r und mehrperspektivisch angelegten Projektseminars an, das im Wintersemester 2016\/2017 unter der Leitung von Prof. Dr. Birgit Jank durchgef\u00fchrt wurde. Dieses Seminar setzte neue Impulse f\u00fcr die Entstehung weiterer musikp\u00e4dagogischer&nbsp; Forschungsarbeiten, aus denen konkrete Handlungsempfehlungen f\u00fcr die Musikarbeit in integrativen und inklusiven Unterrichtssettings abgeleitet werden k\u00f6nnen.\" \/>\n<meta property=\"og:url\" content=\"https:\/\/shop.verlag.uni-potsdam.de\/en\/shop\/musikarbeit-im-kontext-von-inklusion-und-integration-2\/\" \/>\n<meta property=\"og:site_name\" content=\"Universit\u00e4tsverlag Potsdam\" \/>\n<meta property=\"article:modified_time\" content=\"2026-03-23T10:55:29+00:00\" \/>\n<meta property=\"og:image\" content=\"https:\/\/shop.verlag.uni-potsdam.de\/wp-content\/uploads\/asolmerce\/image-978-3-86956-436-4.jpg\" \/>\n\t<meta property=\"og:image:width\" content=\"1749\" \/>\n\t<meta property=\"og:image:height\" content=\"2481\" \/>\n\t<meta property=\"og:image:type\" content=\"image\/jpeg\" \/>\n<meta name=\"twitter:card\" content=\"summary_large_image\" \/>\n<meta name=\"twitter:label1\" content=\"Est. reading time\" \/>\n\t<meta name=\"twitter:data1\" content=\"1 minute\" \/>\n<script type=\"application\/ld+json\" class=\"yoast-schema-graph\">{\"@context\":\"https:\/\/schema.org\",\"@graph\":[{\"@type\":\"WebPage\",\"@id\":\"https:\/\/shop.verlag.uni-potsdam.de\/en\/shop\/musikarbeit-im-kontext-von-inklusion-und-integration-2\/\",\"url\":\"https:\/\/shop.verlag.uni-potsdam.de\/en\/shop\/musikarbeit-im-kontext-von-inklusion-und-integration-2\/\",\"name\":\"Musikarbeit im Kontext von Inklusion und Integration - Universit\u00e4tsverlag Potsdam\",\"isPartOf\":{\"@id\":\"https:\/\/shop.verlag.uni-potsdam.de\/en\/#website\"},\"primaryImageOfPage\":{\"@id\":\"https:\/\/shop.verlag.uni-potsdam.de\/en\/shop\/musikarbeit-im-kontext-von-inklusion-und-integration-2\/#primaryimage\"},\"image\":{\"@id\":\"https:\/\/shop.verlag.uni-potsdam.de\/shop\/musikarbeit-im-kontext-von-inklusion-und-integration-2\/#primaryimage\"},\"thumbnailUrl\":\"https:\/\/shop.verlag.uni-potsdam.de\/wp-content\/uploads\/asolmerce\/image-978-3-86956-436-4.jpg\",\"datePublished\":\"2026-03-23T08:54:29+00:00\",\"dateModified\":\"2026-03-23T10:55:29+00:00\",\"breadcrumb\":{\"@id\":\"https:\/\/shop.verlag.uni-potsdam.de\/en\/shop\/musikarbeit-im-kontext-von-inklusion-und-integration-2\/#breadcrumb\"},\"inLanguage\":\"en-US\",\"potentialAction\":[{\"@type\":\"ReadAction\",\"target\":[[\"https:\/\/shop.verlag.uni-potsdam.de\/en\/shop\/musikarbeit-im-kontext-von-inklusion-und-integration-2\/\"]]}]},{\"@type\":\"ImageObject\",\"inLanguage\":\"en-US\",\"@id\":\"https:\/\/shop.verlag.uni-potsdam.de\/en\/shop\/musikarbeit-im-kontext-von-inklusion-und-integration-2\/#primaryimage\",\"url\":\"https:\/\/shop.verlag.uni-potsdam.de\/wp-content\/uploads\/asolmerce\/image-978-3-86956-436-4.jpg\",\"contentUrl\":\"https:\/\/shop.verlag.uni-potsdam.de\/wp-content\/uploads\/asolmerce\/image-978-3-86956-436-4.jpg\",\"width\":1749,\"height\":2481},{\"@type\":\"BreadcrumbList\",\"@id\":\"https:\/\/shop.verlag.uni-potsdam.de\/en\/shop\/musikarbeit-im-kontext-von-inklusion-und-integration-2\/#breadcrumb\",\"itemListElement\":[{\"@type\":\"ListItem\",\"position\":1,\"name\":\"Startseite\",\"item\":\"https:\/\/shop.verlag.uni-potsdam.de\/en\/\"},{\"@type\":\"ListItem\",\"position\":2,\"name\":\"Shop\",\"item\":\"https:\/\/shop.verlag.uni-potsdam.de\/en\/shop\/\"},{\"@type\":\"ListItem\",\"position\":3,\"name\":\"Musikarbeit im Kontext von Inklusion und Integration\"}]},{\"@type\":\"WebSite\",\"@id\":\"https:\/\/shop.verlag.uni-potsdam.de\/en\/#website\",\"url\":\"https:\/\/shop.verlag.uni-potsdam.de\/en\/\",\"name\":\"Universit\u00e4tsverlag Potsdam\",\"description\":\"\",\"publisher\":{\"@id\":\"https:\/\/shop.verlag.uni-potsdam.de\/en\/#organization\"},\"potentialAction\":[{\"@type\":\"SearchAction\",\"target\":{\"@type\":\"EntryPoint\",\"urlTemplate\":\"https:\/\/shop.verlag.uni-potsdam.de\/en\/?s={search_term_string}\"},\"query-input\":{\"@type\":\"PropertyValueSpecification\",\"valueRequired\":true,\"valueName\":\"search_term_string\"}}],\"inLanguage\":\"en-US\"},{\"@type\":\"Organization\",\"@id\":\"https:\/\/shop.verlag.uni-potsdam.de\/en\/#organization\",\"name\":\"Universit\u00e4tsverlag Potsdam\",\"url\":\"https:\/\/shop.verlag.uni-potsdam.de\/en\/\",\"logo\":{\"@type\":\"ImageObject\",\"inLanguage\":\"en-US\",\"@id\":\"https:\/\/shop.verlag.uni-potsdam.de\/en\/#\/schema\/logo\/image\/\",\"url\":\"https:\/\/shop.verlag.uni-potsdam.de\/wp-content\/uploads\/2017\/04\/up_logo_university_2.png\",\"contentUrl\":\"https:\/\/shop.verlag.uni-potsdam.de\/wp-content\/uploads\/2017\/04\/up_logo_university_2.png\",\"width\":160,\"height\":172,\"caption\":\"Universit\u00e4tsverlag Potsdam\"},\"image\":{\"@id\":\"https:\/\/shop.verlag.uni-potsdam.de\/en\/#\/schema\/logo\/image\/\"}}]}<\/script>\n<!-- \/ Yoast SEO plugin. -->","yoast_head_json":{"title":"Musikarbeit im Kontext von Inklusion und Integration - Universit\u00e4tsverlag Potsdam","robots":{"index":"index","follow":"follow","max-snippet":"max-snippet:-1","max-image-preview":"max-image-preview:large","max-video-preview":"max-video-preview:-1"},"canonical":"https:\/\/shop.verlag.uni-potsdam.de\/en\/shop\/musikarbeit-im-kontext-von-inklusion-und-integration-2\/","og_locale":"en_US","og_type":"article","og_title":"Musikarbeit im Kontext von Inklusion und Integration - Universit\u00e4tsverlag Potsdam","og_description":"Die zweiteilige Publikation \u201eMusikarbeit im Kontext von Inklusion und Integration\u201c der Potsdamer Schriftenreihe zur Musikp\u00e4dagogik beinhaltet Ertr\u00e4ge aus Veranstaltungen und Qualifikationsarbeiten mehrerer Jahre, die am Lehrstuhl f\u00fcr Musikp\u00e4dagogik und Musikdidaktik der Universit\u00e4t Potsdam entstanden sind. Beide B\u00e4nde enthalten neben theoretischen Beitr\u00e4gen auch Beitr\u00e4ge aus Praxis und Ausbildung in verschiedenen Berufsfeldern, die das besondere Potenzial musikalischer Bet\u00e4tigung f\u00fcr Inklusion und Integration anhand von best-practise-Beispielen darstellen und sind somit als umfassendes Studienmaterial konzipiert.Der zweite Band erweitert den im ersten Teil auf die Potenziale von Musik f\u00fcr Inklusion gesetzten Schwerpunkt um die Darstellung integrativer und inklusiver Potenziale einzelner ausgew\u00e4hlter musikalischer Aktivit\u00e4ten und Umgangsweisen mit Musik. Stand im ersten Band die Dokumentation der 2013 am Lehrstuhl f\u00fcr Musikp\u00e4dagogik und Musikdidaktik durchgef\u00fchrten internationalen Fachtagung \u201eMusikarbeit im Kontext von Inklusion und Integration\u201c im Fokus,&nbsp; schlie\u00dft der zweite Teil mit der Dokumentation eines interdisziplin\u00e4r und mehrperspektivisch angelegten Projektseminars an, das im Wintersemester 2016\/2017 unter der Leitung von Prof. Dr. Birgit Jank durchgef\u00fchrt wurde. Dieses Seminar setzte neue Impulse f\u00fcr die Entstehung weiterer musikp\u00e4dagogischer&nbsp; Forschungsarbeiten, aus denen konkrete Handlungsempfehlungen f\u00fcr die Musikarbeit in integrativen und inklusiven Unterrichtssettings abgeleitet werden k\u00f6nnen.","og_url":"https:\/\/shop.verlag.uni-potsdam.de\/en\/shop\/musikarbeit-im-kontext-von-inklusion-und-integration-2\/","og_site_name":"Universit\u00e4tsverlag Potsdam","article_modified_time":"2026-03-23T10:55:29+00:00","og_image":[{"width":1749,"height":2481,"url":"https:\/\/shop.verlag.uni-potsdam.de\/wp-content\/uploads\/asolmerce\/image-978-3-86956-436-4.jpg","type":"image\/jpeg"}],"twitter_card":"summary_large_image","twitter_misc":{"Est. reading time":"1 minute"},"schema":{"@context":"https:\/\/schema.org","@graph":[{"@type":"WebPage","@id":"https:\/\/shop.verlag.uni-potsdam.de\/en\/shop\/musikarbeit-im-kontext-von-inklusion-und-integration-2\/","url":"https:\/\/shop.verlag.uni-potsdam.de\/en\/shop\/musikarbeit-im-kontext-von-inklusion-und-integration-2\/","name":"Musikarbeit im Kontext von Inklusion und Integration - Universit\u00e4tsverlag Potsdam","isPartOf":{"@id":"https:\/\/shop.verlag.uni-potsdam.de\/en\/#website"},"primaryImageOfPage":{"@id":"https:\/\/shop.verlag.uni-potsdam.de\/en\/shop\/musikarbeit-im-kontext-von-inklusion-und-integration-2\/#primaryimage"},"image":{"@id":"https:\/\/shop.verlag.uni-potsdam.de\/shop\/musikarbeit-im-kontext-von-inklusion-und-integration-2\/#primaryimage"},"thumbnailUrl":"https:\/\/shop.verlag.uni-potsdam.de\/wp-content\/uploads\/asolmerce\/image-978-3-86956-436-4.jpg","datePublished":"2026-03-23T08:54:29+00:00","dateModified":"2026-03-23T10:55:29+00:00","breadcrumb":{"@id":"https:\/\/shop.verlag.uni-potsdam.de\/en\/shop\/musikarbeit-im-kontext-von-inklusion-und-integration-2\/#breadcrumb"},"inLanguage":"en-US","potentialAction":[{"@type":"ReadAction","target":[["https:\/\/shop.verlag.uni-potsdam.de\/en\/shop\/musikarbeit-im-kontext-von-inklusion-und-integration-2\/"]]}]},{"@type":"ImageObject","inLanguage":"en-US","@id":"https:\/\/shop.verlag.uni-potsdam.de\/en\/shop\/musikarbeit-im-kontext-von-inklusion-und-integration-2\/#primaryimage","url":"https:\/\/shop.verlag.uni-potsdam.de\/wp-content\/uploads\/asolmerce\/image-978-3-86956-436-4.jpg","contentUrl":"https:\/\/shop.verlag.uni-potsdam.de\/wp-content\/uploads\/asolmerce\/image-978-3-86956-436-4.jpg","width":1749,"height":2481},{"@type":"BreadcrumbList","@id":"https:\/\/shop.verlag.uni-potsdam.de\/en\/shop\/musikarbeit-im-kontext-von-inklusion-und-integration-2\/#breadcrumb","itemListElement":[{"@type":"ListItem","position":1,"name":"Startseite","item":"https:\/\/shop.verlag.uni-potsdam.de\/en\/"},{"@type":"ListItem","position":2,"name":"Shop","item":"https:\/\/shop.verlag.uni-potsdam.de\/en\/shop\/"},{"@type":"ListItem","position":3,"name":"Musikarbeit im Kontext von Inklusion und Integration"}]},{"@type":"WebSite","@id":"https:\/\/shop.verlag.uni-potsdam.de\/en\/#website","url":"https:\/\/shop.verlag.uni-potsdam.de\/en\/","name":"Universit\u00e4tsverlag Potsdam","description":"","publisher":{"@id":"https:\/\/shop.verlag.uni-potsdam.de\/en\/#organization"},"potentialAction":[{"@type":"SearchAction","target":{"@type":"EntryPoint","urlTemplate":"https:\/\/shop.verlag.uni-potsdam.de\/en\/?s={search_term_string}"},"query-input":{"@type":"PropertyValueSpecification","valueRequired":true,"valueName":"search_term_string"}}],"inLanguage":"en-US"},{"@type":"Organization","@id":"https:\/\/shop.verlag.uni-potsdam.de\/en\/#organization","name":"Universit\u00e4tsverlag Potsdam","url":"https:\/\/shop.verlag.uni-potsdam.de\/en\/","logo":{"@type":"ImageObject","inLanguage":"en-US","@id":"https:\/\/shop.verlag.uni-potsdam.de\/en\/#\/schema\/logo\/image\/","url":"https:\/\/shop.verlag.uni-potsdam.de\/wp-content\/uploads\/2017\/04\/up_logo_university_2.png","contentUrl":"https:\/\/shop.verlag.uni-potsdam.de\/wp-content\/uploads\/2017\/04\/up_logo_university_2.png","width":160,"height":172,"caption":"Universit\u00e4tsverlag Potsdam"},"image":{"@id":"https:\/\/shop.verlag.uni-potsdam.de\/en\/#\/schema\/logo\/image\/"}}]}},"_links":{"self":[{"href":"https:\/\/shop.verlag.uni-potsdam.de\/en\/wp-json\/wp\/v2\/product\/55148","targetHints":{"allow":["GET"]}}],"collection":[{"href":"https:\/\/shop.verlag.uni-potsdam.de\/en\/wp-json\/wp\/v2\/product"}],"about":[{"href":"https:\/\/shop.verlag.uni-potsdam.de\/en\/wp-json\/wp\/v2\/types\/product"}],"wp:featuredmedia":[{"embeddable":true,"href":"https:\/\/shop.verlag.uni-potsdam.de\/en\/wp-json\/wp\/v2\/media\/55245"}],"wp:attachment":[{"href":"https:\/\/shop.verlag.uni-potsdam.de\/en\/wp-json\/wp\/v2\/media?parent=55148"}],"wp:term":[{"taxonomy":"product_brand","embeddable":true,"href":"https:\/\/shop.verlag.uni-potsdam.de\/en\/wp-json\/wp\/v2\/product_brand?post=55148"},{"taxonomy":"product_cat","embeddable":true,"href":"https:\/\/shop.verlag.uni-potsdam.de\/en\/wp-json\/wp\/v2\/product_cat?post=55148"},{"taxonomy":"product_tag","embeddable":true,"href":"https:\/\/shop.verlag.uni-potsdam.de\/en\/wp-json\/wp\/v2\/product_tag?post=55148"}],"curies":[{"name":"wp","href":"https:\/\/api.w.org\/{rel}","templated":true}]}}