{"id":55151,"date":"2026-03-23T08:54:29","date_gmt":"2026-03-23T08:54:29","guid":{"rendered":"https:\/\/shop.verlag.uni-potsdam.de\/shop\/hdi-2014-gestalten-von-uebergaengen\/"},"modified":"2026-03-23T11:55:30","modified_gmt":"2026-03-23T10:55:30","slug":"hochschuldidaktik-der-informatik-hdi-2018","status":"publish","type":"product","link":"https:\/\/shop.verlag.uni-potsdam.de\/en\/shop\/hochschuldidaktik-der-informatik-hdi-2018\/","title":{"rendered":"Hochschuldidaktik der Informatik HDI 2018"},"content":{"rendered":"<p class=\"qtranxs-available-languages-message qtranxs-available-languages-message-en\">Sorry, this entry is only available in <a href=\"https:\/\/shop.verlag.uni-potsdam.de\/de\/wp-json\/wp\/v2\/product\/55151\" class=\"qtranxs-available-language-link qtranxs-available-language-link-de\" title=\"Deutsch\">Deutsch<\/a>.<\/p><p><\/p>\n<div>Die 8. Fachtagung f\u00fcr Hochschuldidaktik der Informatik (HDI) fand im September 2018 zusammen mit der Deutschen E-Learning Fachtagung Informatik (DeLFI) unter dem gemeinsamen Motto \u201eDigitalisierungswahnsinn? &#8211; Wege der Bildungstransformationen\u201c in Frankfurt statt. <\/div>\n<div><\/div>\n<div>Dabei widmet sich die HDI allen Fragen der informatischen Bildung im Hochschulbereich. Schwerpunkte bildeten in diesem Jahr u. a.: <\/div>\n<div><\/div>\n<div>&#8211; Analyse der Inhalte und anzustrebenden Kompetenzen in Informatikveranstaltungen <\/div>\n<div>&#8211; Programmieren lernen &amp; Einstieg in Softwareentwicklung <\/div>\n<div>&#8211; Spezialthemen: Data Science, Theoretische Informatik und Wissenschaftliches Arbeiten <\/div>\n<div><\/div>\n<div>Die Fachtagung widmet sich ausgew\u00e4hlten Fragestellungen dieser Themenkomplexe, die durch Vortr\u00e4ge ausgewiesener Experten und durch eingereichte Beitr\u00e4ge intensiv behandelt werden.<\/div>\n<p><\/p>","protected":false},"excerpt":{"rendered":"<p class=\"qtranxs-available-languages-message qtranxs-available-languages-message-en\">Sorry, this entry is only available in <a href=\"https:\/\/shop.verlag.uni-potsdam.de\/de\/wp-json\/wp\/v2\/product\/55151\" class=\"qtranxs-available-language-link qtranxs-available-language-link-de\" title=\"Deutsch\">Deutsch<\/a>.<\/p>\n<div>Die 8. Fachtagung f\u00fcr Hochschuldidaktik der Informatik (HDI) fand im September 2018 zusammen mit der Deutschen E-Learning Fachtagung Informatik (DeLFI) unter dem gemeinsamen Motto \u201eDigitalisierungswahnsinn? &#8211; Wege der Bildungstransformationen\u201c in Frankfurt statt. <\/div>\n<div><\/div>\n<div>Dabei widmet sich die HDI allen Fragen der informatischen Bildung im Hochschulbereich. Schwerpunkte bildeten in diesem Jahr u. a.: <\/div>\n<div><\/div>\n<div>&#8211; Analyse der Inhalte und anzustrebenden Kompetenzen in Informatikveranstaltungen <\/div>\n<div>&#8211; Programmieren lernen &amp; Einstieg in Softwareentwicklung <\/div>\n<div>&#8211; Spezialthemen: Data Science, Theoretische Informatik und Wissenschaftliches Arbeiten <\/div>\n<div><\/div>\n<div>Die Fachtagung widmet sich ausgew\u00e4hlten Fragestellungen dieser Themenkomplexe, die durch Vortr\u00e4ge ausgewiesener Experten und durch eingereichte Beitr\u00e4ge intensiv behandelt werden.<\/div>\n","protected":false},"featured_media":55230,"template":"","meta":{"_acf_changed":false},"product_brand":[],"product_cat":[6211],"product_tag":[6041],"class_list":{"0":"post-55151","1":"product","2":"type-product","3":"status-publish","4":"has-post-thumbnail","6":"product_cat-informatik-edv-web-kategorie","7":"product_tag-hochschulbildung-hochschuldidaktik-informatik-data-science-theoretische-informatik-wissenschaftliches-arbeiten-kompetenzanalyse","8":"autor-alexander-tillmann","9":"autor-andreas-grillenberger","10":"autor-bastian-kueppers","11":"autor-christiane-frede","12":"autor-christoph-greven","13":"autor-claudia-keverpuetz","14":"autor-daniel-moldt","15":"autor-dennis-schmitz","16":"autor-detlef-kroemker","17":"autor-florian-horn","18":"autor-karsten-weicker","19":"autor-kathrin-larisch","20":"autor-maria-knobelsdorf","21":"autor-matthias-kramer","22":"autor-michael-striewe","23":"autor-nadine-bergner","24":"autor-ralf-romeike","25":"autor-rene-roepke","26":"autor-stefan-seegerer","27":"autor-thorsten-gattinger","28":"autor-ulrik-schroeder","30":"first","31":"instock","32":"shipping-taxable","33":"purchasable","34":"product-type-simple"},"acf":[],"yoast_head":"<!-- This site is optimized with the Yoast SEO plugin v27.1.1 - https:\/\/yoast.com\/product\/yoast-seo-wordpress\/ -->\n<title>Hochschuldidaktik der Informatik HDI 2018 - Universit\u00e4tsverlag Potsdam<\/title>\n<meta name=\"robots\" content=\"index, follow, max-snippet:-1, max-image-preview:large, max-video-preview:-1\" \/>\n<link rel=\"canonical\" href=\"https:\/\/shop.verlag.uni-potsdam.de\/en\/shop\/hochschuldidaktik-der-informatik-hdi-2018\/\" \/>\n<meta property=\"og:locale\" content=\"en_US\" \/>\n<meta property=\"og:type\" content=\"article\" \/>\n<meta property=\"og:title\" content=\"Hochschuldidaktik der Informatik HDI 2018 - Universit\u00e4tsverlag Potsdam\" \/>\n<meta property=\"og:description\" content=\"Die 8. Fachtagung f\u00fcr Hochschuldidaktik der Informatik (HDI) fand im September 2018 zusammen mit der Deutschen E-Learning Fachtagung Informatik (DeLFI) unter dem gemeinsamen Motto \u201eDigitalisierungswahnsinn? - Wege der Bildungstransformationen\u201c in Frankfurt statt. Dabei widmet sich die HDI allen Fragen der informatischen Bildung im Hochschulbereich. Schwerpunkte bildeten in diesem Jahr u. a.: - Analyse der Inhalte und anzustrebenden Kompetenzen in Informatikveranstaltungen - Programmieren lernen &amp; Einstieg in Softwareentwicklung - Spezialthemen: Data Science, Theoretische Informatik und Wissenschaftliches Arbeiten Die Fachtagung widmet sich ausgew\u00e4hlten Fragestellungen dieser Themenkomplexe, die durch Vortr\u00e4ge ausgewiesener Experten und durch eingereichte Beitr\u00e4ge intensiv behandelt werden.\" \/>\n<meta property=\"og:url\" content=\"https:\/\/shop.verlag.uni-potsdam.de\/en\/shop\/hochschuldidaktik-der-informatik-hdi-2018\/\" \/>\n<meta property=\"og:site_name\" content=\"Universit\u00e4tsverlag Potsdam\" \/>\n<meta property=\"article:modified_time\" content=\"2026-03-23T10:55:30+00:00\" \/>\n<meta property=\"og:image\" content=\"https:\/\/shop.verlag.uni-potsdam.de\/wp-content\/uploads\/asolmerce\/image-978-3-86956-435-7.jpg\" \/>\n\t<meta property=\"og:image:width\" content=\"1221\" \/>\n\t<meta property=\"og:image:height\" content=\"1733\" \/>\n\t<meta property=\"og:image:type\" content=\"image\/jpeg\" \/>\n<meta name=\"twitter:card\" content=\"summary_large_image\" \/>\n<script type=\"application\/ld+json\" class=\"yoast-schema-graph\">{\"@context\":\"https:\/\/schema.org\",\"@graph\":[{\"@type\":\"WebPage\",\"@id\":\"https:\/\/shop.verlag.uni-potsdam.de\/en\/shop\/hochschuldidaktik-der-informatik-hdi-2018\/\",\"url\":\"https:\/\/shop.verlag.uni-potsdam.de\/en\/shop\/hochschuldidaktik-der-informatik-hdi-2018\/\",\"name\":\"Hochschuldidaktik der Informatik HDI 2018 - Universit\u00e4tsverlag Potsdam\",\"isPartOf\":{\"@id\":\"https:\/\/shop.verlag.uni-potsdam.de\/en\/#website\"},\"primaryImageOfPage\":{\"@id\":\"https:\/\/shop.verlag.uni-potsdam.de\/en\/shop\/hochschuldidaktik-der-informatik-hdi-2018\/#primaryimage\"},\"image\":{\"@id\":\"https:\/\/shop.verlag.uni-potsdam.de\/shop\/hochschuldidaktik-der-informatik-hdi-2018\/#primaryimage\"},\"thumbnailUrl\":\"https:\/\/shop.verlag.uni-potsdam.de\/wp-content\/uploads\/asolmerce\/image-978-3-86956-435-7.jpg\",\"datePublished\":\"2026-03-23T08:54:29+00:00\",\"dateModified\":\"2026-03-23T10:55:30+00:00\",\"breadcrumb\":{\"@id\":\"https:\/\/shop.verlag.uni-potsdam.de\/en\/shop\/hochschuldidaktik-der-informatik-hdi-2018\/#breadcrumb\"},\"inLanguage\":\"en-US\",\"potentialAction\":[{\"@type\":\"ReadAction\",\"target\":[[\"https:\/\/shop.verlag.uni-potsdam.de\/en\/shop\/hochschuldidaktik-der-informatik-hdi-2018\/\"]]}]},{\"@type\":\"ImageObject\",\"inLanguage\":\"en-US\",\"@id\":\"https:\/\/shop.verlag.uni-potsdam.de\/en\/shop\/hochschuldidaktik-der-informatik-hdi-2018\/#primaryimage\",\"url\":\"https:\/\/shop.verlag.uni-potsdam.de\/wp-content\/uploads\/asolmerce\/image-978-3-86956-435-7.jpg\",\"contentUrl\":\"https:\/\/shop.verlag.uni-potsdam.de\/wp-content\/uploads\/asolmerce\/image-978-3-86956-435-7.jpg\",\"width\":1221,\"height\":1733},{\"@type\":\"BreadcrumbList\",\"@id\":\"https:\/\/shop.verlag.uni-potsdam.de\/en\/shop\/hochschuldidaktik-der-informatik-hdi-2018\/#breadcrumb\",\"itemListElement\":[{\"@type\":\"ListItem\",\"position\":1,\"name\":\"Startseite\",\"item\":\"https:\/\/shop.verlag.uni-potsdam.de\/en\/\"},{\"@type\":\"ListItem\",\"position\":2,\"name\":\"Shop\",\"item\":\"https:\/\/shop.verlag.uni-potsdam.de\/en\/shop\/\"},{\"@type\":\"ListItem\",\"position\":3,\"name\":\"Hochschuldidaktik der Informatik HDI 2018\"}]},{\"@type\":\"WebSite\",\"@id\":\"https:\/\/shop.verlag.uni-potsdam.de\/en\/#website\",\"url\":\"https:\/\/shop.verlag.uni-potsdam.de\/en\/\",\"name\":\"Universit\u00e4tsverlag Potsdam\",\"description\":\"\",\"publisher\":{\"@id\":\"https:\/\/shop.verlag.uni-potsdam.de\/en\/#organization\"},\"potentialAction\":[{\"@type\":\"SearchAction\",\"target\":{\"@type\":\"EntryPoint\",\"urlTemplate\":\"https:\/\/shop.verlag.uni-potsdam.de\/en\/?s={search_term_string}\"},\"query-input\":{\"@type\":\"PropertyValueSpecification\",\"valueRequired\":true,\"valueName\":\"search_term_string\"}}],\"inLanguage\":\"en-US\"},{\"@type\":\"Organization\",\"@id\":\"https:\/\/shop.verlag.uni-potsdam.de\/en\/#organization\",\"name\":\"Universit\u00e4tsverlag Potsdam\",\"url\":\"https:\/\/shop.verlag.uni-potsdam.de\/en\/\",\"logo\":{\"@type\":\"ImageObject\",\"inLanguage\":\"en-US\",\"@id\":\"https:\/\/shop.verlag.uni-potsdam.de\/en\/#\/schema\/logo\/image\/\",\"url\":\"https:\/\/shop.verlag.uni-potsdam.de\/wp-content\/uploads\/2017\/04\/up_logo_university_2.png\",\"contentUrl\":\"https:\/\/shop.verlag.uni-potsdam.de\/wp-content\/uploads\/2017\/04\/up_logo_university_2.png\",\"width\":160,\"height\":172,\"caption\":\"Universit\u00e4tsverlag Potsdam\"},\"image\":{\"@id\":\"https:\/\/shop.verlag.uni-potsdam.de\/en\/#\/schema\/logo\/image\/\"}}]}<\/script>\n<!-- \/ Yoast SEO plugin. -->","yoast_head_json":{"title":"Hochschuldidaktik der Informatik HDI 2018 - Universit\u00e4tsverlag Potsdam","robots":{"index":"index","follow":"follow","max-snippet":"max-snippet:-1","max-image-preview":"max-image-preview:large","max-video-preview":"max-video-preview:-1"},"canonical":"https:\/\/shop.verlag.uni-potsdam.de\/en\/shop\/hochschuldidaktik-der-informatik-hdi-2018\/","og_locale":"en_US","og_type":"article","og_title":"Hochschuldidaktik der Informatik HDI 2018 - Universit\u00e4tsverlag Potsdam","og_description":"Die 8. Fachtagung f\u00fcr Hochschuldidaktik der Informatik (HDI) fand im September 2018 zusammen mit der Deutschen E-Learning Fachtagung Informatik (DeLFI) unter dem gemeinsamen Motto \u201eDigitalisierungswahnsinn? - Wege der Bildungstransformationen\u201c in Frankfurt statt. Dabei widmet sich die HDI allen Fragen der informatischen Bildung im Hochschulbereich. Schwerpunkte bildeten in diesem Jahr u. a.: - Analyse der Inhalte und anzustrebenden Kompetenzen in Informatikveranstaltungen - Programmieren lernen &amp; Einstieg in Softwareentwicklung - Spezialthemen: Data Science, Theoretische Informatik und Wissenschaftliches Arbeiten Die Fachtagung widmet sich ausgew\u00e4hlten Fragestellungen dieser Themenkomplexe, die durch Vortr\u00e4ge ausgewiesener Experten und durch eingereichte Beitr\u00e4ge intensiv behandelt werden.","og_url":"https:\/\/shop.verlag.uni-potsdam.de\/en\/shop\/hochschuldidaktik-der-informatik-hdi-2018\/","og_site_name":"Universit\u00e4tsverlag Potsdam","article_modified_time":"2026-03-23T10:55:30+00:00","og_image":[{"width":1221,"height":1733,"url":"https:\/\/shop.verlag.uni-potsdam.de\/wp-content\/uploads\/asolmerce\/image-978-3-86956-435-7.jpg","type":"image\/jpeg"}],"twitter_card":"summary_large_image","schema":{"@context":"https:\/\/schema.org","@graph":[{"@type":"WebPage","@id":"https:\/\/shop.verlag.uni-potsdam.de\/en\/shop\/hochschuldidaktik-der-informatik-hdi-2018\/","url":"https:\/\/shop.verlag.uni-potsdam.de\/en\/shop\/hochschuldidaktik-der-informatik-hdi-2018\/","name":"Hochschuldidaktik der Informatik HDI 2018 - Universit\u00e4tsverlag Potsdam","isPartOf":{"@id":"https:\/\/shop.verlag.uni-potsdam.de\/en\/#website"},"primaryImageOfPage":{"@id":"https:\/\/shop.verlag.uni-potsdam.de\/en\/shop\/hochschuldidaktik-der-informatik-hdi-2018\/#primaryimage"},"image":{"@id":"https:\/\/shop.verlag.uni-potsdam.de\/shop\/hochschuldidaktik-der-informatik-hdi-2018\/#primaryimage"},"thumbnailUrl":"https:\/\/shop.verlag.uni-potsdam.de\/wp-content\/uploads\/asolmerce\/image-978-3-86956-435-7.jpg","datePublished":"2026-03-23T08:54:29+00:00","dateModified":"2026-03-23T10:55:30+00:00","breadcrumb":{"@id":"https:\/\/shop.verlag.uni-potsdam.de\/en\/shop\/hochschuldidaktik-der-informatik-hdi-2018\/#breadcrumb"},"inLanguage":"en-US","potentialAction":[{"@type":"ReadAction","target":[["https:\/\/shop.verlag.uni-potsdam.de\/en\/shop\/hochschuldidaktik-der-informatik-hdi-2018\/"]]}]},{"@type":"ImageObject","inLanguage":"en-US","@id":"https:\/\/shop.verlag.uni-potsdam.de\/en\/shop\/hochschuldidaktik-der-informatik-hdi-2018\/#primaryimage","url":"https:\/\/shop.verlag.uni-potsdam.de\/wp-content\/uploads\/asolmerce\/image-978-3-86956-435-7.jpg","contentUrl":"https:\/\/shop.verlag.uni-potsdam.de\/wp-content\/uploads\/asolmerce\/image-978-3-86956-435-7.jpg","width":1221,"height":1733},{"@type":"BreadcrumbList","@id":"https:\/\/shop.verlag.uni-potsdam.de\/en\/shop\/hochschuldidaktik-der-informatik-hdi-2018\/#breadcrumb","itemListElement":[{"@type":"ListItem","position":1,"name":"Startseite","item":"https:\/\/shop.verlag.uni-potsdam.de\/en\/"},{"@type":"ListItem","position":2,"name":"Shop","item":"https:\/\/shop.verlag.uni-potsdam.de\/en\/shop\/"},{"@type":"ListItem","position":3,"name":"Hochschuldidaktik der Informatik HDI 2018"}]},{"@type":"WebSite","@id":"https:\/\/shop.verlag.uni-potsdam.de\/en\/#website","url":"https:\/\/shop.verlag.uni-potsdam.de\/en\/","name":"Universit\u00e4tsverlag Potsdam","description":"","publisher":{"@id":"https:\/\/shop.verlag.uni-potsdam.de\/en\/#organization"},"potentialAction":[{"@type":"SearchAction","target":{"@type":"EntryPoint","urlTemplate":"https:\/\/shop.verlag.uni-potsdam.de\/en\/?s={search_term_string}"},"query-input":{"@type":"PropertyValueSpecification","valueRequired":true,"valueName":"search_term_string"}}],"inLanguage":"en-US"},{"@type":"Organization","@id":"https:\/\/shop.verlag.uni-potsdam.de\/en\/#organization","name":"Universit\u00e4tsverlag Potsdam","url":"https:\/\/shop.verlag.uni-potsdam.de\/en\/","logo":{"@type":"ImageObject","inLanguage":"en-US","@id":"https:\/\/shop.verlag.uni-potsdam.de\/en\/#\/schema\/logo\/image\/","url":"https:\/\/shop.verlag.uni-potsdam.de\/wp-content\/uploads\/2017\/04\/up_logo_university_2.png","contentUrl":"https:\/\/shop.verlag.uni-potsdam.de\/wp-content\/uploads\/2017\/04\/up_logo_university_2.png","width":160,"height":172,"caption":"Universit\u00e4tsverlag Potsdam"},"image":{"@id":"https:\/\/shop.verlag.uni-potsdam.de\/en\/#\/schema\/logo\/image\/"}}]}},"_links":{"self":[{"href":"https:\/\/shop.verlag.uni-potsdam.de\/en\/wp-json\/wp\/v2\/product\/55151","targetHints":{"allow":["GET"]}}],"collection":[{"href":"https:\/\/shop.verlag.uni-potsdam.de\/en\/wp-json\/wp\/v2\/product"}],"about":[{"href":"https:\/\/shop.verlag.uni-potsdam.de\/en\/wp-json\/wp\/v2\/types\/product"}],"wp:featuredmedia":[{"embeddable":true,"href":"https:\/\/shop.verlag.uni-potsdam.de\/en\/wp-json\/wp\/v2\/media\/55230"}],"wp:attachment":[{"href":"https:\/\/shop.verlag.uni-potsdam.de\/en\/wp-json\/wp\/v2\/media?parent=55151"}],"wp:term":[{"taxonomy":"product_brand","embeddable":true,"href":"https:\/\/shop.verlag.uni-potsdam.de\/en\/wp-json\/wp\/v2\/product_brand?post=55151"},{"taxonomy":"product_cat","embeddable":true,"href":"https:\/\/shop.verlag.uni-potsdam.de\/en\/wp-json\/wp\/v2\/product_cat?post=55151"},{"taxonomy":"product_tag","embeddable":true,"href":"https:\/\/shop.verlag.uni-potsdam.de\/en\/wp-json\/wp\/v2\/product_tag?post=55151"}],"curies":[{"name":"wp","href":"https:\/\/api.w.org\/{rel}","templated":true}]}}