{"id":55156,"date":"2026-03-31T10:16:43","date_gmt":"2026-03-31T10:16:43","guid":{"rendered":"https:\/\/shop.verlag.uni-potsdam.de\/shop\/alexander-von-humboldt-im-netz-18-2017-36-3\/"},"modified":"2026-03-31T14:17:43","modified_gmt":"2026-03-31T12:17:43","slug":"alexander-von-humboldt-im-netz-17-2016-33","status":"publish","type":"product","link":"https:\/\/shop.verlag.uni-potsdam.de\/en\/shop\/alexander-von-humboldt-im-netz-17-2016-33\/","title":{"rendered":"Alexander von Humboldt im Netz ; 17 (2016) 33"},"content":{"rendered":"<p class=\"qtranxs-available-languages-message qtranxs-available-languages-message-en\">Sorry, this entry is only available in <a href=\"https:\/\/shop.verlag.uni-potsdam.de\/de\/wp-json\/wp\/v2\/product\/55156\" class=\"qtranxs-available-language-link qtranxs-available-language-link-de\" title=\"Deutsch\">Deutsch<\/a>.<\/p><p><\/p>\n<div>Inhalt:<\/div>\n<div><\/div>\n<div><i>Reinhard Andress: <\/i>Ein unver\u00f6ffentlichter Brief Alexander von Humboldts an den Buchh\u00e4ndler Jean-Georges Treuttel<\/div>\n<div><i>Julian Drews:<\/i> \u00c9criture (auto)biographique dans l\u2018Examen critique d\u2018Alexandre de Humboldt<\/div>\n<div><i>Alberto G\u00f3mez Guti\u00e9rrez:<\/i> Alexander von Humboldt y la cooperaci\u00f3n transcontinental en la Geograf\u00eda de las plantas: una nueva apreciaci\u00f3n de la obra fitogeogr\u00e1fica de Francisco Jos\u00e9 de Caldas<\/div>\n<div><i>Karin Reich ; Elena Roussanova:<\/i> Der Briefwechsel zwischen Karl Kreil und Alexander von Humboldt, ein wichtiger Beitrag zur Geschichte des Erdmagnetismus<\/div>\n<p><i>Alexander St\u00f6ger:<\/i> Experiment und Wissensvermittlung Alexander von Humboldts Darstellungsmethoden in seinen Versuchen \u00fcber die gereizte Muskel- und Nervenfaser<br \/><i>Friedrich Herneck:<\/i> Hegel und Alexander von Humboldt<\/p>","protected":false},"excerpt":{"rendered":"<p class=\"qtranxs-available-languages-message qtranxs-available-languages-message-en\">Sorry, this entry is only available in <a href=\"https:\/\/shop.verlag.uni-potsdam.de\/de\/wp-json\/wp\/v2\/product\/55156\" class=\"qtranxs-available-language-link qtranxs-available-language-link-de\" title=\"Deutsch\">Deutsch<\/a>.<\/p>\n<div>Inhalt:<\/div>\n<div><\/div>\n<div><i>Reinhard Andress: <\/i>Ein unver\u00f6ffentlichter Brief Alexander von Humboldts an den Buchh\u00e4ndler Jean-Georges Treuttel<\/div>\n<div><i>Julian Drews:<\/i> \u00c9criture (auto)biographique dans l\u2018Examen critique d\u2018Alexandre de Humboldt<\/div>\n<div><i>Alberto G\u00f3mez Guti\u00e9rrez:<\/i> Alexander von Humboldt y la cooperaci\u00f3n transcontinental en la Geograf\u00eda de las plantas: una nueva apreciaci\u00f3n de la obra fitogeogr\u00e1fica de Francisco Jos\u00e9 de Caldas<\/div>\n<div><i>Karin Reich ; Elena Roussanova:<\/i> Der Briefwechsel zwischen Karl Kreil und Alexander von Humboldt, ein wichtiger Beitrag zur Geschichte des Erdmagnetismus<\/div>\n<p><i>Alexander St\u00f6ger:<\/i> Experiment und Wissensvermittlung Alexander von Humboldts Darstellungsmethoden in seinen Versuchen \u00fcber die gereizte Muskel- und Nervenfaser<br \/><i>Friedrich Herneck:<\/i> Hegel und Alexander von Humboldt<\/p>\n","protected":false},"featured_media":55675,"template":"","meta":{"_acf_changed":false},"product_brand":[],"product_cat":[6209,6207,6219],"product_tag":[],"class_list":{"0":"post-55156","1":"product","2":"type-product","3":"status-publish","4":"has-post-thumbnail","6":"product_cat-geowissenschaften-web-kategorie","7":"product_cat-geschichte-web-kategorie","8":"product_cat-naturwissenschaften-allgemein-web-kategorie","9":"autor-alberto-gomez-gutierrez","10":"autor-alexander-stoeger","11":"autor-eberhard-knobloch","12":"autor-elena-roussanova","13":"autor-friedrich-herneck","14":"autor-ingo-schwarz","15":"autor-julian-drews","16":"autor-karin-reich","17":"autor-ottmar-ette","18":"autor-reinhard-andress-1","19":"zeitschriften-hin-alexander-von-humboldt-im-netz","21":"first","22":"instock","23":"shipping-taxable","24":"purchasable","25":"product-type-simple"},"acf":[],"yoast_head":"<!-- This site is optimized with the Yoast SEO plugin v27.1.1 - https:\/\/yoast.com\/product\/yoast-seo-wordpress\/ -->\n<title>Alexander von Humboldt im Netz ; 17 (2016) 33 - Universit\u00e4tsverlag Potsdam<\/title>\n<meta name=\"robots\" content=\"index, follow, max-snippet:-1, max-image-preview:large, max-video-preview:-1\" \/>\n<link rel=\"canonical\" href=\"https:\/\/shop.verlag.uni-potsdam.de\/en\/shop\/alexander-von-humboldt-im-netz-17-2016-33\/\" \/>\n<meta property=\"og:locale\" content=\"en_US\" \/>\n<meta property=\"og:type\" content=\"article\" \/>\n<meta property=\"og:title\" content=\"Alexander von Humboldt im Netz ; 17 (2016) 33 - Universit\u00e4tsverlag Potsdam\" \/>\n<meta property=\"og:description\" content=\"Inhalt:Reinhard Andress: Ein unver\u00f6ffentlichter Brief Alexander von Humboldts an den Buchh\u00e4ndler Jean-Georges TreuttelJulian Drews: \u00c9criture (auto)biographique dans l\u2018Examen critique d\u2018Alexandre de HumboldtAlberto G\u00f3mez Guti\u00e9rrez: Alexander von Humboldt y la cooperaci\u00f3n transcontinental en la Geograf\u00eda de las plantas: una nueva apreciaci\u00f3n de la obra fitogeogr\u00e1fica de Francisco Jos\u00e9 de CaldasKarin Reich ; Elena Roussanova: Der Briefwechsel zwischen Karl Kreil und Alexander von Humboldt, ein wichtiger Beitrag zur Geschichte des ErdmagnetismusAlexander St\u00f6ger: Experiment und Wissensvermittlung Alexander von Humboldts Darstellungsmethoden in seinen Versuchen \u00fcber die gereizte Muskel- und NervenfaserFriedrich Herneck: Hegel und Alexander von Humboldt\" \/>\n<meta property=\"og:url\" content=\"https:\/\/shop.verlag.uni-potsdam.de\/en\/shop\/alexander-von-humboldt-im-netz-17-2016-33\/\" \/>\n<meta property=\"og:site_name\" content=\"Universit\u00e4tsverlag Potsdam\" \/>\n<meta property=\"article:modified_time\" content=\"2026-03-31T12:17:43+00:00\" \/>\n<meta property=\"og:image\" content=\"https:\/\/shop.verlag.uni-potsdam.de\/wp-content\/uploads\/asolmerce\/image-22120.jpg\" \/>\n\t<meta property=\"og:image:width\" content=\"1001\" \/>\n\t<meta property=\"og:image:height\" content=\"1415\" \/>\n\t<meta property=\"og:image:type\" content=\"image\/jpeg\" \/>\n<meta name=\"twitter:card\" content=\"summary_large_image\" \/>\n<meta name=\"twitter:label1\" content=\"Est. reading time\" \/>\n\t<meta name=\"twitter:data1\" content=\"1 minute\" \/>\n<script type=\"application\/ld+json\" class=\"yoast-schema-graph\">{\"@context\":\"https:\/\/schema.org\",\"@graph\":[{\"@type\":\"WebPage\",\"@id\":\"https:\/\/shop.verlag.uni-potsdam.de\/en\/shop\/alexander-von-humboldt-im-netz-17-2016-33\/\",\"url\":\"https:\/\/shop.verlag.uni-potsdam.de\/en\/shop\/alexander-von-humboldt-im-netz-17-2016-33\/\",\"name\":\"Alexander von Humboldt im Netz ; 17 (2016) 33 - Universit\u00e4tsverlag Potsdam\",\"isPartOf\":{\"@id\":\"https:\/\/shop.verlag.uni-potsdam.de\/en\/#website\"},\"primaryImageOfPage\":{\"@id\":\"https:\/\/shop.verlag.uni-potsdam.de\/en\/shop\/alexander-von-humboldt-im-netz-17-2016-33\/#primaryimage\"},\"image\":{\"@id\":\"https:\/\/shop.verlag.uni-potsdam.de\/shop\/alexander-von-humboldt-im-netz-17-2016-33\/#primaryimage\"},\"thumbnailUrl\":\"https:\/\/shop.verlag.uni-potsdam.de\/wp-content\/uploads\/asolmerce\/image-22120.jpg\",\"datePublished\":\"2026-03-31T10:16:43+00:00\",\"dateModified\":\"2026-03-31T12:17:43+00:00\",\"breadcrumb\":{\"@id\":\"https:\/\/shop.verlag.uni-potsdam.de\/en\/shop\/alexander-von-humboldt-im-netz-17-2016-33\/#breadcrumb\"},\"inLanguage\":\"en-US\",\"potentialAction\":[{\"@type\":\"ReadAction\",\"target\":[[\"https:\/\/shop.verlag.uni-potsdam.de\/en\/shop\/alexander-von-humboldt-im-netz-17-2016-33\/\"]]}]},{\"@type\":\"ImageObject\",\"inLanguage\":\"en-US\",\"@id\":\"https:\/\/shop.verlag.uni-potsdam.de\/en\/shop\/alexander-von-humboldt-im-netz-17-2016-33\/#primaryimage\",\"url\":\"https:\/\/shop.verlag.uni-potsdam.de\/wp-content\/uploads\/asolmerce\/image-22120.jpg\",\"contentUrl\":\"https:\/\/shop.verlag.uni-potsdam.de\/wp-content\/uploads\/asolmerce\/image-22120.jpg\",\"width\":1001,\"height\":1415},{\"@type\":\"BreadcrumbList\",\"@id\":\"https:\/\/shop.verlag.uni-potsdam.de\/en\/shop\/alexander-von-humboldt-im-netz-17-2016-33\/#breadcrumb\",\"itemListElement\":[{\"@type\":\"ListItem\",\"position\":1,\"name\":\"Startseite\",\"item\":\"https:\/\/shop.verlag.uni-potsdam.de\/en\/\"},{\"@type\":\"ListItem\",\"position\":2,\"name\":\"Shop\",\"item\":\"https:\/\/shop.verlag.uni-potsdam.de\/en\/shop\/\"},{\"@type\":\"ListItem\",\"position\":3,\"name\":\"Alexander von Humboldt im Netz ; 17 (2016) 33\"}]},{\"@type\":\"WebSite\",\"@id\":\"https:\/\/shop.verlag.uni-potsdam.de\/en\/#website\",\"url\":\"https:\/\/shop.verlag.uni-potsdam.de\/en\/\",\"name\":\"Universit\u00e4tsverlag Potsdam\",\"description\":\"\",\"publisher\":{\"@id\":\"https:\/\/shop.verlag.uni-potsdam.de\/en\/#organization\"},\"potentialAction\":[{\"@type\":\"SearchAction\",\"target\":{\"@type\":\"EntryPoint\",\"urlTemplate\":\"https:\/\/shop.verlag.uni-potsdam.de\/en\/?s={search_term_string}\"},\"query-input\":{\"@type\":\"PropertyValueSpecification\",\"valueRequired\":true,\"valueName\":\"search_term_string\"}}],\"inLanguage\":\"en-US\"},{\"@type\":\"Organization\",\"@id\":\"https:\/\/shop.verlag.uni-potsdam.de\/en\/#organization\",\"name\":\"Universit\u00e4tsverlag Potsdam\",\"url\":\"https:\/\/shop.verlag.uni-potsdam.de\/en\/\",\"logo\":{\"@type\":\"ImageObject\",\"inLanguage\":\"en-US\",\"@id\":\"https:\/\/shop.verlag.uni-potsdam.de\/en\/#\/schema\/logo\/image\/\",\"url\":\"https:\/\/shop.verlag.uni-potsdam.de\/wp-content\/uploads\/2017\/04\/up_logo_university_2.png\",\"contentUrl\":\"https:\/\/shop.verlag.uni-potsdam.de\/wp-content\/uploads\/2017\/04\/up_logo_university_2.png\",\"width\":160,\"height\":172,\"caption\":\"Universit\u00e4tsverlag Potsdam\"},\"image\":{\"@id\":\"https:\/\/shop.verlag.uni-potsdam.de\/en\/#\/schema\/logo\/image\/\"}}]}<\/script>\n<!-- \/ Yoast SEO plugin. -->","yoast_head_json":{"title":"Alexander von Humboldt im Netz ; 17 (2016) 33 - Universit\u00e4tsverlag Potsdam","robots":{"index":"index","follow":"follow","max-snippet":"max-snippet:-1","max-image-preview":"max-image-preview:large","max-video-preview":"max-video-preview:-1"},"canonical":"https:\/\/shop.verlag.uni-potsdam.de\/en\/shop\/alexander-von-humboldt-im-netz-17-2016-33\/","og_locale":"en_US","og_type":"article","og_title":"Alexander von Humboldt im Netz ; 17 (2016) 33 - Universit\u00e4tsverlag Potsdam","og_description":"Inhalt:Reinhard Andress: Ein unver\u00f6ffentlichter Brief Alexander von Humboldts an den Buchh\u00e4ndler Jean-Georges TreuttelJulian Drews: \u00c9criture (auto)biographique dans l\u2018Examen critique d\u2018Alexandre de HumboldtAlberto G\u00f3mez Guti\u00e9rrez: Alexander von Humboldt y la cooperaci\u00f3n transcontinental en la Geograf\u00eda de las plantas: una nueva apreciaci\u00f3n de la obra fitogeogr\u00e1fica de Francisco Jos\u00e9 de CaldasKarin Reich ; Elena Roussanova: Der Briefwechsel zwischen Karl Kreil und Alexander von Humboldt, ein wichtiger Beitrag zur Geschichte des ErdmagnetismusAlexander St\u00f6ger: Experiment und Wissensvermittlung Alexander von Humboldts Darstellungsmethoden in seinen Versuchen \u00fcber die gereizte Muskel- und NervenfaserFriedrich Herneck: Hegel und Alexander von Humboldt","og_url":"https:\/\/shop.verlag.uni-potsdam.de\/en\/shop\/alexander-von-humboldt-im-netz-17-2016-33\/","og_site_name":"Universit\u00e4tsverlag Potsdam","article_modified_time":"2026-03-31T12:17:43+00:00","og_image":[{"width":1001,"height":1415,"url":"https:\/\/shop.verlag.uni-potsdam.de\/wp-content\/uploads\/asolmerce\/image-22120.jpg","type":"image\/jpeg"}],"twitter_card":"summary_large_image","twitter_misc":{"Est. reading time":"1 minute"},"schema":{"@context":"https:\/\/schema.org","@graph":[{"@type":"WebPage","@id":"https:\/\/shop.verlag.uni-potsdam.de\/en\/shop\/alexander-von-humboldt-im-netz-17-2016-33\/","url":"https:\/\/shop.verlag.uni-potsdam.de\/en\/shop\/alexander-von-humboldt-im-netz-17-2016-33\/","name":"Alexander von Humboldt im Netz ; 17 (2016) 33 - Universit\u00e4tsverlag Potsdam","isPartOf":{"@id":"https:\/\/shop.verlag.uni-potsdam.de\/en\/#website"},"primaryImageOfPage":{"@id":"https:\/\/shop.verlag.uni-potsdam.de\/en\/shop\/alexander-von-humboldt-im-netz-17-2016-33\/#primaryimage"},"image":{"@id":"https:\/\/shop.verlag.uni-potsdam.de\/shop\/alexander-von-humboldt-im-netz-17-2016-33\/#primaryimage"},"thumbnailUrl":"https:\/\/shop.verlag.uni-potsdam.de\/wp-content\/uploads\/asolmerce\/image-22120.jpg","datePublished":"2026-03-31T10:16:43+00:00","dateModified":"2026-03-31T12:17:43+00:00","breadcrumb":{"@id":"https:\/\/shop.verlag.uni-potsdam.de\/en\/shop\/alexander-von-humboldt-im-netz-17-2016-33\/#breadcrumb"},"inLanguage":"en-US","potentialAction":[{"@type":"ReadAction","target":[["https:\/\/shop.verlag.uni-potsdam.de\/en\/shop\/alexander-von-humboldt-im-netz-17-2016-33\/"]]}]},{"@type":"ImageObject","inLanguage":"en-US","@id":"https:\/\/shop.verlag.uni-potsdam.de\/en\/shop\/alexander-von-humboldt-im-netz-17-2016-33\/#primaryimage","url":"https:\/\/shop.verlag.uni-potsdam.de\/wp-content\/uploads\/asolmerce\/image-22120.jpg","contentUrl":"https:\/\/shop.verlag.uni-potsdam.de\/wp-content\/uploads\/asolmerce\/image-22120.jpg","width":1001,"height":1415},{"@type":"BreadcrumbList","@id":"https:\/\/shop.verlag.uni-potsdam.de\/en\/shop\/alexander-von-humboldt-im-netz-17-2016-33\/#breadcrumb","itemListElement":[{"@type":"ListItem","position":1,"name":"Startseite","item":"https:\/\/shop.verlag.uni-potsdam.de\/en\/"},{"@type":"ListItem","position":2,"name":"Shop","item":"https:\/\/shop.verlag.uni-potsdam.de\/en\/shop\/"},{"@type":"ListItem","position":3,"name":"Alexander von Humboldt im Netz ; 17 (2016) 33"}]},{"@type":"WebSite","@id":"https:\/\/shop.verlag.uni-potsdam.de\/en\/#website","url":"https:\/\/shop.verlag.uni-potsdam.de\/en\/","name":"Universit\u00e4tsverlag Potsdam","description":"","publisher":{"@id":"https:\/\/shop.verlag.uni-potsdam.de\/en\/#organization"},"potentialAction":[{"@type":"SearchAction","target":{"@type":"EntryPoint","urlTemplate":"https:\/\/shop.verlag.uni-potsdam.de\/en\/?s={search_term_string}"},"query-input":{"@type":"PropertyValueSpecification","valueRequired":true,"valueName":"search_term_string"}}],"inLanguage":"en-US"},{"@type":"Organization","@id":"https:\/\/shop.verlag.uni-potsdam.de\/en\/#organization","name":"Universit\u00e4tsverlag Potsdam","url":"https:\/\/shop.verlag.uni-potsdam.de\/en\/","logo":{"@type":"ImageObject","inLanguage":"en-US","@id":"https:\/\/shop.verlag.uni-potsdam.de\/en\/#\/schema\/logo\/image\/","url":"https:\/\/shop.verlag.uni-potsdam.de\/wp-content\/uploads\/2017\/04\/up_logo_university_2.png","contentUrl":"https:\/\/shop.verlag.uni-potsdam.de\/wp-content\/uploads\/2017\/04\/up_logo_university_2.png","width":160,"height":172,"caption":"Universit\u00e4tsverlag Potsdam"},"image":{"@id":"https:\/\/shop.verlag.uni-potsdam.de\/en\/#\/schema\/logo\/image\/"}}]}},"_links":{"self":[{"href":"https:\/\/shop.verlag.uni-potsdam.de\/en\/wp-json\/wp\/v2\/product\/55156","targetHints":{"allow":["GET"]}}],"collection":[{"href":"https:\/\/shop.verlag.uni-potsdam.de\/en\/wp-json\/wp\/v2\/product"}],"about":[{"href":"https:\/\/shop.verlag.uni-potsdam.de\/en\/wp-json\/wp\/v2\/types\/product"}],"wp:featuredmedia":[{"embeddable":true,"href":"https:\/\/shop.verlag.uni-potsdam.de\/en\/wp-json\/wp\/v2\/media\/55675"}],"wp:attachment":[{"href":"https:\/\/shop.verlag.uni-potsdam.de\/en\/wp-json\/wp\/v2\/media?parent=55156"}],"wp:term":[{"taxonomy":"product_brand","embeddable":true,"href":"https:\/\/shop.verlag.uni-potsdam.de\/en\/wp-json\/wp\/v2\/product_brand?post=55156"},{"taxonomy":"product_cat","embeddable":true,"href":"https:\/\/shop.verlag.uni-potsdam.de\/en\/wp-json\/wp\/v2\/product_cat?post=55156"},{"taxonomy":"product_tag","embeddable":true,"href":"https:\/\/shop.verlag.uni-potsdam.de\/en\/wp-json\/wp\/v2\/product_tag?post=55156"}],"curies":[{"name":"wp","href":"https:\/\/api.w.org\/{rel}","templated":true}]}}