{"id":55158,"date":"2026-03-31T10:20:24","date_gmt":"2026-03-31T10:20:24","guid":{"rendered":"https:\/\/shop.verlag.uni-potsdam.de\/shop\/alexander-von-humboldt-im-netz-3\/"},"modified":"2026-03-31T14:21:24","modified_gmt":"2026-03-31T12:21:24","slug":"alexander-von-humboldt-im-netz-16-2015-31-2","status":"publish","type":"product","link":"https:\/\/shop.verlag.uni-potsdam.de\/en\/shop\/alexander-von-humboldt-im-netz-16-2015-31-2\/","title":{"rendered":"Alexander von Humboldt im Netz ; 16 (2015) 31"},"content":{"rendered":"<p class=\"qtranxs-available-languages-message qtranxs-available-languages-message-en\">Sorry, this entry is only available in <a href=\"https:\/\/shop.verlag.uni-potsdam.de\/de\/wp-json\/wp\/v2\/product\/55158\" class=\"qtranxs-available-language-link qtranxs-available-language-link-de\" title=\"Deutsch\">Deutsch<\/a>.<\/p><p><\/p>\n<div>Inhalt:<\/div>\n<div><\/div>\n<ul>\n<li><i>Ingo Schwarz:<\/i> \u201eetwas hervorzubringen, was meines K\u00f6nigs und meines Vaterlandes werth sein kann\u201c : Briefe von Alexander von Humboldt an Friedrich Wilhelm III., 1805<\/li>\n<li><i>Ottmar Ette:<\/i> Tras la huella de la vida : El proyecto de larga duraci\u00f3n \u201eCentro Alejandro de Humboldt : Ciencia en movimiento\u201c edita los apuntes transdisciplinarios de Humboldt<\/li>\n<li><i>Horst Bredekamp:<\/i> Die Amerikanischen Reisetageb\u00fccher: ein erster Zugang<\/li>\n<li><i>Julia Bispinck-Ro\u00dfbacher:<\/i> \u201eZwischen den Zeilen \u2026\u201c : Zur kodikologischen Untersuchung der Amerikanischen Reisetageb\u00fccher von Alexander von Humboldt<\/li>\n<li><i>Tobias Kraft:<\/i> Humboldts Hefte : Geschichte und Gegenwart von Tagebuch-Forschung und -Rezeption<\/li>\n<li><i>Dominik Erdmann ; Jutta Weber: <\/i>Nachlassgeschichten : Bemerkungen zu Humboldts nachgelassenen Papieren in der Berliner Staatsbibliothek und der Biblioteka Jagiello\u0144ska Krakau<\/li>\n<li><i>Markus Alexander Lenz: <\/i>Bewegte Systematik. Alexander von Humboldts \u201eAmerikanische Reisetageb\u00fccher\u201c als Problemfelder der Literaturgeschichte und historischen Epistemologie<\/li>\n<li><i>Markus Alexander Lenz:<\/i> Bewegte Systematik : Alexander von Humboldts \u201eAmerikanische Reisetageb\u00fccher\u201c als Problemfelder der Literaturgeschichte und historischen Epistemologie<\/li>\n<li><i>David Blankenstein ; B\u00e9n\u00e9dicte Savoy:<\/i> Frontale Pr\u00e4senz : Zu einem unbekannten Portr\u00e4t Alexander von Humboldts im Besitz des franz\u00f6sischen Conseil d\u2019\u00c9tat<\/li>\n<li><i>Margot Faak:<\/i> Alexander von Humboldts Amerikareise<\/li>\n<\/ul>\n<p><\/p>","protected":false},"excerpt":{"rendered":"<p class=\"qtranxs-available-languages-message qtranxs-available-languages-message-en\">Sorry, this entry is only available in <a href=\"https:\/\/shop.verlag.uni-potsdam.de\/de\/wp-json\/wp\/v2\/product\/55158\" class=\"qtranxs-available-language-link qtranxs-available-language-link-de\" title=\"Deutsch\">Deutsch<\/a>.<\/p>\n<div>Inhalt:<\/div>\n<div><\/div>\n<ul>\n<li><i>Ingo Schwarz:<\/i> \u201eetwas hervorzubringen, was meines K\u00f6nigs und meines Vaterlandes werth sein kann\u201c : Briefe von Alexander von Humboldt an Friedrich Wilhelm III., 1805<\/li>\n<li><i>Ottmar Ette:<\/i> Tras la huella de la vida : El proyecto de larga duraci\u00f3n \u201eCentro Alejandro de Humboldt : Ciencia en movimiento\u201c edita los apuntes transdisciplinarios de Humboldt<\/li>\n<li><i>Horst Bredekamp:<\/i> Die Amerikanischen Reisetageb\u00fccher: ein erster Zugang<\/li>\n<li><i>Julia Bispinck-Ro\u00dfbacher:<\/i> \u201eZwischen den Zeilen \u2026\u201c : Zur kodikologischen Untersuchung der Amerikanischen Reisetageb\u00fccher von Alexander von Humboldt<\/li>\n<li><i>Tobias Kraft:<\/i> Humboldts Hefte : Geschichte und Gegenwart von Tagebuch-Forschung und -Rezeption<\/li>\n<li><i>Dominik Erdmann ; Jutta Weber: <\/i>Nachlassgeschichten : Bemerkungen zu Humboldts nachgelassenen Papieren in der Berliner Staatsbibliothek und der Biblioteka Jagiello\u0144ska Krakau<\/li>\n<li><i>Markus Alexander Lenz: <\/i>Bewegte Systematik. Alexander von Humboldts \u201eAmerikanische Reisetageb\u00fccher\u201c als Problemfelder der Literaturgeschichte und historischen Epistemologie<\/li>\n<li><i>Markus Alexander Lenz:<\/i> Bewegte Systematik : Alexander von Humboldts \u201eAmerikanische Reisetageb\u00fccher\u201c als Problemfelder der Literaturgeschichte und historischen Epistemologie<\/li>\n<li><i>David Blankenstein ; B\u00e9n\u00e9dicte Savoy:<\/i> Frontale Pr\u00e4senz : Zu einem unbekannten Portr\u00e4t Alexander von Humboldts im Besitz des franz\u00f6sischen Conseil d\u2019\u00c9tat<\/li>\n<li><i>Margot Faak:<\/i> Alexander von Humboldts Amerikareise<\/li>\n<\/ul>\n","protected":false},"featured_media":55677,"template":"","meta":{"_acf_changed":false},"product_brand":[],"product_cat":[6209,6207,6229],"product_tag":[],"class_list":{"0":"post-55158","1":"product","2":"type-product","3":"status-publish","4":"has-post-thumbnail","6":"product_cat-geowissenschaften-web-kategorie","7":"product_cat-geschichte-web-kategorie","8":"product_cat-sprachwissenschaft-literaturwissenschaft-web-kategorie","9":"autor-benedicte-savoy","10":"autor-david-blankenstein","11":"autor-dominik-erdmann","12":"autor-eberhard-knobloch","13":"autor-horst-bredekamp","14":"autor-ingo-schwarz","15":"autor-julia-bispinck-rossbacher","16":"autor-jutta-weber","17":"autor-margot-faak","18":"autor-markus-alexander-lenz","19":"autor-ottmar-ette","20":"autor-tobias-kraft","21":"zeitschriften-hin-alexander-von-humboldt-im-netz","23":"first","24":"instock","25":"shipping-taxable","26":"purchasable","27":"product-type-simple"},"acf":[],"yoast_head":"<!-- This site is optimized with the Yoast SEO plugin v27.1.1 - https:\/\/yoast.com\/product\/yoast-seo-wordpress\/ -->\n<title>Alexander von Humboldt im Netz ; 16 (2015) 31 - Universit\u00e4tsverlag Potsdam<\/title>\n<meta name=\"robots\" content=\"index, follow, max-snippet:-1, max-image-preview:large, max-video-preview:-1\" \/>\n<link rel=\"canonical\" href=\"https:\/\/shop.verlag.uni-potsdam.de\/en\/shop\/alexander-von-humboldt-im-netz-16-2015-31-2\/\" \/>\n<meta property=\"og:locale\" content=\"en_US\" \/>\n<meta property=\"og:type\" content=\"article\" \/>\n<meta property=\"og:title\" content=\"Alexander von Humboldt im Netz ; 16 (2015) 31 - Universit\u00e4tsverlag Potsdam\" \/>\n<meta property=\"og:description\" content=\"Inhalt:Ingo Schwarz: \u201eetwas hervorzubringen, was meines K\u00f6nigs und meines Vaterlandes werth sein kann\u201c : Briefe von Alexander von Humboldt an Friedrich Wilhelm III., 1805Ottmar Ette: Tras la huella de la vida : El proyecto de larga duraci\u00f3n \u201eCentro Alejandro de Humboldt : Ciencia en movimiento\u201c edita los apuntes transdisciplinarios de HumboldtHorst Bredekamp: Die Amerikanischen Reisetageb\u00fccher: ein erster ZugangJulia Bispinck-Ro\u00dfbacher: \u201eZwischen den Zeilen \u2026\u201c : Zur kodikologischen Untersuchung der Amerikanischen Reisetageb\u00fccher von Alexander von HumboldtTobias Kraft: Humboldts Hefte : Geschichte und Gegenwart von Tagebuch-Forschung und -RezeptionDominik Erdmann ; Jutta Weber: Nachlassgeschichten : Bemerkungen zu Humboldts nachgelassenen Papieren in der Berliner Staatsbibliothek und der Biblioteka Jagiello\u0144ska KrakauMarkus Alexander Lenz: Bewegte Systematik. Alexander von Humboldts \u201eAmerikanische Reisetageb\u00fccher\u201c als Problemfelder der Literaturgeschichte und historischen EpistemologieMarkus Alexander Lenz: Bewegte Systematik : Alexander von Humboldts \u201eAmerikanische Reisetageb\u00fccher\u201c als Problemfelder der Literaturgeschichte und historischen EpistemologieDavid Blankenstein ; B\u00e9n\u00e9dicte Savoy: Frontale Pr\u00e4senz : Zu einem unbekannten Portr\u00e4t Alexander von Humboldts im Besitz des franz\u00f6sischen Conseil d\u2019\u00c9tatMargot Faak: Alexander von Humboldts Amerikareise\" \/>\n<meta property=\"og:url\" content=\"https:\/\/shop.verlag.uni-potsdam.de\/en\/shop\/alexander-von-humboldt-im-netz-16-2015-31-2\/\" \/>\n<meta property=\"og:site_name\" content=\"Universit\u00e4tsverlag Potsdam\" \/>\n<meta property=\"article:modified_time\" content=\"2026-03-31T12:21:24+00:00\" \/>\n<meta property=\"og:image\" content=\"https:\/\/shop.verlag.uni-potsdam.de\/wp-content\/uploads\/asolmerce\/image-22122.jpg\" \/>\n\t<meta property=\"og:image:width\" content=\"1810\" \/>\n\t<meta property=\"og:image:height\" content=\"2560\" \/>\n\t<meta property=\"og:image:type\" content=\"image\/jpeg\" \/>\n<meta name=\"twitter:card\" content=\"summary_large_image\" \/>\n<meta name=\"twitter:label1\" content=\"Est. reading time\" \/>\n\t<meta name=\"twitter:data1\" content=\"1 minute\" \/>\n<script type=\"application\/ld+json\" class=\"yoast-schema-graph\">{\"@context\":\"https:\/\/schema.org\",\"@graph\":[{\"@type\":\"WebPage\",\"@id\":\"https:\/\/shop.verlag.uni-potsdam.de\/en\/shop\/alexander-von-humboldt-im-netz-16-2015-31-2\/\",\"url\":\"https:\/\/shop.verlag.uni-potsdam.de\/en\/shop\/alexander-von-humboldt-im-netz-16-2015-31-2\/\",\"name\":\"Alexander von Humboldt im Netz ; 16 (2015) 31 - Universit\u00e4tsverlag Potsdam\",\"isPartOf\":{\"@id\":\"https:\/\/shop.verlag.uni-potsdam.de\/en\/#website\"},\"primaryImageOfPage\":{\"@id\":\"https:\/\/shop.verlag.uni-potsdam.de\/en\/shop\/alexander-von-humboldt-im-netz-16-2015-31-2\/#primaryimage\"},\"image\":{\"@id\":\"https:\/\/shop.verlag.uni-potsdam.de\/shop\/alexander-von-humboldt-im-netz-16-2015-31-2\/#primaryimage\"},\"thumbnailUrl\":\"https:\/\/shop.verlag.uni-potsdam.de\/wp-content\/uploads\/asolmerce\/image-22122.jpg\",\"datePublished\":\"2026-03-31T10:20:24+00:00\",\"dateModified\":\"2026-03-31T12:21:24+00:00\",\"breadcrumb\":{\"@id\":\"https:\/\/shop.verlag.uni-potsdam.de\/en\/shop\/alexander-von-humboldt-im-netz-16-2015-31-2\/#breadcrumb\"},\"inLanguage\":\"en-US\",\"potentialAction\":[{\"@type\":\"ReadAction\",\"target\":[[\"https:\/\/shop.verlag.uni-potsdam.de\/en\/shop\/alexander-von-humboldt-im-netz-16-2015-31-2\/\"]]}]},{\"@type\":\"ImageObject\",\"inLanguage\":\"en-US\",\"@id\":\"https:\/\/shop.verlag.uni-potsdam.de\/en\/shop\/alexander-von-humboldt-im-netz-16-2015-31-2\/#primaryimage\",\"url\":\"https:\/\/shop.verlag.uni-potsdam.de\/wp-content\/uploads\/asolmerce\/image-22122.jpg\",\"contentUrl\":\"https:\/\/shop.verlag.uni-potsdam.de\/wp-content\/uploads\/asolmerce\/image-22122.jpg\",\"width\":1810,\"height\":2560},{\"@type\":\"BreadcrumbList\",\"@id\":\"https:\/\/shop.verlag.uni-potsdam.de\/en\/shop\/alexander-von-humboldt-im-netz-16-2015-31-2\/#breadcrumb\",\"itemListElement\":[{\"@type\":\"ListItem\",\"position\":1,\"name\":\"Startseite\",\"item\":\"https:\/\/shop.verlag.uni-potsdam.de\/en\/\"},{\"@type\":\"ListItem\",\"position\":2,\"name\":\"Shop\",\"item\":\"https:\/\/shop.verlag.uni-potsdam.de\/en\/shop\/\"},{\"@type\":\"ListItem\",\"position\":3,\"name\":\"Alexander von Humboldt im Netz ; 16 (2015) 31\"}]},{\"@type\":\"WebSite\",\"@id\":\"https:\/\/shop.verlag.uni-potsdam.de\/en\/#website\",\"url\":\"https:\/\/shop.verlag.uni-potsdam.de\/en\/\",\"name\":\"Universit\u00e4tsverlag Potsdam\",\"description\":\"\",\"publisher\":{\"@id\":\"https:\/\/shop.verlag.uni-potsdam.de\/en\/#organization\"},\"potentialAction\":[{\"@type\":\"SearchAction\",\"target\":{\"@type\":\"EntryPoint\",\"urlTemplate\":\"https:\/\/shop.verlag.uni-potsdam.de\/en\/?s={search_term_string}\"},\"query-input\":{\"@type\":\"PropertyValueSpecification\",\"valueRequired\":true,\"valueName\":\"search_term_string\"}}],\"inLanguage\":\"en-US\"},{\"@type\":\"Organization\",\"@id\":\"https:\/\/shop.verlag.uni-potsdam.de\/en\/#organization\",\"name\":\"Universit\u00e4tsverlag Potsdam\",\"url\":\"https:\/\/shop.verlag.uni-potsdam.de\/en\/\",\"logo\":{\"@type\":\"ImageObject\",\"inLanguage\":\"en-US\",\"@id\":\"https:\/\/shop.verlag.uni-potsdam.de\/en\/#\/schema\/logo\/image\/\",\"url\":\"https:\/\/shop.verlag.uni-potsdam.de\/wp-content\/uploads\/2017\/04\/up_logo_university_2.png\",\"contentUrl\":\"https:\/\/shop.verlag.uni-potsdam.de\/wp-content\/uploads\/2017\/04\/up_logo_university_2.png\",\"width\":160,\"height\":172,\"caption\":\"Universit\u00e4tsverlag Potsdam\"},\"image\":{\"@id\":\"https:\/\/shop.verlag.uni-potsdam.de\/en\/#\/schema\/logo\/image\/\"}}]}<\/script>\n<!-- \/ Yoast SEO plugin. -->","yoast_head_json":{"title":"Alexander von Humboldt im Netz ; 16 (2015) 31 - Universit\u00e4tsverlag Potsdam","robots":{"index":"index","follow":"follow","max-snippet":"max-snippet:-1","max-image-preview":"max-image-preview:large","max-video-preview":"max-video-preview:-1"},"canonical":"https:\/\/shop.verlag.uni-potsdam.de\/en\/shop\/alexander-von-humboldt-im-netz-16-2015-31-2\/","og_locale":"en_US","og_type":"article","og_title":"Alexander von Humboldt im Netz ; 16 (2015) 31 - Universit\u00e4tsverlag Potsdam","og_description":"Inhalt:Ingo Schwarz: \u201eetwas hervorzubringen, was meines K\u00f6nigs und meines Vaterlandes werth sein kann\u201c : Briefe von Alexander von Humboldt an Friedrich Wilhelm III., 1805Ottmar Ette: Tras la huella de la vida : El proyecto de larga duraci\u00f3n \u201eCentro Alejandro de Humboldt : Ciencia en movimiento\u201c edita los apuntes transdisciplinarios de HumboldtHorst Bredekamp: Die Amerikanischen Reisetageb\u00fccher: ein erster ZugangJulia Bispinck-Ro\u00dfbacher: \u201eZwischen den Zeilen \u2026\u201c : Zur kodikologischen Untersuchung der Amerikanischen Reisetageb\u00fccher von Alexander von HumboldtTobias Kraft: Humboldts Hefte : Geschichte und Gegenwart von Tagebuch-Forschung und -RezeptionDominik Erdmann ; Jutta Weber: Nachlassgeschichten : Bemerkungen zu Humboldts nachgelassenen Papieren in der Berliner Staatsbibliothek und der Biblioteka Jagiello\u0144ska KrakauMarkus Alexander Lenz: Bewegte Systematik. Alexander von Humboldts \u201eAmerikanische Reisetageb\u00fccher\u201c als Problemfelder der Literaturgeschichte und historischen EpistemologieMarkus Alexander Lenz: Bewegte Systematik : Alexander von Humboldts \u201eAmerikanische Reisetageb\u00fccher\u201c als Problemfelder der Literaturgeschichte und historischen EpistemologieDavid Blankenstein ; B\u00e9n\u00e9dicte Savoy: Frontale Pr\u00e4senz : Zu einem unbekannten Portr\u00e4t Alexander von Humboldts im Besitz des franz\u00f6sischen Conseil d\u2019\u00c9tatMargot Faak: Alexander von Humboldts Amerikareise","og_url":"https:\/\/shop.verlag.uni-potsdam.de\/en\/shop\/alexander-von-humboldt-im-netz-16-2015-31-2\/","og_site_name":"Universit\u00e4tsverlag Potsdam","article_modified_time":"2026-03-31T12:21:24+00:00","og_image":[{"width":1810,"height":2560,"url":"https:\/\/shop.verlag.uni-potsdam.de\/wp-content\/uploads\/asolmerce\/image-22122.jpg","type":"image\/jpeg"}],"twitter_card":"summary_large_image","twitter_misc":{"Est. reading time":"1 minute"},"schema":{"@context":"https:\/\/schema.org","@graph":[{"@type":"WebPage","@id":"https:\/\/shop.verlag.uni-potsdam.de\/en\/shop\/alexander-von-humboldt-im-netz-16-2015-31-2\/","url":"https:\/\/shop.verlag.uni-potsdam.de\/en\/shop\/alexander-von-humboldt-im-netz-16-2015-31-2\/","name":"Alexander von Humboldt im Netz ; 16 (2015) 31 - Universit\u00e4tsverlag Potsdam","isPartOf":{"@id":"https:\/\/shop.verlag.uni-potsdam.de\/en\/#website"},"primaryImageOfPage":{"@id":"https:\/\/shop.verlag.uni-potsdam.de\/en\/shop\/alexander-von-humboldt-im-netz-16-2015-31-2\/#primaryimage"},"image":{"@id":"https:\/\/shop.verlag.uni-potsdam.de\/shop\/alexander-von-humboldt-im-netz-16-2015-31-2\/#primaryimage"},"thumbnailUrl":"https:\/\/shop.verlag.uni-potsdam.de\/wp-content\/uploads\/asolmerce\/image-22122.jpg","datePublished":"2026-03-31T10:20:24+00:00","dateModified":"2026-03-31T12:21:24+00:00","breadcrumb":{"@id":"https:\/\/shop.verlag.uni-potsdam.de\/en\/shop\/alexander-von-humboldt-im-netz-16-2015-31-2\/#breadcrumb"},"inLanguage":"en-US","potentialAction":[{"@type":"ReadAction","target":[["https:\/\/shop.verlag.uni-potsdam.de\/en\/shop\/alexander-von-humboldt-im-netz-16-2015-31-2\/"]]}]},{"@type":"ImageObject","inLanguage":"en-US","@id":"https:\/\/shop.verlag.uni-potsdam.de\/en\/shop\/alexander-von-humboldt-im-netz-16-2015-31-2\/#primaryimage","url":"https:\/\/shop.verlag.uni-potsdam.de\/wp-content\/uploads\/asolmerce\/image-22122.jpg","contentUrl":"https:\/\/shop.verlag.uni-potsdam.de\/wp-content\/uploads\/asolmerce\/image-22122.jpg","width":1810,"height":2560},{"@type":"BreadcrumbList","@id":"https:\/\/shop.verlag.uni-potsdam.de\/en\/shop\/alexander-von-humboldt-im-netz-16-2015-31-2\/#breadcrumb","itemListElement":[{"@type":"ListItem","position":1,"name":"Startseite","item":"https:\/\/shop.verlag.uni-potsdam.de\/en\/"},{"@type":"ListItem","position":2,"name":"Shop","item":"https:\/\/shop.verlag.uni-potsdam.de\/en\/shop\/"},{"@type":"ListItem","position":3,"name":"Alexander von Humboldt im Netz ; 16 (2015) 31"}]},{"@type":"WebSite","@id":"https:\/\/shop.verlag.uni-potsdam.de\/en\/#website","url":"https:\/\/shop.verlag.uni-potsdam.de\/en\/","name":"Universit\u00e4tsverlag Potsdam","description":"","publisher":{"@id":"https:\/\/shop.verlag.uni-potsdam.de\/en\/#organization"},"potentialAction":[{"@type":"SearchAction","target":{"@type":"EntryPoint","urlTemplate":"https:\/\/shop.verlag.uni-potsdam.de\/en\/?s={search_term_string}"},"query-input":{"@type":"PropertyValueSpecification","valueRequired":true,"valueName":"search_term_string"}}],"inLanguage":"en-US"},{"@type":"Organization","@id":"https:\/\/shop.verlag.uni-potsdam.de\/en\/#organization","name":"Universit\u00e4tsverlag Potsdam","url":"https:\/\/shop.verlag.uni-potsdam.de\/en\/","logo":{"@type":"ImageObject","inLanguage":"en-US","@id":"https:\/\/shop.verlag.uni-potsdam.de\/en\/#\/schema\/logo\/image\/","url":"https:\/\/shop.verlag.uni-potsdam.de\/wp-content\/uploads\/2017\/04\/up_logo_university_2.png","contentUrl":"https:\/\/shop.verlag.uni-potsdam.de\/wp-content\/uploads\/2017\/04\/up_logo_university_2.png","width":160,"height":172,"caption":"Universit\u00e4tsverlag Potsdam"},"image":{"@id":"https:\/\/shop.verlag.uni-potsdam.de\/en\/#\/schema\/logo\/image\/"}}]}},"_links":{"self":[{"href":"https:\/\/shop.verlag.uni-potsdam.de\/en\/wp-json\/wp\/v2\/product\/55158","targetHints":{"allow":["GET"]}}],"collection":[{"href":"https:\/\/shop.verlag.uni-potsdam.de\/en\/wp-json\/wp\/v2\/product"}],"about":[{"href":"https:\/\/shop.verlag.uni-potsdam.de\/en\/wp-json\/wp\/v2\/types\/product"}],"wp:featuredmedia":[{"embeddable":true,"href":"https:\/\/shop.verlag.uni-potsdam.de\/en\/wp-json\/wp\/v2\/media\/55677"}],"wp:attachment":[{"href":"https:\/\/shop.verlag.uni-potsdam.de\/en\/wp-json\/wp\/v2\/media?parent=55158"}],"wp:term":[{"taxonomy":"product_brand","embeddable":true,"href":"https:\/\/shop.verlag.uni-potsdam.de\/en\/wp-json\/wp\/v2\/product_brand?post=55158"},{"taxonomy":"product_cat","embeddable":true,"href":"https:\/\/shop.verlag.uni-potsdam.de\/en\/wp-json\/wp\/v2\/product_cat?post=55158"},{"taxonomy":"product_tag","embeddable":true,"href":"https:\/\/shop.verlag.uni-potsdam.de\/en\/wp-json\/wp\/v2\/product_tag?post=55158"}],"curies":[{"name":"wp","href":"https:\/\/api.w.org\/{rel}","templated":true}]}}