{"id":55169,"date":"2026-03-23T08:54:37","date_gmt":"2026-03-23T08:54:37","guid":{"rendered":"https:\/\/shop.verlag.uni-potsdam.de\/shop\/alexander-von-humboldt-im-netz-3\/"},"modified":"2026-03-23T11:55:37","modified_gmt":"2026-03-23T10:55:37","slug":"alexander-von-humboldt-im-netz-6-2005-11","status":"publish","type":"product","link":"https:\/\/shop.verlag.uni-potsdam.de\/en\/shop\/alexander-von-humboldt-im-netz-6-2005-11\/","title":{"rendered":"Alexander von Humboldt im Netz ; 6 (2005) 11"},"content":{"rendered":"<p class=\"qtranxs-available-languages-message qtranxs-available-languages-message-en\">Sorry, this entry is only available in <a href=\"https:\/\/shop.verlag.uni-potsdam.de\/de\/wp-json\/wp\/v2\/product\/55169\" class=\"qtranxs-available-language-link qtranxs-available-language-link-de\" title=\"Deutsch\">Deutsch<\/a>.<\/p><p><\/p>\n<div>Inhalt: <\/div>\n<div><\/div>\n<ul>\n<li><i>Anne Jobst:<\/i> Ein Brief von Alexander von Humboldt an Christian Gottfried Ehrenberg vor der Russischen Reise <\/li>\n<li><i>Eberhard Knobloch:<\/i> Einf\u00fchrung <\/li>\n<li><i>Christian Suckow:<\/i> Humboldt und Ru\u00dfland Thesen zu Biographie und Werk <\/li>\n<li><i>J\u00f6rn Thiede:<\/i> Russisch-Deutsche Zusammenarbeit in Erforschung und Erschlie\u00dfung Nordsibiriens seit den Tagen von Alexander von Humboldt <\/li>\n<li><i>Alexander Zemtsov:<\/i> Alexander von Humboldt\u2019s ideas on volcanism and their influence on Russian scientists <\/li>\n<li><i>Krzysztof Zielnica:<\/i> Karolina Jaenisch-Pavlova, Adam Mickiewicz und Alexander von Humboldt : Ein Beitrag zu den deutsch-russisch-polnischen Literaturbeziehungen des 19. Jahrhunderts <\/li>\n<li>Sandra Rebok: Alexander von Humboldt : Biblioteca digital <\/li>\n<li><i>Michael Zeuske: <\/i>Alexander von Humboldt y la comparaci\u00f3n de las esclavitudes en las Am\u00e9ricas <\/li>\n<li><i>Kurt-R. Biermann:<\/i> Aus der Vorgeschichte der Aufforderung Alexander von Humboldts von 1836 an den Pr\u00e4sidenten der Royal Society zur Errichtung geomagnetischer Stationen (Dokumente zu den Beziehungen zwischen A. v. Humboldt und C. F. Gau\u00df)<\/li>\n<\/ul>\n<p><\/p>","protected":false},"excerpt":{"rendered":"<p class=\"qtranxs-available-languages-message qtranxs-available-languages-message-en\">Sorry, this entry is only available in <a href=\"https:\/\/shop.verlag.uni-potsdam.de\/de\/wp-json\/wp\/v2\/product\/55169\" class=\"qtranxs-available-language-link qtranxs-available-language-link-de\" title=\"Deutsch\">Deutsch<\/a>.<\/p>\n<div>Inhalt: <\/div>\n<div><\/div>\n<ul>\n<li><i>Anne Jobst:<\/i> Ein Brief von Alexander von Humboldt an Christian Gottfried Ehrenberg vor der Russischen Reise <\/li>\n<li><i>Eberhard Knobloch:<\/i> Einf\u00fchrung <\/li>\n<li><i>Christian Suckow:<\/i> Humboldt und Ru\u00dfland Thesen zu Biographie und Werk <\/li>\n<li><i>J\u00f6rn Thiede:<\/i> Russisch-Deutsche Zusammenarbeit in Erforschung und Erschlie\u00dfung Nordsibiriens seit den Tagen von Alexander von Humboldt <\/li>\n<li><i>Alexander Zemtsov:<\/i> Alexander von Humboldt\u2019s ideas on volcanism and their influence on Russian scientists <\/li>\n<li><i>Krzysztof Zielnica:<\/i> Karolina Jaenisch-Pavlova, Adam Mickiewicz und Alexander von Humboldt : Ein Beitrag zu den deutsch-russisch-polnischen Literaturbeziehungen des 19. Jahrhunderts <\/li>\n<li>Sandra Rebok: Alexander von Humboldt : Biblioteca digital <\/li>\n<li><i>Michael Zeuske: <\/i>Alexander von Humboldt y la comparaci\u00f3n de las esclavitudes en las Am\u00e9ricas <\/li>\n<li><i>Kurt-R. Biermann:<\/i> Aus der Vorgeschichte der Aufforderung Alexander von Humboldts von 1836 an den Pr\u00e4sidenten der Royal Society zur Errichtung geomagnetischer Stationen (Dokumente zu den Beziehungen zwischen A. v. Humboldt und C. F. Gau\u00df)<\/li>\n<\/ul>\n","protected":false},"featured_media":55697,"template":"","meta":{"_acf_changed":false},"product_brand":[],"product_cat":[6209],"product_tag":[],"class_list":{"0":"post-55169","1":"product","2":"type-product","3":"status-publish","4":"has-post-thumbnail","6":"product_cat-geowissenschaften-web-kategorie","7":"autor-alexander-zemtsov","8":"autor-anne-jobst","9":"autor-christian-suckow","10":"autor-eberhard-knobloch","11":"autor-joern-thiede","12":"autor-krzysztof-zielnica","13":"autor-kurt-r-biermann","14":"autor-michael-zeuske","15":"autor-ottmar-ette","16":"autor-sandra-rebok","17":"zeitschriften-hin-alexander-von-humboldt-im-netz","19":"first","20":"instock","21":"shipping-taxable","22":"purchasable","23":"product-type-simple"},"acf":[],"yoast_head":"<!-- This site is optimized with the Yoast SEO plugin v27.1.1 - https:\/\/yoast.com\/product\/yoast-seo-wordpress\/ -->\n<title>Alexander von Humboldt im Netz ; 6 (2005) 11 - Universit\u00e4tsverlag Potsdam<\/title>\n<meta name=\"robots\" content=\"index, follow, max-snippet:-1, max-image-preview:large, max-video-preview:-1\" \/>\n<link rel=\"canonical\" href=\"https:\/\/shop.verlag.uni-potsdam.de\/en\/shop\/alexander-von-humboldt-im-netz-6-2005-11\/\" \/>\n<meta property=\"og:locale\" content=\"en_US\" \/>\n<meta property=\"og:type\" content=\"article\" \/>\n<meta property=\"og:title\" content=\"Alexander von Humboldt im Netz ; 6 (2005) 11 - Universit\u00e4tsverlag Potsdam\" \/>\n<meta property=\"og:description\" content=\"Inhalt: Anne Jobst: Ein Brief von Alexander von Humboldt an Christian Gottfried Ehrenberg vor der Russischen Reise Eberhard Knobloch: Einf\u00fchrung Christian Suckow: Humboldt und Ru\u00dfland Thesen zu Biographie und Werk J\u00f6rn Thiede: Russisch-Deutsche Zusammenarbeit in Erforschung und Erschlie\u00dfung Nordsibiriens seit den Tagen von Alexander von Humboldt Alexander Zemtsov: Alexander von Humboldt\u2019s ideas on volcanism and their influence on Russian scientists Krzysztof Zielnica: Karolina Jaenisch-Pavlova, Adam Mickiewicz und Alexander von Humboldt : Ein Beitrag zu den deutsch-russisch-polnischen Literaturbeziehungen des 19. Jahrhunderts Sandra Rebok: Alexander von Humboldt : Biblioteca digital Michael Zeuske: Alexander von Humboldt y la comparaci\u00f3n de las esclavitudes en las Am\u00e9ricas Kurt-R. Biermann: Aus der Vorgeschichte der Aufforderung Alexander von Humboldts von 1836 an den Pr\u00e4sidenten der Royal Society zur Errichtung geomagnetischer Stationen (Dokumente zu den Beziehungen zwischen A. v. Humboldt und C. F. Gau\u00df)\" \/>\n<meta property=\"og:url\" content=\"https:\/\/shop.verlag.uni-potsdam.de\/en\/shop\/alexander-von-humboldt-im-netz-6-2005-11\/\" \/>\n<meta property=\"og:site_name\" content=\"Universit\u00e4tsverlag Potsdam\" \/>\n<meta property=\"article:modified_time\" content=\"2026-03-23T10:55:37+00:00\" \/>\n<meta property=\"og:image\" content=\"https:\/\/shop.verlag.uni-potsdam.de\/wp-content\/uploads\/asolmerce\/image-22133.jpg\" \/>\n\t<meta property=\"og:image:width\" content=\"1810\" \/>\n\t<meta property=\"og:image:height\" content=\"2560\" \/>\n\t<meta property=\"og:image:type\" content=\"image\/jpeg\" \/>\n<meta name=\"twitter:card\" content=\"summary_large_image\" \/>\n<meta name=\"twitter:label1\" content=\"Est. reading time\" \/>\n\t<meta name=\"twitter:data1\" content=\"1 minute\" \/>\n<script type=\"application\/ld+json\" class=\"yoast-schema-graph\">{\"@context\":\"https:\/\/schema.org\",\"@graph\":[{\"@type\":\"WebPage\",\"@id\":\"https:\/\/shop.verlag.uni-potsdam.de\/en\/shop\/alexander-von-humboldt-im-netz-6-2005-11\/\",\"url\":\"https:\/\/shop.verlag.uni-potsdam.de\/en\/shop\/alexander-von-humboldt-im-netz-6-2005-11\/\",\"name\":\"Alexander von Humboldt im Netz ; 6 (2005) 11 - Universit\u00e4tsverlag Potsdam\",\"isPartOf\":{\"@id\":\"https:\/\/shop.verlag.uni-potsdam.de\/en\/#website\"},\"primaryImageOfPage\":{\"@id\":\"https:\/\/shop.verlag.uni-potsdam.de\/en\/shop\/alexander-von-humboldt-im-netz-6-2005-11\/#primaryimage\"},\"image\":{\"@id\":\"https:\/\/shop.verlag.uni-potsdam.de\/shop\/alexander-von-humboldt-im-netz-6-2005-11\/#primaryimage\"},\"thumbnailUrl\":\"https:\/\/shop.verlag.uni-potsdam.de\/wp-content\/uploads\/asolmerce\/image-22133.jpg\",\"datePublished\":\"2026-03-23T08:54:37+00:00\",\"dateModified\":\"2026-03-23T10:55:37+00:00\",\"breadcrumb\":{\"@id\":\"https:\/\/shop.verlag.uni-potsdam.de\/en\/shop\/alexander-von-humboldt-im-netz-6-2005-11\/#breadcrumb\"},\"inLanguage\":\"en-US\",\"potentialAction\":[{\"@type\":\"ReadAction\",\"target\":[[\"https:\/\/shop.verlag.uni-potsdam.de\/en\/shop\/alexander-von-humboldt-im-netz-6-2005-11\/\"]]}]},{\"@type\":\"ImageObject\",\"inLanguage\":\"en-US\",\"@id\":\"https:\/\/shop.verlag.uni-potsdam.de\/en\/shop\/alexander-von-humboldt-im-netz-6-2005-11\/#primaryimage\",\"url\":\"https:\/\/shop.verlag.uni-potsdam.de\/wp-content\/uploads\/asolmerce\/image-22133.jpg\",\"contentUrl\":\"https:\/\/shop.verlag.uni-potsdam.de\/wp-content\/uploads\/asolmerce\/image-22133.jpg\",\"width\":1810,\"height\":2560},{\"@type\":\"BreadcrumbList\",\"@id\":\"https:\/\/shop.verlag.uni-potsdam.de\/en\/shop\/alexander-von-humboldt-im-netz-6-2005-11\/#breadcrumb\",\"itemListElement\":[{\"@type\":\"ListItem\",\"position\":1,\"name\":\"Startseite\",\"item\":\"https:\/\/shop.verlag.uni-potsdam.de\/en\/\"},{\"@type\":\"ListItem\",\"position\":2,\"name\":\"Shop\",\"item\":\"https:\/\/shop.verlag.uni-potsdam.de\/en\/shop\/\"},{\"@type\":\"ListItem\",\"position\":3,\"name\":\"Alexander von Humboldt im Netz ; 6 (2005) 11\"}]},{\"@type\":\"WebSite\",\"@id\":\"https:\/\/shop.verlag.uni-potsdam.de\/en\/#website\",\"url\":\"https:\/\/shop.verlag.uni-potsdam.de\/en\/\",\"name\":\"Universit\u00e4tsverlag Potsdam\",\"description\":\"\",\"publisher\":{\"@id\":\"https:\/\/shop.verlag.uni-potsdam.de\/en\/#organization\"},\"potentialAction\":[{\"@type\":\"SearchAction\",\"target\":{\"@type\":\"EntryPoint\",\"urlTemplate\":\"https:\/\/shop.verlag.uni-potsdam.de\/en\/?s={search_term_string}\"},\"query-input\":{\"@type\":\"PropertyValueSpecification\",\"valueRequired\":true,\"valueName\":\"search_term_string\"}}],\"inLanguage\":\"en-US\"},{\"@type\":\"Organization\",\"@id\":\"https:\/\/shop.verlag.uni-potsdam.de\/en\/#organization\",\"name\":\"Universit\u00e4tsverlag Potsdam\",\"url\":\"https:\/\/shop.verlag.uni-potsdam.de\/en\/\",\"logo\":{\"@type\":\"ImageObject\",\"inLanguage\":\"en-US\",\"@id\":\"https:\/\/shop.verlag.uni-potsdam.de\/en\/#\/schema\/logo\/image\/\",\"url\":\"https:\/\/shop.verlag.uni-potsdam.de\/wp-content\/uploads\/2017\/04\/up_logo_university_2.png\",\"contentUrl\":\"https:\/\/shop.verlag.uni-potsdam.de\/wp-content\/uploads\/2017\/04\/up_logo_university_2.png\",\"width\":160,\"height\":172,\"caption\":\"Universit\u00e4tsverlag Potsdam\"},\"image\":{\"@id\":\"https:\/\/shop.verlag.uni-potsdam.de\/en\/#\/schema\/logo\/image\/\"}}]}<\/script>\n<!-- \/ Yoast SEO plugin. -->","yoast_head_json":{"title":"Alexander von Humboldt im Netz ; 6 (2005) 11 - Universit\u00e4tsverlag Potsdam","robots":{"index":"index","follow":"follow","max-snippet":"max-snippet:-1","max-image-preview":"max-image-preview:large","max-video-preview":"max-video-preview:-1"},"canonical":"https:\/\/shop.verlag.uni-potsdam.de\/en\/shop\/alexander-von-humboldt-im-netz-6-2005-11\/","og_locale":"en_US","og_type":"article","og_title":"Alexander von Humboldt im Netz ; 6 (2005) 11 - Universit\u00e4tsverlag Potsdam","og_description":"Inhalt: Anne Jobst: Ein Brief von Alexander von Humboldt an Christian Gottfried Ehrenberg vor der Russischen Reise Eberhard Knobloch: Einf\u00fchrung Christian Suckow: Humboldt und Ru\u00dfland Thesen zu Biographie und Werk J\u00f6rn Thiede: Russisch-Deutsche Zusammenarbeit in Erforschung und Erschlie\u00dfung Nordsibiriens seit den Tagen von Alexander von Humboldt Alexander Zemtsov: Alexander von Humboldt\u2019s ideas on volcanism and their influence on Russian scientists Krzysztof Zielnica: Karolina Jaenisch-Pavlova, Adam Mickiewicz und Alexander von Humboldt : Ein Beitrag zu den deutsch-russisch-polnischen Literaturbeziehungen des 19. Jahrhunderts Sandra Rebok: Alexander von Humboldt : Biblioteca digital Michael Zeuske: Alexander von Humboldt y la comparaci\u00f3n de las esclavitudes en las Am\u00e9ricas Kurt-R. Biermann: Aus der Vorgeschichte der Aufforderung Alexander von Humboldts von 1836 an den Pr\u00e4sidenten der Royal Society zur Errichtung geomagnetischer Stationen (Dokumente zu den Beziehungen zwischen A. v. Humboldt und C. F. Gau\u00df)","og_url":"https:\/\/shop.verlag.uni-potsdam.de\/en\/shop\/alexander-von-humboldt-im-netz-6-2005-11\/","og_site_name":"Universit\u00e4tsverlag Potsdam","article_modified_time":"2026-03-23T10:55:37+00:00","og_image":[{"width":1810,"height":2560,"url":"https:\/\/shop.verlag.uni-potsdam.de\/wp-content\/uploads\/asolmerce\/image-22133.jpg","type":"image\/jpeg"}],"twitter_card":"summary_large_image","twitter_misc":{"Est. reading time":"1 minute"},"schema":{"@context":"https:\/\/schema.org","@graph":[{"@type":"WebPage","@id":"https:\/\/shop.verlag.uni-potsdam.de\/en\/shop\/alexander-von-humboldt-im-netz-6-2005-11\/","url":"https:\/\/shop.verlag.uni-potsdam.de\/en\/shop\/alexander-von-humboldt-im-netz-6-2005-11\/","name":"Alexander von Humboldt im Netz ; 6 (2005) 11 - Universit\u00e4tsverlag Potsdam","isPartOf":{"@id":"https:\/\/shop.verlag.uni-potsdam.de\/en\/#website"},"primaryImageOfPage":{"@id":"https:\/\/shop.verlag.uni-potsdam.de\/en\/shop\/alexander-von-humboldt-im-netz-6-2005-11\/#primaryimage"},"image":{"@id":"https:\/\/shop.verlag.uni-potsdam.de\/shop\/alexander-von-humboldt-im-netz-6-2005-11\/#primaryimage"},"thumbnailUrl":"https:\/\/shop.verlag.uni-potsdam.de\/wp-content\/uploads\/asolmerce\/image-22133.jpg","datePublished":"2026-03-23T08:54:37+00:00","dateModified":"2026-03-23T10:55:37+00:00","breadcrumb":{"@id":"https:\/\/shop.verlag.uni-potsdam.de\/en\/shop\/alexander-von-humboldt-im-netz-6-2005-11\/#breadcrumb"},"inLanguage":"en-US","potentialAction":[{"@type":"ReadAction","target":[["https:\/\/shop.verlag.uni-potsdam.de\/en\/shop\/alexander-von-humboldt-im-netz-6-2005-11\/"]]}]},{"@type":"ImageObject","inLanguage":"en-US","@id":"https:\/\/shop.verlag.uni-potsdam.de\/en\/shop\/alexander-von-humboldt-im-netz-6-2005-11\/#primaryimage","url":"https:\/\/shop.verlag.uni-potsdam.de\/wp-content\/uploads\/asolmerce\/image-22133.jpg","contentUrl":"https:\/\/shop.verlag.uni-potsdam.de\/wp-content\/uploads\/asolmerce\/image-22133.jpg","width":1810,"height":2560},{"@type":"BreadcrumbList","@id":"https:\/\/shop.verlag.uni-potsdam.de\/en\/shop\/alexander-von-humboldt-im-netz-6-2005-11\/#breadcrumb","itemListElement":[{"@type":"ListItem","position":1,"name":"Startseite","item":"https:\/\/shop.verlag.uni-potsdam.de\/en\/"},{"@type":"ListItem","position":2,"name":"Shop","item":"https:\/\/shop.verlag.uni-potsdam.de\/en\/shop\/"},{"@type":"ListItem","position":3,"name":"Alexander von Humboldt im Netz ; 6 (2005) 11"}]},{"@type":"WebSite","@id":"https:\/\/shop.verlag.uni-potsdam.de\/en\/#website","url":"https:\/\/shop.verlag.uni-potsdam.de\/en\/","name":"Universit\u00e4tsverlag Potsdam","description":"","publisher":{"@id":"https:\/\/shop.verlag.uni-potsdam.de\/en\/#organization"},"potentialAction":[{"@type":"SearchAction","target":{"@type":"EntryPoint","urlTemplate":"https:\/\/shop.verlag.uni-potsdam.de\/en\/?s={search_term_string}"},"query-input":{"@type":"PropertyValueSpecification","valueRequired":true,"valueName":"search_term_string"}}],"inLanguage":"en-US"},{"@type":"Organization","@id":"https:\/\/shop.verlag.uni-potsdam.de\/en\/#organization","name":"Universit\u00e4tsverlag Potsdam","url":"https:\/\/shop.verlag.uni-potsdam.de\/en\/","logo":{"@type":"ImageObject","inLanguage":"en-US","@id":"https:\/\/shop.verlag.uni-potsdam.de\/en\/#\/schema\/logo\/image\/","url":"https:\/\/shop.verlag.uni-potsdam.de\/wp-content\/uploads\/2017\/04\/up_logo_university_2.png","contentUrl":"https:\/\/shop.verlag.uni-potsdam.de\/wp-content\/uploads\/2017\/04\/up_logo_university_2.png","width":160,"height":172,"caption":"Universit\u00e4tsverlag Potsdam"},"image":{"@id":"https:\/\/shop.verlag.uni-potsdam.de\/en\/#\/schema\/logo\/image\/"}}]}},"_links":{"self":[{"href":"https:\/\/shop.verlag.uni-potsdam.de\/en\/wp-json\/wp\/v2\/product\/55169","targetHints":{"allow":["GET"]}}],"collection":[{"href":"https:\/\/shop.verlag.uni-potsdam.de\/en\/wp-json\/wp\/v2\/product"}],"about":[{"href":"https:\/\/shop.verlag.uni-potsdam.de\/en\/wp-json\/wp\/v2\/types\/product"}],"wp:featuredmedia":[{"embeddable":true,"href":"https:\/\/shop.verlag.uni-potsdam.de\/en\/wp-json\/wp\/v2\/media\/55697"}],"wp:attachment":[{"href":"https:\/\/shop.verlag.uni-potsdam.de\/en\/wp-json\/wp\/v2\/media?parent=55169"}],"wp:term":[{"taxonomy":"product_brand","embeddable":true,"href":"https:\/\/shop.verlag.uni-potsdam.de\/en\/wp-json\/wp\/v2\/product_brand?post=55169"},{"taxonomy":"product_cat","embeddable":true,"href":"https:\/\/shop.verlag.uni-potsdam.de\/en\/wp-json\/wp\/v2\/product_cat?post=55169"},{"taxonomy":"product_tag","embeddable":true,"href":"https:\/\/shop.verlag.uni-potsdam.de\/en\/wp-json\/wp\/v2\/product_tag?post=55169"}],"curies":[{"name":"wp","href":"https:\/\/api.w.org\/{rel}","templated":true}]}}