{"id":55170,"date":"2026-03-23T08:54:37","date_gmt":"2026-03-23T08:54:37","guid":{"rendered":"https:\/\/shop.verlag.uni-potsdam.de\/shop\/alexander-von-humboldt-im-netz-4\/"},"modified":"2026-03-23T11:55:37","modified_gmt":"2026-03-23T10:55:37","slug":"alexander-von-humboldt-im-netz-7-2006-12","status":"publish","type":"product","link":"https:\/\/shop.verlag.uni-potsdam.de\/en\/shop\/alexander-von-humboldt-im-netz-7-2006-12\/","title":{"rendered":"Alexander von Humboldt im Netz ; 7 (2006) 12"},"content":{"rendered":"<p class=\"qtranxs-available-languages-message qtranxs-available-languages-message-en\">Sorry, this entry is only available in <a href=\"https:\/\/shop.verlag.uni-potsdam.de\/de\/wp-json\/wp\/v2\/product\/55170\" class=\"qtranxs-available-language-link qtranxs-available-language-link-de\" title=\"Deutsch\">Deutsch<\/a>.<\/p><p><\/p>\n<div>Inhalt: <\/div>\n<div><\/div>\n<ul>\n<li><i>Ulrike Leitner: <\/i>Aus dem Humboldt-Nachla\u00df : Juan Jos\u00e9 de Oteyzas Beschreibung der Pyramiden von Teotihuac\u00e1n <\/li>\n<li><i>Ottmar Ette: <\/i>Alexander von Humboldt, die Humboldtsche Wissenschaft und ihre Relevanz im Netzzeitalter <\/li>\n<li><i>Bernd K\u00f6lbel, Lucie Terken, Martin Sauerwein, Katrin Sauerwein, Steffen K\u00f6lbel:<\/i> Alexander von Humboldt und seine geognostischen Studien in G\u00f6ttingen <\/li>\n<li><i>Nicolaas A. Rupke:<\/i> A Metabiography of Alexander von Humboldt <\/li>\n<li><i>Franz-J. Weihrauch:<\/i> Nachrichten aus Amerika oder wie man in Koblenz von Humboldts Reise nach Amerika erfuhr <\/li>\n<li><i>Petra Werner:<\/i> Himmelsblau : Bemerkungen zum Thema \u201eFarben\u201c in Humboldts Alterswerk Kosmos : Entwurf einer physischen Weltbeschreibung <\/li>\n<li><i>Robert Hoffmann: <\/i>Die Entstehung einer Legende : Alexander von Humboldts angeblicher Ausspruch \u00fcber Salzburg<\/li>\n<\/ul>\n<p><\/p>","protected":false},"excerpt":{"rendered":"<p class=\"qtranxs-available-languages-message qtranxs-available-languages-message-en\">Sorry, this entry is only available in <a href=\"https:\/\/shop.verlag.uni-potsdam.de\/de\/wp-json\/wp\/v2\/product\/55170\" class=\"qtranxs-available-language-link qtranxs-available-language-link-de\" title=\"Deutsch\">Deutsch<\/a>.<\/p>\n<div>Inhalt: <\/div>\n<div><\/div>\n<ul>\n<li><i>Ulrike Leitner: <\/i>Aus dem Humboldt-Nachla\u00df : Juan Jos\u00e9 de Oteyzas Beschreibung der Pyramiden von Teotihuac\u00e1n <\/li>\n<li><i>Ottmar Ette: <\/i>Alexander von Humboldt, die Humboldtsche Wissenschaft und ihre Relevanz im Netzzeitalter <\/li>\n<li><i>Bernd K\u00f6lbel, Lucie Terken, Martin Sauerwein, Katrin Sauerwein, Steffen K\u00f6lbel:<\/i> Alexander von Humboldt und seine geognostischen Studien in G\u00f6ttingen <\/li>\n<li><i>Nicolaas A. Rupke:<\/i> A Metabiography of Alexander von Humboldt <\/li>\n<li><i>Franz-J. Weihrauch:<\/i> Nachrichten aus Amerika oder wie man in Koblenz von Humboldts Reise nach Amerika erfuhr <\/li>\n<li><i>Petra Werner:<\/i> Himmelsblau : Bemerkungen zum Thema \u201eFarben\u201c in Humboldts Alterswerk Kosmos : Entwurf einer physischen Weltbeschreibung <\/li>\n<li><i>Robert Hoffmann: <\/i>Die Entstehung einer Legende : Alexander von Humboldts angeblicher Ausspruch \u00fcber Salzburg<\/li>\n<\/ul>\n","protected":false},"featured_media":55696,"template":"","meta":{"_acf_changed":false},"product_brand":[],"product_cat":[6209],"product_tag":[],"class_list":{"0":"post-55170","1":"product","2":"type-product","3":"status-publish","4":"has-post-thumbnail","6":"product_cat-geowissenschaften-web-kategorie","7":"autor-bernd-koelbel","8":"autor-franz-j-weihrauch","9":"autor-martin-sauerwein","10":"autor-nicolaas-a-rupke","11":"autor-ottmar-ette","12":"autor-petra-gentz-werner","13":"autor-robert-hoffmann","14":"autor-ulrike-leitner","15":"zeitschriften-hin-alexander-von-humboldt-im-netz","17":"first","18":"instock","19":"shipping-taxable","20":"purchasable","21":"product-type-simple"},"acf":[],"yoast_head":"<!-- This site is optimized with the Yoast SEO plugin v27.1.1 - https:\/\/yoast.com\/product\/yoast-seo-wordpress\/ -->\n<title>Alexander von Humboldt im Netz ; 7 (2006) 12 - Universit\u00e4tsverlag Potsdam<\/title>\n<meta name=\"robots\" content=\"index, follow, max-snippet:-1, max-image-preview:large, max-video-preview:-1\" \/>\n<link rel=\"canonical\" href=\"https:\/\/shop.verlag.uni-potsdam.de\/en\/shop\/alexander-von-humboldt-im-netz-7-2006-12\/\" \/>\n<meta property=\"og:locale\" content=\"en_US\" \/>\n<meta property=\"og:type\" content=\"article\" \/>\n<meta property=\"og:title\" content=\"Alexander von Humboldt im Netz ; 7 (2006) 12 - Universit\u00e4tsverlag Potsdam\" \/>\n<meta property=\"og:description\" content=\"Inhalt: Ulrike Leitner: Aus dem Humboldt-Nachla\u00df : Juan Jos\u00e9 de Oteyzas Beschreibung der Pyramiden von Teotihuac\u00e1n Ottmar Ette: Alexander von Humboldt, die Humboldtsche Wissenschaft und ihre Relevanz im Netzzeitalter Bernd K\u00f6lbel, Lucie Terken, Martin Sauerwein, Katrin Sauerwein, Steffen K\u00f6lbel: Alexander von Humboldt und seine geognostischen Studien in G\u00f6ttingen Nicolaas A. Rupke: A Metabiography of Alexander von Humboldt Franz-J. Weihrauch: Nachrichten aus Amerika oder wie man in Koblenz von Humboldts Reise nach Amerika erfuhr Petra Werner: Himmelsblau : Bemerkungen zum Thema \u201eFarben\u201c in Humboldts Alterswerk Kosmos : Entwurf einer physischen Weltbeschreibung Robert Hoffmann: Die Entstehung einer Legende : Alexander von Humboldts angeblicher Ausspruch \u00fcber Salzburg\" \/>\n<meta property=\"og:url\" content=\"https:\/\/shop.verlag.uni-potsdam.de\/en\/shop\/alexander-von-humboldt-im-netz-7-2006-12\/\" \/>\n<meta property=\"og:site_name\" content=\"Universit\u00e4tsverlag Potsdam\" \/>\n<meta property=\"article:modified_time\" content=\"2026-03-23T10:55:37+00:00\" \/>\n<meta property=\"og:image\" content=\"https:\/\/shop.verlag.uni-potsdam.de\/wp-content\/uploads\/asolmerce\/image-22134.jpg\" \/>\n\t<meta property=\"og:image:width\" content=\"1810\" \/>\n\t<meta property=\"og:image:height\" content=\"2560\" \/>\n\t<meta property=\"og:image:type\" content=\"image\/jpeg\" \/>\n<meta name=\"twitter:card\" content=\"summary_large_image\" \/>\n<meta name=\"twitter:label1\" content=\"Est. reading time\" \/>\n\t<meta name=\"twitter:data1\" content=\"1 minute\" \/>\n<script type=\"application\/ld+json\" class=\"yoast-schema-graph\">{\"@context\":\"https:\/\/schema.org\",\"@graph\":[{\"@type\":\"WebPage\",\"@id\":\"https:\/\/shop.verlag.uni-potsdam.de\/en\/shop\/alexander-von-humboldt-im-netz-7-2006-12\/\",\"url\":\"https:\/\/shop.verlag.uni-potsdam.de\/en\/shop\/alexander-von-humboldt-im-netz-7-2006-12\/\",\"name\":\"Alexander von Humboldt im Netz ; 7 (2006) 12 - Universit\u00e4tsverlag Potsdam\",\"isPartOf\":{\"@id\":\"https:\/\/shop.verlag.uni-potsdam.de\/en\/#website\"},\"primaryImageOfPage\":{\"@id\":\"https:\/\/shop.verlag.uni-potsdam.de\/en\/shop\/alexander-von-humboldt-im-netz-7-2006-12\/#primaryimage\"},\"image\":{\"@id\":\"https:\/\/shop.verlag.uni-potsdam.de\/shop\/alexander-von-humboldt-im-netz-7-2006-12\/#primaryimage\"},\"thumbnailUrl\":\"https:\/\/shop.verlag.uni-potsdam.de\/wp-content\/uploads\/asolmerce\/image-22134.jpg\",\"datePublished\":\"2026-03-23T08:54:37+00:00\",\"dateModified\":\"2026-03-23T10:55:37+00:00\",\"breadcrumb\":{\"@id\":\"https:\/\/shop.verlag.uni-potsdam.de\/en\/shop\/alexander-von-humboldt-im-netz-7-2006-12\/#breadcrumb\"},\"inLanguage\":\"en-US\",\"potentialAction\":[{\"@type\":\"ReadAction\",\"target\":[[\"https:\/\/shop.verlag.uni-potsdam.de\/en\/shop\/alexander-von-humboldt-im-netz-7-2006-12\/\"]]}]},{\"@type\":\"ImageObject\",\"inLanguage\":\"en-US\",\"@id\":\"https:\/\/shop.verlag.uni-potsdam.de\/en\/shop\/alexander-von-humboldt-im-netz-7-2006-12\/#primaryimage\",\"url\":\"https:\/\/shop.verlag.uni-potsdam.de\/wp-content\/uploads\/asolmerce\/image-22134.jpg\",\"contentUrl\":\"https:\/\/shop.verlag.uni-potsdam.de\/wp-content\/uploads\/asolmerce\/image-22134.jpg\",\"width\":1810,\"height\":2560},{\"@type\":\"BreadcrumbList\",\"@id\":\"https:\/\/shop.verlag.uni-potsdam.de\/en\/shop\/alexander-von-humboldt-im-netz-7-2006-12\/#breadcrumb\",\"itemListElement\":[{\"@type\":\"ListItem\",\"position\":1,\"name\":\"Startseite\",\"item\":\"https:\/\/shop.verlag.uni-potsdam.de\/en\/\"},{\"@type\":\"ListItem\",\"position\":2,\"name\":\"Shop\",\"item\":\"https:\/\/shop.verlag.uni-potsdam.de\/en\/shop\/\"},{\"@type\":\"ListItem\",\"position\":3,\"name\":\"Alexander von Humboldt im Netz ; 7 (2006) 12\"}]},{\"@type\":\"WebSite\",\"@id\":\"https:\/\/shop.verlag.uni-potsdam.de\/en\/#website\",\"url\":\"https:\/\/shop.verlag.uni-potsdam.de\/en\/\",\"name\":\"Universit\u00e4tsverlag Potsdam\",\"description\":\"\",\"publisher\":{\"@id\":\"https:\/\/shop.verlag.uni-potsdam.de\/en\/#organization\"},\"potentialAction\":[{\"@type\":\"SearchAction\",\"target\":{\"@type\":\"EntryPoint\",\"urlTemplate\":\"https:\/\/shop.verlag.uni-potsdam.de\/en\/?s={search_term_string}\"},\"query-input\":{\"@type\":\"PropertyValueSpecification\",\"valueRequired\":true,\"valueName\":\"search_term_string\"}}],\"inLanguage\":\"en-US\"},{\"@type\":\"Organization\",\"@id\":\"https:\/\/shop.verlag.uni-potsdam.de\/en\/#organization\",\"name\":\"Universit\u00e4tsverlag Potsdam\",\"url\":\"https:\/\/shop.verlag.uni-potsdam.de\/en\/\",\"logo\":{\"@type\":\"ImageObject\",\"inLanguage\":\"en-US\",\"@id\":\"https:\/\/shop.verlag.uni-potsdam.de\/en\/#\/schema\/logo\/image\/\",\"url\":\"https:\/\/shop.verlag.uni-potsdam.de\/wp-content\/uploads\/2017\/04\/up_logo_university_2.png\",\"contentUrl\":\"https:\/\/shop.verlag.uni-potsdam.de\/wp-content\/uploads\/2017\/04\/up_logo_university_2.png\",\"width\":160,\"height\":172,\"caption\":\"Universit\u00e4tsverlag Potsdam\"},\"image\":{\"@id\":\"https:\/\/shop.verlag.uni-potsdam.de\/en\/#\/schema\/logo\/image\/\"}}]}<\/script>\n<!-- \/ Yoast SEO plugin. -->","yoast_head_json":{"title":"Alexander von Humboldt im Netz ; 7 (2006) 12 - Universit\u00e4tsverlag Potsdam","robots":{"index":"index","follow":"follow","max-snippet":"max-snippet:-1","max-image-preview":"max-image-preview:large","max-video-preview":"max-video-preview:-1"},"canonical":"https:\/\/shop.verlag.uni-potsdam.de\/en\/shop\/alexander-von-humboldt-im-netz-7-2006-12\/","og_locale":"en_US","og_type":"article","og_title":"Alexander von Humboldt im Netz ; 7 (2006) 12 - Universit\u00e4tsverlag Potsdam","og_description":"Inhalt: Ulrike Leitner: Aus dem Humboldt-Nachla\u00df : Juan Jos\u00e9 de Oteyzas Beschreibung der Pyramiden von Teotihuac\u00e1n Ottmar Ette: Alexander von Humboldt, die Humboldtsche Wissenschaft und ihre Relevanz im Netzzeitalter Bernd K\u00f6lbel, Lucie Terken, Martin Sauerwein, Katrin Sauerwein, Steffen K\u00f6lbel: Alexander von Humboldt und seine geognostischen Studien in G\u00f6ttingen Nicolaas A. Rupke: A Metabiography of Alexander von Humboldt Franz-J. Weihrauch: Nachrichten aus Amerika oder wie man in Koblenz von Humboldts Reise nach Amerika erfuhr Petra Werner: Himmelsblau : Bemerkungen zum Thema \u201eFarben\u201c in Humboldts Alterswerk Kosmos : Entwurf einer physischen Weltbeschreibung Robert Hoffmann: Die Entstehung einer Legende : Alexander von Humboldts angeblicher Ausspruch \u00fcber Salzburg","og_url":"https:\/\/shop.verlag.uni-potsdam.de\/en\/shop\/alexander-von-humboldt-im-netz-7-2006-12\/","og_site_name":"Universit\u00e4tsverlag Potsdam","article_modified_time":"2026-03-23T10:55:37+00:00","og_image":[{"width":1810,"height":2560,"url":"https:\/\/shop.verlag.uni-potsdam.de\/wp-content\/uploads\/asolmerce\/image-22134.jpg","type":"image\/jpeg"}],"twitter_card":"summary_large_image","twitter_misc":{"Est. reading time":"1 minute"},"schema":{"@context":"https:\/\/schema.org","@graph":[{"@type":"WebPage","@id":"https:\/\/shop.verlag.uni-potsdam.de\/en\/shop\/alexander-von-humboldt-im-netz-7-2006-12\/","url":"https:\/\/shop.verlag.uni-potsdam.de\/en\/shop\/alexander-von-humboldt-im-netz-7-2006-12\/","name":"Alexander von Humboldt im Netz ; 7 (2006) 12 - Universit\u00e4tsverlag Potsdam","isPartOf":{"@id":"https:\/\/shop.verlag.uni-potsdam.de\/en\/#website"},"primaryImageOfPage":{"@id":"https:\/\/shop.verlag.uni-potsdam.de\/en\/shop\/alexander-von-humboldt-im-netz-7-2006-12\/#primaryimage"},"image":{"@id":"https:\/\/shop.verlag.uni-potsdam.de\/shop\/alexander-von-humboldt-im-netz-7-2006-12\/#primaryimage"},"thumbnailUrl":"https:\/\/shop.verlag.uni-potsdam.de\/wp-content\/uploads\/asolmerce\/image-22134.jpg","datePublished":"2026-03-23T08:54:37+00:00","dateModified":"2026-03-23T10:55:37+00:00","breadcrumb":{"@id":"https:\/\/shop.verlag.uni-potsdam.de\/en\/shop\/alexander-von-humboldt-im-netz-7-2006-12\/#breadcrumb"},"inLanguage":"en-US","potentialAction":[{"@type":"ReadAction","target":[["https:\/\/shop.verlag.uni-potsdam.de\/en\/shop\/alexander-von-humboldt-im-netz-7-2006-12\/"]]}]},{"@type":"ImageObject","inLanguage":"en-US","@id":"https:\/\/shop.verlag.uni-potsdam.de\/en\/shop\/alexander-von-humboldt-im-netz-7-2006-12\/#primaryimage","url":"https:\/\/shop.verlag.uni-potsdam.de\/wp-content\/uploads\/asolmerce\/image-22134.jpg","contentUrl":"https:\/\/shop.verlag.uni-potsdam.de\/wp-content\/uploads\/asolmerce\/image-22134.jpg","width":1810,"height":2560},{"@type":"BreadcrumbList","@id":"https:\/\/shop.verlag.uni-potsdam.de\/en\/shop\/alexander-von-humboldt-im-netz-7-2006-12\/#breadcrumb","itemListElement":[{"@type":"ListItem","position":1,"name":"Startseite","item":"https:\/\/shop.verlag.uni-potsdam.de\/en\/"},{"@type":"ListItem","position":2,"name":"Shop","item":"https:\/\/shop.verlag.uni-potsdam.de\/en\/shop\/"},{"@type":"ListItem","position":3,"name":"Alexander von Humboldt im Netz ; 7 (2006) 12"}]},{"@type":"WebSite","@id":"https:\/\/shop.verlag.uni-potsdam.de\/en\/#website","url":"https:\/\/shop.verlag.uni-potsdam.de\/en\/","name":"Universit\u00e4tsverlag Potsdam","description":"","publisher":{"@id":"https:\/\/shop.verlag.uni-potsdam.de\/en\/#organization"},"potentialAction":[{"@type":"SearchAction","target":{"@type":"EntryPoint","urlTemplate":"https:\/\/shop.verlag.uni-potsdam.de\/en\/?s={search_term_string}"},"query-input":{"@type":"PropertyValueSpecification","valueRequired":true,"valueName":"search_term_string"}}],"inLanguage":"en-US"},{"@type":"Organization","@id":"https:\/\/shop.verlag.uni-potsdam.de\/en\/#organization","name":"Universit\u00e4tsverlag Potsdam","url":"https:\/\/shop.verlag.uni-potsdam.de\/en\/","logo":{"@type":"ImageObject","inLanguage":"en-US","@id":"https:\/\/shop.verlag.uni-potsdam.de\/en\/#\/schema\/logo\/image\/","url":"https:\/\/shop.verlag.uni-potsdam.de\/wp-content\/uploads\/2017\/04\/up_logo_university_2.png","contentUrl":"https:\/\/shop.verlag.uni-potsdam.de\/wp-content\/uploads\/2017\/04\/up_logo_university_2.png","width":160,"height":172,"caption":"Universit\u00e4tsverlag Potsdam"},"image":{"@id":"https:\/\/shop.verlag.uni-potsdam.de\/en\/#\/schema\/logo\/image\/"}}]}},"_links":{"self":[{"href":"https:\/\/shop.verlag.uni-potsdam.de\/en\/wp-json\/wp\/v2\/product\/55170","targetHints":{"allow":["GET"]}}],"collection":[{"href":"https:\/\/shop.verlag.uni-potsdam.de\/en\/wp-json\/wp\/v2\/product"}],"about":[{"href":"https:\/\/shop.verlag.uni-potsdam.de\/en\/wp-json\/wp\/v2\/types\/product"}],"wp:featuredmedia":[{"embeddable":true,"href":"https:\/\/shop.verlag.uni-potsdam.de\/en\/wp-json\/wp\/v2\/media\/55696"}],"wp:attachment":[{"href":"https:\/\/shop.verlag.uni-potsdam.de\/en\/wp-json\/wp\/v2\/media?parent=55170"}],"wp:term":[{"taxonomy":"product_brand","embeddable":true,"href":"https:\/\/shop.verlag.uni-potsdam.de\/en\/wp-json\/wp\/v2\/product_brand?post=55170"},{"taxonomy":"product_cat","embeddable":true,"href":"https:\/\/shop.verlag.uni-potsdam.de\/en\/wp-json\/wp\/v2\/product_cat?post=55170"},{"taxonomy":"product_tag","embeddable":true,"href":"https:\/\/shop.verlag.uni-potsdam.de\/en\/wp-json\/wp\/v2\/product_tag?post=55170"}],"curies":[{"name":"wp","href":"https:\/\/api.w.org\/{rel}","templated":true}]}}