{"id":55171,"date":"2026-03-23T08:54:37","date_gmt":"2026-03-23T08:54:37","guid":{"rendered":"https:\/\/shop.verlag.uni-potsdam.de\/shop\/alexander-von-humboldt-im-netz-5\/"},"modified":"2026-03-23T11:55:37","modified_gmt":"2026-03-23T10:55:37","slug":"alexander-von-humboldt-im-netz-7-2006-13","status":"publish","type":"product","link":"https:\/\/shop.verlag.uni-potsdam.de\/en\/shop\/alexander-von-humboldt-im-netz-7-2006-13\/","title":{"rendered":"Alexander von Humboldt im Netz ; 7 (2006) 13"},"content":{"rendered":"<p class=\"qtranxs-available-languages-message qtranxs-available-languages-message-en\">Sorry, this entry is only available in <a href=\"https:\/\/shop.verlag.uni-potsdam.de\/de\/wp-json\/wp\/v2\/product\/55171\" class=\"qtranxs-available-language-link qtranxs-available-language-link-de\" title=\"Deutsch\">Deutsch<\/a>.<\/p><p><\/p>\n<div>Inhalt: <\/div>\n<div><\/div>\n<ul>\n<li><i>Die Mitarbeiter der Avh-Forschungsstelle:<\/i> Margot Faak zum 80. Geburtstag <\/li>\n<li><i>Marie-No\u00eblle Bourguet:<\/i> La fabrique du savoir : Essai sur les carnets de voyage d&#8217;Alexander von Humboldt <\/li>\n<li><i>Ottmar Ette:<\/i> Unterwegs zu einer Weltwissenschaft? : Alexander von Humboldts Weltbegriffe und die transarealen Studien <\/li>\n<li><i>Eberhard Knobloch:<\/i> Erkundung und Erforschung : Alexander von Humboldts Amerikareise <\/li>\n<li><i>Herbert Pieper:<\/i> Die Geognosie der Vulkane <\/li>\n<li><i>Christian Suckow: <\/i>Prinz Humboldt <\/li>\n<li><i>Ursula Thiemer-Sachse:<\/i> \u00a1Qu\u00e9 arte es comprender el arte &#8230;! La visi\u00f3n del arte ind\u00edgena de Am\u00e9rica por Alejandro de Humboldt <\/li>\n<li><i>Margot Faak:<\/i> G. W. Leibniz im Urteil Alexander von Humboldts <\/li>\n<li><i>Regina Mikosch, Ingo Schwarz:<\/i> Bibliographie zu Margot Faak<\/li>\n<\/ul>\n<p><\/p>","protected":false},"excerpt":{"rendered":"<p class=\"qtranxs-available-languages-message qtranxs-available-languages-message-en\">Sorry, this entry is only available in <a href=\"https:\/\/shop.verlag.uni-potsdam.de\/de\/wp-json\/wp\/v2\/product\/55171\" class=\"qtranxs-available-language-link qtranxs-available-language-link-de\" title=\"Deutsch\">Deutsch<\/a>.<\/p>\n<div>Inhalt: <\/div>\n<div><\/div>\n<ul>\n<li><i>Die Mitarbeiter der Avh-Forschungsstelle:<\/i> Margot Faak zum 80. Geburtstag <\/li>\n<li><i>Marie-No\u00eblle Bourguet:<\/i> La fabrique du savoir : Essai sur les carnets de voyage d&#8217;Alexander von Humboldt <\/li>\n<li><i>Ottmar Ette:<\/i> Unterwegs zu einer Weltwissenschaft? : Alexander von Humboldts Weltbegriffe und die transarealen Studien <\/li>\n<li><i>Eberhard Knobloch:<\/i> Erkundung und Erforschung : Alexander von Humboldts Amerikareise <\/li>\n<li><i>Herbert Pieper:<\/i> Die Geognosie der Vulkane <\/li>\n<li><i>Christian Suckow: <\/i>Prinz Humboldt <\/li>\n<li><i>Ursula Thiemer-Sachse:<\/i> \u00a1Qu\u00e9 arte es comprender el arte &#8230;! La visi\u00f3n del arte ind\u00edgena de Am\u00e9rica por Alejandro de Humboldt <\/li>\n<li><i>Margot Faak:<\/i> G. W. Leibniz im Urteil Alexander von Humboldts <\/li>\n<li><i>Regina Mikosch, Ingo Schwarz:<\/i> Bibliographie zu Margot Faak<\/li>\n<\/ul>\n","protected":false},"featured_media":55695,"template":"","meta":{"_acf_changed":false},"product_brand":[],"product_cat":[6209],"product_tag":[],"class_list":{"0":"post-55171","1":"product","2":"type-product","3":"status-publish","4":"has-post-thumbnail","6":"product_cat-geowissenschaften-web-kategorie","7":"autor-alexander-von-humboldt-forschungsstelle","8":"autor-christian-suckow","9":"autor-eberhard-knobloch","10":"autor-herbert-pieper","11":"autor-ingo-schwarz","12":"autor-margot-faak","13":"autor-marie-noelle-bourguet","14":"autor-ottmar-ette","15":"autor-regina-mikosch","16":"autor-ursula-thiemer-sachse","17":"zeitschriften-hin-alexander-von-humboldt-im-netz","19":"first","20":"instock","21":"shipping-taxable","22":"purchasable","23":"product-type-simple"},"acf":[],"yoast_head":"<!-- This site is optimized with the Yoast SEO plugin v27.1.1 - https:\/\/yoast.com\/product\/yoast-seo-wordpress\/ -->\n<title>Alexander von Humboldt im Netz ; 7 (2006) 13 - Universit\u00e4tsverlag Potsdam<\/title>\n<meta name=\"robots\" content=\"index, follow, max-snippet:-1, max-image-preview:large, max-video-preview:-1\" \/>\n<link rel=\"canonical\" href=\"https:\/\/shop.verlag.uni-potsdam.de\/en\/shop\/alexander-von-humboldt-im-netz-7-2006-13\/\" \/>\n<meta property=\"og:locale\" content=\"en_US\" \/>\n<meta property=\"og:type\" content=\"article\" \/>\n<meta property=\"og:title\" content=\"Alexander von Humboldt im Netz ; 7 (2006) 13 - Universit\u00e4tsverlag Potsdam\" \/>\n<meta property=\"og:description\" content=\"Inhalt: Die Mitarbeiter der Avh-Forschungsstelle: Margot Faak zum 80. Geburtstag Marie-No\u00eblle Bourguet: La fabrique du savoir : Essai sur les carnets de voyage d&#039;Alexander von Humboldt Ottmar Ette: Unterwegs zu einer Weltwissenschaft? : Alexander von Humboldts Weltbegriffe und die transarealen Studien Eberhard Knobloch: Erkundung und Erforschung : Alexander von Humboldts Amerikareise Herbert Pieper: Die Geognosie der Vulkane Christian Suckow: Prinz Humboldt Ursula Thiemer-Sachse: \u00a1Qu\u00e9 arte es comprender el arte ...! La visi\u00f3n del arte ind\u00edgena de Am\u00e9rica por Alejandro de Humboldt Margot Faak: G. W. Leibniz im Urteil Alexander von Humboldts Regina Mikosch, Ingo Schwarz: Bibliographie zu Margot Faak\" \/>\n<meta property=\"og:url\" content=\"https:\/\/shop.verlag.uni-potsdam.de\/en\/shop\/alexander-von-humboldt-im-netz-7-2006-13\/\" \/>\n<meta property=\"og:site_name\" content=\"Universit\u00e4tsverlag Potsdam\" \/>\n<meta property=\"article:modified_time\" content=\"2026-03-23T10:55:37+00:00\" \/>\n<meta property=\"og:image\" content=\"https:\/\/shop.verlag.uni-potsdam.de\/wp-content\/uploads\/asolmerce\/image-22135.jpg\" \/>\n\t<meta property=\"og:image:width\" content=\"1811\" \/>\n\t<meta property=\"og:image:height\" content=\"2560\" \/>\n\t<meta property=\"og:image:type\" content=\"image\/jpeg\" \/>\n<meta name=\"twitter:card\" content=\"summary_large_image\" \/>\n<script type=\"application\/ld+json\" class=\"yoast-schema-graph\">{\"@context\":\"https:\/\/schema.org\",\"@graph\":[{\"@type\":\"WebPage\",\"@id\":\"https:\/\/shop.verlag.uni-potsdam.de\/en\/shop\/alexander-von-humboldt-im-netz-7-2006-13\/\",\"url\":\"https:\/\/shop.verlag.uni-potsdam.de\/en\/shop\/alexander-von-humboldt-im-netz-7-2006-13\/\",\"name\":\"Alexander von Humboldt im Netz ; 7 (2006) 13 - Universit\u00e4tsverlag Potsdam\",\"isPartOf\":{\"@id\":\"https:\/\/shop.verlag.uni-potsdam.de\/en\/#website\"},\"primaryImageOfPage\":{\"@id\":\"https:\/\/shop.verlag.uni-potsdam.de\/en\/shop\/alexander-von-humboldt-im-netz-7-2006-13\/#primaryimage\"},\"image\":{\"@id\":\"https:\/\/shop.verlag.uni-potsdam.de\/shop\/alexander-von-humboldt-im-netz-7-2006-13\/#primaryimage\"},\"thumbnailUrl\":\"https:\/\/shop.verlag.uni-potsdam.de\/wp-content\/uploads\/asolmerce\/image-22135.jpg\",\"datePublished\":\"2026-03-23T08:54:37+00:00\",\"dateModified\":\"2026-03-23T10:55:37+00:00\",\"breadcrumb\":{\"@id\":\"https:\/\/shop.verlag.uni-potsdam.de\/en\/shop\/alexander-von-humboldt-im-netz-7-2006-13\/#breadcrumb\"},\"inLanguage\":\"en-US\",\"potentialAction\":[{\"@type\":\"ReadAction\",\"target\":[[\"https:\/\/shop.verlag.uni-potsdam.de\/en\/shop\/alexander-von-humboldt-im-netz-7-2006-13\/\"]]}]},{\"@type\":\"ImageObject\",\"inLanguage\":\"en-US\",\"@id\":\"https:\/\/shop.verlag.uni-potsdam.de\/en\/shop\/alexander-von-humboldt-im-netz-7-2006-13\/#primaryimage\",\"url\":\"https:\/\/shop.verlag.uni-potsdam.de\/wp-content\/uploads\/asolmerce\/image-22135.jpg\",\"contentUrl\":\"https:\/\/shop.verlag.uni-potsdam.de\/wp-content\/uploads\/asolmerce\/image-22135.jpg\",\"width\":1811,\"height\":2560},{\"@type\":\"BreadcrumbList\",\"@id\":\"https:\/\/shop.verlag.uni-potsdam.de\/en\/shop\/alexander-von-humboldt-im-netz-7-2006-13\/#breadcrumb\",\"itemListElement\":[{\"@type\":\"ListItem\",\"position\":1,\"name\":\"Startseite\",\"item\":\"https:\/\/shop.verlag.uni-potsdam.de\/en\/\"},{\"@type\":\"ListItem\",\"position\":2,\"name\":\"Shop\",\"item\":\"https:\/\/shop.verlag.uni-potsdam.de\/en\/shop\/\"},{\"@type\":\"ListItem\",\"position\":3,\"name\":\"Alexander von Humboldt im Netz ; 7 (2006) 13\"}]},{\"@type\":\"WebSite\",\"@id\":\"https:\/\/shop.verlag.uni-potsdam.de\/en\/#website\",\"url\":\"https:\/\/shop.verlag.uni-potsdam.de\/en\/\",\"name\":\"Universit\u00e4tsverlag Potsdam\",\"description\":\"\",\"publisher\":{\"@id\":\"https:\/\/shop.verlag.uni-potsdam.de\/en\/#organization\"},\"potentialAction\":[{\"@type\":\"SearchAction\",\"target\":{\"@type\":\"EntryPoint\",\"urlTemplate\":\"https:\/\/shop.verlag.uni-potsdam.de\/en\/?s={search_term_string}\"},\"query-input\":{\"@type\":\"PropertyValueSpecification\",\"valueRequired\":true,\"valueName\":\"search_term_string\"}}],\"inLanguage\":\"en-US\"},{\"@type\":\"Organization\",\"@id\":\"https:\/\/shop.verlag.uni-potsdam.de\/en\/#organization\",\"name\":\"Universit\u00e4tsverlag Potsdam\",\"url\":\"https:\/\/shop.verlag.uni-potsdam.de\/en\/\",\"logo\":{\"@type\":\"ImageObject\",\"inLanguage\":\"en-US\",\"@id\":\"https:\/\/shop.verlag.uni-potsdam.de\/en\/#\/schema\/logo\/image\/\",\"url\":\"https:\/\/shop.verlag.uni-potsdam.de\/wp-content\/uploads\/2017\/04\/up_logo_university_2.png\",\"contentUrl\":\"https:\/\/shop.verlag.uni-potsdam.de\/wp-content\/uploads\/2017\/04\/up_logo_university_2.png\",\"width\":160,\"height\":172,\"caption\":\"Universit\u00e4tsverlag Potsdam\"},\"image\":{\"@id\":\"https:\/\/shop.verlag.uni-potsdam.de\/en\/#\/schema\/logo\/image\/\"}}]}<\/script>\n<!-- \/ Yoast SEO plugin. -->","yoast_head_json":{"title":"Alexander von Humboldt im Netz ; 7 (2006) 13 - Universit\u00e4tsverlag Potsdam","robots":{"index":"index","follow":"follow","max-snippet":"max-snippet:-1","max-image-preview":"max-image-preview:large","max-video-preview":"max-video-preview:-1"},"canonical":"https:\/\/shop.verlag.uni-potsdam.de\/en\/shop\/alexander-von-humboldt-im-netz-7-2006-13\/","og_locale":"en_US","og_type":"article","og_title":"Alexander von Humboldt im Netz ; 7 (2006) 13 - Universit\u00e4tsverlag Potsdam","og_description":"Inhalt: Die Mitarbeiter der Avh-Forschungsstelle: Margot Faak zum 80. Geburtstag Marie-No\u00eblle Bourguet: La fabrique du savoir : Essai sur les carnets de voyage d'Alexander von Humboldt Ottmar Ette: Unterwegs zu einer Weltwissenschaft? : Alexander von Humboldts Weltbegriffe und die transarealen Studien Eberhard Knobloch: Erkundung und Erforschung : Alexander von Humboldts Amerikareise Herbert Pieper: Die Geognosie der Vulkane Christian Suckow: Prinz Humboldt Ursula Thiemer-Sachse: \u00a1Qu\u00e9 arte es comprender el arte ...! La visi\u00f3n del arte ind\u00edgena de Am\u00e9rica por Alejandro de Humboldt Margot Faak: G. W. Leibniz im Urteil Alexander von Humboldts Regina Mikosch, Ingo Schwarz: Bibliographie zu Margot Faak","og_url":"https:\/\/shop.verlag.uni-potsdam.de\/en\/shop\/alexander-von-humboldt-im-netz-7-2006-13\/","og_site_name":"Universit\u00e4tsverlag Potsdam","article_modified_time":"2026-03-23T10:55:37+00:00","og_image":[{"width":1811,"height":2560,"url":"https:\/\/shop.verlag.uni-potsdam.de\/wp-content\/uploads\/asolmerce\/image-22135.jpg","type":"image\/jpeg"}],"twitter_card":"summary_large_image","schema":{"@context":"https:\/\/schema.org","@graph":[{"@type":"WebPage","@id":"https:\/\/shop.verlag.uni-potsdam.de\/en\/shop\/alexander-von-humboldt-im-netz-7-2006-13\/","url":"https:\/\/shop.verlag.uni-potsdam.de\/en\/shop\/alexander-von-humboldt-im-netz-7-2006-13\/","name":"Alexander von Humboldt im Netz ; 7 (2006) 13 - Universit\u00e4tsverlag Potsdam","isPartOf":{"@id":"https:\/\/shop.verlag.uni-potsdam.de\/en\/#website"},"primaryImageOfPage":{"@id":"https:\/\/shop.verlag.uni-potsdam.de\/en\/shop\/alexander-von-humboldt-im-netz-7-2006-13\/#primaryimage"},"image":{"@id":"https:\/\/shop.verlag.uni-potsdam.de\/shop\/alexander-von-humboldt-im-netz-7-2006-13\/#primaryimage"},"thumbnailUrl":"https:\/\/shop.verlag.uni-potsdam.de\/wp-content\/uploads\/asolmerce\/image-22135.jpg","datePublished":"2026-03-23T08:54:37+00:00","dateModified":"2026-03-23T10:55:37+00:00","breadcrumb":{"@id":"https:\/\/shop.verlag.uni-potsdam.de\/en\/shop\/alexander-von-humboldt-im-netz-7-2006-13\/#breadcrumb"},"inLanguage":"en-US","potentialAction":[{"@type":"ReadAction","target":[["https:\/\/shop.verlag.uni-potsdam.de\/en\/shop\/alexander-von-humboldt-im-netz-7-2006-13\/"]]}]},{"@type":"ImageObject","inLanguage":"en-US","@id":"https:\/\/shop.verlag.uni-potsdam.de\/en\/shop\/alexander-von-humboldt-im-netz-7-2006-13\/#primaryimage","url":"https:\/\/shop.verlag.uni-potsdam.de\/wp-content\/uploads\/asolmerce\/image-22135.jpg","contentUrl":"https:\/\/shop.verlag.uni-potsdam.de\/wp-content\/uploads\/asolmerce\/image-22135.jpg","width":1811,"height":2560},{"@type":"BreadcrumbList","@id":"https:\/\/shop.verlag.uni-potsdam.de\/en\/shop\/alexander-von-humboldt-im-netz-7-2006-13\/#breadcrumb","itemListElement":[{"@type":"ListItem","position":1,"name":"Startseite","item":"https:\/\/shop.verlag.uni-potsdam.de\/en\/"},{"@type":"ListItem","position":2,"name":"Shop","item":"https:\/\/shop.verlag.uni-potsdam.de\/en\/shop\/"},{"@type":"ListItem","position":3,"name":"Alexander von Humboldt im Netz ; 7 (2006) 13"}]},{"@type":"WebSite","@id":"https:\/\/shop.verlag.uni-potsdam.de\/en\/#website","url":"https:\/\/shop.verlag.uni-potsdam.de\/en\/","name":"Universit\u00e4tsverlag Potsdam","description":"","publisher":{"@id":"https:\/\/shop.verlag.uni-potsdam.de\/en\/#organization"},"potentialAction":[{"@type":"SearchAction","target":{"@type":"EntryPoint","urlTemplate":"https:\/\/shop.verlag.uni-potsdam.de\/en\/?s={search_term_string}"},"query-input":{"@type":"PropertyValueSpecification","valueRequired":true,"valueName":"search_term_string"}}],"inLanguage":"en-US"},{"@type":"Organization","@id":"https:\/\/shop.verlag.uni-potsdam.de\/en\/#organization","name":"Universit\u00e4tsverlag Potsdam","url":"https:\/\/shop.verlag.uni-potsdam.de\/en\/","logo":{"@type":"ImageObject","inLanguage":"en-US","@id":"https:\/\/shop.verlag.uni-potsdam.de\/en\/#\/schema\/logo\/image\/","url":"https:\/\/shop.verlag.uni-potsdam.de\/wp-content\/uploads\/2017\/04\/up_logo_university_2.png","contentUrl":"https:\/\/shop.verlag.uni-potsdam.de\/wp-content\/uploads\/2017\/04\/up_logo_university_2.png","width":160,"height":172,"caption":"Universit\u00e4tsverlag Potsdam"},"image":{"@id":"https:\/\/shop.verlag.uni-potsdam.de\/en\/#\/schema\/logo\/image\/"}}]}},"_links":{"self":[{"href":"https:\/\/shop.verlag.uni-potsdam.de\/en\/wp-json\/wp\/v2\/product\/55171","targetHints":{"allow":["GET"]}}],"collection":[{"href":"https:\/\/shop.verlag.uni-potsdam.de\/en\/wp-json\/wp\/v2\/product"}],"about":[{"href":"https:\/\/shop.verlag.uni-potsdam.de\/en\/wp-json\/wp\/v2\/types\/product"}],"wp:featuredmedia":[{"embeddable":true,"href":"https:\/\/shop.verlag.uni-potsdam.de\/en\/wp-json\/wp\/v2\/media\/55695"}],"wp:attachment":[{"href":"https:\/\/shop.verlag.uni-potsdam.de\/en\/wp-json\/wp\/v2\/media?parent=55171"}],"wp:term":[{"taxonomy":"product_brand","embeddable":true,"href":"https:\/\/shop.verlag.uni-potsdam.de\/en\/wp-json\/wp\/v2\/product_brand?post=55171"},{"taxonomy":"product_cat","embeddable":true,"href":"https:\/\/shop.verlag.uni-potsdam.de\/en\/wp-json\/wp\/v2\/product_cat?post=55171"},{"taxonomy":"product_tag","embeddable":true,"href":"https:\/\/shop.verlag.uni-potsdam.de\/en\/wp-json\/wp\/v2\/product_tag?post=55171"}],"curies":[{"name":"wp","href":"https:\/\/api.w.org\/{rel}","templated":true}]}}