{"id":55173,"date":"2026-03-23T08:54:37","date_gmt":"2026-03-23T08:54:37","guid":{"rendered":"https:\/\/shop.verlag.uni-potsdam.de\/shop\/alexander-von-humboldt-im-netz-7\/"},"modified":"2026-03-23T11:55:37","modified_gmt":"2026-03-23T10:55:37","slug":"alexander-von-humboldt-im-netz-8-2007-15","status":"publish","type":"product","link":"https:\/\/shop.verlag.uni-potsdam.de\/en\/shop\/alexander-von-humboldt-im-netz-8-2007-15\/","title":{"rendered":"Alexander von Humboldt im Netz ; 8 (2007) 15"},"content":{"rendered":"<p class=\"qtranxs-available-languages-message qtranxs-available-languages-message-en\">Sorry, this entry is only available in <a href=\"https:\/\/shop.verlag.uni-potsdam.de\/de\/wp-json\/wp\/v2\/product\/55173\" class=\"qtranxs-available-language-link qtranxs-available-language-link-de\" title=\"Deutsch\">Deutsch<\/a>.<\/p><p>Inhalt: <\/p>\n<div><\/div>\n<ul>\n<li><i>Anne Jobst:<\/i> &#8220;Briefe wie gemahlt&#8221; : Alexander von Humboldts Engagement f\u00fcr die Wahl Christian Gottfried Ehrenbergs als Mitglied des Institut de France <\/li>\n<li><i>Teodoro Hampe Mart\u00ednez:<\/i> Introducci\u00f3n al tema de enfoque : &#8220;Humboldt y la Am\u00e9rica ilustrada&#8221; <\/li>\n<li><i>Teodoro Hampe Mart\u00ednez:<\/i> Humboldt y el mar peruano : una exploraci\u00f3n de su traves\u00eda de Lima a Guayaquil (1802\/1803) <\/li>\n<li><i>Jorge Ortiz Sotelo:<\/i> Aportes de Humboldt : a la n\u00e1utica y a la oceanograf\u00eda peruana <\/li>\n<li><i>Miguel \u00c1ngel Puig-Samper ; Sandra Rebok: <\/i>Alejandro de Humboldt y Espa\u00f1a : la preparaci\u00f3n de su viaje americano y sus v\u00ednculos con la ciencia espa\u00f1ola <\/li>\n<li><i>Jos\u00e9 \u00c1ngel Rodriguez:<\/i> Tras las huellas de Humboldt: realidades y fantas\u00eda de la naturaleza venezolana en el siglo XIX <\/li>\n<li><i>Ursula Thiemer-Sachse:<\/i> Observaciones actuales sobre la imagen de Humboldt en Latinoam\u00e9rica <\/li>\n<li><i>Horst Fiedler:<\/i> Ludwig Leichhardt und Alexander von Humboldt<\/li>\n<\/ul>\n<p><\/p>","protected":false},"excerpt":{"rendered":"<p class=\"qtranxs-available-languages-message qtranxs-available-languages-message-en\">Sorry, this entry is only available in <a href=\"https:\/\/shop.verlag.uni-potsdam.de\/de\/wp-json\/wp\/v2\/product\/55173\" class=\"qtranxs-available-language-link qtranxs-available-language-link-de\" title=\"Deutsch\">Deutsch<\/a>.<\/p>\n<p>Inhalt: <\/p>\n<div><\/div>\n<ul>\n<li><i>Anne Jobst:<\/i> &#8220;Briefe wie gemahlt&#8221; : Alexander von Humboldts Engagement f\u00fcr die Wahl Christian Gottfried Ehrenbergs als Mitglied des Institut de France <\/li>\n<li><i>Teodoro Hampe Mart\u00ednez:<\/i> Introducci\u00f3n al tema de enfoque : &#8220;Humboldt y la Am\u00e9rica ilustrada&#8221; <\/li>\n<li><i>Teodoro Hampe Mart\u00ednez:<\/i> Humboldt y el mar peruano : una exploraci\u00f3n de su traves\u00eda de Lima a Guayaquil (1802\/1803) <\/li>\n<li><i>Jorge Ortiz Sotelo:<\/i> Aportes de Humboldt : a la n\u00e1utica y a la oceanograf\u00eda peruana <\/li>\n<li><i>Miguel \u00c1ngel Puig-Samper ; Sandra Rebok: <\/i>Alejandro de Humboldt y Espa\u00f1a : la preparaci\u00f3n de su viaje americano y sus v\u00ednculos con la ciencia espa\u00f1ola <\/li>\n<li><i>Jos\u00e9 \u00c1ngel Rodriguez:<\/i> Tras las huellas de Humboldt: realidades y fantas\u00eda de la naturaleza venezolana en el siglo XIX <\/li>\n<li><i>Ursula Thiemer-Sachse:<\/i> Observaciones actuales sobre la imagen de Humboldt en Latinoam\u00e9rica <\/li>\n<li><i>Horst Fiedler:<\/i> Ludwig Leichhardt und Alexander von Humboldt<\/li>\n<\/ul>\n","protected":false},"featured_media":55693,"template":"","meta":{"_acf_changed":false},"product_brand":[],"product_cat":[6209],"product_tag":[],"class_list":{"0":"post-55173","1":"product","2":"type-product","3":"status-publish","4":"has-post-thumbnail","6":"product_cat-geowissenschaften-web-kategorie","7":"autor-anne-jobst","8":"autor-eberhard-knobloch","9":"autor-horst-fiedler","10":"autor-jorge-ortiz-sotelo","11":"autor-jose-angel-rodriguez","12":"autor-ottmar-ette","13":"autor-teodoro-hampe-martinez","14":"autor-ursula-thiemer-sachse","15":"zeitschriften-hin-alexander-von-humboldt-im-netz","17":"first","18":"instock","19":"shipping-taxable","20":"purchasable","21":"product-type-simple"},"acf":[],"yoast_head":"<!-- This site is optimized with the Yoast SEO plugin v27.1.1 - https:\/\/yoast.com\/product\/yoast-seo-wordpress\/ -->\n<title>Alexander von Humboldt im Netz ; 8 (2007) 15 - Universit\u00e4tsverlag Potsdam<\/title>\n<meta name=\"robots\" content=\"index, follow, max-snippet:-1, max-image-preview:large, max-video-preview:-1\" \/>\n<link rel=\"canonical\" href=\"https:\/\/shop.verlag.uni-potsdam.de\/en\/shop\/alexander-von-humboldt-im-netz-8-2007-15\/\" \/>\n<meta property=\"og:locale\" content=\"en_US\" \/>\n<meta property=\"og:type\" content=\"article\" \/>\n<meta property=\"og:title\" content=\"Alexander von Humboldt im Netz ; 8 (2007) 15 - Universit\u00e4tsverlag Potsdam\" \/>\n<meta property=\"og:description\" content=\"Inhalt: Anne Jobst: &quot;Briefe wie gemahlt&quot; : Alexander von Humboldts Engagement f\u00fcr die Wahl Christian Gottfried Ehrenbergs als Mitglied des Institut de France Teodoro Hampe Mart\u00ednez: Introducci\u00f3n al tema de enfoque : &quot;Humboldt y la Am\u00e9rica ilustrada&quot; Teodoro Hampe Mart\u00ednez: Humboldt y el mar peruano : una exploraci\u00f3n de su traves\u00eda de Lima a Guayaquil (1802\/1803) Jorge Ortiz Sotelo: Aportes de Humboldt : a la n\u00e1utica y a la oceanograf\u00eda peruana Miguel \u00c1ngel Puig-Samper ; Sandra Rebok: Alejandro de Humboldt y Espa\u00f1a : la preparaci\u00f3n de su viaje americano y sus v\u00ednculos con la ciencia espa\u00f1ola Jos\u00e9 \u00c1ngel Rodriguez: Tras las huellas de Humboldt: realidades y fantas\u00eda de la naturaleza venezolana en el siglo XIX Ursula Thiemer-Sachse: Observaciones actuales sobre la imagen de Humboldt en Latinoam\u00e9rica Horst Fiedler: Ludwig Leichhardt und Alexander von Humboldt\" \/>\n<meta property=\"og:url\" content=\"https:\/\/shop.verlag.uni-potsdam.de\/en\/shop\/alexander-von-humboldt-im-netz-8-2007-15\/\" \/>\n<meta property=\"og:site_name\" content=\"Universit\u00e4tsverlag Potsdam\" \/>\n<meta property=\"article:modified_time\" content=\"2026-03-23T10:55:37+00:00\" \/>\n<meta property=\"og:image\" content=\"https:\/\/shop.verlag.uni-potsdam.de\/wp-content\/uploads\/asolmerce\/image-22137.jpg\" \/>\n\t<meta property=\"og:image:width\" content=\"1729\" \/>\n\t<meta property=\"og:image:height\" content=\"2560\" \/>\n\t<meta property=\"og:image:type\" content=\"image\/jpeg\" \/>\n<meta name=\"twitter:card\" content=\"summary_large_image\" \/>\n<meta name=\"twitter:label1\" content=\"Est. reading time\" \/>\n\t<meta name=\"twitter:data1\" content=\"1 minute\" \/>\n<script type=\"application\/ld+json\" class=\"yoast-schema-graph\">{\"@context\":\"https:\/\/schema.org\",\"@graph\":[{\"@type\":\"WebPage\",\"@id\":\"https:\/\/shop.verlag.uni-potsdam.de\/en\/shop\/alexander-von-humboldt-im-netz-8-2007-15\/\",\"url\":\"https:\/\/shop.verlag.uni-potsdam.de\/en\/shop\/alexander-von-humboldt-im-netz-8-2007-15\/\",\"name\":\"Alexander von Humboldt im Netz ; 8 (2007) 15 - Universit\u00e4tsverlag Potsdam\",\"isPartOf\":{\"@id\":\"https:\/\/shop.verlag.uni-potsdam.de\/en\/#website\"},\"primaryImageOfPage\":{\"@id\":\"https:\/\/shop.verlag.uni-potsdam.de\/en\/shop\/alexander-von-humboldt-im-netz-8-2007-15\/#primaryimage\"},\"image\":{\"@id\":\"https:\/\/shop.verlag.uni-potsdam.de\/shop\/alexander-von-humboldt-im-netz-8-2007-15\/#primaryimage\"},\"thumbnailUrl\":\"https:\/\/shop.verlag.uni-potsdam.de\/wp-content\/uploads\/asolmerce\/image-22137.jpg\",\"datePublished\":\"2026-03-23T08:54:37+00:00\",\"dateModified\":\"2026-03-23T10:55:37+00:00\",\"breadcrumb\":{\"@id\":\"https:\/\/shop.verlag.uni-potsdam.de\/en\/shop\/alexander-von-humboldt-im-netz-8-2007-15\/#breadcrumb\"},\"inLanguage\":\"en-US\",\"potentialAction\":[{\"@type\":\"ReadAction\",\"target\":[[\"https:\/\/shop.verlag.uni-potsdam.de\/en\/shop\/alexander-von-humboldt-im-netz-8-2007-15\/\"]]}]},{\"@type\":\"ImageObject\",\"inLanguage\":\"en-US\",\"@id\":\"https:\/\/shop.verlag.uni-potsdam.de\/en\/shop\/alexander-von-humboldt-im-netz-8-2007-15\/#primaryimage\",\"url\":\"https:\/\/shop.verlag.uni-potsdam.de\/wp-content\/uploads\/asolmerce\/image-22137.jpg\",\"contentUrl\":\"https:\/\/shop.verlag.uni-potsdam.de\/wp-content\/uploads\/asolmerce\/image-22137.jpg\",\"width\":1729,\"height\":2560},{\"@type\":\"BreadcrumbList\",\"@id\":\"https:\/\/shop.verlag.uni-potsdam.de\/en\/shop\/alexander-von-humboldt-im-netz-8-2007-15\/#breadcrumb\",\"itemListElement\":[{\"@type\":\"ListItem\",\"position\":1,\"name\":\"Startseite\",\"item\":\"https:\/\/shop.verlag.uni-potsdam.de\/en\/\"},{\"@type\":\"ListItem\",\"position\":2,\"name\":\"Shop\",\"item\":\"https:\/\/shop.verlag.uni-potsdam.de\/en\/shop\/\"},{\"@type\":\"ListItem\",\"position\":3,\"name\":\"Alexander von Humboldt im Netz ; 8 (2007) 15\"}]},{\"@type\":\"WebSite\",\"@id\":\"https:\/\/shop.verlag.uni-potsdam.de\/en\/#website\",\"url\":\"https:\/\/shop.verlag.uni-potsdam.de\/en\/\",\"name\":\"Universit\u00e4tsverlag Potsdam\",\"description\":\"\",\"publisher\":{\"@id\":\"https:\/\/shop.verlag.uni-potsdam.de\/en\/#organization\"},\"potentialAction\":[{\"@type\":\"SearchAction\",\"target\":{\"@type\":\"EntryPoint\",\"urlTemplate\":\"https:\/\/shop.verlag.uni-potsdam.de\/en\/?s={search_term_string}\"},\"query-input\":{\"@type\":\"PropertyValueSpecification\",\"valueRequired\":true,\"valueName\":\"search_term_string\"}}],\"inLanguage\":\"en-US\"},{\"@type\":\"Organization\",\"@id\":\"https:\/\/shop.verlag.uni-potsdam.de\/en\/#organization\",\"name\":\"Universit\u00e4tsverlag Potsdam\",\"url\":\"https:\/\/shop.verlag.uni-potsdam.de\/en\/\",\"logo\":{\"@type\":\"ImageObject\",\"inLanguage\":\"en-US\",\"@id\":\"https:\/\/shop.verlag.uni-potsdam.de\/en\/#\/schema\/logo\/image\/\",\"url\":\"https:\/\/shop.verlag.uni-potsdam.de\/wp-content\/uploads\/2017\/04\/up_logo_university_2.png\",\"contentUrl\":\"https:\/\/shop.verlag.uni-potsdam.de\/wp-content\/uploads\/2017\/04\/up_logo_university_2.png\",\"width\":160,\"height\":172,\"caption\":\"Universit\u00e4tsverlag Potsdam\"},\"image\":{\"@id\":\"https:\/\/shop.verlag.uni-potsdam.de\/en\/#\/schema\/logo\/image\/\"}}]}<\/script>\n<!-- \/ Yoast SEO plugin. -->","yoast_head_json":{"title":"Alexander von Humboldt im Netz ; 8 (2007) 15 - Universit\u00e4tsverlag Potsdam","robots":{"index":"index","follow":"follow","max-snippet":"max-snippet:-1","max-image-preview":"max-image-preview:large","max-video-preview":"max-video-preview:-1"},"canonical":"https:\/\/shop.verlag.uni-potsdam.de\/en\/shop\/alexander-von-humboldt-im-netz-8-2007-15\/","og_locale":"en_US","og_type":"article","og_title":"Alexander von Humboldt im Netz ; 8 (2007) 15 - Universit\u00e4tsverlag Potsdam","og_description":"Inhalt: Anne Jobst: \"Briefe wie gemahlt\" : Alexander von Humboldts Engagement f\u00fcr die Wahl Christian Gottfried Ehrenbergs als Mitglied des Institut de France Teodoro Hampe Mart\u00ednez: Introducci\u00f3n al tema de enfoque : \"Humboldt y la Am\u00e9rica ilustrada\" Teodoro Hampe Mart\u00ednez: Humboldt y el mar peruano : una exploraci\u00f3n de su traves\u00eda de Lima a Guayaquil (1802\/1803) Jorge Ortiz Sotelo: Aportes de Humboldt : a la n\u00e1utica y a la oceanograf\u00eda peruana Miguel \u00c1ngel Puig-Samper ; Sandra Rebok: Alejandro de Humboldt y Espa\u00f1a : la preparaci\u00f3n de su viaje americano y sus v\u00ednculos con la ciencia espa\u00f1ola Jos\u00e9 \u00c1ngel Rodriguez: Tras las huellas de Humboldt: realidades y fantas\u00eda de la naturaleza venezolana en el siglo XIX Ursula Thiemer-Sachse: Observaciones actuales sobre la imagen de Humboldt en Latinoam\u00e9rica Horst Fiedler: Ludwig Leichhardt und Alexander von Humboldt","og_url":"https:\/\/shop.verlag.uni-potsdam.de\/en\/shop\/alexander-von-humboldt-im-netz-8-2007-15\/","og_site_name":"Universit\u00e4tsverlag Potsdam","article_modified_time":"2026-03-23T10:55:37+00:00","og_image":[{"width":1729,"height":2560,"url":"https:\/\/shop.verlag.uni-potsdam.de\/wp-content\/uploads\/asolmerce\/image-22137.jpg","type":"image\/jpeg"}],"twitter_card":"summary_large_image","twitter_misc":{"Est. reading time":"1 minute"},"schema":{"@context":"https:\/\/schema.org","@graph":[{"@type":"WebPage","@id":"https:\/\/shop.verlag.uni-potsdam.de\/en\/shop\/alexander-von-humboldt-im-netz-8-2007-15\/","url":"https:\/\/shop.verlag.uni-potsdam.de\/en\/shop\/alexander-von-humboldt-im-netz-8-2007-15\/","name":"Alexander von Humboldt im Netz ; 8 (2007) 15 - Universit\u00e4tsverlag Potsdam","isPartOf":{"@id":"https:\/\/shop.verlag.uni-potsdam.de\/en\/#website"},"primaryImageOfPage":{"@id":"https:\/\/shop.verlag.uni-potsdam.de\/en\/shop\/alexander-von-humboldt-im-netz-8-2007-15\/#primaryimage"},"image":{"@id":"https:\/\/shop.verlag.uni-potsdam.de\/shop\/alexander-von-humboldt-im-netz-8-2007-15\/#primaryimage"},"thumbnailUrl":"https:\/\/shop.verlag.uni-potsdam.de\/wp-content\/uploads\/asolmerce\/image-22137.jpg","datePublished":"2026-03-23T08:54:37+00:00","dateModified":"2026-03-23T10:55:37+00:00","breadcrumb":{"@id":"https:\/\/shop.verlag.uni-potsdam.de\/en\/shop\/alexander-von-humboldt-im-netz-8-2007-15\/#breadcrumb"},"inLanguage":"en-US","potentialAction":[{"@type":"ReadAction","target":[["https:\/\/shop.verlag.uni-potsdam.de\/en\/shop\/alexander-von-humboldt-im-netz-8-2007-15\/"]]}]},{"@type":"ImageObject","inLanguage":"en-US","@id":"https:\/\/shop.verlag.uni-potsdam.de\/en\/shop\/alexander-von-humboldt-im-netz-8-2007-15\/#primaryimage","url":"https:\/\/shop.verlag.uni-potsdam.de\/wp-content\/uploads\/asolmerce\/image-22137.jpg","contentUrl":"https:\/\/shop.verlag.uni-potsdam.de\/wp-content\/uploads\/asolmerce\/image-22137.jpg","width":1729,"height":2560},{"@type":"BreadcrumbList","@id":"https:\/\/shop.verlag.uni-potsdam.de\/en\/shop\/alexander-von-humboldt-im-netz-8-2007-15\/#breadcrumb","itemListElement":[{"@type":"ListItem","position":1,"name":"Startseite","item":"https:\/\/shop.verlag.uni-potsdam.de\/en\/"},{"@type":"ListItem","position":2,"name":"Shop","item":"https:\/\/shop.verlag.uni-potsdam.de\/en\/shop\/"},{"@type":"ListItem","position":3,"name":"Alexander von Humboldt im Netz ; 8 (2007) 15"}]},{"@type":"WebSite","@id":"https:\/\/shop.verlag.uni-potsdam.de\/en\/#website","url":"https:\/\/shop.verlag.uni-potsdam.de\/en\/","name":"Universit\u00e4tsverlag Potsdam","description":"","publisher":{"@id":"https:\/\/shop.verlag.uni-potsdam.de\/en\/#organization"},"potentialAction":[{"@type":"SearchAction","target":{"@type":"EntryPoint","urlTemplate":"https:\/\/shop.verlag.uni-potsdam.de\/en\/?s={search_term_string}"},"query-input":{"@type":"PropertyValueSpecification","valueRequired":true,"valueName":"search_term_string"}}],"inLanguage":"en-US"},{"@type":"Organization","@id":"https:\/\/shop.verlag.uni-potsdam.de\/en\/#organization","name":"Universit\u00e4tsverlag Potsdam","url":"https:\/\/shop.verlag.uni-potsdam.de\/en\/","logo":{"@type":"ImageObject","inLanguage":"en-US","@id":"https:\/\/shop.verlag.uni-potsdam.de\/en\/#\/schema\/logo\/image\/","url":"https:\/\/shop.verlag.uni-potsdam.de\/wp-content\/uploads\/2017\/04\/up_logo_university_2.png","contentUrl":"https:\/\/shop.verlag.uni-potsdam.de\/wp-content\/uploads\/2017\/04\/up_logo_university_2.png","width":160,"height":172,"caption":"Universit\u00e4tsverlag Potsdam"},"image":{"@id":"https:\/\/shop.verlag.uni-potsdam.de\/en\/#\/schema\/logo\/image\/"}}]}},"_links":{"self":[{"href":"https:\/\/shop.verlag.uni-potsdam.de\/en\/wp-json\/wp\/v2\/product\/55173","targetHints":{"allow":["GET"]}}],"collection":[{"href":"https:\/\/shop.verlag.uni-potsdam.de\/en\/wp-json\/wp\/v2\/product"}],"about":[{"href":"https:\/\/shop.verlag.uni-potsdam.de\/en\/wp-json\/wp\/v2\/types\/product"}],"wp:featuredmedia":[{"embeddable":true,"href":"https:\/\/shop.verlag.uni-potsdam.de\/en\/wp-json\/wp\/v2\/media\/55693"}],"wp:attachment":[{"href":"https:\/\/shop.verlag.uni-potsdam.de\/en\/wp-json\/wp\/v2\/media?parent=55173"}],"wp:term":[{"taxonomy":"product_brand","embeddable":true,"href":"https:\/\/shop.verlag.uni-potsdam.de\/en\/wp-json\/wp\/v2\/product_brand?post=55173"},{"taxonomy":"product_cat","embeddable":true,"href":"https:\/\/shop.verlag.uni-potsdam.de\/en\/wp-json\/wp\/v2\/product_cat?post=55173"},{"taxonomy":"product_tag","embeddable":true,"href":"https:\/\/shop.verlag.uni-potsdam.de\/en\/wp-json\/wp\/v2\/product_tag?post=55173"}],"curies":[{"name":"wp","href":"https:\/\/api.w.org\/{rel}","templated":true}]}}