{"id":55175,"date":"2026-03-23T08:54:37","date_gmt":"2026-03-23T08:54:37","guid":{"rendered":"https:\/\/shop.verlag.uni-potsdam.de\/shop\/alexander-von-humboldt-im-netz-4\/"},"modified":"2026-03-23T11:55:37","modified_gmt":"2026-03-23T10:55:37","slug":"alexander-von-humboldt-im-netz-9-2008-17","status":"publish","type":"product","link":"https:\/\/shop.verlag.uni-potsdam.de\/en\/shop\/alexander-von-humboldt-im-netz-9-2008-17\/","title":{"rendered":"Alexander von Humboldt im Netz ; 9 (2008) 17"},"content":{"rendered":"<p class=\"qtranxs-available-languages-message qtranxs-available-languages-message-en\">Sorry, this entry is only available in <a href=\"https:\/\/shop.verlag.uni-potsdam.de\/de\/wp-json\/wp\/v2\/product\/55175\" class=\"qtranxs-available-language-link qtranxs-available-language-link-de\" title=\"Deutsch\">Deutsch<\/a>.<\/p><p><\/p>\n<div>Inhalt: <\/div>\n<div><\/div>\n<ul>\n<li>Hinweis auf die elektronischen Ressourcen, bereitgestellt von der Alexander von-Humboldt-Forschungsstelle der Berlin-Brandenburgischen Akademie der Wissenschaften <\/li>\n<li><i>Anne Jobst: <\/i>\u201ewie man die Gabe aplicirt\u201c : der Briefwechsel zwischen Humboldt und Ehrenberg, ein Beispiel <\/li>\n<li><i>Ottmar Ette: <\/i>Hallar e inventar un p\u00fablico : Nuevos proyectos editoriales acerca de la obra de Alexander von Humboldt <\/li>\n<li><i>Mar\u00eda Rosario Mart\u00ed Marco:<\/i> La figura del bot\u00e1nico Valenciano Antonio Jos\u00e9 Cavanilles en su relaci\u00f3n cient\u00edfica con Humboldt y los bot\u00e1nicos alemanes <\/li>\n<li><i>Tom M\u00fcller:<\/i> Roger Bacon in der Sicht Alexander von Humboldts <\/li>\n<li><i>Ulrich P\u00e4\u00dfler:<\/i> Alexander von Humboldt und die transnationale Wissenschaftskommunikation im 19. Jahrhundert <\/li>\n<li><i>Ursula Thiemer-Sachse:<\/i> La visi\u00f3n de Alejandro de Humboldt de la situaci\u00f3n social y cultural de los ind\u00edgenas mexicanos contempor\u00e1neos, tal como fue reflejada en su diario de iaje y en el \u201cEnsayo Pol\u00edtico del Reino de la Nueva Espa\u00f1a\u201d <\/li>\n<li><i>Kurt-R. Biermann ; Ingo Schwarz:<\/i> Warum bezeichnete sich Alexander von Humboldt als DER ALTE VOM BERGE (Vecchio della Montagna)?<\/li>\n<\/ul>\n<p><\/p>","protected":false},"excerpt":{"rendered":"<p class=\"qtranxs-available-languages-message qtranxs-available-languages-message-en\">Sorry, this entry is only available in <a href=\"https:\/\/shop.verlag.uni-potsdam.de\/de\/wp-json\/wp\/v2\/product\/55175\" class=\"qtranxs-available-language-link qtranxs-available-language-link-de\" title=\"Deutsch\">Deutsch<\/a>.<\/p>\n<div>Inhalt: <\/div>\n<div><\/div>\n<ul>\n<li>Hinweis auf die elektronischen Ressourcen, bereitgestellt von der Alexander von-Humboldt-Forschungsstelle der Berlin-Brandenburgischen Akademie der Wissenschaften <\/li>\n<li><i>Anne Jobst: <\/i>\u201ewie man die Gabe aplicirt\u201c : der Briefwechsel zwischen Humboldt und Ehrenberg, ein Beispiel <\/li>\n<li><i>Ottmar Ette: <\/i>Hallar e inventar un p\u00fablico : Nuevos proyectos editoriales acerca de la obra de Alexander von Humboldt <\/li>\n<li><i>Mar\u00eda Rosario Mart\u00ed Marco:<\/i> La figura del bot\u00e1nico Valenciano Antonio Jos\u00e9 Cavanilles en su relaci\u00f3n cient\u00edfica con Humboldt y los bot\u00e1nicos alemanes <\/li>\n<li><i>Tom M\u00fcller:<\/i> Roger Bacon in der Sicht Alexander von Humboldts <\/li>\n<li><i>Ulrich P\u00e4\u00dfler:<\/i> Alexander von Humboldt und die transnationale Wissenschaftskommunikation im 19. Jahrhundert <\/li>\n<li><i>Ursula Thiemer-Sachse:<\/i> La visi\u00f3n de Alejandro de Humboldt de la situaci\u00f3n social y cultural de los ind\u00edgenas mexicanos contempor\u00e1neos, tal como fue reflejada en su diario de iaje y en el \u201cEnsayo Pol\u00edtico del Reino de la Nueva Espa\u00f1a\u201d <\/li>\n<li><i>Kurt-R. Biermann ; Ingo Schwarz:<\/i> Warum bezeichnete sich Alexander von Humboldt als DER ALTE VOM BERGE (Vecchio della Montagna)?<\/li>\n<\/ul>\n","protected":false},"featured_media":55691,"template":"","meta":{"_acf_changed":false},"product_brand":[],"product_cat":[6209],"product_tag":[],"class_list":{"0":"post-55175","1":"product","2":"type-product","3":"status-publish","4":"has-post-thumbnail","6":"product_cat-geowissenschaften-web-kategorie","7":"autor-anne-jobst","8":"autor-eberhard-knobloch","9":"autor-ingo-schwarz","10":"autor-kurt-r-biermann","11":"autor-maria-rosario-marti-marco","12":"autor-ottmar-ette","13":"autor-tom-mueller","14":"autor-ulrich-paessler","15":"autor-ursula-thiemer-sachse","16":"zeitschriften-hin-alexander-von-humboldt-im-netz","18":"first","19":"instock","20":"shipping-taxable","21":"purchasable","22":"product-type-simple"},"acf":[],"yoast_head":"<!-- This site is optimized with the Yoast SEO plugin v27.1.1 - https:\/\/yoast.com\/product\/yoast-seo-wordpress\/ -->\n<title>Alexander von Humboldt im Netz ; 9 (2008) 17 - Universit\u00e4tsverlag Potsdam<\/title>\n<meta name=\"robots\" content=\"index, follow, max-snippet:-1, max-image-preview:large, max-video-preview:-1\" \/>\n<link rel=\"canonical\" href=\"https:\/\/shop.verlag.uni-potsdam.de\/en\/shop\/alexander-von-humboldt-im-netz-9-2008-17\/\" \/>\n<meta property=\"og:locale\" content=\"en_US\" \/>\n<meta property=\"og:type\" content=\"article\" \/>\n<meta property=\"og:title\" content=\"Alexander von Humboldt im Netz ; 9 (2008) 17 - Universit\u00e4tsverlag Potsdam\" \/>\n<meta property=\"og:description\" content=\"Inhalt: Hinweis auf die elektronischen Ressourcen, bereitgestellt von der Alexander von-Humboldt-Forschungsstelle der Berlin-Brandenburgischen Akademie der Wissenschaften Anne Jobst: \u201ewie man die Gabe aplicirt\u201c : der Briefwechsel zwischen Humboldt und Ehrenberg, ein Beispiel Ottmar Ette: Hallar e inventar un p\u00fablico : Nuevos proyectos editoriales acerca de la obra de Alexander von Humboldt Mar\u00eda Rosario Mart\u00ed Marco: La figura del bot\u00e1nico Valenciano Antonio Jos\u00e9 Cavanilles en su relaci\u00f3n cient\u00edfica con Humboldt y los bot\u00e1nicos alemanes Tom M\u00fcller: Roger Bacon in der Sicht Alexander von Humboldts Ulrich P\u00e4\u00dfler: Alexander von Humboldt und die transnationale Wissenschaftskommunikation im 19. Jahrhundert Ursula Thiemer-Sachse: La visi\u00f3n de Alejandro de Humboldt de la situaci\u00f3n social y cultural de los ind\u00edgenas mexicanos contempor\u00e1neos, tal como fue reflejada en su diario de iaje y en el \u201cEnsayo Pol\u00edtico del Reino de la Nueva Espa\u00f1a\u201d Kurt-R. Biermann ; Ingo Schwarz: Warum bezeichnete sich Alexander von Humboldt als DER ALTE VOM BERGE (Vecchio della Montagna)?\" \/>\n<meta property=\"og:url\" content=\"https:\/\/shop.verlag.uni-potsdam.de\/en\/shop\/alexander-von-humboldt-im-netz-9-2008-17\/\" \/>\n<meta property=\"og:site_name\" content=\"Universit\u00e4tsverlag Potsdam\" \/>\n<meta property=\"article:modified_time\" content=\"2026-03-23T10:55:37+00:00\" \/>\n<meta property=\"og:image\" content=\"https:\/\/shop.verlag.uni-potsdam.de\/wp-content\/uploads\/asolmerce\/image-22139.jpg\" \/>\n\t<meta property=\"og:image:width\" content=\"1812\" \/>\n\t<meta property=\"og:image:height\" content=\"2560\" \/>\n\t<meta property=\"og:image:type\" content=\"image\/jpeg\" \/>\n<meta name=\"twitter:card\" content=\"summary_large_image\" \/>\n<meta name=\"twitter:label1\" content=\"Est. reading time\" \/>\n\t<meta name=\"twitter:data1\" content=\"1 minute\" \/>\n<script type=\"application\/ld+json\" class=\"yoast-schema-graph\">{\"@context\":\"https:\/\/schema.org\",\"@graph\":[{\"@type\":\"WebPage\",\"@id\":\"https:\/\/shop.verlag.uni-potsdam.de\/en\/shop\/alexander-von-humboldt-im-netz-9-2008-17\/\",\"url\":\"https:\/\/shop.verlag.uni-potsdam.de\/en\/shop\/alexander-von-humboldt-im-netz-9-2008-17\/\",\"name\":\"Alexander von Humboldt im Netz ; 9 (2008) 17 - Universit\u00e4tsverlag Potsdam\",\"isPartOf\":{\"@id\":\"https:\/\/shop.verlag.uni-potsdam.de\/en\/#website\"},\"primaryImageOfPage\":{\"@id\":\"https:\/\/shop.verlag.uni-potsdam.de\/en\/shop\/alexander-von-humboldt-im-netz-9-2008-17\/#primaryimage\"},\"image\":{\"@id\":\"https:\/\/shop.verlag.uni-potsdam.de\/shop\/alexander-von-humboldt-im-netz-9-2008-17\/#primaryimage\"},\"thumbnailUrl\":\"https:\/\/shop.verlag.uni-potsdam.de\/wp-content\/uploads\/asolmerce\/image-22139.jpg\",\"datePublished\":\"2026-03-23T08:54:37+00:00\",\"dateModified\":\"2026-03-23T10:55:37+00:00\",\"breadcrumb\":{\"@id\":\"https:\/\/shop.verlag.uni-potsdam.de\/en\/shop\/alexander-von-humboldt-im-netz-9-2008-17\/#breadcrumb\"},\"inLanguage\":\"en-US\",\"potentialAction\":[{\"@type\":\"ReadAction\",\"target\":[[\"https:\/\/shop.verlag.uni-potsdam.de\/en\/shop\/alexander-von-humboldt-im-netz-9-2008-17\/\"]]}]},{\"@type\":\"ImageObject\",\"inLanguage\":\"en-US\",\"@id\":\"https:\/\/shop.verlag.uni-potsdam.de\/en\/shop\/alexander-von-humboldt-im-netz-9-2008-17\/#primaryimage\",\"url\":\"https:\/\/shop.verlag.uni-potsdam.de\/wp-content\/uploads\/asolmerce\/image-22139.jpg\",\"contentUrl\":\"https:\/\/shop.verlag.uni-potsdam.de\/wp-content\/uploads\/asolmerce\/image-22139.jpg\",\"width\":1812,\"height\":2560},{\"@type\":\"BreadcrumbList\",\"@id\":\"https:\/\/shop.verlag.uni-potsdam.de\/en\/shop\/alexander-von-humboldt-im-netz-9-2008-17\/#breadcrumb\",\"itemListElement\":[{\"@type\":\"ListItem\",\"position\":1,\"name\":\"Startseite\",\"item\":\"https:\/\/shop.verlag.uni-potsdam.de\/en\/\"},{\"@type\":\"ListItem\",\"position\":2,\"name\":\"Shop\",\"item\":\"https:\/\/shop.verlag.uni-potsdam.de\/en\/shop\/\"},{\"@type\":\"ListItem\",\"position\":3,\"name\":\"Alexander von Humboldt im Netz ; 9 (2008) 17\"}]},{\"@type\":\"WebSite\",\"@id\":\"https:\/\/shop.verlag.uni-potsdam.de\/en\/#website\",\"url\":\"https:\/\/shop.verlag.uni-potsdam.de\/en\/\",\"name\":\"Universit\u00e4tsverlag Potsdam\",\"description\":\"\",\"publisher\":{\"@id\":\"https:\/\/shop.verlag.uni-potsdam.de\/en\/#organization\"},\"potentialAction\":[{\"@type\":\"SearchAction\",\"target\":{\"@type\":\"EntryPoint\",\"urlTemplate\":\"https:\/\/shop.verlag.uni-potsdam.de\/en\/?s={search_term_string}\"},\"query-input\":{\"@type\":\"PropertyValueSpecification\",\"valueRequired\":true,\"valueName\":\"search_term_string\"}}],\"inLanguage\":\"en-US\"},{\"@type\":\"Organization\",\"@id\":\"https:\/\/shop.verlag.uni-potsdam.de\/en\/#organization\",\"name\":\"Universit\u00e4tsverlag Potsdam\",\"url\":\"https:\/\/shop.verlag.uni-potsdam.de\/en\/\",\"logo\":{\"@type\":\"ImageObject\",\"inLanguage\":\"en-US\",\"@id\":\"https:\/\/shop.verlag.uni-potsdam.de\/en\/#\/schema\/logo\/image\/\",\"url\":\"https:\/\/shop.verlag.uni-potsdam.de\/wp-content\/uploads\/2017\/04\/up_logo_university_2.png\",\"contentUrl\":\"https:\/\/shop.verlag.uni-potsdam.de\/wp-content\/uploads\/2017\/04\/up_logo_university_2.png\",\"width\":160,\"height\":172,\"caption\":\"Universit\u00e4tsverlag Potsdam\"},\"image\":{\"@id\":\"https:\/\/shop.verlag.uni-potsdam.de\/en\/#\/schema\/logo\/image\/\"}}]}<\/script>\n<!-- \/ Yoast SEO plugin. -->","yoast_head_json":{"title":"Alexander von Humboldt im Netz ; 9 (2008) 17 - Universit\u00e4tsverlag Potsdam","robots":{"index":"index","follow":"follow","max-snippet":"max-snippet:-1","max-image-preview":"max-image-preview:large","max-video-preview":"max-video-preview:-1"},"canonical":"https:\/\/shop.verlag.uni-potsdam.de\/en\/shop\/alexander-von-humboldt-im-netz-9-2008-17\/","og_locale":"en_US","og_type":"article","og_title":"Alexander von Humboldt im Netz ; 9 (2008) 17 - Universit\u00e4tsverlag Potsdam","og_description":"Inhalt: Hinweis auf die elektronischen Ressourcen, bereitgestellt von der Alexander von-Humboldt-Forschungsstelle der Berlin-Brandenburgischen Akademie der Wissenschaften Anne Jobst: \u201ewie man die Gabe aplicirt\u201c : der Briefwechsel zwischen Humboldt und Ehrenberg, ein Beispiel Ottmar Ette: Hallar e inventar un p\u00fablico : Nuevos proyectos editoriales acerca de la obra de Alexander von Humboldt Mar\u00eda Rosario Mart\u00ed Marco: La figura del bot\u00e1nico Valenciano Antonio Jos\u00e9 Cavanilles en su relaci\u00f3n cient\u00edfica con Humboldt y los bot\u00e1nicos alemanes Tom M\u00fcller: Roger Bacon in der Sicht Alexander von Humboldts Ulrich P\u00e4\u00dfler: Alexander von Humboldt und die transnationale Wissenschaftskommunikation im 19. Jahrhundert Ursula Thiemer-Sachse: La visi\u00f3n de Alejandro de Humboldt de la situaci\u00f3n social y cultural de los ind\u00edgenas mexicanos contempor\u00e1neos, tal como fue reflejada en su diario de iaje y en el \u201cEnsayo Pol\u00edtico del Reino de la Nueva Espa\u00f1a\u201d Kurt-R. Biermann ; Ingo Schwarz: Warum bezeichnete sich Alexander von Humboldt als DER ALTE VOM BERGE (Vecchio della Montagna)?","og_url":"https:\/\/shop.verlag.uni-potsdam.de\/en\/shop\/alexander-von-humboldt-im-netz-9-2008-17\/","og_site_name":"Universit\u00e4tsverlag Potsdam","article_modified_time":"2026-03-23T10:55:37+00:00","og_image":[{"width":1812,"height":2560,"url":"https:\/\/shop.verlag.uni-potsdam.de\/wp-content\/uploads\/asolmerce\/image-22139.jpg","type":"image\/jpeg"}],"twitter_card":"summary_large_image","twitter_misc":{"Est. reading time":"1 minute"},"schema":{"@context":"https:\/\/schema.org","@graph":[{"@type":"WebPage","@id":"https:\/\/shop.verlag.uni-potsdam.de\/en\/shop\/alexander-von-humboldt-im-netz-9-2008-17\/","url":"https:\/\/shop.verlag.uni-potsdam.de\/en\/shop\/alexander-von-humboldt-im-netz-9-2008-17\/","name":"Alexander von Humboldt im Netz ; 9 (2008) 17 - Universit\u00e4tsverlag Potsdam","isPartOf":{"@id":"https:\/\/shop.verlag.uni-potsdam.de\/en\/#website"},"primaryImageOfPage":{"@id":"https:\/\/shop.verlag.uni-potsdam.de\/en\/shop\/alexander-von-humboldt-im-netz-9-2008-17\/#primaryimage"},"image":{"@id":"https:\/\/shop.verlag.uni-potsdam.de\/shop\/alexander-von-humboldt-im-netz-9-2008-17\/#primaryimage"},"thumbnailUrl":"https:\/\/shop.verlag.uni-potsdam.de\/wp-content\/uploads\/asolmerce\/image-22139.jpg","datePublished":"2026-03-23T08:54:37+00:00","dateModified":"2026-03-23T10:55:37+00:00","breadcrumb":{"@id":"https:\/\/shop.verlag.uni-potsdam.de\/en\/shop\/alexander-von-humboldt-im-netz-9-2008-17\/#breadcrumb"},"inLanguage":"en-US","potentialAction":[{"@type":"ReadAction","target":[["https:\/\/shop.verlag.uni-potsdam.de\/en\/shop\/alexander-von-humboldt-im-netz-9-2008-17\/"]]}]},{"@type":"ImageObject","inLanguage":"en-US","@id":"https:\/\/shop.verlag.uni-potsdam.de\/en\/shop\/alexander-von-humboldt-im-netz-9-2008-17\/#primaryimage","url":"https:\/\/shop.verlag.uni-potsdam.de\/wp-content\/uploads\/asolmerce\/image-22139.jpg","contentUrl":"https:\/\/shop.verlag.uni-potsdam.de\/wp-content\/uploads\/asolmerce\/image-22139.jpg","width":1812,"height":2560},{"@type":"BreadcrumbList","@id":"https:\/\/shop.verlag.uni-potsdam.de\/en\/shop\/alexander-von-humboldt-im-netz-9-2008-17\/#breadcrumb","itemListElement":[{"@type":"ListItem","position":1,"name":"Startseite","item":"https:\/\/shop.verlag.uni-potsdam.de\/en\/"},{"@type":"ListItem","position":2,"name":"Shop","item":"https:\/\/shop.verlag.uni-potsdam.de\/en\/shop\/"},{"@type":"ListItem","position":3,"name":"Alexander von Humboldt im Netz ; 9 (2008) 17"}]},{"@type":"WebSite","@id":"https:\/\/shop.verlag.uni-potsdam.de\/en\/#website","url":"https:\/\/shop.verlag.uni-potsdam.de\/en\/","name":"Universit\u00e4tsverlag Potsdam","description":"","publisher":{"@id":"https:\/\/shop.verlag.uni-potsdam.de\/en\/#organization"},"potentialAction":[{"@type":"SearchAction","target":{"@type":"EntryPoint","urlTemplate":"https:\/\/shop.verlag.uni-potsdam.de\/en\/?s={search_term_string}"},"query-input":{"@type":"PropertyValueSpecification","valueRequired":true,"valueName":"search_term_string"}}],"inLanguage":"en-US"},{"@type":"Organization","@id":"https:\/\/shop.verlag.uni-potsdam.de\/en\/#organization","name":"Universit\u00e4tsverlag Potsdam","url":"https:\/\/shop.verlag.uni-potsdam.de\/en\/","logo":{"@type":"ImageObject","inLanguage":"en-US","@id":"https:\/\/shop.verlag.uni-potsdam.de\/en\/#\/schema\/logo\/image\/","url":"https:\/\/shop.verlag.uni-potsdam.de\/wp-content\/uploads\/2017\/04\/up_logo_university_2.png","contentUrl":"https:\/\/shop.verlag.uni-potsdam.de\/wp-content\/uploads\/2017\/04\/up_logo_university_2.png","width":160,"height":172,"caption":"Universit\u00e4tsverlag Potsdam"},"image":{"@id":"https:\/\/shop.verlag.uni-potsdam.de\/en\/#\/schema\/logo\/image\/"}}]}},"_links":{"self":[{"href":"https:\/\/shop.verlag.uni-potsdam.de\/en\/wp-json\/wp\/v2\/product\/55175","targetHints":{"allow":["GET"]}}],"collection":[{"href":"https:\/\/shop.verlag.uni-potsdam.de\/en\/wp-json\/wp\/v2\/product"}],"about":[{"href":"https:\/\/shop.verlag.uni-potsdam.de\/en\/wp-json\/wp\/v2\/types\/product"}],"wp:featuredmedia":[{"embeddable":true,"href":"https:\/\/shop.verlag.uni-potsdam.de\/en\/wp-json\/wp\/v2\/media\/55691"}],"wp:attachment":[{"href":"https:\/\/shop.verlag.uni-potsdam.de\/en\/wp-json\/wp\/v2\/media?parent=55175"}],"wp:term":[{"taxonomy":"product_brand","embeddable":true,"href":"https:\/\/shop.verlag.uni-potsdam.de\/en\/wp-json\/wp\/v2\/product_brand?post=55175"},{"taxonomy":"product_cat","embeddable":true,"href":"https:\/\/shop.verlag.uni-potsdam.de\/en\/wp-json\/wp\/v2\/product_cat?post=55175"},{"taxonomy":"product_tag","embeddable":true,"href":"https:\/\/shop.verlag.uni-potsdam.de\/en\/wp-json\/wp\/v2\/product_tag?post=55175"}],"curies":[{"name":"wp","href":"https:\/\/api.w.org\/{rel}","templated":true}]}}