{"id":55180,"date":"2026-03-23T08:54:44","date_gmt":"2026-03-23T08:54:44","guid":{"rendered":"https:\/\/shop.verlag.uni-potsdam.de\/shop\/alexander-von-humboldt-im-netz-4\/"},"modified":"2026-03-23T11:55:44","modified_gmt":"2026-03-23T10:55:44","slug":"alexander-von-humboldt-im-netz-12-2011-22","status":"publish","type":"product","link":"https:\/\/shop.verlag.uni-potsdam.de\/en\/shop\/alexander-von-humboldt-im-netz-12-2011-22\/","title":{"rendered":"Alexander von Humboldt im Netz ; 12 (2011) 22"},"content":{"rendered":"<p class=\"qtranxs-available-languages-message qtranxs-available-languages-message-en\">Sorry, this entry is only available in <a href=\"https:\/\/shop.verlag.uni-potsdam.de\/de\/wp-json\/wp\/v2\/product\/55180\" class=\"qtranxs-available-language-link qtranxs-available-language-link-de\" title=\"Deutsch\">Deutsch<\/a>.<\/p><p><\/p>\n<div>Inhalt:<\/div>\n<div><\/div>\n<ul>\n<li> <i>Michael Anisch:<\/i> Blo\u00df keine Tiziane! Poker um den Posten des Generaldirektors der Kunstmuseen <\/li>\n<li><i>Reinhard Andress: <\/i>Alexander von Humboldt und Carlos Mont\u00fafar als Reisegef\u00e4hrten : ein Vergleich ihrer Tageb\u00fccher zum Chimborazo-Aufstieg <\/li>\n<li><i>Gilles Bancarel: <\/i>L\u2019Histoire des deux Indes ou la d\u00e9couverte de la mondialisation <\/li>\n<li><i>Karin Reich: <\/i>Alexander von Humboldt und Carl Friedrich Gau\u00df als Wegbereiter der neuen Disziplin Erdmagnetismus <\/li>\n<li><i>Elena Roussanova:<\/i> Russland ist seit jeher das gelobte Land f\u00fcr Magnetismus gewesen : Alexander von Humboldt, Carl Friedrich Gau\u00df und die Erforschung des Erdmagnetismus in Russland <\/li>\n<li><i>Kurt-R. Biermann ; Ingo Schwarz:<\/i> Gef\u00e4lschter Humboldt (mit einer Einleitung von Ulrich P\u00e4\u00dfler)<\/li>\n<\/ul>\n<p><\/p>","protected":false},"excerpt":{"rendered":"<p class=\"qtranxs-available-languages-message qtranxs-available-languages-message-en\">Sorry, this entry is only available in <a href=\"https:\/\/shop.verlag.uni-potsdam.de\/de\/wp-json\/wp\/v2\/product\/55180\" class=\"qtranxs-available-language-link qtranxs-available-language-link-de\" title=\"Deutsch\">Deutsch<\/a>.<\/p>\n<div>Inhalt:<\/div>\n<div><\/div>\n<ul>\n<li> <i>Michael Anisch:<\/i> Blo\u00df keine Tiziane! Poker um den Posten des Generaldirektors der Kunstmuseen <\/li>\n<li><i>Reinhard Andress: <\/i>Alexander von Humboldt und Carlos Mont\u00fafar als Reisegef\u00e4hrten : ein Vergleich ihrer Tageb\u00fccher zum Chimborazo-Aufstieg <\/li>\n<li><i>Gilles Bancarel: <\/i>L\u2019Histoire des deux Indes ou la d\u00e9couverte de la mondialisation <\/li>\n<li><i>Karin Reich: <\/i>Alexander von Humboldt und Carl Friedrich Gau\u00df als Wegbereiter der neuen Disziplin Erdmagnetismus <\/li>\n<li><i>Elena Roussanova:<\/i> Russland ist seit jeher das gelobte Land f\u00fcr Magnetismus gewesen : Alexander von Humboldt, Carl Friedrich Gau\u00df und die Erforschung des Erdmagnetismus in Russland <\/li>\n<li><i>Kurt-R. Biermann ; Ingo Schwarz:<\/i> Gef\u00e4lschter Humboldt (mit einer Einleitung von Ulrich P\u00e4\u00dfler)<\/li>\n<\/ul>\n","protected":false},"featured_media":55686,"template":"","meta":{"_acf_changed":false},"product_brand":[],"product_cat":[6209],"product_tag":[],"class_list":{"0":"post-55180","1":"product","2":"type-product","3":"status-publish","4":"has-post-thumbnail","6":"product_cat-geowissenschaften-web-kategorie","7":"autor-eberhard-knobloch","8":"autor-elena-roussanova","9":"autor-gilles-bancarel","10":"autor-ingo-schwarz","11":"autor-karin-reich","12":"autor-kurt-r-biermann","13":"autor-michael-anisch","14":"autor-ottmar-ette","15":"autor-reinhard-andress-1","16":"zeitschriften-hin-alexander-von-humboldt-im-netz","18":"first","19":"instock","20":"shipping-taxable","21":"purchasable","22":"product-type-simple"},"acf":[],"yoast_head":"<!-- This site is optimized with the Yoast SEO plugin v27.1.1 - https:\/\/yoast.com\/product\/yoast-seo-wordpress\/ -->\n<title>Alexander von Humboldt im Netz ; 12 (2011) 22 - Universit\u00e4tsverlag Potsdam<\/title>\n<meta name=\"robots\" content=\"index, follow, max-snippet:-1, max-image-preview:large, max-video-preview:-1\" \/>\n<link rel=\"canonical\" href=\"https:\/\/shop.verlag.uni-potsdam.de\/en\/shop\/alexander-von-humboldt-im-netz-12-2011-22\/\" \/>\n<meta property=\"og:locale\" content=\"en_US\" \/>\n<meta property=\"og:type\" content=\"article\" \/>\n<meta property=\"og:title\" content=\"Alexander von Humboldt im Netz ; 12 (2011) 22 - Universit\u00e4tsverlag Potsdam\" \/>\n<meta property=\"og:description\" content=\"Inhalt: Michael Anisch: Blo\u00df keine Tiziane! Poker um den Posten des Generaldirektors der Kunstmuseen Reinhard Andress: Alexander von Humboldt und Carlos Mont\u00fafar als Reisegef\u00e4hrten : ein Vergleich ihrer Tageb\u00fccher zum Chimborazo-Aufstieg Gilles Bancarel: L\u2019Histoire des deux Indes ou la d\u00e9couverte de la mondialisation Karin Reich: Alexander von Humboldt und Carl Friedrich Gau\u00df als Wegbereiter der neuen Disziplin Erdmagnetismus Elena Roussanova: Russland ist seit jeher das gelobte Land f\u00fcr Magnetismus gewesen : Alexander von Humboldt, Carl Friedrich Gau\u00df und die Erforschung des Erdmagnetismus in Russland Kurt-R. Biermann ; Ingo Schwarz: Gef\u00e4lschter Humboldt (mit einer Einleitung von Ulrich P\u00e4\u00dfler)\" \/>\n<meta property=\"og:url\" content=\"https:\/\/shop.verlag.uni-potsdam.de\/en\/shop\/alexander-von-humboldt-im-netz-12-2011-22\/\" \/>\n<meta property=\"og:site_name\" content=\"Universit\u00e4tsverlag Potsdam\" \/>\n<meta property=\"article:modified_time\" content=\"2026-03-23T10:55:44+00:00\" \/>\n<meta property=\"og:image\" content=\"https:\/\/shop.verlag.uni-potsdam.de\/wp-content\/uploads\/asolmerce\/image-22143.jpg\" \/>\n\t<meta property=\"og:image:width\" content=\"1803\" \/>\n\t<meta property=\"og:image:height\" content=\"2560\" \/>\n\t<meta property=\"og:image:type\" content=\"image\/jpeg\" \/>\n<meta name=\"twitter:card\" content=\"summary_large_image\" \/>\n<meta name=\"twitter:label1\" content=\"Est. reading time\" \/>\n\t<meta name=\"twitter:data1\" content=\"1 minute\" \/>\n<script type=\"application\/ld+json\" class=\"yoast-schema-graph\">{\"@context\":\"https:\/\/schema.org\",\"@graph\":[{\"@type\":\"WebPage\",\"@id\":\"https:\/\/shop.verlag.uni-potsdam.de\/en\/shop\/alexander-von-humboldt-im-netz-12-2011-22\/\",\"url\":\"https:\/\/shop.verlag.uni-potsdam.de\/en\/shop\/alexander-von-humboldt-im-netz-12-2011-22\/\",\"name\":\"Alexander von Humboldt im Netz ; 12 (2011) 22 - Universit\u00e4tsverlag Potsdam\",\"isPartOf\":{\"@id\":\"https:\/\/shop.verlag.uni-potsdam.de\/en\/#website\"},\"primaryImageOfPage\":{\"@id\":\"https:\/\/shop.verlag.uni-potsdam.de\/en\/shop\/alexander-von-humboldt-im-netz-12-2011-22\/#primaryimage\"},\"image\":{\"@id\":\"https:\/\/shop.verlag.uni-potsdam.de\/shop\/alexander-von-humboldt-im-netz-12-2011-22\/#primaryimage\"},\"thumbnailUrl\":\"https:\/\/shop.verlag.uni-potsdam.de\/wp-content\/uploads\/asolmerce\/image-22143.jpg\",\"datePublished\":\"2026-03-23T08:54:44+00:00\",\"dateModified\":\"2026-03-23T10:55:44+00:00\",\"breadcrumb\":{\"@id\":\"https:\/\/shop.verlag.uni-potsdam.de\/en\/shop\/alexander-von-humboldt-im-netz-12-2011-22\/#breadcrumb\"},\"inLanguage\":\"en-US\",\"potentialAction\":[{\"@type\":\"ReadAction\",\"target\":[[\"https:\/\/shop.verlag.uni-potsdam.de\/en\/shop\/alexander-von-humboldt-im-netz-12-2011-22\/\"]]}]},{\"@type\":\"ImageObject\",\"inLanguage\":\"en-US\",\"@id\":\"https:\/\/shop.verlag.uni-potsdam.de\/en\/shop\/alexander-von-humboldt-im-netz-12-2011-22\/#primaryimage\",\"url\":\"https:\/\/shop.verlag.uni-potsdam.de\/wp-content\/uploads\/asolmerce\/image-22143.jpg\",\"contentUrl\":\"https:\/\/shop.verlag.uni-potsdam.de\/wp-content\/uploads\/asolmerce\/image-22143.jpg\",\"width\":1803,\"height\":2560},{\"@type\":\"BreadcrumbList\",\"@id\":\"https:\/\/shop.verlag.uni-potsdam.de\/en\/shop\/alexander-von-humboldt-im-netz-12-2011-22\/#breadcrumb\",\"itemListElement\":[{\"@type\":\"ListItem\",\"position\":1,\"name\":\"Startseite\",\"item\":\"https:\/\/shop.verlag.uni-potsdam.de\/en\/\"},{\"@type\":\"ListItem\",\"position\":2,\"name\":\"Shop\",\"item\":\"https:\/\/shop.verlag.uni-potsdam.de\/en\/shop\/\"},{\"@type\":\"ListItem\",\"position\":3,\"name\":\"Alexander von Humboldt im Netz ; 12 (2011) 22\"}]},{\"@type\":\"WebSite\",\"@id\":\"https:\/\/shop.verlag.uni-potsdam.de\/en\/#website\",\"url\":\"https:\/\/shop.verlag.uni-potsdam.de\/en\/\",\"name\":\"Universit\u00e4tsverlag Potsdam\",\"description\":\"\",\"publisher\":{\"@id\":\"https:\/\/shop.verlag.uni-potsdam.de\/en\/#organization\"},\"potentialAction\":[{\"@type\":\"SearchAction\",\"target\":{\"@type\":\"EntryPoint\",\"urlTemplate\":\"https:\/\/shop.verlag.uni-potsdam.de\/en\/?s={search_term_string}\"},\"query-input\":{\"@type\":\"PropertyValueSpecification\",\"valueRequired\":true,\"valueName\":\"search_term_string\"}}],\"inLanguage\":\"en-US\"},{\"@type\":\"Organization\",\"@id\":\"https:\/\/shop.verlag.uni-potsdam.de\/en\/#organization\",\"name\":\"Universit\u00e4tsverlag Potsdam\",\"url\":\"https:\/\/shop.verlag.uni-potsdam.de\/en\/\",\"logo\":{\"@type\":\"ImageObject\",\"inLanguage\":\"en-US\",\"@id\":\"https:\/\/shop.verlag.uni-potsdam.de\/en\/#\/schema\/logo\/image\/\",\"url\":\"https:\/\/shop.verlag.uni-potsdam.de\/wp-content\/uploads\/2017\/04\/up_logo_university_2.png\",\"contentUrl\":\"https:\/\/shop.verlag.uni-potsdam.de\/wp-content\/uploads\/2017\/04\/up_logo_university_2.png\",\"width\":160,\"height\":172,\"caption\":\"Universit\u00e4tsverlag Potsdam\"},\"image\":{\"@id\":\"https:\/\/shop.verlag.uni-potsdam.de\/en\/#\/schema\/logo\/image\/\"}}]}<\/script>\n<!-- \/ Yoast SEO plugin. -->","yoast_head_json":{"title":"Alexander von Humboldt im Netz ; 12 (2011) 22 - Universit\u00e4tsverlag Potsdam","robots":{"index":"index","follow":"follow","max-snippet":"max-snippet:-1","max-image-preview":"max-image-preview:large","max-video-preview":"max-video-preview:-1"},"canonical":"https:\/\/shop.verlag.uni-potsdam.de\/en\/shop\/alexander-von-humboldt-im-netz-12-2011-22\/","og_locale":"en_US","og_type":"article","og_title":"Alexander von Humboldt im Netz ; 12 (2011) 22 - Universit\u00e4tsverlag Potsdam","og_description":"Inhalt: Michael Anisch: Blo\u00df keine Tiziane! Poker um den Posten des Generaldirektors der Kunstmuseen Reinhard Andress: Alexander von Humboldt und Carlos Mont\u00fafar als Reisegef\u00e4hrten : ein Vergleich ihrer Tageb\u00fccher zum Chimborazo-Aufstieg Gilles Bancarel: L\u2019Histoire des deux Indes ou la d\u00e9couverte de la mondialisation Karin Reich: Alexander von Humboldt und Carl Friedrich Gau\u00df als Wegbereiter der neuen Disziplin Erdmagnetismus Elena Roussanova: Russland ist seit jeher das gelobte Land f\u00fcr Magnetismus gewesen : Alexander von Humboldt, Carl Friedrich Gau\u00df und die Erforschung des Erdmagnetismus in Russland Kurt-R. Biermann ; Ingo Schwarz: Gef\u00e4lschter Humboldt (mit einer Einleitung von Ulrich P\u00e4\u00dfler)","og_url":"https:\/\/shop.verlag.uni-potsdam.de\/en\/shop\/alexander-von-humboldt-im-netz-12-2011-22\/","og_site_name":"Universit\u00e4tsverlag Potsdam","article_modified_time":"2026-03-23T10:55:44+00:00","og_image":[{"width":1803,"height":2560,"url":"https:\/\/shop.verlag.uni-potsdam.de\/wp-content\/uploads\/asolmerce\/image-22143.jpg","type":"image\/jpeg"}],"twitter_card":"summary_large_image","twitter_misc":{"Est. reading time":"1 minute"},"schema":{"@context":"https:\/\/schema.org","@graph":[{"@type":"WebPage","@id":"https:\/\/shop.verlag.uni-potsdam.de\/en\/shop\/alexander-von-humboldt-im-netz-12-2011-22\/","url":"https:\/\/shop.verlag.uni-potsdam.de\/en\/shop\/alexander-von-humboldt-im-netz-12-2011-22\/","name":"Alexander von Humboldt im Netz ; 12 (2011) 22 - Universit\u00e4tsverlag Potsdam","isPartOf":{"@id":"https:\/\/shop.verlag.uni-potsdam.de\/en\/#website"},"primaryImageOfPage":{"@id":"https:\/\/shop.verlag.uni-potsdam.de\/en\/shop\/alexander-von-humboldt-im-netz-12-2011-22\/#primaryimage"},"image":{"@id":"https:\/\/shop.verlag.uni-potsdam.de\/shop\/alexander-von-humboldt-im-netz-12-2011-22\/#primaryimage"},"thumbnailUrl":"https:\/\/shop.verlag.uni-potsdam.de\/wp-content\/uploads\/asolmerce\/image-22143.jpg","datePublished":"2026-03-23T08:54:44+00:00","dateModified":"2026-03-23T10:55:44+00:00","breadcrumb":{"@id":"https:\/\/shop.verlag.uni-potsdam.de\/en\/shop\/alexander-von-humboldt-im-netz-12-2011-22\/#breadcrumb"},"inLanguage":"en-US","potentialAction":[{"@type":"ReadAction","target":[["https:\/\/shop.verlag.uni-potsdam.de\/en\/shop\/alexander-von-humboldt-im-netz-12-2011-22\/"]]}]},{"@type":"ImageObject","inLanguage":"en-US","@id":"https:\/\/shop.verlag.uni-potsdam.de\/en\/shop\/alexander-von-humboldt-im-netz-12-2011-22\/#primaryimage","url":"https:\/\/shop.verlag.uni-potsdam.de\/wp-content\/uploads\/asolmerce\/image-22143.jpg","contentUrl":"https:\/\/shop.verlag.uni-potsdam.de\/wp-content\/uploads\/asolmerce\/image-22143.jpg","width":1803,"height":2560},{"@type":"BreadcrumbList","@id":"https:\/\/shop.verlag.uni-potsdam.de\/en\/shop\/alexander-von-humboldt-im-netz-12-2011-22\/#breadcrumb","itemListElement":[{"@type":"ListItem","position":1,"name":"Startseite","item":"https:\/\/shop.verlag.uni-potsdam.de\/en\/"},{"@type":"ListItem","position":2,"name":"Shop","item":"https:\/\/shop.verlag.uni-potsdam.de\/en\/shop\/"},{"@type":"ListItem","position":3,"name":"Alexander von Humboldt im Netz ; 12 (2011) 22"}]},{"@type":"WebSite","@id":"https:\/\/shop.verlag.uni-potsdam.de\/en\/#website","url":"https:\/\/shop.verlag.uni-potsdam.de\/en\/","name":"Universit\u00e4tsverlag Potsdam","description":"","publisher":{"@id":"https:\/\/shop.verlag.uni-potsdam.de\/en\/#organization"},"potentialAction":[{"@type":"SearchAction","target":{"@type":"EntryPoint","urlTemplate":"https:\/\/shop.verlag.uni-potsdam.de\/en\/?s={search_term_string}"},"query-input":{"@type":"PropertyValueSpecification","valueRequired":true,"valueName":"search_term_string"}}],"inLanguage":"en-US"},{"@type":"Organization","@id":"https:\/\/shop.verlag.uni-potsdam.de\/en\/#organization","name":"Universit\u00e4tsverlag Potsdam","url":"https:\/\/shop.verlag.uni-potsdam.de\/en\/","logo":{"@type":"ImageObject","inLanguage":"en-US","@id":"https:\/\/shop.verlag.uni-potsdam.de\/en\/#\/schema\/logo\/image\/","url":"https:\/\/shop.verlag.uni-potsdam.de\/wp-content\/uploads\/2017\/04\/up_logo_university_2.png","contentUrl":"https:\/\/shop.verlag.uni-potsdam.de\/wp-content\/uploads\/2017\/04\/up_logo_university_2.png","width":160,"height":172,"caption":"Universit\u00e4tsverlag Potsdam"},"image":{"@id":"https:\/\/shop.verlag.uni-potsdam.de\/en\/#\/schema\/logo\/image\/"}}]}},"_links":{"self":[{"href":"https:\/\/shop.verlag.uni-potsdam.de\/en\/wp-json\/wp\/v2\/product\/55180","targetHints":{"allow":["GET"]}}],"collection":[{"href":"https:\/\/shop.verlag.uni-potsdam.de\/en\/wp-json\/wp\/v2\/product"}],"about":[{"href":"https:\/\/shop.verlag.uni-potsdam.de\/en\/wp-json\/wp\/v2\/types\/product"}],"wp:featuredmedia":[{"embeddable":true,"href":"https:\/\/shop.verlag.uni-potsdam.de\/en\/wp-json\/wp\/v2\/media\/55686"}],"wp:attachment":[{"href":"https:\/\/shop.verlag.uni-potsdam.de\/en\/wp-json\/wp\/v2\/media?parent=55180"}],"wp:term":[{"taxonomy":"product_brand","embeddable":true,"href":"https:\/\/shop.verlag.uni-potsdam.de\/en\/wp-json\/wp\/v2\/product_brand?post=55180"},{"taxonomy":"product_cat","embeddable":true,"href":"https:\/\/shop.verlag.uni-potsdam.de\/en\/wp-json\/wp\/v2\/product_cat?post=55180"},{"taxonomy":"product_tag","embeddable":true,"href":"https:\/\/shop.verlag.uni-potsdam.de\/en\/wp-json\/wp\/v2\/product_tag?post=55180"}],"curies":[{"name":"wp","href":"https:\/\/api.w.org\/{rel}","templated":true}]}}