{"id":55185,"date":"2026-03-31T10:28:08","date_gmt":"2026-03-31T10:28:08","guid":{"rendered":"https:\/\/shop.verlag.uni-potsdam.de\/shop\/alexander-von-humboldt-im-netz-4\/"},"modified":"2026-03-31T14:29:09","modified_gmt":"2026-03-31T12:29:09","slug":"alexander-von-humboldt-im-netz-14-2013-27","status":"publish","type":"product","link":"https:\/\/shop.verlag.uni-potsdam.de\/en\/shop\/alexander-von-humboldt-im-netz-14-2013-27\/","title":{"rendered":"Alexander von Humboldt im Netz ; 14 (2013) 27"},"content":{"rendered":"<p class=\"qtranxs-available-languages-message qtranxs-available-languages-message-en\">Sorry, this entry is only available in <a href=\"https:\/\/shop.verlag.uni-potsdam.de\/de\/wp-json\/wp\/v2\/product\/55185\" class=\"qtranxs-available-language-link qtranxs-available-language-link-de\" title=\"Deutsch\">Deutsch<\/a>.<\/p><p><\/p>\n<div>Inhalt: <\/div>\n<div><\/div>\n<ul>\n<li><i>Bj\u00f6rn Kr\u00f6ger:<\/i> Remarks on a scene, depicting the primeval world : A talk given by Leopold von Buch in 1831, popularizing the Duria antiquior <\/li>\n<li><i>Elena Roussanova:<\/i> Hermann Trautschold und die Ehrung Alexander von Humboldts in Russland <\/li>\n<li><i>Thomas Schmuck:<\/i> Tod in den Anden : Ein Brief Francis Halls an Humboldt 1831 und seine historischen und politischen Hintergr\u00fcnde <\/li>\n<li><i>Markus Schnoepf:<\/i> Evaluationskriterien f\u00fcr digitale Editionen und die reale Welt <\/li>\n<li><i>Ursula Thiemer-Sachse: <\/i>\u201eWir verbrachten mehr als 24 Stunden, ohne etwas anderes als Schokolade und Limonade zu uns zu nehmen\u201c : Hinweise in Alexander von Humboldts Tagebuchaufzeichnungen zu Fragen der Verpflegung auf der Forschungsreise durch Spanisch-Amerika <\/li>\n<li><i>Ingo Schwarz:<\/i> Hanno Beck zum 90. Geburtstag <\/li>\n<li>Hanno Beck : Das literarische Testament Alexander von Humboldts 1799<\/li>\n<\/ul>\n<p><\/p>","protected":false},"excerpt":{"rendered":"<p class=\"qtranxs-available-languages-message qtranxs-available-languages-message-en\">Sorry, this entry is only available in <a href=\"https:\/\/shop.verlag.uni-potsdam.de\/de\/wp-json\/wp\/v2\/product\/55185\" class=\"qtranxs-available-language-link qtranxs-available-language-link-de\" title=\"Deutsch\">Deutsch<\/a>.<\/p>\n<div>Inhalt: <\/div>\n<div><\/div>\n<ul>\n<li><i>Bj\u00f6rn Kr\u00f6ger:<\/i> Remarks on a scene, depicting the primeval world : A talk given by Leopold von Buch in 1831, popularizing the Duria antiquior <\/li>\n<li><i>Elena Roussanova:<\/i> Hermann Trautschold und die Ehrung Alexander von Humboldts in Russland <\/li>\n<li><i>Thomas Schmuck:<\/i> Tod in den Anden : Ein Brief Francis Halls an Humboldt 1831 und seine historischen und politischen Hintergr\u00fcnde <\/li>\n<li><i>Markus Schnoepf:<\/i> Evaluationskriterien f\u00fcr digitale Editionen und die reale Welt <\/li>\n<li><i>Ursula Thiemer-Sachse: <\/i>\u201eWir verbrachten mehr als 24 Stunden, ohne etwas anderes als Schokolade und Limonade zu uns zu nehmen\u201c : Hinweise in Alexander von Humboldts Tagebuchaufzeichnungen zu Fragen der Verpflegung auf der Forschungsreise durch Spanisch-Amerika <\/li>\n<li><i>Ingo Schwarz:<\/i> Hanno Beck zum 90. Geburtstag <\/li>\n<li>Hanno Beck : Das literarische Testament Alexander von Humboldts 1799<\/li>\n<\/ul>\n","protected":false},"featured_media":55681,"template":"","meta":{"_acf_changed":false},"product_brand":[],"product_cat":[6208,6209,6219],"product_tag":[],"class_list":{"0":"post-55185","1":"product","2":"type-product","3":"status-publish","4":"has-post-thumbnail","6":"product_cat-geisteswissenschaften-web-kategorie","7":"product_cat-geowissenschaften-web-kategorie","8":"product_cat-naturwissenschaften-allgemein-web-kategorie","9":"autor-bjoern-kroeger","10":"autor-eberhard-knobloch","11":"autor-elena-roussanova","12":"autor-hanno-beck","13":"autor-ingo-schwarz","14":"autor-markus-schnoepf","15":"autor-ottmar-ette","16":"autor-thomas-schmuck","17":"autor-ursula-thiemer-sachse","18":"zeitschriften-hin-alexander-von-humboldt-im-netz","20":"first","21":"instock","22":"shipping-taxable","23":"purchasable","24":"product-type-simple"},"acf":[],"yoast_head":"<!-- This site is optimized with the Yoast SEO plugin v27.1.1 - https:\/\/yoast.com\/product\/yoast-seo-wordpress\/ -->\n<title>Alexander von Humboldt im Netz ; 14 (2013) 27 - Universit\u00e4tsverlag Potsdam<\/title>\n<meta name=\"robots\" content=\"index, follow, max-snippet:-1, max-image-preview:large, max-video-preview:-1\" \/>\n<link rel=\"canonical\" href=\"https:\/\/shop.verlag.uni-potsdam.de\/en\/shop\/alexander-von-humboldt-im-netz-14-2013-27\/\" \/>\n<meta property=\"og:locale\" content=\"en_US\" \/>\n<meta property=\"og:type\" content=\"article\" \/>\n<meta property=\"og:title\" content=\"Alexander von Humboldt im Netz ; 14 (2013) 27 - Universit\u00e4tsverlag Potsdam\" \/>\n<meta property=\"og:description\" content=\"Inhalt: Bj\u00f6rn Kr\u00f6ger: Remarks on a scene, depicting the primeval world : A talk given by Leopold von Buch in 1831, popularizing the Duria antiquior Elena Roussanova: Hermann Trautschold und die Ehrung Alexander von Humboldts in Russland Thomas Schmuck: Tod in den Anden : Ein Brief Francis Halls an Humboldt 1831 und seine historischen und politischen Hintergr\u00fcnde Markus Schnoepf: Evaluationskriterien f\u00fcr digitale Editionen und die reale Welt Ursula Thiemer-Sachse: \u201eWir verbrachten mehr als 24 Stunden, ohne etwas anderes als Schokolade und Limonade zu uns zu nehmen\u201c : Hinweise in Alexander von Humboldts Tagebuchaufzeichnungen zu Fragen der Verpflegung auf der Forschungsreise durch Spanisch-Amerika Ingo Schwarz: Hanno Beck zum 90. Geburtstag Hanno Beck : Das literarische Testament Alexander von Humboldts 1799\" \/>\n<meta property=\"og:url\" content=\"https:\/\/shop.verlag.uni-potsdam.de\/en\/shop\/alexander-von-humboldt-im-netz-14-2013-27\/\" \/>\n<meta property=\"og:site_name\" content=\"Universit\u00e4tsverlag Potsdam\" \/>\n<meta property=\"article:modified_time\" content=\"2026-03-31T12:29:09+00:00\" \/>\n<meta property=\"og:image\" content=\"https:\/\/shop.verlag.uni-potsdam.de\/wp-content\/uploads\/asolmerce\/image-22149.jpg\" \/>\n\t<meta property=\"og:image:width\" content=\"1810\" \/>\n\t<meta property=\"og:image:height\" content=\"2560\" \/>\n\t<meta property=\"og:image:type\" content=\"image\/jpeg\" \/>\n<meta name=\"twitter:card\" content=\"summary_large_image\" \/>\n<meta name=\"twitter:label1\" content=\"Est. reading time\" \/>\n\t<meta name=\"twitter:data1\" content=\"1 minute\" \/>\n<script type=\"application\/ld+json\" class=\"yoast-schema-graph\">{\"@context\":\"https:\/\/schema.org\",\"@graph\":[{\"@type\":\"WebPage\",\"@id\":\"https:\/\/shop.verlag.uni-potsdam.de\/en\/shop\/alexander-von-humboldt-im-netz-14-2013-27\/\",\"url\":\"https:\/\/shop.verlag.uni-potsdam.de\/en\/shop\/alexander-von-humboldt-im-netz-14-2013-27\/\",\"name\":\"Alexander von Humboldt im Netz ; 14 (2013) 27 - Universit\u00e4tsverlag Potsdam\",\"isPartOf\":{\"@id\":\"https:\/\/shop.verlag.uni-potsdam.de\/en\/#website\"},\"primaryImageOfPage\":{\"@id\":\"https:\/\/shop.verlag.uni-potsdam.de\/en\/shop\/alexander-von-humboldt-im-netz-14-2013-27\/#primaryimage\"},\"image\":{\"@id\":\"https:\/\/shop.verlag.uni-potsdam.de\/shop\/alexander-von-humboldt-im-netz-14-2013-27\/#primaryimage\"},\"thumbnailUrl\":\"https:\/\/shop.verlag.uni-potsdam.de\/wp-content\/uploads\/asolmerce\/image-22149.jpg\",\"datePublished\":\"2026-03-31T10:28:08+00:00\",\"dateModified\":\"2026-03-31T12:29:09+00:00\",\"breadcrumb\":{\"@id\":\"https:\/\/shop.verlag.uni-potsdam.de\/en\/shop\/alexander-von-humboldt-im-netz-14-2013-27\/#breadcrumb\"},\"inLanguage\":\"en-US\",\"potentialAction\":[{\"@type\":\"ReadAction\",\"target\":[[\"https:\/\/shop.verlag.uni-potsdam.de\/en\/shop\/alexander-von-humboldt-im-netz-14-2013-27\/\"]]}]},{\"@type\":\"ImageObject\",\"inLanguage\":\"en-US\",\"@id\":\"https:\/\/shop.verlag.uni-potsdam.de\/en\/shop\/alexander-von-humboldt-im-netz-14-2013-27\/#primaryimage\",\"url\":\"https:\/\/shop.verlag.uni-potsdam.de\/wp-content\/uploads\/asolmerce\/image-22149.jpg\",\"contentUrl\":\"https:\/\/shop.verlag.uni-potsdam.de\/wp-content\/uploads\/asolmerce\/image-22149.jpg\",\"width\":1810,\"height\":2560},{\"@type\":\"BreadcrumbList\",\"@id\":\"https:\/\/shop.verlag.uni-potsdam.de\/en\/shop\/alexander-von-humboldt-im-netz-14-2013-27\/#breadcrumb\",\"itemListElement\":[{\"@type\":\"ListItem\",\"position\":1,\"name\":\"Startseite\",\"item\":\"https:\/\/shop.verlag.uni-potsdam.de\/en\/\"},{\"@type\":\"ListItem\",\"position\":2,\"name\":\"Shop\",\"item\":\"https:\/\/shop.verlag.uni-potsdam.de\/en\/shop\/\"},{\"@type\":\"ListItem\",\"position\":3,\"name\":\"Alexander von Humboldt im Netz ; 14 (2013) 27\"}]},{\"@type\":\"WebSite\",\"@id\":\"https:\/\/shop.verlag.uni-potsdam.de\/en\/#website\",\"url\":\"https:\/\/shop.verlag.uni-potsdam.de\/en\/\",\"name\":\"Universit\u00e4tsverlag Potsdam\",\"description\":\"\",\"publisher\":{\"@id\":\"https:\/\/shop.verlag.uni-potsdam.de\/en\/#organization\"},\"potentialAction\":[{\"@type\":\"SearchAction\",\"target\":{\"@type\":\"EntryPoint\",\"urlTemplate\":\"https:\/\/shop.verlag.uni-potsdam.de\/en\/?s={search_term_string}\"},\"query-input\":{\"@type\":\"PropertyValueSpecification\",\"valueRequired\":true,\"valueName\":\"search_term_string\"}}],\"inLanguage\":\"en-US\"},{\"@type\":\"Organization\",\"@id\":\"https:\/\/shop.verlag.uni-potsdam.de\/en\/#organization\",\"name\":\"Universit\u00e4tsverlag Potsdam\",\"url\":\"https:\/\/shop.verlag.uni-potsdam.de\/en\/\",\"logo\":{\"@type\":\"ImageObject\",\"inLanguage\":\"en-US\",\"@id\":\"https:\/\/shop.verlag.uni-potsdam.de\/en\/#\/schema\/logo\/image\/\",\"url\":\"https:\/\/shop.verlag.uni-potsdam.de\/wp-content\/uploads\/2017\/04\/up_logo_university_2.png\",\"contentUrl\":\"https:\/\/shop.verlag.uni-potsdam.de\/wp-content\/uploads\/2017\/04\/up_logo_university_2.png\",\"width\":160,\"height\":172,\"caption\":\"Universit\u00e4tsverlag Potsdam\"},\"image\":{\"@id\":\"https:\/\/shop.verlag.uni-potsdam.de\/en\/#\/schema\/logo\/image\/\"}}]}<\/script>\n<!-- \/ Yoast SEO plugin. -->","yoast_head_json":{"title":"Alexander von Humboldt im Netz ; 14 (2013) 27 - Universit\u00e4tsverlag Potsdam","robots":{"index":"index","follow":"follow","max-snippet":"max-snippet:-1","max-image-preview":"max-image-preview:large","max-video-preview":"max-video-preview:-1"},"canonical":"https:\/\/shop.verlag.uni-potsdam.de\/en\/shop\/alexander-von-humboldt-im-netz-14-2013-27\/","og_locale":"en_US","og_type":"article","og_title":"Alexander von Humboldt im Netz ; 14 (2013) 27 - Universit\u00e4tsverlag Potsdam","og_description":"Inhalt: Bj\u00f6rn Kr\u00f6ger: Remarks on a scene, depicting the primeval world : A talk given by Leopold von Buch in 1831, popularizing the Duria antiquior Elena Roussanova: Hermann Trautschold und die Ehrung Alexander von Humboldts in Russland Thomas Schmuck: Tod in den Anden : Ein Brief Francis Halls an Humboldt 1831 und seine historischen und politischen Hintergr\u00fcnde Markus Schnoepf: Evaluationskriterien f\u00fcr digitale Editionen und die reale Welt Ursula Thiemer-Sachse: \u201eWir verbrachten mehr als 24 Stunden, ohne etwas anderes als Schokolade und Limonade zu uns zu nehmen\u201c : Hinweise in Alexander von Humboldts Tagebuchaufzeichnungen zu Fragen der Verpflegung auf der Forschungsreise durch Spanisch-Amerika Ingo Schwarz: Hanno Beck zum 90. Geburtstag Hanno Beck : Das literarische Testament Alexander von Humboldts 1799","og_url":"https:\/\/shop.verlag.uni-potsdam.de\/en\/shop\/alexander-von-humboldt-im-netz-14-2013-27\/","og_site_name":"Universit\u00e4tsverlag Potsdam","article_modified_time":"2026-03-31T12:29:09+00:00","og_image":[{"width":1810,"height":2560,"url":"https:\/\/shop.verlag.uni-potsdam.de\/wp-content\/uploads\/asolmerce\/image-22149.jpg","type":"image\/jpeg"}],"twitter_card":"summary_large_image","twitter_misc":{"Est. reading time":"1 minute"},"schema":{"@context":"https:\/\/schema.org","@graph":[{"@type":"WebPage","@id":"https:\/\/shop.verlag.uni-potsdam.de\/en\/shop\/alexander-von-humboldt-im-netz-14-2013-27\/","url":"https:\/\/shop.verlag.uni-potsdam.de\/en\/shop\/alexander-von-humboldt-im-netz-14-2013-27\/","name":"Alexander von Humboldt im Netz ; 14 (2013) 27 - Universit\u00e4tsverlag Potsdam","isPartOf":{"@id":"https:\/\/shop.verlag.uni-potsdam.de\/en\/#website"},"primaryImageOfPage":{"@id":"https:\/\/shop.verlag.uni-potsdam.de\/en\/shop\/alexander-von-humboldt-im-netz-14-2013-27\/#primaryimage"},"image":{"@id":"https:\/\/shop.verlag.uni-potsdam.de\/shop\/alexander-von-humboldt-im-netz-14-2013-27\/#primaryimage"},"thumbnailUrl":"https:\/\/shop.verlag.uni-potsdam.de\/wp-content\/uploads\/asolmerce\/image-22149.jpg","datePublished":"2026-03-31T10:28:08+00:00","dateModified":"2026-03-31T12:29:09+00:00","breadcrumb":{"@id":"https:\/\/shop.verlag.uni-potsdam.de\/en\/shop\/alexander-von-humboldt-im-netz-14-2013-27\/#breadcrumb"},"inLanguage":"en-US","potentialAction":[{"@type":"ReadAction","target":[["https:\/\/shop.verlag.uni-potsdam.de\/en\/shop\/alexander-von-humboldt-im-netz-14-2013-27\/"]]}]},{"@type":"ImageObject","inLanguage":"en-US","@id":"https:\/\/shop.verlag.uni-potsdam.de\/en\/shop\/alexander-von-humboldt-im-netz-14-2013-27\/#primaryimage","url":"https:\/\/shop.verlag.uni-potsdam.de\/wp-content\/uploads\/asolmerce\/image-22149.jpg","contentUrl":"https:\/\/shop.verlag.uni-potsdam.de\/wp-content\/uploads\/asolmerce\/image-22149.jpg","width":1810,"height":2560},{"@type":"BreadcrumbList","@id":"https:\/\/shop.verlag.uni-potsdam.de\/en\/shop\/alexander-von-humboldt-im-netz-14-2013-27\/#breadcrumb","itemListElement":[{"@type":"ListItem","position":1,"name":"Startseite","item":"https:\/\/shop.verlag.uni-potsdam.de\/en\/"},{"@type":"ListItem","position":2,"name":"Shop","item":"https:\/\/shop.verlag.uni-potsdam.de\/en\/shop\/"},{"@type":"ListItem","position":3,"name":"Alexander von Humboldt im Netz ; 14 (2013) 27"}]},{"@type":"WebSite","@id":"https:\/\/shop.verlag.uni-potsdam.de\/en\/#website","url":"https:\/\/shop.verlag.uni-potsdam.de\/en\/","name":"Universit\u00e4tsverlag Potsdam","description":"","publisher":{"@id":"https:\/\/shop.verlag.uni-potsdam.de\/en\/#organization"},"potentialAction":[{"@type":"SearchAction","target":{"@type":"EntryPoint","urlTemplate":"https:\/\/shop.verlag.uni-potsdam.de\/en\/?s={search_term_string}"},"query-input":{"@type":"PropertyValueSpecification","valueRequired":true,"valueName":"search_term_string"}}],"inLanguage":"en-US"},{"@type":"Organization","@id":"https:\/\/shop.verlag.uni-potsdam.de\/en\/#organization","name":"Universit\u00e4tsverlag Potsdam","url":"https:\/\/shop.verlag.uni-potsdam.de\/en\/","logo":{"@type":"ImageObject","inLanguage":"en-US","@id":"https:\/\/shop.verlag.uni-potsdam.de\/en\/#\/schema\/logo\/image\/","url":"https:\/\/shop.verlag.uni-potsdam.de\/wp-content\/uploads\/2017\/04\/up_logo_university_2.png","contentUrl":"https:\/\/shop.verlag.uni-potsdam.de\/wp-content\/uploads\/2017\/04\/up_logo_university_2.png","width":160,"height":172,"caption":"Universit\u00e4tsverlag Potsdam"},"image":{"@id":"https:\/\/shop.verlag.uni-potsdam.de\/en\/#\/schema\/logo\/image\/"}}]}},"_links":{"self":[{"href":"https:\/\/shop.verlag.uni-potsdam.de\/en\/wp-json\/wp\/v2\/product\/55185","targetHints":{"allow":["GET"]}}],"collection":[{"href":"https:\/\/shop.verlag.uni-potsdam.de\/en\/wp-json\/wp\/v2\/product"}],"about":[{"href":"https:\/\/shop.verlag.uni-potsdam.de\/en\/wp-json\/wp\/v2\/types\/product"}],"wp:featuredmedia":[{"embeddable":true,"href":"https:\/\/shop.verlag.uni-potsdam.de\/en\/wp-json\/wp\/v2\/media\/55681"}],"wp:attachment":[{"href":"https:\/\/shop.verlag.uni-potsdam.de\/en\/wp-json\/wp\/v2\/media?parent=55185"}],"wp:term":[{"taxonomy":"product_brand","embeddable":true,"href":"https:\/\/shop.verlag.uni-potsdam.de\/en\/wp-json\/wp\/v2\/product_brand?post=55185"},{"taxonomy":"product_cat","embeddable":true,"href":"https:\/\/shop.verlag.uni-potsdam.de\/en\/wp-json\/wp\/v2\/product_cat?post=55185"},{"taxonomy":"product_tag","embeddable":true,"href":"https:\/\/shop.verlag.uni-potsdam.de\/en\/wp-json\/wp\/v2\/product_tag?post=55185"}],"curies":[{"name":"wp","href":"https:\/\/api.w.org\/{rel}","templated":true}]}}