{"id":55187,"date":"2026-03-31T10:51:26","date_gmt":"2026-03-31T10:51:26","guid":{"rendered":"https:\/\/shop.verlag.uni-potsdam.de\/shop\/alexander-von-humboldt-im-netz-6\/"},"modified":"2026-03-31T14:52:26","modified_gmt":"2026-03-31T12:52:26","slug":"alexander-von-humboldt-im-netz-15-2014-29","status":"publish","type":"product","link":"https:\/\/shop.verlag.uni-potsdam.de\/en\/shop\/alexander-von-humboldt-im-netz-15-2014-29\/","title":{"rendered":"Alexander von Humboldt im Netz ; 15 (2014) 29"},"content":{"rendered":"<p class=\"qtranxs-available-languages-message qtranxs-available-languages-message-en\">Sorry, this entry is only available in <a href=\"https:\/\/shop.verlag.uni-potsdam.de\/de\/wp-json\/wp\/v2\/product\/55187\" class=\"qtranxs-available-language-link qtranxs-available-language-link-de\" title=\"Deutsch\">Deutsch<\/a>.<\/p><p>Inhalt:<\/p>\n<ul>\n<li><i>Alexander von Humboldt-Forschungsstelle:<\/i> Ingo Schwarz zum 65. Geburtstag<\/li>\n<li><i>Ottmar Ette:<\/i> Findung und Erfindung einer Leserschaft : Neuere Editionsprojekte zu Alexander von Humboldt als Grundlage und Herausforderung k\u00fcnftigen Forschens<\/li>\n<li><i>Eberhard Knobloch:<\/i> Alexandre de Humboldt et le Marquis de Laplace<\/li>\n<li><i>Oliver Schwarz: <\/i>Alexander von Humboldt als astronomischer Arbeiter, Diskussionspartner und Ideengeber<\/li>\n<li><i>Petra Werner:<\/i> Innenwelten und bleiche G\u00e4rten : Alexander von Humboldt untertage und in der Caripe-H\u00f6hle<\/li>\n<li><i>Christian Suckow: <\/i>Alexander von Humboldt in Ust\u2019-Kamenogorsk<\/li>\n<li><i>Anne Jobst:<\/i> Neue Briefe Christian Gottfried Ehrenbergs an Alexander von Humboldt<\/li>\n<li><i>Thomas Schmuck:<\/i> Humboldt, Baer und die Evolution<\/li>\n<li><i>Manfred Ringmacher: <\/i>Zwei Briefe auf Guaran\u00ed in Alexander von Humboldts Handschrift<\/li>\n<li><i>Ute Tintemann: <\/i>Julius Klaproths Mithridates-Projekt : Alexander von Humboldt und das Verlagshaus Cotta<\/li>\n<li><i>Ulrike Leitner:<\/i> \u201eJa! Wenn Berlin Bonn w\u00e4re!\u201c : Friedrich R\u00fcckerts Berufung nach Berlin<\/li>\n<li><i>Frank Holl:<\/i> \u201eZur Freiheit bestimmt\u201c : Alexander von Humboldts Blick auf die Kulturen der Welt<\/li>\n<li><i>Sebastian Panwitz: <\/i>Das Humboldt-Mendelssohn-Haus J\u00e4gerstra\u00dfe 22 : Ein Quellenfund<\/li>\n<li><i>Laura P\u00e9aud:<\/i> Du Mexique \u00e0 l\u2018Oural : l\u2018expertise humboldtienne au service du politique<\/li>\n<li><i>B\u00e4rbel Holtz:<\/i> \u201eCicerone\u201c des K\u00f6nigs? : Alexander von Humboldt und Friedrich Wilhelm III.<\/li>\n<li><i>Menso Folkerts<\/i>: Ein unerwartetes Zusammentreffen in Sanssouci : Alexander von Humboldt und Karl Ludwig Hencke an der Tafel Friedrich Wilhelms IV.<\/li>\n<li><i>Ulrich P\u00e4\u00dfler:<\/i> Preu\u00dfens Mann in Washington : F\u00fcnf Briefe Friedrich von Gerolts an Alexander von Humboldt (1858\/1859)<\/li>\n<li><i>Bill Roba: <\/i>German-Iowan Strategies in Celebrating the Centennial of Alexander von Humboldt\u2019s Birth<\/li>\n<li><i>Regina Mikosch:<\/i> Ingo Schwarz\u2018 Ver\u00f6ffentlichungen zur Alexander von Humboldt<\/li>\n<\/ul>\n<p><\/p>","protected":false},"excerpt":{"rendered":"<p class=\"qtranxs-available-languages-message qtranxs-available-languages-message-en\">Sorry, this entry is only available in <a href=\"https:\/\/shop.verlag.uni-potsdam.de\/de\/wp-json\/wp\/v2\/product\/55187\" class=\"qtranxs-available-language-link qtranxs-available-language-link-de\" title=\"Deutsch\">Deutsch<\/a>.<\/p>\n<p>Inhalt:<\/p>\n<ul>\n<li><i>Alexander von Humboldt-Forschungsstelle:<\/i> Ingo Schwarz zum 65. Geburtstag<\/li>\n<li><i>Ottmar Ette:<\/i> Findung und Erfindung einer Leserschaft : Neuere Editionsprojekte zu Alexander von Humboldt als Grundlage und Herausforderung k\u00fcnftigen Forschens<\/li>\n<li><i>Eberhard Knobloch:<\/i> Alexandre de Humboldt et le Marquis de Laplace<\/li>\n<li><i>Oliver Schwarz: <\/i>Alexander von Humboldt als astronomischer Arbeiter, Diskussionspartner und Ideengeber<\/li>\n<li><i>Petra Werner:<\/i> Innenwelten und bleiche G\u00e4rten : Alexander von Humboldt untertage und in der Caripe-H\u00f6hle<\/li>\n<li><i>Christian Suckow: <\/i>Alexander von Humboldt in Ust\u2019-Kamenogorsk<\/li>\n<li><i>Anne Jobst:<\/i> Neue Briefe Christian Gottfried Ehrenbergs an Alexander von Humboldt<\/li>\n<li><i>Thomas Schmuck:<\/i> Humboldt, Baer und die Evolution<\/li>\n<li><i>Manfred Ringmacher: <\/i>Zwei Briefe auf Guaran\u00ed in Alexander von Humboldts Handschrift<\/li>\n<li><i>Ute Tintemann: <\/i>Julius Klaproths Mithridates-Projekt : Alexander von Humboldt und das Verlagshaus Cotta<\/li>\n<li><i>Ulrike Leitner:<\/i> \u201eJa! Wenn Berlin Bonn w\u00e4re!\u201c : Friedrich R\u00fcckerts Berufung nach Berlin<\/li>\n<li><i>Frank Holl:<\/i> \u201eZur Freiheit bestimmt\u201c : Alexander von Humboldts Blick auf die Kulturen der Welt<\/li>\n<li><i>Sebastian Panwitz: <\/i>Das Humboldt-Mendelssohn-Haus J\u00e4gerstra\u00dfe 22 : Ein Quellenfund<\/li>\n<li><i>Laura P\u00e9aud:<\/i> Du Mexique \u00e0 l\u2018Oural : l\u2018expertise humboldtienne au service du politique<\/li>\n<li><i>B\u00e4rbel Holtz:<\/i> \u201eCicerone\u201c des K\u00f6nigs? : Alexander von Humboldt und Friedrich Wilhelm III.<\/li>\n<li><i>Menso Folkerts<\/i>: Ein unerwartetes Zusammentreffen in Sanssouci : Alexander von Humboldt und Karl Ludwig Hencke an der Tafel Friedrich Wilhelms IV.<\/li>\n<li><i>Ulrich P\u00e4\u00dfler:<\/i> Preu\u00dfens Mann in Washington : F\u00fcnf Briefe Friedrich von Gerolts an Alexander von Humboldt (1858\/1859)<\/li>\n<li><i>Bill Roba: <\/i>German-Iowan Strategies in Celebrating the Centennial of Alexander von Humboldt\u2019s Birth<\/li>\n<li><i>Regina Mikosch:<\/i> Ingo Schwarz\u2018 Ver\u00f6ffentlichungen zur Alexander von Humboldt<\/li>\n<\/ul>\n","protected":false},"featured_media":55679,"template":"","meta":{"_acf_changed":false},"product_brand":[],"product_cat":[6209,6207,6219],"product_tag":[],"class_list":{"0":"post-55187","1":"product","2":"type-product","3":"status-publish","4":"has-post-thumbnail","6":"product_cat-geowissenschaften-web-kategorie","7":"product_cat-geschichte-web-kategorie","8":"product_cat-naturwissenschaften-allgemein-web-kategorie","9":"autor-alexander-von-humboldt-forschungsstelle","10":"autor-anne-jobst","11":"autor-baerbel-holtz","12":"autor-bill-roba","13":"autor-christian-suckow","14":"autor-eberhard-knobloch","15":"autor-frank-holl","16":"autor-laura-peaud","17":"autor-manfred-ringmacher","18":"autor-menso-folkerts","19":"autor-oliver-schwarz","20":"autor-ottmar-ette","21":"autor-petra-gentz-werner","22":"autor-sebastian-panwitz","23":"autor-thomas-schmuck","24":"autor-ulrich-paessler","25":"autor-ulrike-leitner","26":"autor-ute-tintemann","27":"zeitschriften-hin-alexander-von-humboldt-im-netz","29":"first","30":"instock","31":"shipping-taxable","32":"purchasable","33":"product-type-simple"},"acf":[],"yoast_head":"<!-- This site is optimized with the Yoast SEO plugin v27.1.1 - https:\/\/yoast.com\/product\/yoast-seo-wordpress\/ -->\n<title>Alexander von Humboldt im Netz ; 15 (2014) 29 - Universit\u00e4tsverlag Potsdam<\/title>\n<meta name=\"robots\" content=\"index, follow, max-snippet:-1, max-image-preview:large, max-video-preview:-1\" \/>\n<link rel=\"canonical\" href=\"https:\/\/shop.verlag.uni-potsdam.de\/en\/shop\/alexander-von-humboldt-im-netz-15-2014-29\/\" \/>\n<meta property=\"og:locale\" content=\"en_US\" \/>\n<meta property=\"og:type\" content=\"article\" \/>\n<meta property=\"og:title\" content=\"Alexander von Humboldt im Netz ; 15 (2014) 29 - Universit\u00e4tsverlag Potsdam\" \/>\n<meta property=\"og:description\" content=\"Inhalt:Alexander von Humboldt-Forschungsstelle: Ingo Schwarz zum 65. GeburtstagOttmar Ette: Findung und Erfindung einer Leserschaft : Neuere Editionsprojekte zu Alexander von Humboldt als Grundlage und Herausforderung k\u00fcnftigen ForschensEberhard Knobloch: Alexandre de Humboldt et le Marquis de LaplaceOliver Schwarz: Alexander von Humboldt als astronomischer Arbeiter, Diskussionspartner und IdeengeberPetra Werner: Innenwelten und bleiche G\u00e4rten : Alexander von Humboldt untertage und in der Caripe-H\u00f6hleChristian Suckow: Alexander von Humboldt in Ust\u2019-KamenogorskAnne Jobst: Neue Briefe Christian Gottfried Ehrenbergs an Alexander von HumboldtThomas Schmuck: Humboldt, Baer und die EvolutionManfred Ringmacher: Zwei Briefe auf Guaran\u00ed in Alexander von Humboldts HandschriftUte Tintemann: Julius Klaproths Mithridates-Projekt : Alexander von Humboldt und das Verlagshaus CottaUlrike Leitner: \u201eJa! Wenn Berlin Bonn w\u00e4re!\u201c : Friedrich R\u00fcckerts Berufung nach BerlinFrank Holl: \u201eZur Freiheit bestimmt\u201c : Alexander von Humboldts Blick auf die Kulturen der WeltSebastian Panwitz: Das Humboldt-Mendelssohn-Haus J\u00e4gerstra\u00dfe 22 : Ein QuellenfundLaura P\u00e9aud: Du Mexique \u00e0 l\u2018Oural : l\u2018expertise humboldtienne au service du politiqueB\u00e4rbel Holtz: \u201eCicerone\u201c des K\u00f6nigs? : Alexander von Humboldt und Friedrich Wilhelm III.Menso Folkerts: Ein unerwartetes Zusammentreffen in Sanssouci : Alexander von Humboldt und Karl Ludwig Hencke an der Tafel Friedrich Wilhelms IV.Ulrich P\u00e4\u00dfler: Preu\u00dfens Mann in Washington : F\u00fcnf Briefe Friedrich von Gerolts an Alexander von Humboldt (1858\/1859)Bill Roba: German-Iowan Strategies in Celebrating the Centennial of Alexander von Humboldt\u2019s BirthRegina Mikosch: Ingo Schwarz\u2018 Ver\u00f6ffentlichungen zur Alexander von Humboldt\" \/>\n<meta property=\"og:url\" content=\"https:\/\/shop.verlag.uni-potsdam.de\/en\/shop\/alexander-von-humboldt-im-netz-15-2014-29\/\" \/>\n<meta property=\"og:site_name\" content=\"Universit\u00e4tsverlag Potsdam\" \/>\n<meta property=\"article:modified_time\" content=\"2026-03-31T12:52:26+00:00\" \/>\n<meta property=\"og:image\" content=\"https:\/\/shop.verlag.uni-potsdam.de\/wp-content\/uploads\/asolmerce\/image-22151.jpg\" \/>\n\t<meta property=\"og:image:width\" content=\"1017\" \/>\n\t<meta property=\"og:image:height\" content=\"1439\" \/>\n\t<meta property=\"og:image:type\" content=\"image\/jpeg\" \/>\n<meta name=\"twitter:card\" content=\"summary_large_image\" \/>\n<meta name=\"twitter:label1\" content=\"Est. reading time\" \/>\n\t<meta name=\"twitter:data1\" content=\"1 minute\" \/>\n<script type=\"application\/ld+json\" class=\"yoast-schema-graph\">{\"@context\":\"https:\/\/schema.org\",\"@graph\":[{\"@type\":\"WebPage\",\"@id\":\"https:\/\/shop.verlag.uni-potsdam.de\/en\/shop\/alexander-von-humboldt-im-netz-15-2014-29\/\",\"url\":\"https:\/\/shop.verlag.uni-potsdam.de\/en\/shop\/alexander-von-humboldt-im-netz-15-2014-29\/\",\"name\":\"Alexander von Humboldt im Netz ; 15 (2014) 29 - Universit\u00e4tsverlag Potsdam\",\"isPartOf\":{\"@id\":\"https:\/\/shop.verlag.uni-potsdam.de\/en\/#website\"},\"primaryImageOfPage\":{\"@id\":\"https:\/\/shop.verlag.uni-potsdam.de\/en\/shop\/alexander-von-humboldt-im-netz-15-2014-29\/#primaryimage\"},\"image\":{\"@id\":\"https:\/\/shop.verlag.uni-potsdam.de\/shop\/alexander-von-humboldt-im-netz-15-2014-29\/#primaryimage\"},\"thumbnailUrl\":\"https:\/\/shop.verlag.uni-potsdam.de\/wp-content\/uploads\/asolmerce\/image-22151.jpg\",\"datePublished\":\"2026-03-31T10:51:26+00:00\",\"dateModified\":\"2026-03-31T12:52:26+00:00\",\"breadcrumb\":{\"@id\":\"https:\/\/shop.verlag.uni-potsdam.de\/en\/shop\/alexander-von-humboldt-im-netz-15-2014-29\/#breadcrumb\"},\"inLanguage\":\"en-US\",\"potentialAction\":[{\"@type\":\"ReadAction\",\"target\":[[\"https:\/\/shop.verlag.uni-potsdam.de\/en\/shop\/alexander-von-humboldt-im-netz-15-2014-29\/\"]]}]},{\"@type\":\"ImageObject\",\"inLanguage\":\"en-US\",\"@id\":\"https:\/\/shop.verlag.uni-potsdam.de\/en\/shop\/alexander-von-humboldt-im-netz-15-2014-29\/#primaryimage\",\"url\":\"https:\/\/shop.verlag.uni-potsdam.de\/wp-content\/uploads\/asolmerce\/image-22151.jpg\",\"contentUrl\":\"https:\/\/shop.verlag.uni-potsdam.de\/wp-content\/uploads\/asolmerce\/image-22151.jpg\",\"width\":1017,\"height\":1439},{\"@type\":\"BreadcrumbList\",\"@id\":\"https:\/\/shop.verlag.uni-potsdam.de\/en\/shop\/alexander-von-humboldt-im-netz-15-2014-29\/#breadcrumb\",\"itemListElement\":[{\"@type\":\"ListItem\",\"position\":1,\"name\":\"Startseite\",\"item\":\"https:\/\/shop.verlag.uni-potsdam.de\/en\/\"},{\"@type\":\"ListItem\",\"position\":2,\"name\":\"Shop\",\"item\":\"https:\/\/shop.verlag.uni-potsdam.de\/en\/shop\/\"},{\"@type\":\"ListItem\",\"position\":3,\"name\":\"Alexander von Humboldt im Netz ; 15 (2014) 29\"}]},{\"@type\":\"WebSite\",\"@id\":\"https:\/\/shop.verlag.uni-potsdam.de\/en\/#website\",\"url\":\"https:\/\/shop.verlag.uni-potsdam.de\/en\/\",\"name\":\"Universit\u00e4tsverlag Potsdam\",\"description\":\"\",\"publisher\":{\"@id\":\"https:\/\/shop.verlag.uni-potsdam.de\/en\/#organization\"},\"potentialAction\":[{\"@type\":\"SearchAction\",\"target\":{\"@type\":\"EntryPoint\",\"urlTemplate\":\"https:\/\/shop.verlag.uni-potsdam.de\/en\/?s={search_term_string}\"},\"query-input\":{\"@type\":\"PropertyValueSpecification\",\"valueRequired\":true,\"valueName\":\"search_term_string\"}}],\"inLanguage\":\"en-US\"},{\"@type\":\"Organization\",\"@id\":\"https:\/\/shop.verlag.uni-potsdam.de\/en\/#organization\",\"name\":\"Universit\u00e4tsverlag Potsdam\",\"url\":\"https:\/\/shop.verlag.uni-potsdam.de\/en\/\",\"logo\":{\"@type\":\"ImageObject\",\"inLanguage\":\"en-US\",\"@id\":\"https:\/\/shop.verlag.uni-potsdam.de\/en\/#\/schema\/logo\/image\/\",\"url\":\"https:\/\/shop.verlag.uni-potsdam.de\/wp-content\/uploads\/2017\/04\/up_logo_university_2.png\",\"contentUrl\":\"https:\/\/shop.verlag.uni-potsdam.de\/wp-content\/uploads\/2017\/04\/up_logo_university_2.png\",\"width\":160,\"height\":172,\"caption\":\"Universit\u00e4tsverlag Potsdam\"},\"image\":{\"@id\":\"https:\/\/shop.verlag.uni-potsdam.de\/en\/#\/schema\/logo\/image\/\"}}]}<\/script>\n<!-- \/ Yoast SEO plugin. -->","yoast_head_json":{"title":"Alexander von Humboldt im Netz ; 15 (2014) 29 - Universit\u00e4tsverlag Potsdam","robots":{"index":"index","follow":"follow","max-snippet":"max-snippet:-1","max-image-preview":"max-image-preview:large","max-video-preview":"max-video-preview:-1"},"canonical":"https:\/\/shop.verlag.uni-potsdam.de\/en\/shop\/alexander-von-humboldt-im-netz-15-2014-29\/","og_locale":"en_US","og_type":"article","og_title":"Alexander von Humboldt im Netz ; 15 (2014) 29 - Universit\u00e4tsverlag Potsdam","og_description":"Inhalt:Alexander von Humboldt-Forschungsstelle: Ingo Schwarz zum 65. GeburtstagOttmar Ette: Findung und Erfindung einer Leserschaft : Neuere Editionsprojekte zu Alexander von Humboldt als Grundlage und Herausforderung k\u00fcnftigen ForschensEberhard Knobloch: Alexandre de Humboldt et le Marquis de LaplaceOliver Schwarz: Alexander von Humboldt als astronomischer Arbeiter, Diskussionspartner und IdeengeberPetra Werner: Innenwelten und bleiche G\u00e4rten : Alexander von Humboldt untertage und in der Caripe-H\u00f6hleChristian Suckow: Alexander von Humboldt in Ust\u2019-KamenogorskAnne Jobst: Neue Briefe Christian Gottfried Ehrenbergs an Alexander von HumboldtThomas Schmuck: Humboldt, Baer und die EvolutionManfred Ringmacher: Zwei Briefe auf Guaran\u00ed in Alexander von Humboldts HandschriftUte Tintemann: Julius Klaproths Mithridates-Projekt : Alexander von Humboldt und das Verlagshaus CottaUlrike Leitner: \u201eJa! Wenn Berlin Bonn w\u00e4re!\u201c : Friedrich R\u00fcckerts Berufung nach BerlinFrank Holl: \u201eZur Freiheit bestimmt\u201c : Alexander von Humboldts Blick auf die Kulturen der WeltSebastian Panwitz: Das Humboldt-Mendelssohn-Haus J\u00e4gerstra\u00dfe 22 : Ein QuellenfundLaura P\u00e9aud: Du Mexique \u00e0 l\u2018Oural : l\u2018expertise humboldtienne au service du politiqueB\u00e4rbel Holtz: \u201eCicerone\u201c des K\u00f6nigs? : Alexander von Humboldt und Friedrich Wilhelm III.Menso Folkerts: Ein unerwartetes Zusammentreffen in Sanssouci : Alexander von Humboldt und Karl Ludwig Hencke an der Tafel Friedrich Wilhelms IV.Ulrich P\u00e4\u00dfler: Preu\u00dfens Mann in Washington : F\u00fcnf Briefe Friedrich von Gerolts an Alexander von Humboldt (1858\/1859)Bill Roba: German-Iowan Strategies in Celebrating the Centennial of Alexander von Humboldt\u2019s BirthRegina Mikosch: Ingo Schwarz\u2018 Ver\u00f6ffentlichungen zur Alexander von Humboldt","og_url":"https:\/\/shop.verlag.uni-potsdam.de\/en\/shop\/alexander-von-humboldt-im-netz-15-2014-29\/","og_site_name":"Universit\u00e4tsverlag Potsdam","article_modified_time":"2026-03-31T12:52:26+00:00","og_image":[{"width":1017,"height":1439,"url":"https:\/\/shop.verlag.uni-potsdam.de\/wp-content\/uploads\/asolmerce\/image-22151.jpg","type":"image\/jpeg"}],"twitter_card":"summary_large_image","twitter_misc":{"Est. reading time":"1 minute"},"schema":{"@context":"https:\/\/schema.org","@graph":[{"@type":"WebPage","@id":"https:\/\/shop.verlag.uni-potsdam.de\/en\/shop\/alexander-von-humboldt-im-netz-15-2014-29\/","url":"https:\/\/shop.verlag.uni-potsdam.de\/en\/shop\/alexander-von-humboldt-im-netz-15-2014-29\/","name":"Alexander von Humboldt im Netz ; 15 (2014) 29 - Universit\u00e4tsverlag Potsdam","isPartOf":{"@id":"https:\/\/shop.verlag.uni-potsdam.de\/en\/#website"},"primaryImageOfPage":{"@id":"https:\/\/shop.verlag.uni-potsdam.de\/en\/shop\/alexander-von-humboldt-im-netz-15-2014-29\/#primaryimage"},"image":{"@id":"https:\/\/shop.verlag.uni-potsdam.de\/shop\/alexander-von-humboldt-im-netz-15-2014-29\/#primaryimage"},"thumbnailUrl":"https:\/\/shop.verlag.uni-potsdam.de\/wp-content\/uploads\/asolmerce\/image-22151.jpg","datePublished":"2026-03-31T10:51:26+00:00","dateModified":"2026-03-31T12:52:26+00:00","breadcrumb":{"@id":"https:\/\/shop.verlag.uni-potsdam.de\/en\/shop\/alexander-von-humboldt-im-netz-15-2014-29\/#breadcrumb"},"inLanguage":"en-US","potentialAction":[{"@type":"ReadAction","target":[["https:\/\/shop.verlag.uni-potsdam.de\/en\/shop\/alexander-von-humboldt-im-netz-15-2014-29\/"]]}]},{"@type":"ImageObject","inLanguage":"en-US","@id":"https:\/\/shop.verlag.uni-potsdam.de\/en\/shop\/alexander-von-humboldt-im-netz-15-2014-29\/#primaryimage","url":"https:\/\/shop.verlag.uni-potsdam.de\/wp-content\/uploads\/asolmerce\/image-22151.jpg","contentUrl":"https:\/\/shop.verlag.uni-potsdam.de\/wp-content\/uploads\/asolmerce\/image-22151.jpg","width":1017,"height":1439},{"@type":"BreadcrumbList","@id":"https:\/\/shop.verlag.uni-potsdam.de\/en\/shop\/alexander-von-humboldt-im-netz-15-2014-29\/#breadcrumb","itemListElement":[{"@type":"ListItem","position":1,"name":"Startseite","item":"https:\/\/shop.verlag.uni-potsdam.de\/en\/"},{"@type":"ListItem","position":2,"name":"Shop","item":"https:\/\/shop.verlag.uni-potsdam.de\/en\/shop\/"},{"@type":"ListItem","position":3,"name":"Alexander von Humboldt im Netz ; 15 (2014) 29"}]},{"@type":"WebSite","@id":"https:\/\/shop.verlag.uni-potsdam.de\/en\/#website","url":"https:\/\/shop.verlag.uni-potsdam.de\/en\/","name":"Universit\u00e4tsverlag Potsdam","description":"","publisher":{"@id":"https:\/\/shop.verlag.uni-potsdam.de\/en\/#organization"},"potentialAction":[{"@type":"SearchAction","target":{"@type":"EntryPoint","urlTemplate":"https:\/\/shop.verlag.uni-potsdam.de\/en\/?s={search_term_string}"},"query-input":{"@type":"PropertyValueSpecification","valueRequired":true,"valueName":"search_term_string"}}],"inLanguage":"en-US"},{"@type":"Organization","@id":"https:\/\/shop.verlag.uni-potsdam.de\/en\/#organization","name":"Universit\u00e4tsverlag Potsdam","url":"https:\/\/shop.verlag.uni-potsdam.de\/en\/","logo":{"@type":"ImageObject","inLanguage":"en-US","@id":"https:\/\/shop.verlag.uni-potsdam.de\/en\/#\/schema\/logo\/image\/","url":"https:\/\/shop.verlag.uni-potsdam.de\/wp-content\/uploads\/2017\/04\/up_logo_university_2.png","contentUrl":"https:\/\/shop.verlag.uni-potsdam.de\/wp-content\/uploads\/2017\/04\/up_logo_university_2.png","width":160,"height":172,"caption":"Universit\u00e4tsverlag Potsdam"},"image":{"@id":"https:\/\/shop.verlag.uni-potsdam.de\/en\/#\/schema\/logo\/image\/"}}]}},"_links":{"self":[{"href":"https:\/\/shop.verlag.uni-potsdam.de\/en\/wp-json\/wp\/v2\/product\/55187","targetHints":{"allow":["GET"]}}],"collection":[{"href":"https:\/\/shop.verlag.uni-potsdam.de\/en\/wp-json\/wp\/v2\/product"}],"about":[{"href":"https:\/\/shop.verlag.uni-potsdam.de\/en\/wp-json\/wp\/v2\/types\/product"}],"wp:featuredmedia":[{"embeddable":true,"href":"https:\/\/shop.verlag.uni-potsdam.de\/en\/wp-json\/wp\/v2\/media\/55679"}],"wp:attachment":[{"href":"https:\/\/shop.verlag.uni-potsdam.de\/en\/wp-json\/wp\/v2\/media?parent=55187"}],"wp:term":[{"taxonomy":"product_brand","embeddable":true,"href":"https:\/\/shop.verlag.uni-potsdam.de\/en\/wp-json\/wp\/v2\/product_brand?post=55187"},{"taxonomy":"product_cat","embeddable":true,"href":"https:\/\/shop.verlag.uni-potsdam.de\/en\/wp-json\/wp\/v2\/product_cat?post=55187"},{"taxonomy":"product_tag","embeddable":true,"href":"https:\/\/shop.verlag.uni-potsdam.de\/en\/wp-json\/wp\/v2\/product_tag?post=55187"}],"curies":[{"name":"wp","href":"https:\/\/api.w.org\/{rel}","templated":true}]}}