{"id":55188,"date":"2026-03-31T10:21:43","date_gmt":"2026-03-31T10:21:43","guid":{"rendered":"https:\/\/shop.verlag.uni-potsdam.de\/shop\/alexander-von-humboldt-im-netz-7\/"},"modified":"2026-03-31T14:22:43","modified_gmt":"2026-03-31T12:22:43","slug":"alexander-von-humboldt-im-netz-16-2015-30","status":"publish","type":"product","link":"https:\/\/shop.verlag.uni-potsdam.de\/en\/shop\/alexander-von-humboldt-im-netz-16-2015-30\/","title":{"rendered":"Alexander von Humboldt im Netz ; 16 (2015) 30"},"content":{"rendered":"<p class=\"qtranxs-available-languages-message qtranxs-available-languages-message-en\">Sorry, this entry is only available in <a href=\"https:\/\/shop.verlag.uni-potsdam.de\/de\/wp-json\/wp\/v2\/product\/55188\" class=\"qtranxs-available-language-link qtranxs-available-language-link-de\" title=\"Deutsch\">Deutsch<\/a>.<\/p><p><\/p>\n<div>Inhalt:<\/div>\n<div><\/div>\n<ul>\n<li><i>Ingo Schwarz:<\/i> \u201eUebrigens verbleibe ich mit besonderer Werthsch\u00e4tzung Euer gn\u00e4diger K\u00f6nig\u201c : Zum Briefwechsel Alexander von Humboldts mit Friedrich Wilhelm III. im September 1804 <\/li>\n<li><i>Giuseppe Buffon:<\/i> The Franciscans in Cathay : memory of men and places : A Contribution for the genealogy of geographical knowledge of Alexander von Humboldt <\/li>\n<li><i>Ottmar Ette:<\/i> Icono-graf\u00eda, cali-graf\u00eda, auto-graf\u00eda : Sobre el arte de la visualizaci\u00f3n en los diarios del viaje americano de Alexander von Humboldt <\/li>\n<li>Elisa Garrido: Arte, ciencia y cultura visual en el atlas pintoresco : Vista de la Plaza Mayor de Mexico <\/li>\n<li><i>Thomas Heyd:<\/i> Ascensi\u00f3n al Teide de Alexander von Humboldt <\/li>\n<li><i>Karin Lundberg:<\/i> Networking Knowledge : Considering Alexander von Humboldt\u2019s Legacy in a New Shared Space in Education <\/li>\n<li><i>Petra Werner:<\/i> In der Naturgeschichte \u201eetwas H\u00f6heres suchen\u201c : Zu Humboldts Konzept der Pflanzengeographie<\/li>\n<\/ul>\n<p><\/p>","protected":false},"excerpt":{"rendered":"<p class=\"qtranxs-available-languages-message qtranxs-available-languages-message-en\">Sorry, this entry is only available in <a href=\"https:\/\/shop.verlag.uni-potsdam.de\/de\/wp-json\/wp\/v2\/product\/55188\" class=\"qtranxs-available-language-link qtranxs-available-language-link-de\" title=\"Deutsch\">Deutsch<\/a>.<\/p>\n<div>Inhalt:<\/div>\n<div><\/div>\n<ul>\n<li><i>Ingo Schwarz:<\/i> \u201eUebrigens verbleibe ich mit besonderer Werthsch\u00e4tzung Euer gn\u00e4diger K\u00f6nig\u201c : Zum Briefwechsel Alexander von Humboldts mit Friedrich Wilhelm III. im September 1804 <\/li>\n<li><i>Giuseppe Buffon:<\/i> The Franciscans in Cathay : memory of men and places : A Contribution for the genealogy of geographical knowledge of Alexander von Humboldt <\/li>\n<li><i>Ottmar Ette:<\/i> Icono-graf\u00eda, cali-graf\u00eda, auto-graf\u00eda : Sobre el arte de la visualizaci\u00f3n en los diarios del viaje americano de Alexander von Humboldt <\/li>\n<li>Elisa Garrido: Arte, ciencia y cultura visual en el atlas pintoresco : Vista de la Plaza Mayor de Mexico <\/li>\n<li><i>Thomas Heyd:<\/i> Ascensi\u00f3n al Teide de Alexander von Humboldt <\/li>\n<li><i>Karin Lundberg:<\/i> Networking Knowledge : Considering Alexander von Humboldt\u2019s Legacy in a New Shared Space in Education <\/li>\n<li><i>Petra Werner:<\/i> In der Naturgeschichte \u201eetwas H\u00f6heres suchen\u201c : Zu Humboldts Konzept der Pflanzengeographie<\/li>\n<\/ul>\n","protected":false},"featured_media":55678,"template":"","meta":{"_acf_changed":false},"product_brand":[],"product_cat":[6209,6207,6219],"product_tag":[],"class_list":{"0":"post-55188","1":"product","2":"type-product","3":"status-publish","4":"has-post-thumbnail","6":"product_cat-geowissenschaften-web-kategorie","7":"product_cat-geschichte-web-kategorie","8":"product_cat-naturwissenschaften-allgemein-web-kategorie","9":"autor-eberhard-knobloch","10":"autor-elisa-garrido","11":"autor-guiseppe-buffon","12":"autor-ingo-schwarz","13":"autor-karin-lundberg","14":"autor-ottmar-ette","15":"autor-petra-gentz-werner","16":"autor-thomas-heyd","17":"zeitschriften-hin-alexander-von-humboldt-im-netz","19":"first","20":"instock","21":"shipping-taxable","22":"purchasable","23":"product-type-simple"},"acf":[],"yoast_head":"<!-- This site is optimized with the Yoast SEO plugin v27.1.1 - https:\/\/yoast.com\/product\/yoast-seo-wordpress\/ -->\n<title>Alexander von Humboldt im Netz ; 16 (2015) 30 - Universit\u00e4tsverlag Potsdam<\/title>\n<meta name=\"robots\" content=\"index, follow, max-snippet:-1, max-image-preview:large, max-video-preview:-1\" \/>\n<link rel=\"canonical\" href=\"https:\/\/shop.verlag.uni-potsdam.de\/en\/shop\/alexander-von-humboldt-im-netz-16-2015-30\/\" \/>\n<meta property=\"og:locale\" content=\"en_US\" \/>\n<meta property=\"og:type\" content=\"article\" \/>\n<meta property=\"og:title\" content=\"Alexander von Humboldt im Netz ; 16 (2015) 30 - Universit\u00e4tsverlag Potsdam\" \/>\n<meta property=\"og:description\" content=\"Inhalt:Ingo Schwarz: \u201eUebrigens verbleibe ich mit besonderer Werthsch\u00e4tzung Euer gn\u00e4diger K\u00f6nig\u201c : Zum Briefwechsel Alexander von Humboldts mit Friedrich Wilhelm III. im September 1804 Giuseppe Buffon: The Franciscans in Cathay : memory of men and places : A Contribution for the genealogy of geographical knowledge of Alexander von Humboldt Ottmar Ette: Icono-graf\u00eda, cali-graf\u00eda, auto-graf\u00eda : Sobre el arte de la visualizaci\u00f3n en los diarios del viaje americano de Alexander von Humboldt Elisa Garrido: Arte, ciencia y cultura visual en el atlas pintoresco : Vista de la Plaza Mayor de Mexico Thomas Heyd: Ascensi\u00f3n al Teide de Alexander von Humboldt Karin Lundberg: Networking Knowledge : Considering Alexander von Humboldt\u2019s Legacy in a New Shared Space in Education Petra Werner: In der Naturgeschichte \u201eetwas H\u00f6heres suchen\u201c : Zu Humboldts Konzept der Pflanzengeographie\" \/>\n<meta property=\"og:url\" content=\"https:\/\/shop.verlag.uni-potsdam.de\/en\/shop\/alexander-von-humboldt-im-netz-16-2015-30\/\" \/>\n<meta property=\"og:site_name\" content=\"Universit\u00e4tsverlag Potsdam\" \/>\n<meta property=\"article:modified_time\" content=\"2026-03-31T12:22:43+00:00\" \/>\n<meta property=\"og:image\" content=\"https:\/\/shop.verlag.uni-potsdam.de\/wp-content\/uploads\/asolmerce\/image-22152.jpg\" \/>\n\t<meta property=\"og:image:width\" content=\"1810\" \/>\n\t<meta property=\"og:image:height\" content=\"2560\" \/>\n\t<meta property=\"og:image:type\" content=\"image\/jpeg\" \/>\n<meta name=\"twitter:card\" content=\"summary_large_image\" \/>\n<meta name=\"twitter:label1\" content=\"Est. reading time\" \/>\n\t<meta name=\"twitter:data1\" content=\"1 minute\" \/>\n<script type=\"application\/ld+json\" class=\"yoast-schema-graph\">{\"@context\":\"https:\/\/schema.org\",\"@graph\":[{\"@type\":\"WebPage\",\"@id\":\"https:\/\/shop.verlag.uni-potsdam.de\/en\/shop\/alexander-von-humboldt-im-netz-16-2015-30\/\",\"url\":\"https:\/\/shop.verlag.uni-potsdam.de\/en\/shop\/alexander-von-humboldt-im-netz-16-2015-30\/\",\"name\":\"Alexander von Humboldt im Netz ; 16 (2015) 30 - Universit\u00e4tsverlag Potsdam\",\"isPartOf\":{\"@id\":\"https:\/\/shop.verlag.uni-potsdam.de\/en\/#website\"},\"primaryImageOfPage\":{\"@id\":\"https:\/\/shop.verlag.uni-potsdam.de\/en\/shop\/alexander-von-humboldt-im-netz-16-2015-30\/#primaryimage\"},\"image\":{\"@id\":\"https:\/\/shop.verlag.uni-potsdam.de\/shop\/alexander-von-humboldt-im-netz-16-2015-30\/#primaryimage\"},\"thumbnailUrl\":\"https:\/\/shop.verlag.uni-potsdam.de\/wp-content\/uploads\/asolmerce\/image-22152.jpg\",\"datePublished\":\"2026-03-31T10:21:43+00:00\",\"dateModified\":\"2026-03-31T12:22:43+00:00\",\"breadcrumb\":{\"@id\":\"https:\/\/shop.verlag.uni-potsdam.de\/en\/shop\/alexander-von-humboldt-im-netz-16-2015-30\/#breadcrumb\"},\"inLanguage\":\"en-US\",\"potentialAction\":[{\"@type\":\"ReadAction\",\"target\":[[\"https:\/\/shop.verlag.uni-potsdam.de\/en\/shop\/alexander-von-humboldt-im-netz-16-2015-30\/\"]]}]},{\"@type\":\"ImageObject\",\"inLanguage\":\"en-US\",\"@id\":\"https:\/\/shop.verlag.uni-potsdam.de\/en\/shop\/alexander-von-humboldt-im-netz-16-2015-30\/#primaryimage\",\"url\":\"https:\/\/shop.verlag.uni-potsdam.de\/wp-content\/uploads\/asolmerce\/image-22152.jpg\",\"contentUrl\":\"https:\/\/shop.verlag.uni-potsdam.de\/wp-content\/uploads\/asolmerce\/image-22152.jpg\",\"width\":1810,\"height\":2560},{\"@type\":\"BreadcrumbList\",\"@id\":\"https:\/\/shop.verlag.uni-potsdam.de\/en\/shop\/alexander-von-humboldt-im-netz-16-2015-30\/#breadcrumb\",\"itemListElement\":[{\"@type\":\"ListItem\",\"position\":1,\"name\":\"Startseite\",\"item\":\"https:\/\/shop.verlag.uni-potsdam.de\/en\/\"},{\"@type\":\"ListItem\",\"position\":2,\"name\":\"Shop\",\"item\":\"https:\/\/shop.verlag.uni-potsdam.de\/en\/shop\/\"},{\"@type\":\"ListItem\",\"position\":3,\"name\":\"Alexander von Humboldt im Netz ; 16 (2015) 30\"}]},{\"@type\":\"WebSite\",\"@id\":\"https:\/\/shop.verlag.uni-potsdam.de\/en\/#website\",\"url\":\"https:\/\/shop.verlag.uni-potsdam.de\/en\/\",\"name\":\"Universit\u00e4tsverlag Potsdam\",\"description\":\"\",\"publisher\":{\"@id\":\"https:\/\/shop.verlag.uni-potsdam.de\/en\/#organization\"},\"potentialAction\":[{\"@type\":\"SearchAction\",\"target\":{\"@type\":\"EntryPoint\",\"urlTemplate\":\"https:\/\/shop.verlag.uni-potsdam.de\/en\/?s={search_term_string}\"},\"query-input\":{\"@type\":\"PropertyValueSpecification\",\"valueRequired\":true,\"valueName\":\"search_term_string\"}}],\"inLanguage\":\"en-US\"},{\"@type\":\"Organization\",\"@id\":\"https:\/\/shop.verlag.uni-potsdam.de\/en\/#organization\",\"name\":\"Universit\u00e4tsverlag Potsdam\",\"url\":\"https:\/\/shop.verlag.uni-potsdam.de\/en\/\",\"logo\":{\"@type\":\"ImageObject\",\"inLanguage\":\"en-US\",\"@id\":\"https:\/\/shop.verlag.uni-potsdam.de\/en\/#\/schema\/logo\/image\/\",\"url\":\"https:\/\/shop.verlag.uni-potsdam.de\/wp-content\/uploads\/2017\/04\/up_logo_university_2.png\",\"contentUrl\":\"https:\/\/shop.verlag.uni-potsdam.de\/wp-content\/uploads\/2017\/04\/up_logo_university_2.png\",\"width\":160,\"height\":172,\"caption\":\"Universit\u00e4tsverlag Potsdam\"},\"image\":{\"@id\":\"https:\/\/shop.verlag.uni-potsdam.de\/en\/#\/schema\/logo\/image\/\"}}]}<\/script>\n<!-- \/ Yoast SEO plugin. -->","yoast_head_json":{"title":"Alexander von Humboldt im Netz ; 16 (2015) 30 - Universit\u00e4tsverlag Potsdam","robots":{"index":"index","follow":"follow","max-snippet":"max-snippet:-1","max-image-preview":"max-image-preview:large","max-video-preview":"max-video-preview:-1"},"canonical":"https:\/\/shop.verlag.uni-potsdam.de\/en\/shop\/alexander-von-humboldt-im-netz-16-2015-30\/","og_locale":"en_US","og_type":"article","og_title":"Alexander von Humboldt im Netz ; 16 (2015) 30 - Universit\u00e4tsverlag Potsdam","og_description":"Inhalt:Ingo Schwarz: \u201eUebrigens verbleibe ich mit besonderer Werthsch\u00e4tzung Euer gn\u00e4diger K\u00f6nig\u201c : Zum Briefwechsel Alexander von Humboldts mit Friedrich Wilhelm III. im September 1804 Giuseppe Buffon: The Franciscans in Cathay : memory of men and places : A Contribution for the genealogy of geographical knowledge of Alexander von Humboldt Ottmar Ette: Icono-graf\u00eda, cali-graf\u00eda, auto-graf\u00eda : Sobre el arte de la visualizaci\u00f3n en los diarios del viaje americano de Alexander von Humboldt Elisa Garrido: Arte, ciencia y cultura visual en el atlas pintoresco : Vista de la Plaza Mayor de Mexico Thomas Heyd: Ascensi\u00f3n al Teide de Alexander von Humboldt Karin Lundberg: Networking Knowledge : Considering Alexander von Humboldt\u2019s Legacy in a New Shared Space in Education Petra Werner: In der Naturgeschichte \u201eetwas H\u00f6heres suchen\u201c : Zu Humboldts Konzept der Pflanzengeographie","og_url":"https:\/\/shop.verlag.uni-potsdam.de\/en\/shop\/alexander-von-humboldt-im-netz-16-2015-30\/","og_site_name":"Universit\u00e4tsverlag Potsdam","article_modified_time":"2026-03-31T12:22:43+00:00","og_image":[{"width":1810,"height":2560,"url":"https:\/\/shop.verlag.uni-potsdam.de\/wp-content\/uploads\/asolmerce\/image-22152.jpg","type":"image\/jpeg"}],"twitter_card":"summary_large_image","twitter_misc":{"Est. reading time":"1 minute"},"schema":{"@context":"https:\/\/schema.org","@graph":[{"@type":"WebPage","@id":"https:\/\/shop.verlag.uni-potsdam.de\/en\/shop\/alexander-von-humboldt-im-netz-16-2015-30\/","url":"https:\/\/shop.verlag.uni-potsdam.de\/en\/shop\/alexander-von-humboldt-im-netz-16-2015-30\/","name":"Alexander von Humboldt im Netz ; 16 (2015) 30 - Universit\u00e4tsverlag Potsdam","isPartOf":{"@id":"https:\/\/shop.verlag.uni-potsdam.de\/en\/#website"},"primaryImageOfPage":{"@id":"https:\/\/shop.verlag.uni-potsdam.de\/en\/shop\/alexander-von-humboldt-im-netz-16-2015-30\/#primaryimage"},"image":{"@id":"https:\/\/shop.verlag.uni-potsdam.de\/shop\/alexander-von-humboldt-im-netz-16-2015-30\/#primaryimage"},"thumbnailUrl":"https:\/\/shop.verlag.uni-potsdam.de\/wp-content\/uploads\/asolmerce\/image-22152.jpg","datePublished":"2026-03-31T10:21:43+00:00","dateModified":"2026-03-31T12:22:43+00:00","breadcrumb":{"@id":"https:\/\/shop.verlag.uni-potsdam.de\/en\/shop\/alexander-von-humboldt-im-netz-16-2015-30\/#breadcrumb"},"inLanguage":"en-US","potentialAction":[{"@type":"ReadAction","target":[["https:\/\/shop.verlag.uni-potsdam.de\/en\/shop\/alexander-von-humboldt-im-netz-16-2015-30\/"]]}]},{"@type":"ImageObject","inLanguage":"en-US","@id":"https:\/\/shop.verlag.uni-potsdam.de\/en\/shop\/alexander-von-humboldt-im-netz-16-2015-30\/#primaryimage","url":"https:\/\/shop.verlag.uni-potsdam.de\/wp-content\/uploads\/asolmerce\/image-22152.jpg","contentUrl":"https:\/\/shop.verlag.uni-potsdam.de\/wp-content\/uploads\/asolmerce\/image-22152.jpg","width":1810,"height":2560},{"@type":"BreadcrumbList","@id":"https:\/\/shop.verlag.uni-potsdam.de\/en\/shop\/alexander-von-humboldt-im-netz-16-2015-30\/#breadcrumb","itemListElement":[{"@type":"ListItem","position":1,"name":"Startseite","item":"https:\/\/shop.verlag.uni-potsdam.de\/en\/"},{"@type":"ListItem","position":2,"name":"Shop","item":"https:\/\/shop.verlag.uni-potsdam.de\/en\/shop\/"},{"@type":"ListItem","position":3,"name":"Alexander von Humboldt im Netz ; 16 (2015) 30"}]},{"@type":"WebSite","@id":"https:\/\/shop.verlag.uni-potsdam.de\/en\/#website","url":"https:\/\/shop.verlag.uni-potsdam.de\/en\/","name":"Universit\u00e4tsverlag Potsdam","description":"","publisher":{"@id":"https:\/\/shop.verlag.uni-potsdam.de\/en\/#organization"},"potentialAction":[{"@type":"SearchAction","target":{"@type":"EntryPoint","urlTemplate":"https:\/\/shop.verlag.uni-potsdam.de\/en\/?s={search_term_string}"},"query-input":{"@type":"PropertyValueSpecification","valueRequired":true,"valueName":"search_term_string"}}],"inLanguage":"en-US"},{"@type":"Organization","@id":"https:\/\/shop.verlag.uni-potsdam.de\/en\/#organization","name":"Universit\u00e4tsverlag Potsdam","url":"https:\/\/shop.verlag.uni-potsdam.de\/en\/","logo":{"@type":"ImageObject","inLanguage":"en-US","@id":"https:\/\/shop.verlag.uni-potsdam.de\/en\/#\/schema\/logo\/image\/","url":"https:\/\/shop.verlag.uni-potsdam.de\/wp-content\/uploads\/2017\/04\/up_logo_university_2.png","contentUrl":"https:\/\/shop.verlag.uni-potsdam.de\/wp-content\/uploads\/2017\/04\/up_logo_university_2.png","width":160,"height":172,"caption":"Universit\u00e4tsverlag Potsdam"},"image":{"@id":"https:\/\/shop.verlag.uni-potsdam.de\/en\/#\/schema\/logo\/image\/"}}]}},"_links":{"self":[{"href":"https:\/\/shop.verlag.uni-potsdam.de\/en\/wp-json\/wp\/v2\/product\/55188","targetHints":{"allow":["GET"]}}],"collection":[{"href":"https:\/\/shop.verlag.uni-potsdam.de\/en\/wp-json\/wp\/v2\/product"}],"about":[{"href":"https:\/\/shop.verlag.uni-potsdam.de\/en\/wp-json\/wp\/v2\/types\/product"}],"wp:featuredmedia":[{"embeddable":true,"href":"https:\/\/shop.verlag.uni-potsdam.de\/en\/wp-json\/wp\/v2\/media\/55678"}],"wp:attachment":[{"href":"https:\/\/shop.verlag.uni-potsdam.de\/en\/wp-json\/wp\/v2\/media?parent=55188"}],"wp:term":[{"taxonomy":"product_brand","embeddable":true,"href":"https:\/\/shop.verlag.uni-potsdam.de\/en\/wp-json\/wp\/v2\/product_brand?post=55188"},{"taxonomy":"product_cat","embeddable":true,"href":"https:\/\/shop.verlag.uni-potsdam.de\/en\/wp-json\/wp\/v2\/product_cat?post=55188"},{"taxonomy":"product_tag","embeddable":true,"href":"https:\/\/shop.verlag.uni-potsdam.de\/en\/wp-json\/wp\/v2\/product_tag?post=55188"}],"curies":[{"name":"wp","href":"https:\/\/api.w.org\/{rel}","templated":true}]}}