{"id":55217,"date":"2026-04-27T05:37:06","date_gmt":"2026-04-27T05:37:06","guid":{"rendered":"https:\/\/shop.verlag.uni-potsdam.de\/shop\/kohaerenz-in-der-universitaeren-lehrerbildung\/"},"modified":"2026-04-27T09:38:07","modified_gmt":"2026-04-27T07:38:07","slug":"kohaerenz-in-der-universitaeren-lehrerbildung","status":"publish","type":"product","link":"https:\/\/shop.verlag.uni-potsdam.de\/en\/shop\/kohaerenz-in-der-universitaeren-lehrerbildung\/","title":{"rendered":"Koh\u00e4renz in der universit\u00e4ren Lehrerbildung"},"content":{"rendered":"<p>One area that is supported by the project \u201cQualit\u00e4tsoffensive Lehrerbildung\u201d (funded by BMBF) is the improvement of collaboration and coordination between studies in the discipline, studies in pedagogical content knowledge, and studies in pedagogical knowledge during teacher education at university. Aiming a better coordination among these three parts of teacher education at university, many of the supported projects have designed and realized university-specific approaches. <br \/>This conference proceedings volume comprises contributions by 15 of these projects. Seven of those were introduced and discussed in workshops on the occasion of two cross-regional project-conferences in Hannover and Potsdam. Overall, the contributions give a theoretically funded as well as a practice-oriented overview of current approaches and concepts to achieve a better connection between study units concerning studies in content knowledge, pedagogical content knowledge and pedagogical knowledge in teacher education. The volume presents university projects, which take effect on different levels (at the level of curriculum and content, at a collegiate level, at the level of structural conditions of universities). The different approaches are described in a way that they can provide a basis for transfer to other subjects or further universities. &nbsp;<br \/>The contributions are aimed at teacher educators as well as other actors working in the field of teaching- and quality development at universities. All of them can take transferable ideas and impulses from the described concepts and formats.<\/p>","protected":false},"excerpt":{"rendered":"<p>One area that is supported by the project \u201cQualit\u00e4tsoffensive Lehrerbildung\u201d (funded by BMBF) is the improvement of collaboration and coordination between studies in the discipline, studies in pedagogical content knowledge, and studies in pedagogical knowledge during teacher education at university. Aiming a better coordination among these three parts of teacher education at university, many of the supported projects have designed and realized university-specific approaches. <br \/>This conference proceedings volume comprises contributions by 15 of these projects. Seven of those were introduced and discussed in workshops on the occasion of two cross-regional project-conferences in Hannover and Potsdam. Overall, the contributions give a theoretically funded as well as a practice-oriented overview of current approaches and concepts to achieve a better connection between study units concerning studies in content knowledge, pedagogical content knowledge and pedagogical knowledge in teacher education. The volume presents university projects, which take effect on different levels (at the level of curriculum and content, at a collegiate level, at the level of structural conditions of universities). The different approaches are described in a way that they can provide a basis for transfer to other subjects or further universities. &nbsp;<br \/>The contributions are aimed at teacher educators as well as other actors working in the field of teaching- and quality development at universities. All of them can take transferable ideas and impulses from the described concepts and formats.<\/p>\n","protected":false},"featured_media":55266,"template":"","meta":{"_acf_changed":false},"product_brand":[],"product_cat":[6220],"product_tag":[],"class_list":{"0":"post-55217","1":"product","2":"type-product","3":"status-publish","4":"has-post-thumbnail","6":"product_cat-paedagogik-web-kategorie","7":"autor-andreas-borowski","8":"autor-andreas-helzel","9":"autor-andreas-rohde","10":"autor-angelika-bikner-ahsbahs","11":"autor-anna-teresa-engl","12":"autor-beatrix-busse","13":"autor-bettina-blasini","14":"autor-britta-kornelia-mueller","15":"autor-carina-peter","16":"autor-carina-woehlke","17":"autor-charlotte-kramer","18":"autor-chris-richter","19":"autor-christian-reiter","20":"autor-christina-beck","21":"autor-claudia-nerdel","22":"autor-dietmar-hoettecke","23":"autor-doris-lewalter","24":"autor-eva-kriehuber","25":"autor-felix-zuehlsdorf","26":"autor-finja-grospietsch","27":"autor-florian-boch","28":"autor-gerhard-haerle","29":"autor-ingrid-glowinski-1","30":"autor-iris-winkler","31":"autor-jana-kristin-von-wachter","32":"autor-janine-freckmann","33":"autor-jenna-koenen","34":"autor-joachim-von-meien","35":"autor-jonas-frister","36":"autor-josefine-hofmann","37":"autor-judith-hofmann","38":"autor-julia-gillen","39":"autor-juergen-mayer","40":"autor-juergen-richter-gebert","41":"autor-jutta-maegdefrau","42":"autor-katharina-gimbel","43":"autor-katharina-hellmann","44":"autor-kathrin-ziepprecht","45":"autor-katja-unverricht","46":"autor-katja-zaki","47":"autor-katrin-buth","48":"autor-maria-bannert","49":"autor-maria-reissner","50":"autor-michael-komorek","51":"autor-michael-schween","52":"autor-mirjam-maahs","53":"autor-monique-meier","54":"autor-nelli-mehlmann","55":"autor-nicole-masanek","56":"autor-nina-scholten","57":"autor-patrizia-ungar","58":"autor-peter-stender","59":"autor-philipp-pohlenz","60":"autor-ralf-laging","61":"autor-robert-marten-bittorf","62":"autor-sabrina-kufner","63":"autor-sandra-sprenger","64":"autor-sascha-schanze","65":"autor-sebastian-mahner","66":"autor-silke-schiffhauer","67":"autor-tina-pickert","68":"autor-universitaet-oldenburgibit-bibliotheksdienstezeitschriftenstelle","69":"autor-verena-koestler","70":"autor-verena-niesel","71":"autor-wilko-reichwein","73":"first","74":"instock","75":"shipping-taxable","76":"purchasable","77":"product-type-simple"},"acf":[],"yoast_head":"<!-- This site is optimized with the Yoast SEO plugin v27.1.1 - https:\/\/yoast.com\/product\/yoast-seo-wordpress\/ -->\n<title>Koh\u00e4renz in der universit\u00e4ren Lehrerbildung - Universit\u00e4tsverlag Potsdam<\/title>\n<meta name=\"robots\" content=\"index, follow, max-snippet:-1, max-image-preview:large, max-video-preview:-1\" \/>\n<link rel=\"canonical\" href=\"https:\/\/shop.verlag.uni-potsdam.de\/en\/shop\/kohaerenz-in-der-universitaeren-lehrerbildung\/\" \/>\n<meta property=\"og:locale\" content=\"en_US\" \/>\n<meta property=\"og:type\" content=\"article\" \/>\n<meta property=\"og:title\" content=\"Koh\u00e4renz in der universit\u00e4ren Lehrerbildung - Universit\u00e4tsverlag Potsdam\" \/>\n<meta property=\"og:description\" content=\"One area that is supported by the project \u201cQualit\u00e4tsoffensive Lehrerbildung\u201d (funded by BMBF) is the improvement of collaboration and coordination between studies in the discipline, studies in pedagogical content knowledge, and studies in pedagogical knowledge during teacher education at university. Aiming a better coordination among these three parts of teacher education at university, many of the supported projects have designed and realized university-specific approaches. This conference proceedings volume comprises contributions by 15 of these projects. Seven of those were introduced and discussed in workshops on the occasion of two cross-regional project-conferences in Hannover and Potsdam. Overall, the contributions give a theoretically funded as well as a practice-oriented overview of current approaches and concepts to achieve a better connection between study units concerning studies in content knowledge, pedagogical content knowledge and pedagogical knowledge in teacher education. The volume presents university projects, which take effect on different levels (at the level of curriculum and content, at a collegiate level, at the level of structural conditions of universities). The different approaches are described in a way that they can provide a basis for transfer to other subjects or further universities. &nbsp;The contributions are aimed at teacher educators as well as other actors working in the field of teaching- and quality development at universities. All of them can take transferable ideas and impulses from the described concepts and formats.\" \/>\n<meta property=\"og:url\" content=\"https:\/\/shop.verlag.uni-potsdam.de\/en\/shop\/kohaerenz-in-der-universitaeren-lehrerbildung\/\" \/>\n<meta property=\"og:site_name\" content=\"Universit\u00e4tsverlag Potsdam\" \/>\n<meta property=\"article:modified_time\" content=\"2026-04-27T07:38:07+00:00\" \/>\n<meta property=\"og:image\" content=\"https:\/\/shop.verlag.uni-potsdam.de\/wp-content\/uploads\/asolmerce\/image-978-3-86956-438-8.jpg\" \/>\n\t<meta property=\"og:image:width\" content=\"1813\" \/>\n\t<meta property=\"og:image:height\" content=\"2560\" \/>\n\t<meta property=\"og:image:type\" content=\"image\/jpeg\" \/>\n<meta name=\"twitter:card\" content=\"summary_large_image\" \/>\n<meta name=\"twitter:label1\" content=\"Est. reading time\" \/>\n\t<meta name=\"twitter:data1\" content=\"2 minutes\" \/>\n<script type=\"application\/ld+json\" class=\"yoast-schema-graph\">{\"@context\":\"https:\/\/schema.org\",\"@graph\":[{\"@type\":\"WebPage\",\"@id\":\"https:\/\/shop.verlag.uni-potsdam.de\/en\/shop\/kohaerenz-in-der-universitaeren-lehrerbildung\/\",\"url\":\"https:\/\/shop.verlag.uni-potsdam.de\/en\/shop\/kohaerenz-in-der-universitaeren-lehrerbildung\/\",\"name\":\"Koh\u00e4renz in der universit\u00e4ren Lehrerbildung - Universit\u00e4tsverlag Potsdam\",\"isPartOf\":{\"@id\":\"https:\/\/shop.verlag.uni-potsdam.de\/en\/#website\"},\"primaryImageOfPage\":{\"@id\":\"https:\/\/shop.verlag.uni-potsdam.de\/en\/shop\/kohaerenz-in-der-universitaeren-lehrerbildung\/#primaryimage\"},\"image\":{\"@id\":\"https:\/\/shop.verlag.uni-potsdam.de\/shop\/kohaerenz-in-der-universitaeren-lehrerbildung\/#primaryimage\"},\"thumbnailUrl\":\"https:\/\/shop.verlag.uni-potsdam.de\/wp-content\/uploads\/asolmerce\/image-978-3-86956-438-8.jpg\",\"datePublished\":\"2026-04-27T05:37:06+00:00\",\"dateModified\":\"2026-04-27T07:38:07+00:00\",\"breadcrumb\":{\"@id\":\"https:\/\/shop.verlag.uni-potsdam.de\/en\/shop\/kohaerenz-in-der-universitaeren-lehrerbildung\/#breadcrumb\"},\"inLanguage\":\"en-US\",\"potentialAction\":[{\"@type\":\"ReadAction\",\"target\":[[\"https:\/\/shop.verlag.uni-potsdam.de\/en\/shop\/kohaerenz-in-der-universitaeren-lehrerbildung\/\"]]}]},{\"@type\":\"ImageObject\",\"inLanguage\":\"en-US\",\"@id\":\"https:\/\/shop.verlag.uni-potsdam.de\/en\/shop\/kohaerenz-in-der-universitaeren-lehrerbildung\/#primaryimage\",\"url\":\"https:\/\/shop.verlag.uni-potsdam.de\/wp-content\/uploads\/asolmerce\/image-978-3-86956-438-8.jpg\",\"contentUrl\":\"https:\/\/shop.verlag.uni-potsdam.de\/wp-content\/uploads\/asolmerce\/image-978-3-86956-438-8.jpg\",\"width\":1813,\"height\":2560},{\"@type\":\"BreadcrumbList\",\"@id\":\"https:\/\/shop.verlag.uni-potsdam.de\/en\/shop\/kohaerenz-in-der-universitaeren-lehrerbildung\/#breadcrumb\",\"itemListElement\":[{\"@type\":\"ListItem\",\"position\":1,\"name\":\"Startseite\",\"item\":\"https:\/\/shop.verlag.uni-potsdam.de\/en\/\"},{\"@type\":\"ListItem\",\"position\":2,\"name\":\"Shop\",\"item\":\"https:\/\/shop.verlag.uni-potsdam.de\/en\/shop\/\"},{\"@type\":\"ListItem\",\"position\":3,\"name\":\"Koh\u00e4renz in der universit\u00e4ren Lehrerbildung\"}]},{\"@type\":\"WebSite\",\"@id\":\"https:\/\/shop.verlag.uni-potsdam.de\/en\/#website\",\"url\":\"https:\/\/shop.verlag.uni-potsdam.de\/en\/\",\"name\":\"Universit\u00e4tsverlag Potsdam\",\"description\":\"\",\"publisher\":{\"@id\":\"https:\/\/shop.verlag.uni-potsdam.de\/en\/#organization\"},\"potentialAction\":[{\"@type\":\"SearchAction\",\"target\":{\"@type\":\"EntryPoint\",\"urlTemplate\":\"https:\/\/shop.verlag.uni-potsdam.de\/en\/?s={search_term_string}\"},\"query-input\":{\"@type\":\"PropertyValueSpecification\",\"valueRequired\":true,\"valueName\":\"search_term_string\"}}],\"inLanguage\":\"en-US\"},{\"@type\":\"Organization\",\"@id\":\"https:\/\/shop.verlag.uni-potsdam.de\/en\/#organization\",\"name\":\"Universit\u00e4tsverlag Potsdam\",\"url\":\"https:\/\/shop.verlag.uni-potsdam.de\/en\/\",\"logo\":{\"@type\":\"ImageObject\",\"inLanguage\":\"en-US\",\"@id\":\"https:\/\/shop.verlag.uni-potsdam.de\/en\/#\/schema\/logo\/image\/\",\"url\":\"https:\/\/shop.verlag.uni-potsdam.de\/wp-content\/uploads\/2017\/04\/up_logo_university_2.png\",\"contentUrl\":\"https:\/\/shop.verlag.uni-potsdam.de\/wp-content\/uploads\/2017\/04\/up_logo_university_2.png\",\"width\":160,\"height\":172,\"caption\":\"Universit\u00e4tsverlag Potsdam\"},\"image\":{\"@id\":\"https:\/\/shop.verlag.uni-potsdam.de\/en\/#\/schema\/logo\/image\/\"}}]}<\/script>\n<!-- \/ Yoast SEO plugin. -->","yoast_head_json":{"title":"Koh\u00e4renz in der universit\u00e4ren Lehrerbildung - Universit\u00e4tsverlag Potsdam","robots":{"index":"index","follow":"follow","max-snippet":"max-snippet:-1","max-image-preview":"max-image-preview:large","max-video-preview":"max-video-preview:-1"},"canonical":"https:\/\/shop.verlag.uni-potsdam.de\/en\/shop\/kohaerenz-in-der-universitaeren-lehrerbildung\/","og_locale":"en_US","og_type":"article","og_title":"Koh\u00e4renz in der universit\u00e4ren Lehrerbildung - Universit\u00e4tsverlag Potsdam","og_description":"One area that is supported by the project \u201cQualit\u00e4tsoffensive Lehrerbildung\u201d (funded by BMBF) is the improvement of collaboration and coordination between studies in the discipline, studies in pedagogical content knowledge, and studies in pedagogical knowledge during teacher education at university. Aiming a better coordination among these three parts of teacher education at university, many of the supported projects have designed and realized university-specific approaches. This conference proceedings volume comprises contributions by 15 of these projects. Seven of those were introduced and discussed in workshops on the occasion of two cross-regional project-conferences in Hannover and Potsdam. Overall, the contributions give a theoretically funded as well as a practice-oriented overview of current approaches and concepts to achieve a better connection between study units concerning studies in content knowledge, pedagogical content knowledge and pedagogical knowledge in teacher education. The volume presents university projects, which take effect on different levels (at the level of curriculum and content, at a collegiate level, at the level of structural conditions of universities). The different approaches are described in a way that they can provide a basis for transfer to other subjects or further universities. &nbsp;The contributions are aimed at teacher educators as well as other actors working in the field of teaching- and quality development at universities. All of them can take transferable ideas and impulses from the described concepts and formats.","og_url":"https:\/\/shop.verlag.uni-potsdam.de\/en\/shop\/kohaerenz-in-der-universitaeren-lehrerbildung\/","og_site_name":"Universit\u00e4tsverlag Potsdam","article_modified_time":"2026-04-27T07:38:07+00:00","og_image":[{"width":1813,"height":2560,"url":"https:\/\/shop.verlag.uni-potsdam.de\/wp-content\/uploads\/asolmerce\/image-978-3-86956-438-8.jpg","type":"image\/jpeg"}],"twitter_card":"summary_large_image","twitter_misc":{"Est. reading time":"2 minutes"},"schema":{"@context":"https:\/\/schema.org","@graph":[{"@type":"WebPage","@id":"https:\/\/shop.verlag.uni-potsdam.de\/en\/shop\/kohaerenz-in-der-universitaeren-lehrerbildung\/","url":"https:\/\/shop.verlag.uni-potsdam.de\/en\/shop\/kohaerenz-in-der-universitaeren-lehrerbildung\/","name":"Koh\u00e4renz in der universit\u00e4ren Lehrerbildung - Universit\u00e4tsverlag Potsdam","isPartOf":{"@id":"https:\/\/shop.verlag.uni-potsdam.de\/en\/#website"},"primaryImageOfPage":{"@id":"https:\/\/shop.verlag.uni-potsdam.de\/en\/shop\/kohaerenz-in-der-universitaeren-lehrerbildung\/#primaryimage"},"image":{"@id":"https:\/\/shop.verlag.uni-potsdam.de\/shop\/kohaerenz-in-der-universitaeren-lehrerbildung\/#primaryimage"},"thumbnailUrl":"https:\/\/shop.verlag.uni-potsdam.de\/wp-content\/uploads\/asolmerce\/image-978-3-86956-438-8.jpg","datePublished":"2026-04-27T05:37:06+00:00","dateModified":"2026-04-27T07:38:07+00:00","breadcrumb":{"@id":"https:\/\/shop.verlag.uni-potsdam.de\/en\/shop\/kohaerenz-in-der-universitaeren-lehrerbildung\/#breadcrumb"},"inLanguage":"en-US","potentialAction":[{"@type":"ReadAction","target":[["https:\/\/shop.verlag.uni-potsdam.de\/en\/shop\/kohaerenz-in-der-universitaeren-lehrerbildung\/"]]}]},{"@type":"ImageObject","inLanguage":"en-US","@id":"https:\/\/shop.verlag.uni-potsdam.de\/en\/shop\/kohaerenz-in-der-universitaeren-lehrerbildung\/#primaryimage","url":"https:\/\/shop.verlag.uni-potsdam.de\/wp-content\/uploads\/asolmerce\/image-978-3-86956-438-8.jpg","contentUrl":"https:\/\/shop.verlag.uni-potsdam.de\/wp-content\/uploads\/asolmerce\/image-978-3-86956-438-8.jpg","width":1813,"height":2560},{"@type":"BreadcrumbList","@id":"https:\/\/shop.verlag.uni-potsdam.de\/en\/shop\/kohaerenz-in-der-universitaeren-lehrerbildung\/#breadcrumb","itemListElement":[{"@type":"ListItem","position":1,"name":"Startseite","item":"https:\/\/shop.verlag.uni-potsdam.de\/en\/"},{"@type":"ListItem","position":2,"name":"Shop","item":"https:\/\/shop.verlag.uni-potsdam.de\/en\/shop\/"},{"@type":"ListItem","position":3,"name":"Koh\u00e4renz in der universit\u00e4ren Lehrerbildung"}]},{"@type":"WebSite","@id":"https:\/\/shop.verlag.uni-potsdam.de\/en\/#website","url":"https:\/\/shop.verlag.uni-potsdam.de\/en\/","name":"Universit\u00e4tsverlag Potsdam","description":"","publisher":{"@id":"https:\/\/shop.verlag.uni-potsdam.de\/en\/#organization"},"potentialAction":[{"@type":"SearchAction","target":{"@type":"EntryPoint","urlTemplate":"https:\/\/shop.verlag.uni-potsdam.de\/en\/?s={search_term_string}"},"query-input":{"@type":"PropertyValueSpecification","valueRequired":true,"valueName":"search_term_string"}}],"inLanguage":"en-US"},{"@type":"Organization","@id":"https:\/\/shop.verlag.uni-potsdam.de\/en\/#organization","name":"Universit\u00e4tsverlag Potsdam","url":"https:\/\/shop.verlag.uni-potsdam.de\/en\/","logo":{"@type":"ImageObject","inLanguage":"en-US","@id":"https:\/\/shop.verlag.uni-potsdam.de\/en\/#\/schema\/logo\/image\/","url":"https:\/\/shop.verlag.uni-potsdam.de\/wp-content\/uploads\/2017\/04\/up_logo_university_2.png","contentUrl":"https:\/\/shop.verlag.uni-potsdam.de\/wp-content\/uploads\/2017\/04\/up_logo_university_2.png","width":160,"height":172,"caption":"Universit\u00e4tsverlag Potsdam"},"image":{"@id":"https:\/\/shop.verlag.uni-potsdam.de\/en\/#\/schema\/logo\/image\/"}}]}},"_links":{"self":[{"href":"https:\/\/shop.verlag.uni-potsdam.de\/en\/wp-json\/wp\/v2\/product\/55217","targetHints":{"allow":["GET"]}}],"collection":[{"href":"https:\/\/shop.verlag.uni-potsdam.de\/en\/wp-json\/wp\/v2\/product"}],"about":[{"href":"https:\/\/shop.verlag.uni-potsdam.de\/en\/wp-json\/wp\/v2\/types\/product"}],"wp:featuredmedia":[{"embeddable":true,"href":"https:\/\/shop.verlag.uni-potsdam.de\/en\/wp-json\/wp\/v2\/media\/55266"}],"wp:attachment":[{"href":"https:\/\/shop.verlag.uni-potsdam.de\/en\/wp-json\/wp\/v2\/media?parent=55217"}],"wp:term":[{"taxonomy":"product_brand","embeddable":true,"href":"https:\/\/shop.verlag.uni-potsdam.de\/en\/wp-json\/wp\/v2\/product_brand?post=55217"},{"taxonomy":"product_cat","embeddable":true,"href":"https:\/\/shop.verlag.uni-potsdam.de\/en\/wp-json\/wp\/v2\/product_cat?post=55217"},{"taxonomy":"product_tag","embeddable":true,"href":"https:\/\/shop.verlag.uni-potsdam.de\/en\/wp-json\/wp\/v2\/product_tag?post=55217"}],"curies":[{"name":"wp","href":"https:\/\/api.w.org\/{rel}","templated":true}]}}