{"id":55234,"date":"2026-03-23T08:54:30","date_gmt":"2026-03-23T08:54:30","guid":{"rendered":"https:\/\/shop.verlag.uni-potsdam.de\/shop\/philosophie-der-menschenrechte-in-theorie-und-praxis\/"},"modified":"2026-03-23T11:55:30","modified_gmt":"2026-03-23T10:55:30","slug":"philosophie-der-menschenrechte-in-theorie-und-praxis","status":"publish","type":"product","link":"https:\/\/shop.verlag.uni-potsdam.de\/en\/shop\/philosophie-der-menschenrechte-in-theorie-und-praxis\/","title":{"rendered":"Philosophie der Menschenrechte in Theorie und Praxis"},"content":{"rendered":"<p class=\"qtranxs-available-languages-message qtranxs-available-languages-message-en\">Sorry, this entry is only available in <a href=\"https:\/\/shop.verlag.uni-potsdam.de\/de\/wp-json\/wp\/v2\/product\/55234\" class=\"qtranxs-available-language-link qtranxs-available-language-link-de\" title=\"Deutsch\">Deutsch<\/a>.<\/p><p>In welcher Beziehung steht die praktische Philosophie zur Wirklichkeit der Menschenrechtsfragen in Recht und Politik? Wie kann und soll sie sich ihrem komplexen Gegenstand n\u00e4hern? Inwieweit kommt ihr die Aufgabe zu, politisches Geschehen konkret zu kommentieren und Vorschl\u00e4ge f\u00fcr die Implementierung menschenrechtstheoretischer Annahmen zu machen? Wie l\u00e4sst sie sich als anwendungsorientierte Disziplin denken, die jenseits reiner Begr\u00fcndungsdiskurse einen Beitrag zur globalen St\u00e4rkung der Menschenrechtsidee leistet?<\/p>\n<p>Der vorliegende Sammelband geht diesen und verwandten Fragen in acht Beitr\u00e4gen mit jeweils einem Kommentar nach und regt damit zum Nachdenken \u00fcber das Selbstverst\u00e4ndnis zeitgen\u00f6ssischer Menschenrechtsphilosophie an.<\/p>","protected":false},"excerpt":{"rendered":"<p class=\"qtranxs-available-languages-message qtranxs-available-languages-message-en\">Sorry, this entry is only available in <a href=\"https:\/\/shop.verlag.uni-potsdam.de\/de\/wp-json\/wp\/v2\/product\/55234\" class=\"qtranxs-available-language-link qtranxs-available-language-link-de\" title=\"Deutsch\">Deutsch<\/a>.<\/p>\n<p>In welcher Beziehung steht die praktische Philosophie zur Wirklichkeit der Menschenrechtsfragen in Recht und Politik? Wie kann und soll sie sich ihrem komplexen Gegenstand n\u00e4hern? Inwieweit kommt ihr die Aufgabe zu, politisches Geschehen konkret zu kommentieren und Vorschl\u00e4ge f\u00fcr die Implementierung menschenrechtstheoretischer Annahmen zu machen? Wie l\u00e4sst sie sich als anwendungsorientierte Disziplin denken, die jenseits reiner Begr\u00fcndungsdiskurse einen Beitrag zur globalen St\u00e4rkung der Menschenrechtsidee leistet?<\/p>\n<p>Der vorliegende Sammelband geht diesen und verwandten Fragen in acht Beitr\u00e4gen mit jeweils einem Kommentar nach und regt damit zum Nachdenken \u00fcber das Selbstverst\u00e4ndnis zeitgen\u00f6ssischer Menschenrechtsphilosophie an.<\/p>\n","protected":false},"featured_media":55236,"template":"","meta":{"_acf_changed":false},"product_brand":[],"product_cat":[6225],"product_tag":[5346],"class_list":{"0":"post-55234","1":"product","2":"type-product","3":"status-publish","4":"has-post-thumbnail","6":"product_cat-recht-web-kategorie","7":"product_tag-praktische-philosophie-voelkerrecht-menschenrecht-kommentar","8":"autor-arnd-pollmann","9":"autor-bert-heinrichs","10":"autor-christina-schuees","11":"autor-david-koppe","12":"autor-dennis-wildfeuer","13":"autor-emanuel-john","14":"autor-franziska-martinsen","15":"autor-heike-baranzke","16":"autor-jochen-link","17":"autor-karsten-schoellner","18":"autor-michael-zichy","19":"autor-norman-weiss","20":"autor-oliver-harry-gerson","21":"autor-philippe-brunozzi","22":"autor-sebastian-laukoetter","23":"autor-ulrike-muerbe","24":"autor-valentin-jeutner","25":"autor-verena-risse","27":"first","28":"instock","29":"shipping-taxable","30":"purchasable","31":"product-type-simple"},"acf":[],"yoast_head":"<!-- This site is optimized with the Yoast SEO plugin v27.1.1 - https:\/\/yoast.com\/product\/yoast-seo-wordpress\/ -->\n<title>Philosophie der Menschenrechte in Theorie und Praxis - Universit\u00e4tsverlag Potsdam<\/title>\n<meta name=\"robots\" content=\"index, follow, max-snippet:-1, max-image-preview:large, max-video-preview:-1\" \/>\n<link rel=\"canonical\" href=\"https:\/\/shop.verlag.uni-potsdam.de\/en\/shop\/philosophie-der-menschenrechte-in-theorie-und-praxis\/\" \/>\n<meta property=\"og:locale\" content=\"en_US\" \/>\n<meta property=\"og:type\" content=\"article\" \/>\n<meta property=\"og:title\" content=\"Philosophie der Menschenrechte in Theorie und Praxis - Universit\u00e4tsverlag Potsdam\" \/>\n<meta property=\"og:description\" content=\"In welcher Beziehung steht die praktische Philosophie zur Wirklichkeit der Menschenrechtsfragen in Recht und Politik? Wie kann und soll sie sich ihrem komplexen Gegenstand n\u00e4hern? Inwieweit kommt ihr die Aufgabe zu, politisches Geschehen konkret zu kommentieren und Vorschl\u00e4ge f\u00fcr die Implementierung menschenrechtstheoretischer Annahmen zu machen? Wie l\u00e4sst sie sich als anwendungsorientierte Disziplin denken, die jenseits reiner Begr\u00fcndungsdiskurse einen Beitrag zur globalen St\u00e4rkung der Menschenrechtsidee leistet?Der vorliegende Sammelband geht diesen und verwandten Fragen in acht Beitr\u00e4gen mit jeweils einem Kommentar nach und regt damit zum Nachdenken \u00fcber das Selbstverst\u00e4ndnis zeitgen\u00f6ssischer Menschenrechtsphilosophie an.\" \/>\n<meta property=\"og:url\" content=\"https:\/\/shop.verlag.uni-potsdam.de\/en\/shop\/philosophie-der-menschenrechte-in-theorie-und-praxis\/\" \/>\n<meta property=\"og:site_name\" content=\"Universit\u00e4tsverlag Potsdam\" \/>\n<meta property=\"article:modified_time\" content=\"2026-03-23T10:55:30+00:00\" \/>\n<meta property=\"og:image\" content=\"https:\/\/shop.verlag.uni-potsdam.de\/wp-content\/uploads\/asolmerce\/image-978-3-86956-419-7.jpg\" \/>\n\t<meta property=\"og:image:width\" content=\"1166\" \/>\n\t<meta property=\"og:image:height\" content=\"1654\" \/>\n\t<meta property=\"og:image:type\" content=\"image\/jpeg\" \/>\n<meta name=\"twitter:card\" content=\"summary_large_image\" \/>\n<meta name=\"twitter:label1\" content=\"Est. reading time\" \/>\n\t<meta name=\"twitter:data1\" content=\"1 minute\" \/>\n<script type=\"application\/ld+json\" class=\"yoast-schema-graph\">{\"@context\":\"https:\/\/schema.org\",\"@graph\":[{\"@type\":\"WebPage\",\"@id\":\"https:\/\/shop.verlag.uni-potsdam.de\/en\/shop\/philosophie-der-menschenrechte-in-theorie-und-praxis\/\",\"url\":\"https:\/\/shop.verlag.uni-potsdam.de\/en\/shop\/philosophie-der-menschenrechte-in-theorie-und-praxis\/\",\"name\":\"Philosophie der Menschenrechte in Theorie und Praxis - Universit\u00e4tsverlag Potsdam\",\"isPartOf\":{\"@id\":\"https:\/\/shop.verlag.uni-potsdam.de\/en\/#website\"},\"primaryImageOfPage\":{\"@id\":\"https:\/\/shop.verlag.uni-potsdam.de\/en\/shop\/philosophie-der-menschenrechte-in-theorie-und-praxis\/#primaryimage\"},\"image\":{\"@id\":\"https:\/\/shop.verlag.uni-potsdam.de\/shop\/philosophie-der-menschenrechte-in-theorie-und-praxis\/#primaryimage\"},\"thumbnailUrl\":\"https:\/\/shop.verlag.uni-potsdam.de\/wp-content\/uploads\/asolmerce\/image-978-3-86956-419-7.jpg\",\"datePublished\":\"2026-03-23T08:54:30+00:00\",\"dateModified\":\"2026-03-23T10:55:30+00:00\",\"breadcrumb\":{\"@id\":\"https:\/\/shop.verlag.uni-potsdam.de\/en\/shop\/philosophie-der-menschenrechte-in-theorie-und-praxis\/#breadcrumb\"},\"inLanguage\":\"en-US\",\"potentialAction\":[{\"@type\":\"ReadAction\",\"target\":[[\"https:\/\/shop.verlag.uni-potsdam.de\/en\/shop\/philosophie-der-menschenrechte-in-theorie-und-praxis\/\"]]}]},{\"@type\":\"ImageObject\",\"inLanguage\":\"en-US\",\"@id\":\"https:\/\/shop.verlag.uni-potsdam.de\/en\/shop\/philosophie-der-menschenrechte-in-theorie-und-praxis\/#primaryimage\",\"url\":\"https:\/\/shop.verlag.uni-potsdam.de\/wp-content\/uploads\/asolmerce\/image-978-3-86956-419-7.jpg\",\"contentUrl\":\"https:\/\/shop.verlag.uni-potsdam.de\/wp-content\/uploads\/asolmerce\/image-978-3-86956-419-7.jpg\",\"width\":1166,\"height\":1654},{\"@type\":\"BreadcrumbList\",\"@id\":\"https:\/\/shop.verlag.uni-potsdam.de\/en\/shop\/philosophie-der-menschenrechte-in-theorie-und-praxis\/#breadcrumb\",\"itemListElement\":[{\"@type\":\"ListItem\",\"position\":1,\"name\":\"Startseite\",\"item\":\"https:\/\/shop.verlag.uni-potsdam.de\/en\/\"},{\"@type\":\"ListItem\",\"position\":2,\"name\":\"Shop\",\"item\":\"https:\/\/shop.verlag.uni-potsdam.de\/en\/shop\/\"},{\"@type\":\"ListItem\",\"position\":3,\"name\":\"Philosophie der Menschenrechte in Theorie und Praxis\"}]},{\"@type\":\"WebSite\",\"@id\":\"https:\/\/shop.verlag.uni-potsdam.de\/en\/#website\",\"url\":\"https:\/\/shop.verlag.uni-potsdam.de\/en\/\",\"name\":\"Universit\u00e4tsverlag Potsdam\",\"description\":\"\",\"publisher\":{\"@id\":\"https:\/\/shop.verlag.uni-potsdam.de\/en\/#organization\"},\"potentialAction\":[{\"@type\":\"SearchAction\",\"target\":{\"@type\":\"EntryPoint\",\"urlTemplate\":\"https:\/\/shop.verlag.uni-potsdam.de\/en\/?s={search_term_string}\"},\"query-input\":{\"@type\":\"PropertyValueSpecification\",\"valueRequired\":true,\"valueName\":\"search_term_string\"}}],\"inLanguage\":\"en-US\"},{\"@type\":\"Organization\",\"@id\":\"https:\/\/shop.verlag.uni-potsdam.de\/en\/#organization\",\"name\":\"Universit\u00e4tsverlag Potsdam\",\"url\":\"https:\/\/shop.verlag.uni-potsdam.de\/en\/\",\"logo\":{\"@type\":\"ImageObject\",\"inLanguage\":\"en-US\",\"@id\":\"https:\/\/shop.verlag.uni-potsdam.de\/en\/#\/schema\/logo\/image\/\",\"url\":\"https:\/\/shop.verlag.uni-potsdam.de\/wp-content\/uploads\/2017\/04\/up_logo_university_2.png\",\"contentUrl\":\"https:\/\/shop.verlag.uni-potsdam.de\/wp-content\/uploads\/2017\/04\/up_logo_university_2.png\",\"width\":160,\"height\":172,\"caption\":\"Universit\u00e4tsverlag Potsdam\"},\"image\":{\"@id\":\"https:\/\/shop.verlag.uni-potsdam.de\/en\/#\/schema\/logo\/image\/\"}}]}<\/script>\n<!-- \/ Yoast SEO plugin. -->","yoast_head_json":{"title":"Philosophie der Menschenrechte in Theorie und Praxis - Universit\u00e4tsverlag Potsdam","robots":{"index":"index","follow":"follow","max-snippet":"max-snippet:-1","max-image-preview":"max-image-preview:large","max-video-preview":"max-video-preview:-1"},"canonical":"https:\/\/shop.verlag.uni-potsdam.de\/en\/shop\/philosophie-der-menschenrechte-in-theorie-und-praxis\/","og_locale":"en_US","og_type":"article","og_title":"Philosophie der Menschenrechte in Theorie und Praxis - Universit\u00e4tsverlag Potsdam","og_description":"In welcher Beziehung steht die praktische Philosophie zur Wirklichkeit der Menschenrechtsfragen in Recht und Politik? Wie kann und soll sie sich ihrem komplexen Gegenstand n\u00e4hern? Inwieweit kommt ihr die Aufgabe zu, politisches Geschehen konkret zu kommentieren und Vorschl\u00e4ge f\u00fcr die Implementierung menschenrechtstheoretischer Annahmen zu machen? Wie l\u00e4sst sie sich als anwendungsorientierte Disziplin denken, die jenseits reiner Begr\u00fcndungsdiskurse einen Beitrag zur globalen St\u00e4rkung der Menschenrechtsidee leistet?Der vorliegende Sammelband geht diesen und verwandten Fragen in acht Beitr\u00e4gen mit jeweils einem Kommentar nach und regt damit zum Nachdenken \u00fcber das Selbstverst\u00e4ndnis zeitgen\u00f6ssischer Menschenrechtsphilosophie an.","og_url":"https:\/\/shop.verlag.uni-potsdam.de\/en\/shop\/philosophie-der-menschenrechte-in-theorie-und-praxis\/","og_site_name":"Universit\u00e4tsverlag Potsdam","article_modified_time":"2026-03-23T10:55:30+00:00","og_image":[{"width":1166,"height":1654,"url":"https:\/\/shop.verlag.uni-potsdam.de\/wp-content\/uploads\/asolmerce\/image-978-3-86956-419-7.jpg","type":"image\/jpeg"}],"twitter_card":"summary_large_image","twitter_misc":{"Est. reading time":"1 minute"},"schema":{"@context":"https:\/\/schema.org","@graph":[{"@type":"WebPage","@id":"https:\/\/shop.verlag.uni-potsdam.de\/en\/shop\/philosophie-der-menschenrechte-in-theorie-und-praxis\/","url":"https:\/\/shop.verlag.uni-potsdam.de\/en\/shop\/philosophie-der-menschenrechte-in-theorie-und-praxis\/","name":"Philosophie der Menschenrechte in Theorie und Praxis - Universit\u00e4tsverlag Potsdam","isPartOf":{"@id":"https:\/\/shop.verlag.uni-potsdam.de\/en\/#website"},"primaryImageOfPage":{"@id":"https:\/\/shop.verlag.uni-potsdam.de\/en\/shop\/philosophie-der-menschenrechte-in-theorie-und-praxis\/#primaryimage"},"image":{"@id":"https:\/\/shop.verlag.uni-potsdam.de\/shop\/philosophie-der-menschenrechte-in-theorie-und-praxis\/#primaryimage"},"thumbnailUrl":"https:\/\/shop.verlag.uni-potsdam.de\/wp-content\/uploads\/asolmerce\/image-978-3-86956-419-7.jpg","datePublished":"2026-03-23T08:54:30+00:00","dateModified":"2026-03-23T10:55:30+00:00","breadcrumb":{"@id":"https:\/\/shop.verlag.uni-potsdam.de\/en\/shop\/philosophie-der-menschenrechte-in-theorie-und-praxis\/#breadcrumb"},"inLanguage":"en-US","potentialAction":[{"@type":"ReadAction","target":[["https:\/\/shop.verlag.uni-potsdam.de\/en\/shop\/philosophie-der-menschenrechte-in-theorie-und-praxis\/"]]}]},{"@type":"ImageObject","inLanguage":"en-US","@id":"https:\/\/shop.verlag.uni-potsdam.de\/en\/shop\/philosophie-der-menschenrechte-in-theorie-und-praxis\/#primaryimage","url":"https:\/\/shop.verlag.uni-potsdam.de\/wp-content\/uploads\/asolmerce\/image-978-3-86956-419-7.jpg","contentUrl":"https:\/\/shop.verlag.uni-potsdam.de\/wp-content\/uploads\/asolmerce\/image-978-3-86956-419-7.jpg","width":1166,"height":1654},{"@type":"BreadcrumbList","@id":"https:\/\/shop.verlag.uni-potsdam.de\/en\/shop\/philosophie-der-menschenrechte-in-theorie-und-praxis\/#breadcrumb","itemListElement":[{"@type":"ListItem","position":1,"name":"Startseite","item":"https:\/\/shop.verlag.uni-potsdam.de\/en\/"},{"@type":"ListItem","position":2,"name":"Shop","item":"https:\/\/shop.verlag.uni-potsdam.de\/en\/shop\/"},{"@type":"ListItem","position":3,"name":"Philosophie der Menschenrechte in Theorie und Praxis"}]},{"@type":"WebSite","@id":"https:\/\/shop.verlag.uni-potsdam.de\/en\/#website","url":"https:\/\/shop.verlag.uni-potsdam.de\/en\/","name":"Universit\u00e4tsverlag Potsdam","description":"","publisher":{"@id":"https:\/\/shop.verlag.uni-potsdam.de\/en\/#organization"},"potentialAction":[{"@type":"SearchAction","target":{"@type":"EntryPoint","urlTemplate":"https:\/\/shop.verlag.uni-potsdam.de\/en\/?s={search_term_string}"},"query-input":{"@type":"PropertyValueSpecification","valueRequired":true,"valueName":"search_term_string"}}],"inLanguage":"en-US"},{"@type":"Organization","@id":"https:\/\/shop.verlag.uni-potsdam.de\/en\/#organization","name":"Universit\u00e4tsverlag Potsdam","url":"https:\/\/shop.verlag.uni-potsdam.de\/en\/","logo":{"@type":"ImageObject","inLanguage":"en-US","@id":"https:\/\/shop.verlag.uni-potsdam.de\/en\/#\/schema\/logo\/image\/","url":"https:\/\/shop.verlag.uni-potsdam.de\/wp-content\/uploads\/2017\/04\/up_logo_university_2.png","contentUrl":"https:\/\/shop.verlag.uni-potsdam.de\/wp-content\/uploads\/2017\/04\/up_logo_university_2.png","width":160,"height":172,"caption":"Universit\u00e4tsverlag Potsdam"},"image":{"@id":"https:\/\/shop.verlag.uni-potsdam.de\/en\/#\/schema\/logo\/image\/"}}]}},"_links":{"self":[{"href":"https:\/\/shop.verlag.uni-potsdam.de\/en\/wp-json\/wp\/v2\/product\/55234","targetHints":{"allow":["GET"]}}],"collection":[{"href":"https:\/\/shop.verlag.uni-potsdam.de\/en\/wp-json\/wp\/v2\/product"}],"about":[{"href":"https:\/\/shop.verlag.uni-potsdam.de\/en\/wp-json\/wp\/v2\/types\/product"}],"wp:featuredmedia":[{"embeddable":true,"href":"https:\/\/shop.verlag.uni-potsdam.de\/en\/wp-json\/wp\/v2\/media\/55236"}],"wp:attachment":[{"href":"https:\/\/shop.verlag.uni-potsdam.de\/en\/wp-json\/wp\/v2\/media?parent=55234"}],"wp:term":[{"taxonomy":"product_brand","embeddable":true,"href":"https:\/\/shop.verlag.uni-potsdam.de\/en\/wp-json\/wp\/v2\/product_brand?post=55234"},{"taxonomy":"product_cat","embeddable":true,"href":"https:\/\/shop.verlag.uni-potsdam.de\/en\/wp-json\/wp\/v2\/product_cat?post=55234"},{"taxonomy":"product_tag","embeddable":true,"href":"https:\/\/shop.verlag.uni-potsdam.de\/en\/wp-json\/wp\/v2\/product_tag?post=55234"}],"curies":[{"name":"wp","href":"https:\/\/api.w.org\/{rel}","templated":true}]}}