{"id":55475,"date":"2026-03-23T08:54:47","date_gmt":"2026-03-23T08:54:47","guid":{"rendered":"https:\/\/shop.verlag.uni-potsdam.de\/shop\/www-brand2-begegnung-mit-dem-fremde-die-roemer-in-den-provinzen-zweites-brandenburger-antike-denkwerk\/"},"modified":"2026-03-23T11:55:47","modified_gmt":"2026-03-23T10:55:47","slug":"www-brand2-begegnung-mit-dem-fremden-die-roemer-in-den-provinzen","status":"publish","type":"product","link":"https:\/\/shop.verlag.uni-potsdam.de\/en\/shop\/www-brand2-begegnung-mit-dem-fremden-die-roemer-in-den-provinzen\/","title":{"rendered":"www.BrAnD2. Begegnung mit dem Fremden. Die R\u00f6mer in den Provinzen"},"content":{"rendered":"<p class=\"qtranxs-available-languages-message qtranxs-available-languages-message-en\">Sorry, this entry is only available in <a href=\"https:\/\/shop.verlag.uni-potsdam.de\/de\/wp-json\/wp\/v2\/product\/55475\" class=\"qtranxs-available-language-link qtranxs-available-language-link-de\" title=\"Deutsch\">Deutsch<\/a>.<\/p><p><\/p>\n<div>\u201eBegegnung mit dem Fremden\u201c ist das Thema einer Zusatzrunde des zweiten Brandenburger Antike-Denkwerks, das Lateinsch\u00fcler ausgew\u00e4hlter Brandenburger Gymnasien f\u00fcr die Antike begeistern will und von der Robert Bosch Stiftung gef\u00f6rdert wird.<\/div>\n<div><\/div>\n<p>Der vorliegende Band enth\u00e4lt die Impulsvortr\u00e4ge des 13. Potsdamer Lateintages im Oktober und des Sonderlateintages im Dezember 2017: Prof. Dr. Anja Kl\u00f6ckner er\u00f6rtert den Einfluss des Mithras-Kults auf die r\u00f6misch-germanische Bev\u00f6lkerung am Limes; PD Dr. Nicola H\u00f6mke stellt Originalbriefe r\u00f6mischer Soldaten vor, die vom nordenglischen Hadrianswall stammen, wo Legion\u00e4re und keltische Einheimische aufeinandertrafen. Dr. Hermann Kr\u00fcssel pr\u00e4sentiert anhand des Poblicius-Denkmals seine Erkenntnisse zum Leben im augusteischen K\u00f6ln. Au\u00dferdem sind die kreativen und fachlich fundierten Pr\u00e4sentationen dokumentiert, die die Sch\u00fcler zusammen mit ihren studentischen Mentoren im Laufe mehrerer Monate erarbeiteten und auf einem eigenen Sch\u00fclerkongress im M\u00e4rz 2018 vorstellten.<\/p>","protected":false},"excerpt":{"rendered":"<p class=\"qtranxs-available-languages-message qtranxs-available-languages-message-en\">Sorry, this entry is only available in <a href=\"https:\/\/shop.verlag.uni-potsdam.de\/de\/wp-json\/wp\/v2\/product\/55475\" class=\"qtranxs-available-language-link qtranxs-available-language-link-de\" title=\"Deutsch\">Deutsch<\/a>.<\/p>\n<div>\u201eBegegnung mit dem Fremden\u201c ist das Thema einer Zusatzrunde des zweiten Brandenburger Antike-Denkwerks, das Lateinsch\u00fcler ausgew\u00e4hlter Brandenburger Gymnasien f\u00fcr die Antike begeistern will und von der Robert Bosch Stiftung gef\u00f6rdert wird.<\/div>\n<div><\/div>\n<p>Der vorliegende Band enth\u00e4lt die Impulsvortr\u00e4ge des 13. Potsdamer Lateintages im Oktober und des Sonderlateintages im Dezember 2017: Prof. Dr. Anja Kl\u00f6ckner er\u00f6rtert den Einfluss des Mithras-Kults auf die r\u00f6misch-germanische Bev\u00f6lkerung am Limes; PD Dr. Nicola H\u00f6mke stellt Originalbriefe r\u00f6mischer Soldaten vor, die vom nordenglischen Hadrianswall stammen, wo Legion\u00e4re und keltische Einheimische aufeinandertrafen. Dr. Hermann Kr\u00fcssel pr\u00e4sentiert anhand des Poblicius-Denkmals seine Erkenntnisse zum Leben im augusteischen K\u00f6ln. Au\u00dferdem sind die kreativen und fachlich fundierten Pr\u00e4sentationen dokumentiert, die die Sch\u00fcler zusammen mit ihren studentischen Mentoren im Laufe mehrerer Monate erarbeiteten und auf einem eigenen Sch\u00fclerkongress im M\u00e4rz 2018 vorstellten.<\/p>\n","protected":false},"featured_media":55600,"template":"","meta":{"_acf_changed":false},"product_brand":[],"product_cat":[6207,6220],"product_tag":[5750],"class_list":{"0":"post-55475","1":"product","2":"type-product","3":"status-publish","4":"has-post-thumbnail","6":"product_cat-geschichte-web-kategorie","7":"product_cat-paedagogik-web-kategorie","8":"product_tag-potsdamer-lateintag-provinz-roemer-fachdidaktik-latein-brandenburger-antike-denkwerk","9":"autor-alexandra-forst","10":"autor-anja-kloeckner","11":"autor-crischan-becher","12":"autor-franziska-stolpe","13":"autor-gloria-herholc","14":"autor-hermann-kruessel","15":"autor-markus-hoerty","16":"autor-nicola-hoemke","17":"autor-thilo-ryndin","18":"autor-viktoria-ludwig","20":"first","21":"instock","22":"shipping-taxable","23":"purchasable","24":"product-type-simple"},"acf":[],"yoast_head":"<!-- This site is optimized with the Yoast SEO plugin v27.1.1 - https:\/\/yoast.com\/product\/yoast-seo-wordpress\/ -->\n<title>www.BrAnD2. Begegnung mit dem Fremden. Die R\u00f6mer in den Provinzen - Universit\u00e4tsverlag Potsdam<\/title>\n<meta name=\"robots\" content=\"index, follow, max-snippet:-1, max-image-preview:large, max-video-preview:-1\" \/>\n<link rel=\"canonical\" href=\"https:\/\/shop.verlag.uni-potsdam.de\/en\/shop\/www-brand2-begegnung-mit-dem-fremden-die-roemer-in-den-provinzen\/\" \/>\n<meta property=\"og:locale\" content=\"en_US\" \/>\n<meta property=\"og:type\" content=\"article\" \/>\n<meta property=\"og:title\" content=\"www.BrAnD2. Begegnung mit dem Fremden. Die R\u00f6mer in den Provinzen - Universit\u00e4tsverlag Potsdam\" \/>\n<meta property=\"og:description\" content=\"\u201eBegegnung mit dem Fremden\u201c ist das Thema einer Zusatzrunde des zweiten Brandenburger Antike-Denkwerks, das Lateinsch\u00fcler ausgew\u00e4hlter Brandenburger Gymnasien f\u00fcr die Antike begeistern will und von der Robert Bosch Stiftung gef\u00f6rdert wird.Der vorliegende Band enth\u00e4lt die Impulsvortr\u00e4ge des 13. Potsdamer Lateintages im Oktober und des Sonderlateintages im Dezember 2017: Prof. Dr. Anja Kl\u00f6ckner er\u00f6rtert den Einfluss des Mithras-Kults auf die r\u00f6misch-germanische Bev\u00f6lkerung am Limes; PD Dr. Nicola H\u00f6mke stellt Originalbriefe r\u00f6mischer Soldaten vor, die vom nordenglischen Hadrianswall stammen, wo Legion\u00e4re und keltische Einheimische aufeinandertrafen. Dr. Hermann Kr\u00fcssel pr\u00e4sentiert anhand des Poblicius-Denkmals seine Erkenntnisse zum Leben im augusteischen K\u00f6ln. Au\u00dferdem sind die kreativen und fachlich fundierten Pr\u00e4sentationen dokumentiert, die die Sch\u00fcler zusammen mit ihren studentischen Mentoren im Laufe mehrerer Monate erarbeiteten und auf einem eigenen Sch\u00fclerkongress im M\u00e4rz 2018 vorstellten.\" \/>\n<meta property=\"og:url\" content=\"https:\/\/shop.verlag.uni-potsdam.de\/en\/shop\/www-brand2-begegnung-mit-dem-fremden-die-roemer-in-den-provinzen\/\" \/>\n<meta property=\"og:site_name\" content=\"Universit\u00e4tsverlag Potsdam\" \/>\n<meta property=\"article:modified_time\" content=\"2026-03-23T10:55:47+00:00\" \/>\n<meta property=\"og:image\" content=\"https:\/\/shop.verlag.uni-potsdam.de\/wp-content\/uploads\/asolmerce\/image-978-3-86956-439-5.jpg\" \/>\n\t<meta property=\"og:image:width\" content=\"1166\" \/>\n\t<meta property=\"og:image:height\" content=\"1654\" \/>\n\t<meta property=\"og:image:type\" content=\"image\/jpeg\" \/>\n<meta name=\"twitter:card\" content=\"summary_large_image\" \/>\n<meta name=\"twitter:label1\" content=\"Est. reading time\" \/>\n\t<meta name=\"twitter:data1\" content=\"1 minute\" \/>\n<script type=\"application\/ld+json\" class=\"yoast-schema-graph\">{\"@context\":\"https:\/\/schema.org\",\"@graph\":[{\"@type\":\"WebPage\",\"@id\":\"https:\/\/shop.verlag.uni-potsdam.de\/en\/shop\/www-brand2-begegnung-mit-dem-fremden-die-roemer-in-den-provinzen\/\",\"url\":\"https:\/\/shop.verlag.uni-potsdam.de\/en\/shop\/www-brand2-begegnung-mit-dem-fremden-die-roemer-in-den-provinzen\/\",\"name\":\"www.BrAnD2. Begegnung mit dem Fremden. Die R\u00f6mer in den Provinzen - Universit\u00e4tsverlag Potsdam\",\"isPartOf\":{\"@id\":\"https:\/\/shop.verlag.uni-potsdam.de\/en\/#website\"},\"primaryImageOfPage\":{\"@id\":\"https:\/\/shop.verlag.uni-potsdam.de\/en\/shop\/www-brand2-begegnung-mit-dem-fremden-die-roemer-in-den-provinzen\/#primaryimage\"},\"image\":{\"@id\":\"https:\/\/shop.verlag.uni-potsdam.de\/shop\/www-brand2-begegnung-mit-dem-fremden-die-roemer-in-den-provinzen\/#primaryimage\"},\"thumbnailUrl\":\"https:\/\/shop.verlag.uni-potsdam.de\/wp-content\/uploads\/asolmerce\/image-978-3-86956-439-5.jpg\",\"datePublished\":\"2026-03-23T08:54:47+00:00\",\"dateModified\":\"2026-03-23T10:55:47+00:00\",\"breadcrumb\":{\"@id\":\"https:\/\/shop.verlag.uni-potsdam.de\/en\/shop\/www-brand2-begegnung-mit-dem-fremden-die-roemer-in-den-provinzen\/#breadcrumb\"},\"inLanguage\":\"en-US\",\"potentialAction\":[{\"@type\":\"ReadAction\",\"target\":[[\"https:\/\/shop.verlag.uni-potsdam.de\/en\/shop\/www-brand2-begegnung-mit-dem-fremden-die-roemer-in-den-provinzen\/\"]]}]},{\"@type\":\"ImageObject\",\"inLanguage\":\"en-US\",\"@id\":\"https:\/\/shop.verlag.uni-potsdam.de\/en\/shop\/www-brand2-begegnung-mit-dem-fremden-die-roemer-in-den-provinzen\/#primaryimage\",\"url\":\"https:\/\/shop.verlag.uni-potsdam.de\/wp-content\/uploads\/asolmerce\/image-978-3-86956-439-5.jpg\",\"contentUrl\":\"https:\/\/shop.verlag.uni-potsdam.de\/wp-content\/uploads\/asolmerce\/image-978-3-86956-439-5.jpg\",\"width\":1166,\"height\":1654},{\"@type\":\"BreadcrumbList\",\"@id\":\"https:\/\/shop.verlag.uni-potsdam.de\/en\/shop\/www-brand2-begegnung-mit-dem-fremden-die-roemer-in-den-provinzen\/#breadcrumb\",\"itemListElement\":[{\"@type\":\"ListItem\",\"position\":1,\"name\":\"Startseite\",\"item\":\"https:\/\/shop.verlag.uni-potsdam.de\/en\/\"},{\"@type\":\"ListItem\",\"position\":2,\"name\":\"Shop\",\"item\":\"https:\/\/shop.verlag.uni-potsdam.de\/en\/shop\/\"},{\"@type\":\"ListItem\",\"position\":3,\"name\":\"www.BrAnD2. Begegnung mit dem Fremden. Die R\u00f6mer in den Provinzen\"}]},{\"@type\":\"WebSite\",\"@id\":\"https:\/\/shop.verlag.uni-potsdam.de\/en\/#website\",\"url\":\"https:\/\/shop.verlag.uni-potsdam.de\/en\/\",\"name\":\"Universit\u00e4tsverlag Potsdam\",\"description\":\"\",\"publisher\":{\"@id\":\"https:\/\/shop.verlag.uni-potsdam.de\/en\/#organization\"},\"potentialAction\":[{\"@type\":\"SearchAction\",\"target\":{\"@type\":\"EntryPoint\",\"urlTemplate\":\"https:\/\/shop.verlag.uni-potsdam.de\/en\/?s={search_term_string}\"},\"query-input\":{\"@type\":\"PropertyValueSpecification\",\"valueRequired\":true,\"valueName\":\"search_term_string\"}}],\"inLanguage\":\"en-US\"},{\"@type\":\"Organization\",\"@id\":\"https:\/\/shop.verlag.uni-potsdam.de\/en\/#organization\",\"name\":\"Universit\u00e4tsverlag Potsdam\",\"url\":\"https:\/\/shop.verlag.uni-potsdam.de\/en\/\",\"logo\":{\"@type\":\"ImageObject\",\"inLanguage\":\"en-US\",\"@id\":\"https:\/\/shop.verlag.uni-potsdam.de\/en\/#\/schema\/logo\/image\/\",\"url\":\"https:\/\/shop.verlag.uni-potsdam.de\/wp-content\/uploads\/2017\/04\/up_logo_university_2.png\",\"contentUrl\":\"https:\/\/shop.verlag.uni-potsdam.de\/wp-content\/uploads\/2017\/04\/up_logo_university_2.png\",\"width\":160,\"height\":172,\"caption\":\"Universit\u00e4tsverlag Potsdam\"},\"image\":{\"@id\":\"https:\/\/shop.verlag.uni-potsdam.de\/en\/#\/schema\/logo\/image\/\"}}]}<\/script>\n<!-- \/ Yoast SEO plugin. -->","yoast_head_json":{"title":"www.BrAnD2. Begegnung mit dem Fremden. Die R\u00f6mer in den Provinzen - Universit\u00e4tsverlag Potsdam","robots":{"index":"index","follow":"follow","max-snippet":"max-snippet:-1","max-image-preview":"max-image-preview:large","max-video-preview":"max-video-preview:-1"},"canonical":"https:\/\/shop.verlag.uni-potsdam.de\/en\/shop\/www-brand2-begegnung-mit-dem-fremden-die-roemer-in-den-provinzen\/","og_locale":"en_US","og_type":"article","og_title":"www.BrAnD2. Begegnung mit dem Fremden. Die R\u00f6mer in den Provinzen - Universit\u00e4tsverlag Potsdam","og_description":"\u201eBegegnung mit dem Fremden\u201c ist das Thema einer Zusatzrunde des zweiten Brandenburger Antike-Denkwerks, das Lateinsch\u00fcler ausgew\u00e4hlter Brandenburger Gymnasien f\u00fcr die Antike begeistern will und von der Robert Bosch Stiftung gef\u00f6rdert wird.Der vorliegende Band enth\u00e4lt die Impulsvortr\u00e4ge des 13. Potsdamer Lateintages im Oktober und des Sonderlateintages im Dezember 2017: Prof. Dr. Anja Kl\u00f6ckner er\u00f6rtert den Einfluss des Mithras-Kults auf die r\u00f6misch-germanische Bev\u00f6lkerung am Limes; PD Dr. Nicola H\u00f6mke stellt Originalbriefe r\u00f6mischer Soldaten vor, die vom nordenglischen Hadrianswall stammen, wo Legion\u00e4re und keltische Einheimische aufeinandertrafen. Dr. Hermann Kr\u00fcssel pr\u00e4sentiert anhand des Poblicius-Denkmals seine Erkenntnisse zum Leben im augusteischen K\u00f6ln. Au\u00dferdem sind die kreativen und fachlich fundierten Pr\u00e4sentationen dokumentiert, die die Sch\u00fcler zusammen mit ihren studentischen Mentoren im Laufe mehrerer Monate erarbeiteten und auf einem eigenen Sch\u00fclerkongress im M\u00e4rz 2018 vorstellten.","og_url":"https:\/\/shop.verlag.uni-potsdam.de\/en\/shop\/www-brand2-begegnung-mit-dem-fremden-die-roemer-in-den-provinzen\/","og_site_name":"Universit\u00e4tsverlag Potsdam","article_modified_time":"2026-03-23T10:55:47+00:00","og_image":[{"width":1166,"height":1654,"url":"https:\/\/shop.verlag.uni-potsdam.de\/wp-content\/uploads\/asolmerce\/image-978-3-86956-439-5.jpg","type":"image\/jpeg"}],"twitter_card":"summary_large_image","twitter_misc":{"Est. reading time":"1 minute"},"schema":{"@context":"https:\/\/schema.org","@graph":[{"@type":"WebPage","@id":"https:\/\/shop.verlag.uni-potsdam.de\/en\/shop\/www-brand2-begegnung-mit-dem-fremden-die-roemer-in-den-provinzen\/","url":"https:\/\/shop.verlag.uni-potsdam.de\/en\/shop\/www-brand2-begegnung-mit-dem-fremden-die-roemer-in-den-provinzen\/","name":"www.BrAnD2. Begegnung mit dem Fremden. Die R\u00f6mer in den Provinzen - Universit\u00e4tsverlag Potsdam","isPartOf":{"@id":"https:\/\/shop.verlag.uni-potsdam.de\/en\/#website"},"primaryImageOfPage":{"@id":"https:\/\/shop.verlag.uni-potsdam.de\/en\/shop\/www-brand2-begegnung-mit-dem-fremden-die-roemer-in-den-provinzen\/#primaryimage"},"image":{"@id":"https:\/\/shop.verlag.uni-potsdam.de\/shop\/www-brand2-begegnung-mit-dem-fremden-die-roemer-in-den-provinzen\/#primaryimage"},"thumbnailUrl":"https:\/\/shop.verlag.uni-potsdam.de\/wp-content\/uploads\/asolmerce\/image-978-3-86956-439-5.jpg","datePublished":"2026-03-23T08:54:47+00:00","dateModified":"2026-03-23T10:55:47+00:00","breadcrumb":{"@id":"https:\/\/shop.verlag.uni-potsdam.de\/en\/shop\/www-brand2-begegnung-mit-dem-fremden-die-roemer-in-den-provinzen\/#breadcrumb"},"inLanguage":"en-US","potentialAction":[{"@type":"ReadAction","target":[["https:\/\/shop.verlag.uni-potsdam.de\/en\/shop\/www-brand2-begegnung-mit-dem-fremden-die-roemer-in-den-provinzen\/"]]}]},{"@type":"ImageObject","inLanguage":"en-US","@id":"https:\/\/shop.verlag.uni-potsdam.de\/en\/shop\/www-brand2-begegnung-mit-dem-fremden-die-roemer-in-den-provinzen\/#primaryimage","url":"https:\/\/shop.verlag.uni-potsdam.de\/wp-content\/uploads\/asolmerce\/image-978-3-86956-439-5.jpg","contentUrl":"https:\/\/shop.verlag.uni-potsdam.de\/wp-content\/uploads\/asolmerce\/image-978-3-86956-439-5.jpg","width":1166,"height":1654},{"@type":"BreadcrumbList","@id":"https:\/\/shop.verlag.uni-potsdam.de\/en\/shop\/www-brand2-begegnung-mit-dem-fremden-die-roemer-in-den-provinzen\/#breadcrumb","itemListElement":[{"@type":"ListItem","position":1,"name":"Startseite","item":"https:\/\/shop.verlag.uni-potsdam.de\/en\/"},{"@type":"ListItem","position":2,"name":"Shop","item":"https:\/\/shop.verlag.uni-potsdam.de\/en\/shop\/"},{"@type":"ListItem","position":3,"name":"www.BrAnD2. Begegnung mit dem Fremden. Die R\u00f6mer in den Provinzen"}]},{"@type":"WebSite","@id":"https:\/\/shop.verlag.uni-potsdam.de\/en\/#website","url":"https:\/\/shop.verlag.uni-potsdam.de\/en\/","name":"Universit\u00e4tsverlag Potsdam","description":"","publisher":{"@id":"https:\/\/shop.verlag.uni-potsdam.de\/en\/#organization"},"potentialAction":[{"@type":"SearchAction","target":{"@type":"EntryPoint","urlTemplate":"https:\/\/shop.verlag.uni-potsdam.de\/en\/?s={search_term_string}"},"query-input":{"@type":"PropertyValueSpecification","valueRequired":true,"valueName":"search_term_string"}}],"inLanguage":"en-US"},{"@type":"Organization","@id":"https:\/\/shop.verlag.uni-potsdam.de\/en\/#organization","name":"Universit\u00e4tsverlag Potsdam","url":"https:\/\/shop.verlag.uni-potsdam.de\/en\/","logo":{"@type":"ImageObject","inLanguage":"en-US","@id":"https:\/\/shop.verlag.uni-potsdam.de\/en\/#\/schema\/logo\/image\/","url":"https:\/\/shop.verlag.uni-potsdam.de\/wp-content\/uploads\/2017\/04\/up_logo_university_2.png","contentUrl":"https:\/\/shop.verlag.uni-potsdam.de\/wp-content\/uploads\/2017\/04\/up_logo_university_2.png","width":160,"height":172,"caption":"Universit\u00e4tsverlag Potsdam"},"image":{"@id":"https:\/\/shop.verlag.uni-potsdam.de\/en\/#\/schema\/logo\/image\/"}}]}},"_links":{"self":[{"href":"https:\/\/shop.verlag.uni-potsdam.de\/en\/wp-json\/wp\/v2\/product\/55475","targetHints":{"allow":["GET"]}}],"collection":[{"href":"https:\/\/shop.verlag.uni-potsdam.de\/en\/wp-json\/wp\/v2\/product"}],"about":[{"href":"https:\/\/shop.verlag.uni-potsdam.de\/en\/wp-json\/wp\/v2\/types\/product"}],"wp:featuredmedia":[{"embeddable":true,"href":"https:\/\/shop.verlag.uni-potsdam.de\/en\/wp-json\/wp\/v2\/media\/55600"}],"wp:attachment":[{"href":"https:\/\/shop.verlag.uni-potsdam.de\/en\/wp-json\/wp\/v2\/media?parent=55475"}],"wp:term":[{"taxonomy":"product_brand","embeddable":true,"href":"https:\/\/shop.verlag.uni-potsdam.de\/en\/wp-json\/wp\/v2\/product_brand?post=55475"},{"taxonomy":"product_cat","embeddable":true,"href":"https:\/\/shop.verlag.uni-potsdam.de\/en\/wp-json\/wp\/v2\/product_cat?post=55475"},{"taxonomy":"product_tag","embeddable":true,"href":"https:\/\/shop.verlag.uni-potsdam.de\/en\/wp-json\/wp\/v2\/product_tag?post=55475"}],"curies":[{"name":"wp","href":"https:\/\/api.w.org\/{rel}","templated":true}]}}