{"id":55562,"date":"2026-03-23T08:54:47","date_gmt":"2026-03-23T08:54:47","guid":{"rendered":"https:\/\/shop.verlag.uni-potsdam.de\/shop\/universitaetscampus-golm-geschichte-und-rundgang\/"},"modified":"2026-03-23T11:55:47","modified_gmt":"2026-03-23T10:55:47","slug":"der-universitaetscampus-golm","status":"publish","type":"product","link":"https:\/\/shop.verlag.uni-potsdam.de\/en\/shop\/der-universitaetscampus-golm\/","title":{"rendered":"Der Universit\u00e4tscampus Golm"},"content":{"rendered":"<p class=\"qtranxs-available-languages-message qtranxs-available-languages-message-en\">Sorry, this entry is only available in <a href=\"https:\/\/shop.verlag.uni-potsdam.de\/de\/wp-json\/wp\/v2\/product\/55562\" class=\"qtranxs-available-language-link qtranxs-available-language-link-de\" title=\"Deutsch\">Deutsch<\/a>.<\/p><p><\/p>\n<div>Westlich der Potsdamer Innenstadt liegt der Campus Golm, der gr\u00f6\u00dfte Standort der Universit\u00e4t Potsdam. Die sehr verschiedenen Geb\u00e4ude erz\u00e4hlen von den zahlreichen Institutionen, die im Laufe der Zeit auf dem Areal angesiedelt waren: Ab Mitte der 1930er Jahre befand sich hier die Walther-Wever-Kaserne, in der ab 1943 die Luftnachrichtenabteilung Oberbefehlshaber der Luftwaffe untergebracht war. 1951 zog eine Ausbildungseinrichtung des Ministeriums f\u00fcr Staatssicherheit ein, die \u2013 unter verschiedenen Namen \u2013 bis 1989 bestand. Im Juli 1991 \u00fcbernahm die neu gegr\u00fcndete Universit\u00e4t Potsdam die Liegenschaften, die heute Teil des Wissenschaftsparks Golm sind.<\/div>\n<div>Das Buch f\u00fchrt durch die Geschichte des Standortes und l\u00e4dt ein zu einem Spaziergang \u00fcber den heutigen Campus der Universit\u00e4t. Mit \u00fcber 110 Fotos und einem detaillierten Lageplan.<\/div>\n<p><\/p>","protected":false},"excerpt":{"rendered":"<p class=\"qtranxs-available-languages-message qtranxs-available-languages-message-en\">Sorry, this entry is only available in <a href=\"https:\/\/shop.verlag.uni-potsdam.de\/de\/wp-json\/wp\/v2\/product\/55562\" class=\"qtranxs-available-language-link qtranxs-available-language-link-de\" title=\"Deutsch\">Deutsch<\/a>.<\/p>\n<div>Westlich der Potsdamer Innenstadt liegt der Campus Golm, der gr\u00f6\u00dfte Standort der Universit\u00e4t Potsdam. Die sehr verschiedenen Geb\u00e4ude erz\u00e4hlen von den zahlreichen Institutionen, die im Laufe der Zeit auf dem Areal angesiedelt waren: Ab Mitte der 1930er Jahre befand sich hier die Walther-Wever-Kaserne, in der ab 1943 die Luftnachrichtenabteilung Oberbefehlshaber der Luftwaffe untergebracht war. 1951 zog eine Ausbildungseinrichtung des Ministeriums f\u00fcr Staatssicherheit ein, die \u2013 unter verschiedenen Namen \u2013 bis 1989 bestand. Im Juli 1991 \u00fcbernahm die neu gegr\u00fcndete Universit\u00e4t Potsdam die Liegenschaften, die heute Teil des Wissenschaftsparks Golm sind.<\/div>\n<div>Das Buch f\u00fchrt durch die Geschichte des Standortes und l\u00e4dt ein zu einem Spaziergang \u00fcber den heutigen Campus der Universit\u00e4t. Mit \u00fcber 110 Fotos und einem detaillierten Lageplan.<\/div>\n","protected":false},"featured_media":55669,"template":"","meta":{"_acf_changed":false},"product_brand":[],"product_cat":[6207],"product_tag":[6049],"class_list":{"0":"post-55562","1":"product","2":"type-product","3":"status-publish","4":"has-post-thumbnail","6":"product_cat-geschichte-web-kategorie","7":"product_tag-geschichte-golm-universitaet-potsdam","8":"autor-leonie-kayser","10":"first","11":"instock","12":"shipping-taxable","13":"purchasable","14":"product-type-simple"},"acf":[],"yoast_head":"<!-- This site is optimized with the Yoast SEO plugin v27.1.1 - https:\/\/yoast.com\/product\/yoast-seo-wordpress\/ -->\n<title>Der Universit\u00e4tscampus Golm - Universit\u00e4tsverlag Potsdam<\/title>\n<meta name=\"robots\" content=\"index, follow, max-snippet:-1, max-image-preview:large, max-video-preview:-1\" \/>\n<link rel=\"canonical\" href=\"https:\/\/shop.verlag.uni-potsdam.de\/en\/shop\/der-universitaetscampus-golm\/\" \/>\n<meta property=\"og:locale\" content=\"en_US\" \/>\n<meta property=\"og:type\" content=\"article\" \/>\n<meta property=\"og:title\" content=\"Der Universit\u00e4tscampus Golm - Universit\u00e4tsverlag Potsdam\" \/>\n<meta property=\"og:description\" content=\"Westlich der Potsdamer Innenstadt liegt der Campus Golm, der gr\u00f6\u00dfte Standort der Universit\u00e4t Potsdam. Die sehr verschiedenen Geb\u00e4ude erz\u00e4hlen von den zahlreichen Institutionen, die im Laufe der Zeit auf dem Areal angesiedelt waren: Ab Mitte der 1930er Jahre befand sich hier die Walther-Wever-Kaserne, in der ab 1943 die Luftnachrichtenabteilung Oberbefehlshaber der Luftwaffe untergebracht war. 1951 zog eine Ausbildungseinrichtung des Ministeriums f\u00fcr Staatssicherheit ein, die \u2013 unter verschiedenen Namen \u2013 bis 1989 bestand. Im Juli 1991 \u00fcbernahm die neu gegr\u00fcndete Universit\u00e4t Potsdam die Liegenschaften, die heute Teil des Wissenschaftsparks Golm sind.Das Buch f\u00fchrt durch die Geschichte des Standortes und l\u00e4dt ein zu einem Spaziergang \u00fcber den heutigen Campus der Universit\u00e4t. Mit \u00fcber 110 Fotos und einem detaillierten Lageplan.\" \/>\n<meta property=\"og:url\" content=\"https:\/\/shop.verlag.uni-potsdam.de\/en\/shop\/der-universitaetscampus-golm\/\" \/>\n<meta property=\"og:site_name\" content=\"Universit\u00e4tsverlag Potsdam\" \/>\n<meta property=\"article:modified_time\" content=\"2026-03-23T10:55:47+00:00\" \/>\n<meta property=\"og:image\" content=\"https:\/\/shop.verlag.uni-potsdam.de\/wp-content\/uploads\/asolmerce\/image-978-3-86956-451-7.jpg\" \/>\n\t<meta property=\"og:image:width\" content=\"2560\" \/>\n\t<meta property=\"og:image:height\" content=\"2555\" \/>\n\t<meta property=\"og:image:type\" content=\"image\/jpeg\" \/>\n<meta name=\"twitter:card\" content=\"summary_large_image\" \/>\n<meta name=\"twitter:label1\" content=\"Est. reading time\" \/>\n\t<meta name=\"twitter:data1\" content=\"1 minute\" \/>\n<script type=\"application\/ld+json\" class=\"yoast-schema-graph\">{\"@context\":\"https:\/\/schema.org\",\"@graph\":[{\"@type\":\"WebPage\",\"@id\":\"https:\/\/shop.verlag.uni-potsdam.de\/en\/shop\/der-universitaetscampus-golm\/\",\"url\":\"https:\/\/shop.verlag.uni-potsdam.de\/en\/shop\/der-universitaetscampus-golm\/\",\"name\":\"Der Universit\u00e4tscampus Golm - Universit\u00e4tsverlag Potsdam\",\"isPartOf\":{\"@id\":\"https:\/\/shop.verlag.uni-potsdam.de\/en\/#website\"},\"primaryImageOfPage\":{\"@id\":\"https:\/\/shop.verlag.uni-potsdam.de\/en\/shop\/der-universitaetscampus-golm\/#primaryimage\"},\"image\":{\"@id\":\"https:\/\/shop.verlag.uni-potsdam.de\/shop\/der-universitaetscampus-golm\/#primaryimage\"},\"thumbnailUrl\":\"https:\/\/shop.verlag.uni-potsdam.de\/wp-content\/uploads\/asolmerce\/image-978-3-86956-451-7.jpg\",\"datePublished\":\"2026-03-23T08:54:47+00:00\",\"dateModified\":\"2026-03-23T10:55:47+00:00\",\"breadcrumb\":{\"@id\":\"https:\/\/shop.verlag.uni-potsdam.de\/en\/shop\/der-universitaetscampus-golm\/#breadcrumb\"},\"inLanguage\":\"en-US\",\"potentialAction\":[{\"@type\":\"ReadAction\",\"target\":[[\"https:\/\/shop.verlag.uni-potsdam.de\/en\/shop\/der-universitaetscampus-golm\/\"]]}]},{\"@type\":\"ImageObject\",\"inLanguage\":\"en-US\",\"@id\":\"https:\/\/shop.verlag.uni-potsdam.de\/en\/shop\/der-universitaetscampus-golm\/#primaryimage\",\"url\":\"https:\/\/shop.verlag.uni-potsdam.de\/wp-content\/uploads\/asolmerce\/image-978-3-86956-451-7.jpg\",\"contentUrl\":\"https:\/\/shop.verlag.uni-potsdam.de\/wp-content\/uploads\/asolmerce\/image-978-3-86956-451-7.jpg\",\"width\":2560,\"height\":2555},{\"@type\":\"BreadcrumbList\",\"@id\":\"https:\/\/shop.verlag.uni-potsdam.de\/en\/shop\/der-universitaetscampus-golm\/#breadcrumb\",\"itemListElement\":[{\"@type\":\"ListItem\",\"position\":1,\"name\":\"Startseite\",\"item\":\"https:\/\/shop.verlag.uni-potsdam.de\/en\/\"},{\"@type\":\"ListItem\",\"position\":2,\"name\":\"Shop\",\"item\":\"https:\/\/shop.verlag.uni-potsdam.de\/en\/shop\/\"},{\"@type\":\"ListItem\",\"position\":3,\"name\":\"Der Universit\u00e4tscampus Golm\"}]},{\"@type\":\"WebSite\",\"@id\":\"https:\/\/shop.verlag.uni-potsdam.de\/en\/#website\",\"url\":\"https:\/\/shop.verlag.uni-potsdam.de\/en\/\",\"name\":\"Universit\u00e4tsverlag Potsdam\",\"description\":\"\",\"publisher\":{\"@id\":\"https:\/\/shop.verlag.uni-potsdam.de\/en\/#organization\"},\"potentialAction\":[{\"@type\":\"SearchAction\",\"target\":{\"@type\":\"EntryPoint\",\"urlTemplate\":\"https:\/\/shop.verlag.uni-potsdam.de\/en\/?s={search_term_string}\"},\"query-input\":{\"@type\":\"PropertyValueSpecification\",\"valueRequired\":true,\"valueName\":\"search_term_string\"}}],\"inLanguage\":\"en-US\"},{\"@type\":\"Organization\",\"@id\":\"https:\/\/shop.verlag.uni-potsdam.de\/en\/#organization\",\"name\":\"Universit\u00e4tsverlag Potsdam\",\"url\":\"https:\/\/shop.verlag.uni-potsdam.de\/en\/\",\"logo\":{\"@type\":\"ImageObject\",\"inLanguage\":\"en-US\",\"@id\":\"https:\/\/shop.verlag.uni-potsdam.de\/en\/#\/schema\/logo\/image\/\",\"url\":\"https:\/\/shop.verlag.uni-potsdam.de\/wp-content\/uploads\/2017\/04\/up_logo_university_2.png\",\"contentUrl\":\"https:\/\/shop.verlag.uni-potsdam.de\/wp-content\/uploads\/2017\/04\/up_logo_university_2.png\",\"width\":160,\"height\":172,\"caption\":\"Universit\u00e4tsverlag Potsdam\"},\"image\":{\"@id\":\"https:\/\/shop.verlag.uni-potsdam.de\/en\/#\/schema\/logo\/image\/\"}}]}<\/script>\n<!-- \/ Yoast SEO plugin. -->","yoast_head_json":{"title":"Der Universit\u00e4tscampus Golm - Universit\u00e4tsverlag Potsdam","robots":{"index":"index","follow":"follow","max-snippet":"max-snippet:-1","max-image-preview":"max-image-preview:large","max-video-preview":"max-video-preview:-1"},"canonical":"https:\/\/shop.verlag.uni-potsdam.de\/en\/shop\/der-universitaetscampus-golm\/","og_locale":"en_US","og_type":"article","og_title":"Der Universit\u00e4tscampus Golm - Universit\u00e4tsverlag Potsdam","og_description":"Westlich der Potsdamer Innenstadt liegt der Campus Golm, der gr\u00f6\u00dfte Standort der Universit\u00e4t Potsdam. Die sehr verschiedenen Geb\u00e4ude erz\u00e4hlen von den zahlreichen Institutionen, die im Laufe der Zeit auf dem Areal angesiedelt waren: Ab Mitte der 1930er Jahre befand sich hier die Walther-Wever-Kaserne, in der ab 1943 die Luftnachrichtenabteilung Oberbefehlshaber der Luftwaffe untergebracht war. 1951 zog eine Ausbildungseinrichtung des Ministeriums f\u00fcr Staatssicherheit ein, die \u2013 unter verschiedenen Namen \u2013 bis 1989 bestand. Im Juli 1991 \u00fcbernahm die neu gegr\u00fcndete Universit\u00e4t Potsdam die Liegenschaften, die heute Teil des Wissenschaftsparks Golm sind.Das Buch f\u00fchrt durch die Geschichte des Standortes und l\u00e4dt ein zu einem Spaziergang \u00fcber den heutigen Campus der Universit\u00e4t. Mit \u00fcber 110 Fotos und einem detaillierten Lageplan.","og_url":"https:\/\/shop.verlag.uni-potsdam.de\/en\/shop\/der-universitaetscampus-golm\/","og_site_name":"Universit\u00e4tsverlag Potsdam","article_modified_time":"2026-03-23T10:55:47+00:00","og_image":[{"width":2560,"height":2555,"url":"https:\/\/shop.verlag.uni-potsdam.de\/wp-content\/uploads\/asolmerce\/image-978-3-86956-451-7.jpg","type":"image\/jpeg"}],"twitter_card":"summary_large_image","twitter_misc":{"Est. reading time":"1 minute"},"schema":{"@context":"https:\/\/schema.org","@graph":[{"@type":"WebPage","@id":"https:\/\/shop.verlag.uni-potsdam.de\/en\/shop\/der-universitaetscampus-golm\/","url":"https:\/\/shop.verlag.uni-potsdam.de\/en\/shop\/der-universitaetscampus-golm\/","name":"Der Universit\u00e4tscampus Golm - Universit\u00e4tsverlag Potsdam","isPartOf":{"@id":"https:\/\/shop.verlag.uni-potsdam.de\/en\/#website"},"primaryImageOfPage":{"@id":"https:\/\/shop.verlag.uni-potsdam.de\/en\/shop\/der-universitaetscampus-golm\/#primaryimage"},"image":{"@id":"https:\/\/shop.verlag.uni-potsdam.de\/shop\/der-universitaetscampus-golm\/#primaryimage"},"thumbnailUrl":"https:\/\/shop.verlag.uni-potsdam.de\/wp-content\/uploads\/asolmerce\/image-978-3-86956-451-7.jpg","datePublished":"2026-03-23T08:54:47+00:00","dateModified":"2026-03-23T10:55:47+00:00","breadcrumb":{"@id":"https:\/\/shop.verlag.uni-potsdam.de\/en\/shop\/der-universitaetscampus-golm\/#breadcrumb"},"inLanguage":"en-US","potentialAction":[{"@type":"ReadAction","target":[["https:\/\/shop.verlag.uni-potsdam.de\/en\/shop\/der-universitaetscampus-golm\/"]]}]},{"@type":"ImageObject","inLanguage":"en-US","@id":"https:\/\/shop.verlag.uni-potsdam.de\/en\/shop\/der-universitaetscampus-golm\/#primaryimage","url":"https:\/\/shop.verlag.uni-potsdam.de\/wp-content\/uploads\/asolmerce\/image-978-3-86956-451-7.jpg","contentUrl":"https:\/\/shop.verlag.uni-potsdam.de\/wp-content\/uploads\/asolmerce\/image-978-3-86956-451-7.jpg","width":2560,"height":2555},{"@type":"BreadcrumbList","@id":"https:\/\/shop.verlag.uni-potsdam.de\/en\/shop\/der-universitaetscampus-golm\/#breadcrumb","itemListElement":[{"@type":"ListItem","position":1,"name":"Startseite","item":"https:\/\/shop.verlag.uni-potsdam.de\/en\/"},{"@type":"ListItem","position":2,"name":"Shop","item":"https:\/\/shop.verlag.uni-potsdam.de\/en\/shop\/"},{"@type":"ListItem","position":3,"name":"Der Universit\u00e4tscampus Golm"}]},{"@type":"WebSite","@id":"https:\/\/shop.verlag.uni-potsdam.de\/en\/#website","url":"https:\/\/shop.verlag.uni-potsdam.de\/en\/","name":"Universit\u00e4tsverlag Potsdam","description":"","publisher":{"@id":"https:\/\/shop.verlag.uni-potsdam.de\/en\/#organization"},"potentialAction":[{"@type":"SearchAction","target":{"@type":"EntryPoint","urlTemplate":"https:\/\/shop.verlag.uni-potsdam.de\/en\/?s={search_term_string}"},"query-input":{"@type":"PropertyValueSpecification","valueRequired":true,"valueName":"search_term_string"}}],"inLanguage":"en-US"},{"@type":"Organization","@id":"https:\/\/shop.verlag.uni-potsdam.de\/en\/#organization","name":"Universit\u00e4tsverlag Potsdam","url":"https:\/\/shop.verlag.uni-potsdam.de\/en\/","logo":{"@type":"ImageObject","inLanguage":"en-US","@id":"https:\/\/shop.verlag.uni-potsdam.de\/en\/#\/schema\/logo\/image\/","url":"https:\/\/shop.verlag.uni-potsdam.de\/wp-content\/uploads\/2017\/04\/up_logo_university_2.png","contentUrl":"https:\/\/shop.verlag.uni-potsdam.de\/wp-content\/uploads\/2017\/04\/up_logo_university_2.png","width":160,"height":172,"caption":"Universit\u00e4tsverlag Potsdam"},"image":{"@id":"https:\/\/shop.verlag.uni-potsdam.de\/en\/#\/schema\/logo\/image\/"}}]}},"_links":{"self":[{"href":"https:\/\/shop.verlag.uni-potsdam.de\/en\/wp-json\/wp\/v2\/product\/55562","targetHints":{"allow":["GET"]}}],"collection":[{"href":"https:\/\/shop.verlag.uni-potsdam.de\/en\/wp-json\/wp\/v2\/product"}],"about":[{"href":"https:\/\/shop.verlag.uni-potsdam.de\/en\/wp-json\/wp\/v2\/types\/product"}],"wp:featuredmedia":[{"embeddable":true,"href":"https:\/\/shop.verlag.uni-potsdam.de\/en\/wp-json\/wp\/v2\/media\/55669"}],"wp:attachment":[{"href":"https:\/\/shop.verlag.uni-potsdam.de\/en\/wp-json\/wp\/v2\/media?parent=55562"}],"wp:term":[{"taxonomy":"product_brand","embeddable":true,"href":"https:\/\/shop.verlag.uni-potsdam.de\/en\/wp-json\/wp\/v2\/product_brand?post=55562"},{"taxonomy":"product_cat","embeddable":true,"href":"https:\/\/shop.verlag.uni-potsdam.de\/en\/wp-json\/wp\/v2\/product_cat?post=55562"},{"taxonomy":"product_tag","embeddable":true,"href":"https:\/\/shop.verlag.uni-potsdam.de\/en\/wp-json\/wp\/v2\/product_tag?post=55562"}],"curies":[{"name":"wp","href":"https:\/\/api.w.org\/{rel}","templated":true}]}}