{"id":55571,"date":"2026-04-27T05:35:24","date_gmt":"2026-04-27T05:35:24","guid":{"rendered":"https:\/\/shop.verlag.uni-potsdam.de\/shop\/ns-raubgut\/"},"modified":"2026-04-27T09:36:24","modified_gmt":"2026-04-27T07:36:24","slug":"ns-raubgut","status":"publish","type":"product","link":"https:\/\/shop.verlag.uni-potsdam.de\/en\/shop\/ns-raubgut\/","title":{"rendered":"NS-Raubgut"},"content":{"rendered":"<p class=\"qtranxs-available-languages-message qtranxs-available-languages-message-en\">Sorry, this entry is only available in <a href=\"https:\/\/shop.verlag.uni-potsdam.de\/de\/wp-json\/wp\/v2\/product\/55571\" class=\"qtranxs-available-language-link qtranxs-available-language-link-de\" title=\"Deutsch\">Deutsch<\/a>.<\/p><p>NS-Raubgut in der Universit\u00e4tsbibliothek Potsdam? Das Gr\u00fcndungsdatum 1991 der dazugeh\u00f6rigen Universit\u00e4t lie\u00dfe eigentlich nur den Schluss zu, diese Frage mit \u201eNein\u201c zu beantworten. Dennoch wurden hier B\u00fccher, die im Verdacht standen zwischen 1933 und 1945 verfolgungsbedingt entzogen worden zu sein, gefunden. Ein vom Deutschen Zentrum Kulturgutverluste gef\u00f6rdertes Projekt untersuchte daraufhin mehr als 6.000 B\u00fccher des judaistischen Buchbestandes. Die vorliegende Publikation blickt auf das Entstehen dieser Sammlung zur\u00fcck, erkl\u00e4rt die einzelnen Schritte der Provenienzrecherche und zeigt deren Ergebnisse anhand ausgew\u00e4hlter Beispiele, die gleichsam die breite Palette der zu bew\u00e4ltigenden Herausforderungen veranschaulicht.<\/p>","protected":false},"excerpt":{"rendered":"<p class=\"qtranxs-available-languages-message qtranxs-available-languages-message-en\">Sorry, this entry is only available in <a href=\"https:\/\/shop.verlag.uni-potsdam.de\/de\/wp-json\/wp\/v2\/product\/55571\" class=\"qtranxs-available-language-link qtranxs-available-language-link-de\" title=\"Deutsch\">Deutsch<\/a>.<\/p>\n<p>NS-Raubgut in der Universit\u00e4tsbibliothek Potsdam? Das Gr\u00fcndungsdatum 1991 der dazugeh\u00f6rigen Universit\u00e4t lie\u00dfe eigentlich nur den Schluss zu, diese Frage mit \u201eNein\u201c zu beantworten. Dennoch wurden hier B\u00fccher, die im Verdacht standen zwischen 1933 und 1945 verfolgungsbedingt entzogen worden zu sein, gefunden. Ein vom Deutschen Zentrum Kulturgutverluste gef\u00f6rdertes Projekt untersuchte daraufhin mehr als 6.000 B\u00fccher des judaistischen Buchbestandes. Die vorliegende Publikation blickt auf das Entstehen dieser Sammlung zur\u00fcck, erkl\u00e4rt die einzelnen Schritte der Provenienzrecherche und zeigt deren Ergebnisse anhand ausgew\u00e4hlter Beispiele, die gleichsam die breite Palette der zu bew\u00e4ltigenden Herausforderungen veranschaulicht.<\/p>\n","protected":false},"featured_media":55576,"template":"","meta":{"_acf_changed":false},"product_brand":[],"product_cat":[6207,6213,6226],"product_tag":[5676],"class_list":{"0":"post-55571","1":"product","2":"type-product","3":"status-publish","4":"has-post-thumbnail","6":"product_cat-geschichte-web-kategorie","7":"product_cat-kunst-web-kategorie","8":"product_cat-religion-theologie","9":"product_tag-buch-juedisch-ns-raubgut-provenienzforschung-restitution-enteignung-privatbibliothek-bibliotheksbestand","10":"autor-anke-geissler-gruenberg","11":"autor-lisa-trzaska","13":"first","14":"instock","15":"shipping-taxable","16":"purchasable","17":"product-type-simple"},"acf":[],"yoast_head":"<!-- This site is optimized with the Yoast SEO plugin v27.1.1 - https:\/\/yoast.com\/product\/yoast-seo-wordpress\/ -->\n<title>NS-Raubgut - Universit\u00e4tsverlag Potsdam<\/title>\n<meta name=\"robots\" content=\"index, follow, max-snippet:-1, max-image-preview:large, max-video-preview:-1\" \/>\n<link rel=\"canonical\" href=\"https:\/\/shop.verlag.uni-potsdam.de\/en\/shop\/ns-raubgut\/\" \/>\n<meta property=\"og:locale\" content=\"en_US\" \/>\n<meta property=\"og:type\" content=\"article\" \/>\n<meta property=\"og:title\" content=\"NS-Raubgut - Universit\u00e4tsverlag Potsdam\" \/>\n<meta property=\"og:description\" content=\"NS-Raubgut in der Universit\u00e4tsbibliothek Potsdam? Das Gr\u00fcndungsdatum 1991 der dazugeh\u00f6rigen Universit\u00e4t lie\u00dfe eigentlich nur den Schluss zu, diese Frage mit \u201eNein\u201c zu beantworten. Dennoch wurden hier B\u00fccher, die im Verdacht standen zwischen 1933 und 1945 verfolgungsbedingt entzogen worden zu sein, gefunden. Ein vom Deutschen Zentrum Kulturgutverluste gef\u00f6rdertes Projekt untersuchte daraufhin mehr als 6.000 B\u00fccher des judaistischen Buchbestandes. Die vorliegende Publikation blickt auf das Entstehen dieser Sammlung zur\u00fcck, erkl\u00e4rt die einzelnen Schritte der Provenienzrecherche und zeigt deren Ergebnisse anhand ausgew\u00e4hlter Beispiele, die gleichsam die breite Palette der zu bew\u00e4ltigenden Herausforderungen veranschaulicht.\" \/>\n<meta property=\"og:url\" content=\"https:\/\/shop.verlag.uni-potsdam.de\/en\/shop\/ns-raubgut\/\" \/>\n<meta property=\"og:site_name\" content=\"Universit\u00e4tsverlag Potsdam\" \/>\n<meta property=\"article:modified_time\" content=\"2026-04-27T07:36:24+00:00\" \/>\n<meta property=\"og:image\" content=\"https:\/\/shop.verlag.uni-potsdam.de\/wp-content\/uploads\/asolmerce\/image-978-3-86956-445-6.jpg\" \/>\n\t<meta property=\"og:image:width\" content=\"1749\" \/>\n\t<meta property=\"og:image:height\" content=\"2481\" \/>\n\t<meta property=\"og:image:type\" content=\"image\/jpeg\" \/>\n<meta name=\"twitter:card\" content=\"summary_large_image\" \/>\n<script type=\"application\/ld+json\" class=\"yoast-schema-graph\">{\"@context\":\"https:\/\/schema.org\",\"@graph\":[{\"@type\":\"WebPage\",\"@id\":\"https:\/\/shop.verlag.uni-potsdam.de\/en\/shop\/ns-raubgut\/\",\"url\":\"https:\/\/shop.verlag.uni-potsdam.de\/en\/shop\/ns-raubgut\/\",\"name\":\"NS-Raubgut - Universit\u00e4tsverlag Potsdam\",\"isPartOf\":{\"@id\":\"https:\/\/shop.verlag.uni-potsdam.de\/en\/#website\"},\"primaryImageOfPage\":{\"@id\":\"https:\/\/shop.verlag.uni-potsdam.de\/en\/shop\/ns-raubgut\/#primaryimage\"},\"image\":{\"@id\":\"https:\/\/shop.verlag.uni-potsdam.de\/shop\/ns-raubgut\/#primaryimage\"},\"thumbnailUrl\":\"https:\/\/shop.verlag.uni-potsdam.de\/wp-content\/uploads\/asolmerce\/image-978-3-86956-445-6.jpg\",\"datePublished\":\"2026-04-27T05:35:24+00:00\",\"dateModified\":\"2026-04-27T07:36:24+00:00\",\"breadcrumb\":{\"@id\":\"https:\/\/shop.verlag.uni-potsdam.de\/en\/shop\/ns-raubgut\/#breadcrumb\"},\"inLanguage\":\"en-US\",\"potentialAction\":[{\"@type\":\"ReadAction\",\"target\":[[\"https:\/\/shop.verlag.uni-potsdam.de\/en\/shop\/ns-raubgut\/\"]]}]},{\"@type\":\"ImageObject\",\"inLanguage\":\"en-US\",\"@id\":\"https:\/\/shop.verlag.uni-potsdam.de\/en\/shop\/ns-raubgut\/#primaryimage\",\"url\":\"https:\/\/shop.verlag.uni-potsdam.de\/wp-content\/uploads\/asolmerce\/image-978-3-86956-445-6.jpg\",\"contentUrl\":\"https:\/\/shop.verlag.uni-potsdam.de\/wp-content\/uploads\/asolmerce\/image-978-3-86956-445-6.jpg\",\"width\":1749,\"height\":2481},{\"@type\":\"BreadcrumbList\",\"@id\":\"https:\/\/shop.verlag.uni-potsdam.de\/en\/shop\/ns-raubgut\/#breadcrumb\",\"itemListElement\":[{\"@type\":\"ListItem\",\"position\":1,\"name\":\"Startseite\",\"item\":\"https:\/\/shop.verlag.uni-potsdam.de\/en\/\"},{\"@type\":\"ListItem\",\"position\":2,\"name\":\"Shop\",\"item\":\"https:\/\/shop.verlag.uni-potsdam.de\/en\/shop\/\"},{\"@type\":\"ListItem\",\"position\":3,\"name\":\"NS-Raubgut\"}]},{\"@type\":\"WebSite\",\"@id\":\"https:\/\/shop.verlag.uni-potsdam.de\/en\/#website\",\"url\":\"https:\/\/shop.verlag.uni-potsdam.de\/en\/\",\"name\":\"Universit\u00e4tsverlag Potsdam\",\"description\":\"\",\"publisher\":{\"@id\":\"https:\/\/shop.verlag.uni-potsdam.de\/en\/#organization\"},\"potentialAction\":[{\"@type\":\"SearchAction\",\"target\":{\"@type\":\"EntryPoint\",\"urlTemplate\":\"https:\/\/shop.verlag.uni-potsdam.de\/en\/?s={search_term_string}\"},\"query-input\":{\"@type\":\"PropertyValueSpecification\",\"valueRequired\":true,\"valueName\":\"search_term_string\"}}],\"inLanguage\":\"en-US\"},{\"@type\":\"Organization\",\"@id\":\"https:\/\/shop.verlag.uni-potsdam.de\/en\/#organization\",\"name\":\"Universit\u00e4tsverlag Potsdam\",\"url\":\"https:\/\/shop.verlag.uni-potsdam.de\/en\/\",\"logo\":{\"@type\":\"ImageObject\",\"inLanguage\":\"en-US\",\"@id\":\"https:\/\/shop.verlag.uni-potsdam.de\/en\/#\/schema\/logo\/image\/\",\"url\":\"https:\/\/shop.verlag.uni-potsdam.de\/wp-content\/uploads\/2017\/04\/up_logo_university_2.png\",\"contentUrl\":\"https:\/\/shop.verlag.uni-potsdam.de\/wp-content\/uploads\/2017\/04\/up_logo_university_2.png\",\"width\":160,\"height\":172,\"caption\":\"Universit\u00e4tsverlag Potsdam\"},\"image\":{\"@id\":\"https:\/\/shop.verlag.uni-potsdam.de\/en\/#\/schema\/logo\/image\/\"}}]}<\/script>\n<!-- \/ Yoast SEO plugin. -->","yoast_head_json":{"title":"NS-Raubgut - Universit\u00e4tsverlag Potsdam","robots":{"index":"index","follow":"follow","max-snippet":"max-snippet:-1","max-image-preview":"max-image-preview:large","max-video-preview":"max-video-preview:-1"},"canonical":"https:\/\/shop.verlag.uni-potsdam.de\/en\/shop\/ns-raubgut\/","og_locale":"en_US","og_type":"article","og_title":"NS-Raubgut - Universit\u00e4tsverlag Potsdam","og_description":"NS-Raubgut in der Universit\u00e4tsbibliothek Potsdam? Das Gr\u00fcndungsdatum 1991 der dazugeh\u00f6rigen Universit\u00e4t lie\u00dfe eigentlich nur den Schluss zu, diese Frage mit \u201eNein\u201c zu beantworten. Dennoch wurden hier B\u00fccher, die im Verdacht standen zwischen 1933 und 1945 verfolgungsbedingt entzogen worden zu sein, gefunden. Ein vom Deutschen Zentrum Kulturgutverluste gef\u00f6rdertes Projekt untersuchte daraufhin mehr als 6.000 B\u00fccher des judaistischen Buchbestandes. Die vorliegende Publikation blickt auf das Entstehen dieser Sammlung zur\u00fcck, erkl\u00e4rt die einzelnen Schritte der Provenienzrecherche und zeigt deren Ergebnisse anhand ausgew\u00e4hlter Beispiele, die gleichsam die breite Palette der zu bew\u00e4ltigenden Herausforderungen veranschaulicht.","og_url":"https:\/\/shop.verlag.uni-potsdam.de\/en\/shop\/ns-raubgut\/","og_site_name":"Universit\u00e4tsverlag Potsdam","article_modified_time":"2026-04-27T07:36:24+00:00","og_image":[{"width":1749,"height":2481,"url":"https:\/\/shop.verlag.uni-potsdam.de\/wp-content\/uploads\/asolmerce\/image-978-3-86956-445-6.jpg","type":"image\/jpeg"}],"twitter_card":"summary_large_image","schema":{"@context":"https:\/\/schema.org","@graph":[{"@type":"WebPage","@id":"https:\/\/shop.verlag.uni-potsdam.de\/en\/shop\/ns-raubgut\/","url":"https:\/\/shop.verlag.uni-potsdam.de\/en\/shop\/ns-raubgut\/","name":"NS-Raubgut - Universit\u00e4tsverlag Potsdam","isPartOf":{"@id":"https:\/\/shop.verlag.uni-potsdam.de\/en\/#website"},"primaryImageOfPage":{"@id":"https:\/\/shop.verlag.uni-potsdam.de\/en\/shop\/ns-raubgut\/#primaryimage"},"image":{"@id":"https:\/\/shop.verlag.uni-potsdam.de\/shop\/ns-raubgut\/#primaryimage"},"thumbnailUrl":"https:\/\/shop.verlag.uni-potsdam.de\/wp-content\/uploads\/asolmerce\/image-978-3-86956-445-6.jpg","datePublished":"2026-04-27T05:35:24+00:00","dateModified":"2026-04-27T07:36:24+00:00","breadcrumb":{"@id":"https:\/\/shop.verlag.uni-potsdam.de\/en\/shop\/ns-raubgut\/#breadcrumb"},"inLanguage":"en-US","potentialAction":[{"@type":"ReadAction","target":[["https:\/\/shop.verlag.uni-potsdam.de\/en\/shop\/ns-raubgut\/"]]}]},{"@type":"ImageObject","inLanguage":"en-US","@id":"https:\/\/shop.verlag.uni-potsdam.de\/en\/shop\/ns-raubgut\/#primaryimage","url":"https:\/\/shop.verlag.uni-potsdam.de\/wp-content\/uploads\/asolmerce\/image-978-3-86956-445-6.jpg","contentUrl":"https:\/\/shop.verlag.uni-potsdam.de\/wp-content\/uploads\/asolmerce\/image-978-3-86956-445-6.jpg","width":1749,"height":2481},{"@type":"BreadcrumbList","@id":"https:\/\/shop.verlag.uni-potsdam.de\/en\/shop\/ns-raubgut\/#breadcrumb","itemListElement":[{"@type":"ListItem","position":1,"name":"Startseite","item":"https:\/\/shop.verlag.uni-potsdam.de\/en\/"},{"@type":"ListItem","position":2,"name":"Shop","item":"https:\/\/shop.verlag.uni-potsdam.de\/en\/shop\/"},{"@type":"ListItem","position":3,"name":"NS-Raubgut"}]},{"@type":"WebSite","@id":"https:\/\/shop.verlag.uni-potsdam.de\/en\/#website","url":"https:\/\/shop.verlag.uni-potsdam.de\/en\/","name":"Universit\u00e4tsverlag Potsdam","description":"","publisher":{"@id":"https:\/\/shop.verlag.uni-potsdam.de\/en\/#organization"},"potentialAction":[{"@type":"SearchAction","target":{"@type":"EntryPoint","urlTemplate":"https:\/\/shop.verlag.uni-potsdam.de\/en\/?s={search_term_string}"},"query-input":{"@type":"PropertyValueSpecification","valueRequired":true,"valueName":"search_term_string"}}],"inLanguage":"en-US"},{"@type":"Organization","@id":"https:\/\/shop.verlag.uni-potsdam.de\/en\/#organization","name":"Universit\u00e4tsverlag Potsdam","url":"https:\/\/shop.verlag.uni-potsdam.de\/en\/","logo":{"@type":"ImageObject","inLanguage":"en-US","@id":"https:\/\/shop.verlag.uni-potsdam.de\/en\/#\/schema\/logo\/image\/","url":"https:\/\/shop.verlag.uni-potsdam.de\/wp-content\/uploads\/2017\/04\/up_logo_university_2.png","contentUrl":"https:\/\/shop.verlag.uni-potsdam.de\/wp-content\/uploads\/2017\/04\/up_logo_university_2.png","width":160,"height":172,"caption":"Universit\u00e4tsverlag Potsdam"},"image":{"@id":"https:\/\/shop.verlag.uni-potsdam.de\/en\/#\/schema\/logo\/image\/"}}]}},"_links":{"self":[{"href":"https:\/\/shop.verlag.uni-potsdam.de\/en\/wp-json\/wp\/v2\/product\/55571","targetHints":{"allow":["GET"]}}],"collection":[{"href":"https:\/\/shop.verlag.uni-potsdam.de\/en\/wp-json\/wp\/v2\/product"}],"about":[{"href":"https:\/\/shop.verlag.uni-potsdam.de\/en\/wp-json\/wp\/v2\/types\/product"}],"wp:featuredmedia":[{"embeddable":true,"href":"https:\/\/shop.verlag.uni-potsdam.de\/en\/wp-json\/wp\/v2\/media\/55576"}],"wp:attachment":[{"href":"https:\/\/shop.verlag.uni-potsdam.de\/en\/wp-json\/wp\/v2\/media?parent=55571"}],"wp:term":[{"taxonomy":"product_brand","embeddable":true,"href":"https:\/\/shop.verlag.uni-potsdam.de\/en\/wp-json\/wp\/v2\/product_brand?post=55571"},{"taxonomy":"product_cat","embeddable":true,"href":"https:\/\/shop.verlag.uni-potsdam.de\/en\/wp-json\/wp\/v2\/product_cat?post=55571"},{"taxonomy":"product_tag","embeddable":true,"href":"https:\/\/shop.verlag.uni-potsdam.de\/en\/wp-json\/wp\/v2\/product_tag?post=55571"}],"curies":[{"name":"wp","href":"https:\/\/api.w.org\/{rel}","templated":true}]}}