{"id":55652,"date":"2026-04-27T05:32:46","date_gmt":"2026-04-27T05:32:46","guid":{"rendered":"https:\/\/shop.verlag.uni-potsdam.de\/shop\/die-rolle-der-vereinten-nationen-in-der-multilateralen-entwicklungszusammenarbeit-2\/"},"modified":"2026-04-27T09:33:46","modified_gmt":"2026-04-27T07:33:46","slug":"herausforderungen-fuer-die-gegenwaertige-deutsche-un-politik","status":"publish","type":"product","link":"https:\/\/shop.verlag.uni-potsdam.de\/en\/shop\/herausforderungen-fuer-die-gegenwaertige-deutsche-un-politik\/","title":{"rendered":"Herausforderungen f\u00fcr die gegenw\u00e4rtige deutsche UN-Politik"},"content":{"rendered":"<p class=\"qtranxs-available-languages-message qtranxs-available-languages-message-en\">Sorry, this entry is only available in <a href=\"https:\/\/shop.verlag.uni-potsdam.de\/de\/wp-json\/wp\/v2\/product\/55652\" class=\"qtranxs-available-language-link qtranxs-available-language-link-de\" title=\"Deutsch\">Deutsch<\/a>.<\/p><p><\/p>\n<div>Am 30.\u2009Juni\u20092018 fand die vierzehnte Konferenz des Forschungskreises \u00adVereinte Nationen zum Thema \u201eHerausforderungen f\u00fcr die gegenw\u00e4rtige deutsche UN-Politik\u201c statt. <\/div>\n<div>Die Konferenz widmet sich ihrem Schwerpunktthema in drei Vortr\u00e4gen, in denen einerseits die offizielle Sicht des Ausw\u00e4rtigen Amtes dargestellt und andererseits die Herausforderungen aus wissenschaftlicher Perspektive analysiert werden. Tanja Br\u00fchl nimmt hierzu eine Gesamtbetrachtung der deutschen UN-Politik aus rollentheoretischer Sicht vor, w\u00e4hrend Theodor Rathgeber die deutsche Menschenrechtspolitik angesichts der im UN-Menschenrechtsrat bestehenden Herausforderungen untersucht. <\/div>\n<div>Der Band enth\u00e4lt drei weitere Texte, die Forschungsergebnisse zu aktuellen Entwicklungen pr\u00e4sentieren. Klaus H\u00fcfner er\u00f6rtert das aktuelle finanzielle Engagement Deutschlands in den Vereinten Nationen. Yanina Bloch zieht eine Bilanz nach den ersten acht Jahren der T\u00e4tigkeit von UN Women. Helmut Volger analysiert neue Fortschritte bei der Reform der Arbeitsmethoden des UN-Sicherheitsrates.<\/div>\n<p><\/p>","protected":false},"excerpt":{"rendered":"<p class=\"qtranxs-available-languages-message qtranxs-available-languages-message-en\">Sorry, this entry is only available in <a href=\"https:\/\/shop.verlag.uni-potsdam.de\/de\/wp-json\/wp\/v2\/product\/55652\" class=\"qtranxs-available-language-link qtranxs-available-language-link-de\" title=\"Deutsch\">Deutsch<\/a>.<\/p>\n<div>Am 30.\u2009Juni\u20092018 fand die vierzehnte Konferenz des Forschungskreises \u00adVereinte Nationen zum Thema \u201eHerausforderungen f\u00fcr die gegenw\u00e4rtige deutsche UN-Politik\u201c statt. <\/div>\n<div>Die Konferenz widmet sich ihrem Schwerpunktthema in drei Vortr\u00e4gen, in denen einerseits die offizielle Sicht des Ausw\u00e4rtigen Amtes dargestellt und andererseits die Herausforderungen aus wissenschaftlicher Perspektive analysiert werden. Tanja Br\u00fchl nimmt hierzu eine Gesamtbetrachtung der deutschen UN-Politik aus rollentheoretischer Sicht vor, w\u00e4hrend Theodor Rathgeber die deutsche Menschenrechtspolitik angesichts der im UN-Menschenrechtsrat bestehenden Herausforderungen untersucht. <\/div>\n<div>Der Band enth\u00e4lt drei weitere Texte, die Forschungsergebnisse zu aktuellen Entwicklungen pr\u00e4sentieren. Klaus H\u00fcfner er\u00f6rtert das aktuelle finanzielle Engagement Deutschlands in den Vereinten Nationen. Yanina Bloch zieht eine Bilanz nach den ersten acht Jahren der T\u00e4tigkeit von UN Women. Helmut Volger analysiert neue Fortschritte bei der Reform der Arbeitsmethoden des UN-Sicherheitsrates.<\/div>\n","protected":false},"featured_media":55724,"template":"","meta":{"_acf_changed":false},"product_brand":[],"product_cat":[6225],"product_tag":[5462],"class_list":{"0":"post-55652","1":"product","2":"type-product","3":"status-publish","4":"has-post-thumbnail","6":"product_cat-recht-web-kategorie","7":"product_tag-konferenz-vereinte-nationen-niels-annen-heiko-maas-un-menschenrechtsrat-un-women-un-sicherheitsrat","8":"autor-klaus-huefner","9":"autor-tanja-bruehl","10":"autor-theodor-rathgeber","11":"autor-thomas-fitschen","12":"autor-yanina-bloch","14":"first","15":"instock","16":"shipping-taxable","17":"purchasable","18":"product-type-simple"},"acf":[],"yoast_head":"<!-- This site is optimized with the Yoast SEO plugin v27.1.1 - https:\/\/yoast.com\/product\/yoast-seo-wordpress\/ -->\n<title>Herausforderungen f\u00fcr die gegenw\u00e4rtige deutsche UN-Politik - Universit\u00e4tsverlag Potsdam<\/title>\n<meta name=\"robots\" content=\"index, follow, max-snippet:-1, max-image-preview:large, max-video-preview:-1\" \/>\n<link rel=\"canonical\" href=\"https:\/\/shop.verlag.uni-potsdam.de\/en\/shop\/herausforderungen-fuer-die-gegenwaertige-deutsche-un-politik\/\" \/>\n<meta property=\"og:locale\" content=\"en_US\" \/>\n<meta property=\"og:type\" content=\"article\" \/>\n<meta property=\"og:title\" content=\"Herausforderungen f\u00fcr die gegenw\u00e4rtige deutsche UN-Politik - Universit\u00e4tsverlag Potsdam\" \/>\n<meta property=\"og:description\" content=\"Am 30.\u2009Juni\u20092018 fand die vierzehnte Konferenz des Forschungskreises \u00adVereinte Nationen zum Thema \u201eHerausforderungen f\u00fcr die gegenw\u00e4rtige deutsche UN-Politik\u201c statt. Die Konferenz widmet sich ihrem Schwerpunktthema in drei Vortr\u00e4gen, in denen einerseits die offizielle Sicht des Ausw\u00e4rtigen Amtes dargestellt und andererseits die Herausforderungen aus wissenschaftlicher Perspektive analysiert werden. Tanja Br\u00fchl nimmt hierzu eine Gesamtbetrachtung der deutschen UN-Politik aus rollentheoretischer Sicht vor, w\u00e4hrend Theodor Rathgeber die deutsche Menschenrechtspolitik angesichts der im UN-Menschenrechtsrat bestehenden Herausforderungen untersucht. Der Band enth\u00e4lt drei weitere Texte, die Forschungsergebnisse zu aktuellen Entwicklungen pr\u00e4sentieren. Klaus H\u00fcfner er\u00f6rtert das aktuelle finanzielle Engagement Deutschlands in den Vereinten Nationen. Yanina Bloch zieht eine Bilanz nach den ersten acht Jahren der T\u00e4tigkeit von UN Women. Helmut Volger analysiert neue Fortschritte bei der Reform der Arbeitsmethoden des UN-Sicherheitsrates.\" \/>\n<meta property=\"og:url\" content=\"https:\/\/shop.verlag.uni-potsdam.de\/en\/shop\/herausforderungen-fuer-die-gegenwaertige-deutsche-un-politik\/\" \/>\n<meta property=\"og:site_name\" content=\"Universit\u00e4tsverlag Potsdam\" \/>\n<meta property=\"article:modified_time\" content=\"2026-04-27T07:33:46+00:00\" \/>\n<meta property=\"og:image\" content=\"https:\/\/shop.verlag.uni-potsdam.de\/wp-content\/uploads\/asolmerce\/image-978-3-86956-455-5.jpg\" \/>\n\t<meta property=\"og:image:width\" content=\"886\" \/>\n\t<meta property=\"og:image:height\" content=\"1257\" \/>\n\t<meta property=\"og:image:type\" content=\"image\/jpeg\" \/>\n<meta name=\"twitter:card\" content=\"summary_large_image\" \/>\n<meta name=\"twitter:label1\" content=\"Est. reading time\" \/>\n\t<meta name=\"twitter:data1\" content=\"1 minute\" \/>\n<script type=\"application\/ld+json\" class=\"yoast-schema-graph\">{\"@context\":\"https:\/\/schema.org\",\"@graph\":[{\"@type\":\"WebPage\",\"@id\":\"https:\/\/shop.verlag.uni-potsdam.de\/en\/shop\/herausforderungen-fuer-die-gegenwaertige-deutsche-un-politik\/\",\"url\":\"https:\/\/shop.verlag.uni-potsdam.de\/en\/shop\/herausforderungen-fuer-die-gegenwaertige-deutsche-un-politik\/\",\"name\":\"Herausforderungen f\u00fcr die gegenw\u00e4rtige deutsche UN-Politik - Universit\u00e4tsverlag Potsdam\",\"isPartOf\":{\"@id\":\"https:\/\/shop.verlag.uni-potsdam.de\/en\/#website\"},\"primaryImageOfPage\":{\"@id\":\"https:\/\/shop.verlag.uni-potsdam.de\/en\/shop\/herausforderungen-fuer-die-gegenwaertige-deutsche-un-politik\/#primaryimage\"},\"image\":{\"@id\":\"https:\/\/shop.verlag.uni-potsdam.de\/shop\/herausforderungen-fuer-die-gegenwaertige-deutsche-un-politik\/#primaryimage\"},\"thumbnailUrl\":\"https:\/\/shop.verlag.uni-potsdam.de\/wp-content\/uploads\/asolmerce\/image-978-3-86956-455-5.jpg\",\"datePublished\":\"2026-04-27T05:32:46+00:00\",\"dateModified\":\"2026-04-27T07:33:46+00:00\",\"breadcrumb\":{\"@id\":\"https:\/\/shop.verlag.uni-potsdam.de\/en\/shop\/herausforderungen-fuer-die-gegenwaertige-deutsche-un-politik\/#breadcrumb\"},\"inLanguage\":\"en-US\",\"potentialAction\":[{\"@type\":\"ReadAction\",\"target\":[[\"https:\/\/shop.verlag.uni-potsdam.de\/en\/shop\/herausforderungen-fuer-die-gegenwaertige-deutsche-un-politik\/\"]]}]},{\"@type\":\"ImageObject\",\"inLanguage\":\"en-US\",\"@id\":\"https:\/\/shop.verlag.uni-potsdam.de\/en\/shop\/herausforderungen-fuer-die-gegenwaertige-deutsche-un-politik\/#primaryimage\",\"url\":\"https:\/\/shop.verlag.uni-potsdam.de\/wp-content\/uploads\/asolmerce\/image-978-3-86956-455-5.jpg\",\"contentUrl\":\"https:\/\/shop.verlag.uni-potsdam.de\/wp-content\/uploads\/asolmerce\/image-978-3-86956-455-5.jpg\",\"width\":886,\"height\":1257},{\"@type\":\"BreadcrumbList\",\"@id\":\"https:\/\/shop.verlag.uni-potsdam.de\/en\/shop\/herausforderungen-fuer-die-gegenwaertige-deutsche-un-politik\/#breadcrumb\",\"itemListElement\":[{\"@type\":\"ListItem\",\"position\":1,\"name\":\"Startseite\",\"item\":\"https:\/\/shop.verlag.uni-potsdam.de\/en\/\"},{\"@type\":\"ListItem\",\"position\":2,\"name\":\"Shop\",\"item\":\"https:\/\/shop.verlag.uni-potsdam.de\/en\/shop\/\"},{\"@type\":\"ListItem\",\"position\":3,\"name\":\"Herausforderungen f\u00fcr die gegenw\u00e4rtige deutsche UN-Politik\"}]},{\"@type\":\"WebSite\",\"@id\":\"https:\/\/shop.verlag.uni-potsdam.de\/en\/#website\",\"url\":\"https:\/\/shop.verlag.uni-potsdam.de\/en\/\",\"name\":\"Universit\u00e4tsverlag Potsdam\",\"description\":\"\",\"publisher\":{\"@id\":\"https:\/\/shop.verlag.uni-potsdam.de\/en\/#organization\"},\"potentialAction\":[{\"@type\":\"SearchAction\",\"target\":{\"@type\":\"EntryPoint\",\"urlTemplate\":\"https:\/\/shop.verlag.uni-potsdam.de\/en\/?s={search_term_string}\"},\"query-input\":{\"@type\":\"PropertyValueSpecification\",\"valueRequired\":true,\"valueName\":\"search_term_string\"}}],\"inLanguage\":\"en-US\"},{\"@type\":\"Organization\",\"@id\":\"https:\/\/shop.verlag.uni-potsdam.de\/en\/#organization\",\"name\":\"Universit\u00e4tsverlag Potsdam\",\"url\":\"https:\/\/shop.verlag.uni-potsdam.de\/en\/\",\"logo\":{\"@type\":\"ImageObject\",\"inLanguage\":\"en-US\",\"@id\":\"https:\/\/shop.verlag.uni-potsdam.de\/en\/#\/schema\/logo\/image\/\",\"url\":\"https:\/\/shop.verlag.uni-potsdam.de\/wp-content\/uploads\/2017\/04\/up_logo_university_2.png\",\"contentUrl\":\"https:\/\/shop.verlag.uni-potsdam.de\/wp-content\/uploads\/2017\/04\/up_logo_university_2.png\",\"width\":160,\"height\":172,\"caption\":\"Universit\u00e4tsverlag Potsdam\"},\"image\":{\"@id\":\"https:\/\/shop.verlag.uni-potsdam.de\/en\/#\/schema\/logo\/image\/\"}}]}<\/script>\n<!-- \/ Yoast SEO plugin. -->","yoast_head_json":{"title":"Herausforderungen f\u00fcr die gegenw\u00e4rtige deutsche UN-Politik - Universit\u00e4tsverlag Potsdam","robots":{"index":"index","follow":"follow","max-snippet":"max-snippet:-1","max-image-preview":"max-image-preview:large","max-video-preview":"max-video-preview:-1"},"canonical":"https:\/\/shop.verlag.uni-potsdam.de\/en\/shop\/herausforderungen-fuer-die-gegenwaertige-deutsche-un-politik\/","og_locale":"en_US","og_type":"article","og_title":"Herausforderungen f\u00fcr die gegenw\u00e4rtige deutsche UN-Politik - Universit\u00e4tsverlag Potsdam","og_description":"Am 30.\u2009Juni\u20092018 fand die vierzehnte Konferenz des Forschungskreises \u00adVereinte Nationen zum Thema \u201eHerausforderungen f\u00fcr die gegenw\u00e4rtige deutsche UN-Politik\u201c statt. Die Konferenz widmet sich ihrem Schwerpunktthema in drei Vortr\u00e4gen, in denen einerseits die offizielle Sicht des Ausw\u00e4rtigen Amtes dargestellt und andererseits die Herausforderungen aus wissenschaftlicher Perspektive analysiert werden. Tanja Br\u00fchl nimmt hierzu eine Gesamtbetrachtung der deutschen UN-Politik aus rollentheoretischer Sicht vor, w\u00e4hrend Theodor Rathgeber die deutsche Menschenrechtspolitik angesichts der im UN-Menschenrechtsrat bestehenden Herausforderungen untersucht. Der Band enth\u00e4lt drei weitere Texte, die Forschungsergebnisse zu aktuellen Entwicklungen pr\u00e4sentieren. Klaus H\u00fcfner er\u00f6rtert das aktuelle finanzielle Engagement Deutschlands in den Vereinten Nationen. Yanina Bloch zieht eine Bilanz nach den ersten acht Jahren der T\u00e4tigkeit von UN Women. Helmut Volger analysiert neue Fortschritte bei der Reform der Arbeitsmethoden des UN-Sicherheitsrates.","og_url":"https:\/\/shop.verlag.uni-potsdam.de\/en\/shop\/herausforderungen-fuer-die-gegenwaertige-deutsche-un-politik\/","og_site_name":"Universit\u00e4tsverlag Potsdam","article_modified_time":"2026-04-27T07:33:46+00:00","og_image":[{"width":886,"height":1257,"url":"https:\/\/shop.verlag.uni-potsdam.de\/wp-content\/uploads\/asolmerce\/image-978-3-86956-455-5.jpg","type":"image\/jpeg"}],"twitter_card":"summary_large_image","twitter_misc":{"Est. reading time":"1 minute"},"schema":{"@context":"https:\/\/schema.org","@graph":[{"@type":"WebPage","@id":"https:\/\/shop.verlag.uni-potsdam.de\/en\/shop\/herausforderungen-fuer-die-gegenwaertige-deutsche-un-politik\/","url":"https:\/\/shop.verlag.uni-potsdam.de\/en\/shop\/herausforderungen-fuer-die-gegenwaertige-deutsche-un-politik\/","name":"Herausforderungen f\u00fcr die gegenw\u00e4rtige deutsche UN-Politik - Universit\u00e4tsverlag Potsdam","isPartOf":{"@id":"https:\/\/shop.verlag.uni-potsdam.de\/en\/#website"},"primaryImageOfPage":{"@id":"https:\/\/shop.verlag.uni-potsdam.de\/en\/shop\/herausforderungen-fuer-die-gegenwaertige-deutsche-un-politik\/#primaryimage"},"image":{"@id":"https:\/\/shop.verlag.uni-potsdam.de\/shop\/herausforderungen-fuer-die-gegenwaertige-deutsche-un-politik\/#primaryimage"},"thumbnailUrl":"https:\/\/shop.verlag.uni-potsdam.de\/wp-content\/uploads\/asolmerce\/image-978-3-86956-455-5.jpg","datePublished":"2026-04-27T05:32:46+00:00","dateModified":"2026-04-27T07:33:46+00:00","breadcrumb":{"@id":"https:\/\/shop.verlag.uni-potsdam.de\/en\/shop\/herausforderungen-fuer-die-gegenwaertige-deutsche-un-politik\/#breadcrumb"},"inLanguage":"en-US","potentialAction":[{"@type":"ReadAction","target":[["https:\/\/shop.verlag.uni-potsdam.de\/en\/shop\/herausforderungen-fuer-die-gegenwaertige-deutsche-un-politik\/"]]}]},{"@type":"ImageObject","inLanguage":"en-US","@id":"https:\/\/shop.verlag.uni-potsdam.de\/en\/shop\/herausforderungen-fuer-die-gegenwaertige-deutsche-un-politik\/#primaryimage","url":"https:\/\/shop.verlag.uni-potsdam.de\/wp-content\/uploads\/asolmerce\/image-978-3-86956-455-5.jpg","contentUrl":"https:\/\/shop.verlag.uni-potsdam.de\/wp-content\/uploads\/asolmerce\/image-978-3-86956-455-5.jpg","width":886,"height":1257},{"@type":"BreadcrumbList","@id":"https:\/\/shop.verlag.uni-potsdam.de\/en\/shop\/herausforderungen-fuer-die-gegenwaertige-deutsche-un-politik\/#breadcrumb","itemListElement":[{"@type":"ListItem","position":1,"name":"Startseite","item":"https:\/\/shop.verlag.uni-potsdam.de\/en\/"},{"@type":"ListItem","position":2,"name":"Shop","item":"https:\/\/shop.verlag.uni-potsdam.de\/en\/shop\/"},{"@type":"ListItem","position":3,"name":"Herausforderungen f\u00fcr die gegenw\u00e4rtige deutsche UN-Politik"}]},{"@type":"WebSite","@id":"https:\/\/shop.verlag.uni-potsdam.de\/en\/#website","url":"https:\/\/shop.verlag.uni-potsdam.de\/en\/","name":"Universit\u00e4tsverlag Potsdam","description":"","publisher":{"@id":"https:\/\/shop.verlag.uni-potsdam.de\/en\/#organization"},"potentialAction":[{"@type":"SearchAction","target":{"@type":"EntryPoint","urlTemplate":"https:\/\/shop.verlag.uni-potsdam.de\/en\/?s={search_term_string}"},"query-input":{"@type":"PropertyValueSpecification","valueRequired":true,"valueName":"search_term_string"}}],"inLanguage":"en-US"},{"@type":"Organization","@id":"https:\/\/shop.verlag.uni-potsdam.de\/en\/#organization","name":"Universit\u00e4tsverlag Potsdam","url":"https:\/\/shop.verlag.uni-potsdam.de\/en\/","logo":{"@type":"ImageObject","inLanguage":"en-US","@id":"https:\/\/shop.verlag.uni-potsdam.de\/en\/#\/schema\/logo\/image\/","url":"https:\/\/shop.verlag.uni-potsdam.de\/wp-content\/uploads\/2017\/04\/up_logo_university_2.png","contentUrl":"https:\/\/shop.verlag.uni-potsdam.de\/wp-content\/uploads\/2017\/04\/up_logo_university_2.png","width":160,"height":172,"caption":"Universit\u00e4tsverlag Potsdam"},"image":{"@id":"https:\/\/shop.verlag.uni-potsdam.de\/en\/#\/schema\/logo\/image\/"}}]}},"_links":{"self":[{"href":"https:\/\/shop.verlag.uni-potsdam.de\/en\/wp-json\/wp\/v2\/product\/55652","targetHints":{"allow":["GET"]}}],"collection":[{"href":"https:\/\/shop.verlag.uni-potsdam.de\/en\/wp-json\/wp\/v2\/product"}],"about":[{"href":"https:\/\/shop.verlag.uni-potsdam.de\/en\/wp-json\/wp\/v2\/types\/product"}],"wp:featuredmedia":[{"embeddable":true,"href":"https:\/\/shop.verlag.uni-potsdam.de\/en\/wp-json\/wp\/v2\/media\/55724"}],"wp:attachment":[{"href":"https:\/\/shop.verlag.uni-potsdam.de\/en\/wp-json\/wp\/v2\/media?parent=55652"}],"wp:term":[{"taxonomy":"product_brand","embeddable":true,"href":"https:\/\/shop.verlag.uni-potsdam.de\/en\/wp-json\/wp\/v2\/product_brand?post=55652"},{"taxonomy":"product_cat","embeddable":true,"href":"https:\/\/shop.verlag.uni-potsdam.de\/en\/wp-json\/wp\/v2\/product_cat?post=55652"},{"taxonomy":"product_tag","embeddable":true,"href":"https:\/\/shop.verlag.uni-potsdam.de\/en\/wp-json\/wp\/v2\/product_tag?post=55652"}],"curies":[{"name":"wp","href":"https:\/\/api.w.org\/{rel}","templated":true}]}}