{"id":55654,"date":"2026-04-27T05:31:48","date_gmt":"2026-04-27T05:31:48","guid":{"rendered":"https:\/\/shop.verlag.uni-potsdam.de\/shop\/generationenuebergreifender-jiddischismus\/"},"modified":"2026-04-27T09:32:48","modified_gmt":"2026-04-27T07:32:48","slug":"zionistische-debatten-im-kontext-des-ersten-weltkriegs-am-beispiel-der-herzl-bund-blaetter-1914-1918","status":"publish","type":"product","link":"https:\/\/shop.verlag.uni-potsdam.de\/en\/shop\/zionistische-debatten-im-kontext-des-ersten-weltkriegs-am-beispiel-der-herzl-bund-blaetter-1914-1918\/","title":{"rendered":"Zionistische Debatten im Kontext des Ersten Weltkriegs am Beispiel der Herzl-Bund-Bl\u00e4tter 1914\u20131918"},"content":{"rendered":"<p class=\"qtranxs-available-languages-message qtranxs-available-languages-message-en\">Sorry, this entry is only available in <a href=\"https:\/\/shop.verlag.uni-potsdam.de\/de\/wp-json\/wp\/v2\/product\/55654\" class=\"qtranxs-available-language-link qtranxs-available-language-link-de\" title=\"Deutsch\">Deutsch<\/a>.<\/p><p>Die Bedeutung des Ersten Weltkriegs als zentraler Kontext f\u00fcr die Aushandlung, Anpassung und Verwerfung unterschiedlicher Konzepte j\u00fcdischer Identit\u00e4t im Deutschen Kaiserreich, aber auch \u00fcber dessen Grenzen hinaus, wurde in der j\u00fcngsten Forschung in verschiedenen Aspekten er\u00f6rtert. Die Kriegserfahrung gab insbesondere nationalj\u00fcdischen bzw. zionistischen Gruppierungen wichtige Denkanst\u00f6\u00dfe und bef\u00f6rderte die Konkretisierung ihrer Handlungsstrategien f\u00fcr den Aufbau eines j\u00fcdischen Nationalwesens in Pal\u00e4stina. Die vorliegende Studie m\u00f6chte den Fokus historisch-soziologischer Forschung auf der akademischen zionistischen Jugendbewegung erweitern, indem sie eine zionistische Jugendorganisation in den Mittelpunkt r\u00fcckt, die in wissenschaftlichen Betrachtungen bisher kaum Beachtung fand: den 1912 in Halberstadt gegr\u00fcndeten Herzl-Bund, einen Zusammenschluss junger zionistisch gesinnter Kaufleute. Die Autorin unternimmt eine Auseinandersetzung mit dem publizistischen Schaffen seiner Mitglieder im Kontext des Ersten Weltkriegs, anhand derer es nachzuvollziehen gilt, wie die \u201egro\u00dfen Themen\u201c, die die Arbeit und Debatten der zionistischen Bewegung im Deutschen Kaiserreich zu dieser Zeit bestimmten, auf der Ebene des Herzl-Bundes und der in ihm vereinigten Herzl-Clubs verhandelt wurden. Hierbei wird unter R\u00fcckgriff auf die interne Informationsschrift, die Herzl-Bund-Bl\u00e4tter, untersucht, welche inhaltlichen Aspekte Eingang in die Debatten der zionistischen Jugend gefunden haben. Im Mittelpunkt steht die Besprechung dreier Themenkomplexe: 1) deutsch-j\u00fcdischer Nationalismus versus j\u00fcdische Nationalbewegung, 2) Antisemitismus und 3) die Begegnung mit osteurop\u00e4ischen J\u00fcdinnen und Juden. Ziel ist es, diskursive Selbstverst\u00e4ndigungsprozesse entlang dieser Themen offenzulegen, die auch der Beantwortung der Frage dienen, ob die Erfahrungen des Ersten Weltkriegs als Schablonen zur Neubewertung des Selbstverst\u00e4ndnisses und der eigenen Arbeit des Herzl-Bundes verstanden werden k\u00f6nnen.<br \/><\/p>","protected":false},"excerpt":{"rendered":"<p class=\"qtranxs-available-languages-message qtranxs-available-languages-message-en\">Sorry, this entry is only available in <a href=\"https:\/\/shop.verlag.uni-potsdam.de\/de\/wp-json\/wp\/v2\/product\/55654\" class=\"qtranxs-available-language-link qtranxs-available-language-link-de\" title=\"Deutsch\">Deutsch<\/a>.<\/p>\n<p>Die Bedeutung des Ersten Weltkriegs als zentraler Kontext f\u00fcr die Aushandlung, Anpassung und Verwerfung unterschiedlicher Konzepte j\u00fcdischer Identit\u00e4t im Deutschen Kaiserreich, aber auch \u00fcber dessen Grenzen hinaus, wurde in der j\u00fcngsten Forschung in verschiedenen Aspekten er\u00f6rtert. Die Kriegserfahrung gab insbesondere nationalj\u00fcdischen bzw. zionistischen Gruppierungen wichtige Denkanst\u00f6\u00dfe und bef\u00f6rderte die Konkretisierung ihrer Handlungsstrategien f\u00fcr den Aufbau eines j\u00fcdischen Nationalwesens in Pal\u00e4stina. Die vorliegende Studie m\u00f6chte den Fokus historisch-soziologischer Forschung auf der akademischen zionistischen Jugendbewegung erweitern, indem sie eine zionistische Jugendorganisation in den Mittelpunkt r\u00fcckt, die in wissenschaftlichen Betrachtungen bisher kaum Beachtung fand: den 1912 in Halberstadt gegr\u00fcndeten Herzl-Bund, einen Zusammenschluss junger zionistisch gesinnter Kaufleute. Die Autorin unternimmt eine Auseinandersetzung mit dem publizistischen Schaffen seiner Mitglieder im Kontext des Ersten Weltkriegs, anhand derer es nachzuvollziehen gilt, wie die \u201egro\u00dfen Themen\u201c, die die Arbeit und Debatten der zionistischen Bewegung im Deutschen Kaiserreich zu dieser Zeit bestimmten, auf der Ebene des Herzl-Bundes und der in ihm vereinigten Herzl-Clubs verhandelt wurden. Hierbei wird unter R\u00fcckgriff auf die interne Informationsschrift, die Herzl-Bund-Bl\u00e4tter, untersucht, welche inhaltlichen Aspekte Eingang in die Debatten der zionistischen Jugend gefunden haben. Im Mittelpunkt steht die Besprechung dreier Themenkomplexe: 1) deutsch-j\u00fcdischer Nationalismus versus j\u00fcdische Nationalbewegung, 2) Antisemitismus und 3) die Begegnung mit osteurop\u00e4ischen J\u00fcdinnen und Juden. Ziel ist es, diskursive Selbstverst\u00e4ndigungsprozesse entlang dieser Themen offenzulegen, die auch der Beantwortung der Frage dienen, ob die Erfahrungen des Ersten Weltkriegs als Schablonen zur Neubewertung des Selbstverst\u00e4ndnisses und der eigenen Arbeit des Herzl-Bundes verstanden werden k\u00f6nnen.<\/p>\n","protected":false},"featured_media":55813,"template":"","meta":{"_acf_changed":false},"product_brand":[],"product_cat":[6226],"product_tag":[5376],"class_list":{"0":"post-55654","1":"product","2":"type-product","3":"status-publish","4":"has-post-thumbnail","6":"product_cat-religion-theologie","7":"product_tag-ntisemitsmus-erster-weltkrieg-herzl-bund-herzl-bund-blaetter-nationalismus-osteuropaeische-juedinnen-und-juden-zionistische-jugendbewegung","8":"autor-anne-weberling","9":"reihe-pri-ha-pardes","11":"first","12":"instock","13":"shipping-taxable","14":"purchasable","15":"product-type-simple"},"acf":[],"yoast_head":"<!-- This site is optimized with the Yoast SEO plugin v27.1.1 - https:\/\/yoast.com\/product\/yoast-seo-wordpress\/ -->\n<title>Zionistische Debatten im Kontext des Ersten Weltkriegs am Beispiel der Herzl-Bund-Bl\u00e4tter 1914\u20131918 - Universit\u00e4tsverlag Potsdam<\/title>\n<meta name=\"robots\" content=\"index, follow, max-snippet:-1, max-image-preview:large, max-video-preview:-1\" \/>\n<link rel=\"canonical\" href=\"https:\/\/shop.verlag.uni-potsdam.de\/en\/shop\/zionistische-debatten-im-kontext-des-ersten-weltkriegs-am-beispiel-der-herzl-bund-blaetter-1914-1918\/\" \/>\n<meta property=\"og:locale\" content=\"en_US\" \/>\n<meta property=\"og:type\" content=\"article\" \/>\n<meta property=\"og:title\" content=\"Zionistische Debatten im Kontext des Ersten Weltkriegs am Beispiel der Herzl-Bund-Bl\u00e4tter 1914\u20131918 - Universit\u00e4tsverlag Potsdam\" \/>\n<meta property=\"og:description\" content=\"Die Bedeutung des Ersten Weltkriegs als zentraler Kontext f\u00fcr die Aushandlung, Anpassung und Verwerfung unterschiedlicher Konzepte j\u00fcdischer Identit\u00e4t im Deutschen Kaiserreich, aber auch \u00fcber dessen Grenzen hinaus, wurde in der j\u00fcngsten Forschung in verschiedenen Aspekten er\u00f6rtert. Die Kriegserfahrung gab insbesondere nationalj\u00fcdischen bzw. zionistischen Gruppierungen wichtige Denkanst\u00f6\u00dfe und bef\u00f6rderte die Konkretisierung ihrer Handlungsstrategien f\u00fcr den Aufbau eines j\u00fcdischen Nationalwesens in Pal\u00e4stina. Die vorliegende Studie m\u00f6chte den Fokus historisch-soziologischer Forschung auf der akademischen zionistischen Jugendbewegung erweitern, indem sie eine zionistische Jugendorganisation in den Mittelpunkt r\u00fcckt, die in wissenschaftlichen Betrachtungen bisher kaum Beachtung fand: den 1912 in Halberstadt gegr\u00fcndeten Herzl-Bund, einen Zusammenschluss junger zionistisch gesinnter Kaufleute. Die Autorin unternimmt eine Auseinandersetzung mit dem publizistischen Schaffen seiner Mitglieder im Kontext des Ersten Weltkriegs, anhand derer es nachzuvollziehen gilt, wie die \u201egro\u00dfen Themen\u201c, die die Arbeit und Debatten der zionistischen Bewegung im Deutschen Kaiserreich zu dieser Zeit bestimmten, auf der Ebene des Herzl-Bundes und der in ihm vereinigten Herzl-Clubs verhandelt wurden. Hierbei wird unter R\u00fcckgriff auf die interne Informationsschrift, die Herzl-Bund-Bl\u00e4tter, untersucht, welche inhaltlichen Aspekte Eingang in die Debatten der zionistischen Jugend gefunden haben. Im Mittelpunkt steht die Besprechung dreier Themenkomplexe: 1) deutsch-j\u00fcdischer Nationalismus versus j\u00fcdische Nationalbewegung, 2) Antisemitismus und 3) die Begegnung mit osteurop\u00e4ischen J\u00fcdinnen und Juden. Ziel ist es, diskursive Selbstverst\u00e4ndigungsprozesse entlang dieser Themen offenzulegen, die auch der Beantwortung der Frage dienen, ob die Erfahrungen des Ersten Weltkriegs als Schablonen zur Neubewertung des Selbstverst\u00e4ndnisses und der eigenen Arbeit des Herzl-Bundes verstanden werden k\u00f6nnen.\" \/>\n<meta property=\"og:url\" content=\"https:\/\/shop.verlag.uni-potsdam.de\/en\/shop\/zionistische-debatten-im-kontext-des-ersten-weltkriegs-am-beispiel-der-herzl-bund-blaetter-1914-1918\/\" \/>\n<meta property=\"og:site_name\" content=\"Universit\u00e4tsverlag Potsdam\" \/>\n<meta property=\"article:modified_time\" content=\"2026-04-27T07:32:48+00:00\" \/>\n<meta property=\"og:image\" content=\"https:\/\/shop.verlag.uni-potsdam.de\/wp-content\/uploads\/asolmerce\/image-978-3-86956-456-2.jpg\" \/>\n\t<meta property=\"og:image:width\" content=\"781\" \/>\n\t<meta property=\"og:image:height\" content=\"1108\" \/>\n\t<meta property=\"og:image:type\" content=\"image\/jpeg\" \/>\n<meta name=\"twitter:card\" content=\"summary_large_image\" \/>\n<meta name=\"twitter:label1\" content=\"Est. reading time\" \/>\n\t<meta name=\"twitter:data1\" content=\"1 minute\" \/>\n<script type=\"application\/ld+json\" class=\"yoast-schema-graph\">{\"@context\":\"https:\/\/schema.org\",\"@graph\":[{\"@type\":\"WebPage\",\"@id\":\"https:\/\/shop.verlag.uni-potsdam.de\/en\/shop\/zionistische-debatten-im-kontext-des-ersten-weltkriegs-am-beispiel-der-herzl-bund-blaetter-1914-1918\/\",\"url\":\"https:\/\/shop.verlag.uni-potsdam.de\/en\/shop\/zionistische-debatten-im-kontext-des-ersten-weltkriegs-am-beispiel-der-herzl-bund-blaetter-1914-1918\/\",\"name\":\"Zionistische Debatten im Kontext des Ersten Weltkriegs am Beispiel der Herzl-Bund-Bl\u00e4tter 1914\u20131918 - Universit\u00e4tsverlag Potsdam\",\"isPartOf\":{\"@id\":\"https:\/\/shop.verlag.uni-potsdam.de\/en\/#website\"},\"primaryImageOfPage\":{\"@id\":\"https:\/\/shop.verlag.uni-potsdam.de\/en\/shop\/zionistische-debatten-im-kontext-des-ersten-weltkriegs-am-beispiel-der-herzl-bund-blaetter-1914-1918\/#primaryimage\"},\"image\":{\"@id\":\"https:\/\/shop.verlag.uni-potsdam.de\/shop\/zionistische-debatten-im-kontext-des-ersten-weltkriegs-am-beispiel-der-herzl-bund-blaetter-1914-1918\/#primaryimage\"},\"thumbnailUrl\":\"https:\/\/shop.verlag.uni-potsdam.de\/wp-content\/uploads\/asolmerce\/image-978-3-86956-456-2.jpg\",\"datePublished\":\"2026-04-27T05:31:48+00:00\",\"dateModified\":\"2026-04-27T07:32:48+00:00\",\"breadcrumb\":{\"@id\":\"https:\/\/shop.verlag.uni-potsdam.de\/en\/shop\/zionistische-debatten-im-kontext-des-ersten-weltkriegs-am-beispiel-der-herzl-bund-blaetter-1914-1918\/#breadcrumb\"},\"inLanguage\":\"en-US\",\"potentialAction\":[{\"@type\":\"ReadAction\",\"target\":[[\"https:\/\/shop.verlag.uni-potsdam.de\/en\/shop\/zionistische-debatten-im-kontext-des-ersten-weltkriegs-am-beispiel-der-herzl-bund-blaetter-1914-1918\/\"]]}]},{\"@type\":\"ImageObject\",\"inLanguage\":\"en-US\",\"@id\":\"https:\/\/shop.verlag.uni-potsdam.de\/en\/shop\/zionistische-debatten-im-kontext-des-ersten-weltkriegs-am-beispiel-der-herzl-bund-blaetter-1914-1918\/#primaryimage\",\"url\":\"https:\/\/shop.verlag.uni-potsdam.de\/wp-content\/uploads\/asolmerce\/image-978-3-86956-456-2.jpg\",\"contentUrl\":\"https:\/\/shop.verlag.uni-potsdam.de\/wp-content\/uploads\/asolmerce\/image-978-3-86956-456-2.jpg\",\"width\":781,\"height\":1108},{\"@type\":\"BreadcrumbList\",\"@id\":\"https:\/\/shop.verlag.uni-potsdam.de\/en\/shop\/zionistische-debatten-im-kontext-des-ersten-weltkriegs-am-beispiel-der-herzl-bund-blaetter-1914-1918\/#breadcrumb\",\"itemListElement\":[{\"@type\":\"ListItem\",\"position\":1,\"name\":\"Startseite\",\"item\":\"https:\/\/shop.verlag.uni-potsdam.de\/en\/\"},{\"@type\":\"ListItem\",\"position\":2,\"name\":\"Shop\",\"item\":\"https:\/\/shop.verlag.uni-potsdam.de\/en\/shop\/\"},{\"@type\":\"ListItem\",\"position\":3,\"name\":\"Zionistische Debatten im Kontext des Ersten Weltkriegs am Beispiel der Herzl-Bund-Bl\u00e4tter 1914\u20131918\"}]},{\"@type\":\"WebSite\",\"@id\":\"https:\/\/shop.verlag.uni-potsdam.de\/en\/#website\",\"url\":\"https:\/\/shop.verlag.uni-potsdam.de\/en\/\",\"name\":\"Universit\u00e4tsverlag Potsdam\",\"description\":\"\",\"publisher\":{\"@id\":\"https:\/\/shop.verlag.uni-potsdam.de\/en\/#organization\"},\"potentialAction\":[{\"@type\":\"SearchAction\",\"target\":{\"@type\":\"EntryPoint\",\"urlTemplate\":\"https:\/\/shop.verlag.uni-potsdam.de\/en\/?s={search_term_string}\"},\"query-input\":{\"@type\":\"PropertyValueSpecification\",\"valueRequired\":true,\"valueName\":\"search_term_string\"}}],\"inLanguage\":\"en-US\"},{\"@type\":\"Organization\",\"@id\":\"https:\/\/shop.verlag.uni-potsdam.de\/en\/#organization\",\"name\":\"Universit\u00e4tsverlag Potsdam\",\"url\":\"https:\/\/shop.verlag.uni-potsdam.de\/en\/\",\"logo\":{\"@type\":\"ImageObject\",\"inLanguage\":\"en-US\",\"@id\":\"https:\/\/shop.verlag.uni-potsdam.de\/en\/#\/schema\/logo\/image\/\",\"url\":\"https:\/\/shop.verlag.uni-potsdam.de\/wp-content\/uploads\/2017\/04\/up_logo_university_2.png\",\"contentUrl\":\"https:\/\/shop.verlag.uni-potsdam.de\/wp-content\/uploads\/2017\/04\/up_logo_university_2.png\",\"width\":160,\"height\":172,\"caption\":\"Universit\u00e4tsverlag Potsdam\"},\"image\":{\"@id\":\"https:\/\/shop.verlag.uni-potsdam.de\/en\/#\/schema\/logo\/image\/\"}}]}<\/script>\n<!-- \/ Yoast SEO plugin. -->","yoast_head_json":{"title":"Zionistische Debatten im Kontext des Ersten Weltkriegs am Beispiel der Herzl-Bund-Bl\u00e4tter 1914\u20131918 - Universit\u00e4tsverlag Potsdam","robots":{"index":"index","follow":"follow","max-snippet":"max-snippet:-1","max-image-preview":"max-image-preview:large","max-video-preview":"max-video-preview:-1"},"canonical":"https:\/\/shop.verlag.uni-potsdam.de\/en\/shop\/zionistische-debatten-im-kontext-des-ersten-weltkriegs-am-beispiel-der-herzl-bund-blaetter-1914-1918\/","og_locale":"en_US","og_type":"article","og_title":"Zionistische Debatten im Kontext des Ersten Weltkriegs am Beispiel der Herzl-Bund-Bl\u00e4tter 1914\u20131918 - Universit\u00e4tsverlag Potsdam","og_description":"Die Bedeutung des Ersten Weltkriegs als zentraler Kontext f\u00fcr die Aushandlung, Anpassung und Verwerfung unterschiedlicher Konzepte j\u00fcdischer Identit\u00e4t im Deutschen Kaiserreich, aber auch \u00fcber dessen Grenzen hinaus, wurde in der j\u00fcngsten Forschung in verschiedenen Aspekten er\u00f6rtert. Die Kriegserfahrung gab insbesondere nationalj\u00fcdischen bzw. zionistischen Gruppierungen wichtige Denkanst\u00f6\u00dfe und bef\u00f6rderte die Konkretisierung ihrer Handlungsstrategien f\u00fcr den Aufbau eines j\u00fcdischen Nationalwesens in Pal\u00e4stina. Die vorliegende Studie m\u00f6chte den Fokus historisch-soziologischer Forschung auf der akademischen zionistischen Jugendbewegung erweitern, indem sie eine zionistische Jugendorganisation in den Mittelpunkt r\u00fcckt, die in wissenschaftlichen Betrachtungen bisher kaum Beachtung fand: den 1912 in Halberstadt gegr\u00fcndeten Herzl-Bund, einen Zusammenschluss junger zionistisch gesinnter Kaufleute. Die Autorin unternimmt eine Auseinandersetzung mit dem publizistischen Schaffen seiner Mitglieder im Kontext des Ersten Weltkriegs, anhand derer es nachzuvollziehen gilt, wie die \u201egro\u00dfen Themen\u201c, die die Arbeit und Debatten der zionistischen Bewegung im Deutschen Kaiserreich zu dieser Zeit bestimmten, auf der Ebene des Herzl-Bundes und der in ihm vereinigten Herzl-Clubs verhandelt wurden. Hierbei wird unter R\u00fcckgriff auf die interne Informationsschrift, die Herzl-Bund-Bl\u00e4tter, untersucht, welche inhaltlichen Aspekte Eingang in die Debatten der zionistischen Jugend gefunden haben. Im Mittelpunkt steht die Besprechung dreier Themenkomplexe: 1) deutsch-j\u00fcdischer Nationalismus versus j\u00fcdische Nationalbewegung, 2) Antisemitismus und 3) die Begegnung mit osteurop\u00e4ischen J\u00fcdinnen und Juden. Ziel ist es, diskursive Selbstverst\u00e4ndigungsprozesse entlang dieser Themen offenzulegen, die auch der Beantwortung der Frage dienen, ob die Erfahrungen des Ersten Weltkriegs als Schablonen zur Neubewertung des Selbstverst\u00e4ndnisses und der eigenen Arbeit des Herzl-Bundes verstanden werden k\u00f6nnen.","og_url":"https:\/\/shop.verlag.uni-potsdam.de\/en\/shop\/zionistische-debatten-im-kontext-des-ersten-weltkriegs-am-beispiel-der-herzl-bund-blaetter-1914-1918\/","og_site_name":"Universit\u00e4tsverlag Potsdam","article_modified_time":"2026-04-27T07:32:48+00:00","og_image":[{"width":781,"height":1108,"url":"https:\/\/shop.verlag.uni-potsdam.de\/wp-content\/uploads\/asolmerce\/image-978-3-86956-456-2.jpg","type":"image\/jpeg"}],"twitter_card":"summary_large_image","twitter_misc":{"Est. reading time":"1 minute"},"schema":{"@context":"https:\/\/schema.org","@graph":[{"@type":"WebPage","@id":"https:\/\/shop.verlag.uni-potsdam.de\/en\/shop\/zionistische-debatten-im-kontext-des-ersten-weltkriegs-am-beispiel-der-herzl-bund-blaetter-1914-1918\/","url":"https:\/\/shop.verlag.uni-potsdam.de\/en\/shop\/zionistische-debatten-im-kontext-des-ersten-weltkriegs-am-beispiel-der-herzl-bund-blaetter-1914-1918\/","name":"Zionistische Debatten im Kontext des Ersten Weltkriegs am Beispiel der Herzl-Bund-Bl\u00e4tter 1914\u20131918 - Universit\u00e4tsverlag Potsdam","isPartOf":{"@id":"https:\/\/shop.verlag.uni-potsdam.de\/en\/#website"},"primaryImageOfPage":{"@id":"https:\/\/shop.verlag.uni-potsdam.de\/en\/shop\/zionistische-debatten-im-kontext-des-ersten-weltkriegs-am-beispiel-der-herzl-bund-blaetter-1914-1918\/#primaryimage"},"image":{"@id":"https:\/\/shop.verlag.uni-potsdam.de\/shop\/zionistische-debatten-im-kontext-des-ersten-weltkriegs-am-beispiel-der-herzl-bund-blaetter-1914-1918\/#primaryimage"},"thumbnailUrl":"https:\/\/shop.verlag.uni-potsdam.de\/wp-content\/uploads\/asolmerce\/image-978-3-86956-456-2.jpg","datePublished":"2026-04-27T05:31:48+00:00","dateModified":"2026-04-27T07:32:48+00:00","breadcrumb":{"@id":"https:\/\/shop.verlag.uni-potsdam.de\/en\/shop\/zionistische-debatten-im-kontext-des-ersten-weltkriegs-am-beispiel-der-herzl-bund-blaetter-1914-1918\/#breadcrumb"},"inLanguage":"en-US","potentialAction":[{"@type":"ReadAction","target":[["https:\/\/shop.verlag.uni-potsdam.de\/en\/shop\/zionistische-debatten-im-kontext-des-ersten-weltkriegs-am-beispiel-der-herzl-bund-blaetter-1914-1918\/"]]}]},{"@type":"ImageObject","inLanguage":"en-US","@id":"https:\/\/shop.verlag.uni-potsdam.de\/en\/shop\/zionistische-debatten-im-kontext-des-ersten-weltkriegs-am-beispiel-der-herzl-bund-blaetter-1914-1918\/#primaryimage","url":"https:\/\/shop.verlag.uni-potsdam.de\/wp-content\/uploads\/asolmerce\/image-978-3-86956-456-2.jpg","contentUrl":"https:\/\/shop.verlag.uni-potsdam.de\/wp-content\/uploads\/asolmerce\/image-978-3-86956-456-2.jpg","width":781,"height":1108},{"@type":"BreadcrumbList","@id":"https:\/\/shop.verlag.uni-potsdam.de\/en\/shop\/zionistische-debatten-im-kontext-des-ersten-weltkriegs-am-beispiel-der-herzl-bund-blaetter-1914-1918\/#breadcrumb","itemListElement":[{"@type":"ListItem","position":1,"name":"Startseite","item":"https:\/\/shop.verlag.uni-potsdam.de\/en\/"},{"@type":"ListItem","position":2,"name":"Shop","item":"https:\/\/shop.verlag.uni-potsdam.de\/en\/shop\/"},{"@type":"ListItem","position":3,"name":"Zionistische Debatten im Kontext des Ersten Weltkriegs am Beispiel der Herzl-Bund-Bl\u00e4tter 1914\u20131918"}]},{"@type":"WebSite","@id":"https:\/\/shop.verlag.uni-potsdam.de\/en\/#website","url":"https:\/\/shop.verlag.uni-potsdam.de\/en\/","name":"Universit\u00e4tsverlag Potsdam","description":"","publisher":{"@id":"https:\/\/shop.verlag.uni-potsdam.de\/en\/#organization"},"potentialAction":[{"@type":"SearchAction","target":{"@type":"EntryPoint","urlTemplate":"https:\/\/shop.verlag.uni-potsdam.de\/en\/?s={search_term_string}"},"query-input":{"@type":"PropertyValueSpecification","valueRequired":true,"valueName":"search_term_string"}}],"inLanguage":"en-US"},{"@type":"Organization","@id":"https:\/\/shop.verlag.uni-potsdam.de\/en\/#organization","name":"Universit\u00e4tsverlag Potsdam","url":"https:\/\/shop.verlag.uni-potsdam.de\/en\/","logo":{"@type":"ImageObject","inLanguage":"en-US","@id":"https:\/\/shop.verlag.uni-potsdam.de\/en\/#\/schema\/logo\/image\/","url":"https:\/\/shop.verlag.uni-potsdam.de\/wp-content\/uploads\/2017\/04\/up_logo_university_2.png","contentUrl":"https:\/\/shop.verlag.uni-potsdam.de\/wp-content\/uploads\/2017\/04\/up_logo_university_2.png","width":160,"height":172,"caption":"Universit\u00e4tsverlag Potsdam"},"image":{"@id":"https:\/\/shop.verlag.uni-potsdam.de\/en\/#\/schema\/logo\/image\/"}}]}},"_links":{"self":[{"href":"https:\/\/shop.verlag.uni-potsdam.de\/en\/wp-json\/wp\/v2\/product\/55654","targetHints":{"allow":["GET"]}}],"collection":[{"href":"https:\/\/shop.verlag.uni-potsdam.de\/en\/wp-json\/wp\/v2\/product"}],"about":[{"href":"https:\/\/shop.verlag.uni-potsdam.de\/en\/wp-json\/wp\/v2\/types\/product"}],"wp:featuredmedia":[{"embeddable":true,"href":"https:\/\/shop.verlag.uni-potsdam.de\/en\/wp-json\/wp\/v2\/media\/55813"}],"wp:attachment":[{"href":"https:\/\/shop.verlag.uni-potsdam.de\/en\/wp-json\/wp\/v2\/media?parent=55654"}],"wp:term":[{"taxonomy":"product_brand","embeddable":true,"href":"https:\/\/shop.verlag.uni-potsdam.de\/en\/wp-json\/wp\/v2\/product_brand?post=55654"},{"taxonomy":"product_cat","embeddable":true,"href":"https:\/\/shop.verlag.uni-potsdam.de\/en\/wp-json\/wp\/v2\/product_cat?post=55654"},{"taxonomy":"product_tag","embeddable":true,"href":"https:\/\/shop.verlag.uni-potsdam.de\/en\/wp-json\/wp\/v2\/product_tag?post=55654"}],"curies":[{"name":"wp","href":"https:\/\/api.w.org\/{rel}","templated":true}]}}