{"id":55810,"date":"2026-03-23T08:54:54","date_gmt":"2026-03-23T08:54:54","guid":{"rendered":"https:\/\/shop.verlag.uni-potsdam.de\/shop\/ficcion-heretica\/"},"modified":"2026-03-23T11:55:54","modified_gmt":"2026-03-23T10:55:54","slug":"ficcion-heretica","status":"publish","type":"product","link":"https:\/\/shop.verlag.uni-potsdam.de\/en\/shop\/ficcion-heretica\/","title":{"rendered":"Ficci\u00f3n her\u00e9tica"},"content":{"rendered":"<p class=\"qtranxs-available-languages-message qtranxs-available-languages-message-en\">Sorry, this entry is only available in <a href=\"https:\/\/shop.verlag.uni-potsdam.de\/de\/wp-json\/wp\/v2\/product\/55810\" class=\"qtranxs-available-language-link qtranxs-available-language-link-de\" title=\"Deutsch\">Deutsch<\/a>.<\/p><p>Mit der kubanischen Wirtschaftskrise entstanden neue literarische Gestaltungsprozesse nationaler Identit\u00e4tskonstruktionen. Die vorliegende Analyse geht der zeitgen\u00f6ssischen Literatur Kubas nach, in der soziale, kulturelle und politische Paradoxe der post-revolution\u00e4ren Weltanschauung zum Vorschein kommen und der Figur der \u201eInsel\u201c bzw. \u201eInsularit\u00e4t\u201c eine gro\u00dfe Bedeutung f\u00fcr die Neukonfiguration der Nation zukommt.<br \/>Die \u201eInsularit\u00e4t\u201c dr\u00fcckt in literarischen Texten verschiedene Aneignungen des Raumes und somit auch eine Weltanschauungen aus. Die literarische Figur der \u201eInsel\u201c kann hypothetisch als \u201evisuelles Ph\u00e4nomen\u201c (Ette 2002) konzipiert werden, das durch soziokulturelle Umst\u00e4nde konfiguriert wird. Unterschiedliche postkommunistische Erfahrungen bilden sog. \u201eerlebnisweltliche\u201c Repr\u00e4sentationen und somit literarische und soziale Identit\u00e4tsbilder.<br \/>Im Verlauf der Zeit werden die Metapher der \u201eInsel\u201c bzw. der \u201eInsularit\u00e4t\u201c anders beschrieben. Erste Untersuchungen der Metapher der \u201eInsel\u201c bzw. der \u201eInsularit\u00e4t\u201c finden sich in den Texten Noche insular (Lezama Lima 2000) und La isla en peso (Pi\u00f1era 1998). Die Metapher wird in den Begrifflichkeiten der \u201eSimulation\u201c und \u201eDissimulation\u201c (Sarduy 1982) oder auch einer \u201evisuellen Erscheinung\u201c als \u201eGrund-Ekphrasis\u201c (Pimentel 2001) beschrieben. Demgegen\u00fcber stellen sp\u00e4tere Arbeiten die literarische Figur der \u201eInsel\u201c als ein Instrument der Dekonstruktion der Nationalliteratur Kubas dar (Rojas 1998;Nuez 1998, Benitez Rojo 1998). In zeitgen\u00f6ssischen Analysen wird die Metapher in ihrer jeweiligen Beziehungen zur Repr\u00e4sentation und zum \u201eLebenswissen\u201c (Ette 2010) herausgearbeitet.<br \/>Die Repr\u00e4sentation der \u201cInsel\u201d bzw. der \u201cInsularit\u00e4t\u201d wird in der vorliegenden Arbeit anhand des soziokulturellen Kontextes in den letzten drei\u00dfig Jahren u.a. in den Romanen von Abilio Estevez Tuyo es el reino (1998), Atilio Caballero La \u00faltima playa (1999), Daniel D\u00edaz Mantilla Regreso a Utop\u00eda (2007) sowie den Erz\u00e4hlungen von Ena Lucia Portela Huracan (2000), Antonio Jos\u00e9 Ponte Un nuevo arte de hacer ruinas (2005),Emerio Medina Isla (2005), Orlando Lu\u00eds Pardo Tokionama (2009),Ahmel Echeverria Isla (2014) und Anesly Negr\u00edn Isla a mediod\u00eda (2014) untersucht.<\/p>","protected":false},"excerpt":{"rendered":"<p class=\"qtranxs-available-languages-message qtranxs-available-languages-message-en\">Sorry, this entry is only available in <a href=\"https:\/\/shop.verlag.uni-potsdam.de\/de\/wp-json\/wp\/v2\/product\/55810\" class=\"qtranxs-available-language-link qtranxs-available-language-link-de\" title=\"Deutsch\">Deutsch<\/a>.<\/p>\n<p>Mit der kubanischen Wirtschaftskrise entstanden neue literarische Gestaltungsprozesse nationaler Identit\u00e4tskonstruktionen. Die vorliegende Analyse geht der zeitgen\u00f6ssischen Literatur Kubas nach, in der soziale, kulturelle und politische Paradoxe der post-revolution\u00e4ren Weltanschauung zum Vorschein kommen und der Figur der \u201eInsel\u201c bzw. \u201eInsularit\u00e4t\u201c eine gro\u00dfe Bedeutung f\u00fcr die Neukonfiguration der Nation zukommt.<br \/>Die \u201eInsularit\u00e4t\u201c dr\u00fcckt in literarischen Texten verschiedene Aneignungen des Raumes und somit auch eine Weltanschauungen aus. Die literarische Figur der \u201eInsel\u201c kann hypothetisch als \u201evisuelles Ph\u00e4nomen\u201c (Ette 2002) konzipiert werden, das durch soziokulturelle Umst\u00e4nde konfiguriert wird. Unterschiedliche postkommunistische Erfahrungen bilden sog. \u201eerlebnisweltliche\u201c Repr\u00e4sentationen und somit literarische und soziale Identit\u00e4tsbilder.<br \/>Im Verlauf der Zeit werden die Metapher der \u201eInsel\u201c bzw. der \u201eInsularit\u00e4t\u201c anders beschrieben. Erste Untersuchungen der Metapher der \u201eInsel\u201c bzw. der \u201eInsularit\u00e4t\u201c finden sich in den Texten Noche insular (Lezama Lima 2000) und La isla en peso (Pi\u00f1era 1998). Die Metapher wird in den Begrifflichkeiten der \u201eSimulation\u201c und \u201eDissimulation\u201c (Sarduy 1982) oder auch einer \u201evisuellen Erscheinung\u201c als \u201eGrund-Ekphrasis\u201c (Pimentel 2001) beschrieben. Demgegen\u00fcber stellen sp\u00e4tere Arbeiten die literarische Figur der \u201eInsel\u201c als ein Instrument der Dekonstruktion der Nationalliteratur Kubas dar (Rojas 1998;Nuez 1998, Benitez Rojo 1998). In zeitgen\u00f6ssischen Analysen wird die Metapher in ihrer jeweiligen Beziehungen zur Repr\u00e4sentation und zum \u201eLebenswissen\u201c (Ette 2010) herausgearbeitet.<br \/>Die Repr\u00e4sentation der \u201cInsel\u201d bzw. der \u201cInsularit\u00e4t\u201d wird in der vorliegenden Arbeit anhand des soziokulturellen Kontextes in den letzten drei\u00dfig Jahren u.a. in den Romanen von Abilio Estevez Tuyo es el reino (1998), Atilio Caballero La \u00faltima playa (1999), Daniel D\u00edaz Mantilla Regreso a Utop\u00eda (2007) sowie den Erz\u00e4hlungen von Ena Lucia Portela Huracan (2000), Antonio Jos\u00e9 Ponte Un nuevo arte de hacer ruinas (2005),Emerio Medina Isla (2005), Orlando Lu\u00eds Pardo Tokionama (2009),Ahmel Echeverria Isla (2014) und Anesly Negr\u00edn Isla a mediod\u00eda (2014) untersucht.<\/p>\n","protected":false},"featured_media":55818,"template":"","meta":{"_acf_changed":false},"product_brand":[],"product_cat":[6228],"product_tag":[5516],"class_list":{"0":"post-55810","1":"product","2":"type-product","3":"status-publish","4":"has-post-thumbnail","6":"product_cat-romanische-sprachwissenschaft-literaturwissenschaft-web-kategorie","7":"product_tag-insel-literaturkritik-kubanische-literatur-cuban-literature-island-literary-criticism","8":"autor-cuauhtemoc-perez-medrano","10":"first","11":"instock","12":"shipping-taxable","13":"purchasable","14":"product-type-simple"},"acf":[],"yoast_head":"<!-- This site is optimized with the Yoast SEO plugin v27.1.1 - https:\/\/yoast.com\/product\/yoast-seo-wordpress\/ -->\n<title>Ficci\u00f3n her\u00e9tica - Universit\u00e4tsverlag Potsdam<\/title>\n<meta name=\"robots\" content=\"index, follow, max-snippet:-1, max-image-preview:large, max-video-preview:-1\" \/>\n<link rel=\"canonical\" href=\"https:\/\/shop.verlag.uni-potsdam.de\/en\/shop\/ficcion-heretica\/\" \/>\n<meta property=\"og:locale\" content=\"en_US\" \/>\n<meta property=\"og:type\" content=\"article\" \/>\n<meta property=\"og:title\" content=\"Ficci\u00f3n her\u00e9tica - Universit\u00e4tsverlag Potsdam\" \/>\n<meta property=\"og:description\" content=\"Mit der kubanischen Wirtschaftskrise entstanden neue literarische Gestaltungsprozesse nationaler Identit\u00e4tskonstruktionen. Die vorliegende Analyse geht der zeitgen\u00f6ssischen Literatur Kubas nach, in der soziale, kulturelle und politische Paradoxe der post-revolution\u00e4ren Weltanschauung zum Vorschein kommen und der Figur der \u201eInsel\u201c bzw. \u201eInsularit\u00e4t\u201c eine gro\u00dfe Bedeutung f\u00fcr die Neukonfiguration der Nation zukommt.Die \u201eInsularit\u00e4t\u201c dr\u00fcckt in literarischen Texten verschiedene Aneignungen des Raumes und somit auch eine Weltanschauungen aus. Die literarische Figur der \u201eInsel\u201c kann hypothetisch als \u201evisuelles Ph\u00e4nomen\u201c (Ette 2002) konzipiert werden, das durch soziokulturelle Umst\u00e4nde konfiguriert wird. Unterschiedliche postkommunistische Erfahrungen bilden sog. \u201eerlebnisweltliche\u201c Repr\u00e4sentationen und somit literarische und soziale Identit\u00e4tsbilder.Im Verlauf der Zeit werden die Metapher der \u201eInsel\u201c bzw. der \u201eInsularit\u00e4t\u201c anders beschrieben. Erste Untersuchungen der Metapher der \u201eInsel\u201c bzw. der \u201eInsularit\u00e4t\u201c finden sich in den Texten Noche insular (Lezama Lima 2000) und La isla en peso (Pi\u00f1era 1998). Die Metapher wird in den Begrifflichkeiten der \u201eSimulation\u201c und \u201eDissimulation\u201c (Sarduy 1982) oder auch einer \u201evisuellen Erscheinung\u201c als \u201eGrund-Ekphrasis\u201c (Pimentel 2001) beschrieben. Demgegen\u00fcber stellen sp\u00e4tere Arbeiten die literarische Figur der \u201eInsel\u201c als ein Instrument der Dekonstruktion der Nationalliteratur Kubas dar (Rojas 1998;Nuez 1998, Benitez Rojo 1998). In zeitgen\u00f6ssischen Analysen wird die Metapher in ihrer jeweiligen Beziehungen zur Repr\u00e4sentation und zum \u201eLebenswissen\u201c (Ette 2010) herausgearbeitet.Die Repr\u00e4sentation der \u201cInsel\u201d bzw. der \u201cInsularit\u00e4t\u201d wird in der vorliegenden Arbeit anhand des soziokulturellen Kontextes in den letzten drei\u00dfig Jahren u.a. in den Romanen von Abilio Estevez Tuyo es el reino (1998), Atilio Caballero La \u00faltima playa (1999), Daniel D\u00edaz Mantilla Regreso a Utop\u00eda (2007) sowie den Erz\u00e4hlungen von Ena Lucia Portela Huracan (2000), Antonio Jos\u00e9 Ponte Un nuevo arte de hacer ruinas (2005),Emerio Medina Isla (2005), Orlando Lu\u00eds Pardo Tokionama (2009),Ahmel Echeverria Isla (2014) und Anesly Negr\u00edn Isla a mediod\u00eda (2014) untersucht.\" \/>\n<meta property=\"og:url\" content=\"https:\/\/shop.verlag.uni-potsdam.de\/en\/shop\/ficcion-heretica\/\" \/>\n<meta property=\"og:site_name\" content=\"Universit\u00e4tsverlag Potsdam\" \/>\n<meta property=\"article:modified_time\" content=\"2026-03-23T10:55:54+00:00\" \/>\n<meta property=\"og:image\" content=\"https:\/\/shop.verlag.uni-potsdam.de\/wp-content\/uploads\/asolmerce\/image-978-3-86956-454-8.jpg\" \/>\n\t<meta property=\"og:image:width\" content=\"705\" \/>\n\t<meta property=\"og:image:height\" content=\"1000\" \/>\n\t<meta property=\"og:image:type\" content=\"image\/jpeg\" \/>\n<meta name=\"twitter:card\" content=\"summary_large_image\" \/>\n<meta name=\"twitter:label1\" content=\"Est. reading time\" \/>\n\t<meta name=\"twitter:data1\" content=\"2 minutes\" \/>\n<script type=\"application\/ld+json\" class=\"yoast-schema-graph\">{\"@context\":\"https:\/\/schema.org\",\"@graph\":[{\"@type\":\"WebPage\",\"@id\":\"https:\/\/shop.verlag.uni-potsdam.de\/en\/shop\/ficcion-heretica\/\",\"url\":\"https:\/\/shop.verlag.uni-potsdam.de\/en\/shop\/ficcion-heretica\/\",\"name\":\"Ficci\u00f3n her\u00e9tica - Universit\u00e4tsverlag Potsdam\",\"isPartOf\":{\"@id\":\"https:\/\/shop.verlag.uni-potsdam.de\/en\/#website\"},\"primaryImageOfPage\":{\"@id\":\"https:\/\/shop.verlag.uni-potsdam.de\/en\/shop\/ficcion-heretica\/#primaryimage\"},\"image\":{\"@id\":\"https:\/\/shop.verlag.uni-potsdam.de\/shop\/ficcion-heretica\/#primaryimage\"},\"thumbnailUrl\":\"https:\/\/shop.verlag.uni-potsdam.de\/wp-content\/uploads\/asolmerce\/image-978-3-86956-454-8.jpg\",\"datePublished\":\"2026-03-23T08:54:54+00:00\",\"dateModified\":\"2026-03-23T10:55:54+00:00\",\"breadcrumb\":{\"@id\":\"https:\/\/shop.verlag.uni-potsdam.de\/en\/shop\/ficcion-heretica\/#breadcrumb\"},\"inLanguage\":\"en-US\",\"potentialAction\":[{\"@type\":\"ReadAction\",\"target\":[[\"https:\/\/shop.verlag.uni-potsdam.de\/en\/shop\/ficcion-heretica\/\"]]}]},{\"@type\":\"ImageObject\",\"inLanguage\":\"en-US\",\"@id\":\"https:\/\/shop.verlag.uni-potsdam.de\/en\/shop\/ficcion-heretica\/#primaryimage\",\"url\":\"https:\/\/shop.verlag.uni-potsdam.de\/wp-content\/uploads\/asolmerce\/image-978-3-86956-454-8.jpg\",\"contentUrl\":\"https:\/\/shop.verlag.uni-potsdam.de\/wp-content\/uploads\/asolmerce\/image-978-3-86956-454-8.jpg\",\"width\":705,\"height\":1000},{\"@type\":\"BreadcrumbList\",\"@id\":\"https:\/\/shop.verlag.uni-potsdam.de\/en\/shop\/ficcion-heretica\/#breadcrumb\",\"itemListElement\":[{\"@type\":\"ListItem\",\"position\":1,\"name\":\"Startseite\",\"item\":\"https:\/\/shop.verlag.uni-potsdam.de\/en\/\"},{\"@type\":\"ListItem\",\"position\":2,\"name\":\"Shop\",\"item\":\"https:\/\/shop.verlag.uni-potsdam.de\/en\/shop\/\"},{\"@type\":\"ListItem\",\"position\":3,\"name\":\"Ficci\u00f3n her\u00e9tica\"}]},{\"@type\":\"WebSite\",\"@id\":\"https:\/\/shop.verlag.uni-potsdam.de\/en\/#website\",\"url\":\"https:\/\/shop.verlag.uni-potsdam.de\/en\/\",\"name\":\"Universit\u00e4tsverlag Potsdam\",\"description\":\"\",\"publisher\":{\"@id\":\"https:\/\/shop.verlag.uni-potsdam.de\/en\/#organization\"},\"potentialAction\":[{\"@type\":\"SearchAction\",\"target\":{\"@type\":\"EntryPoint\",\"urlTemplate\":\"https:\/\/shop.verlag.uni-potsdam.de\/en\/?s={search_term_string}\"},\"query-input\":{\"@type\":\"PropertyValueSpecification\",\"valueRequired\":true,\"valueName\":\"search_term_string\"}}],\"inLanguage\":\"en-US\"},{\"@type\":\"Organization\",\"@id\":\"https:\/\/shop.verlag.uni-potsdam.de\/en\/#organization\",\"name\":\"Universit\u00e4tsverlag Potsdam\",\"url\":\"https:\/\/shop.verlag.uni-potsdam.de\/en\/\",\"logo\":{\"@type\":\"ImageObject\",\"inLanguage\":\"en-US\",\"@id\":\"https:\/\/shop.verlag.uni-potsdam.de\/en\/#\/schema\/logo\/image\/\",\"url\":\"https:\/\/shop.verlag.uni-potsdam.de\/wp-content\/uploads\/2017\/04\/up_logo_university_2.png\",\"contentUrl\":\"https:\/\/shop.verlag.uni-potsdam.de\/wp-content\/uploads\/2017\/04\/up_logo_university_2.png\",\"width\":160,\"height\":172,\"caption\":\"Universit\u00e4tsverlag Potsdam\"},\"image\":{\"@id\":\"https:\/\/shop.verlag.uni-potsdam.de\/en\/#\/schema\/logo\/image\/\"}}]}<\/script>\n<!-- \/ Yoast SEO plugin. -->","yoast_head_json":{"title":"Ficci\u00f3n her\u00e9tica - Universit\u00e4tsverlag Potsdam","robots":{"index":"index","follow":"follow","max-snippet":"max-snippet:-1","max-image-preview":"max-image-preview:large","max-video-preview":"max-video-preview:-1"},"canonical":"https:\/\/shop.verlag.uni-potsdam.de\/en\/shop\/ficcion-heretica\/","og_locale":"en_US","og_type":"article","og_title":"Ficci\u00f3n her\u00e9tica - Universit\u00e4tsverlag Potsdam","og_description":"Mit der kubanischen Wirtschaftskrise entstanden neue literarische Gestaltungsprozesse nationaler Identit\u00e4tskonstruktionen. Die vorliegende Analyse geht der zeitgen\u00f6ssischen Literatur Kubas nach, in der soziale, kulturelle und politische Paradoxe der post-revolution\u00e4ren Weltanschauung zum Vorschein kommen und der Figur der \u201eInsel\u201c bzw. \u201eInsularit\u00e4t\u201c eine gro\u00dfe Bedeutung f\u00fcr die Neukonfiguration der Nation zukommt.Die \u201eInsularit\u00e4t\u201c dr\u00fcckt in literarischen Texten verschiedene Aneignungen des Raumes und somit auch eine Weltanschauungen aus. Die literarische Figur der \u201eInsel\u201c kann hypothetisch als \u201evisuelles Ph\u00e4nomen\u201c (Ette 2002) konzipiert werden, das durch soziokulturelle Umst\u00e4nde konfiguriert wird. Unterschiedliche postkommunistische Erfahrungen bilden sog. \u201eerlebnisweltliche\u201c Repr\u00e4sentationen und somit literarische und soziale Identit\u00e4tsbilder.Im Verlauf der Zeit werden die Metapher der \u201eInsel\u201c bzw. der \u201eInsularit\u00e4t\u201c anders beschrieben. Erste Untersuchungen der Metapher der \u201eInsel\u201c bzw. der \u201eInsularit\u00e4t\u201c finden sich in den Texten Noche insular (Lezama Lima 2000) und La isla en peso (Pi\u00f1era 1998). Die Metapher wird in den Begrifflichkeiten der \u201eSimulation\u201c und \u201eDissimulation\u201c (Sarduy 1982) oder auch einer \u201evisuellen Erscheinung\u201c als \u201eGrund-Ekphrasis\u201c (Pimentel 2001) beschrieben. Demgegen\u00fcber stellen sp\u00e4tere Arbeiten die literarische Figur der \u201eInsel\u201c als ein Instrument der Dekonstruktion der Nationalliteratur Kubas dar (Rojas 1998;Nuez 1998, Benitez Rojo 1998). In zeitgen\u00f6ssischen Analysen wird die Metapher in ihrer jeweiligen Beziehungen zur Repr\u00e4sentation und zum \u201eLebenswissen\u201c (Ette 2010) herausgearbeitet.Die Repr\u00e4sentation der \u201cInsel\u201d bzw. der \u201cInsularit\u00e4t\u201d wird in der vorliegenden Arbeit anhand des soziokulturellen Kontextes in den letzten drei\u00dfig Jahren u.a. in den Romanen von Abilio Estevez Tuyo es el reino (1998), Atilio Caballero La \u00faltima playa (1999), Daniel D\u00edaz Mantilla Regreso a Utop\u00eda (2007) sowie den Erz\u00e4hlungen von Ena Lucia Portela Huracan (2000), Antonio Jos\u00e9 Ponte Un nuevo arte de hacer ruinas (2005),Emerio Medina Isla (2005), Orlando Lu\u00eds Pardo Tokionama (2009),Ahmel Echeverria Isla (2014) und Anesly Negr\u00edn Isla a mediod\u00eda (2014) untersucht.","og_url":"https:\/\/shop.verlag.uni-potsdam.de\/en\/shop\/ficcion-heretica\/","og_site_name":"Universit\u00e4tsverlag Potsdam","article_modified_time":"2026-03-23T10:55:54+00:00","og_image":[{"width":705,"height":1000,"url":"https:\/\/shop.verlag.uni-potsdam.de\/wp-content\/uploads\/asolmerce\/image-978-3-86956-454-8.jpg","type":"image\/jpeg"}],"twitter_card":"summary_large_image","twitter_misc":{"Est. reading time":"2 minutes"},"schema":{"@context":"https:\/\/schema.org","@graph":[{"@type":"WebPage","@id":"https:\/\/shop.verlag.uni-potsdam.de\/en\/shop\/ficcion-heretica\/","url":"https:\/\/shop.verlag.uni-potsdam.de\/en\/shop\/ficcion-heretica\/","name":"Ficci\u00f3n her\u00e9tica - Universit\u00e4tsverlag Potsdam","isPartOf":{"@id":"https:\/\/shop.verlag.uni-potsdam.de\/en\/#website"},"primaryImageOfPage":{"@id":"https:\/\/shop.verlag.uni-potsdam.de\/en\/shop\/ficcion-heretica\/#primaryimage"},"image":{"@id":"https:\/\/shop.verlag.uni-potsdam.de\/shop\/ficcion-heretica\/#primaryimage"},"thumbnailUrl":"https:\/\/shop.verlag.uni-potsdam.de\/wp-content\/uploads\/asolmerce\/image-978-3-86956-454-8.jpg","datePublished":"2026-03-23T08:54:54+00:00","dateModified":"2026-03-23T10:55:54+00:00","breadcrumb":{"@id":"https:\/\/shop.verlag.uni-potsdam.de\/en\/shop\/ficcion-heretica\/#breadcrumb"},"inLanguage":"en-US","potentialAction":[{"@type":"ReadAction","target":[["https:\/\/shop.verlag.uni-potsdam.de\/en\/shop\/ficcion-heretica\/"]]}]},{"@type":"ImageObject","inLanguage":"en-US","@id":"https:\/\/shop.verlag.uni-potsdam.de\/en\/shop\/ficcion-heretica\/#primaryimage","url":"https:\/\/shop.verlag.uni-potsdam.de\/wp-content\/uploads\/asolmerce\/image-978-3-86956-454-8.jpg","contentUrl":"https:\/\/shop.verlag.uni-potsdam.de\/wp-content\/uploads\/asolmerce\/image-978-3-86956-454-8.jpg","width":705,"height":1000},{"@type":"BreadcrumbList","@id":"https:\/\/shop.verlag.uni-potsdam.de\/en\/shop\/ficcion-heretica\/#breadcrumb","itemListElement":[{"@type":"ListItem","position":1,"name":"Startseite","item":"https:\/\/shop.verlag.uni-potsdam.de\/en\/"},{"@type":"ListItem","position":2,"name":"Shop","item":"https:\/\/shop.verlag.uni-potsdam.de\/en\/shop\/"},{"@type":"ListItem","position":3,"name":"Ficci\u00f3n her\u00e9tica"}]},{"@type":"WebSite","@id":"https:\/\/shop.verlag.uni-potsdam.de\/en\/#website","url":"https:\/\/shop.verlag.uni-potsdam.de\/en\/","name":"Universit\u00e4tsverlag Potsdam","description":"","publisher":{"@id":"https:\/\/shop.verlag.uni-potsdam.de\/en\/#organization"},"potentialAction":[{"@type":"SearchAction","target":{"@type":"EntryPoint","urlTemplate":"https:\/\/shop.verlag.uni-potsdam.de\/en\/?s={search_term_string}"},"query-input":{"@type":"PropertyValueSpecification","valueRequired":true,"valueName":"search_term_string"}}],"inLanguage":"en-US"},{"@type":"Organization","@id":"https:\/\/shop.verlag.uni-potsdam.de\/en\/#organization","name":"Universit\u00e4tsverlag Potsdam","url":"https:\/\/shop.verlag.uni-potsdam.de\/en\/","logo":{"@type":"ImageObject","inLanguage":"en-US","@id":"https:\/\/shop.verlag.uni-potsdam.de\/en\/#\/schema\/logo\/image\/","url":"https:\/\/shop.verlag.uni-potsdam.de\/wp-content\/uploads\/2017\/04\/up_logo_university_2.png","contentUrl":"https:\/\/shop.verlag.uni-potsdam.de\/wp-content\/uploads\/2017\/04\/up_logo_university_2.png","width":160,"height":172,"caption":"Universit\u00e4tsverlag Potsdam"},"image":{"@id":"https:\/\/shop.verlag.uni-potsdam.de\/en\/#\/schema\/logo\/image\/"}}]}},"_links":{"self":[{"href":"https:\/\/shop.verlag.uni-potsdam.de\/en\/wp-json\/wp\/v2\/product\/55810","targetHints":{"allow":["GET"]}}],"collection":[{"href":"https:\/\/shop.verlag.uni-potsdam.de\/en\/wp-json\/wp\/v2\/product"}],"about":[{"href":"https:\/\/shop.verlag.uni-potsdam.de\/en\/wp-json\/wp\/v2\/types\/product"}],"wp:featuredmedia":[{"embeddable":true,"href":"https:\/\/shop.verlag.uni-potsdam.de\/en\/wp-json\/wp\/v2\/media\/55818"}],"wp:attachment":[{"href":"https:\/\/shop.verlag.uni-potsdam.de\/en\/wp-json\/wp\/v2\/media?parent=55810"}],"wp:term":[{"taxonomy":"product_brand","embeddable":true,"href":"https:\/\/shop.verlag.uni-potsdam.de\/en\/wp-json\/wp\/v2\/product_brand?post=55810"},{"taxonomy":"product_cat","embeddable":true,"href":"https:\/\/shop.verlag.uni-potsdam.de\/en\/wp-json\/wp\/v2\/product_cat?post=55810"},{"taxonomy":"product_tag","embeddable":true,"href":"https:\/\/shop.verlag.uni-potsdam.de\/en\/wp-json\/wp\/v2\/product_tag?post=55810"}],"curies":[{"name":"wp","href":"https:\/\/api.w.org\/{rel}","templated":true}]}}