{"id":55823,"date":"2026-04-27T05:37:14","date_gmt":"2026-04-27T05:37:14","guid":{"rendered":"https:\/\/shop.verlag.uni-potsdam.de\/shop\/so-sie-meinen\/"},"modified":"2026-04-27T09:38:14","modified_gmt":"2026-04-27T07:38:14","slug":"so-sie-meinen-also-es-gibt-ihn-nicht","status":"publish","type":"product","link":"https:\/\/shop.verlag.uni-potsdam.de\/en\/shop\/so-sie-meinen-also-es-gibt-ihn-nicht\/","title":{"rendered":"&#8221;So, Sie meinen also, es gibt ihn nicht?&#8221;"},"content":{"rendered":"<p class=\"qtranxs-available-languages-message qtranxs-available-languages-message-en\">Sorry, this entry is only available in <a href=\"https:\/\/shop.verlag.uni-potsdam.de\/de\/wp-json\/wp\/v2\/product\/55823\" class=\"qtranxs-available-language-link qtranxs-available-language-link-de\" title=\"Deutsch\">Deutsch<\/a>.<\/p><p>Der Teufel ist in der russischen Literatur vielfach dargestellt worden, und seine Bilder und Funktionen \u00e4ndern sich durch die Jahrhunderte \u2013 in Entsprechung zum Wandel der Epochen und literarischen Moden. In den Teufelsvorstellungen mischen sich volkst\u00fcmlich animistische Elemente mit den biblischen Konzepten von Teufeln und D\u00e4monen. Aus beiden Reservoirs sch\u00f6pft die Literatur, die z. T. die naive Teufelsgl\u00e4ubigkeit verspottet, die sich aufgekl\u00e4rt gebenden Skeptiker aber auch gerne mit Teufelserscheinungen schreckt. Der Teufel ist ein zentrales Motiv der russischen Literatur, dessen Geschichte nachzuerz\u00e4hlen, einen ganz zentralen Strang der russischen Literatur nachzuerz\u00e4hlen hei\u00dft \u2013 sub specie diaboli.<br \/>Auch wenn er schon lange vor den Romantikern \u2013 allen voran Nikolaj Gogol\u2019 \u2013 einen prominenten Platz in der russischen Literatur inne hatte, mischen sich seitdem volkst\u00fcmliche Vorstellungen mit dem biblischen Erbe. Im Volk sind Teufelsvorstellungen bis heute popul\u00e4r, die gebildeten Schichten zeigen sich eher skeptisch, weshalb die realistische Literatur \u2013 mit der gro\u00dfen Ausnahme Fedor Dostoevskij \u2013 den Teufel eher mied, die Modernisten gestalteten ihn daf\u00fcr umso lieber. Einen H\u00f6hepunkt erreicht er bei Michail Bulgakov. Zeitgenossen fehlt h\u00e4u\ufb01g der religi\u00f6se Subtext.<\/p>","protected":false},"excerpt":{"rendered":"<p class=\"qtranxs-available-languages-message qtranxs-available-languages-message-en\">Sorry, this entry is only available in <a href=\"https:\/\/shop.verlag.uni-potsdam.de\/de\/wp-json\/wp\/v2\/product\/55823\" class=\"qtranxs-available-language-link qtranxs-available-language-link-de\" title=\"Deutsch\">Deutsch<\/a>.<\/p>\n<p>Der Teufel ist in der russischen Literatur vielfach dargestellt worden, und seine Bilder und Funktionen \u00e4ndern sich durch die Jahrhunderte \u2013 in Entsprechung zum Wandel der Epochen und literarischen Moden. In den Teufelsvorstellungen mischen sich volkst\u00fcmlich animistische Elemente mit den biblischen Konzepten von Teufeln und D\u00e4monen. Aus beiden Reservoirs sch\u00f6pft die Literatur, die z. T. die naive Teufelsgl\u00e4ubigkeit verspottet, die sich aufgekl\u00e4rt gebenden Skeptiker aber auch gerne mit Teufelserscheinungen schreckt. Der Teufel ist ein zentrales Motiv der russischen Literatur, dessen Geschichte nachzuerz\u00e4hlen, einen ganz zentralen Strang der russischen Literatur nachzuerz\u00e4hlen hei\u00dft \u2013 sub specie diaboli.<br \/>Auch wenn er schon lange vor den Romantikern \u2013 allen voran Nikolaj Gogol\u2019 \u2013 einen prominenten Platz in der russischen Literatur inne hatte, mischen sich seitdem volkst\u00fcmliche Vorstellungen mit dem biblischen Erbe. Im Volk sind Teufelsvorstellungen bis heute popul\u00e4r, die gebildeten Schichten zeigen sich eher skeptisch, weshalb die realistische Literatur \u2013 mit der gro\u00dfen Ausnahme Fedor Dostoevskij \u2013 den Teufel eher mied, die Modernisten gestalteten ihn daf\u00fcr umso lieber. Einen H\u00f6hepunkt erreicht er bei Michail Bulgakov. Zeitgenossen fehlt h\u00e4u\ufb01g der religi\u00f6se Subtext.<\/p>\n","protected":false},"featured_media":55825,"template":"","meta":{"_acf_changed":false},"product_brand":[],"product_cat":[6230],"product_tag":[],"class_list":{"0":"post-55823","1":"product","2":"type-product","3":"status-publish","4":"has-post-thumbnail","6":"product_cat-slawische-sprachwissenschaft-literaturwissenschaft-web-kategorie","7":"autor-norbert-franz","9":"first","10":"instock","11":"shipping-taxable","12":"purchasable","13":"product-type-simple"},"acf":[],"yoast_head":"<!-- This site is optimized with the Yoast SEO plugin v27.1.1 - https:\/\/yoast.com\/product\/yoast-seo-wordpress\/ -->\n<title>&quot;So, Sie meinen also, es gibt ihn nicht?&quot; - Universit\u00e4tsverlag Potsdam<\/title>\n<meta name=\"robots\" content=\"index, follow, max-snippet:-1, max-image-preview:large, max-video-preview:-1\" \/>\n<link rel=\"canonical\" href=\"https:\/\/shop.verlag.uni-potsdam.de\/en\/shop\/so-sie-meinen-also-es-gibt-ihn-nicht\/\" \/>\n<meta property=\"og:locale\" content=\"en_US\" \/>\n<meta property=\"og:type\" content=\"article\" \/>\n<meta property=\"og:title\" content=\"&quot;So, Sie meinen also, es gibt ihn nicht?&quot; - Universit\u00e4tsverlag Potsdam\" \/>\n<meta property=\"og:description\" content=\"Der Teufel ist in der russischen Literatur vielfach dargestellt worden, und seine Bilder und Funktionen \u00e4ndern sich durch die Jahrhunderte \u2013 in Entsprechung zum Wandel der Epochen und literarischen Moden. In den Teufelsvorstellungen mischen sich volkst\u00fcmlich animistische Elemente mit den biblischen Konzepten von Teufeln und D\u00e4monen. Aus beiden Reservoirs sch\u00f6pft die Literatur, die z. T. die naive Teufelsgl\u00e4ubigkeit verspottet, die sich aufgekl\u00e4rt gebenden Skeptiker aber auch gerne mit Teufelserscheinungen schreckt. Der Teufel ist ein zentrales Motiv der russischen Literatur, dessen Geschichte nachzuerz\u00e4hlen, einen ganz zentralen Strang der russischen Literatur nachzuerz\u00e4hlen hei\u00dft \u2013 sub specie diaboli.Auch wenn er schon lange vor den Romantikern \u2013 allen voran Nikolaj Gogol\u2019 \u2013 einen prominenten Platz in der russischen Literatur inne hatte, mischen sich seitdem volkst\u00fcmliche Vorstellungen mit dem biblischen Erbe. Im Volk sind Teufelsvorstellungen bis heute popul\u00e4r, die gebildeten Schichten zeigen sich eher skeptisch, weshalb die realistische Literatur \u2013 mit der gro\u00dfen Ausnahme Fedor Dostoevskij \u2013 den Teufel eher mied, die Modernisten gestalteten ihn daf\u00fcr umso lieber. Einen H\u00f6hepunkt erreicht er bei Michail Bulgakov. Zeitgenossen fehlt h\u00e4u\ufb01g der religi\u00f6se Subtext.\" \/>\n<meta property=\"og:url\" content=\"https:\/\/shop.verlag.uni-potsdam.de\/en\/shop\/so-sie-meinen-also-es-gibt-ihn-nicht\/\" \/>\n<meta property=\"og:site_name\" content=\"Universit\u00e4tsverlag Potsdam\" \/>\n<meta property=\"article:modified_time\" content=\"2026-04-27T07:38:14+00:00\" \/>\n<meta property=\"og:image\" content=\"https:\/\/shop.verlag.uni-potsdam.de\/wp-content\/uploads\/asolmerce\/image-978-3-86956-469-2.jpg\" \/>\n\t<meta property=\"og:image:width\" content=\"705\" \/>\n\t<meta property=\"og:image:height\" content=\"1000\" \/>\n\t<meta property=\"og:image:type\" content=\"image\/jpeg\" \/>\n<meta name=\"twitter:card\" content=\"summary_large_image\" \/>\n<meta name=\"twitter:label1\" content=\"Est. reading time\" \/>\n\t<meta name=\"twitter:data1\" content=\"1 minute\" \/>\n<script type=\"application\/ld+json\" class=\"yoast-schema-graph\">{\"@context\":\"https:\/\/schema.org\",\"@graph\":[{\"@type\":\"WebPage\",\"@id\":\"https:\/\/shop.verlag.uni-potsdam.de\/en\/shop\/so-sie-meinen-also-es-gibt-ihn-nicht\/\",\"url\":\"https:\/\/shop.verlag.uni-potsdam.de\/en\/shop\/so-sie-meinen-also-es-gibt-ihn-nicht\/\",\"name\":\"\\\"So, Sie meinen also, es gibt ihn nicht?\\\" - Universit\u00e4tsverlag Potsdam\",\"isPartOf\":{\"@id\":\"https:\/\/shop.verlag.uni-potsdam.de\/en\/#website\"},\"primaryImageOfPage\":{\"@id\":\"https:\/\/shop.verlag.uni-potsdam.de\/en\/shop\/so-sie-meinen-also-es-gibt-ihn-nicht\/#primaryimage\"},\"image\":{\"@id\":\"https:\/\/shop.verlag.uni-potsdam.de\/shop\/so-sie-meinen-also-es-gibt-ihn-nicht\/#primaryimage\"},\"thumbnailUrl\":\"https:\/\/shop.verlag.uni-potsdam.de\/wp-content\/uploads\/asolmerce\/image-978-3-86956-469-2.jpg\",\"datePublished\":\"2026-04-27T05:37:14+00:00\",\"dateModified\":\"2026-04-27T07:38:14+00:00\",\"breadcrumb\":{\"@id\":\"https:\/\/shop.verlag.uni-potsdam.de\/en\/shop\/so-sie-meinen-also-es-gibt-ihn-nicht\/#breadcrumb\"},\"inLanguage\":\"en-US\",\"potentialAction\":[{\"@type\":\"ReadAction\",\"target\":[[\"https:\/\/shop.verlag.uni-potsdam.de\/en\/shop\/so-sie-meinen-also-es-gibt-ihn-nicht\/\"]]}]},{\"@type\":\"ImageObject\",\"inLanguage\":\"en-US\",\"@id\":\"https:\/\/shop.verlag.uni-potsdam.de\/en\/shop\/so-sie-meinen-also-es-gibt-ihn-nicht\/#primaryimage\",\"url\":\"https:\/\/shop.verlag.uni-potsdam.de\/wp-content\/uploads\/asolmerce\/image-978-3-86956-469-2.jpg\",\"contentUrl\":\"https:\/\/shop.verlag.uni-potsdam.de\/wp-content\/uploads\/asolmerce\/image-978-3-86956-469-2.jpg\",\"width\":705,\"height\":1000},{\"@type\":\"BreadcrumbList\",\"@id\":\"https:\/\/shop.verlag.uni-potsdam.de\/en\/shop\/so-sie-meinen-also-es-gibt-ihn-nicht\/#breadcrumb\",\"itemListElement\":[{\"@type\":\"ListItem\",\"position\":1,\"name\":\"Startseite\",\"item\":\"https:\/\/shop.verlag.uni-potsdam.de\/en\/\"},{\"@type\":\"ListItem\",\"position\":2,\"name\":\"Shop\",\"item\":\"https:\/\/shop.verlag.uni-potsdam.de\/en\/shop\/\"},{\"@type\":\"ListItem\",\"position\":3,\"name\":\"&#8220;So, Sie meinen also, es gibt ihn nicht?&#8220;\"}]},{\"@type\":\"WebSite\",\"@id\":\"https:\/\/shop.verlag.uni-potsdam.de\/en\/#website\",\"url\":\"https:\/\/shop.verlag.uni-potsdam.de\/en\/\",\"name\":\"Universit\u00e4tsverlag Potsdam\",\"description\":\"\",\"publisher\":{\"@id\":\"https:\/\/shop.verlag.uni-potsdam.de\/en\/#organization\"},\"potentialAction\":[{\"@type\":\"SearchAction\",\"target\":{\"@type\":\"EntryPoint\",\"urlTemplate\":\"https:\/\/shop.verlag.uni-potsdam.de\/en\/?s={search_term_string}\"},\"query-input\":{\"@type\":\"PropertyValueSpecification\",\"valueRequired\":true,\"valueName\":\"search_term_string\"}}],\"inLanguage\":\"en-US\"},{\"@type\":\"Organization\",\"@id\":\"https:\/\/shop.verlag.uni-potsdam.de\/en\/#organization\",\"name\":\"Universit\u00e4tsverlag Potsdam\",\"url\":\"https:\/\/shop.verlag.uni-potsdam.de\/en\/\",\"logo\":{\"@type\":\"ImageObject\",\"inLanguage\":\"en-US\",\"@id\":\"https:\/\/shop.verlag.uni-potsdam.de\/en\/#\/schema\/logo\/image\/\",\"url\":\"https:\/\/shop.verlag.uni-potsdam.de\/wp-content\/uploads\/2017\/04\/up_logo_university_2.png\",\"contentUrl\":\"https:\/\/shop.verlag.uni-potsdam.de\/wp-content\/uploads\/2017\/04\/up_logo_university_2.png\",\"width\":160,\"height\":172,\"caption\":\"Universit\u00e4tsverlag Potsdam\"},\"image\":{\"@id\":\"https:\/\/shop.verlag.uni-potsdam.de\/en\/#\/schema\/logo\/image\/\"}}]}<\/script>\n<!-- \/ Yoast SEO plugin. -->","yoast_head_json":{"title":"\"So, Sie meinen also, es gibt ihn nicht?\" - Universit\u00e4tsverlag Potsdam","robots":{"index":"index","follow":"follow","max-snippet":"max-snippet:-1","max-image-preview":"max-image-preview:large","max-video-preview":"max-video-preview:-1"},"canonical":"https:\/\/shop.verlag.uni-potsdam.de\/en\/shop\/so-sie-meinen-also-es-gibt-ihn-nicht\/","og_locale":"en_US","og_type":"article","og_title":"\"So, Sie meinen also, es gibt ihn nicht?\" - Universit\u00e4tsverlag Potsdam","og_description":"Der Teufel ist in der russischen Literatur vielfach dargestellt worden, und seine Bilder und Funktionen \u00e4ndern sich durch die Jahrhunderte \u2013 in Entsprechung zum Wandel der Epochen und literarischen Moden. In den Teufelsvorstellungen mischen sich volkst\u00fcmlich animistische Elemente mit den biblischen Konzepten von Teufeln und D\u00e4monen. Aus beiden Reservoirs sch\u00f6pft die Literatur, die z. T. die naive Teufelsgl\u00e4ubigkeit verspottet, die sich aufgekl\u00e4rt gebenden Skeptiker aber auch gerne mit Teufelserscheinungen schreckt. Der Teufel ist ein zentrales Motiv der russischen Literatur, dessen Geschichte nachzuerz\u00e4hlen, einen ganz zentralen Strang der russischen Literatur nachzuerz\u00e4hlen hei\u00dft \u2013 sub specie diaboli.Auch wenn er schon lange vor den Romantikern \u2013 allen voran Nikolaj Gogol\u2019 \u2013 einen prominenten Platz in der russischen Literatur inne hatte, mischen sich seitdem volkst\u00fcmliche Vorstellungen mit dem biblischen Erbe. Im Volk sind Teufelsvorstellungen bis heute popul\u00e4r, die gebildeten Schichten zeigen sich eher skeptisch, weshalb die realistische Literatur \u2013 mit der gro\u00dfen Ausnahme Fedor Dostoevskij \u2013 den Teufel eher mied, die Modernisten gestalteten ihn daf\u00fcr umso lieber. Einen H\u00f6hepunkt erreicht er bei Michail Bulgakov. Zeitgenossen fehlt h\u00e4u\ufb01g der religi\u00f6se Subtext.","og_url":"https:\/\/shop.verlag.uni-potsdam.de\/en\/shop\/so-sie-meinen-also-es-gibt-ihn-nicht\/","og_site_name":"Universit\u00e4tsverlag Potsdam","article_modified_time":"2026-04-27T07:38:14+00:00","og_image":[{"width":705,"height":1000,"url":"https:\/\/shop.verlag.uni-potsdam.de\/wp-content\/uploads\/asolmerce\/image-978-3-86956-469-2.jpg","type":"image\/jpeg"}],"twitter_card":"summary_large_image","twitter_misc":{"Est. reading time":"1 minute"},"schema":{"@context":"https:\/\/schema.org","@graph":[{"@type":"WebPage","@id":"https:\/\/shop.verlag.uni-potsdam.de\/en\/shop\/so-sie-meinen-also-es-gibt-ihn-nicht\/","url":"https:\/\/shop.verlag.uni-potsdam.de\/en\/shop\/so-sie-meinen-also-es-gibt-ihn-nicht\/","name":"\"So, Sie meinen also, es gibt ihn nicht?\" - Universit\u00e4tsverlag Potsdam","isPartOf":{"@id":"https:\/\/shop.verlag.uni-potsdam.de\/en\/#website"},"primaryImageOfPage":{"@id":"https:\/\/shop.verlag.uni-potsdam.de\/en\/shop\/so-sie-meinen-also-es-gibt-ihn-nicht\/#primaryimage"},"image":{"@id":"https:\/\/shop.verlag.uni-potsdam.de\/shop\/so-sie-meinen-also-es-gibt-ihn-nicht\/#primaryimage"},"thumbnailUrl":"https:\/\/shop.verlag.uni-potsdam.de\/wp-content\/uploads\/asolmerce\/image-978-3-86956-469-2.jpg","datePublished":"2026-04-27T05:37:14+00:00","dateModified":"2026-04-27T07:38:14+00:00","breadcrumb":{"@id":"https:\/\/shop.verlag.uni-potsdam.de\/en\/shop\/so-sie-meinen-also-es-gibt-ihn-nicht\/#breadcrumb"},"inLanguage":"en-US","potentialAction":[{"@type":"ReadAction","target":[["https:\/\/shop.verlag.uni-potsdam.de\/en\/shop\/so-sie-meinen-also-es-gibt-ihn-nicht\/"]]}]},{"@type":"ImageObject","inLanguage":"en-US","@id":"https:\/\/shop.verlag.uni-potsdam.de\/en\/shop\/so-sie-meinen-also-es-gibt-ihn-nicht\/#primaryimage","url":"https:\/\/shop.verlag.uni-potsdam.de\/wp-content\/uploads\/asolmerce\/image-978-3-86956-469-2.jpg","contentUrl":"https:\/\/shop.verlag.uni-potsdam.de\/wp-content\/uploads\/asolmerce\/image-978-3-86956-469-2.jpg","width":705,"height":1000},{"@type":"BreadcrumbList","@id":"https:\/\/shop.verlag.uni-potsdam.de\/en\/shop\/so-sie-meinen-also-es-gibt-ihn-nicht\/#breadcrumb","itemListElement":[{"@type":"ListItem","position":1,"name":"Startseite","item":"https:\/\/shop.verlag.uni-potsdam.de\/en\/"},{"@type":"ListItem","position":2,"name":"Shop","item":"https:\/\/shop.verlag.uni-potsdam.de\/en\/shop\/"},{"@type":"ListItem","position":3,"name":"&#8220;So, Sie meinen also, es gibt ihn nicht?&#8220;"}]},{"@type":"WebSite","@id":"https:\/\/shop.verlag.uni-potsdam.de\/en\/#website","url":"https:\/\/shop.verlag.uni-potsdam.de\/en\/","name":"Universit\u00e4tsverlag Potsdam","description":"","publisher":{"@id":"https:\/\/shop.verlag.uni-potsdam.de\/en\/#organization"},"potentialAction":[{"@type":"SearchAction","target":{"@type":"EntryPoint","urlTemplate":"https:\/\/shop.verlag.uni-potsdam.de\/en\/?s={search_term_string}"},"query-input":{"@type":"PropertyValueSpecification","valueRequired":true,"valueName":"search_term_string"}}],"inLanguage":"en-US"},{"@type":"Organization","@id":"https:\/\/shop.verlag.uni-potsdam.de\/en\/#organization","name":"Universit\u00e4tsverlag Potsdam","url":"https:\/\/shop.verlag.uni-potsdam.de\/en\/","logo":{"@type":"ImageObject","inLanguage":"en-US","@id":"https:\/\/shop.verlag.uni-potsdam.de\/en\/#\/schema\/logo\/image\/","url":"https:\/\/shop.verlag.uni-potsdam.de\/wp-content\/uploads\/2017\/04\/up_logo_university_2.png","contentUrl":"https:\/\/shop.verlag.uni-potsdam.de\/wp-content\/uploads\/2017\/04\/up_logo_university_2.png","width":160,"height":172,"caption":"Universit\u00e4tsverlag Potsdam"},"image":{"@id":"https:\/\/shop.verlag.uni-potsdam.de\/en\/#\/schema\/logo\/image\/"}}]}},"_links":{"self":[{"href":"https:\/\/shop.verlag.uni-potsdam.de\/en\/wp-json\/wp\/v2\/product\/55823","targetHints":{"allow":["GET"]}}],"collection":[{"href":"https:\/\/shop.verlag.uni-potsdam.de\/en\/wp-json\/wp\/v2\/product"}],"about":[{"href":"https:\/\/shop.verlag.uni-potsdam.de\/en\/wp-json\/wp\/v2\/types\/product"}],"wp:featuredmedia":[{"embeddable":true,"href":"https:\/\/shop.verlag.uni-potsdam.de\/en\/wp-json\/wp\/v2\/media\/55825"}],"wp:attachment":[{"href":"https:\/\/shop.verlag.uni-potsdam.de\/en\/wp-json\/wp\/v2\/media?parent=55823"}],"wp:term":[{"taxonomy":"product_brand","embeddable":true,"href":"https:\/\/shop.verlag.uni-potsdam.de\/en\/wp-json\/wp\/v2\/product_brand?post=55823"},{"taxonomy":"product_cat","embeddable":true,"href":"https:\/\/shop.verlag.uni-potsdam.de\/en\/wp-json\/wp\/v2\/product_cat?post=55823"},{"taxonomy":"product_tag","embeddable":true,"href":"https:\/\/shop.verlag.uni-potsdam.de\/en\/wp-json\/wp\/v2\/product_tag?post=55823"}],"curies":[{"name":"wp","href":"https:\/\/api.w.org\/{rel}","templated":true}]}}