{"id":55844,"date":"2026-03-23T08:54:55","date_gmt":"2026-03-23T08:54:55","guid":{"rendered":"https:\/\/shop.verlag.uni-potsdam.de\/shop\/wege-entstehen-beim-gehen\/"},"modified":"2026-03-23T11:55:55","modified_gmt":"2026-03-23T10:55:55","slug":"wege-entstehen-beim-gehen","status":"publish","type":"product","link":"https:\/\/shop.verlag.uni-potsdam.de\/en\/shop\/wege-entstehen-beim-gehen\/","title":{"rendered":"Wege entstehen beim Gehen"},"content":{"rendered":"<p class=\"qtranxs-available-languages-message qtranxs-available-languages-message-en\">Sorry, this entry is only available in <a href=\"https:\/\/shop.verlag.uni-potsdam.de\/de\/wp-json\/wp\/v2\/product\/55844\" class=\"qtranxs-available-language-link qtranxs-available-language-link-de\" title=\"Deutsch\">Deutsch<\/a>.<\/p><p><span id=\"abstractFull_84005\" class=\"abstractFull\" style=\"display: inline;\">Musicalarbeit in der Schule, vom Mini-Musical bis hin zu gro\u00df angelegten Schulmusicals,  erfreut sich sowohl bei Sch\u00fclerinnen und Sch\u00fclern als auch bei Musiklehrkr\u00e4ften gro\u00dfer Beliebtheit und eines oftmals au\u00dferordentlichen, teils auch untersch\u00e4tzten Engagements. Dessen ungeachtet gibt es nur wenig musikdidaktische Fachliteratur zu diesem Thema und es liegen bislang nur wenige Forschungsarbeiten vor, die wegweisend f\u00fcr die Umsetzung von Musicalprojekten an Schulen sind. Auch in der Musiklehrerbildung spielt Musicalarbeit nur eine marginale Rolle.<\/p>\n<p>Die vorliegende Publikation m\u00f6chte dazu beitragen, diese L\u00fccke zu verringern. Sie ist das Ergebnis des Masterseminars \u201eMusicalarbeit in der Schule\u201c am Lehrstuhl f\u00fcr Musikp\u00e4dagogik und Musikdidaktik der Universit\u00e4t Potsdam, das begleitend zur k\u00fcnstlerischen Erarbeitung des Musicals \u201eElion\u201c durch Studierende der Universit\u00e4t Potsdam im Sommersemester 2018 stattfand. Im Zentrum des Seminars standen p\u00e4dagogische sowie methodisch-didaktische Fragestellungen in den Bereichen Gesang, Choreografie und Theaterarbeit. Des Weiteren wurden M\u00f6glichkeiten und p\u00e4dagogische Potenziale fach\u00fcbergreifenden und f\u00e4cherverbindenden Arbeitens er\u00f6rtert.<\/p>\n<p>Zu diesem Seminar wurden Musicalexperten aus verschiedenen schulischen Kontexten eingeladen, die den Studierenden Einblicke in ihre langj\u00e4hrigen Praxiserfahrungen gew\u00e4hrten und ihre Erfahrungen zur Diskussion stellten.<\/p>\n<p>Die vorliegende Publikation wurde abschlie\u00dfend von den Seminarteilnehmern selbst erarbeitet und stellt eine Zusammenfassung des Seminars dar. Sie versteht sich als Entscheidungshilfe f\u00fcr oder gegen Musicalarbeit in der Schule und als Leitfaden f\u00fcr den Einstieg in die Praxis.<\/span><\/p>","protected":false},"excerpt":{"rendered":"<p class=\"qtranxs-available-languages-message qtranxs-available-languages-message-en\">Sorry, this entry is only available in <a href=\"https:\/\/shop.verlag.uni-potsdam.de\/de\/wp-json\/wp\/v2\/product\/55844\" class=\"qtranxs-available-language-link qtranxs-available-language-link-de\" title=\"Deutsch\">Deutsch<\/a>.<\/p>\n<p><span id=\"abstractFull_84005\" class=\"abstractFull\" style=\"display: inline;\">Musicalarbeit in der Schule, vom Mini-Musical bis hin zu gro\u00df angelegten Schulmusicals,  erfreut sich sowohl bei Sch\u00fclerinnen und Sch\u00fclern als auch bei Musiklehrkr\u00e4ften gro\u00dfer Beliebtheit und eines oftmals au\u00dferordentlichen, teils auch untersch\u00e4tzten Engagements. Dessen ungeachtet gibt es nur wenig musikdidaktische Fachliteratur zu diesem Thema und es liegen bislang nur wenige Forschungsarbeiten vor, die wegweisend f\u00fcr die Umsetzung von Musicalprojekten an Schulen sind. Auch in der Musiklehrerbildung spielt Musicalarbeit nur eine marginale Rolle.<\/p>\n<p>Die vorliegende Publikation m\u00f6chte dazu beitragen, diese L\u00fccke zu verringern. Sie ist das Ergebnis des Masterseminars \u201eMusicalarbeit in der Schule\u201c am Lehrstuhl f\u00fcr Musikp\u00e4dagogik und Musikdidaktik der Universit\u00e4t Potsdam, das begleitend zur k\u00fcnstlerischen Erarbeitung des Musicals \u201eElion\u201c durch Studierende der Universit\u00e4t Potsdam im Sommersemester 2018 stattfand. Im Zentrum des Seminars standen p\u00e4dagogische sowie methodisch-didaktische Fragestellungen in den Bereichen Gesang, Choreografie und Theaterarbeit. Des Weiteren wurden M\u00f6glichkeiten und p\u00e4dagogische Potenziale fach\u00fcbergreifenden und f\u00e4cherverbindenden Arbeitens er\u00f6rtert.<\/p>\n<p>Zu diesem Seminar wurden Musicalexperten aus verschiedenen schulischen Kontexten eingeladen, die den Studierenden Einblicke in ihre langj\u00e4hrigen Praxiserfahrungen gew\u00e4hrten und ihre Erfahrungen zur Diskussion stellten.<\/p>\n<p>Die vorliegende Publikation wurde abschlie\u00dfend von den Seminarteilnehmern selbst erarbeitet und stellt eine Zusammenfassung des Seminars dar. Sie versteht sich als Entscheidungshilfe f\u00fcr oder gegen Musicalarbeit in der Schule und als Leitfaden f\u00fcr den Einstieg in die Praxis.<\/span><\/p>\n","protected":false},"featured_media":55851,"template":"","meta":{"_acf_changed":false},"product_brand":[],"product_cat":[6218,6220],"product_tag":[6093],"class_list":{"0":"post-55844","1":"product","2":"type-product","3":"status-publish","4":"has-post-thumbnail","6":"product_cat-musik-web-kategorie","7":"product_cat-paedagogik-web-kategorie","8":"product_tag-musical-musikpaedagogik-musiktheater-musiktheaterarbeit-musikunterricht","9":"autor-claudia-brzezina","10":"autor-friedrich-spiller","11":"autor-johanna-wille","12":"autor-johannes-zenker","13":"autor-katrin-elke","14":"autor-klara-pelz","15":"autor-laura-schulz","16":"autor-madeleine-weskamp","17":"autor-marcos-bolivar-titos","18":"autor-nadja-jahnke","19":"autor-paulina-falky","20":"autor-robert-kubitz","21":"autor-stefan-janke","22":"autor-susanne-beckmann","23":"autor-theresa-lesinski","24":"autor-valentin-friedrich-bergmann","26":"first","27":"instock","28":"shipping-taxable","29":"purchasable","30":"product-type-simple"},"acf":[],"yoast_head":"<!-- This site is optimized with the Yoast SEO plugin v27.1.1 - https:\/\/yoast.com\/product\/yoast-seo-wordpress\/ -->\n<title>Wege entstehen beim Gehen - Universit\u00e4tsverlag Potsdam<\/title>\n<meta name=\"robots\" content=\"index, follow, max-snippet:-1, max-image-preview:large, max-video-preview:-1\" \/>\n<link rel=\"canonical\" href=\"https:\/\/shop.verlag.uni-potsdam.de\/en\/shop\/wege-entstehen-beim-gehen\/\" \/>\n<meta property=\"og:locale\" content=\"en_US\" \/>\n<meta property=\"og:type\" content=\"article\" \/>\n<meta property=\"og:title\" content=\"Wege entstehen beim Gehen - Universit\u00e4tsverlag Potsdam\" \/>\n<meta property=\"og:description\" content=\"Musicalarbeit in der Schule, vom Mini-Musical bis hin zu gro\u00df angelegten Schulmusicals, erfreut sich sowohl bei Sch\u00fclerinnen und Sch\u00fclern als auch bei Musiklehrkr\u00e4ften gro\u00dfer Beliebtheit und eines oftmals au\u00dferordentlichen, teils auch untersch\u00e4tzten Engagements. Dessen ungeachtet gibt es nur wenig musikdidaktische Fachliteratur zu diesem Thema und es liegen bislang nur wenige Forschungsarbeiten vor, die wegweisend f\u00fcr die Umsetzung von Musicalprojekten an Schulen sind. Auch in der Musiklehrerbildung spielt Musicalarbeit nur eine marginale Rolle.Die vorliegende Publikation m\u00f6chte dazu beitragen, diese L\u00fccke zu verringern. Sie ist das Ergebnis des Masterseminars \u201eMusicalarbeit in der Schule\u201c am Lehrstuhl f\u00fcr Musikp\u00e4dagogik und Musikdidaktik der Universit\u00e4t Potsdam, das begleitend zur k\u00fcnstlerischen Erarbeitung des Musicals \u201eElion\u201c durch Studierende der Universit\u00e4t Potsdam im Sommersemester 2018 stattfand. Im Zentrum des Seminars standen p\u00e4dagogische sowie methodisch-didaktische Fragestellungen in den Bereichen Gesang, Choreografie und Theaterarbeit. Des Weiteren wurden M\u00f6glichkeiten und p\u00e4dagogische Potenziale fach\u00fcbergreifenden und f\u00e4cherverbindenden Arbeitens er\u00f6rtert.Zu diesem Seminar wurden Musicalexperten aus verschiedenen schulischen Kontexten eingeladen, die den Studierenden Einblicke in ihre langj\u00e4hrigen Praxiserfahrungen gew\u00e4hrten und ihre Erfahrungen zur Diskussion stellten.Die vorliegende Publikation wurde abschlie\u00dfend von den Seminarteilnehmern selbst erarbeitet und stellt eine Zusammenfassung des Seminars dar. Sie versteht sich als Entscheidungshilfe f\u00fcr oder gegen Musicalarbeit in der Schule und als Leitfaden f\u00fcr den Einstieg in die Praxis.\" \/>\n<meta property=\"og:url\" content=\"https:\/\/shop.verlag.uni-potsdam.de\/en\/shop\/wege-entstehen-beim-gehen\/\" \/>\n<meta property=\"og:site_name\" content=\"Universit\u00e4tsverlag Potsdam\" \/>\n<meta property=\"article:modified_time\" content=\"2026-03-23T10:55:55+00:00\" \/>\n<meta property=\"og:image\" content=\"https:\/\/shop.verlag.uni-potsdam.de\/wp-content\/uploads\/asolmerce\/image-978-3-86956-443-2.jpg\" \/>\n\t<meta property=\"og:image:width\" content=\"1813\" \/>\n\t<meta property=\"og:image:height\" content=\"2560\" \/>\n\t<meta property=\"og:image:type\" content=\"image\/jpeg\" \/>\n<meta name=\"twitter:card\" content=\"summary_large_image\" \/>\n<meta name=\"twitter:label1\" content=\"Est. reading time\" \/>\n\t<meta name=\"twitter:data1\" content=\"1 minute\" \/>\n<script type=\"application\/ld+json\" class=\"yoast-schema-graph\">{\"@context\":\"https:\/\/schema.org\",\"@graph\":[{\"@type\":\"WebPage\",\"@id\":\"https:\/\/shop.verlag.uni-potsdam.de\/en\/shop\/wege-entstehen-beim-gehen\/\",\"url\":\"https:\/\/shop.verlag.uni-potsdam.de\/en\/shop\/wege-entstehen-beim-gehen\/\",\"name\":\"Wege entstehen beim Gehen - Universit\u00e4tsverlag Potsdam\",\"isPartOf\":{\"@id\":\"https:\/\/shop.verlag.uni-potsdam.de\/en\/#website\"},\"primaryImageOfPage\":{\"@id\":\"https:\/\/shop.verlag.uni-potsdam.de\/en\/shop\/wege-entstehen-beim-gehen\/#primaryimage\"},\"image\":{\"@id\":\"https:\/\/shop.verlag.uni-potsdam.de\/shop\/wege-entstehen-beim-gehen\/#primaryimage\"},\"thumbnailUrl\":\"https:\/\/shop.verlag.uni-potsdam.de\/wp-content\/uploads\/asolmerce\/image-978-3-86956-443-2.jpg\",\"datePublished\":\"2026-03-23T08:54:55+00:00\",\"dateModified\":\"2026-03-23T10:55:55+00:00\",\"breadcrumb\":{\"@id\":\"https:\/\/shop.verlag.uni-potsdam.de\/en\/shop\/wege-entstehen-beim-gehen\/#breadcrumb\"},\"inLanguage\":\"en-US\",\"potentialAction\":[{\"@type\":\"ReadAction\",\"target\":[[\"https:\/\/shop.verlag.uni-potsdam.de\/en\/shop\/wege-entstehen-beim-gehen\/\"]]}]},{\"@type\":\"ImageObject\",\"inLanguage\":\"en-US\",\"@id\":\"https:\/\/shop.verlag.uni-potsdam.de\/en\/shop\/wege-entstehen-beim-gehen\/#primaryimage\",\"url\":\"https:\/\/shop.verlag.uni-potsdam.de\/wp-content\/uploads\/asolmerce\/image-978-3-86956-443-2.jpg\",\"contentUrl\":\"https:\/\/shop.verlag.uni-potsdam.de\/wp-content\/uploads\/asolmerce\/image-978-3-86956-443-2.jpg\",\"width\":1813,\"height\":2560},{\"@type\":\"BreadcrumbList\",\"@id\":\"https:\/\/shop.verlag.uni-potsdam.de\/en\/shop\/wege-entstehen-beim-gehen\/#breadcrumb\",\"itemListElement\":[{\"@type\":\"ListItem\",\"position\":1,\"name\":\"Startseite\",\"item\":\"https:\/\/shop.verlag.uni-potsdam.de\/en\/\"},{\"@type\":\"ListItem\",\"position\":2,\"name\":\"Shop\",\"item\":\"https:\/\/shop.verlag.uni-potsdam.de\/en\/shop\/\"},{\"@type\":\"ListItem\",\"position\":3,\"name\":\"Wege entstehen beim Gehen\"}]},{\"@type\":\"WebSite\",\"@id\":\"https:\/\/shop.verlag.uni-potsdam.de\/en\/#website\",\"url\":\"https:\/\/shop.verlag.uni-potsdam.de\/en\/\",\"name\":\"Universit\u00e4tsverlag Potsdam\",\"description\":\"\",\"publisher\":{\"@id\":\"https:\/\/shop.verlag.uni-potsdam.de\/en\/#organization\"},\"potentialAction\":[{\"@type\":\"SearchAction\",\"target\":{\"@type\":\"EntryPoint\",\"urlTemplate\":\"https:\/\/shop.verlag.uni-potsdam.de\/en\/?s={search_term_string}\"},\"query-input\":{\"@type\":\"PropertyValueSpecification\",\"valueRequired\":true,\"valueName\":\"search_term_string\"}}],\"inLanguage\":\"en-US\"},{\"@type\":\"Organization\",\"@id\":\"https:\/\/shop.verlag.uni-potsdam.de\/en\/#organization\",\"name\":\"Universit\u00e4tsverlag Potsdam\",\"url\":\"https:\/\/shop.verlag.uni-potsdam.de\/en\/\",\"logo\":{\"@type\":\"ImageObject\",\"inLanguage\":\"en-US\",\"@id\":\"https:\/\/shop.verlag.uni-potsdam.de\/en\/#\/schema\/logo\/image\/\",\"url\":\"https:\/\/shop.verlag.uni-potsdam.de\/wp-content\/uploads\/2017\/04\/up_logo_university_2.png\",\"contentUrl\":\"https:\/\/shop.verlag.uni-potsdam.de\/wp-content\/uploads\/2017\/04\/up_logo_university_2.png\",\"width\":160,\"height\":172,\"caption\":\"Universit\u00e4tsverlag Potsdam\"},\"image\":{\"@id\":\"https:\/\/shop.verlag.uni-potsdam.de\/en\/#\/schema\/logo\/image\/\"}}]}<\/script>\n<!-- \/ Yoast SEO plugin. -->","yoast_head_json":{"title":"Wege entstehen beim Gehen - Universit\u00e4tsverlag Potsdam","robots":{"index":"index","follow":"follow","max-snippet":"max-snippet:-1","max-image-preview":"max-image-preview:large","max-video-preview":"max-video-preview:-1"},"canonical":"https:\/\/shop.verlag.uni-potsdam.de\/en\/shop\/wege-entstehen-beim-gehen\/","og_locale":"en_US","og_type":"article","og_title":"Wege entstehen beim Gehen - Universit\u00e4tsverlag Potsdam","og_description":"Musicalarbeit in der Schule, vom Mini-Musical bis hin zu gro\u00df angelegten Schulmusicals, erfreut sich sowohl bei Sch\u00fclerinnen und Sch\u00fclern als auch bei Musiklehrkr\u00e4ften gro\u00dfer Beliebtheit und eines oftmals au\u00dferordentlichen, teils auch untersch\u00e4tzten Engagements. Dessen ungeachtet gibt es nur wenig musikdidaktische Fachliteratur zu diesem Thema und es liegen bislang nur wenige Forschungsarbeiten vor, die wegweisend f\u00fcr die Umsetzung von Musicalprojekten an Schulen sind. Auch in der Musiklehrerbildung spielt Musicalarbeit nur eine marginale Rolle.Die vorliegende Publikation m\u00f6chte dazu beitragen, diese L\u00fccke zu verringern. Sie ist das Ergebnis des Masterseminars \u201eMusicalarbeit in der Schule\u201c am Lehrstuhl f\u00fcr Musikp\u00e4dagogik und Musikdidaktik der Universit\u00e4t Potsdam, das begleitend zur k\u00fcnstlerischen Erarbeitung des Musicals \u201eElion\u201c durch Studierende der Universit\u00e4t Potsdam im Sommersemester 2018 stattfand. Im Zentrum des Seminars standen p\u00e4dagogische sowie methodisch-didaktische Fragestellungen in den Bereichen Gesang, Choreografie und Theaterarbeit. Des Weiteren wurden M\u00f6glichkeiten und p\u00e4dagogische Potenziale fach\u00fcbergreifenden und f\u00e4cherverbindenden Arbeitens er\u00f6rtert.Zu diesem Seminar wurden Musicalexperten aus verschiedenen schulischen Kontexten eingeladen, die den Studierenden Einblicke in ihre langj\u00e4hrigen Praxiserfahrungen gew\u00e4hrten und ihre Erfahrungen zur Diskussion stellten.Die vorliegende Publikation wurde abschlie\u00dfend von den Seminarteilnehmern selbst erarbeitet und stellt eine Zusammenfassung des Seminars dar. Sie versteht sich als Entscheidungshilfe f\u00fcr oder gegen Musicalarbeit in der Schule und als Leitfaden f\u00fcr den Einstieg in die Praxis.","og_url":"https:\/\/shop.verlag.uni-potsdam.de\/en\/shop\/wege-entstehen-beim-gehen\/","og_site_name":"Universit\u00e4tsverlag Potsdam","article_modified_time":"2026-03-23T10:55:55+00:00","og_image":[{"width":1813,"height":2560,"url":"https:\/\/shop.verlag.uni-potsdam.de\/wp-content\/uploads\/asolmerce\/image-978-3-86956-443-2.jpg","type":"image\/jpeg"}],"twitter_card":"summary_large_image","twitter_misc":{"Est. reading time":"1 minute"},"schema":{"@context":"https:\/\/schema.org","@graph":[{"@type":"WebPage","@id":"https:\/\/shop.verlag.uni-potsdam.de\/en\/shop\/wege-entstehen-beim-gehen\/","url":"https:\/\/shop.verlag.uni-potsdam.de\/en\/shop\/wege-entstehen-beim-gehen\/","name":"Wege entstehen beim Gehen - Universit\u00e4tsverlag Potsdam","isPartOf":{"@id":"https:\/\/shop.verlag.uni-potsdam.de\/en\/#website"},"primaryImageOfPage":{"@id":"https:\/\/shop.verlag.uni-potsdam.de\/en\/shop\/wege-entstehen-beim-gehen\/#primaryimage"},"image":{"@id":"https:\/\/shop.verlag.uni-potsdam.de\/shop\/wege-entstehen-beim-gehen\/#primaryimage"},"thumbnailUrl":"https:\/\/shop.verlag.uni-potsdam.de\/wp-content\/uploads\/asolmerce\/image-978-3-86956-443-2.jpg","datePublished":"2026-03-23T08:54:55+00:00","dateModified":"2026-03-23T10:55:55+00:00","breadcrumb":{"@id":"https:\/\/shop.verlag.uni-potsdam.de\/en\/shop\/wege-entstehen-beim-gehen\/#breadcrumb"},"inLanguage":"en-US","potentialAction":[{"@type":"ReadAction","target":[["https:\/\/shop.verlag.uni-potsdam.de\/en\/shop\/wege-entstehen-beim-gehen\/"]]}]},{"@type":"ImageObject","inLanguage":"en-US","@id":"https:\/\/shop.verlag.uni-potsdam.de\/en\/shop\/wege-entstehen-beim-gehen\/#primaryimage","url":"https:\/\/shop.verlag.uni-potsdam.de\/wp-content\/uploads\/asolmerce\/image-978-3-86956-443-2.jpg","contentUrl":"https:\/\/shop.verlag.uni-potsdam.de\/wp-content\/uploads\/asolmerce\/image-978-3-86956-443-2.jpg","width":1813,"height":2560},{"@type":"BreadcrumbList","@id":"https:\/\/shop.verlag.uni-potsdam.de\/en\/shop\/wege-entstehen-beim-gehen\/#breadcrumb","itemListElement":[{"@type":"ListItem","position":1,"name":"Startseite","item":"https:\/\/shop.verlag.uni-potsdam.de\/en\/"},{"@type":"ListItem","position":2,"name":"Shop","item":"https:\/\/shop.verlag.uni-potsdam.de\/en\/shop\/"},{"@type":"ListItem","position":3,"name":"Wege entstehen beim Gehen"}]},{"@type":"WebSite","@id":"https:\/\/shop.verlag.uni-potsdam.de\/en\/#website","url":"https:\/\/shop.verlag.uni-potsdam.de\/en\/","name":"Universit\u00e4tsverlag Potsdam","description":"","publisher":{"@id":"https:\/\/shop.verlag.uni-potsdam.de\/en\/#organization"},"potentialAction":[{"@type":"SearchAction","target":{"@type":"EntryPoint","urlTemplate":"https:\/\/shop.verlag.uni-potsdam.de\/en\/?s={search_term_string}"},"query-input":{"@type":"PropertyValueSpecification","valueRequired":true,"valueName":"search_term_string"}}],"inLanguage":"en-US"},{"@type":"Organization","@id":"https:\/\/shop.verlag.uni-potsdam.de\/en\/#organization","name":"Universit\u00e4tsverlag Potsdam","url":"https:\/\/shop.verlag.uni-potsdam.de\/en\/","logo":{"@type":"ImageObject","inLanguage":"en-US","@id":"https:\/\/shop.verlag.uni-potsdam.de\/en\/#\/schema\/logo\/image\/","url":"https:\/\/shop.verlag.uni-potsdam.de\/wp-content\/uploads\/2017\/04\/up_logo_university_2.png","contentUrl":"https:\/\/shop.verlag.uni-potsdam.de\/wp-content\/uploads\/2017\/04\/up_logo_university_2.png","width":160,"height":172,"caption":"Universit\u00e4tsverlag Potsdam"},"image":{"@id":"https:\/\/shop.verlag.uni-potsdam.de\/en\/#\/schema\/logo\/image\/"}}]}},"_links":{"self":[{"href":"https:\/\/shop.verlag.uni-potsdam.de\/en\/wp-json\/wp\/v2\/product\/55844","targetHints":{"allow":["GET"]}}],"collection":[{"href":"https:\/\/shop.verlag.uni-potsdam.de\/en\/wp-json\/wp\/v2\/product"}],"about":[{"href":"https:\/\/shop.verlag.uni-potsdam.de\/en\/wp-json\/wp\/v2\/types\/product"}],"wp:featuredmedia":[{"embeddable":true,"href":"https:\/\/shop.verlag.uni-potsdam.de\/en\/wp-json\/wp\/v2\/media\/55851"}],"wp:attachment":[{"href":"https:\/\/shop.verlag.uni-potsdam.de\/en\/wp-json\/wp\/v2\/media?parent=55844"}],"wp:term":[{"taxonomy":"product_brand","embeddable":true,"href":"https:\/\/shop.verlag.uni-potsdam.de\/en\/wp-json\/wp\/v2\/product_brand?post=55844"},{"taxonomy":"product_cat","embeddable":true,"href":"https:\/\/shop.verlag.uni-potsdam.de\/en\/wp-json\/wp\/v2\/product_cat?post=55844"},{"taxonomy":"product_tag","embeddable":true,"href":"https:\/\/shop.verlag.uni-potsdam.de\/en\/wp-json\/wp\/v2\/product_tag?post=55844"}],"curies":[{"name":"wp","href":"https:\/\/api.w.org\/{rel}","templated":true}]}}