{"id":55847,"date":"2026-03-23T08:54:55","date_gmt":"2026-03-23T08:54:55","guid":{"rendered":"https:\/\/shop.verlag.uni-potsdam.de\/shop\/peter-huckauf-2\/"},"modified":"2026-03-23T11:55:55","modified_gmt":"2026-03-23T10:55:55","slug":"sorbische-wendische-spuren-in-der-noerdlichen-niederlausitz","status":"publish","type":"product","link":"https:\/\/shop.verlag.uni-potsdam.de\/en\/shop\/sorbische-wendische-spuren-in-der-noerdlichen-niederlausitz\/","title":{"rendered":"Sorbische\/Wendische Spuren in der n\u00f6rdlichen Niederlausitz"},"content":{"rendered":"<p class=\"qtranxs-available-languages-message qtranxs-available-languages-message-en\">Sorry, this entry is only available in <a href=\"https:\/\/shop.verlag.uni-potsdam.de\/de\/wp-json\/wp\/v2\/product\/55847\" class=\"qtranxs-available-language-link qtranxs-available-language-link-de\" title=\"Deutsch\">Deutsch<\/a>.<\/p><p><span id=\"abstractFull_84645\" class=\"abstractFull\" style=\"display: inline;\">Die Herausgeber der \u201ePotsdamer Beitr\u00e4ge zur Sorabistik\/Podstupimske p\u015binoski k Sorbistice\u201c sind erfreut, nach l\u00e4ngerer Pause einen neuen Band ver\u00f6ffentlichen zu k\u00f6nnen. Gemeinschaftlich legen der Kulturwissenschaftler Tobias Pre\u00dfler, welcher hier deb\u00fctiert, und der ausgewiesene Denkmalpfleger i. R. Alfred Roggan, vier Artikel zur niedersorbischen Kulturgeschichte vor. Die Autoren widmen sich der sorbischen Sprache im Norden der Niederlausitz, ihrer ehemaligen Verbreitung und den Umst\u00e4nden ihres Verschwindens. Alle Beitr\u00e4ge n\u00e4hern sich aus unterschiedlicher Perspektive diesem Thema, wobei die Schwerpunkte auf verschiedenen Zeiten und Regionen liegen. Mit Paul Thol wird sich einem Restaurator und K\u00fcnstler zugewandt, dessen Werk und Schaffen in die bewegte 1. H\u00e4lfte des 20. Jahrhunderts f\u00e4llt. Diese Zeit bildet gleichsam den Abschluss einer epochen\u00fcbergreifenden Darstellung zur Politik gegen\u00fcber den Sorben und ihrer Sprache, welche ein weiterer Artikel skizziert. In den beiden Herzst\u00fccken des Bandes wird der Leser in die fr\u00fche Neuzeit entf\u00fchrt. Es wird ein bisher wenig beachtetes Druckwerk aus dem Jahre 1694 vorgestellt, das seinerzeit bewusst in zw\u00f6lf Sprachen herausgegeben wurde. Als wahres Kleinod der sorbischen Sprachgeschichte findet sich dieses Werk \u2013 ein Gedicht \u2013 \u00fcberliefert, das in einem nunmehr ausgestorbenen Dialektzweig verfasst ist. Neben dem Gedicht selbst, werden auch dessen bisherige literarische Bearbeitungen sowie der Entstehungshintergrund des Druckes eingehender beschrieben. Der vierte Beitrag widmet sich einer Region, in welcher wohl der gleiche Dialekt wie der des Gedichtes gesprochen wurde. Bis zum Verklingen der Sprache im 18. Jahrhundert war sie hier genauso lebendig wie sie es heute noch in ihrem Kerngebiet ist.<\/span><\/p>","protected":false},"excerpt":{"rendered":"<p class=\"qtranxs-available-languages-message qtranxs-available-languages-message-en\">Sorry, this entry is only available in <a href=\"https:\/\/shop.verlag.uni-potsdam.de\/de\/wp-json\/wp\/v2\/product\/55847\" class=\"qtranxs-available-language-link qtranxs-available-language-link-de\" title=\"Deutsch\">Deutsch<\/a>.<\/p>\n<p><span id=\"abstractFull_84645\" class=\"abstractFull\" style=\"display: inline;\">Die Herausgeber der \u201ePotsdamer Beitr\u00e4ge zur Sorabistik\/Podstupimske p\u015binoski k Sorbistice\u201c sind erfreut, nach l\u00e4ngerer Pause einen neuen Band ver\u00f6ffentlichen zu k\u00f6nnen. Gemeinschaftlich legen der Kulturwissenschaftler Tobias Pre\u00dfler, welcher hier deb\u00fctiert, und der ausgewiesene Denkmalpfleger i. R. Alfred Roggan, vier Artikel zur niedersorbischen Kulturgeschichte vor. Die Autoren widmen sich der sorbischen Sprache im Norden der Niederlausitz, ihrer ehemaligen Verbreitung und den Umst\u00e4nden ihres Verschwindens. Alle Beitr\u00e4ge n\u00e4hern sich aus unterschiedlicher Perspektive diesem Thema, wobei die Schwerpunkte auf verschiedenen Zeiten und Regionen liegen. Mit Paul Thol wird sich einem Restaurator und K\u00fcnstler zugewandt, dessen Werk und Schaffen in die bewegte 1. H\u00e4lfte des 20. Jahrhunderts f\u00e4llt. Diese Zeit bildet gleichsam den Abschluss einer epochen\u00fcbergreifenden Darstellung zur Politik gegen\u00fcber den Sorben und ihrer Sprache, welche ein weiterer Artikel skizziert. In den beiden Herzst\u00fccken des Bandes wird der Leser in die fr\u00fche Neuzeit entf\u00fchrt. Es wird ein bisher wenig beachtetes Druckwerk aus dem Jahre 1694 vorgestellt, das seinerzeit bewusst in zw\u00f6lf Sprachen herausgegeben wurde. Als wahres Kleinod der sorbischen Sprachgeschichte findet sich dieses Werk \u2013 ein Gedicht \u2013 \u00fcberliefert, das in einem nunmehr ausgestorbenen Dialektzweig verfasst ist. Neben dem Gedicht selbst, werden auch dessen bisherige literarische Bearbeitungen sowie der Entstehungshintergrund des Druckes eingehender beschrieben. Der vierte Beitrag widmet sich einer Region, in welcher wohl der gleiche Dialekt wie der des Gedichtes gesprochen wurde. Bis zum Verklingen der Sprache im 18. Jahrhundert war sie hier genauso lebendig wie sie es heute noch in ihrem Kerngebiet ist.<\/span><\/p>\n","protected":false},"featured_media":55957,"template":"","meta":{"_acf_changed":false},"product_brand":[],"product_cat":[6230],"product_tag":[],"class_list":{"0":"post-55847","1":"product","2":"type-product","3":"status-publish","4":"has-post-thumbnail","6":"product_cat-slawische-sprachwissenschaft-literaturwissenschaft-web-kategorie","7":"autor-alfred-roggan","8":"autor-tobias-pressler-1","10":"first","11":"instock","12":"shipping-taxable","13":"purchasable","14":"product-type-simple"},"acf":[],"yoast_head":"<!-- This site is optimized with the Yoast SEO plugin v27.1.1 - https:\/\/yoast.com\/product\/yoast-seo-wordpress\/ -->\n<title>Sorbische\/Wendische Spuren in der n\u00f6rdlichen Niederlausitz - Universit\u00e4tsverlag Potsdam<\/title>\n<meta name=\"robots\" content=\"index, follow, max-snippet:-1, max-image-preview:large, max-video-preview:-1\" \/>\n<link rel=\"canonical\" href=\"https:\/\/shop.verlag.uni-potsdam.de\/en\/shop\/sorbische-wendische-spuren-in-der-noerdlichen-niederlausitz\/\" \/>\n<meta property=\"og:locale\" content=\"en_US\" \/>\n<meta property=\"og:type\" content=\"article\" \/>\n<meta property=\"og:title\" content=\"Sorbische\/Wendische Spuren in der n\u00f6rdlichen Niederlausitz - Universit\u00e4tsverlag Potsdam\" \/>\n<meta property=\"og:description\" content=\"Die Herausgeber der \u201ePotsdamer Beitr\u00e4ge zur Sorabistik\/Podstupimske p\u015binoski k Sorbistice\u201c sind erfreut, nach l\u00e4ngerer Pause einen neuen Band ver\u00f6ffentlichen zu k\u00f6nnen. Gemeinschaftlich legen der Kulturwissenschaftler Tobias Pre\u00dfler, welcher hier deb\u00fctiert, und der ausgewiesene Denkmalpfleger i. R. Alfred Roggan, vier Artikel zur niedersorbischen Kulturgeschichte vor. Die Autoren widmen sich der sorbischen Sprache im Norden der Niederlausitz, ihrer ehemaligen Verbreitung und den Umst\u00e4nden ihres Verschwindens. Alle Beitr\u00e4ge n\u00e4hern sich aus unterschiedlicher Perspektive diesem Thema, wobei die Schwerpunkte auf verschiedenen Zeiten und Regionen liegen. Mit Paul Thol wird sich einem Restaurator und K\u00fcnstler zugewandt, dessen Werk und Schaffen in die bewegte 1. H\u00e4lfte des 20. Jahrhunderts f\u00e4llt. Diese Zeit bildet gleichsam den Abschluss einer epochen\u00fcbergreifenden Darstellung zur Politik gegen\u00fcber den Sorben und ihrer Sprache, welche ein weiterer Artikel skizziert. In den beiden Herzst\u00fccken des Bandes wird der Leser in die fr\u00fche Neuzeit entf\u00fchrt. Es wird ein bisher wenig beachtetes Druckwerk aus dem Jahre 1694 vorgestellt, das seinerzeit bewusst in zw\u00f6lf Sprachen herausgegeben wurde. Als wahres Kleinod der sorbischen Sprachgeschichte findet sich dieses Werk \u2013 ein Gedicht \u2013 \u00fcberliefert, das in einem nunmehr ausgestorbenen Dialektzweig verfasst ist. Neben dem Gedicht selbst, werden auch dessen bisherige literarische Bearbeitungen sowie der Entstehungshintergrund des Druckes eingehender beschrieben. Der vierte Beitrag widmet sich einer Region, in welcher wohl der gleiche Dialekt wie der des Gedichtes gesprochen wurde. Bis zum Verklingen der Sprache im 18. Jahrhundert war sie hier genauso lebendig wie sie es heute noch in ihrem Kerngebiet ist.\" \/>\n<meta property=\"og:url\" content=\"https:\/\/shop.verlag.uni-potsdam.de\/en\/shop\/sorbische-wendische-spuren-in-der-noerdlichen-niederlausitz\/\" \/>\n<meta property=\"og:site_name\" content=\"Universit\u00e4tsverlag Potsdam\" \/>\n<meta property=\"article:modified_time\" content=\"2026-03-23T10:55:55+00:00\" \/>\n<meta property=\"og:image\" content=\"https:\/\/shop.verlag.uni-potsdam.de\/wp-content\/uploads\/asolmerce\/image-978-3-86956-478-4.jpg\" \/>\n\t<meta property=\"og:image:width\" content=\"1399\" \/>\n\t<meta property=\"og:image:height\" content=\"1890\" \/>\n\t<meta property=\"og:image:type\" content=\"image\/jpeg\" \/>\n<meta name=\"twitter:card\" content=\"summary_large_image\" \/>\n<meta name=\"twitter:label1\" content=\"Est. reading time\" \/>\n\t<meta name=\"twitter:data1\" content=\"1 minute\" \/>\n<script type=\"application\/ld+json\" class=\"yoast-schema-graph\">{\"@context\":\"https:\/\/schema.org\",\"@graph\":[{\"@type\":\"WebPage\",\"@id\":\"https:\/\/shop.verlag.uni-potsdam.de\/en\/shop\/sorbische-wendische-spuren-in-der-noerdlichen-niederlausitz\/\",\"url\":\"https:\/\/shop.verlag.uni-potsdam.de\/en\/shop\/sorbische-wendische-spuren-in-der-noerdlichen-niederlausitz\/\",\"name\":\"Sorbische\/Wendische Spuren in der n\u00f6rdlichen Niederlausitz - Universit\u00e4tsverlag Potsdam\",\"isPartOf\":{\"@id\":\"https:\/\/shop.verlag.uni-potsdam.de\/en\/#website\"},\"primaryImageOfPage\":{\"@id\":\"https:\/\/shop.verlag.uni-potsdam.de\/en\/shop\/sorbische-wendische-spuren-in-der-noerdlichen-niederlausitz\/#primaryimage\"},\"image\":{\"@id\":\"https:\/\/shop.verlag.uni-potsdam.de\/shop\/sorbische-wendische-spuren-in-der-noerdlichen-niederlausitz\/#primaryimage\"},\"thumbnailUrl\":\"https:\/\/shop.verlag.uni-potsdam.de\/wp-content\/uploads\/asolmerce\/image-978-3-86956-478-4.jpg\",\"datePublished\":\"2026-03-23T08:54:55+00:00\",\"dateModified\":\"2026-03-23T10:55:55+00:00\",\"breadcrumb\":{\"@id\":\"https:\/\/shop.verlag.uni-potsdam.de\/en\/shop\/sorbische-wendische-spuren-in-der-noerdlichen-niederlausitz\/#breadcrumb\"},\"inLanguage\":\"en-US\",\"potentialAction\":[{\"@type\":\"ReadAction\",\"target\":[[\"https:\/\/shop.verlag.uni-potsdam.de\/en\/shop\/sorbische-wendische-spuren-in-der-noerdlichen-niederlausitz\/\"]]}]},{\"@type\":\"ImageObject\",\"inLanguage\":\"en-US\",\"@id\":\"https:\/\/shop.verlag.uni-potsdam.de\/en\/shop\/sorbische-wendische-spuren-in-der-noerdlichen-niederlausitz\/#primaryimage\",\"url\":\"https:\/\/shop.verlag.uni-potsdam.de\/wp-content\/uploads\/asolmerce\/image-978-3-86956-478-4.jpg\",\"contentUrl\":\"https:\/\/shop.verlag.uni-potsdam.de\/wp-content\/uploads\/asolmerce\/image-978-3-86956-478-4.jpg\",\"width\":1399,\"height\":1890},{\"@type\":\"BreadcrumbList\",\"@id\":\"https:\/\/shop.verlag.uni-potsdam.de\/en\/shop\/sorbische-wendische-spuren-in-der-noerdlichen-niederlausitz\/#breadcrumb\",\"itemListElement\":[{\"@type\":\"ListItem\",\"position\":1,\"name\":\"Startseite\",\"item\":\"https:\/\/shop.verlag.uni-potsdam.de\/en\/\"},{\"@type\":\"ListItem\",\"position\":2,\"name\":\"Shop\",\"item\":\"https:\/\/shop.verlag.uni-potsdam.de\/en\/shop\/\"},{\"@type\":\"ListItem\",\"position\":3,\"name\":\"Sorbische\/Wendische Spuren in der n\u00f6rdlichen Niederlausitz\"}]},{\"@type\":\"WebSite\",\"@id\":\"https:\/\/shop.verlag.uni-potsdam.de\/en\/#website\",\"url\":\"https:\/\/shop.verlag.uni-potsdam.de\/en\/\",\"name\":\"Universit\u00e4tsverlag Potsdam\",\"description\":\"\",\"publisher\":{\"@id\":\"https:\/\/shop.verlag.uni-potsdam.de\/en\/#organization\"},\"potentialAction\":[{\"@type\":\"SearchAction\",\"target\":{\"@type\":\"EntryPoint\",\"urlTemplate\":\"https:\/\/shop.verlag.uni-potsdam.de\/en\/?s={search_term_string}\"},\"query-input\":{\"@type\":\"PropertyValueSpecification\",\"valueRequired\":true,\"valueName\":\"search_term_string\"}}],\"inLanguage\":\"en-US\"},{\"@type\":\"Organization\",\"@id\":\"https:\/\/shop.verlag.uni-potsdam.de\/en\/#organization\",\"name\":\"Universit\u00e4tsverlag Potsdam\",\"url\":\"https:\/\/shop.verlag.uni-potsdam.de\/en\/\",\"logo\":{\"@type\":\"ImageObject\",\"inLanguage\":\"en-US\",\"@id\":\"https:\/\/shop.verlag.uni-potsdam.de\/en\/#\/schema\/logo\/image\/\",\"url\":\"https:\/\/shop.verlag.uni-potsdam.de\/wp-content\/uploads\/2017\/04\/up_logo_university_2.png\",\"contentUrl\":\"https:\/\/shop.verlag.uni-potsdam.de\/wp-content\/uploads\/2017\/04\/up_logo_university_2.png\",\"width\":160,\"height\":172,\"caption\":\"Universit\u00e4tsverlag Potsdam\"},\"image\":{\"@id\":\"https:\/\/shop.verlag.uni-potsdam.de\/en\/#\/schema\/logo\/image\/\"}}]}<\/script>\n<!-- \/ Yoast SEO plugin. -->","yoast_head_json":{"title":"Sorbische\/Wendische Spuren in der n\u00f6rdlichen Niederlausitz - Universit\u00e4tsverlag Potsdam","robots":{"index":"index","follow":"follow","max-snippet":"max-snippet:-1","max-image-preview":"max-image-preview:large","max-video-preview":"max-video-preview:-1"},"canonical":"https:\/\/shop.verlag.uni-potsdam.de\/en\/shop\/sorbische-wendische-spuren-in-der-noerdlichen-niederlausitz\/","og_locale":"en_US","og_type":"article","og_title":"Sorbische\/Wendische Spuren in der n\u00f6rdlichen Niederlausitz - Universit\u00e4tsverlag Potsdam","og_description":"Die Herausgeber der \u201ePotsdamer Beitr\u00e4ge zur Sorabistik\/Podstupimske p\u015binoski k Sorbistice\u201c sind erfreut, nach l\u00e4ngerer Pause einen neuen Band ver\u00f6ffentlichen zu k\u00f6nnen. Gemeinschaftlich legen der Kulturwissenschaftler Tobias Pre\u00dfler, welcher hier deb\u00fctiert, und der ausgewiesene Denkmalpfleger i. R. Alfred Roggan, vier Artikel zur niedersorbischen Kulturgeschichte vor. Die Autoren widmen sich der sorbischen Sprache im Norden der Niederlausitz, ihrer ehemaligen Verbreitung und den Umst\u00e4nden ihres Verschwindens. Alle Beitr\u00e4ge n\u00e4hern sich aus unterschiedlicher Perspektive diesem Thema, wobei die Schwerpunkte auf verschiedenen Zeiten und Regionen liegen. Mit Paul Thol wird sich einem Restaurator und K\u00fcnstler zugewandt, dessen Werk und Schaffen in die bewegte 1. H\u00e4lfte des 20. Jahrhunderts f\u00e4llt. Diese Zeit bildet gleichsam den Abschluss einer epochen\u00fcbergreifenden Darstellung zur Politik gegen\u00fcber den Sorben und ihrer Sprache, welche ein weiterer Artikel skizziert. In den beiden Herzst\u00fccken des Bandes wird der Leser in die fr\u00fche Neuzeit entf\u00fchrt. Es wird ein bisher wenig beachtetes Druckwerk aus dem Jahre 1694 vorgestellt, das seinerzeit bewusst in zw\u00f6lf Sprachen herausgegeben wurde. Als wahres Kleinod der sorbischen Sprachgeschichte findet sich dieses Werk \u2013 ein Gedicht \u2013 \u00fcberliefert, das in einem nunmehr ausgestorbenen Dialektzweig verfasst ist. Neben dem Gedicht selbst, werden auch dessen bisherige literarische Bearbeitungen sowie der Entstehungshintergrund des Druckes eingehender beschrieben. Der vierte Beitrag widmet sich einer Region, in welcher wohl der gleiche Dialekt wie der des Gedichtes gesprochen wurde. Bis zum Verklingen der Sprache im 18. Jahrhundert war sie hier genauso lebendig wie sie es heute noch in ihrem Kerngebiet ist.","og_url":"https:\/\/shop.verlag.uni-potsdam.de\/en\/shop\/sorbische-wendische-spuren-in-der-noerdlichen-niederlausitz\/","og_site_name":"Universit\u00e4tsverlag Potsdam","article_modified_time":"2026-03-23T10:55:55+00:00","og_image":[{"width":1399,"height":1890,"url":"https:\/\/shop.verlag.uni-potsdam.de\/wp-content\/uploads\/asolmerce\/image-978-3-86956-478-4.jpg","type":"image\/jpeg"}],"twitter_card":"summary_large_image","twitter_misc":{"Est. reading time":"1 minute"},"schema":{"@context":"https:\/\/schema.org","@graph":[{"@type":"WebPage","@id":"https:\/\/shop.verlag.uni-potsdam.de\/en\/shop\/sorbische-wendische-spuren-in-der-noerdlichen-niederlausitz\/","url":"https:\/\/shop.verlag.uni-potsdam.de\/en\/shop\/sorbische-wendische-spuren-in-der-noerdlichen-niederlausitz\/","name":"Sorbische\/Wendische Spuren in der n\u00f6rdlichen Niederlausitz - Universit\u00e4tsverlag Potsdam","isPartOf":{"@id":"https:\/\/shop.verlag.uni-potsdam.de\/en\/#website"},"primaryImageOfPage":{"@id":"https:\/\/shop.verlag.uni-potsdam.de\/en\/shop\/sorbische-wendische-spuren-in-der-noerdlichen-niederlausitz\/#primaryimage"},"image":{"@id":"https:\/\/shop.verlag.uni-potsdam.de\/shop\/sorbische-wendische-spuren-in-der-noerdlichen-niederlausitz\/#primaryimage"},"thumbnailUrl":"https:\/\/shop.verlag.uni-potsdam.de\/wp-content\/uploads\/asolmerce\/image-978-3-86956-478-4.jpg","datePublished":"2026-03-23T08:54:55+00:00","dateModified":"2026-03-23T10:55:55+00:00","breadcrumb":{"@id":"https:\/\/shop.verlag.uni-potsdam.de\/en\/shop\/sorbische-wendische-spuren-in-der-noerdlichen-niederlausitz\/#breadcrumb"},"inLanguage":"en-US","potentialAction":[{"@type":"ReadAction","target":[["https:\/\/shop.verlag.uni-potsdam.de\/en\/shop\/sorbische-wendische-spuren-in-der-noerdlichen-niederlausitz\/"]]}]},{"@type":"ImageObject","inLanguage":"en-US","@id":"https:\/\/shop.verlag.uni-potsdam.de\/en\/shop\/sorbische-wendische-spuren-in-der-noerdlichen-niederlausitz\/#primaryimage","url":"https:\/\/shop.verlag.uni-potsdam.de\/wp-content\/uploads\/asolmerce\/image-978-3-86956-478-4.jpg","contentUrl":"https:\/\/shop.verlag.uni-potsdam.de\/wp-content\/uploads\/asolmerce\/image-978-3-86956-478-4.jpg","width":1399,"height":1890},{"@type":"BreadcrumbList","@id":"https:\/\/shop.verlag.uni-potsdam.de\/en\/shop\/sorbische-wendische-spuren-in-der-noerdlichen-niederlausitz\/#breadcrumb","itemListElement":[{"@type":"ListItem","position":1,"name":"Startseite","item":"https:\/\/shop.verlag.uni-potsdam.de\/en\/"},{"@type":"ListItem","position":2,"name":"Shop","item":"https:\/\/shop.verlag.uni-potsdam.de\/en\/shop\/"},{"@type":"ListItem","position":3,"name":"Sorbische\/Wendische Spuren in der n\u00f6rdlichen Niederlausitz"}]},{"@type":"WebSite","@id":"https:\/\/shop.verlag.uni-potsdam.de\/en\/#website","url":"https:\/\/shop.verlag.uni-potsdam.de\/en\/","name":"Universit\u00e4tsverlag Potsdam","description":"","publisher":{"@id":"https:\/\/shop.verlag.uni-potsdam.de\/en\/#organization"},"potentialAction":[{"@type":"SearchAction","target":{"@type":"EntryPoint","urlTemplate":"https:\/\/shop.verlag.uni-potsdam.de\/en\/?s={search_term_string}"},"query-input":{"@type":"PropertyValueSpecification","valueRequired":true,"valueName":"search_term_string"}}],"inLanguage":"en-US"},{"@type":"Organization","@id":"https:\/\/shop.verlag.uni-potsdam.de\/en\/#organization","name":"Universit\u00e4tsverlag Potsdam","url":"https:\/\/shop.verlag.uni-potsdam.de\/en\/","logo":{"@type":"ImageObject","inLanguage":"en-US","@id":"https:\/\/shop.verlag.uni-potsdam.de\/en\/#\/schema\/logo\/image\/","url":"https:\/\/shop.verlag.uni-potsdam.de\/wp-content\/uploads\/2017\/04\/up_logo_university_2.png","contentUrl":"https:\/\/shop.verlag.uni-potsdam.de\/wp-content\/uploads\/2017\/04\/up_logo_university_2.png","width":160,"height":172,"caption":"Universit\u00e4tsverlag Potsdam"},"image":{"@id":"https:\/\/shop.verlag.uni-potsdam.de\/en\/#\/schema\/logo\/image\/"}}]}},"_links":{"self":[{"href":"https:\/\/shop.verlag.uni-potsdam.de\/en\/wp-json\/wp\/v2\/product\/55847","targetHints":{"allow":["GET"]}}],"collection":[{"href":"https:\/\/shop.verlag.uni-potsdam.de\/en\/wp-json\/wp\/v2\/product"}],"about":[{"href":"https:\/\/shop.verlag.uni-potsdam.de\/en\/wp-json\/wp\/v2\/types\/product"}],"wp:featuredmedia":[{"embeddable":true,"href":"https:\/\/shop.verlag.uni-potsdam.de\/en\/wp-json\/wp\/v2\/media\/55957"}],"wp:attachment":[{"href":"https:\/\/shop.verlag.uni-potsdam.de\/en\/wp-json\/wp\/v2\/media?parent=55847"}],"wp:term":[{"taxonomy":"product_brand","embeddable":true,"href":"https:\/\/shop.verlag.uni-potsdam.de\/en\/wp-json\/wp\/v2\/product_brand?post=55847"},{"taxonomy":"product_cat","embeddable":true,"href":"https:\/\/shop.verlag.uni-potsdam.de\/en\/wp-json\/wp\/v2\/product_cat?post=55847"},{"taxonomy":"product_tag","embeddable":true,"href":"https:\/\/shop.verlag.uni-potsdam.de\/en\/wp-json\/wp\/v2\/product_tag?post=55847"}],"curies":[{"name":"wp","href":"https:\/\/api.w.org\/{rel}","templated":true}]}}