{"id":55953,"date":"2026-03-30T12:17:00","date_gmt":"2026-03-30T12:17:00","guid":{"rendered":"https:\/\/shop.verlag.uni-potsdam.de\/shop\/geographien-des-fussballs\/"},"modified":"2026-03-30T16:18:00","modified_gmt":"2026-03-30T14:18:00","slug":"das-handlungskonzept-tolerantes-brandenburg-im-fokus","status":"publish","type":"product","link":"https:\/\/shop.verlag.uni-potsdam.de\/en\/shop\/das-handlungskonzept-tolerantes-brandenburg-im-fokus\/","title":{"rendered":"Das Handlungskonzept \u201eTolerantes Brandenburg\u201c im Fokus"},"content":{"rendered":"<p class=\"qtranxs-available-languages-message qtranxs-available-languages-message-en\">Sorry, this entry is only available in <a href=\"https:\/\/shop.verlag.uni-potsdam.de\/de\/wp-json\/wp\/v2\/product\/55953\" class=\"qtranxs-available-language-link qtranxs-available-language-link-de\" title=\"Deutsch\">Deutsch<\/a>.<\/p><p><span id=\"abstractFull_85777\" class=\"abstractFull\" style=\"display: inline;\">Dieser Band der Reihe \u201ePotsdamer Geographische Praxis\u201c enth\u00e4lt drei Beitr\u00e4ge, die sich mit dem Handlungskonzept \u201eTolerantes Brandenburg\u201c der Brandenburgischen Landesregierung befassen. In allen Beitr\u00e4gen wird auf der Grundlage empirischer Erhebungen analysiert, wie dieses Konzept zum Umgang mit Rechtsextremismus und Rechtspopulismus sowie zur Demokratief\u00f6rderung in den letzten Jahren umgesetzt wurde. Die ersten beiden Beitr\u00e4ge haben die sogenannten Zukunftsdialoge \u201eTolerantes Brandenburg\u201c zum Gegenstand, die in den Jahren 2015 bis 2017 in allen kreisfreien St\u00e4dten und Landkreisen Brandenburgs durchgef\u00fchrt wurden. Der erste Beitrag von Schubarth, Kohlstruck und Rolfes beinhaltet die Ergebnisse der wissenschaftlichen Beobachtung der Zukunftsdialoge; die Ergebnisse beruhen \u00fcberwiegend auf teilnehmende Beobachtungen der Zukunftsdialoge und qualitativen Interviews mit Teilnehmenden. Der zweite Beitrag von Bode und Rolfes basiert auf einer quantitativen Methodik und enth\u00e4lt die Auswertungen einer standardisierten Befragung der Teilnehmer\/innen der Zukunftsdialoge. Die Ergebnisse beider Untersuchungen liefern wichtige Erkenntnisse und gute Ansatzpunkte, wie einerseits die Institutionen des Beratungsnetzwerks \u201eTolerantes Brandenburg\u201c und das Handlungskonzept auf lokaler Ebene eine gr\u00f6\u00dfere Bekanntheit erlangen k\u00f6nnten und andererseits, welche Schritte hilfreich w\u00e4ren, um eine (noch) st\u00e4rkere Verankerung des Handlungskonzeptes in den Regionen zu erreichen. Beim dritten Beitrag von Schubarth, Kohlstruck und Rolfes handelt es sich eine Expertise aus dem Jahr 2019. Der Beitrag liefert einen mehrdimensionalen Blick auf das Handlungskonzept aus unterschiedlichen internen wie externen Perspektiven. Dabei wird vor allem auf die gesellschaftlichen und politischen Ver\u00e4nderungen fokussiert, die sich seit 2014 im Handlungsfeld \u201eDemokratiest\u00e4rkung und Auseinandersetzung mit dem Rechtsextremismus\u201c ergeben haben. Grundlage der Expertise waren leitfadenzentriere Interviews.<\/span><\/p>","protected":false},"excerpt":{"rendered":"<p class=\"qtranxs-available-languages-message qtranxs-available-languages-message-en\">Sorry, this entry is only available in <a href=\"https:\/\/shop.verlag.uni-potsdam.de\/de\/wp-json\/wp\/v2\/product\/55953\" class=\"qtranxs-available-language-link qtranxs-available-language-link-de\" title=\"Deutsch\">Deutsch<\/a>.<\/p>\n<p><span id=\"abstractFull_85777\" class=\"abstractFull\" style=\"display: inline;\">Dieser Band der Reihe \u201ePotsdamer Geographische Praxis\u201c enth\u00e4lt drei Beitr\u00e4ge, die sich mit dem Handlungskonzept \u201eTolerantes Brandenburg\u201c der Brandenburgischen Landesregierung befassen. In allen Beitr\u00e4gen wird auf der Grundlage empirischer Erhebungen analysiert, wie dieses Konzept zum Umgang mit Rechtsextremismus und Rechtspopulismus sowie zur Demokratief\u00f6rderung in den letzten Jahren umgesetzt wurde. Die ersten beiden Beitr\u00e4ge haben die sogenannten Zukunftsdialoge \u201eTolerantes Brandenburg\u201c zum Gegenstand, die in den Jahren 2015 bis 2017 in allen kreisfreien St\u00e4dten und Landkreisen Brandenburgs durchgef\u00fchrt wurden. Der erste Beitrag von Schubarth, Kohlstruck und Rolfes beinhaltet die Ergebnisse der wissenschaftlichen Beobachtung der Zukunftsdialoge; die Ergebnisse beruhen \u00fcberwiegend auf teilnehmende Beobachtungen der Zukunftsdialoge und qualitativen Interviews mit Teilnehmenden. Der zweite Beitrag von Bode und Rolfes basiert auf einer quantitativen Methodik und enth\u00e4lt die Auswertungen einer standardisierten Befragung der Teilnehmer\/innen der Zukunftsdialoge. Die Ergebnisse beider Untersuchungen liefern wichtige Erkenntnisse und gute Ansatzpunkte, wie einerseits die Institutionen des Beratungsnetzwerks \u201eTolerantes Brandenburg\u201c und das Handlungskonzept auf lokaler Ebene eine gr\u00f6\u00dfere Bekanntheit erlangen k\u00f6nnten und andererseits, welche Schritte hilfreich w\u00e4ren, um eine (noch) st\u00e4rkere Verankerung des Handlungskonzeptes in den Regionen zu erreichen. Beim dritten Beitrag von Schubarth, Kohlstruck und Rolfes handelt es sich eine Expertise aus dem Jahr 2019. Der Beitrag liefert einen mehrdimensionalen Blick auf das Handlungskonzept aus unterschiedlichen internen wie externen Perspektiven. Dabei wird vor allem auf die gesellschaftlichen und politischen Ver\u00e4nderungen fokussiert, die sich seit 2014 im Handlungsfeld \u201eDemokratiest\u00e4rkung und Auseinandersetzung mit dem Rechtsextremismus\u201c ergeben haben. Grundlage der Expertise waren leitfadenzentriere Interviews.<\/span><\/p>\n","protected":false},"featured_media":56022,"template":"","meta":{"_acf_changed":false},"product_brand":[],"product_cat":[6166],"product_tag":[5104],"class_list":{"0":"post-55953","1":"product","2":"type-product","3":"status-publish","4":"has-post-thumbnail","6":"product_cat-sozialwissenschaften-web-kategorie","7":"product_tag-brandenburg-demokratiefoerderung-evaluation-rechtsextremismus-rechtspopulismus-tolerantes-brandenburg","8":"autor-dagmar-bode","9":"autor-manfred-rolfes","10":"autor-michael-kohlstruck","11":"autor-wilfried-schubarth","12":"reihe-potsdamer-geographische-praxis","14":"first","15":"instock","16":"shipping-taxable","17":"purchasable","18":"product-type-simple"},"acf":[],"yoast_head":"<!-- This site is optimized with the Yoast SEO plugin v27.1.1 - https:\/\/yoast.com\/product\/yoast-seo-wordpress\/ -->\n<title>Das Handlungskonzept \u201eTolerantes Brandenburg\u201c im Fokus - Universit\u00e4tsverlag Potsdam<\/title>\n<meta name=\"robots\" content=\"index, follow, max-snippet:-1, max-image-preview:large, max-video-preview:-1\" \/>\n<link rel=\"canonical\" href=\"https:\/\/shop.verlag.uni-potsdam.de\/en\/shop\/das-handlungskonzept-tolerantes-brandenburg-im-fokus\/\" \/>\n<meta property=\"og:locale\" content=\"en_US\" \/>\n<meta property=\"og:type\" content=\"article\" \/>\n<meta property=\"og:title\" content=\"Das Handlungskonzept \u201eTolerantes Brandenburg\u201c im Fokus - Universit\u00e4tsverlag Potsdam\" \/>\n<meta property=\"og:description\" content=\"Dieser Band der Reihe \u201ePotsdamer Geographische Praxis\u201c enth\u00e4lt drei Beitr\u00e4ge, die sich mit dem Handlungskonzept \u201eTolerantes Brandenburg\u201c der Brandenburgischen Landesregierung befassen. In allen Beitr\u00e4gen wird auf der Grundlage empirischer Erhebungen analysiert, wie dieses Konzept zum Umgang mit Rechtsextremismus und Rechtspopulismus sowie zur Demokratief\u00f6rderung in den letzten Jahren umgesetzt wurde. Die ersten beiden Beitr\u00e4ge haben die sogenannten Zukunftsdialoge \u201eTolerantes Brandenburg\u201c zum Gegenstand, die in den Jahren 2015 bis 2017 in allen kreisfreien St\u00e4dten und Landkreisen Brandenburgs durchgef\u00fchrt wurden. Der erste Beitrag von Schubarth, Kohlstruck und Rolfes beinhaltet die Ergebnisse der wissenschaftlichen Beobachtung der Zukunftsdialoge; die Ergebnisse beruhen \u00fcberwiegend auf teilnehmende Beobachtungen der Zukunftsdialoge und qualitativen Interviews mit Teilnehmenden. Der zweite Beitrag von Bode und Rolfes basiert auf einer quantitativen Methodik und enth\u00e4lt die Auswertungen einer standardisierten Befragung der Teilnehmer\/innen der Zukunftsdialoge. Die Ergebnisse beider Untersuchungen liefern wichtige Erkenntnisse und gute Ansatzpunkte, wie einerseits die Institutionen des Beratungsnetzwerks \u201eTolerantes Brandenburg\u201c und das Handlungskonzept auf lokaler Ebene eine gr\u00f6\u00dfere Bekanntheit erlangen k\u00f6nnten und andererseits, welche Schritte hilfreich w\u00e4ren, um eine (noch) st\u00e4rkere Verankerung des Handlungskonzeptes in den Regionen zu erreichen. Beim dritten Beitrag von Schubarth, Kohlstruck und Rolfes handelt es sich eine Expertise aus dem Jahr 2019. Der Beitrag liefert einen mehrdimensionalen Blick auf das Handlungskonzept aus unterschiedlichen internen wie externen Perspektiven. Dabei wird vor allem auf die gesellschaftlichen und politischen Ver\u00e4nderungen fokussiert, die sich seit 2014 im Handlungsfeld \u201eDemokratiest\u00e4rkung und Auseinandersetzung mit dem Rechtsextremismus\u201c ergeben haben. Grundlage der Expertise waren leitfadenzentriere Interviews.\" \/>\n<meta property=\"og:url\" content=\"https:\/\/shop.verlag.uni-potsdam.de\/en\/shop\/das-handlungskonzept-tolerantes-brandenburg-im-fokus\/\" \/>\n<meta property=\"og:site_name\" content=\"Universit\u00e4tsverlag Potsdam\" \/>\n<meta property=\"article:modified_time\" content=\"2026-03-30T14:18:00+00:00\" \/>\n<meta property=\"og:image\" content=\"https:\/\/shop.verlag.uni-potsdam.de\/wp-content\/uploads\/asolmerce\/image-978-3-86956-483-8.jpg\" \/>\n\t<meta property=\"og:image:width\" content=\"1813\" \/>\n\t<meta property=\"og:image:height\" content=\"2560\" \/>\n\t<meta property=\"og:image:type\" content=\"image\/jpeg\" \/>\n<meta name=\"twitter:card\" content=\"summary_large_image\" \/>\n<meta name=\"twitter:label1\" content=\"Est. reading time\" \/>\n\t<meta name=\"twitter:data1\" content=\"1 minute\" \/>\n<script type=\"application\/ld+json\" class=\"yoast-schema-graph\">{\"@context\":\"https:\/\/schema.org\",\"@graph\":[{\"@type\":\"WebPage\",\"@id\":\"https:\/\/shop.verlag.uni-potsdam.de\/en\/shop\/das-handlungskonzept-tolerantes-brandenburg-im-fokus\/\",\"url\":\"https:\/\/shop.verlag.uni-potsdam.de\/en\/shop\/das-handlungskonzept-tolerantes-brandenburg-im-fokus\/\",\"name\":\"Das Handlungskonzept \u201eTolerantes Brandenburg\u201c im Fokus - Universit\u00e4tsverlag Potsdam\",\"isPartOf\":{\"@id\":\"https:\/\/shop.verlag.uni-potsdam.de\/en\/#website\"},\"primaryImageOfPage\":{\"@id\":\"https:\/\/shop.verlag.uni-potsdam.de\/en\/shop\/das-handlungskonzept-tolerantes-brandenburg-im-fokus\/#primaryimage\"},\"image\":{\"@id\":\"https:\/\/shop.verlag.uni-potsdam.de\/shop\/das-handlungskonzept-tolerantes-brandenburg-im-fokus\/#primaryimage\"},\"thumbnailUrl\":\"https:\/\/shop.verlag.uni-potsdam.de\/wp-content\/uploads\/asolmerce\/image-978-3-86956-483-8.jpg\",\"datePublished\":\"2026-03-30T12:17:00+00:00\",\"dateModified\":\"2026-03-30T14:18:00+00:00\",\"breadcrumb\":{\"@id\":\"https:\/\/shop.verlag.uni-potsdam.de\/en\/shop\/das-handlungskonzept-tolerantes-brandenburg-im-fokus\/#breadcrumb\"},\"inLanguage\":\"en-US\",\"potentialAction\":[{\"@type\":\"ReadAction\",\"target\":[[\"https:\/\/shop.verlag.uni-potsdam.de\/en\/shop\/das-handlungskonzept-tolerantes-brandenburg-im-fokus\/\"]]}]},{\"@type\":\"ImageObject\",\"inLanguage\":\"en-US\",\"@id\":\"https:\/\/shop.verlag.uni-potsdam.de\/en\/shop\/das-handlungskonzept-tolerantes-brandenburg-im-fokus\/#primaryimage\",\"url\":\"https:\/\/shop.verlag.uni-potsdam.de\/wp-content\/uploads\/asolmerce\/image-978-3-86956-483-8.jpg\",\"contentUrl\":\"https:\/\/shop.verlag.uni-potsdam.de\/wp-content\/uploads\/asolmerce\/image-978-3-86956-483-8.jpg\",\"width\":1813,\"height\":2560},{\"@type\":\"BreadcrumbList\",\"@id\":\"https:\/\/shop.verlag.uni-potsdam.de\/en\/shop\/das-handlungskonzept-tolerantes-brandenburg-im-fokus\/#breadcrumb\",\"itemListElement\":[{\"@type\":\"ListItem\",\"position\":1,\"name\":\"Startseite\",\"item\":\"https:\/\/shop.verlag.uni-potsdam.de\/en\/\"},{\"@type\":\"ListItem\",\"position\":2,\"name\":\"Shop\",\"item\":\"https:\/\/shop.verlag.uni-potsdam.de\/en\/shop\/\"},{\"@type\":\"ListItem\",\"position\":3,\"name\":\"Das Handlungskonzept \u201eTolerantes Brandenburg\u201c im Fokus\"}]},{\"@type\":\"WebSite\",\"@id\":\"https:\/\/shop.verlag.uni-potsdam.de\/en\/#website\",\"url\":\"https:\/\/shop.verlag.uni-potsdam.de\/en\/\",\"name\":\"Universit\u00e4tsverlag Potsdam\",\"description\":\"\",\"publisher\":{\"@id\":\"https:\/\/shop.verlag.uni-potsdam.de\/en\/#organization\"},\"potentialAction\":[{\"@type\":\"SearchAction\",\"target\":{\"@type\":\"EntryPoint\",\"urlTemplate\":\"https:\/\/shop.verlag.uni-potsdam.de\/en\/?s={search_term_string}\"},\"query-input\":{\"@type\":\"PropertyValueSpecification\",\"valueRequired\":true,\"valueName\":\"search_term_string\"}}],\"inLanguage\":\"en-US\"},{\"@type\":\"Organization\",\"@id\":\"https:\/\/shop.verlag.uni-potsdam.de\/en\/#organization\",\"name\":\"Universit\u00e4tsverlag Potsdam\",\"url\":\"https:\/\/shop.verlag.uni-potsdam.de\/en\/\",\"logo\":{\"@type\":\"ImageObject\",\"inLanguage\":\"en-US\",\"@id\":\"https:\/\/shop.verlag.uni-potsdam.de\/en\/#\/schema\/logo\/image\/\",\"url\":\"https:\/\/shop.verlag.uni-potsdam.de\/wp-content\/uploads\/2017\/04\/up_logo_university_2.png\",\"contentUrl\":\"https:\/\/shop.verlag.uni-potsdam.de\/wp-content\/uploads\/2017\/04\/up_logo_university_2.png\",\"width\":160,\"height\":172,\"caption\":\"Universit\u00e4tsverlag Potsdam\"},\"image\":{\"@id\":\"https:\/\/shop.verlag.uni-potsdam.de\/en\/#\/schema\/logo\/image\/\"}}]}<\/script>\n<!-- \/ Yoast SEO plugin. -->","yoast_head_json":{"title":"Das Handlungskonzept \u201eTolerantes Brandenburg\u201c im Fokus - Universit\u00e4tsverlag Potsdam","robots":{"index":"index","follow":"follow","max-snippet":"max-snippet:-1","max-image-preview":"max-image-preview:large","max-video-preview":"max-video-preview:-1"},"canonical":"https:\/\/shop.verlag.uni-potsdam.de\/en\/shop\/das-handlungskonzept-tolerantes-brandenburg-im-fokus\/","og_locale":"en_US","og_type":"article","og_title":"Das Handlungskonzept \u201eTolerantes Brandenburg\u201c im Fokus - Universit\u00e4tsverlag Potsdam","og_description":"Dieser Band der Reihe \u201ePotsdamer Geographische Praxis\u201c enth\u00e4lt drei Beitr\u00e4ge, die sich mit dem Handlungskonzept \u201eTolerantes Brandenburg\u201c der Brandenburgischen Landesregierung befassen. In allen Beitr\u00e4gen wird auf der Grundlage empirischer Erhebungen analysiert, wie dieses Konzept zum Umgang mit Rechtsextremismus und Rechtspopulismus sowie zur Demokratief\u00f6rderung in den letzten Jahren umgesetzt wurde. Die ersten beiden Beitr\u00e4ge haben die sogenannten Zukunftsdialoge \u201eTolerantes Brandenburg\u201c zum Gegenstand, die in den Jahren 2015 bis 2017 in allen kreisfreien St\u00e4dten und Landkreisen Brandenburgs durchgef\u00fchrt wurden. Der erste Beitrag von Schubarth, Kohlstruck und Rolfes beinhaltet die Ergebnisse der wissenschaftlichen Beobachtung der Zukunftsdialoge; die Ergebnisse beruhen \u00fcberwiegend auf teilnehmende Beobachtungen der Zukunftsdialoge und qualitativen Interviews mit Teilnehmenden. Der zweite Beitrag von Bode und Rolfes basiert auf einer quantitativen Methodik und enth\u00e4lt die Auswertungen einer standardisierten Befragung der Teilnehmer\/innen der Zukunftsdialoge. Die Ergebnisse beider Untersuchungen liefern wichtige Erkenntnisse und gute Ansatzpunkte, wie einerseits die Institutionen des Beratungsnetzwerks \u201eTolerantes Brandenburg\u201c und das Handlungskonzept auf lokaler Ebene eine gr\u00f6\u00dfere Bekanntheit erlangen k\u00f6nnten und andererseits, welche Schritte hilfreich w\u00e4ren, um eine (noch) st\u00e4rkere Verankerung des Handlungskonzeptes in den Regionen zu erreichen. Beim dritten Beitrag von Schubarth, Kohlstruck und Rolfes handelt es sich eine Expertise aus dem Jahr 2019. Der Beitrag liefert einen mehrdimensionalen Blick auf das Handlungskonzept aus unterschiedlichen internen wie externen Perspektiven. Dabei wird vor allem auf die gesellschaftlichen und politischen Ver\u00e4nderungen fokussiert, die sich seit 2014 im Handlungsfeld \u201eDemokratiest\u00e4rkung und Auseinandersetzung mit dem Rechtsextremismus\u201c ergeben haben. Grundlage der Expertise waren leitfadenzentriere Interviews.","og_url":"https:\/\/shop.verlag.uni-potsdam.de\/en\/shop\/das-handlungskonzept-tolerantes-brandenburg-im-fokus\/","og_site_name":"Universit\u00e4tsverlag Potsdam","article_modified_time":"2026-03-30T14:18:00+00:00","og_image":[{"width":1813,"height":2560,"url":"https:\/\/shop.verlag.uni-potsdam.de\/wp-content\/uploads\/asolmerce\/image-978-3-86956-483-8.jpg","type":"image\/jpeg"}],"twitter_card":"summary_large_image","twitter_misc":{"Est. reading time":"1 minute"},"schema":{"@context":"https:\/\/schema.org","@graph":[{"@type":"WebPage","@id":"https:\/\/shop.verlag.uni-potsdam.de\/en\/shop\/das-handlungskonzept-tolerantes-brandenburg-im-fokus\/","url":"https:\/\/shop.verlag.uni-potsdam.de\/en\/shop\/das-handlungskonzept-tolerantes-brandenburg-im-fokus\/","name":"Das Handlungskonzept \u201eTolerantes Brandenburg\u201c im Fokus - Universit\u00e4tsverlag Potsdam","isPartOf":{"@id":"https:\/\/shop.verlag.uni-potsdam.de\/en\/#website"},"primaryImageOfPage":{"@id":"https:\/\/shop.verlag.uni-potsdam.de\/en\/shop\/das-handlungskonzept-tolerantes-brandenburg-im-fokus\/#primaryimage"},"image":{"@id":"https:\/\/shop.verlag.uni-potsdam.de\/shop\/das-handlungskonzept-tolerantes-brandenburg-im-fokus\/#primaryimage"},"thumbnailUrl":"https:\/\/shop.verlag.uni-potsdam.de\/wp-content\/uploads\/asolmerce\/image-978-3-86956-483-8.jpg","datePublished":"2026-03-30T12:17:00+00:00","dateModified":"2026-03-30T14:18:00+00:00","breadcrumb":{"@id":"https:\/\/shop.verlag.uni-potsdam.de\/en\/shop\/das-handlungskonzept-tolerantes-brandenburg-im-fokus\/#breadcrumb"},"inLanguage":"en-US","potentialAction":[{"@type":"ReadAction","target":[["https:\/\/shop.verlag.uni-potsdam.de\/en\/shop\/das-handlungskonzept-tolerantes-brandenburg-im-fokus\/"]]}]},{"@type":"ImageObject","inLanguage":"en-US","@id":"https:\/\/shop.verlag.uni-potsdam.de\/en\/shop\/das-handlungskonzept-tolerantes-brandenburg-im-fokus\/#primaryimage","url":"https:\/\/shop.verlag.uni-potsdam.de\/wp-content\/uploads\/asolmerce\/image-978-3-86956-483-8.jpg","contentUrl":"https:\/\/shop.verlag.uni-potsdam.de\/wp-content\/uploads\/asolmerce\/image-978-3-86956-483-8.jpg","width":1813,"height":2560},{"@type":"BreadcrumbList","@id":"https:\/\/shop.verlag.uni-potsdam.de\/en\/shop\/das-handlungskonzept-tolerantes-brandenburg-im-fokus\/#breadcrumb","itemListElement":[{"@type":"ListItem","position":1,"name":"Startseite","item":"https:\/\/shop.verlag.uni-potsdam.de\/en\/"},{"@type":"ListItem","position":2,"name":"Shop","item":"https:\/\/shop.verlag.uni-potsdam.de\/en\/shop\/"},{"@type":"ListItem","position":3,"name":"Das Handlungskonzept \u201eTolerantes Brandenburg\u201c im Fokus"}]},{"@type":"WebSite","@id":"https:\/\/shop.verlag.uni-potsdam.de\/en\/#website","url":"https:\/\/shop.verlag.uni-potsdam.de\/en\/","name":"Universit\u00e4tsverlag Potsdam","description":"","publisher":{"@id":"https:\/\/shop.verlag.uni-potsdam.de\/en\/#organization"},"potentialAction":[{"@type":"SearchAction","target":{"@type":"EntryPoint","urlTemplate":"https:\/\/shop.verlag.uni-potsdam.de\/en\/?s={search_term_string}"},"query-input":{"@type":"PropertyValueSpecification","valueRequired":true,"valueName":"search_term_string"}}],"inLanguage":"en-US"},{"@type":"Organization","@id":"https:\/\/shop.verlag.uni-potsdam.de\/en\/#organization","name":"Universit\u00e4tsverlag Potsdam","url":"https:\/\/shop.verlag.uni-potsdam.de\/en\/","logo":{"@type":"ImageObject","inLanguage":"en-US","@id":"https:\/\/shop.verlag.uni-potsdam.de\/en\/#\/schema\/logo\/image\/","url":"https:\/\/shop.verlag.uni-potsdam.de\/wp-content\/uploads\/2017\/04\/up_logo_university_2.png","contentUrl":"https:\/\/shop.verlag.uni-potsdam.de\/wp-content\/uploads\/2017\/04\/up_logo_university_2.png","width":160,"height":172,"caption":"Universit\u00e4tsverlag Potsdam"},"image":{"@id":"https:\/\/shop.verlag.uni-potsdam.de\/en\/#\/schema\/logo\/image\/"}}]}},"_links":{"self":[{"href":"https:\/\/shop.verlag.uni-potsdam.de\/en\/wp-json\/wp\/v2\/product\/55953","targetHints":{"allow":["GET"]}}],"collection":[{"href":"https:\/\/shop.verlag.uni-potsdam.de\/en\/wp-json\/wp\/v2\/product"}],"about":[{"href":"https:\/\/shop.verlag.uni-potsdam.de\/en\/wp-json\/wp\/v2\/types\/product"}],"wp:featuredmedia":[{"embeddable":true,"href":"https:\/\/shop.verlag.uni-potsdam.de\/en\/wp-json\/wp\/v2\/media\/56022"}],"wp:attachment":[{"href":"https:\/\/shop.verlag.uni-potsdam.de\/en\/wp-json\/wp\/v2\/media?parent=55953"}],"wp:term":[{"taxonomy":"product_brand","embeddable":true,"href":"https:\/\/shop.verlag.uni-potsdam.de\/en\/wp-json\/wp\/v2\/product_brand?post=55953"},{"taxonomy":"product_cat","embeddable":true,"href":"https:\/\/shop.verlag.uni-potsdam.de\/en\/wp-json\/wp\/v2\/product_cat?post=55953"},{"taxonomy":"product_tag","embeddable":true,"href":"https:\/\/shop.verlag.uni-potsdam.de\/en\/wp-json\/wp\/v2\/product_tag?post=55953"}],"curies":[{"name":"wp","href":"https:\/\/api.w.org\/{rel}","templated":true}]}}