{"id":55989,"date":"2026-03-23T08:55:01","date_gmt":"2026-03-23T08:55:01","guid":{"rendered":"https:\/\/shop.verlag.uni-potsdam.de\/shop\/grenzraeume-grenzbewegungen\/"},"modified":"2026-03-23T11:56:02","modified_gmt":"2026-03-23T10:56:02","slug":"grenzraeume-grenzbewegungen-2-baende","status":"publish","type":"product","link":"https:\/\/shop.verlag.uni-potsdam.de\/en\/shop\/grenzraeume-grenzbewegungen-2-baende\/","title":{"rendered":"Grenzr\u00e4ume \u2013 Grenzbewegungen (2 B\u00e4nde)"},"content":{"rendered":"<p class=\"qtranxs-available-languages-message qtranxs-available-languages-message-en\">Sorry, this entry is only available in <a href=\"https:\/\/shop.verlag.uni-potsdam.de\/de\/wp-json\/wp\/v2\/product\/55989\" class=\"qtranxs-available-language-link qtranxs-available-language-link-de\" title=\"Deutsch\">Deutsch<\/a>.<\/p><p><\/p>\n<div>Die beiden Sammelb\u00e4nde vereinigen die Beitr\u00e4ge der 12.\u2009und 13.\u2009Tagung des Jungen Forums Slavistische Literaturwissenschaft (JFSL) in Basel 2013 und Frankfurt (Oder) und S\u0142ubice 2014. Unter den thematischen Leitbegriffen Grenzr\u00e4ume \u2013 Grenzbewegungen pr\u00e4sentieren sie Einblicke in die Arbeit von Nachwuchswissenschaftlerinnen und -wissenschaftlern der deutschsprachigen slavischen Literatur- und Kulturwissenschaft.<\/div>\n<div>Die beiden B\u00e4nde k\u00f6nnen auch einzeln erworben werden:<\/div>\n<div><a href=\"https:\/\/shop.verlag.uni-potsdam.de\/shop\/21860\/\">Band 1<\/a> ISBN 978-3-86956-358-9<\/div>\n<div><a href=\"https:\/\/shop.verlag.uni-potsdam.de\/shop\/21861\/\">Band 2<\/a> ISBN  978-3-86956-359-6 <\/div>\n<p><\/p>","protected":false},"excerpt":{"rendered":"<p class=\"qtranxs-available-languages-message qtranxs-available-languages-message-en\">Sorry, this entry is only available in <a href=\"https:\/\/shop.verlag.uni-potsdam.de\/de\/wp-json\/wp\/v2\/product\/55989\" class=\"qtranxs-available-language-link qtranxs-available-language-link-de\" title=\"Deutsch\">Deutsch<\/a>.<\/p>\n<div>Die beiden Sammelb\u00e4nde vereinigen die Beitr\u00e4ge der 12.\u2009und 13.\u2009Tagung des Jungen Forums Slavistische Literaturwissenschaft (JFSL) in Basel 2013 und Frankfurt (Oder) und S\u0142ubice 2014. Unter den thematischen Leitbegriffen Grenzr\u00e4ume \u2013 Grenzbewegungen pr\u00e4sentieren sie Einblicke in die Arbeit von Nachwuchswissenschaftlerinnen und -wissenschaftlern der deutschsprachigen slavischen Literatur- und Kulturwissenschaft.<\/div>\n<div>Die beiden B\u00e4nde k\u00f6nnen auch einzeln erworben werden:<\/div>\n<div><a href=\"https:\/\/shop.verlag.uni-potsdam.de\/shop\/21860\/\">Band 1<\/a> ISBN 978-3-86956-358-9<\/div>\n<div><a href=\"https:\/\/shop.verlag.uni-potsdam.de\/shop\/21861\/\">Band 2<\/a> ISBN  978-3-86956-359-6 <\/div>\n","protected":false},"featured_media":55990,"template":"","meta":{"_acf_changed":false},"product_brand":[],"product_cat":[6230],"product_tag":[],"class_list":{"0":"post-55989","1":"product","2":"type-product","3":"status-publish","4":"has-post-thumbnail","6":"product_cat-slawische-sprachwissenschaft-literaturwissenschaft-web-kategorie","7":"autor-erik-martin","8":"autor-gunnar-lenz","9":"autor-nina-friess","11":"first","12":"instock","13":"shipping-taxable","14":"purchasable","15":"product-type-simple"},"acf":[],"yoast_head":"<!-- This site is optimized with the Yoast SEO plugin v27.1.1 - https:\/\/yoast.com\/product\/yoast-seo-wordpress\/ -->\n<title>Grenzr\u00e4ume \u2013 Grenzbewegungen (2 B\u00e4nde) - Universit\u00e4tsverlag Potsdam<\/title>\n<meta name=\"robots\" content=\"index, follow, max-snippet:-1, max-image-preview:large, max-video-preview:-1\" \/>\n<link rel=\"canonical\" href=\"https:\/\/shop.verlag.uni-potsdam.de\/en\/shop\/grenzraeume-grenzbewegungen-2-baende\/\" \/>\n<meta property=\"og:locale\" content=\"en_US\" \/>\n<meta property=\"og:type\" content=\"article\" \/>\n<meta property=\"og:title\" content=\"Grenzr\u00e4ume \u2013 Grenzbewegungen (2 B\u00e4nde) - Universit\u00e4tsverlag Potsdam\" \/>\n<meta property=\"og:description\" content=\"Die beiden Sammelb\u00e4nde vereinigen die Beitr\u00e4ge der 12.\u2009und 13.\u2009Tagung des Jungen Forums Slavistische Literaturwissenschaft (JFSL) in Basel 2013 und Frankfurt (Oder) und S\u0142ubice 2014. Unter den thematischen Leitbegriffen Grenzr\u00e4ume \u2013 Grenzbewegungen pr\u00e4sentieren sie Einblicke in die Arbeit von Nachwuchswissenschaftlerinnen und -wissenschaftlern der deutschsprachigen slavischen Literatur- und Kulturwissenschaft.Die beiden B\u00e4nde k\u00f6nnen auch einzeln erworben werden:Band 1 ISBN 978-3-86956-358-9Band 2 ISBN 978-3-86956-359-6\" \/>\n<meta property=\"og:url\" content=\"https:\/\/shop.verlag.uni-potsdam.de\/en\/shop\/grenzraeume-grenzbewegungen-2-baende\/\" \/>\n<meta property=\"og:site_name\" content=\"Universit\u00e4tsverlag Potsdam\" \/>\n<meta property=\"article:modified_time\" content=\"2026-03-23T10:56:02+00:00\" \/>\n<meta property=\"og:image\" content=\"https:\/\/shop.verlag.uni-potsdam.de\/wp-content\/uploads\/asolmerce\/image-22314.jpg\" \/>\n\t<meta property=\"og:image:width\" content=\"1750\" \/>\n\t<meta property=\"og:image:height\" content=\"2480\" \/>\n\t<meta property=\"og:image:type\" content=\"image\/jpeg\" \/>\n<meta name=\"twitter:card\" content=\"summary_large_image\" \/>\n<script type=\"application\/ld+json\" class=\"yoast-schema-graph\">{\"@context\":\"https:\/\/schema.org\",\"@graph\":[{\"@type\":\"WebPage\",\"@id\":\"https:\/\/shop.verlag.uni-potsdam.de\/en\/shop\/grenzraeume-grenzbewegungen-2-baende\/\",\"url\":\"https:\/\/shop.verlag.uni-potsdam.de\/en\/shop\/grenzraeume-grenzbewegungen-2-baende\/\",\"name\":\"Grenzr\u00e4ume \u2013 Grenzbewegungen (2 B\u00e4nde) - Universit\u00e4tsverlag Potsdam\",\"isPartOf\":{\"@id\":\"https:\/\/shop.verlag.uni-potsdam.de\/en\/#website\"},\"primaryImageOfPage\":{\"@id\":\"https:\/\/shop.verlag.uni-potsdam.de\/en\/shop\/grenzraeume-grenzbewegungen-2-baende\/#primaryimage\"},\"image\":{\"@id\":\"https:\/\/shop.verlag.uni-potsdam.de\/en\/shop\/grenzraeume-grenzbewegungen-2-baende\/#primaryimage\"},\"thumbnailUrl\":\"https:\/\/shop.verlag.uni-potsdam.de\/wp-content\/uploads\/asolmerce\/image-22314.jpg\",\"datePublished\":\"2026-03-23T08:55:01+00:00\",\"dateModified\":\"2026-03-23T10:56:02+00:00\",\"breadcrumb\":{\"@id\":\"https:\/\/shop.verlag.uni-potsdam.de\/en\/shop\/grenzraeume-grenzbewegungen-2-baende\/#breadcrumb\"},\"inLanguage\":\"en-US\",\"potentialAction\":[{\"@type\":\"ReadAction\",\"target\":[[\"https:\/\/shop.verlag.uni-potsdam.de\/en\/shop\/grenzraeume-grenzbewegungen-2-baende\/\"]]}]},{\"@type\":\"ImageObject\",\"inLanguage\":\"en-US\",\"@id\":\"https:\/\/shop.verlag.uni-potsdam.de\/en\/shop\/grenzraeume-grenzbewegungen-2-baende\/#primaryimage\",\"url\":\"https:\/\/shop.verlag.uni-potsdam.de\/wp-content\/uploads\/asolmerce\/image-22314.jpg\",\"contentUrl\":\"https:\/\/shop.verlag.uni-potsdam.de\/wp-content\/uploads\/asolmerce\/image-22314.jpg\",\"width\":1750,\"height\":2480},{\"@type\":\"BreadcrumbList\",\"@id\":\"https:\/\/shop.verlag.uni-potsdam.de\/en\/shop\/grenzraeume-grenzbewegungen-2-baende\/#breadcrumb\",\"itemListElement\":[{\"@type\":\"ListItem\",\"position\":1,\"name\":\"Startseite\",\"item\":\"https:\/\/shop.verlag.uni-potsdam.de\/en\/\"},{\"@type\":\"ListItem\",\"position\":2,\"name\":\"Shop\",\"item\":\"https:\/\/shop.verlag.uni-potsdam.de\/en\/shop\/\"},{\"@type\":\"ListItem\",\"position\":3,\"name\":\"Grenzr\u00e4ume \u2013 Grenzbewegungen (2 B\u00e4nde)\"}]},{\"@type\":\"WebSite\",\"@id\":\"https:\/\/shop.verlag.uni-potsdam.de\/en\/#website\",\"url\":\"https:\/\/shop.verlag.uni-potsdam.de\/en\/\",\"name\":\"Universit\u00e4tsverlag Potsdam\",\"description\":\"\",\"publisher\":{\"@id\":\"https:\/\/shop.verlag.uni-potsdam.de\/en\/#organization\"},\"potentialAction\":[{\"@type\":\"SearchAction\",\"target\":{\"@type\":\"EntryPoint\",\"urlTemplate\":\"https:\/\/shop.verlag.uni-potsdam.de\/en\/?s={search_term_string}\"},\"query-input\":{\"@type\":\"PropertyValueSpecification\",\"valueRequired\":true,\"valueName\":\"search_term_string\"}}],\"inLanguage\":\"en-US\"},{\"@type\":\"Organization\",\"@id\":\"https:\/\/shop.verlag.uni-potsdam.de\/en\/#organization\",\"name\":\"Universit\u00e4tsverlag Potsdam\",\"url\":\"https:\/\/shop.verlag.uni-potsdam.de\/en\/\",\"logo\":{\"@type\":\"ImageObject\",\"inLanguage\":\"en-US\",\"@id\":\"https:\/\/shop.verlag.uni-potsdam.de\/en\/#\/schema\/logo\/image\/\",\"url\":\"https:\/\/shop.verlag.uni-potsdam.de\/wp-content\/uploads\/2017\/04\/up_logo_university_2.png\",\"contentUrl\":\"https:\/\/shop.verlag.uni-potsdam.de\/wp-content\/uploads\/2017\/04\/up_logo_university_2.png\",\"width\":160,\"height\":172,\"caption\":\"Universit\u00e4tsverlag Potsdam\"},\"image\":{\"@id\":\"https:\/\/shop.verlag.uni-potsdam.de\/en\/#\/schema\/logo\/image\/\"}}]}<\/script>\n<!-- \/ Yoast SEO plugin. -->","yoast_head_json":{"title":"Grenzr\u00e4ume \u2013 Grenzbewegungen (2 B\u00e4nde) - Universit\u00e4tsverlag Potsdam","robots":{"index":"index","follow":"follow","max-snippet":"max-snippet:-1","max-image-preview":"max-image-preview:large","max-video-preview":"max-video-preview:-1"},"canonical":"https:\/\/shop.verlag.uni-potsdam.de\/en\/shop\/grenzraeume-grenzbewegungen-2-baende\/","og_locale":"en_US","og_type":"article","og_title":"Grenzr\u00e4ume \u2013 Grenzbewegungen (2 B\u00e4nde) - Universit\u00e4tsverlag Potsdam","og_description":"Die beiden Sammelb\u00e4nde vereinigen die Beitr\u00e4ge der 12.\u2009und 13.\u2009Tagung des Jungen Forums Slavistische Literaturwissenschaft (JFSL) in Basel 2013 und Frankfurt (Oder) und S\u0142ubice 2014. Unter den thematischen Leitbegriffen Grenzr\u00e4ume \u2013 Grenzbewegungen pr\u00e4sentieren sie Einblicke in die Arbeit von Nachwuchswissenschaftlerinnen und -wissenschaftlern der deutschsprachigen slavischen Literatur- und Kulturwissenschaft.Die beiden B\u00e4nde k\u00f6nnen auch einzeln erworben werden:Band 1 ISBN 978-3-86956-358-9Band 2 ISBN 978-3-86956-359-6","og_url":"https:\/\/shop.verlag.uni-potsdam.de\/en\/shop\/grenzraeume-grenzbewegungen-2-baende\/","og_site_name":"Universit\u00e4tsverlag Potsdam","article_modified_time":"2026-03-23T10:56:02+00:00","og_image":[{"width":1750,"height":2480,"url":"https:\/\/shop.verlag.uni-potsdam.de\/wp-content\/uploads\/asolmerce\/image-22314.jpg","type":"image\/jpeg"}],"twitter_card":"summary_large_image","schema":{"@context":"https:\/\/schema.org","@graph":[{"@type":"WebPage","@id":"https:\/\/shop.verlag.uni-potsdam.de\/en\/shop\/grenzraeume-grenzbewegungen-2-baende\/","url":"https:\/\/shop.verlag.uni-potsdam.de\/en\/shop\/grenzraeume-grenzbewegungen-2-baende\/","name":"Grenzr\u00e4ume \u2013 Grenzbewegungen (2 B\u00e4nde) - Universit\u00e4tsverlag Potsdam","isPartOf":{"@id":"https:\/\/shop.verlag.uni-potsdam.de\/en\/#website"},"primaryImageOfPage":{"@id":"https:\/\/shop.verlag.uni-potsdam.de\/en\/shop\/grenzraeume-grenzbewegungen-2-baende\/#primaryimage"},"image":{"@id":"https:\/\/shop.verlag.uni-potsdam.de\/en\/shop\/grenzraeume-grenzbewegungen-2-baende\/#primaryimage"},"thumbnailUrl":"https:\/\/shop.verlag.uni-potsdam.de\/wp-content\/uploads\/asolmerce\/image-22314.jpg","datePublished":"2026-03-23T08:55:01+00:00","dateModified":"2026-03-23T10:56:02+00:00","breadcrumb":{"@id":"https:\/\/shop.verlag.uni-potsdam.de\/en\/shop\/grenzraeume-grenzbewegungen-2-baende\/#breadcrumb"},"inLanguage":"en-US","potentialAction":[{"@type":"ReadAction","target":[["https:\/\/shop.verlag.uni-potsdam.de\/en\/shop\/grenzraeume-grenzbewegungen-2-baende\/"]]}]},{"@type":"ImageObject","inLanguage":"en-US","@id":"https:\/\/shop.verlag.uni-potsdam.de\/en\/shop\/grenzraeume-grenzbewegungen-2-baende\/#primaryimage","url":"https:\/\/shop.verlag.uni-potsdam.de\/wp-content\/uploads\/asolmerce\/image-22314.jpg","contentUrl":"https:\/\/shop.verlag.uni-potsdam.de\/wp-content\/uploads\/asolmerce\/image-22314.jpg","width":1750,"height":2480},{"@type":"BreadcrumbList","@id":"https:\/\/shop.verlag.uni-potsdam.de\/en\/shop\/grenzraeume-grenzbewegungen-2-baende\/#breadcrumb","itemListElement":[{"@type":"ListItem","position":1,"name":"Startseite","item":"https:\/\/shop.verlag.uni-potsdam.de\/en\/"},{"@type":"ListItem","position":2,"name":"Shop","item":"https:\/\/shop.verlag.uni-potsdam.de\/en\/shop\/"},{"@type":"ListItem","position":3,"name":"Grenzr\u00e4ume \u2013 Grenzbewegungen (2 B\u00e4nde)"}]},{"@type":"WebSite","@id":"https:\/\/shop.verlag.uni-potsdam.de\/en\/#website","url":"https:\/\/shop.verlag.uni-potsdam.de\/en\/","name":"Universit\u00e4tsverlag Potsdam","description":"","publisher":{"@id":"https:\/\/shop.verlag.uni-potsdam.de\/en\/#organization"},"potentialAction":[{"@type":"SearchAction","target":{"@type":"EntryPoint","urlTemplate":"https:\/\/shop.verlag.uni-potsdam.de\/en\/?s={search_term_string}"},"query-input":{"@type":"PropertyValueSpecification","valueRequired":true,"valueName":"search_term_string"}}],"inLanguage":"en-US"},{"@type":"Organization","@id":"https:\/\/shop.verlag.uni-potsdam.de\/en\/#organization","name":"Universit\u00e4tsverlag Potsdam","url":"https:\/\/shop.verlag.uni-potsdam.de\/en\/","logo":{"@type":"ImageObject","inLanguage":"en-US","@id":"https:\/\/shop.verlag.uni-potsdam.de\/en\/#\/schema\/logo\/image\/","url":"https:\/\/shop.verlag.uni-potsdam.de\/wp-content\/uploads\/2017\/04\/up_logo_university_2.png","contentUrl":"https:\/\/shop.verlag.uni-potsdam.de\/wp-content\/uploads\/2017\/04\/up_logo_university_2.png","width":160,"height":172,"caption":"Universit\u00e4tsverlag Potsdam"},"image":{"@id":"https:\/\/shop.verlag.uni-potsdam.de\/en\/#\/schema\/logo\/image\/"}}]}},"_links":{"self":[{"href":"https:\/\/shop.verlag.uni-potsdam.de\/en\/wp-json\/wp\/v2\/product\/55989","targetHints":{"allow":["GET"]}}],"collection":[{"href":"https:\/\/shop.verlag.uni-potsdam.de\/en\/wp-json\/wp\/v2\/product"}],"about":[{"href":"https:\/\/shop.verlag.uni-potsdam.de\/en\/wp-json\/wp\/v2\/types\/product"}],"wp:featuredmedia":[{"embeddable":true,"href":"https:\/\/shop.verlag.uni-potsdam.de\/en\/wp-json\/wp\/v2\/media\/55990"}],"wp:attachment":[{"href":"https:\/\/shop.verlag.uni-potsdam.de\/en\/wp-json\/wp\/v2\/media?parent=55989"}],"wp:term":[{"taxonomy":"product_brand","embeddable":true,"href":"https:\/\/shop.verlag.uni-potsdam.de\/en\/wp-json\/wp\/v2\/product_brand?post=55989"},{"taxonomy":"product_cat","embeddable":true,"href":"https:\/\/shop.verlag.uni-potsdam.de\/en\/wp-json\/wp\/v2\/product_cat?post=55989"},{"taxonomy":"product_tag","embeddable":true,"href":"https:\/\/shop.verlag.uni-potsdam.de\/en\/wp-json\/wp\/v2\/product_tag?post=55989"}],"curies":[{"name":"wp","href":"https:\/\/api.w.org\/{rel}","templated":true}]}}