{"id":56042,"date":"2026-03-23T08:55:02","date_gmt":"2026-03-23T08:55:02","guid":{"rendered":"https:\/\/shop.verlag.uni-potsdam.de\/shop\/verzeichnis-der-adelmannschen-bibliothek-2\/"},"modified":"2026-03-23T11:56:02","modified_gmt":"2026-03-23T10:56:02","slug":"diese-einheit-von-erzeugen-und-erzeugnis-fordert-den-begriff-des-reinen-denkens","status":"publish","type":"product","link":"https:\/\/shop.verlag.uni-potsdam.de\/en\/shop\/diese-einheit-von-erzeugen-und-erzeugnis-fordert-den-begriff-des-reinen-denkens\/","title":{"rendered":"\u201eDiese Einheit von Erzeugen und Erzeugnis fordert den Begriff des reinen Denkens.\u201c"},"content":{"rendered":"<p class=\"qtranxs-available-languages-message qtranxs-available-languages-message-en\">Sorry, this entry is only available in <a href=\"https:\/\/shop.verlag.uni-potsdam.de\/de\/wp-json\/wp\/v2\/product\/56042\" class=\"qtranxs-available-language-link qtranxs-available-language-link-de\" title=\"Deutsch\">Deutsch<\/a>.<\/p><p>Zwei Anl\u00e4sse bilden den Ausgangspunkt f\u00fcr diesen Sammelband.<br \/>Anl\u00e4sslich des 100. Todestags von Hermann Cohen fand im Oktober 2018 in Dortmund ein Symposium statt, das hier dokumentiert wird. Im Mittelpunkt standen hierbei die Fragen nach Cohens Bedeutung f\u00fcr die Philosophiegeschichte bis in die Gegenwart sowie nach der bleibenden Relevanz seines Religionsbegriffs.<br \/>Zudem wird Dieter Adelmanns grundlegende Studie zum Herkommen des Begriffs \u201eerzeugen\u201c in Cohens Logik der reinen Erkenntnis aus der Synthese von fr\u00fcher Wissenschaft des Judentums und der Humboldtschen Sprachphilosophie im Werk H. Steinthals erstmals einer breiten \u00d6ffentlichkeit vorgelegt.<br \/>Adelmann zeigt insbesondere die Bedeutung von M. Joel, Michael Sachs und Steinthal f\u00fcr das religi\u00f6s gepr\u00e4gte Denken des Marburger Neukantianers und Erkenntnistheoretikers Cohen auf. Brigitte Falkenburg zeigt, dass jenseits von Cohens Erkenntnistheorie seine eigentliche Bedeutung im philosophischen Konstruktivismus zu finden ist. Knut Martin St\u00fcnkel wendet sich Cohens untersch\u00e4tzter Religionsschrift Der Begriff der Religion im System der Philosophie von 1915 zu und entwickelt eine Religionstopologie, mit deren Hilfe eine metasprachliche Ebene der Religionsforschung erm\u00f6glicht wird.<\/p>","protected":false},"excerpt":{"rendered":"<p class=\"qtranxs-available-languages-message qtranxs-available-languages-message-en\">Sorry, this entry is only available in <a href=\"https:\/\/shop.verlag.uni-potsdam.de\/de\/wp-json\/wp\/v2\/product\/56042\" class=\"qtranxs-available-language-link qtranxs-available-language-link-de\" title=\"Deutsch\">Deutsch<\/a>.<\/p>\n<p>Zwei Anl\u00e4sse bilden den Ausgangspunkt f\u00fcr diesen Sammelband.<br \/>Anl\u00e4sslich des 100. Todestags von Hermann Cohen fand im Oktober 2018 in Dortmund ein Symposium statt, das hier dokumentiert wird. Im Mittelpunkt standen hierbei die Fragen nach Cohens Bedeutung f\u00fcr die Philosophiegeschichte bis in die Gegenwart sowie nach der bleibenden Relevanz seines Religionsbegriffs.<br \/>Zudem wird Dieter Adelmanns grundlegende Studie zum Herkommen des Begriffs \u201eerzeugen\u201c in Cohens Logik der reinen Erkenntnis aus der Synthese von fr\u00fcher Wissenschaft des Judentums und der Humboldtschen Sprachphilosophie im Werk H. Steinthals erstmals einer breiten \u00d6ffentlichkeit vorgelegt.<br \/>Adelmann zeigt insbesondere die Bedeutung von M. Joel, Michael Sachs und Steinthal f\u00fcr das religi\u00f6s gepr\u00e4gte Denken des Marburger Neukantianers und Erkenntnistheoretikers Cohen auf. Brigitte Falkenburg zeigt, dass jenseits von Cohens Erkenntnistheorie seine eigentliche Bedeutung im philosophischen Konstruktivismus zu finden ist. Knut Martin St\u00fcnkel wendet sich Cohens untersch\u00e4tzter Religionsschrift Der Begriff der Religion im System der Philosophie von 1915 zu und entwickelt eine Religionstopologie, mit deren Hilfe eine metasprachliche Ebene der Religionsforschung erm\u00f6glicht wird.<\/p>\n","protected":false},"featured_media":57352,"template":"","meta":{"_acf_changed":false},"product_brand":[],"product_cat":[6221],"product_tag":[6084,6103],"class_list":{"0":"post-56042","1":"product","2":"type-product","3":"status-publish","4":"has-post-thumbnail","6":"product_cat-philosophie-web-kategorie","7":"product_tag-adelmann","8":"product_tag-dieter-manuel-joel-neukantianismus-religionsphilosophie-wissenschaft-des-judentums-philosophischer-konstruktivismus-hermann-cohen","9":"autor-brigitte-falkenburg","10":"autor-dieter-adelmann","11":"autor-goerge-hasselhoff","12":"autor-knut-martin-stuenkel","13":"reihe-schriften-aus-dem-nachlass-von-dieter-adelmann","15":"first","16":"instock","17":"shipping-taxable","18":"purchasable","19":"product-type-simple"},"acf":[],"yoast_head":"<!-- This site is optimized with the Yoast SEO plugin v27.1.1 - https:\/\/yoast.com\/product\/yoast-seo-wordpress\/ -->\n<title>\u201eDiese Einheit von Erzeugen und Erzeugnis fordert den Begriff des reinen Denkens.\u201c - Universit\u00e4tsverlag Potsdam<\/title>\n<meta name=\"robots\" content=\"index, follow, max-snippet:-1, max-image-preview:large, max-video-preview:-1\" \/>\n<link rel=\"canonical\" href=\"https:\/\/shop.verlag.uni-potsdam.de\/en\/shop\/diese-einheit-von-erzeugen-und-erzeugnis-fordert-den-begriff-des-reinen-denkens\/\" \/>\n<meta property=\"og:locale\" content=\"en_US\" \/>\n<meta property=\"og:type\" content=\"article\" \/>\n<meta property=\"og:title\" content=\"\u201eDiese Einheit von Erzeugen und Erzeugnis fordert den Begriff des reinen Denkens.\u201c - Universit\u00e4tsverlag Potsdam\" \/>\n<meta property=\"og:description\" content=\"Zwei Anl\u00e4sse bilden den Ausgangspunkt f\u00fcr diesen Sammelband.Anl\u00e4sslich des 100. Todestags von Hermann Cohen fand im Oktober 2018 in Dortmund ein Symposium statt, das hier dokumentiert wird. Im Mittelpunkt standen hierbei die Fragen nach Cohens Bedeutung f\u00fcr die Philosophiegeschichte bis in die Gegenwart sowie nach der bleibenden Relevanz seines Religionsbegriffs.Zudem wird Dieter Adelmanns grundlegende Studie zum Herkommen des Begriffs \u201eerzeugen\u201c in Cohens Logik der reinen Erkenntnis aus der Synthese von fr\u00fcher Wissenschaft des Judentums und der Humboldtschen Sprachphilosophie im Werk H. Steinthals erstmals einer breiten \u00d6ffentlichkeit vorgelegt.Adelmann zeigt insbesondere die Bedeutung von M. Joel, Michael Sachs und Steinthal f\u00fcr das religi\u00f6s gepr\u00e4gte Denken des Marburger Neukantianers und Erkenntnistheoretikers Cohen auf. Brigitte Falkenburg zeigt, dass jenseits von Cohens Erkenntnistheorie seine eigentliche Bedeutung im philosophischen Konstruktivismus zu finden ist. Knut Martin St\u00fcnkel wendet sich Cohens untersch\u00e4tzter Religionsschrift Der Begriff der Religion im System der Philosophie von 1915 zu und entwickelt eine Religionstopologie, mit deren Hilfe eine metasprachliche Ebene der Religionsforschung erm\u00f6glicht wird.\" \/>\n<meta property=\"og:url\" content=\"https:\/\/shop.verlag.uni-potsdam.de\/en\/shop\/diese-einheit-von-erzeugen-und-erzeugnis-fordert-den-begriff-des-reinen-denkens\/\" \/>\n<meta property=\"og:site_name\" content=\"Universit\u00e4tsverlag Potsdam\" \/>\n<meta property=\"article:modified_time\" content=\"2026-03-23T10:56:02+00:00\" \/>\n<meta property=\"og:image\" content=\"https:\/\/shop.verlag.uni-potsdam.de\/wp-content\/uploads\/asolmerce\/image-978-3-86956-487-6.jpg\" \/>\n\t<meta property=\"og:image:width\" content=\"1166\" \/>\n\t<meta property=\"og:image:height\" content=\"1654\" \/>\n\t<meta property=\"og:image:type\" content=\"image\/jpeg\" \/>\n<meta name=\"twitter:card\" content=\"summary_large_image\" \/>\n<meta name=\"twitter:label1\" content=\"Est. reading time\" \/>\n\t<meta name=\"twitter:data1\" content=\"1 minute\" \/>\n<script type=\"application\/ld+json\" class=\"yoast-schema-graph\">{\"@context\":\"https:\/\/schema.org\",\"@graph\":[{\"@type\":\"WebPage\",\"@id\":\"https:\/\/shop.verlag.uni-potsdam.de\/en\/shop\/diese-einheit-von-erzeugen-und-erzeugnis-fordert-den-begriff-des-reinen-denkens\/\",\"url\":\"https:\/\/shop.verlag.uni-potsdam.de\/en\/shop\/diese-einheit-von-erzeugen-und-erzeugnis-fordert-den-begriff-des-reinen-denkens\/\",\"name\":\"\u201eDiese Einheit von Erzeugen und Erzeugnis fordert den Begriff des reinen Denkens.\u201c - Universit\u00e4tsverlag Potsdam\",\"isPartOf\":{\"@id\":\"https:\/\/shop.verlag.uni-potsdam.de\/en\/#website\"},\"primaryImageOfPage\":{\"@id\":\"https:\/\/shop.verlag.uni-potsdam.de\/en\/shop\/diese-einheit-von-erzeugen-und-erzeugnis-fordert-den-begriff-des-reinen-denkens\/#primaryimage\"},\"image\":{\"@id\":\"https:\/\/shop.verlag.uni-potsdam.de\/shop\/diese-einheit-von-erzeugen-und-erzeugnis-fordert-den-begriff-des-reinen-denkens\/#primaryimage\"},\"thumbnailUrl\":\"https:\/\/shop.verlag.uni-potsdam.de\/wp-content\/uploads\/asolmerce\/image-978-3-86956-487-6.jpg\",\"datePublished\":\"2026-03-23T08:55:02+00:00\",\"dateModified\":\"2026-03-23T10:56:02+00:00\",\"breadcrumb\":{\"@id\":\"https:\/\/shop.verlag.uni-potsdam.de\/en\/shop\/diese-einheit-von-erzeugen-und-erzeugnis-fordert-den-begriff-des-reinen-denkens\/#breadcrumb\"},\"inLanguage\":\"en-US\",\"potentialAction\":[{\"@type\":\"ReadAction\",\"target\":[[\"https:\/\/shop.verlag.uni-potsdam.de\/en\/shop\/diese-einheit-von-erzeugen-und-erzeugnis-fordert-den-begriff-des-reinen-denkens\/\"]]}]},{\"@type\":\"ImageObject\",\"inLanguage\":\"en-US\",\"@id\":\"https:\/\/shop.verlag.uni-potsdam.de\/en\/shop\/diese-einheit-von-erzeugen-und-erzeugnis-fordert-den-begriff-des-reinen-denkens\/#primaryimage\",\"url\":\"https:\/\/shop.verlag.uni-potsdam.de\/wp-content\/uploads\/asolmerce\/image-978-3-86956-487-6.jpg\",\"contentUrl\":\"https:\/\/shop.verlag.uni-potsdam.de\/wp-content\/uploads\/asolmerce\/image-978-3-86956-487-6.jpg\",\"width\":1166,\"height\":1654},{\"@type\":\"BreadcrumbList\",\"@id\":\"https:\/\/shop.verlag.uni-potsdam.de\/en\/shop\/diese-einheit-von-erzeugen-und-erzeugnis-fordert-den-begriff-des-reinen-denkens\/#breadcrumb\",\"itemListElement\":[{\"@type\":\"ListItem\",\"position\":1,\"name\":\"Startseite\",\"item\":\"https:\/\/shop.verlag.uni-potsdam.de\/en\/\"},{\"@type\":\"ListItem\",\"position\":2,\"name\":\"Shop\",\"item\":\"https:\/\/shop.verlag.uni-potsdam.de\/en\/shop\/\"},{\"@type\":\"ListItem\",\"position\":3,\"name\":\"\u201eDiese Einheit von Erzeugen und Erzeugnis fordert den Begriff des reinen Denkens.\u201c\"}]},{\"@type\":\"WebSite\",\"@id\":\"https:\/\/shop.verlag.uni-potsdam.de\/en\/#website\",\"url\":\"https:\/\/shop.verlag.uni-potsdam.de\/en\/\",\"name\":\"Universit\u00e4tsverlag Potsdam\",\"description\":\"\",\"publisher\":{\"@id\":\"https:\/\/shop.verlag.uni-potsdam.de\/en\/#organization\"},\"potentialAction\":[{\"@type\":\"SearchAction\",\"target\":{\"@type\":\"EntryPoint\",\"urlTemplate\":\"https:\/\/shop.verlag.uni-potsdam.de\/en\/?s={search_term_string}\"},\"query-input\":{\"@type\":\"PropertyValueSpecification\",\"valueRequired\":true,\"valueName\":\"search_term_string\"}}],\"inLanguage\":\"en-US\"},{\"@type\":\"Organization\",\"@id\":\"https:\/\/shop.verlag.uni-potsdam.de\/en\/#organization\",\"name\":\"Universit\u00e4tsverlag Potsdam\",\"url\":\"https:\/\/shop.verlag.uni-potsdam.de\/en\/\",\"logo\":{\"@type\":\"ImageObject\",\"inLanguage\":\"en-US\",\"@id\":\"https:\/\/shop.verlag.uni-potsdam.de\/en\/#\/schema\/logo\/image\/\",\"url\":\"https:\/\/shop.verlag.uni-potsdam.de\/wp-content\/uploads\/2017\/04\/up_logo_university_2.png\",\"contentUrl\":\"https:\/\/shop.verlag.uni-potsdam.de\/wp-content\/uploads\/2017\/04\/up_logo_university_2.png\",\"width\":160,\"height\":172,\"caption\":\"Universit\u00e4tsverlag Potsdam\"},\"image\":{\"@id\":\"https:\/\/shop.verlag.uni-potsdam.de\/en\/#\/schema\/logo\/image\/\"}}]}<\/script>\n<!-- \/ Yoast SEO plugin. -->","yoast_head_json":{"title":"\u201eDiese Einheit von Erzeugen und Erzeugnis fordert den Begriff des reinen Denkens.\u201c - Universit\u00e4tsverlag Potsdam","robots":{"index":"index","follow":"follow","max-snippet":"max-snippet:-1","max-image-preview":"max-image-preview:large","max-video-preview":"max-video-preview:-1"},"canonical":"https:\/\/shop.verlag.uni-potsdam.de\/en\/shop\/diese-einheit-von-erzeugen-und-erzeugnis-fordert-den-begriff-des-reinen-denkens\/","og_locale":"en_US","og_type":"article","og_title":"\u201eDiese Einheit von Erzeugen und Erzeugnis fordert den Begriff des reinen Denkens.\u201c - Universit\u00e4tsverlag Potsdam","og_description":"Zwei Anl\u00e4sse bilden den Ausgangspunkt f\u00fcr diesen Sammelband.Anl\u00e4sslich des 100. Todestags von Hermann Cohen fand im Oktober 2018 in Dortmund ein Symposium statt, das hier dokumentiert wird. Im Mittelpunkt standen hierbei die Fragen nach Cohens Bedeutung f\u00fcr die Philosophiegeschichte bis in die Gegenwart sowie nach der bleibenden Relevanz seines Religionsbegriffs.Zudem wird Dieter Adelmanns grundlegende Studie zum Herkommen des Begriffs \u201eerzeugen\u201c in Cohens Logik der reinen Erkenntnis aus der Synthese von fr\u00fcher Wissenschaft des Judentums und der Humboldtschen Sprachphilosophie im Werk H. Steinthals erstmals einer breiten \u00d6ffentlichkeit vorgelegt.Adelmann zeigt insbesondere die Bedeutung von M. Joel, Michael Sachs und Steinthal f\u00fcr das religi\u00f6s gepr\u00e4gte Denken des Marburger Neukantianers und Erkenntnistheoretikers Cohen auf. Brigitte Falkenburg zeigt, dass jenseits von Cohens Erkenntnistheorie seine eigentliche Bedeutung im philosophischen Konstruktivismus zu finden ist. Knut Martin St\u00fcnkel wendet sich Cohens untersch\u00e4tzter Religionsschrift Der Begriff der Religion im System der Philosophie von 1915 zu und entwickelt eine Religionstopologie, mit deren Hilfe eine metasprachliche Ebene der Religionsforschung erm\u00f6glicht wird.","og_url":"https:\/\/shop.verlag.uni-potsdam.de\/en\/shop\/diese-einheit-von-erzeugen-und-erzeugnis-fordert-den-begriff-des-reinen-denkens\/","og_site_name":"Universit\u00e4tsverlag Potsdam","article_modified_time":"2026-03-23T10:56:02+00:00","og_image":[{"width":1166,"height":1654,"url":"https:\/\/shop.verlag.uni-potsdam.de\/wp-content\/uploads\/asolmerce\/image-978-3-86956-487-6.jpg","type":"image\/jpeg"}],"twitter_card":"summary_large_image","twitter_misc":{"Est. reading time":"1 minute"},"schema":{"@context":"https:\/\/schema.org","@graph":[{"@type":"WebPage","@id":"https:\/\/shop.verlag.uni-potsdam.de\/en\/shop\/diese-einheit-von-erzeugen-und-erzeugnis-fordert-den-begriff-des-reinen-denkens\/","url":"https:\/\/shop.verlag.uni-potsdam.de\/en\/shop\/diese-einheit-von-erzeugen-und-erzeugnis-fordert-den-begriff-des-reinen-denkens\/","name":"\u201eDiese Einheit von Erzeugen und Erzeugnis fordert den Begriff des reinen Denkens.\u201c - Universit\u00e4tsverlag Potsdam","isPartOf":{"@id":"https:\/\/shop.verlag.uni-potsdam.de\/en\/#website"},"primaryImageOfPage":{"@id":"https:\/\/shop.verlag.uni-potsdam.de\/en\/shop\/diese-einheit-von-erzeugen-und-erzeugnis-fordert-den-begriff-des-reinen-denkens\/#primaryimage"},"image":{"@id":"https:\/\/shop.verlag.uni-potsdam.de\/shop\/diese-einheit-von-erzeugen-und-erzeugnis-fordert-den-begriff-des-reinen-denkens\/#primaryimage"},"thumbnailUrl":"https:\/\/shop.verlag.uni-potsdam.de\/wp-content\/uploads\/asolmerce\/image-978-3-86956-487-6.jpg","datePublished":"2026-03-23T08:55:02+00:00","dateModified":"2026-03-23T10:56:02+00:00","breadcrumb":{"@id":"https:\/\/shop.verlag.uni-potsdam.de\/en\/shop\/diese-einheit-von-erzeugen-und-erzeugnis-fordert-den-begriff-des-reinen-denkens\/#breadcrumb"},"inLanguage":"en-US","potentialAction":[{"@type":"ReadAction","target":[["https:\/\/shop.verlag.uni-potsdam.de\/en\/shop\/diese-einheit-von-erzeugen-und-erzeugnis-fordert-den-begriff-des-reinen-denkens\/"]]}]},{"@type":"ImageObject","inLanguage":"en-US","@id":"https:\/\/shop.verlag.uni-potsdam.de\/en\/shop\/diese-einheit-von-erzeugen-und-erzeugnis-fordert-den-begriff-des-reinen-denkens\/#primaryimage","url":"https:\/\/shop.verlag.uni-potsdam.de\/wp-content\/uploads\/asolmerce\/image-978-3-86956-487-6.jpg","contentUrl":"https:\/\/shop.verlag.uni-potsdam.de\/wp-content\/uploads\/asolmerce\/image-978-3-86956-487-6.jpg","width":1166,"height":1654},{"@type":"BreadcrumbList","@id":"https:\/\/shop.verlag.uni-potsdam.de\/en\/shop\/diese-einheit-von-erzeugen-und-erzeugnis-fordert-den-begriff-des-reinen-denkens\/#breadcrumb","itemListElement":[{"@type":"ListItem","position":1,"name":"Startseite","item":"https:\/\/shop.verlag.uni-potsdam.de\/en\/"},{"@type":"ListItem","position":2,"name":"Shop","item":"https:\/\/shop.verlag.uni-potsdam.de\/en\/shop\/"},{"@type":"ListItem","position":3,"name":"\u201eDiese Einheit von Erzeugen und Erzeugnis fordert den Begriff des reinen Denkens.\u201c"}]},{"@type":"WebSite","@id":"https:\/\/shop.verlag.uni-potsdam.de\/en\/#website","url":"https:\/\/shop.verlag.uni-potsdam.de\/en\/","name":"Universit\u00e4tsverlag Potsdam","description":"","publisher":{"@id":"https:\/\/shop.verlag.uni-potsdam.de\/en\/#organization"},"potentialAction":[{"@type":"SearchAction","target":{"@type":"EntryPoint","urlTemplate":"https:\/\/shop.verlag.uni-potsdam.de\/en\/?s={search_term_string}"},"query-input":{"@type":"PropertyValueSpecification","valueRequired":true,"valueName":"search_term_string"}}],"inLanguage":"en-US"},{"@type":"Organization","@id":"https:\/\/shop.verlag.uni-potsdam.de\/en\/#organization","name":"Universit\u00e4tsverlag Potsdam","url":"https:\/\/shop.verlag.uni-potsdam.de\/en\/","logo":{"@type":"ImageObject","inLanguage":"en-US","@id":"https:\/\/shop.verlag.uni-potsdam.de\/en\/#\/schema\/logo\/image\/","url":"https:\/\/shop.verlag.uni-potsdam.de\/wp-content\/uploads\/2017\/04\/up_logo_university_2.png","contentUrl":"https:\/\/shop.verlag.uni-potsdam.de\/wp-content\/uploads\/2017\/04\/up_logo_university_2.png","width":160,"height":172,"caption":"Universit\u00e4tsverlag Potsdam"},"image":{"@id":"https:\/\/shop.verlag.uni-potsdam.de\/en\/#\/schema\/logo\/image\/"}}]}},"_links":{"self":[{"href":"https:\/\/shop.verlag.uni-potsdam.de\/en\/wp-json\/wp\/v2\/product\/56042","targetHints":{"allow":["GET"]}}],"collection":[{"href":"https:\/\/shop.verlag.uni-potsdam.de\/en\/wp-json\/wp\/v2\/product"}],"about":[{"href":"https:\/\/shop.verlag.uni-potsdam.de\/en\/wp-json\/wp\/v2\/types\/product"}],"wp:featuredmedia":[{"embeddable":true,"href":"https:\/\/shop.verlag.uni-potsdam.de\/en\/wp-json\/wp\/v2\/media\/57352"}],"wp:attachment":[{"href":"https:\/\/shop.verlag.uni-potsdam.de\/en\/wp-json\/wp\/v2\/media?parent=56042"}],"wp:term":[{"taxonomy":"product_brand","embeddable":true,"href":"https:\/\/shop.verlag.uni-potsdam.de\/en\/wp-json\/wp\/v2\/product_brand?post=56042"},{"taxonomy":"product_cat","embeddable":true,"href":"https:\/\/shop.verlag.uni-potsdam.de\/en\/wp-json\/wp\/v2\/product_cat?post=56042"},{"taxonomy":"product_tag","embeddable":true,"href":"https:\/\/shop.verlag.uni-potsdam.de\/en\/wp-json\/wp\/v2\/product_tag?post=56042"}],"curies":[{"name":"wp","href":"https:\/\/api.w.org\/{rel}","templated":true}]}}