{"id":56063,"date":"2026-03-31T10:09:25","date_gmt":"2026-03-31T10:09:25","guid":{"rendered":"https:\/\/shop.verlag.uni-potsdam.de\/shop\/alexander-von-humboldt-im-netz-21-2020-40\/"},"modified":"2026-03-31T14:10:25","modified_gmt":"2026-03-31T12:10:25","slug":"alexander-von-humboldt-im-netz-21-2020-40","status":"publish","type":"product","link":"https:\/\/shop.verlag.uni-potsdam.de\/en\/shop\/alexander-von-humboldt-im-netz-21-2020-40\/","title":{"rendered":"Alexander von Humboldt im Netz ; 21 (2020) 40"},"content":{"rendered":"<p class=\"qtranxs-available-languages-message qtranxs-available-languages-message-en\">Sorry, this entry is only available in <a href=\"https:\/\/shop.verlag.uni-potsdam.de\/de\/wp-json\/wp\/v2\/product\/56063\" class=\"qtranxs-available-language-link qtranxs-available-language-link-de\" title=\"Deutsch\">Deutsch<\/a>.<\/p><p>Aus dem Inhalt:<\/p>\n<div>\n<ul>\n<li>Eberhard Knobloch, Ulrich P\u00e4\u00dfler: Ein unbekannter Brief Alexander von Humboldts an Friedrich August Wolf (1817)<\/li>\n<\/ul>\n<\/div>\n<div>\n<ul>\n<li>C\u00e1ndido Manuel Garc\u00eda Cruz: Alexander von Humboldt y los f\u00f3siles inorg\u00e1nicos de las islas canarias<\/li>\n<\/ul>\n<\/div>\n<div>\n<ul>\n<li>Sebastian Krumpel: Zur quantitativen Auswertung der intertextuellen Bez\u00fcge Humboldts in seinem Essai politique sur le royaume de la Nouvelle-Espagne<\/li>\n<\/ul>\n<\/div>\n<div>\n<ul>\n<li>Ingrid M\u00e4nnl: \u201e\u2026 durch die Bereisung der dargestellten Gegenden der Wissenschaft und ihrer Nation ein so sch\u00f6nes Denkmal gesetzt \u2026\u201c. Zu Friedrich Georg Weitschs Gem\u00e4lde, das Alexander von Humboldt und Aim\u00e9 Bonpland vor dem Chimborazo zeigt<\/li>\n<\/ul>\n<\/div>\n<div>\n<ul>\n<li>Christina Pinsdorf: Romantischer Empirismus im Anthropoz\u00e4n. A. v. Humboldts und F. W. J. Schellings Ideen f\u00fcr die Environmental Humanities<\/li>\n<\/ul>\n<\/div>\n<ul>\n<li>Marcus Schladebach: Alexander von Humboldt als V\u00f6lkerrechtler<\/li>\n<\/ul>\n<p><\/p>","protected":false},"excerpt":{"rendered":"<p class=\"qtranxs-available-languages-message qtranxs-available-languages-message-en\">Sorry, this entry is only available in <a href=\"https:\/\/shop.verlag.uni-potsdam.de\/de\/wp-json\/wp\/v2\/product\/56063\" class=\"qtranxs-available-language-link qtranxs-available-language-link-de\" title=\"Deutsch\">Deutsch<\/a>.<\/p>\n<p>Aus dem Inhalt:<\/p>\n<div>\n<ul>\n<li>Eberhard Knobloch, Ulrich P\u00e4\u00dfler: Ein unbekannter Brief Alexander von Humboldts an Friedrich August Wolf (1817)<\/li>\n<\/ul>\n<\/div>\n<div>\n<ul>\n<li>C\u00e1ndido Manuel Garc\u00eda Cruz: Alexander von Humboldt y los f\u00f3siles inorg\u00e1nicos de las islas canarias<\/li>\n<\/ul>\n<\/div>\n<div>\n<ul>\n<li>Sebastian Krumpel: Zur quantitativen Auswertung der intertextuellen Bez\u00fcge Humboldts in seinem Essai politique sur le royaume de la Nouvelle-Espagne<\/li>\n<\/ul>\n<\/div>\n<div>\n<ul>\n<li>Ingrid M\u00e4nnl: \u201e\u2026 durch die Bereisung der dargestellten Gegenden der Wissenschaft und ihrer Nation ein so sch\u00f6nes Denkmal gesetzt \u2026\u201c. Zu Friedrich Georg Weitschs Gem\u00e4lde, das Alexander von Humboldt und Aim\u00e9 Bonpland vor dem Chimborazo zeigt<\/li>\n<\/ul>\n<\/div>\n<div>\n<ul>\n<li>Christina Pinsdorf: Romantischer Empirismus im Anthropoz\u00e4n. A. v. Humboldts und F. W. J. Schellings Ideen f\u00fcr die Environmental Humanities<\/li>\n<\/ul>\n<\/div>\n<ul>\n<li>Marcus Schladebach: Alexander von Humboldt als V\u00f6lkerrechtler<\/li>\n<\/ul>\n","protected":false},"featured_media":56120,"template":"","meta":{"_acf_changed":false},"product_brand":[],"product_cat":[6207,6219,6228],"product_tag":[],"class_list":{"0":"post-56063","1":"product","2":"type-product","3":"status-publish","4":"has-post-thumbnail","6":"product_cat-geschichte-web-kategorie","7":"product_cat-naturwissenschaften-allgemein-web-kategorie","8":"product_cat-romanische-sprachwissenschaft-literaturwissenschaft-web-kategorie","9":"autor-candido-manuel-garcia-cruz","10":"autor-christina-pinsdorf","11":"autor-eberhard-knobloch","12":"autor-heinz-krumpel","13":"autor-ingrid-maennl","14":"autor-marcus-schladebach","15":"autor-ulrich-paessler","16":"zeitschriften-hin-alexander-von-humboldt-im-netz","18":"first","19":"instock","20":"shipping-taxable","21":"purchasable","22":"product-type-simple"},"acf":[],"yoast_head":"<!-- This site is optimized with the Yoast SEO plugin v27.1.1 - https:\/\/yoast.com\/product\/yoast-seo-wordpress\/ -->\n<title>Alexander von Humboldt im Netz ; 21 (2020) 40 - Universit\u00e4tsverlag Potsdam<\/title>\n<meta name=\"robots\" content=\"index, follow, max-snippet:-1, max-image-preview:large, max-video-preview:-1\" \/>\n<link rel=\"canonical\" href=\"https:\/\/shop.verlag.uni-potsdam.de\/en\/shop\/alexander-von-humboldt-im-netz-21-2020-40\/\" \/>\n<meta property=\"og:locale\" content=\"en_US\" \/>\n<meta property=\"og:type\" content=\"article\" \/>\n<meta property=\"og:title\" content=\"Alexander von Humboldt im Netz ; 21 (2020) 40 - Universit\u00e4tsverlag Potsdam\" \/>\n<meta property=\"og:description\" content=\"Aus dem Inhalt:Eberhard Knobloch, Ulrich P\u00e4\u00dfler: Ein unbekannter Brief Alexander von Humboldts an Friedrich August Wolf (1817)C\u00e1ndido Manuel Garc\u00eda Cruz: Alexander von Humboldt y los f\u00f3siles inorg\u00e1nicos de las islas canariasSebastian Krumpel: Zur quantitativen Auswertung der intertextuellen Bez\u00fcge Humboldts in seinem Essai politique sur le royaume de la Nouvelle-EspagneIngrid M\u00e4nnl: \u201e\u2026 durch die Bereisung der dargestellten Gegenden der Wissenschaft und ihrer Nation ein so sch\u00f6nes Denkmal gesetzt \u2026\u201c. Zu Friedrich Georg Weitschs Gem\u00e4lde, das Alexander von Humboldt und Aim\u00e9 Bonpland vor dem Chimborazo zeigtChristina Pinsdorf: Romantischer Empirismus im Anthropoz\u00e4n. A. v. Humboldts und F. W. J. Schellings Ideen f\u00fcr die Environmental HumanitiesMarcus Schladebach: Alexander von Humboldt als V\u00f6lkerrechtler\" \/>\n<meta property=\"og:url\" content=\"https:\/\/shop.verlag.uni-potsdam.de\/en\/shop\/alexander-von-humboldt-im-netz-21-2020-40\/\" \/>\n<meta property=\"og:site_name\" content=\"Universit\u00e4tsverlag Potsdam\" \/>\n<meta property=\"article:modified_time\" content=\"2026-03-31T12:10:25+00:00\" \/>\n<meta property=\"og:image\" content=\"https:\/\/shop.verlag.uni-potsdam.de\/wp-content\/uploads\/asolmerce\/image-22330.jpg\" \/>\n\t<meta property=\"og:image:width\" content=\"1810\" \/>\n\t<meta property=\"og:image:height\" content=\"2560\" \/>\n\t<meta property=\"og:image:type\" content=\"image\/jpeg\" \/>\n<meta name=\"twitter:card\" content=\"summary_large_image\" \/>\n<meta name=\"twitter:label1\" content=\"Est. reading time\" \/>\n\t<meta name=\"twitter:data1\" content=\"1 minute\" \/>\n<script type=\"application\/ld+json\" class=\"yoast-schema-graph\">{\"@context\":\"https:\/\/schema.org\",\"@graph\":[{\"@type\":\"WebPage\",\"@id\":\"https:\/\/shop.verlag.uni-potsdam.de\/en\/shop\/alexander-von-humboldt-im-netz-21-2020-40\/\",\"url\":\"https:\/\/shop.verlag.uni-potsdam.de\/en\/shop\/alexander-von-humboldt-im-netz-21-2020-40\/\",\"name\":\"Alexander von Humboldt im Netz ; 21 (2020) 40 - Universit\u00e4tsverlag Potsdam\",\"isPartOf\":{\"@id\":\"https:\/\/shop.verlag.uni-potsdam.de\/en\/#website\"},\"primaryImageOfPage\":{\"@id\":\"https:\/\/shop.verlag.uni-potsdam.de\/en\/shop\/alexander-von-humboldt-im-netz-21-2020-40\/#primaryimage\"},\"image\":{\"@id\":\"https:\/\/shop.verlag.uni-potsdam.de\/shop\/alexander-von-humboldt-im-netz-21-2020-40\/#primaryimage\"},\"thumbnailUrl\":\"https:\/\/shop.verlag.uni-potsdam.de\/wp-content\/uploads\/asolmerce\/image-22330.jpg\",\"datePublished\":\"2026-03-31T10:09:25+00:00\",\"dateModified\":\"2026-03-31T12:10:25+00:00\",\"breadcrumb\":{\"@id\":\"https:\/\/shop.verlag.uni-potsdam.de\/en\/shop\/alexander-von-humboldt-im-netz-21-2020-40\/#breadcrumb\"},\"inLanguage\":\"en-US\",\"potentialAction\":[{\"@type\":\"ReadAction\",\"target\":[[\"https:\/\/shop.verlag.uni-potsdam.de\/en\/shop\/alexander-von-humboldt-im-netz-21-2020-40\/\"]]}]},{\"@type\":\"ImageObject\",\"inLanguage\":\"en-US\",\"@id\":\"https:\/\/shop.verlag.uni-potsdam.de\/en\/shop\/alexander-von-humboldt-im-netz-21-2020-40\/#primaryimage\",\"url\":\"https:\/\/shop.verlag.uni-potsdam.de\/wp-content\/uploads\/asolmerce\/image-22330.jpg\",\"contentUrl\":\"https:\/\/shop.verlag.uni-potsdam.de\/wp-content\/uploads\/asolmerce\/image-22330.jpg\",\"width\":1810,\"height\":2560},{\"@type\":\"BreadcrumbList\",\"@id\":\"https:\/\/shop.verlag.uni-potsdam.de\/en\/shop\/alexander-von-humboldt-im-netz-21-2020-40\/#breadcrumb\",\"itemListElement\":[{\"@type\":\"ListItem\",\"position\":1,\"name\":\"Startseite\",\"item\":\"https:\/\/shop.verlag.uni-potsdam.de\/en\/\"},{\"@type\":\"ListItem\",\"position\":2,\"name\":\"Shop\",\"item\":\"https:\/\/shop.verlag.uni-potsdam.de\/en\/shop\/\"},{\"@type\":\"ListItem\",\"position\":3,\"name\":\"Alexander von Humboldt im Netz ; 21 (2020) 40\"}]},{\"@type\":\"WebSite\",\"@id\":\"https:\/\/shop.verlag.uni-potsdam.de\/en\/#website\",\"url\":\"https:\/\/shop.verlag.uni-potsdam.de\/en\/\",\"name\":\"Universit\u00e4tsverlag Potsdam\",\"description\":\"\",\"publisher\":{\"@id\":\"https:\/\/shop.verlag.uni-potsdam.de\/en\/#organization\"},\"potentialAction\":[{\"@type\":\"SearchAction\",\"target\":{\"@type\":\"EntryPoint\",\"urlTemplate\":\"https:\/\/shop.verlag.uni-potsdam.de\/en\/?s={search_term_string}\"},\"query-input\":{\"@type\":\"PropertyValueSpecification\",\"valueRequired\":true,\"valueName\":\"search_term_string\"}}],\"inLanguage\":\"en-US\"},{\"@type\":\"Organization\",\"@id\":\"https:\/\/shop.verlag.uni-potsdam.de\/en\/#organization\",\"name\":\"Universit\u00e4tsverlag Potsdam\",\"url\":\"https:\/\/shop.verlag.uni-potsdam.de\/en\/\",\"logo\":{\"@type\":\"ImageObject\",\"inLanguage\":\"en-US\",\"@id\":\"https:\/\/shop.verlag.uni-potsdam.de\/en\/#\/schema\/logo\/image\/\",\"url\":\"https:\/\/shop.verlag.uni-potsdam.de\/wp-content\/uploads\/2017\/04\/up_logo_university_2.png\",\"contentUrl\":\"https:\/\/shop.verlag.uni-potsdam.de\/wp-content\/uploads\/2017\/04\/up_logo_university_2.png\",\"width\":160,\"height\":172,\"caption\":\"Universit\u00e4tsverlag Potsdam\"},\"image\":{\"@id\":\"https:\/\/shop.verlag.uni-potsdam.de\/en\/#\/schema\/logo\/image\/\"}}]}<\/script>\n<!-- \/ Yoast SEO plugin. -->","yoast_head_json":{"title":"Alexander von Humboldt im Netz ; 21 (2020) 40 - Universit\u00e4tsverlag Potsdam","robots":{"index":"index","follow":"follow","max-snippet":"max-snippet:-1","max-image-preview":"max-image-preview:large","max-video-preview":"max-video-preview:-1"},"canonical":"https:\/\/shop.verlag.uni-potsdam.de\/en\/shop\/alexander-von-humboldt-im-netz-21-2020-40\/","og_locale":"en_US","og_type":"article","og_title":"Alexander von Humboldt im Netz ; 21 (2020) 40 - Universit\u00e4tsverlag Potsdam","og_description":"Aus dem Inhalt:Eberhard Knobloch, Ulrich P\u00e4\u00dfler: Ein unbekannter Brief Alexander von Humboldts an Friedrich August Wolf (1817)C\u00e1ndido Manuel Garc\u00eda Cruz: Alexander von Humboldt y los f\u00f3siles inorg\u00e1nicos de las islas canariasSebastian Krumpel: Zur quantitativen Auswertung der intertextuellen Bez\u00fcge Humboldts in seinem Essai politique sur le royaume de la Nouvelle-EspagneIngrid M\u00e4nnl: \u201e\u2026 durch die Bereisung der dargestellten Gegenden der Wissenschaft und ihrer Nation ein so sch\u00f6nes Denkmal gesetzt \u2026\u201c. Zu Friedrich Georg Weitschs Gem\u00e4lde, das Alexander von Humboldt und Aim\u00e9 Bonpland vor dem Chimborazo zeigtChristina Pinsdorf: Romantischer Empirismus im Anthropoz\u00e4n. A. v. Humboldts und F. W. J. Schellings Ideen f\u00fcr die Environmental HumanitiesMarcus Schladebach: Alexander von Humboldt als V\u00f6lkerrechtler","og_url":"https:\/\/shop.verlag.uni-potsdam.de\/en\/shop\/alexander-von-humboldt-im-netz-21-2020-40\/","og_site_name":"Universit\u00e4tsverlag Potsdam","article_modified_time":"2026-03-31T12:10:25+00:00","og_image":[{"width":1810,"height":2560,"url":"https:\/\/shop.verlag.uni-potsdam.de\/wp-content\/uploads\/asolmerce\/image-22330.jpg","type":"image\/jpeg"}],"twitter_card":"summary_large_image","twitter_misc":{"Est. reading time":"1 minute"},"schema":{"@context":"https:\/\/schema.org","@graph":[{"@type":"WebPage","@id":"https:\/\/shop.verlag.uni-potsdam.de\/en\/shop\/alexander-von-humboldt-im-netz-21-2020-40\/","url":"https:\/\/shop.verlag.uni-potsdam.de\/en\/shop\/alexander-von-humboldt-im-netz-21-2020-40\/","name":"Alexander von Humboldt im Netz ; 21 (2020) 40 - Universit\u00e4tsverlag Potsdam","isPartOf":{"@id":"https:\/\/shop.verlag.uni-potsdam.de\/en\/#website"},"primaryImageOfPage":{"@id":"https:\/\/shop.verlag.uni-potsdam.de\/en\/shop\/alexander-von-humboldt-im-netz-21-2020-40\/#primaryimage"},"image":{"@id":"https:\/\/shop.verlag.uni-potsdam.de\/shop\/alexander-von-humboldt-im-netz-21-2020-40\/#primaryimage"},"thumbnailUrl":"https:\/\/shop.verlag.uni-potsdam.de\/wp-content\/uploads\/asolmerce\/image-22330.jpg","datePublished":"2026-03-31T10:09:25+00:00","dateModified":"2026-03-31T12:10:25+00:00","breadcrumb":{"@id":"https:\/\/shop.verlag.uni-potsdam.de\/en\/shop\/alexander-von-humboldt-im-netz-21-2020-40\/#breadcrumb"},"inLanguage":"en-US","potentialAction":[{"@type":"ReadAction","target":[["https:\/\/shop.verlag.uni-potsdam.de\/en\/shop\/alexander-von-humboldt-im-netz-21-2020-40\/"]]}]},{"@type":"ImageObject","inLanguage":"en-US","@id":"https:\/\/shop.verlag.uni-potsdam.de\/en\/shop\/alexander-von-humboldt-im-netz-21-2020-40\/#primaryimage","url":"https:\/\/shop.verlag.uni-potsdam.de\/wp-content\/uploads\/asolmerce\/image-22330.jpg","contentUrl":"https:\/\/shop.verlag.uni-potsdam.de\/wp-content\/uploads\/asolmerce\/image-22330.jpg","width":1810,"height":2560},{"@type":"BreadcrumbList","@id":"https:\/\/shop.verlag.uni-potsdam.de\/en\/shop\/alexander-von-humboldt-im-netz-21-2020-40\/#breadcrumb","itemListElement":[{"@type":"ListItem","position":1,"name":"Startseite","item":"https:\/\/shop.verlag.uni-potsdam.de\/en\/"},{"@type":"ListItem","position":2,"name":"Shop","item":"https:\/\/shop.verlag.uni-potsdam.de\/en\/shop\/"},{"@type":"ListItem","position":3,"name":"Alexander von Humboldt im Netz ; 21 (2020) 40"}]},{"@type":"WebSite","@id":"https:\/\/shop.verlag.uni-potsdam.de\/en\/#website","url":"https:\/\/shop.verlag.uni-potsdam.de\/en\/","name":"Universit\u00e4tsverlag Potsdam","description":"","publisher":{"@id":"https:\/\/shop.verlag.uni-potsdam.de\/en\/#organization"},"potentialAction":[{"@type":"SearchAction","target":{"@type":"EntryPoint","urlTemplate":"https:\/\/shop.verlag.uni-potsdam.de\/en\/?s={search_term_string}"},"query-input":{"@type":"PropertyValueSpecification","valueRequired":true,"valueName":"search_term_string"}}],"inLanguage":"en-US"},{"@type":"Organization","@id":"https:\/\/shop.verlag.uni-potsdam.de\/en\/#organization","name":"Universit\u00e4tsverlag Potsdam","url":"https:\/\/shop.verlag.uni-potsdam.de\/en\/","logo":{"@type":"ImageObject","inLanguage":"en-US","@id":"https:\/\/shop.verlag.uni-potsdam.de\/en\/#\/schema\/logo\/image\/","url":"https:\/\/shop.verlag.uni-potsdam.de\/wp-content\/uploads\/2017\/04\/up_logo_university_2.png","contentUrl":"https:\/\/shop.verlag.uni-potsdam.de\/wp-content\/uploads\/2017\/04\/up_logo_university_2.png","width":160,"height":172,"caption":"Universit\u00e4tsverlag Potsdam"},"image":{"@id":"https:\/\/shop.verlag.uni-potsdam.de\/en\/#\/schema\/logo\/image\/"}}]}},"_links":{"self":[{"href":"https:\/\/shop.verlag.uni-potsdam.de\/en\/wp-json\/wp\/v2\/product\/56063","targetHints":{"allow":["GET"]}}],"collection":[{"href":"https:\/\/shop.verlag.uni-potsdam.de\/en\/wp-json\/wp\/v2\/product"}],"about":[{"href":"https:\/\/shop.verlag.uni-potsdam.de\/en\/wp-json\/wp\/v2\/types\/product"}],"wp:featuredmedia":[{"embeddable":true,"href":"https:\/\/shop.verlag.uni-potsdam.de\/en\/wp-json\/wp\/v2\/media\/56120"}],"wp:attachment":[{"href":"https:\/\/shop.verlag.uni-potsdam.de\/en\/wp-json\/wp\/v2\/media?parent=56063"}],"wp:term":[{"taxonomy":"product_brand","embeddable":true,"href":"https:\/\/shop.verlag.uni-potsdam.de\/en\/wp-json\/wp\/v2\/product_brand?post=56063"},{"taxonomy":"product_cat","embeddable":true,"href":"https:\/\/shop.verlag.uni-potsdam.de\/en\/wp-json\/wp\/v2\/product_cat?post=56063"},{"taxonomy":"product_tag","embeddable":true,"href":"https:\/\/shop.verlag.uni-potsdam.de\/en\/wp-json\/wp\/v2\/product_tag?post=56063"}],"curies":[{"name":"wp","href":"https:\/\/api.w.org\/{rel}","templated":true}]}}