{"id":56065,"date":"2026-03-23T08:55:02","date_gmt":"2026-03-23T08:55:02","guid":{"rendered":"https:\/\/shop.verlag.uni-potsdam.de\/shop\/hin-alexander-von-humboldt-im-netz-3\/"},"modified":"2026-03-23T11:56:02","modified_gmt":"2026-03-23T10:56:02","slug":"hin-alexander-von-humboldt-im-netz-3","status":"publish","type":"product","link":"https:\/\/shop.verlag.uni-potsdam.de\/en\/shop\/hin-alexander-von-humboldt-im-netz-3\/","title":{"rendered":"HiN &#8211; Alexander von Humboldt im Netz"},"content":{"rendered":"<p class=\"qtranxs-available-languages-message qtranxs-available-languages-message-en\">Sorry, this entry is only available in <a href=\"https:\/\/shop.verlag.uni-potsdam.de\/de\/wp-json\/wp\/v2\/product\/56065\" class=\"qtranxs-available-language-link qtranxs-available-language-link-de\" title=\"Deutsch\">Deutsch<\/a>.<\/p><p><i>HiN &#8211; Alexander von Humboldt im Netz. Internationale Zeitschrift f\u00fcr Humboldt-Studien<\/i> ver\u00f6ffentlicht seit dem Jahr 2000 aktuelle Forschungen zu Alexander von Humboldt in Deutsch, Englisch, Spanisch und Franz\u00f6sisch. Die online-Zeitschrift ist ein internationales peer review journal und wird vom MLA Directory of Periodicals, dem Ulrichsweb Global Serials Directory, DOAJ &#8211; Directory of Open Access Journals und dem PKP Index bibliographisch erfasst. Zum 20-j\u00e4hrigen Bestehen der Zeitschrift erscheinen erstmals die Hefte 1 (2000) bis 34 (2017) in gedruckter Form in einem Schuber. Das halbj\u00e4hrlich erscheinende Periodikum erscheint seit Heft 35 als online-Zeitschrift unter www.hin-online.de und parallel als gedruckte Ausgabe im Universit\u00e4tsverlag Potsdam.<\/p>","protected":false},"excerpt":{"rendered":"<p class=\"qtranxs-available-languages-message qtranxs-available-languages-message-en\">Sorry, this entry is only available in <a href=\"https:\/\/shop.verlag.uni-potsdam.de\/de\/wp-json\/wp\/v2\/product\/56065\" class=\"qtranxs-available-language-link qtranxs-available-language-link-de\" title=\"Deutsch\">Deutsch<\/a>.<\/p>\n<p><i>HiN &#8211; Alexander von Humboldt im Netz. Internationale Zeitschrift f\u00fcr Humboldt-Studien<\/i> ver\u00f6ffentlicht seit dem Jahr 2000 aktuelle Forschungen zu Alexander von Humboldt in Deutsch, Englisch, Spanisch und Franz\u00f6sisch. Die online-Zeitschrift ist ein internationales peer review journal und wird vom MLA Directory of Periodicals, dem Ulrichsweb Global Serials Directory, DOAJ &#8211; Directory of Open Access Journals und dem PKP Index bibliographisch erfasst. Zum 20-j\u00e4hrigen Bestehen der Zeitschrift erscheinen erstmals die Hefte 1 (2000) bis 34 (2017) in gedruckter Form in einem Schuber. Das halbj\u00e4hrlich erscheinende Periodikum erscheint seit Heft 35 als online-Zeitschrift unter www.hin-online.de und parallel als gedruckte Ausgabe im Universit\u00e4tsverlag Potsdam.<\/p>\n","protected":false},"featured_media":56066,"template":"","meta":{"_acf_changed":false},"product_brand":[],"product_cat":[6209,6219],"product_tag":[5906],"class_list":{"0":"post-56065","1":"product","2":"type-product","3":"status-publish","4":"has-post-thumbnail","6":"product_cat-geowissenschaften-web-kategorie","7":"product_cat-naturwissenschaften-allgemein-web-kategorie","8":"product_tag-alexander-von-humboldt-reiseliteratur-expedition-historische-geographie","9":"autor-ottmar-ette","11":"first","12":"instock","13":"shipping-taxable","14":"purchasable","15":"product-type-simple"},"acf":[],"yoast_head":"<!-- This site is optimized with the Yoast SEO plugin v27.1.1 - https:\/\/yoast.com\/product\/yoast-seo-wordpress\/ -->\n<title>HiN - Alexander von Humboldt im Netz - Universit\u00e4tsverlag Potsdam<\/title>\n<meta name=\"robots\" content=\"index, follow, max-snippet:-1, max-image-preview:large, max-video-preview:-1\" \/>\n<link rel=\"canonical\" href=\"https:\/\/shop.verlag.uni-potsdam.de\/en\/shop\/hin-alexander-von-humboldt-im-netz-3\/\" \/>\n<meta property=\"og:locale\" content=\"en_US\" \/>\n<meta property=\"og:type\" content=\"article\" \/>\n<meta property=\"og:title\" content=\"HiN - Alexander von Humboldt im Netz - Universit\u00e4tsverlag Potsdam\" \/>\n<meta property=\"og:description\" content=\"HiN - Alexander von Humboldt im Netz. Internationale Zeitschrift f\u00fcr Humboldt-Studien ver\u00f6ffentlicht seit dem Jahr 2000 aktuelle Forschungen zu Alexander von Humboldt in Deutsch, Englisch, Spanisch und Franz\u00f6sisch. Die online-Zeitschrift ist ein internationales peer review journal und wird vom MLA Directory of Periodicals, dem Ulrichsweb Global Serials Directory, DOAJ - Directory of Open Access Journals und dem PKP Index bibliographisch erfasst. Zum 20-j\u00e4hrigen Bestehen der Zeitschrift erscheinen erstmals die Hefte 1 (2000) bis 34 (2017) in gedruckter Form in einem Schuber. Das halbj\u00e4hrlich erscheinende Periodikum erscheint seit Heft 35 als online-Zeitschrift unter www.hin-online.de und parallel als gedruckte Ausgabe im Universit\u00e4tsverlag Potsdam.\" \/>\n<meta property=\"og:url\" content=\"https:\/\/shop.verlag.uni-potsdam.de\/en\/shop\/hin-alexander-von-humboldt-im-netz-3\/\" \/>\n<meta property=\"og:site_name\" content=\"Universit\u00e4tsverlag Potsdam\" \/>\n<meta property=\"article:modified_time\" content=\"2026-03-23T10:56:02+00:00\" \/>\n<meta property=\"og:image\" content=\"https:\/\/shop.verlag.uni-potsdam.de\/wp-content\/uploads\/asolmerce\/image-22332.jpg\" \/>\n\t<meta property=\"og:image:width\" content=\"879\" \/>\n\t<meta property=\"og:image:height\" content=\"870\" \/>\n\t<meta property=\"og:image:type\" content=\"image\/jpeg\" \/>\n<meta name=\"twitter:card\" content=\"summary_large_image\" \/>\n<meta name=\"twitter:label1\" content=\"Est. reading time\" \/>\n\t<meta name=\"twitter:data1\" content=\"1 minute\" \/>\n<script type=\"application\/ld+json\" class=\"yoast-schema-graph\">{\"@context\":\"https:\/\/schema.org\",\"@graph\":[{\"@type\":\"WebPage\",\"@id\":\"https:\/\/shop.verlag.uni-potsdam.de\/en\/shop\/hin-alexander-von-humboldt-im-netz-3\/\",\"url\":\"https:\/\/shop.verlag.uni-potsdam.de\/en\/shop\/hin-alexander-von-humboldt-im-netz-3\/\",\"name\":\"HiN - Alexander von Humboldt im Netz - Universit\u00e4tsverlag Potsdam\",\"isPartOf\":{\"@id\":\"https:\/\/shop.verlag.uni-potsdam.de\/en\/#website\"},\"primaryImageOfPage\":{\"@id\":\"https:\/\/shop.verlag.uni-potsdam.de\/en\/shop\/hin-alexander-von-humboldt-im-netz-3\/#primaryimage\"},\"image\":{\"@id\":\"https:\/\/shop.verlag.uni-potsdam.de\/shop\/hin-alexander-von-humboldt-im-netz-3\/#primaryimage\"},\"thumbnailUrl\":\"https:\/\/shop.verlag.uni-potsdam.de\/wp-content\/uploads\/asolmerce\/image-22332.jpg\",\"datePublished\":\"2026-03-23T08:55:02+00:00\",\"dateModified\":\"2026-03-23T10:56:02+00:00\",\"breadcrumb\":{\"@id\":\"https:\/\/shop.verlag.uni-potsdam.de\/en\/shop\/hin-alexander-von-humboldt-im-netz-3\/#breadcrumb\"},\"inLanguage\":\"en-US\",\"potentialAction\":[{\"@type\":\"ReadAction\",\"target\":[[\"https:\/\/shop.verlag.uni-potsdam.de\/en\/shop\/hin-alexander-von-humboldt-im-netz-3\/\"]]}]},{\"@type\":\"ImageObject\",\"inLanguage\":\"en-US\",\"@id\":\"https:\/\/shop.verlag.uni-potsdam.de\/en\/shop\/hin-alexander-von-humboldt-im-netz-3\/#primaryimage\",\"url\":\"https:\/\/shop.verlag.uni-potsdam.de\/wp-content\/uploads\/asolmerce\/image-22332.jpg\",\"contentUrl\":\"https:\/\/shop.verlag.uni-potsdam.de\/wp-content\/uploads\/asolmerce\/image-22332.jpg\",\"width\":879,\"height\":870},{\"@type\":\"BreadcrumbList\",\"@id\":\"https:\/\/shop.verlag.uni-potsdam.de\/en\/shop\/hin-alexander-von-humboldt-im-netz-3\/#breadcrumb\",\"itemListElement\":[{\"@type\":\"ListItem\",\"position\":1,\"name\":\"Startseite\",\"item\":\"https:\/\/shop.verlag.uni-potsdam.de\/en\/\"},{\"@type\":\"ListItem\",\"position\":2,\"name\":\"Shop\",\"item\":\"https:\/\/shop.verlag.uni-potsdam.de\/en\/shop\/\"},{\"@type\":\"ListItem\",\"position\":3,\"name\":\"HiN &#8211; Alexander von Humboldt im Netz\"}]},{\"@type\":\"WebSite\",\"@id\":\"https:\/\/shop.verlag.uni-potsdam.de\/en\/#website\",\"url\":\"https:\/\/shop.verlag.uni-potsdam.de\/en\/\",\"name\":\"Universit\u00e4tsverlag Potsdam\",\"description\":\"\",\"publisher\":{\"@id\":\"https:\/\/shop.verlag.uni-potsdam.de\/en\/#organization\"},\"potentialAction\":[{\"@type\":\"SearchAction\",\"target\":{\"@type\":\"EntryPoint\",\"urlTemplate\":\"https:\/\/shop.verlag.uni-potsdam.de\/en\/?s={search_term_string}\"},\"query-input\":{\"@type\":\"PropertyValueSpecification\",\"valueRequired\":true,\"valueName\":\"search_term_string\"}}],\"inLanguage\":\"en-US\"},{\"@type\":\"Organization\",\"@id\":\"https:\/\/shop.verlag.uni-potsdam.de\/en\/#organization\",\"name\":\"Universit\u00e4tsverlag Potsdam\",\"url\":\"https:\/\/shop.verlag.uni-potsdam.de\/en\/\",\"logo\":{\"@type\":\"ImageObject\",\"inLanguage\":\"en-US\",\"@id\":\"https:\/\/shop.verlag.uni-potsdam.de\/en\/#\/schema\/logo\/image\/\",\"url\":\"https:\/\/shop.verlag.uni-potsdam.de\/wp-content\/uploads\/2017\/04\/up_logo_university_2.png\",\"contentUrl\":\"https:\/\/shop.verlag.uni-potsdam.de\/wp-content\/uploads\/2017\/04\/up_logo_university_2.png\",\"width\":160,\"height\":172,\"caption\":\"Universit\u00e4tsverlag Potsdam\"},\"image\":{\"@id\":\"https:\/\/shop.verlag.uni-potsdam.de\/en\/#\/schema\/logo\/image\/\"}}]}<\/script>\n<!-- \/ Yoast SEO plugin. -->","yoast_head_json":{"title":"HiN - Alexander von Humboldt im Netz - Universit\u00e4tsverlag Potsdam","robots":{"index":"index","follow":"follow","max-snippet":"max-snippet:-1","max-image-preview":"max-image-preview:large","max-video-preview":"max-video-preview:-1"},"canonical":"https:\/\/shop.verlag.uni-potsdam.de\/en\/shop\/hin-alexander-von-humboldt-im-netz-3\/","og_locale":"en_US","og_type":"article","og_title":"HiN - Alexander von Humboldt im Netz - Universit\u00e4tsverlag Potsdam","og_description":"HiN - Alexander von Humboldt im Netz. Internationale Zeitschrift f\u00fcr Humboldt-Studien ver\u00f6ffentlicht seit dem Jahr 2000 aktuelle Forschungen zu Alexander von Humboldt in Deutsch, Englisch, Spanisch und Franz\u00f6sisch. Die online-Zeitschrift ist ein internationales peer review journal und wird vom MLA Directory of Periodicals, dem Ulrichsweb Global Serials Directory, DOAJ - Directory of Open Access Journals und dem PKP Index bibliographisch erfasst. Zum 20-j\u00e4hrigen Bestehen der Zeitschrift erscheinen erstmals die Hefte 1 (2000) bis 34 (2017) in gedruckter Form in einem Schuber. Das halbj\u00e4hrlich erscheinende Periodikum erscheint seit Heft 35 als online-Zeitschrift unter www.hin-online.de und parallel als gedruckte Ausgabe im Universit\u00e4tsverlag Potsdam.","og_url":"https:\/\/shop.verlag.uni-potsdam.de\/en\/shop\/hin-alexander-von-humboldt-im-netz-3\/","og_site_name":"Universit\u00e4tsverlag Potsdam","article_modified_time":"2026-03-23T10:56:02+00:00","og_image":[{"width":879,"height":870,"url":"https:\/\/shop.verlag.uni-potsdam.de\/wp-content\/uploads\/asolmerce\/image-22332.jpg","type":"image\/jpeg"}],"twitter_card":"summary_large_image","twitter_misc":{"Est. reading time":"1 minute"},"schema":{"@context":"https:\/\/schema.org","@graph":[{"@type":"WebPage","@id":"https:\/\/shop.verlag.uni-potsdam.de\/en\/shop\/hin-alexander-von-humboldt-im-netz-3\/","url":"https:\/\/shop.verlag.uni-potsdam.de\/en\/shop\/hin-alexander-von-humboldt-im-netz-3\/","name":"HiN - Alexander von Humboldt im Netz - Universit\u00e4tsverlag Potsdam","isPartOf":{"@id":"https:\/\/shop.verlag.uni-potsdam.de\/en\/#website"},"primaryImageOfPage":{"@id":"https:\/\/shop.verlag.uni-potsdam.de\/en\/shop\/hin-alexander-von-humboldt-im-netz-3\/#primaryimage"},"image":{"@id":"https:\/\/shop.verlag.uni-potsdam.de\/shop\/hin-alexander-von-humboldt-im-netz-3\/#primaryimage"},"thumbnailUrl":"https:\/\/shop.verlag.uni-potsdam.de\/wp-content\/uploads\/asolmerce\/image-22332.jpg","datePublished":"2026-03-23T08:55:02+00:00","dateModified":"2026-03-23T10:56:02+00:00","breadcrumb":{"@id":"https:\/\/shop.verlag.uni-potsdam.de\/en\/shop\/hin-alexander-von-humboldt-im-netz-3\/#breadcrumb"},"inLanguage":"en-US","potentialAction":[{"@type":"ReadAction","target":[["https:\/\/shop.verlag.uni-potsdam.de\/en\/shop\/hin-alexander-von-humboldt-im-netz-3\/"]]}]},{"@type":"ImageObject","inLanguage":"en-US","@id":"https:\/\/shop.verlag.uni-potsdam.de\/en\/shop\/hin-alexander-von-humboldt-im-netz-3\/#primaryimage","url":"https:\/\/shop.verlag.uni-potsdam.de\/wp-content\/uploads\/asolmerce\/image-22332.jpg","contentUrl":"https:\/\/shop.verlag.uni-potsdam.de\/wp-content\/uploads\/asolmerce\/image-22332.jpg","width":879,"height":870},{"@type":"BreadcrumbList","@id":"https:\/\/shop.verlag.uni-potsdam.de\/en\/shop\/hin-alexander-von-humboldt-im-netz-3\/#breadcrumb","itemListElement":[{"@type":"ListItem","position":1,"name":"Startseite","item":"https:\/\/shop.verlag.uni-potsdam.de\/en\/"},{"@type":"ListItem","position":2,"name":"Shop","item":"https:\/\/shop.verlag.uni-potsdam.de\/en\/shop\/"},{"@type":"ListItem","position":3,"name":"HiN &#8211; Alexander von Humboldt im Netz"}]},{"@type":"WebSite","@id":"https:\/\/shop.verlag.uni-potsdam.de\/en\/#website","url":"https:\/\/shop.verlag.uni-potsdam.de\/en\/","name":"Universit\u00e4tsverlag Potsdam","description":"","publisher":{"@id":"https:\/\/shop.verlag.uni-potsdam.de\/en\/#organization"},"potentialAction":[{"@type":"SearchAction","target":{"@type":"EntryPoint","urlTemplate":"https:\/\/shop.verlag.uni-potsdam.de\/en\/?s={search_term_string}"},"query-input":{"@type":"PropertyValueSpecification","valueRequired":true,"valueName":"search_term_string"}}],"inLanguage":"en-US"},{"@type":"Organization","@id":"https:\/\/shop.verlag.uni-potsdam.de\/en\/#organization","name":"Universit\u00e4tsverlag Potsdam","url":"https:\/\/shop.verlag.uni-potsdam.de\/en\/","logo":{"@type":"ImageObject","inLanguage":"en-US","@id":"https:\/\/shop.verlag.uni-potsdam.de\/en\/#\/schema\/logo\/image\/","url":"https:\/\/shop.verlag.uni-potsdam.de\/wp-content\/uploads\/2017\/04\/up_logo_university_2.png","contentUrl":"https:\/\/shop.verlag.uni-potsdam.de\/wp-content\/uploads\/2017\/04\/up_logo_university_2.png","width":160,"height":172,"caption":"Universit\u00e4tsverlag Potsdam"},"image":{"@id":"https:\/\/shop.verlag.uni-potsdam.de\/en\/#\/schema\/logo\/image\/"}}]}},"_links":{"self":[{"href":"https:\/\/shop.verlag.uni-potsdam.de\/en\/wp-json\/wp\/v2\/product\/56065","targetHints":{"allow":["GET"]}}],"collection":[{"href":"https:\/\/shop.verlag.uni-potsdam.de\/en\/wp-json\/wp\/v2\/product"}],"about":[{"href":"https:\/\/shop.verlag.uni-potsdam.de\/en\/wp-json\/wp\/v2\/types\/product"}],"wp:featuredmedia":[{"embeddable":true,"href":"https:\/\/shop.verlag.uni-potsdam.de\/en\/wp-json\/wp\/v2\/media\/56066"}],"wp:attachment":[{"href":"https:\/\/shop.verlag.uni-potsdam.de\/en\/wp-json\/wp\/v2\/media?parent=56065"}],"wp:term":[{"taxonomy":"product_brand","embeddable":true,"href":"https:\/\/shop.verlag.uni-potsdam.de\/en\/wp-json\/wp\/v2\/product_brand?post=56065"},{"taxonomy":"product_cat","embeddable":true,"href":"https:\/\/shop.verlag.uni-potsdam.de\/en\/wp-json\/wp\/v2\/product_cat?post=56065"},{"taxonomy":"product_tag","embeddable":true,"href":"https:\/\/shop.verlag.uni-potsdam.de\/en\/wp-json\/wp\/v2\/product_tag?post=56065"}],"curies":[{"name":"wp","href":"https:\/\/api.w.org\/{rel}","templated":true}]}}