{"id":56098,"date":"2026-03-23T08:55:02","date_gmt":"2026-03-23T08:55:02","guid":{"rendered":"https:\/\/shop.verlag.uni-potsdam.de\/shop\/genisa-blaetter-ii\/"},"modified":"2026-03-23T11:56:02","modified_gmt":"2026-03-23T10:56:02","slug":"genisa-blaetter-iii","status":"publish","type":"product","link":"https:\/\/shop.verlag.uni-potsdam.de\/en\/shop\/genisa-blaetter-iii\/","title":{"rendered":"Genisa-Bl\u00e4tter III"},"content":{"rendered":"<p class=\"qtranxs-available-languages-message qtranxs-available-languages-message-en\">Sorry, this entry is only available in <a href=\"https:\/\/shop.verlag.uni-potsdam.de\/de\/wp-json\/wp\/v2\/product\/56098\" class=\"qtranxs-available-language-link qtranxs-available-language-link-de\" title=\"Deutsch\">Deutsch<\/a>.<\/p><p>Urspr\u00fcnglich sollten die \u201eGenisa-Bl\u00e4tter III\u201c ein europ\u00e4isches Projekt werden. Ver\u00f6ffentlicht werden sollten Quellen aus \u00adGenisot, die im vormals deutschsprachigen Raum gehoben wurden. Das Vorhaben scheiterte. Nunmehr sind im Band sieben Beitr\u00e4ge versammelt, in denen kenntnisreich Funde aus den Ablagen in Alsenz, Altensch\u00f6nbach, Memmelsdorf, Reckendorf und Veitsh\u00f6chheim besprochen werden. Der achte Aufsatz kn\u00fcpft am internationalen Vorhaben an: Im Mittelpunkt des Artikels stehen drei Genisafunde aus Tschechien, genauer gesagt aus den beiden ostb\u00f6hmischen Ortschaften Lu\u017ee und Rychnov nad Kn\u011b\u017enou. Alle acht Beitr\u00e4ge gemeinsam verdeutlichen die inhaltliche Spannbreite von Genisot, die sich die Forschung zunutze machen kann: Sie reicht von Aspekten der Wirtschaft und des Rechts, \u00fcber die Religion bis hin zum allt\u00e4glichen Leben und bietet jeweils eigene Geschichten im Spannungsfeld des m\u00f6glichen Scheiterns.<\/p>","protected":false},"excerpt":{"rendered":"<p class=\"qtranxs-available-languages-message qtranxs-available-languages-message-en\">Sorry, this entry is only available in <a href=\"https:\/\/shop.verlag.uni-potsdam.de\/de\/wp-json\/wp\/v2\/product\/56098\" class=\"qtranxs-available-language-link qtranxs-available-language-link-de\" title=\"Deutsch\">Deutsch<\/a>.<\/p>\n<p>Urspr\u00fcnglich sollten die \u201eGenisa-Bl\u00e4tter III\u201c ein europ\u00e4isches Projekt werden. Ver\u00f6ffentlicht werden sollten Quellen aus \u00adGenisot, die im vormals deutschsprachigen Raum gehoben wurden. Das Vorhaben scheiterte. Nunmehr sind im Band sieben Beitr\u00e4ge versammelt, in denen kenntnisreich Funde aus den Ablagen in Alsenz, Altensch\u00f6nbach, Memmelsdorf, Reckendorf und Veitsh\u00f6chheim besprochen werden. Der achte Aufsatz kn\u00fcpft am internationalen Vorhaben an: Im Mittelpunkt des Artikels stehen drei Genisafunde aus Tschechien, genauer gesagt aus den beiden ostb\u00f6hmischen Ortschaften Lu\u017ee und Rychnov nad Kn\u011b\u017enou. Alle acht Beitr\u00e4ge gemeinsam verdeutlichen die inhaltliche Spannbreite von Genisot, die sich die Forschung zunutze machen kann: Sie reicht von Aspekten der Wirtschaft und des Rechts, \u00fcber die Religion bis hin zum allt\u00e4glichen Leben und bietet jeweils eigene Geschichten im Spannungsfeld des m\u00f6glichen Scheiterns.<\/p>\n","protected":false},"featured_media":56100,"template":"","meta":{"_acf_changed":false},"product_brand":[],"product_cat":[6226],"product_tag":[5932],"class_list":{"0":"post-56098","1":"product","2":"type-product","3":"status-publish","4":"has-post-thumbnail","6":"product_cat-religion-theologie","7":"product_tag-franken-genisa-juedische-studien-landesgeschichte-laendliches-judentum-franconia-geniza-jewish-studies-rural-jewry-regional-history","8":"autor-beate-weinhold","9":"autor-elisabeth-singer-brehm","10":"autor-gabi-rudolf","11":"autor-lenka-ulicna","12":"autor-michal-szulc","13":"autor-monika-mueller","14":"autor-oliver-sowa","15":"autor-rebecca-ullrich","16":"autor-rebekka-denz","17":"autor-stefanie-fuchs","19":"first","20":"instock","21":"shipping-taxable","22":"purchasable","23":"product-type-simple"},"acf":[],"yoast_head":"<!-- This site is optimized with the Yoast SEO plugin v27.1.1 - https:\/\/yoast.com\/product\/yoast-seo-wordpress\/ -->\n<title>Genisa-Bl\u00e4tter III - Universit\u00e4tsverlag Potsdam<\/title>\n<meta name=\"robots\" content=\"index, follow, max-snippet:-1, max-image-preview:large, max-video-preview:-1\" \/>\n<link rel=\"canonical\" href=\"https:\/\/shop.verlag.uni-potsdam.de\/en\/shop\/genisa-blaetter-iii\/\" \/>\n<meta property=\"og:locale\" content=\"en_US\" \/>\n<meta property=\"og:type\" content=\"article\" \/>\n<meta property=\"og:title\" content=\"Genisa-Bl\u00e4tter III - Universit\u00e4tsverlag Potsdam\" \/>\n<meta property=\"og:description\" content=\"Urspr\u00fcnglich sollten die \u201eGenisa-Bl\u00e4tter III\u201c ein europ\u00e4isches Projekt werden. Ver\u00f6ffentlicht werden sollten Quellen aus \u00adGenisot, die im vormals deutschsprachigen Raum gehoben wurden. Das Vorhaben scheiterte. Nunmehr sind im Band sieben Beitr\u00e4ge versammelt, in denen kenntnisreich Funde aus den Ablagen in Alsenz, Altensch\u00f6nbach, Memmelsdorf, Reckendorf und Veitsh\u00f6chheim besprochen werden. Der achte Aufsatz kn\u00fcpft am internationalen Vorhaben an: Im Mittelpunkt des Artikels stehen drei Genisafunde aus Tschechien, genauer gesagt aus den beiden ostb\u00f6hmischen Ortschaften Lu\u017ee und Rychnov nad Kn\u011b\u017enou. Alle acht Beitr\u00e4ge gemeinsam verdeutlichen die inhaltliche Spannbreite von Genisot, die sich die Forschung zunutze machen kann: Sie reicht von Aspekten der Wirtschaft und des Rechts, \u00fcber die Religion bis hin zum allt\u00e4glichen Leben und bietet jeweils eigene Geschichten im Spannungsfeld des m\u00f6glichen Scheiterns.\" \/>\n<meta property=\"og:url\" content=\"https:\/\/shop.verlag.uni-potsdam.de\/en\/shop\/genisa-blaetter-iii\/\" \/>\n<meta property=\"og:site_name\" content=\"Universit\u00e4tsverlag Potsdam\" \/>\n<meta property=\"article:modified_time\" content=\"2026-03-23T10:56:02+00:00\" \/>\n<meta property=\"og:image\" content=\"https:\/\/shop.verlag.uni-potsdam.de\/wp-content\/uploads\/asolmerce\/image-978-3-86956-470-8.jpg\" \/>\n\t<meta property=\"og:image:width\" content=\"1749\" \/>\n\t<meta property=\"og:image:height\" content=\"2497\" \/>\n\t<meta property=\"og:image:type\" content=\"image\/jpeg\" \/>\n<meta name=\"twitter:card\" content=\"summary_large_image\" \/>\n<meta name=\"twitter:label1\" content=\"Est. reading time\" \/>\n\t<meta name=\"twitter:data1\" content=\"1 minute\" \/>\n<script type=\"application\/ld+json\" class=\"yoast-schema-graph\">{\"@context\":\"https:\/\/schema.org\",\"@graph\":[{\"@type\":\"WebPage\",\"@id\":\"https:\/\/shop.verlag.uni-potsdam.de\/en\/shop\/genisa-blaetter-iii\/\",\"url\":\"https:\/\/shop.verlag.uni-potsdam.de\/en\/shop\/genisa-blaetter-iii\/\",\"name\":\"Genisa-Bl\u00e4tter III - Universit\u00e4tsverlag Potsdam\",\"isPartOf\":{\"@id\":\"https:\/\/shop.verlag.uni-potsdam.de\/en\/#website\"},\"primaryImageOfPage\":{\"@id\":\"https:\/\/shop.verlag.uni-potsdam.de\/en\/shop\/genisa-blaetter-iii\/#primaryimage\"},\"image\":{\"@id\":\"https:\/\/shop.verlag.uni-potsdam.de\/shop\/genisa-blaetter-iii\/#primaryimage\"},\"thumbnailUrl\":\"https:\/\/shop.verlag.uni-potsdam.de\/wp-content\/uploads\/asolmerce\/image-978-3-86956-470-8.jpg\",\"datePublished\":\"2026-03-23T08:55:02+00:00\",\"dateModified\":\"2026-03-23T10:56:02+00:00\",\"breadcrumb\":{\"@id\":\"https:\/\/shop.verlag.uni-potsdam.de\/en\/shop\/genisa-blaetter-iii\/#breadcrumb\"},\"inLanguage\":\"en-US\",\"potentialAction\":[{\"@type\":\"ReadAction\",\"target\":[[\"https:\/\/shop.verlag.uni-potsdam.de\/en\/shop\/genisa-blaetter-iii\/\"]]}]},{\"@type\":\"ImageObject\",\"inLanguage\":\"en-US\",\"@id\":\"https:\/\/shop.verlag.uni-potsdam.de\/en\/shop\/genisa-blaetter-iii\/#primaryimage\",\"url\":\"https:\/\/shop.verlag.uni-potsdam.de\/wp-content\/uploads\/asolmerce\/image-978-3-86956-470-8.jpg\",\"contentUrl\":\"https:\/\/shop.verlag.uni-potsdam.de\/wp-content\/uploads\/asolmerce\/image-978-3-86956-470-8.jpg\",\"width\":1749,\"height\":2497},{\"@type\":\"BreadcrumbList\",\"@id\":\"https:\/\/shop.verlag.uni-potsdam.de\/en\/shop\/genisa-blaetter-iii\/#breadcrumb\",\"itemListElement\":[{\"@type\":\"ListItem\",\"position\":1,\"name\":\"Startseite\",\"item\":\"https:\/\/shop.verlag.uni-potsdam.de\/en\/\"},{\"@type\":\"ListItem\",\"position\":2,\"name\":\"Shop\",\"item\":\"https:\/\/shop.verlag.uni-potsdam.de\/en\/shop\/\"},{\"@type\":\"ListItem\",\"position\":3,\"name\":\"Genisa-Bl\u00e4tter III\"}]},{\"@type\":\"WebSite\",\"@id\":\"https:\/\/shop.verlag.uni-potsdam.de\/en\/#website\",\"url\":\"https:\/\/shop.verlag.uni-potsdam.de\/en\/\",\"name\":\"Universit\u00e4tsverlag Potsdam\",\"description\":\"\",\"publisher\":{\"@id\":\"https:\/\/shop.verlag.uni-potsdam.de\/en\/#organization\"},\"potentialAction\":[{\"@type\":\"SearchAction\",\"target\":{\"@type\":\"EntryPoint\",\"urlTemplate\":\"https:\/\/shop.verlag.uni-potsdam.de\/en\/?s={search_term_string}\"},\"query-input\":{\"@type\":\"PropertyValueSpecification\",\"valueRequired\":true,\"valueName\":\"search_term_string\"}}],\"inLanguage\":\"en-US\"},{\"@type\":\"Organization\",\"@id\":\"https:\/\/shop.verlag.uni-potsdam.de\/en\/#organization\",\"name\":\"Universit\u00e4tsverlag Potsdam\",\"url\":\"https:\/\/shop.verlag.uni-potsdam.de\/en\/\",\"logo\":{\"@type\":\"ImageObject\",\"inLanguage\":\"en-US\",\"@id\":\"https:\/\/shop.verlag.uni-potsdam.de\/en\/#\/schema\/logo\/image\/\",\"url\":\"https:\/\/shop.verlag.uni-potsdam.de\/wp-content\/uploads\/2017\/04\/up_logo_university_2.png\",\"contentUrl\":\"https:\/\/shop.verlag.uni-potsdam.de\/wp-content\/uploads\/2017\/04\/up_logo_university_2.png\",\"width\":160,\"height\":172,\"caption\":\"Universit\u00e4tsverlag Potsdam\"},\"image\":{\"@id\":\"https:\/\/shop.verlag.uni-potsdam.de\/en\/#\/schema\/logo\/image\/\"}}]}<\/script>\n<!-- \/ Yoast SEO plugin. -->","yoast_head_json":{"title":"Genisa-Bl\u00e4tter III - Universit\u00e4tsverlag Potsdam","robots":{"index":"index","follow":"follow","max-snippet":"max-snippet:-1","max-image-preview":"max-image-preview:large","max-video-preview":"max-video-preview:-1"},"canonical":"https:\/\/shop.verlag.uni-potsdam.de\/en\/shop\/genisa-blaetter-iii\/","og_locale":"en_US","og_type":"article","og_title":"Genisa-Bl\u00e4tter III - Universit\u00e4tsverlag Potsdam","og_description":"Urspr\u00fcnglich sollten die \u201eGenisa-Bl\u00e4tter III\u201c ein europ\u00e4isches Projekt werden. Ver\u00f6ffentlicht werden sollten Quellen aus \u00adGenisot, die im vormals deutschsprachigen Raum gehoben wurden. Das Vorhaben scheiterte. Nunmehr sind im Band sieben Beitr\u00e4ge versammelt, in denen kenntnisreich Funde aus den Ablagen in Alsenz, Altensch\u00f6nbach, Memmelsdorf, Reckendorf und Veitsh\u00f6chheim besprochen werden. Der achte Aufsatz kn\u00fcpft am internationalen Vorhaben an: Im Mittelpunkt des Artikels stehen drei Genisafunde aus Tschechien, genauer gesagt aus den beiden ostb\u00f6hmischen Ortschaften Lu\u017ee und Rychnov nad Kn\u011b\u017enou. Alle acht Beitr\u00e4ge gemeinsam verdeutlichen die inhaltliche Spannbreite von Genisot, die sich die Forschung zunutze machen kann: Sie reicht von Aspekten der Wirtschaft und des Rechts, \u00fcber die Religion bis hin zum allt\u00e4glichen Leben und bietet jeweils eigene Geschichten im Spannungsfeld des m\u00f6glichen Scheiterns.","og_url":"https:\/\/shop.verlag.uni-potsdam.de\/en\/shop\/genisa-blaetter-iii\/","og_site_name":"Universit\u00e4tsverlag Potsdam","article_modified_time":"2026-03-23T10:56:02+00:00","og_image":[{"width":1749,"height":2497,"url":"https:\/\/shop.verlag.uni-potsdam.de\/wp-content\/uploads\/asolmerce\/image-978-3-86956-470-8.jpg","type":"image\/jpeg"}],"twitter_card":"summary_large_image","twitter_misc":{"Est. reading time":"1 minute"},"schema":{"@context":"https:\/\/schema.org","@graph":[{"@type":"WebPage","@id":"https:\/\/shop.verlag.uni-potsdam.de\/en\/shop\/genisa-blaetter-iii\/","url":"https:\/\/shop.verlag.uni-potsdam.de\/en\/shop\/genisa-blaetter-iii\/","name":"Genisa-Bl\u00e4tter III - Universit\u00e4tsverlag Potsdam","isPartOf":{"@id":"https:\/\/shop.verlag.uni-potsdam.de\/en\/#website"},"primaryImageOfPage":{"@id":"https:\/\/shop.verlag.uni-potsdam.de\/en\/shop\/genisa-blaetter-iii\/#primaryimage"},"image":{"@id":"https:\/\/shop.verlag.uni-potsdam.de\/shop\/genisa-blaetter-iii\/#primaryimage"},"thumbnailUrl":"https:\/\/shop.verlag.uni-potsdam.de\/wp-content\/uploads\/asolmerce\/image-978-3-86956-470-8.jpg","datePublished":"2026-03-23T08:55:02+00:00","dateModified":"2026-03-23T10:56:02+00:00","breadcrumb":{"@id":"https:\/\/shop.verlag.uni-potsdam.de\/en\/shop\/genisa-blaetter-iii\/#breadcrumb"},"inLanguage":"en-US","potentialAction":[{"@type":"ReadAction","target":[["https:\/\/shop.verlag.uni-potsdam.de\/en\/shop\/genisa-blaetter-iii\/"]]}]},{"@type":"ImageObject","inLanguage":"en-US","@id":"https:\/\/shop.verlag.uni-potsdam.de\/en\/shop\/genisa-blaetter-iii\/#primaryimage","url":"https:\/\/shop.verlag.uni-potsdam.de\/wp-content\/uploads\/asolmerce\/image-978-3-86956-470-8.jpg","contentUrl":"https:\/\/shop.verlag.uni-potsdam.de\/wp-content\/uploads\/asolmerce\/image-978-3-86956-470-8.jpg","width":1749,"height":2497},{"@type":"BreadcrumbList","@id":"https:\/\/shop.verlag.uni-potsdam.de\/en\/shop\/genisa-blaetter-iii\/#breadcrumb","itemListElement":[{"@type":"ListItem","position":1,"name":"Startseite","item":"https:\/\/shop.verlag.uni-potsdam.de\/en\/"},{"@type":"ListItem","position":2,"name":"Shop","item":"https:\/\/shop.verlag.uni-potsdam.de\/en\/shop\/"},{"@type":"ListItem","position":3,"name":"Genisa-Bl\u00e4tter III"}]},{"@type":"WebSite","@id":"https:\/\/shop.verlag.uni-potsdam.de\/en\/#website","url":"https:\/\/shop.verlag.uni-potsdam.de\/en\/","name":"Universit\u00e4tsverlag Potsdam","description":"","publisher":{"@id":"https:\/\/shop.verlag.uni-potsdam.de\/en\/#organization"},"potentialAction":[{"@type":"SearchAction","target":{"@type":"EntryPoint","urlTemplate":"https:\/\/shop.verlag.uni-potsdam.de\/en\/?s={search_term_string}"},"query-input":{"@type":"PropertyValueSpecification","valueRequired":true,"valueName":"search_term_string"}}],"inLanguage":"en-US"},{"@type":"Organization","@id":"https:\/\/shop.verlag.uni-potsdam.de\/en\/#organization","name":"Universit\u00e4tsverlag Potsdam","url":"https:\/\/shop.verlag.uni-potsdam.de\/en\/","logo":{"@type":"ImageObject","inLanguage":"en-US","@id":"https:\/\/shop.verlag.uni-potsdam.de\/en\/#\/schema\/logo\/image\/","url":"https:\/\/shop.verlag.uni-potsdam.de\/wp-content\/uploads\/2017\/04\/up_logo_university_2.png","contentUrl":"https:\/\/shop.verlag.uni-potsdam.de\/wp-content\/uploads\/2017\/04\/up_logo_university_2.png","width":160,"height":172,"caption":"Universit\u00e4tsverlag Potsdam"},"image":{"@id":"https:\/\/shop.verlag.uni-potsdam.de\/en\/#\/schema\/logo\/image\/"}}]}},"_links":{"self":[{"href":"https:\/\/shop.verlag.uni-potsdam.de\/en\/wp-json\/wp\/v2\/product\/56098","targetHints":{"allow":["GET"]}}],"collection":[{"href":"https:\/\/shop.verlag.uni-potsdam.de\/en\/wp-json\/wp\/v2\/product"}],"about":[{"href":"https:\/\/shop.verlag.uni-potsdam.de\/en\/wp-json\/wp\/v2\/types\/product"}],"wp:featuredmedia":[{"embeddable":true,"href":"https:\/\/shop.verlag.uni-potsdam.de\/en\/wp-json\/wp\/v2\/media\/56100"}],"wp:attachment":[{"href":"https:\/\/shop.verlag.uni-potsdam.de\/en\/wp-json\/wp\/v2\/media?parent=56098"}],"wp:term":[{"taxonomy":"product_brand","embeddable":true,"href":"https:\/\/shop.verlag.uni-potsdam.de\/en\/wp-json\/wp\/v2\/product_brand?post=56098"},{"taxonomy":"product_cat","embeddable":true,"href":"https:\/\/shop.verlag.uni-potsdam.de\/en\/wp-json\/wp\/v2\/product_cat?post=56098"},{"taxonomy":"product_tag","embeddable":true,"href":"https:\/\/shop.verlag.uni-potsdam.de\/en\/wp-json\/wp\/v2\/product_tag?post=56098"}],"curies":[{"name":"wp","href":"https:\/\/api.w.org\/{rel}","templated":true}]}}