{"id":57392,"date":"2026-03-31T09:36:44","date_gmt":"2026-03-31T09:36:44","guid":{"rendered":"https:\/\/shop.verlag.uni-potsdam.de\/shop\/publizisierung-oeffentlicher-aufgaben\/"},"modified":"2026-03-31T13:37:44","modified_gmt":"2026-03-31T11:37:44","slug":"verwaltungsmodernisierung","status":"publish","type":"product","link":"https:\/\/shop.verlag.uni-potsdam.de\/en\/shop\/verwaltungsmodernisierung\/","title":{"rendered":"Verwaltungsmodernisierung"},"content":{"rendered":"<p class=\"qtranxs-available-languages-message qtranxs-available-languages-message-en\">Sorry, this entry is only available in <a href=\"https:\/\/shop.verlag.uni-potsdam.de\/de\/wp-json\/wp\/v2\/product\/57392\" class=\"qtranxs-available-language-link qtranxs-available-language-link-de\" title=\"Deutsch\">Deutsch<\/a>.<\/p><p><\/p>\n<div><span id=\"abstractFull_96159\" class=\"abstractFull\" style=\"display: inline;\">Die Modernisierung der \u00f6ffentlichen Verwaltung hat sich l\u00e4ngst zu einer Daueraufgabe entwickelt. In den Modernisierungsprozessen stehen derzeit zwei Segmente besonders im Fokus: Digitalisierung und Partizipation. Digitalisierung geht heute weit \u00fcber die urspr\u00fcnglich mit diesem Stichwort angesprochene Umwandlung analoger Daten in elektronische Datenformate hinaus. Die Programmatik der Digitalisierung zielt auf den m\u00f6glichst umfassenden Einsatz elektronischer Informations- und Kommunikationstechniken zur Unterst\u00fctzung, Beschleunigung, Rationalisierung und in Teilen auch Ersetzung von herk\u00f6mmlichen Verwaltungsabl\u00e4ufen mit der Perspektive auf eine Transformation und Durchdringung sowohl des gesamten Verwaltungshandelns als auch der gesamten Verwaltungsorganisation. Demgegen\u00fcber meint Partizipation nach g\u00e4ngigem Verst\u00e4ndnis die Beteiligung von B\u00fcrgern und anderen gesellschaftlichen Akteuren an politischen Willensbildungs- und Entscheidungsprozessen. In spezifisch administrativem Zusammenhang geht es vor allem um die Einbindung von B\u00fcrgern in Entscheidungsprozesse der Verwaltung und um die Aktivierung der Zivilgesellschaft, die Erschlie\u00dfung b\u00fcrgerschaftlichen Engagements sowie gesellschaftlicher Ressourcen f\u00fcr die Erf\u00fcllung von Verwaltungsaufgaben \u2013 und dies alles mit dem Ziel einer Verbesserung der Legitimit\u00e4t und Qualit\u00e4t \u00f6ffentlicher Verwaltung. Die beiden Modernisierungsans\u00e4tze stehen nicht unverbunden nebeneinander. Vielmehr gehen sie nicht selten ineinander \u00fcber. Beispiele daf\u00fcr sind die Bereitstellung von Optionen zu elektronischer Stellung und Bearbeitung von Antr\u00e4gen sowie von elektronischen Plattformen f\u00fcr die B\u00fcrgerpartizipation. <br \/><\/span><\/div>\n<div><span id=\"abstractFull_96159\" class=\"abstractFull\" style=\"display: inline;\"><br \/><\/span><\/div>\n<div><span id=\"abstractFull_96159\" class=\"abstractFull\" style=\"display: inline;\">An diesen Themenfeldern der Verwaltungsmodernisierung setzt der Tagungsband an. Er dokumentiert den Gedankenaustausch \u00fcber Digitalisierungs- und Partizipationsprozesse zwischen polnischen und deutschen Verwaltungsrechtswissenschaftlern auf einer Tagung, die im Dezember 2019 an der Universit\u00e4t Potsdam stattgefunden hat.<\/span><\/div>\n<p><\/p>","protected":false},"excerpt":{"rendered":"<p class=\"qtranxs-available-languages-message qtranxs-available-languages-message-en\">Sorry, this entry is only available in <a href=\"https:\/\/shop.verlag.uni-potsdam.de\/de\/wp-json\/wp\/v2\/product\/57392\" class=\"qtranxs-available-language-link qtranxs-available-language-link-de\" title=\"Deutsch\">Deutsch<\/a>.<\/p>\n<div><span id=\"abstractFull_96159\" class=\"abstractFull\" style=\"display: inline;\">Die Modernisierung der \u00f6ffentlichen Verwaltung hat sich l\u00e4ngst zu einer Daueraufgabe entwickelt. In den Modernisierungsprozessen stehen derzeit zwei Segmente besonders im Fokus: Digitalisierung und Partizipation. Digitalisierung geht heute weit \u00fcber die urspr\u00fcnglich mit diesem Stichwort angesprochene Umwandlung analoger Daten in elektronische Datenformate hinaus. Die Programmatik der Digitalisierung zielt auf den m\u00f6glichst umfassenden Einsatz elektronischer Informations- und Kommunikationstechniken zur Unterst\u00fctzung, Beschleunigung, Rationalisierung und in Teilen auch Ersetzung von herk\u00f6mmlichen Verwaltungsabl\u00e4ufen mit der Perspektive auf eine Transformation und Durchdringung sowohl des gesamten Verwaltungshandelns als auch der gesamten Verwaltungsorganisation. Demgegen\u00fcber meint Partizipation nach g\u00e4ngigem Verst\u00e4ndnis die Beteiligung von B\u00fcrgern und anderen gesellschaftlichen Akteuren an politischen Willensbildungs- und Entscheidungsprozessen. In spezifisch administrativem Zusammenhang geht es vor allem um die Einbindung von B\u00fcrgern in Entscheidungsprozesse der Verwaltung und um die Aktivierung der Zivilgesellschaft, die Erschlie\u00dfung b\u00fcrgerschaftlichen Engagements sowie gesellschaftlicher Ressourcen f\u00fcr die Erf\u00fcllung von Verwaltungsaufgaben \u2013 und dies alles mit dem Ziel einer Verbesserung der Legitimit\u00e4t und Qualit\u00e4t \u00f6ffentlicher Verwaltung. Die beiden Modernisierungsans\u00e4tze stehen nicht unverbunden nebeneinander. Vielmehr gehen sie nicht selten ineinander \u00fcber. Beispiele daf\u00fcr sind die Bereitstellung von Optionen zu elektronischer Stellung und Bearbeitung von Antr\u00e4gen sowie von elektronischen Plattformen f\u00fcr die B\u00fcrgerpartizipation. <br \/><\/span><\/div>\n<div><span id=\"abstractFull_96159\" class=\"abstractFull\" style=\"display: inline;\"><br \/><\/span><\/div>\n<div><span id=\"abstractFull_96159\" class=\"abstractFull\" style=\"display: inline;\">An diesen Themenfeldern der Verwaltungsmodernisierung setzt der Tagungsband an. Er dokumentiert den Gedankenaustausch \u00fcber Digitalisierungs- und Partizipationsprozesse zwischen polnischen und deutschen Verwaltungsrechtswissenschaftlern auf einer Tagung, die im Dezember 2019 an der Universit\u00e4t Potsdam stattgefunden hat.<\/span><\/div>\n","protected":false},"featured_media":57394,"template":"","meta":{"_acf_changed":false},"product_brand":[],"product_cat":[6223],"product_tag":[5794],"class_list":{"0":"post-57392","1":"product","2":"type-product","3":"status-publish","4":"has-post-thumbnail","6":"product_cat-politikwissenschaft-web-kategorie","7":"product_tag-teilnahme-verwaltung-kommune-digitalisierung","8":"autor-adrian-fuks","9":"autor-bozena-popowska","10":"autor-ewa-szewczyk","11":"autor-hartmut-bauer","12":"autor-jan-ole-alpha","13":"autor-krystian-ziemski","14":"autor-lucyna-staniszewska","15":"autor-maciej-krus","16":"autor-magdalena-fedorowicz","17":"autor-marek-szewczyk","18":"autor-maria-jedrzejczak","19":"autor-michael-meier","20":"autor-pawel-sancewicz","21":"autor-slawomir-pawlowski","22":"autor-wolfgang-abromeit","24":"first","25":"instock","26":"shipping-taxable","27":"purchasable","28":"product-type-simple"},"acf":[],"yoast_head":"<!-- This site is optimized with the Yoast SEO plugin v27.1.1 - https:\/\/yoast.com\/product\/yoast-seo-wordpress\/ -->\n<title>Verwaltungsmodernisierung - Universit\u00e4tsverlag Potsdam<\/title>\n<meta name=\"robots\" content=\"index, follow, max-snippet:-1, max-image-preview:large, max-video-preview:-1\" \/>\n<link rel=\"canonical\" href=\"https:\/\/shop.verlag.uni-potsdam.de\/en\/shop\/verwaltungsmodernisierung\/\" \/>\n<meta property=\"og:locale\" content=\"en_US\" \/>\n<meta property=\"og:type\" content=\"article\" \/>\n<meta property=\"og:title\" content=\"Verwaltungsmodernisierung - Universit\u00e4tsverlag Potsdam\" \/>\n<meta property=\"og:description\" content=\"Die Modernisierung der \u00f6ffentlichen Verwaltung hat sich l\u00e4ngst zu einer Daueraufgabe entwickelt. In den Modernisierungsprozessen stehen derzeit zwei Segmente besonders im Fokus: Digitalisierung und Partizipation. Digitalisierung geht heute weit \u00fcber die urspr\u00fcnglich mit diesem Stichwort angesprochene Umwandlung analoger Daten in elektronische Datenformate hinaus. Die Programmatik der Digitalisierung zielt auf den m\u00f6glichst umfassenden Einsatz elektronischer Informations- und Kommunikationstechniken zur Unterst\u00fctzung, Beschleunigung, Rationalisierung und in Teilen auch Ersetzung von herk\u00f6mmlichen Verwaltungsabl\u00e4ufen mit der Perspektive auf eine Transformation und Durchdringung sowohl des gesamten Verwaltungshandelns als auch der gesamten Verwaltungsorganisation. Demgegen\u00fcber meint Partizipation nach g\u00e4ngigem Verst\u00e4ndnis die Beteiligung von B\u00fcrgern und anderen gesellschaftlichen Akteuren an politischen Willensbildungs- und Entscheidungsprozessen. In spezifisch administrativem Zusammenhang geht es vor allem um die Einbindung von B\u00fcrgern in Entscheidungsprozesse der Verwaltung und um die Aktivierung der Zivilgesellschaft, die Erschlie\u00dfung b\u00fcrgerschaftlichen Engagements sowie gesellschaftlicher Ressourcen f\u00fcr die Erf\u00fcllung von Verwaltungsaufgaben \u2013 und dies alles mit dem Ziel einer Verbesserung der Legitimit\u00e4t und Qualit\u00e4t \u00f6ffentlicher Verwaltung. Die beiden Modernisierungsans\u00e4tze stehen nicht unverbunden nebeneinander. Vielmehr gehen sie nicht selten ineinander \u00fcber. Beispiele daf\u00fcr sind die Bereitstellung von Optionen zu elektronischer Stellung und Bearbeitung von Antr\u00e4gen sowie von elektronischen Plattformen f\u00fcr die B\u00fcrgerpartizipation. An diesen Themenfeldern der Verwaltungsmodernisierung setzt der Tagungsband an. Er dokumentiert den Gedankenaustausch \u00fcber Digitalisierungs- und Partizipationsprozesse zwischen polnischen und deutschen Verwaltungsrechtswissenschaftlern auf einer Tagung, die im Dezember 2019 an der Universit\u00e4t Potsdam stattgefunden hat.\" \/>\n<meta property=\"og:url\" content=\"https:\/\/shop.verlag.uni-potsdam.de\/en\/shop\/verwaltungsmodernisierung\/\" \/>\n<meta property=\"og:site_name\" content=\"Universit\u00e4tsverlag Potsdam\" \/>\n<meta property=\"article:modified_time\" content=\"2026-03-31T11:37:44+00:00\" \/>\n<meta property=\"og:image\" content=\"https:\/\/shop.verlag.uni-potsdam.de\/wp-content\/uploads\/asolmerce\/image-978-3-86956-486-9.jpg\" \/>\n\t<meta property=\"og:image:width\" content=\"1166\" \/>\n\t<meta property=\"og:image:height\" content=\"1654\" \/>\n\t<meta property=\"og:image:type\" content=\"image\/jpeg\" \/>\n<meta name=\"twitter:card\" content=\"summary_large_image\" \/>\n<meta name=\"twitter:label1\" content=\"Est. reading time\" \/>\n\t<meta name=\"twitter:data1\" content=\"1 minute\" \/>\n<script type=\"application\/ld+json\" class=\"yoast-schema-graph\">{\"@context\":\"https:\/\/schema.org\",\"@graph\":[{\"@type\":\"WebPage\",\"@id\":\"https:\/\/shop.verlag.uni-potsdam.de\/en\/shop\/verwaltungsmodernisierung\/\",\"url\":\"https:\/\/shop.verlag.uni-potsdam.de\/en\/shop\/verwaltungsmodernisierung\/\",\"name\":\"Verwaltungsmodernisierung - Universit\u00e4tsverlag Potsdam\",\"isPartOf\":{\"@id\":\"https:\/\/shop.verlag.uni-potsdam.de\/en\/#website\"},\"primaryImageOfPage\":{\"@id\":\"https:\/\/shop.verlag.uni-potsdam.de\/en\/shop\/verwaltungsmodernisierung\/#primaryimage\"},\"image\":{\"@id\":\"https:\/\/shop.verlag.uni-potsdam.de\/shop\/verwaltungsmodernisierung\/#primaryimage\"},\"thumbnailUrl\":\"https:\/\/shop.verlag.uni-potsdam.de\/wp-content\/uploads\/asolmerce\/image-978-3-86956-486-9.jpg\",\"datePublished\":\"2026-03-31T09:36:44+00:00\",\"dateModified\":\"2026-03-31T11:37:44+00:00\",\"breadcrumb\":{\"@id\":\"https:\/\/shop.verlag.uni-potsdam.de\/en\/shop\/verwaltungsmodernisierung\/#breadcrumb\"},\"inLanguage\":\"en-US\",\"potentialAction\":[{\"@type\":\"ReadAction\",\"target\":[[\"https:\/\/shop.verlag.uni-potsdam.de\/en\/shop\/verwaltungsmodernisierung\/\"]]}]},{\"@type\":\"ImageObject\",\"inLanguage\":\"en-US\",\"@id\":\"https:\/\/shop.verlag.uni-potsdam.de\/en\/shop\/verwaltungsmodernisierung\/#primaryimage\",\"url\":\"https:\/\/shop.verlag.uni-potsdam.de\/wp-content\/uploads\/asolmerce\/image-978-3-86956-486-9.jpg\",\"contentUrl\":\"https:\/\/shop.verlag.uni-potsdam.de\/wp-content\/uploads\/asolmerce\/image-978-3-86956-486-9.jpg\",\"width\":1166,\"height\":1654},{\"@type\":\"BreadcrumbList\",\"@id\":\"https:\/\/shop.verlag.uni-potsdam.de\/en\/shop\/verwaltungsmodernisierung\/#breadcrumb\",\"itemListElement\":[{\"@type\":\"ListItem\",\"position\":1,\"name\":\"Startseite\",\"item\":\"https:\/\/shop.verlag.uni-potsdam.de\/en\/\"},{\"@type\":\"ListItem\",\"position\":2,\"name\":\"Shop\",\"item\":\"https:\/\/shop.verlag.uni-potsdam.de\/en\/shop\/\"},{\"@type\":\"ListItem\",\"position\":3,\"name\":\"Verwaltungsmodernisierung\"}]},{\"@type\":\"WebSite\",\"@id\":\"https:\/\/shop.verlag.uni-potsdam.de\/en\/#website\",\"url\":\"https:\/\/shop.verlag.uni-potsdam.de\/en\/\",\"name\":\"Universit\u00e4tsverlag Potsdam\",\"description\":\"\",\"publisher\":{\"@id\":\"https:\/\/shop.verlag.uni-potsdam.de\/en\/#organization\"},\"potentialAction\":[{\"@type\":\"SearchAction\",\"target\":{\"@type\":\"EntryPoint\",\"urlTemplate\":\"https:\/\/shop.verlag.uni-potsdam.de\/en\/?s={search_term_string}\"},\"query-input\":{\"@type\":\"PropertyValueSpecification\",\"valueRequired\":true,\"valueName\":\"search_term_string\"}}],\"inLanguage\":\"en-US\"},{\"@type\":\"Organization\",\"@id\":\"https:\/\/shop.verlag.uni-potsdam.de\/en\/#organization\",\"name\":\"Universit\u00e4tsverlag Potsdam\",\"url\":\"https:\/\/shop.verlag.uni-potsdam.de\/en\/\",\"logo\":{\"@type\":\"ImageObject\",\"inLanguage\":\"en-US\",\"@id\":\"https:\/\/shop.verlag.uni-potsdam.de\/en\/#\/schema\/logo\/image\/\",\"url\":\"https:\/\/shop.verlag.uni-potsdam.de\/wp-content\/uploads\/2017\/04\/up_logo_university_2.png\",\"contentUrl\":\"https:\/\/shop.verlag.uni-potsdam.de\/wp-content\/uploads\/2017\/04\/up_logo_university_2.png\",\"width\":160,\"height\":172,\"caption\":\"Universit\u00e4tsverlag Potsdam\"},\"image\":{\"@id\":\"https:\/\/shop.verlag.uni-potsdam.de\/en\/#\/schema\/logo\/image\/\"}}]}<\/script>\n<!-- \/ Yoast SEO plugin. -->","yoast_head_json":{"title":"Verwaltungsmodernisierung - Universit\u00e4tsverlag Potsdam","robots":{"index":"index","follow":"follow","max-snippet":"max-snippet:-1","max-image-preview":"max-image-preview:large","max-video-preview":"max-video-preview:-1"},"canonical":"https:\/\/shop.verlag.uni-potsdam.de\/en\/shop\/verwaltungsmodernisierung\/","og_locale":"en_US","og_type":"article","og_title":"Verwaltungsmodernisierung - Universit\u00e4tsverlag Potsdam","og_description":"Die Modernisierung der \u00f6ffentlichen Verwaltung hat sich l\u00e4ngst zu einer Daueraufgabe entwickelt. In den Modernisierungsprozessen stehen derzeit zwei Segmente besonders im Fokus: Digitalisierung und Partizipation. Digitalisierung geht heute weit \u00fcber die urspr\u00fcnglich mit diesem Stichwort angesprochene Umwandlung analoger Daten in elektronische Datenformate hinaus. Die Programmatik der Digitalisierung zielt auf den m\u00f6glichst umfassenden Einsatz elektronischer Informations- und Kommunikationstechniken zur Unterst\u00fctzung, Beschleunigung, Rationalisierung und in Teilen auch Ersetzung von herk\u00f6mmlichen Verwaltungsabl\u00e4ufen mit der Perspektive auf eine Transformation und Durchdringung sowohl des gesamten Verwaltungshandelns als auch der gesamten Verwaltungsorganisation. Demgegen\u00fcber meint Partizipation nach g\u00e4ngigem Verst\u00e4ndnis die Beteiligung von B\u00fcrgern und anderen gesellschaftlichen Akteuren an politischen Willensbildungs- und Entscheidungsprozessen. In spezifisch administrativem Zusammenhang geht es vor allem um die Einbindung von B\u00fcrgern in Entscheidungsprozesse der Verwaltung und um die Aktivierung der Zivilgesellschaft, die Erschlie\u00dfung b\u00fcrgerschaftlichen Engagements sowie gesellschaftlicher Ressourcen f\u00fcr die Erf\u00fcllung von Verwaltungsaufgaben \u2013 und dies alles mit dem Ziel einer Verbesserung der Legitimit\u00e4t und Qualit\u00e4t \u00f6ffentlicher Verwaltung. Die beiden Modernisierungsans\u00e4tze stehen nicht unverbunden nebeneinander. Vielmehr gehen sie nicht selten ineinander \u00fcber. Beispiele daf\u00fcr sind die Bereitstellung von Optionen zu elektronischer Stellung und Bearbeitung von Antr\u00e4gen sowie von elektronischen Plattformen f\u00fcr die B\u00fcrgerpartizipation. An diesen Themenfeldern der Verwaltungsmodernisierung setzt der Tagungsband an. Er dokumentiert den Gedankenaustausch \u00fcber Digitalisierungs- und Partizipationsprozesse zwischen polnischen und deutschen Verwaltungsrechtswissenschaftlern auf einer Tagung, die im Dezember 2019 an der Universit\u00e4t Potsdam stattgefunden hat.","og_url":"https:\/\/shop.verlag.uni-potsdam.de\/en\/shop\/verwaltungsmodernisierung\/","og_site_name":"Universit\u00e4tsverlag Potsdam","article_modified_time":"2026-03-31T11:37:44+00:00","og_image":[{"width":1166,"height":1654,"url":"https:\/\/shop.verlag.uni-potsdam.de\/wp-content\/uploads\/asolmerce\/image-978-3-86956-486-9.jpg","type":"image\/jpeg"}],"twitter_card":"summary_large_image","twitter_misc":{"Est. reading time":"1 minute"},"schema":{"@context":"https:\/\/schema.org","@graph":[{"@type":"WebPage","@id":"https:\/\/shop.verlag.uni-potsdam.de\/en\/shop\/verwaltungsmodernisierung\/","url":"https:\/\/shop.verlag.uni-potsdam.de\/en\/shop\/verwaltungsmodernisierung\/","name":"Verwaltungsmodernisierung - Universit\u00e4tsverlag Potsdam","isPartOf":{"@id":"https:\/\/shop.verlag.uni-potsdam.de\/en\/#website"},"primaryImageOfPage":{"@id":"https:\/\/shop.verlag.uni-potsdam.de\/en\/shop\/verwaltungsmodernisierung\/#primaryimage"},"image":{"@id":"https:\/\/shop.verlag.uni-potsdam.de\/shop\/verwaltungsmodernisierung\/#primaryimage"},"thumbnailUrl":"https:\/\/shop.verlag.uni-potsdam.de\/wp-content\/uploads\/asolmerce\/image-978-3-86956-486-9.jpg","datePublished":"2026-03-31T09:36:44+00:00","dateModified":"2026-03-31T11:37:44+00:00","breadcrumb":{"@id":"https:\/\/shop.verlag.uni-potsdam.de\/en\/shop\/verwaltungsmodernisierung\/#breadcrumb"},"inLanguage":"en-US","potentialAction":[{"@type":"ReadAction","target":[["https:\/\/shop.verlag.uni-potsdam.de\/en\/shop\/verwaltungsmodernisierung\/"]]}]},{"@type":"ImageObject","inLanguage":"en-US","@id":"https:\/\/shop.verlag.uni-potsdam.de\/en\/shop\/verwaltungsmodernisierung\/#primaryimage","url":"https:\/\/shop.verlag.uni-potsdam.de\/wp-content\/uploads\/asolmerce\/image-978-3-86956-486-9.jpg","contentUrl":"https:\/\/shop.verlag.uni-potsdam.de\/wp-content\/uploads\/asolmerce\/image-978-3-86956-486-9.jpg","width":1166,"height":1654},{"@type":"BreadcrumbList","@id":"https:\/\/shop.verlag.uni-potsdam.de\/en\/shop\/verwaltungsmodernisierung\/#breadcrumb","itemListElement":[{"@type":"ListItem","position":1,"name":"Startseite","item":"https:\/\/shop.verlag.uni-potsdam.de\/en\/"},{"@type":"ListItem","position":2,"name":"Shop","item":"https:\/\/shop.verlag.uni-potsdam.de\/en\/shop\/"},{"@type":"ListItem","position":3,"name":"Verwaltungsmodernisierung"}]},{"@type":"WebSite","@id":"https:\/\/shop.verlag.uni-potsdam.de\/en\/#website","url":"https:\/\/shop.verlag.uni-potsdam.de\/en\/","name":"Universit\u00e4tsverlag Potsdam","description":"","publisher":{"@id":"https:\/\/shop.verlag.uni-potsdam.de\/en\/#organization"},"potentialAction":[{"@type":"SearchAction","target":{"@type":"EntryPoint","urlTemplate":"https:\/\/shop.verlag.uni-potsdam.de\/en\/?s={search_term_string}"},"query-input":{"@type":"PropertyValueSpecification","valueRequired":true,"valueName":"search_term_string"}}],"inLanguage":"en-US"},{"@type":"Organization","@id":"https:\/\/shop.verlag.uni-potsdam.de\/en\/#organization","name":"Universit\u00e4tsverlag Potsdam","url":"https:\/\/shop.verlag.uni-potsdam.de\/en\/","logo":{"@type":"ImageObject","inLanguage":"en-US","@id":"https:\/\/shop.verlag.uni-potsdam.de\/en\/#\/schema\/logo\/image\/","url":"https:\/\/shop.verlag.uni-potsdam.de\/wp-content\/uploads\/2017\/04\/up_logo_university_2.png","contentUrl":"https:\/\/shop.verlag.uni-potsdam.de\/wp-content\/uploads\/2017\/04\/up_logo_university_2.png","width":160,"height":172,"caption":"Universit\u00e4tsverlag Potsdam"},"image":{"@id":"https:\/\/shop.verlag.uni-potsdam.de\/en\/#\/schema\/logo\/image\/"}}]}},"_links":{"self":[{"href":"https:\/\/shop.verlag.uni-potsdam.de\/en\/wp-json\/wp\/v2\/product\/57392","targetHints":{"allow":["GET"]}}],"collection":[{"href":"https:\/\/shop.verlag.uni-potsdam.de\/en\/wp-json\/wp\/v2\/product"}],"about":[{"href":"https:\/\/shop.verlag.uni-potsdam.de\/en\/wp-json\/wp\/v2\/types\/product"}],"wp:featuredmedia":[{"embeddable":true,"href":"https:\/\/shop.verlag.uni-potsdam.de\/en\/wp-json\/wp\/v2\/media\/57394"}],"wp:attachment":[{"href":"https:\/\/shop.verlag.uni-potsdam.de\/en\/wp-json\/wp\/v2\/media?parent=57392"}],"wp:term":[{"taxonomy":"product_brand","embeddable":true,"href":"https:\/\/shop.verlag.uni-potsdam.de\/en\/wp-json\/wp\/v2\/product_brand?post=57392"},{"taxonomy":"product_cat","embeddable":true,"href":"https:\/\/shop.verlag.uni-potsdam.de\/en\/wp-json\/wp\/v2\/product_cat?post=57392"},{"taxonomy":"product_tag","embeddable":true,"href":"https:\/\/shop.verlag.uni-potsdam.de\/en\/wp-json\/wp\/v2\/product_tag?post=57392"}],"curies":[{"name":"wp","href":"https:\/\/api.w.org\/{rel}","templated":true}]}}