{"id":57397,"date":"2026-03-23T08:55:10","date_gmt":"2026-03-23T08:55:10","guid":{"rendered":"https:\/\/shop.verlag.uni-potsdam.de\/shop\/die-geschichte-der-menschenrechte-3\/"},"modified":"2026-03-23T11:56:10","modified_gmt":"2026-03-23T10:56:10","slug":"die-geschichte-der-menschenrechte-3","status":"publish","type":"product","link":"https:\/\/shop.verlag.uni-potsdam.de\/en\/shop\/die-geschichte-der-menschenrechte-3\/","title":{"rendered":"Die Geschichte der Menschenrechte"},"content":{"rendered":"<p class=\"qtranxs-available-languages-message qtranxs-available-languages-message-en\">Sorry, this entry is only available in <a href=\"https:\/\/shop.verlag.uni-potsdam.de\/de\/wp-json\/wp\/v2\/product\/57397\" class=\"qtranxs-available-language-link qtranxs-available-language-link-de\" title=\"Deutsch\">Deutsch<\/a>.<\/p><p>Menschenrechte lassen sich begreifen als Antworten auf exemplarische Unrechtserfahrungen, und ihr Grundanliegen ist es, die nat\u00fcrliche Freiheit des Menschen gegen\u00fcber ungerechtfertigten Beschr\u00e4nkungen durch die von Staaten und heute auch von supranationalen Organisationen ausge\u00fcbte \u00adHoheitsgewalt zu sch\u00fctzen. Sie sind somit nicht nur elementare Rechtsverb\u00fcrgungen. Sie k\u00fcnden auch von der Rolle des Individuums in der Gemeinschaft, und in ihnen spiegelt sich die Vorstellung vom Staat. Menschenrechte gelten als Errungenschaft der Neuzeit. Die geistesgeschichtlichen Wurzeln dieser mit der Natur des Menschen untrennbar verkn\u00fcpften Rechte reichen jedoch weit zur\u00fcck. Das vorliegende Werk zeichnet die historische Entwicklung der Menschenrechte von der Antike bis in die heutige Zeit nach.<\/p>","protected":false},"excerpt":{"rendered":"<p class=\"qtranxs-available-languages-message qtranxs-available-languages-message-en\">Sorry, this entry is only available in <a href=\"https:\/\/shop.verlag.uni-potsdam.de\/de\/wp-json\/wp\/v2\/product\/57397\" class=\"qtranxs-available-language-link qtranxs-available-language-link-de\" title=\"Deutsch\">Deutsch<\/a>.<\/p>\n<p>Menschenrechte lassen sich begreifen als Antworten auf exemplarische Unrechtserfahrungen, und ihr Grundanliegen ist es, die nat\u00fcrliche Freiheit des Menschen gegen\u00fcber ungerechtfertigten Beschr\u00e4nkungen durch die von Staaten und heute auch von supranationalen Organisationen ausge\u00fcbte \u00adHoheitsgewalt zu sch\u00fctzen. Sie sind somit nicht nur elementare Rechtsverb\u00fcrgungen. Sie k\u00fcnden auch von der Rolle des Individuums in der Gemeinschaft, und in ihnen spiegelt sich die Vorstellung vom Staat. Menschenrechte gelten als Errungenschaft der Neuzeit. Die geistesgeschichtlichen Wurzeln dieser mit der Natur des Menschen untrennbar verkn\u00fcpften Rechte reichen jedoch weit zur\u00fcck. Das vorliegende Werk zeichnet die historische Entwicklung der Menschenrechte von der Antike bis in die heutige Zeit nach.<\/p>\n","protected":false},"featured_media":59436,"template":"","meta":{"_acf_changed":false},"product_brand":[],"product_cat":[6225],"product_tag":[5116],"class_list":{"0":"post-57397","1":"product","2":"type-product","3":"status-publish","4":"has-post-thumbnail","6":"product_cat-recht-web-kategorie","7":"product_tag-geschichte-menschenrechte-recht","8":"autor-andreas-haratsch","10":"first","11":"instock","12":"shipping-taxable","13":"purchasable","14":"product-type-simple"},"acf":[],"yoast_head":"<!-- This site is optimized with the Yoast SEO plugin v27.1.1 - https:\/\/yoast.com\/product\/yoast-seo-wordpress\/ -->\n<title>Die Geschichte der Menschenrechte - Universit\u00e4tsverlag Potsdam<\/title>\n<meta name=\"robots\" content=\"index, follow, max-snippet:-1, max-image-preview:large, max-video-preview:-1\" \/>\n<link rel=\"canonical\" href=\"https:\/\/shop.verlag.uni-potsdam.de\/en\/shop\/die-geschichte-der-menschenrechte-3\/\" \/>\n<meta property=\"og:locale\" content=\"en_US\" \/>\n<meta property=\"og:type\" content=\"article\" \/>\n<meta property=\"og:title\" content=\"Die Geschichte der Menschenrechte - Universit\u00e4tsverlag Potsdam\" \/>\n<meta property=\"og:description\" content=\"Menschenrechte lassen sich begreifen als Antworten auf exemplarische Unrechtserfahrungen, und ihr Grundanliegen ist es, die nat\u00fcrliche Freiheit des Menschen gegen\u00fcber ungerechtfertigten Beschr\u00e4nkungen durch die von Staaten und heute auch von supranationalen Organisationen ausge\u00fcbte \u00adHoheitsgewalt zu sch\u00fctzen. Sie sind somit nicht nur elementare Rechtsverb\u00fcrgungen. Sie k\u00fcnden auch von der Rolle des Individuums in der Gemeinschaft, und in ihnen spiegelt sich die Vorstellung vom Staat. Menschenrechte gelten als Errungenschaft der Neuzeit. Die geistesgeschichtlichen Wurzeln dieser mit der Natur des Menschen untrennbar verkn\u00fcpften Rechte reichen jedoch weit zur\u00fcck. Das vorliegende Werk zeichnet die historische Entwicklung der Menschenrechte von der Antike bis in die heutige Zeit nach.\" \/>\n<meta property=\"og:url\" content=\"https:\/\/shop.verlag.uni-potsdam.de\/en\/shop\/die-geschichte-der-menschenrechte-3\/\" \/>\n<meta property=\"og:site_name\" content=\"Universit\u00e4tsverlag Potsdam\" \/>\n<meta property=\"article:modified_time\" content=\"2026-03-23T10:56:10+00:00\" \/>\n<meta property=\"og:image\" content=\"https:\/\/shop.verlag.uni-potsdam.de\/wp-content\/uploads\/asolmerce\/image-978-3-86956-499-9.jpg\" \/>\n\t<meta property=\"og:image:width\" content=\"1166\" \/>\n\t<meta property=\"og:image:height\" content=\"1654\" \/>\n\t<meta property=\"og:image:type\" content=\"image\/jpeg\" \/>\n<meta name=\"twitter:card\" content=\"summary_large_image\" \/>\n<meta name=\"twitter:label1\" content=\"Est. reading time\" \/>\n\t<meta name=\"twitter:data1\" content=\"1 minute\" \/>\n<script type=\"application\/ld+json\" class=\"yoast-schema-graph\">{\"@context\":\"https:\/\/schema.org\",\"@graph\":[{\"@type\":\"WebPage\",\"@id\":\"https:\/\/shop.verlag.uni-potsdam.de\/en\/shop\/die-geschichte-der-menschenrechte-3\/\",\"url\":\"https:\/\/shop.verlag.uni-potsdam.de\/en\/shop\/die-geschichte-der-menschenrechte-3\/\",\"name\":\"Die Geschichte der Menschenrechte - Universit\u00e4tsverlag Potsdam\",\"isPartOf\":{\"@id\":\"https:\/\/shop.verlag.uni-potsdam.de\/en\/#website\"},\"primaryImageOfPage\":{\"@id\":\"https:\/\/shop.verlag.uni-potsdam.de\/en\/shop\/die-geschichte-der-menschenrechte-3\/#primaryimage\"},\"image\":{\"@id\":\"https:\/\/shop.verlag.uni-potsdam.de\/shop\/die-geschichte-der-menschenrechte-3\/#primaryimage\"},\"thumbnailUrl\":\"https:\/\/shop.verlag.uni-potsdam.de\/wp-content\/uploads\/asolmerce\/image-978-3-86956-499-9.jpg\",\"datePublished\":\"2026-03-23T08:55:10+00:00\",\"dateModified\":\"2026-03-23T10:56:10+00:00\",\"breadcrumb\":{\"@id\":\"https:\/\/shop.verlag.uni-potsdam.de\/en\/shop\/die-geschichte-der-menschenrechte-3\/#breadcrumb\"},\"inLanguage\":\"en-US\",\"potentialAction\":[{\"@type\":\"ReadAction\",\"target\":[[\"https:\/\/shop.verlag.uni-potsdam.de\/en\/shop\/die-geschichte-der-menschenrechte-3\/\"]]}]},{\"@type\":\"ImageObject\",\"inLanguage\":\"en-US\",\"@id\":\"https:\/\/shop.verlag.uni-potsdam.de\/en\/shop\/die-geschichte-der-menschenrechte-3\/#primaryimage\",\"url\":\"https:\/\/shop.verlag.uni-potsdam.de\/wp-content\/uploads\/asolmerce\/image-978-3-86956-499-9.jpg\",\"contentUrl\":\"https:\/\/shop.verlag.uni-potsdam.de\/wp-content\/uploads\/asolmerce\/image-978-3-86956-499-9.jpg\",\"width\":1166,\"height\":1654},{\"@type\":\"BreadcrumbList\",\"@id\":\"https:\/\/shop.verlag.uni-potsdam.de\/en\/shop\/die-geschichte-der-menschenrechte-3\/#breadcrumb\",\"itemListElement\":[{\"@type\":\"ListItem\",\"position\":1,\"name\":\"Startseite\",\"item\":\"https:\/\/shop.verlag.uni-potsdam.de\/en\/\"},{\"@type\":\"ListItem\",\"position\":2,\"name\":\"Shop\",\"item\":\"https:\/\/shop.verlag.uni-potsdam.de\/en\/shop\/\"},{\"@type\":\"ListItem\",\"position\":3,\"name\":\"Die Geschichte der Menschenrechte\"}]},{\"@type\":\"WebSite\",\"@id\":\"https:\/\/shop.verlag.uni-potsdam.de\/en\/#website\",\"url\":\"https:\/\/shop.verlag.uni-potsdam.de\/en\/\",\"name\":\"Universit\u00e4tsverlag Potsdam\",\"description\":\"\",\"publisher\":{\"@id\":\"https:\/\/shop.verlag.uni-potsdam.de\/en\/#organization\"},\"potentialAction\":[{\"@type\":\"SearchAction\",\"target\":{\"@type\":\"EntryPoint\",\"urlTemplate\":\"https:\/\/shop.verlag.uni-potsdam.de\/en\/?s={search_term_string}\"},\"query-input\":{\"@type\":\"PropertyValueSpecification\",\"valueRequired\":true,\"valueName\":\"search_term_string\"}}],\"inLanguage\":\"en-US\"},{\"@type\":\"Organization\",\"@id\":\"https:\/\/shop.verlag.uni-potsdam.de\/en\/#organization\",\"name\":\"Universit\u00e4tsverlag Potsdam\",\"url\":\"https:\/\/shop.verlag.uni-potsdam.de\/en\/\",\"logo\":{\"@type\":\"ImageObject\",\"inLanguage\":\"en-US\",\"@id\":\"https:\/\/shop.verlag.uni-potsdam.de\/en\/#\/schema\/logo\/image\/\",\"url\":\"https:\/\/shop.verlag.uni-potsdam.de\/wp-content\/uploads\/2017\/04\/up_logo_university_2.png\",\"contentUrl\":\"https:\/\/shop.verlag.uni-potsdam.de\/wp-content\/uploads\/2017\/04\/up_logo_university_2.png\",\"width\":160,\"height\":172,\"caption\":\"Universit\u00e4tsverlag Potsdam\"},\"image\":{\"@id\":\"https:\/\/shop.verlag.uni-potsdam.de\/en\/#\/schema\/logo\/image\/\"}}]}<\/script>\n<!-- \/ Yoast SEO plugin. -->","yoast_head_json":{"title":"Die Geschichte der Menschenrechte - Universit\u00e4tsverlag Potsdam","robots":{"index":"index","follow":"follow","max-snippet":"max-snippet:-1","max-image-preview":"max-image-preview:large","max-video-preview":"max-video-preview:-1"},"canonical":"https:\/\/shop.verlag.uni-potsdam.de\/en\/shop\/die-geschichte-der-menschenrechte-3\/","og_locale":"en_US","og_type":"article","og_title":"Die Geschichte der Menschenrechte - Universit\u00e4tsverlag Potsdam","og_description":"Menschenrechte lassen sich begreifen als Antworten auf exemplarische Unrechtserfahrungen, und ihr Grundanliegen ist es, die nat\u00fcrliche Freiheit des Menschen gegen\u00fcber ungerechtfertigten Beschr\u00e4nkungen durch die von Staaten und heute auch von supranationalen Organisationen ausge\u00fcbte \u00adHoheitsgewalt zu sch\u00fctzen. Sie sind somit nicht nur elementare Rechtsverb\u00fcrgungen. Sie k\u00fcnden auch von der Rolle des Individuums in der Gemeinschaft, und in ihnen spiegelt sich die Vorstellung vom Staat. Menschenrechte gelten als Errungenschaft der Neuzeit. Die geistesgeschichtlichen Wurzeln dieser mit der Natur des Menschen untrennbar verkn\u00fcpften Rechte reichen jedoch weit zur\u00fcck. Das vorliegende Werk zeichnet die historische Entwicklung der Menschenrechte von der Antike bis in die heutige Zeit nach.","og_url":"https:\/\/shop.verlag.uni-potsdam.de\/en\/shop\/die-geschichte-der-menschenrechte-3\/","og_site_name":"Universit\u00e4tsverlag Potsdam","article_modified_time":"2026-03-23T10:56:10+00:00","og_image":[{"width":1166,"height":1654,"url":"https:\/\/shop.verlag.uni-potsdam.de\/wp-content\/uploads\/asolmerce\/image-978-3-86956-499-9.jpg","type":"image\/jpeg"}],"twitter_card":"summary_large_image","twitter_misc":{"Est. reading time":"1 minute"},"schema":{"@context":"https:\/\/schema.org","@graph":[{"@type":"WebPage","@id":"https:\/\/shop.verlag.uni-potsdam.de\/en\/shop\/die-geschichte-der-menschenrechte-3\/","url":"https:\/\/shop.verlag.uni-potsdam.de\/en\/shop\/die-geschichte-der-menschenrechte-3\/","name":"Die Geschichte der Menschenrechte - Universit\u00e4tsverlag Potsdam","isPartOf":{"@id":"https:\/\/shop.verlag.uni-potsdam.de\/en\/#website"},"primaryImageOfPage":{"@id":"https:\/\/shop.verlag.uni-potsdam.de\/en\/shop\/die-geschichte-der-menschenrechte-3\/#primaryimage"},"image":{"@id":"https:\/\/shop.verlag.uni-potsdam.de\/shop\/die-geschichte-der-menschenrechte-3\/#primaryimage"},"thumbnailUrl":"https:\/\/shop.verlag.uni-potsdam.de\/wp-content\/uploads\/asolmerce\/image-978-3-86956-499-9.jpg","datePublished":"2026-03-23T08:55:10+00:00","dateModified":"2026-03-23T10:56:10+00:00","breadcrumb":{"@id":"https:\/\/shop.verlag.uni-potsdam.de\/en\/shop\/die-geschichte-der-menschenrechte-3\/#breadcrumb"},"inLanguage":"en-US","potentialAction":[{"@type":"ReadAction","target":[["https:\/\/shop.verlag.uni-potsdam.de\/en\/shop\/die-geschichte-der-menschenrechte-3\/"]]}]},{"@type":"ImageObject","inLanguage":"en-US","@id":"https:\/\/shop.verlag.uni-potsdam.de\/en\/shop\/die-geschichte-der-menschenrechte-3\/#primaryimage","url":"https:\/\/shop.verlag.uni-potsdam.de\/wp-content\/uploads\/asolmerce\/image-978-3-86956-499-9.jpg","contentUrl":"https:\/\/shop.verlag.uni-potsdam.de\/wp-content\/uploads\/asolmerce\/image-978-3-86956-499-9.jpg","width":1166,"height":1654},{"@type":"BreadcrumbList","@id":"https:\/\/shop.verlag.uni-potsdam.de\/en\/shop\/die-geschichte-der-menschenrechte-3\/#breadcrumb","itemListElement":[{"@type":"ListItem","position":1,"name":"Startseite","item":"https:\/\/shop.verlag.uni-potsdam.de\/en\/"},{"@type":"ListItem","position":2,"name":"Shop","item":"https:\/\/shop.verlag.uni-potsdam.de\/en\/shop\/"},{"@type":"ListItem","position":3,"name":"Die Geschichte der Menschenrechte"}]},{"@type":"WebSite","@id":"https:\/\/shop.verlag.uni-potsdam.de\/en\/#website","url":"https:\/\/shop.verlag.uni-potsdam.de\/en\/","name":"Universit\u00e4tsverlag Potsdam","description":"","publisher":{"@id":"https:\/\/shop.verlag.uni-potsdam.de\/en\/#organization"},"potentialAction":[{"@type":"SearchAction","target":{"@type":"EntryPoint","urlTemplate":"https:\/\/shop.verlag.uni-potsdam.de\/en\/?s={search_term_string}"},"query-input":{"@type":"PropertyValueSpecification","valueRequired":true,"valueName":"search_term_string"}}],"inLanguage":"en-US"},{"@type":"Organization","@id":"https:\/\/shop.verlag.uni-potsdam.de\/en\/#organization","name":"Universit\u00e4tsverlag Potsdam","url":"https:\/\/shop.verlag.uni-potsdam.de\/en\/","logo":{"@type":"ImageObject","inLanguage":"en-US","@id":"https:\/\/shop.verlag.uni-potsdam.de\/en\/#\/schema\/logo\/image\/","url":"https:\/\/shop.verlag.uni-potsdam.de\/wp-content\/uploads\/2017\/04\/up_logo_university_2.png","contentUrl":"https:\/\/shop.verlag.uni-potsdam.de\/wp-content\/uploads\/2017\/04\/up_logo_university_2.png","width":160,"height":172,"caption":"Universit\u00e4tsverlag Potsdam"},"image":{"@id":"https:\/\/shop.verlag.uni-potsdam.de\/en\/#\/schema\/logo\/image\/"}}]}},"_links":{"self":[{"href":"https:\/\/shop.verlag.uni-potsdam.de\/en\/wp-json\/wp\/v2\/product\/57397","targetHints":{"allow":["GET"]}}],"collection":[{"href":"https:\/\/shop.verlag.uni-potsdam.de\/en\/wp-json\/wp\/v2\/product"}],"about":[{"href":"https:\/\/shop.verlag.uni-potsdam.de\/en\/wp-json\/wp\/v2\/types\/product"}],"wp:featuredmedia":[{"embeddable":true,"href":"https:\/\/shop.verlag.uni-potsdam.de\/en\/wp-json\/wp\/v2\/media\/59436"}],"wp:attachment":[{"href":"https:\/\/shop.verlag.uni-potsdam.de\/en\/wp-json\/wp\/v2\/media?parent=57397"}],"wp:term":[{"taxonomy":"product_brand","embeddable":true,"href":"https:\/\/shop.verlag.uni-potsdam.de\/en\/wp-json\/wp\/v2\/product_brand?post=57397"},{"taxonomy":"product_cat","embeddable":true,"href":"https:\/\/shop.verlag.uni-potsdam.de\/en\/wp-json\/wp\/v2\/product_cat?post=57397"},{"taxonomy":"product_tag","embeddable":true,"href":"https:\/\/shop.verlag.uni-potsdam.de\/en\/wp-json\/wp\/v2\/product_tag?post=57397"}],"curies":[{"name":"wp","href":"https:\/\/api.w.org\/{rel}","templated":true}]}}