{"id":57406,"date":"2026-03-23T08:55:09","date_gmt":"2026-03-23T08:55:09","guid":{"rendered":"https:\/\/shop.verlag.uni-potsdam.de\/shop\/wir-alle-treffen-entscheidungen-im-leben-aber-letztendlich-treffen-unsere-entscheidungen-uns\/"},"modified":"2026-03-23T11:56:09","modified_gmt":"2026-03-23T10:56:09","slug":"wir-alle-treffen-entscheidungen-im-leben-aber-letztendlich-treffen-unsere-entscheidungen-uns","status":"publish","type":"product","link":"https:\/\/shop.verlag.uni-potsdam.de\/en\/shop\/wir-alle-treffen-entscheidungen-im-leben-aber-letztendlich-treffen-unsere-entscheidungen-uns\/","title":{"rendered":"&#8221;Wir alle treffen Entscheidungen im Leben, aber letztendlich treffen unsere Entscheidungen uns&#8221;"},"content":{"rendered":"<p class=\"qtranxs-available-languages-message qtranxs-available-languages-message-en\">Sorry, this entry is only available in <a href=\"https:\/\/shop.verlag.uni-potsdam.de\/de\/wp-json\/wp\/v2\/product\/57406\" class=\"qtranxs-available-language-link qtranxs-available-language-link-de\" title=\"Deutsch\">Deutsch<\/a>.<\/p><p>\u201eWir alle treffen Entscheidungen im Leben, aber letztendlich treffen unsere Entscheidungen uns.\u201c<\/p>\n<p>So erging es den Herausgebern, nachdem sie sich dazu entschlossen hatten, Lehrveranstaltungen an der Universit\u00e4t Potsdam anzubieten, die sich mit dem Medium \u201eComputerspiel\u201c besch\u00e4ftigen sollten \u2013 und damit auf \u00fcberraschend gro\u00dfe Resonanz stie\u00dfen. Das Resultat ist vorliegendes Handbuch. Es m\u00f6chte Eltern, LehrerInnen und MultiplikatorInnen exemplarische Einblicke in die vielschichtigen Welten dieses Ph\u00e4nomens vermitteln. Bei den AutorInnen der Beitr\u00e4ge handelt es sich um EnthusiastInnen aus der Computerspielbranche sowie um videospielbegeisterte SozialarbeiterInnen, KulturwissenschaftlerInnen und LehrerInnen.<\/p>","protected":false},"excerpt":{"rendered":"<p class=\"qtranxs-available-languages-message qtranxs-available-languages-message-en\">Sorry, this entry is only available in <a href=\"https:\/\/shop.verlag.uni-potsdam.de\/de\/wp-json\/wp\/v2\/product\/57406\" class=\"qtranxs-available-language-link qtranxs-available-language-link-de\" title=\"Deutsch\">Deutsch<\/a>.<\/p>\n<p>\u201eWir alle treffen Entscheidungen im Leben, aber letztendlich treffen unsere Entscheidungen uns.\u201c<\/p>\n<p>So erging es den Herausgebern, nachdem sie sich dazu entschlossen hatten, Lehrveranstaltungen an der Universit\u00e4t Potsdam anzubieten, die sich mit dem Medium \u201eComputerspiel\u201c besch\u00e4ftigen sollten \u2013 und damit auf \u00fcberraschend gro\u00dfe Resonanz stie\u00dfen. Das Resultat ist vorliegendes Handbuch. Es m\u00f6chte Eltern, LehrerInnen und MultiplikatorInnen exemplarische Einblicke in die vielschichtigen Welten dieses Ph\u00e4nomens vermitteln. Bei den AutorInnen der Beitr\u00e4ge handelt es sich um EnthusiastInnen aus der Computerspielbranche sowie um videospielbegeisterte SozialarbeiterInnen, KulturwissenschaftlerInnen und LehrerInnen.<\/p>\n","protected":false},"featured_media":57407,"template":"","meta":{"_acf_changed":false},"product_brand":[],"product_cat":[6166,6217,6220],"product_tag":[5136],"class_list":{"0":"post-57406","1":"product","2":"type-product","3":"status-publish","4":"has-post-thumbnail","6":"product_cat-sozialwissenschaften-web-kategorie","7":"product_cat-medien-kommunikation-web-kategorie","8":"product_cat-paedagogik-web-kategorie","9":"product_tag-computerspiel-didaktik-erwachsenenbildung-game-based-learning-gamification-homo-ludens-schulunterricht-spielwelt-spielend-lernen-virtuelle-welt","10":"autor-daniel-wendorf","11":"autor-greta-caecilie-bach-sliwinski","12":"autor-heiko-gander","13":"autor-helmuth-emanuel-neumann","14":"autor-jakob-gustavs","15":"autor-jan-niklas-meier","16":"autor-jessica-rehse","17":"autor-mascha-tobe","18":"autor-matthias-gottschalk","19":"autor-moritz-lehr","20":"autor-nathanael-riemer","21":"autor-saskia-meijer","22":"autor-sebastian-ernst","23":"autor-steve-buttig","24":"autor-thomas-west","26":"first","27":"instock","28":"shipping-taxable","29":"purchasable","30":"product-type-simple"},"acf":[],"yoast_head":"<!-- This site is optimized with the Yoast SEO plugin v27.1.1 - https:\/\/yoast.com\/product\/yoast-seo-wordpress\/ -->\n<title>&quot;Wir alle treffen Entscheidungen im Leben, aber letztendlich treffen unsere Entscheidungen uns&quot; - Universit\u00e4tsverlag Potsdam<\/title>\n<meta name=\"robots\" content=\"index, follow, max-snippet:-1, max-image-preview:large, max-video-preview:-1\" \/>\n<link rel=\"canonical\" href=\"https:\/\/shop.verlag.uni-potsdam.de\/en\/shop\/wir-alle-treffen-entscheidungen-im-leben-aber-letztendlich-treffen-unsere-entscheidungen-uns\/\" \/>\n<meta property=\"og:locale\" content=\"en_US\" \/>\n<meta property=\"og:type\" content=\"article\" \/>\n<meta property=\"og:title\" content=\"&quot;Wir alle treffen Entscheidungen im Leben, aber letztendlich treffen unsere Entscheidungen uns&quot; - Universit\u00e4tsverlag Potsdam\" \/>\n<meta property=\"og:description\" content=\"\u201eWir alle treffen Entscheidungen im Leben, aber letztendlich treffen unsere Entscheidungen uns.\u201cSo erging es den Herausgebern, nachdem sie sich dazu entschlossen hatten, Lehrveranstaltungen an der Universit\u00e4t Potsdam anzubieten, die sich mit dem Medium \u201eComputerspiel\u201c besch\u00e4ftigen sollten \u2013 und damit auf \u00fcberraschend gro\u00dfe Resonanz stie\u00dfen. Das Resultat ist vorliegendes Handbuch. Es m\u00f6chte Eltern, LehrerInnen und MultiplikatorInnen exemplarische Einblicke in die vielschichtigen Welten dieses Ph\u00e4nomens vermitteln. Bei den AutorInnen der Beitr\u00e4ge handelt es sich um EnthusiastInnen aus der Computerspielbranche sowie um videospielbegeisterte SozialarbeiterInnen, KulturwissenschaftlerInnen und LehrerInnen.\" \/>\n<meta property=\"og:url\" content=\"https:\/\/shop.verlag.uni-potsdam.de\/en\/shop\/wir-alle-treffen-entscheidungen-im-leben-aber-letztendlich-treffen-unsere-entscheidungen-uns\/\" \/>\n<meta property=\"og:site_name\" content=\"Universit\u00e4tsverlag Potsdam\" \/>\n<meta property=\"article:modified_time\" content=\"2026-03-23T10:56:09+00:00\" \/>\n<meta property=\"og:image\" content=\"https:\/\/shop.verlag.uni-potsdam.de\/wp-content\/uploads\/asolmerce\/image-978-3-86956-489-0.jpg\" \/>\n\t<meta property=\"og:image:width\" content=\"1466\" \/>\n\t<meta property=\"og:image:height\" content=\"2070\" \/>\n\t<meta property=\"og:image:type\" content=\"image\/jpeg\" \/>\n<meta name=\"twitter:card\" content=\"summary_large_image\" \/>\n<script type=\"application\/ld+json\" class=\"yoast-schema-graph\">{\"@context\":\"https:\/\/schema.org\",\"@graph\":[{\"@type\":\"WebPage\",\"@id\":\"https:\/\/shop.verlag.uni-potsdam.de\/en\/shop\/wir-alle-treffen-entscheidungen-im-leben-aber-letztendlich-treffen-unsere-entscheidungen-uns\/\",\"url\":\"https:\/\/shop.verlag.uni-potsdam.de\/en\/shop\/wir-alle-treffen-entscheidungen-im-leben-aber-letztendlich-treffen-unsere-entscheidungen-uns\/\",\"name\":\"\\\"Wir alle treffen Entscheidungen im Leben, aber letztendlich treffen unsere Entscheidungen uns\\\" - Universit\u00e4tsverlag Potsdam\",\"isPartOf\":{\"@id\":\"https:\/\/shop.verlag.uni-potsdam.de\/en\/#website\"},\"primaryImageOfPage\":{\"@id\":\"https:\/\/shop.verlag.uni-potsdam.de\/en\/shop\/wir-alle-treffen-entscheidungen-im-leben-aber-letztendlich-treffen-unsere-entscheidungen-uns\/#primaryimage\"},\"image\":{\"@id\":\"https:\/\/shop.verlag.uni-potsdam.de\/shop\/wir-alle-treffen-entscheidungen-im-leben-aber-letztendlich-treffen-unsere-entscheidungen-uns\/#primaryimage\"},\"thumbnailUrl\":\"https:\/\/shop.verlag.uni-potsdam.de\/wp-content\/uploads\/asolmerce\/image-978-3-86956-489-0.jpg\",\"datePublished\":\"2026-03-23T08:55:09+00:00\",\"dateModified\":\"2026-03-23T10:56:09+00:00\",\"breadcrumb\":{\"@id\":\"https:\/\/shop.verlag.uni-potsdam.de\/en\/shop\/wir-alle-treffen-entscheidungen-im-leben-aber-letztendlich-treffen-unsere-entscheidungen-uns\/#breadcrumb\"},\"inLanguage\":\"en-US\",\"potentialAction\":[{\"@type\":\"ReadAction\",\"target\":[[\"https:\/\/shop.verlag.uni-potsdam.de\/en\/shop\/wir-alle-treffen-entscheidungen-im-leben-aber-letztendlich-treffen-unsere-entscheidungen-uns\/\"]]}]},{\"@type\":\"ImageObject\",\"inLanguage\":\"en-US\",\"@id\":\"https:\/\/shop.verlag.uni-potsdam.de\/en\/shop\/wir-alle-treffen-entscheidungen-im-leben-aber-letztendlich-treffen-unsere-entscheidungen-uns\/#primaryimage\",\"url\":\"https:\/\/shop.verlag.uni-potsdam.de\/wp-content\/uploads\/asolmerce\/image-978-3-86956-489-0.jpg\",\"contentUrl\":\"https:\/\/shop.verlag.uni-potsdam.de\/wp-content\/uploads\/asolmerce\/image-978-3-86956-489-0.jpg\",\"width\":1466,\"height\":2070},{\"@type\":\"BreadcrumbList\",\"@id\":\"https:\/\/shop.verlag.uni-potsdam.de\/en\/shop\/wir-alle-treffen-entscheidungen-im-leben-aber-letztendlich-treffen-unsere-entscheidungen-uns\/#breadcrumb\",\"itemListElement\":[{\"@type\":\"ListItem\",\"position\":1,\"name\":\"Startseite\",\"item\":\"https:\/\/shop.verlag.uni-potsdam.de\/en\/\"},{\"@type\":\"ListItem\",\"position\":2,\"name\":\"Shop\",\"item\":\"https:\/\/shop.verlag.uni-potsdam.de\/en\/shop\/\"},{\"@type\":\"ListItem\",\"position\":3,\"name\":\"&#8220;Wir alle treffen Entscheidungen im Leben, aber letztendlich treffen unsere Entscheidungen uns&#8220;\"}]},{\"@type\":\"WebSite\",\"@id\":\"https:\/\/shop.verlag.uni-potsdam.de\/en\/#website\",\"url\":\"https:\/\/shop.verlag.uni-potsdam.de\/en\/\",\"name\":\"Universit\u00e4tsverlag Potsdam\",\"description\":\"\",\"publisher\":{\"@id\":\"https:\/\/shop.verlag.uni-potsdam.de\/en\/#organization\"},\"potentialAction\":[{\"@type\":\"SearchAction\",\"target\":{\"@type\":\"EntryPoint\",\"urlTemplate\":\"https:\/\/shop.verlag.uni-potsdam.de\/en\/?s={search_term_string}\"},\"query-input\":{\"@type\":\"PropertyValueSpecification\",\"valueRequired\":true,\"valueName\":\"search_term_string\"}}],\"inLanguage\":\"en-US\"},{\"@type\":\"Organization\",\"@id\":\"https:\/\/shop.verlag.uni-potsdam.de\/en\/#organization\",\"name\":\"Universit\u00e4tsverlag Potsdam\",\"url\":\"https:\/\/shop.verlag.uni-potsdam.de\/en\/\",\"logo\":{\"@type\":\"ImageObject\",\"inLanguage\":\"en-US\",\"@id\":\"https:\/\/shop.verlag.uni-potsdam.de\/en\/#\/schema\/logo\/image\/\",\"url\":\"https:\/\/shop.verlag.uni-potsdam.de\/wp-content\/uploads\/2017\/04\/up_logo_university_2.png\",\"contentUrl\":\"https:\/\/shop.verlag.uni-potsdam.de\/wp-content\/uploads\/2017\/04\/up_logo_university_2.png\",\"width\":160,\"height\":172,\"caption\":\"Universit\u00e4tsverlag Potsdam\"},\"image\":{\"@id\":\"https:\/\/shop.verlag.uni-potsdam.de\/en\/#\/schema\/logo\/image\/\"}}]}<\/script>\n<!-- \/ Yoast SEO plugin. -->","yoast_head_json":{"title":"\"Wir alle treffen Entscheidungen im Leben, aber letztendlich treffen unsere Entscheidungen uns\" - Universit\u00e4tsverlag Potsdam","robots":{"index":"index","follow":"follow","max-snippet":"max-snippet:-1","max-image-preview":"max-image-preview:large","max-video-preview":"max-video-preview:-1"},"canonical":"https:\/\/shop.verlag.uni-potsdam.de\/en\/shop\/wir-alle-treffen-entscheidungen-im-leben-aber-letztendlich-treffen-unsere-entscheidungen-uns\/","og_locale":"en_US","og_type":"article","og_title":"\"Wir alle treffen Entscheidungen im Leben, aber letztendlich treffen unsere Entscheidungen uns\" - Universit\u00e4tsverlag Potsdam","og_description":"\u201eWir alle treffen Entscheidungen im Leben, aber letztendlich treffen unsere Entscheidungen uns.\u201cSo erging es den Herausgebern, nachdem sie sich dazu entschlossen hatten, Lehrveranstaltungen an der Universit\u00e4t Potsdam anzubieten, die sich mit dem Medium \u201eComputerspiel\u201c besch\u00e4ftigen sollten \u2013 und damit auf \u00fcberraschend gro\u00dfe Resonanz stie\u00dfen. Das Resultat ist vorliegendes Handbuch. Es m\u00f6chte Eltern, LehrerInnen und MultiplikatorInnen exemplarische Einblicke in die vielschichtigen Welten dieses Ph\u00e4nomens vermitteln. Bei den AutorInnen der Beitr\u00e4ge handelt es sich um EnthusiastInnen aus der Computerspielbranche sowie um videospielbegeisterte SozialarbeiterInnen, KulturwissenschaftlerInnen und LehrerInnen.","og_url":"https:\/\/shop.verlag.uni-potsdam.de\/en\/shop\/wir-alle-treffen-entscheidungen-im-leben-aber-letztendlich-treffen-unsere-entscheidungen-uns\/","og_site_name":"Universit\u00e4tsverlag Potsdam","article_modified_time":"2026-03-23T10:56:09+00:00","og_image":[{"width":1466,"height":2070,"url":"https:\/\/shop.verlag.uni-potsdam.de\/wp-content\/uploads\/asolmerce\/image-978-3-86956-489-0.jpg","type":"image\/jpeg"}],"twitter_card":"summary_large_image","schema":{"@context":"https:\/\/schema.org","@graph":[{"@type":"WebPage","@id":"https:\/\/shop.verlag.uni-potsdam.de\/en\/shop\/wir-alle-treffen-entscheidungen-im-leben-aber-letztendlich-treffen-unsere-entscheidungen-uns\/","url":"https:\/\/shop.verlag.uni-potsdam.de\/en\/shop\/wir-alle-treffen-entscheidungen-im-leben-aber-letztendlich-treffen-unsere-entscheidungen-uns\/","name":"\"Wir alle treffen Entscheidungen im Leben, aber letztendlich treffen unsere Entscheidungen uns\" - Universit\u00e4tsverlag Potsdam","isPartOf":{"@id":"https:\/\/shop.verlag.uni-potsdam.de\/en\/#website"},"primaryImageOfPage":{"@id":"https:\/\/shop.verlag.uni-potsdam.de\/en\/shop\/wir-alle-treffen-entscheidungen-im-leben-aber-letztendlich-treffen-unsere-entscheidungen-uns\/#primaryimage"},"image":{"@id":"https:\/\/shop.verlag.uni-potsdam.de\/shop\/wir-alle-treffen-entscheidungen-im-leben-aber-letztendlich-treffen-unsere-entscheidungen-uns\/#primaryimage"},"thumbnailUrl":"https:\/\/shop.verlag.uni-potsdam.de\/wp-content\/uploads\/asolmerce\/image-978-3-86956-489-0.jpg","datePublished":"2026-03-23T08:55:09+00:00","dateModified":"2026-03-23T10:56:09+00:00","breadcrumb":{"@id":"https:\/\/shop.verlag.uni-potsdam.de\/en\/shop\/wir-alle-treffen-entscheidungen-im-leben-aber-letztendlich-treffen-unsere-entscheidungen-uns\/#breadcrumb"},"inLanguage":"en-US","potentialAction":[{"@type":"ReadAction","target":[["https:\/\/shop.verlag.uni-potsdam.de\/en\/shop\/wir-alle-treffen-entscheidungen-im-leben-aber-letztendlich-treffen-unsere-entscheidungen-uns\/"]]}]},{"@type":"ImageObject","inLanguage":"en-US","@id":"https:\/\/shop.verlag.uni-potsdam.de\/en\/shop\/wir-alle-treffen-entscheidungen-im-leben-aber-letztendlich-treffen-unsere-entscheidungen-uns\/#primaryimage","url":"https:\/\/shop.verlag.uni-potsdam.de\/wp-content\/uploads\/asolmerce\/image-978-3-86956-489-0.jpg","contentUrl":"https:\/\/shop.verlag.uni-potsdam.de\/wp-content\/uploads\/asolmerce\/image-978-3-86956-489-0.jpg","width":1466,"height":2070},{"@type":"BreadcrumbList","@id":"https:\/\/shop.verlag.uni-potsdam.de\/en\/shop\/wir-alle-treffen-entscheidungen-im-leben-aber-letztendlich-treffen-unsere-entscheidungen-uns\/#breadcrumb","itemListElement":[{"@type":"ListItem","position":1,"name":"Startseite","item":"https:\/\/shop.verlag.uni-potsdam.de\/en\/"},{"@type":"ListItem","position":2,"name":"Shop","item":"https:\/\/shop.verlag.uni-potsdam.de\/en\/shop\/"},{"@type":"ListItem","position":3,"name":"&#8220;Wir alle treffen Entscheidungen im Leben, aber letztendlich treffen unsere Entscheidungen uns&#8220;"}]},{"@type":"WebSite","@id":"https:\/\/shop.verlag.uni-potsdam.de\/en\/#website","url":"https:\/\/shop.verlag.uni-potsdam.de\/en\/","name":"Universit\u00e4tsverlag Potsdam","description":"","publisher":{"@id":"https:\/\/shop.verlag.uni-potsdam.de\/en\/#organization"},"potentialAction":[{"@type":"SearchAction","target":{"@type":"EntryPoint","urlTemplate":"https:\/\/shop.verlag.uni-potsdam.de\/en\/?s={search_term_string}"},"query-input":{"@type":"PropertyValueSpecification","valueRequired":true,"valueName":"search_term_string"}}],"inLanguage":"en-US"},{"@type":"Organization","@id":"https:\/\/shop.verlag.uni-potsdam.de\/en\/#organization","name":"Universit\u00e4tsverlag Potsdam","url":"https:\/\/shop.verlag.uni-potsdam.de\/en\/","logo":{"@type":"ImageObject","inLanguage":"en-US","@id":"https:\/\/shop.verlag.uni-potsdam.de\/en\/#\/schema\/logo\/image\/","url":"https:\/\/shop.verlag.uni-potsdam.de\/wp-content\/uploads\/2017\/04\/up_logo_university_2.png","contentUrl":"https:\/\/shop.verlag.uni-potsdam.de\/wp-content\/uploads\/2017\/04\/up_logo_university_2.png","width":160,"height":172,"caption":"Universit\u00e4tsverlag Potsdam"},"image":{"@id":"https:\/\/shop.verlag.uni-potsdam.de\/en\/#\/schema\/logo\/image\/"}}]}},"_links":{"self":[{"href":"https:\/\/shop.verlag.uni-potsdam.de\/en\/wp-json\/wp\/v2\/product\/57406","targetHints":{"allow":["GET"]}}],"collection":[{"href":"https:\/\/shop.verlag.uni-potsdam.de\/en\/wp-json\/wp\/v2\/product"}],"about":[{"href":"https:\/\/shop.verlag.uni-potsdam.de\/en\/wp-json\/wp\/v2\/types\/product"}],"wp:featuredmedia":[{"embeddable":true,"href":"https:\/\/shop.verlag.uni-potsdam.de\/en\/wp-json\/wp\/v2\/media\/57407"}],"wp:attachment":[{"href":"https:\/\/shop.verlag.uni-potsdam.de\/en\/wp-json\/wp\/v2\/media?parent=57406"}],"wp:term":[{"taxonomy":"product_brand","embeddable":true,"href":"https:\/\/shop.verlag.uni-potsdam.de\/en\/wp-json\/wp\/v2\/product_brand?post=57406"},{"taxonomy":"product_cat","embeddable":true,"href":"https:\/\/shop.verlag.uni-potsdam.de\/en\/wp-json\/wp\/v2\/product_cat?post=57406"},{"taxonomy":"product_tag","embeddable":true,"href":"https:\/\/shop.verlag.uni-potsdam.de\/en\/wp-json\/wp\/v2\/product_tag?post=57406"}],"curies":[{"name":"wp","href":"https:\/\/api.w.org\/{rel}","templated":true}]}}