{"id":59417,"date":"2026-03-23T08:55:10","date_gmt":"2026-03-23T08:55:10","guid":{"rendered":"https:\/\/shop.verlag.uni-potsdam.de\/shop\/alles-auf-anfang-3\/"},"modified":"2026-03-23T11:56:10","modified_gmt":"2026-03-23T10:56:10","slug":"lehre-und-lernen-entwickeln-eine-frage-der-gestaltung-von-uebergaengen","status":"publish","type":"product","link":"https:\/\/shop.verlag.uni-potsdam.de\/en\/shop\/lehre-und-lernen-entwickeln-eine-frage-der-gestaltung-von-uebergaengen\/","title":{"rendered":"Lehre und Lernen entwickeln &#8211; Eine Frage der Gestaltung von \u00dcberg\u00e4ngen"},"content":{"rendered":"<p class=\"qtranxs-available-languages-message qtranxs-available-languages-message-en\">Sorry, this entry is only available in <a href=\"https:\/\/shop.verlag.uni-potsdam.de\/de\/wp-json\/wp\/v2\/product\/59417\" class=\"qtranxs-available-language-link qtranxs-available-language-link-de\" title=\"Deutsch\">Deutsch<\/a>.<\/p><p>An der Universit\u00e4t Potsdam wurden im Rahmen des Qualit\u00e4tspakt Lehre-Projekts \u201eQualit\u00e4t etablieren in Lehre und Lernen (QueLL)\u201c Ma\u00dfnahmen f\u00fcr eine Verbesserung der Studienbedingungen und eine Weiterentwicklung der Lehre und des Lernens durchgef\u00fchrt. Die w\u00e4hrend der neunj\u00e4hrigen Projektlaufzeit thematisierten Fragestellungen, erarbeiteten L\u00f6sungsans\u00e4tze und entsprechenden Erfahrungen werden im vorliegenden Sammelband in Form von wissenschaftlichen Auseinandersetzungen und Werkstattberichten dargestellt und diskutiert.<\/p>\n<p>Die Beitr\u00e4ge spiegeln in ihrer thematischen Vielfalt unterschiedliche universit\u00e4re \u00dcbergangsphasen wider, wie in diesem Fall den \u00dcbergang in die Hochschule, \u00dcberg\u00e4nge innerhalb der Hochschule (im Kontext der Organisationsentwicklung, der Weiterbildung akademischer Statusgruppen oder der Entwicklung einer digitalen Lehr-Lernkultur) und schlie\u00dflich den \u00dcbergang in die Berufspraxis. Denn w\u00e4hrend der Projektlaufzeit hat sich gezeigt, dass die Gestaltung von Lehre und Lernen letztlich immer eine Gestaltung solcher \u00dcberg\u00e4nge ist: sowohl zwischen den innerinstitutionellen Ebenen und Bereichen als auch zwischen Akteur\/innen der Hochschule und schlie\u00dflich ebenso innerhalb des Student Life Cycle. Weiterhin wird anhand der Beitr\u00e4ge deutlich, dass die Entwicklung von Lehre und Studium nicht als isolierte Aufgabe verstanden werden kann, sondern in die Strukturen und Prozesse der Universit\u00e4t hineinwirken und Formen der Zusammenarbeit etablieren sollte, die es braucht, um Projekte nachhaltig zu gestalten.<\/p>\n<p>Ziel dieses Bandes ist es, zur Diskussion \u00fcber Gelingensbedingungen einer nachhaltigen Entwicklung von Lehre und Lernen beizutragen. Damit richtet er sich an Akteur\/innen aus der Hochschulleitung, an Lehrende und Forschende sowie Mitarbeitende des Third Space.<\/p>","protected":false},"excerpt":{"rendered":"<p class=\"qtranxs-available-languages-message qtranxs-available-languages-message-en\">Sorry, this entry is only available in <a href=\"https:\/\/shop.verlag.uni-potsdam.de\/de\/wp-json\/wp\/v2\/product\/59417\" class=\"qtranxs-available-language-link qtranxs-available-language-link-de\" title=\"Deutsch\">Deutsch<\/a>.<\/p>\n<p>An der Universit\u00e4t Potsdam wurden im Rahmen des Qualit\u00e4tspakt Lehre-Projekts \u201eQualit\u00e4t etablieren in Lehre und Lernen (QueLL)\u201c Ma\u00dfnahmen f\u00fcr eine Verbesserung der Studienbedingungen und eine Weiterentwicklung der Lehre und des Lernens durchgef\u00fchrt. Die w\u00e4hrend der neunj\u00e4hrigen Projektlaufzeit thematisierten Fragestellungen, erarbeiteten L\u00f6sungsans\u00e4tze und entsprechenden Erfahrungen werden im vorliegenden Sammelband in Form von wissenschaftlichen Auseinandersetzungen und Werkstattberichten dargestellt und diskutiert.<\/p>\n<p>Die Beitr\u00e4ge spiegeln in ihrer thematischen Vielfalt unterschiedliche universit\u00e4re \u00dcbergangsphasen wider, wie in diesem Fall den \u00dcbergang in die Hochschule, \u00dcberg\u00e4nge innerhalb der Hochschule (im Kontext der Organisationsentwicklung, der Weiterbildung akademischer Statusgruppen oder der Entwicklung einer digitalen Lehr-Lernkultur) und schlie\u00dflich den \u00dcbergang in die Berufspraxis. Denn w\u00e4hrend der Projektlaufzeit hat sich gezeigt, dass die Gestaltung von Lehre und Lernen letztlich immer eine Gestaltung solcher \u00dcberg\u00e4nge ist: sowohl zwischen den innerinstitutionellen Ebenen und Bereichen als auch zwischen Akteur\/innen der Hochschule und schlie\u00dflich ebenso innerhalb des Student Life Cycle. Weiterhin wird anhand der Beitr\u00e4ge deutlich, dass die Entwicklung von Lehre und Studium nicht als isolierte Aufgabe verstanden werden kann, sondern in die Strukturen und Prozesse der Universit\u00e4t hineinwirken und Formen der Zusammenarbeit etablieren sollte, die es braucht, um Projekte nachhaltig zu gestalten.<\/p>\n<p>Ziel dieses Bandes ist es, zur Diskussion \u00fcber Gelingensbedingungen einer nachhaltigen Entwicklung von Lehre und Lernen beizutragen. Damit richtet er sich an Akteur\/innen aus der Hochschulleitung, an Lehrende und Forschende sowie Mitarbeitende des Third Space.<\/p>\n","protected":false},"featured_media":59427,"template":"","meta":{"_acf_changed":false},"product_brand":[],"product_cat":[6220],"product_tag":[5656],"class_list":{"0":"post-59417","1":"product","2":"type-product","3":"status-publish","4":"has-post-thumbnail","6":"product_cat-paedagogik-web-kategorie","7":"product_tag-digitalisierung-hochschulentwicklung-praxisbeispiele-qualitaet-in-lehre-und-studium-student-life-cycle","8":"autor-alexander-kiy","9":"autor-andreas-degen","10":"autor-anne-klinnert","11":"autor-ariane-wittkowski","12":"autor-benjamin-klages","13":"autor-caroline-babbe","14":"autor-corinna-goedel","15":"autor-david-james-prickett","16":"autor-dominique-last","17":"autor-friederike-schulze-reichelt","18":"autor-joerg-hafer","19":"autor-judith-taegener","20":"autor-kerstin-hille","21":"autor-marie-schneider","22":"autor-martin-dreyer","23":"autor-melinda-erdmann","24":"autor-michael-konarski","25":"autor-michaela-fuhrmann","26":"autor-nelli-wagner","27":"autor-niklas-hartmann","28":"autor-sophia-rost","29":"autor-stefanie-goertz","30":"autor-sven-strickroth","31":"autor-sylvi-mauermeister","32":"autor-thi-to-uyen-nguyen","33":"autor-ulrike-lucke","34":"autor-wilfried-schubarth","35":"reihe-potsdamer-beitraege-zur-hochschulforschung","37":"first","38":"instock","39":"shipping-taxable","40":"purchasable","41":"product-type-simple"},"acf":[],"yoast_head":"<!-- This site is optimized with the Yoast SEO plugin v27.1.1 - https:\/\/yoast.com\/product\/yoast-seo-wordpress\/ -->\n<title>Lehre und Lernen entwickeln - Eine Frage der Gestaltung von \u00dcberg\u00e4ngen - Universit\u00e4tsverlag Potsdam<\/title>\n<meta name=\"robots\" content=\"index, follow, max-snippet:-1, max-image-preview:large, max-video-preview:-1\" \/>\n<link rel=\"canonical\" href=\"https:\/\/shop.verlag.uni-potsdam.de\/en\/shop\/lehre-und-lernen-entwickeln-eine-frage-der-gestaltung-von-uebergaengen\/\" \/>\n<meta property=\"og:locale\" content=\"en_US\" \/>\n<meta property=\"og:type\" content=\"article\" \/>\n<meta property=\"og:title\" content=\"Lehre und Lernen entwickeln - Eine Frage der Gestaltung von \u00dcberg\u00e4ngen - Universit\u00e4tsverlag Potsdam\" \/>\n<meta property=\"og:description\" content=\"An der Universit\u00e4t Potsdam wurden im Rahmen des Qualit\u00e4tspakt Lehre-Projekts \u201eQualit\u00e4t etablieren in Lehre und Lernen (QueLL)\u201c Ma\u00dfnahmen f\u00fcr eine Verbesserung der Studienbedingungen und eine Weiterentwicklung der Lehre und des Lernens durchgef\u00fchrt. Die w\u00e4hrend der neunj\u00e4hrigen Projektlaufzeit thematisierten Fragestellungen, erarbeiteten L\u00f6sungsans\u00e4tze und entsprechenden Erfahrungen werden im vorliegenden Sammelband in Form von wissenschaftlichen Auseinandersetzungen und Werkstattberichten dargestellt und diskutiert.Die Beitr\u00e4ge spiegeln in ihrer thematischen Vielfalt unterschiedliche universit\u00e4re \u00dcbergangsphasen wider, wie in diesem Fall den \u00dcbergang in die Hochschule, \u00dcberg\u00e4nge innerhalb der Hochschule (im Kontext der Organisationsentwicklung, der Weiterbildung akademischer Statusgruppen oder der Entwicklung einer digitalen Lehr-Lernkultur) und schlie\u00dflich den \u00dcbergang in die Berufspraxis. Denn w\u00e4hrend der Projektlaufzeit hat sich gezeigt, dass die Gestaltung von Lehre und Lernen letztlich immer eine Gestaltung solcher \u00dcberg\u00e4nge ist: sowohl zwischen den innerinstitutionellen Ebenen und Bereichen als auch zwischen Akteur\/innen der Hochschule und schlie\u00dflich ebenso innerhalb des Student Life Cycle. Weiterhin wird anhand der Beitr\u00e4ge deutlich, dass die Entwicklung von Lehre und Studium nicht als isolierte Aufgabe verstanden werden kann, sondern in die Strukturen und Prozesse der Universit\u00e4t hineinwirken und Formen der Zusammenarbeit etablieren sollte, die es braucht, um Projekte nachhaltig zu gestalten.Ziel dieses Bandes ist es, zur Diskussion \u00fcber Gelingensbedingungen einer nachhaltigen Entwicklung von Lehre und Lernen beizutragen. Damit richtet er sich an Akteur\/innen aus der Hochschulleitung, an Lehrende und Forschende sowie Mitarbeitende des Third Space.\" \/>\n<meta property=\"og:url\" content=\"https:\/\/shop.verlag.uni-potsdam.de\/en\/shop\/lehre-und-lernen-entwickeln-eine-frage-der-gestaltung-von-uebergaengen\/\" \/>\n<meta property=\"og:site_name\" content=\"Universit\u00e4tsverlag Potsdam\" \/>\n<meta property=\"article:modified_time\" content=\"2026-03-23T10:56:10+00:00\" \/>\n<meta property=\"og:image\" content=\"https:\/\/shop.verlag.uni-potsdam.de\/wp-content\/uploads\/asolmerce\/image-978-3-86956-498-2.jpg\" \/>\n\t<meta property=\"og:image:width\" content=\"1749\" \/>\n\t<meta property=\"og:image:height\" content=\"2481\" \/>\n\t<meta property=\"og:image:type\" content=\"image\/jpeg\" \/>\n<meta name=\"twitter:card\" content=\"summary_large_image\" \/>\n<meta name=\"twitter:label1\" content=\"Est. reading time\" \/>\n\t<meta name=\"twitter:data1\" content=\"1 minute\" \/>\n<script type=\"application\/ld+json\" class=\"yoast-schema-graph\">{\"@context\":\"https:\/\/schema.org\",\"@graph\":[{\"@type\":\"WebPage\",\"@id\":\"https:\/\/shop.verlag.uni-potsdam.de\/en\/shop\/lehre-und-lernen-entwickeln-eine-frage-der-gestaltung-von-uebergaengen\/\",\"url\":\"https:\/\/shop.verlag.uni-potsdam.de\/en\/shop\/lehre-und-lernen-entwickeln-eine-frage-der-gestaltung-von-uebergaengen\/\",\"name\":\"Lehre und Lernen entwickeln - Eine Frage der Gestaltung von \u00dcberg\u00e4ngen - Universit\u00e4tsverlag Potsdam\",\"isPartOf\":{\"@id\":\"https:\/\/shop.verlag.uni-potsdam.de\/en\/#website\"},\"primaryImageOfPage\":{\"@id\":\"https:\/\/shop.verlag.uni-potsdam.de\/en\/shop\/lehre-und-lernen-entwickeln-eine-frage-der-gestaltung-von-uebergaengen\/#primaryimage\"},\"image\":{\"@id\":\"https:\/\/shop.verlag.uni-potsdam.de\/shop\/lehre-und-lernen-entwickeln-eine-frage-der-gestaltung-von-uebergaengen\/#primaryimage\"},\"thumbnailUrl\":\"https:\/\/shop.verlag.uni-potsdam.de\/wp-content\/uploads\/asolmerce\/image-978-3-86956-498-2.jpg\",\"datePublished\":\"2026-03-23T08:55:10+00:00\",\"dateModified\":\"2026-03-23T10:56:10+00:00\",\"breadcrumb\":{\"@id\":\"https:\/\/shop.verlag.uni-potsdam.de\/en\/shop\/lehre-und-lernen-entwickeln-eine-frage-der-gestaltung-von-uebergaengen\/#breadcrumb\"},\"inLanguage\":\"en-US\",\"potentialAction\":[{\"@type\":\"ReadAction\",\"target\":[[\"https:\/\/shop.verlag.uni-potsdam.de\/en\/shop\/lehre-und-lernen-entwickeln-eine-frage-der-gestaltung-von-uebergaengen\/\"]]}]},{\"@type\":\"ImageObject\",\"inLanguage\":\"en-US\",\"@id\":\"https:\/\/shop.verlag.uni-potsdam.de\/en\/shop\/lehre-und-lernen-entwickeln-eine-frage-der-gestaltung-von-uebergaengen\/#primaryimage\",\"url\":\"https:\/\/shop.verlag.uni-potsdam.de\/wp-content\/uploads\/asolmerce\/image-978-3-86956-498-2.jpg\",\"contentUrl\":\"https:\/\/shop.verlag.uni-potsdam.de\/wp-content\/uploads\/asolmerce\/image-978-3-86956-498-2.jpg\",\"width\":1749,\"height\":2481},{\"@type\":\"BreadcrumbList\",\"@id\":\"https:\/\/shop.verlag.uni-potsdam.de\/en\/shop\/lehre-und-lernen-entwickeln-eine-frage-der-gestaltung-von-uebergaengen\/#breadcrumb\",\"itemListElement\":[{\"@type\":\"ListItem\",\"position\":1,\"name\":\"Startseite\",\"item\":\"https:\/\/shop.verlag.uni-potsdam.de\/en\/\"},{\"@type\":\"ListItem\",\"position\":2,\"name\":\"Shop\",\"item\":\"https:\/\/shop.verlag.uni-potsdam.de\/en\/shop\/\"},{\"@type\":\"ListItem\",\"position\":3,\"name\":\"Lehre und Lernen entwickeln &#8211; Eine Frage der Gestaltung von \u00dcberg\u00e4ngen\"}]},{\"@type\":\"WebSite\",\"@id\":\"https:\/\/shop.verlag.uni-potsdam.de\/en\/#website\",\"url\":\"https:\/\/shop.verlag.uni-potsdam.de\/en\/\",\"name\":\"Universit\u00e4tsverlag Potsdam\",\"description\":\"\",\"publisher\":{\"@id\":\"https:\/\/shop.verlag.uni-potsdam.de\/en\/#organization\"},\"potentialAction\":[{\"@type\":\"SearchAction\",\"target\":{\"@type\":\"EntryPoint\",\"urlTemplate\":\"https:\/\/shop.verlag.uni-potsdam.de\/en\/?s={search_term_string}\"},\"query-input\":{\"@type\":\"PropertyValueSpecification\",\"valueRequired\":true,\"valueName\":\"search_term_string\"}}],\"inLanguage\":\"en-US\"},{\"@type\":\"Organization\",\"@id\":\"https:\/\/shop.verlag.uni-potsdam.de\/en\/#organization\",\"name\":\"Universit\u00e4tsverlag Potsdam\",\"url\":\"https:\/\/shop.verlag.uni-potsdam.de\/en\/\",\"logo\":{\"@type\":\"ImageObject\",\"inLanguage\":\"en-US\",\"@id\":\"https:\/\/shop.verlag.uni-potsdam.de\/en\/#\/schema\/logo\/image\/\",\"url\":\"https:\/\/shop.verlag.uni-potsdam.de\/wp-content\/uploads\/2017\/04\/up_logo_university_2.png\",\"contentUrl\":\"https:\/\/shop.verlag.uni-potsdam.de\/wp-content\/uploads\/2017\/04\/up_logo_university_2.png\",\"width\":160,\"height\":172,\"caption\":\"Universit\u00e4tsverlag Potsdam\"},\"image\":{\"@id\":\"https:\/\/shop.verlag.uni-potsdam.de\/en\/#\/schema\/logo\/image\/\"}}]}<\/script>\n<!-- \/ Yoast SEO plugin. -->","yoast_head_json":{"title":"Lehre und Lernen entwickeln - Eine Frage der Gestaltung von \u00dcberg\u00e4ngen - Universit\u00e4tsverlag Potsdam","robots":{"index":"index","follow":"follow","max-snippet":"max-snippet:-1","max-image-preview":"max-image-preview:large","max-video-preview":"max-video-preview:-1"},"canonical":"https:\/\/shop.verlag.uni-potsdam.de\/en\/shop\/lehre-und-lernen-entwickeln-eine-frage-der-gestaltung-von-uebergaengen\/","og_locale":"en_US","og_type":"article","og_title":"Lehre und Lernen entwickeln - Eine Frage der Gestaltung von \u00dcberg\u00e4ngen - Universit\u00e4tsverlag Potsdam","og_description":"An der Universit\u00e4t Potsdam wurden im Rahmen des Qualit\u00e4tspakt Lehre-Projekts \u201eQualit\u00e4t etablieren in Lehre und Lernen (QueLL)\u201c Ma\u00dfnahmen f\u00fcr eine Verbesserung der Studienbedingungen und eine Weiterentwicklung der Lehre und des Lernens durchgef\u00fchrt. Die w\u00e4hrend der neunj\u00e4hrigen Projektlaufzeit thematisierten Fragestellungen, erarbeiteten L\u00f6sungsans\u00e4tze und entsprechenden Erfahrungen werden im vorliegenden Sammelband in Form von wissenschaftlichen Auseinandersetzungen und Werkstattberichten dargestellt und diskutiert.Die Beitr\u00e4ge spiegeln in ihrer thematischen Vielfalt unterschiedliche universit\u00e4re \u00dcbergangsphasen wider, wie in diesem Fall den \u00dcbergang in die Hochschule, \u00dcberg\u00e4nge innerhalb der Hochschule (im Kontext der Organisationsentwicklung, der Weiterbildung akademischer Statusgruppen oder der Entwicklung einer digitalen Lehr-Lernkultur) und schlie\u00dflich den \u00dcbergang in die Berufspraxis. Denn w\u00e4hrend der Projektlaufzeit hat sich gezeigt, dass die Gestaltung von Lehre und Lernen letztlich immer eine Gestaltung solcher \u00dcberg\u00e4nge ist: sowohl zwischen den innerinstitutionellen Ebenen und Bereichen als auch zwischen Akteur\/innen der Hochschule und schlie\u00dflich ebenso innerhalb des Student Life Cycle. Weiterhin wird anhand der Beitr\u00e4ge deutlich, dass die Entwicklung von Lehre und Studium nicht als isolierte Aufgabe verstanden werden kann, sondern in die Strukturen und Prozesse der Universit\u00e4t hineinwirken und Formen der Zusammenarbeit etablieren sollte, die es braucht, um Projekte nachhaltig zu gestalten.Ziel dieses Bandes ist es, zur Diskussion \u00fcber Gelingensbedingungen einer nachhaltigen Entwicklung von Lehre und Lernen beizutragen. Damit richtet er sich an Akteur\/innen aus der Hochschulleitung, an Lehrende und Forschende sowie Mitarbeitende des Third Space.","og_url":"https:\/\/shop.verlag.uni-potsdam.de\/en\/shop\/lehre-und-lernen-entwickeln-eine-frage-der-gestaltung-von-uebergaengen\/","og_site_name":"Universit\u00e4tsverlag Potsdam","article_modified_time":"2026-03-23T10:56:10+00:00","og_image":[{"width":1749,"height":2481,"url":"https:\/\/shop.verlag.uni-potsdam.de\/wp-content\/uploads\/asolmerce\/image-978-3-86956-498-2.jpg","type":"image\/jpeg"}],"twitter_card":"summary_large_image","twitter_misc":{"Est. reading time":"1 minute"},"schema":{"@context":"https:\/\/schema.org","@graph":[{"@type":"WebPage","@id":"https:\/\/shop.verlag.uni-potsdam.de\/en\/shop\/lehre-und-lernen-entwickeln-eine-frage-der-gestaltung-von-uebergaengen\/","url":"https:\/\/shop.verlag.uni-potsdam.de\/en\/shop\/lehre-und-lernen-entwickeln-eine-frage-der-gestaltung-von-uebergaengen\/","name":"Lehre und Lernen entwickeln - Eine Frage der Gestaltung von \u00dcberg\u00e4ngen - Universit\u00e4tsverlag Potsdam","isPartOf":{"@id":"https:\/\/shop.verlag.uni-potsdam.de\/en\/#website"},"primaryImageOfPage":{"@id":"https:\/\/shop.verlag.uni-potsdam.de\/en\/shop\/lehre-und-lernen-entwickeln-eine-frage-der-gestaltung-von-uebergaengen\/#primaryimage"},"image":{"@id":"https:\/\/shop.verlag.uni-potsdam.de\/shop\/lehre-und-lernen-entwickeln-eine-frage-der-gestaltung-von-uebergaengen\/#primaryimage"},"thumbnailUrl":"https:\/\/shop.verlag.uni-potsdam.de\/wp-content\/uploads\/asolmerce\/image-978-3-86956-498-2.jpg","datePublished":"2026-03-23T08:55:10+00:00","dateModified":"2026-03-23T10:56:10+00:00","breadcrumb":{"@id":"https:\/\/shop.verlag.uni-potsdam.de\/en\/shop\/lehre-und-lernen-entwickeln-eine-frage-der-gestaltung-von-uebergaengen\/#breadcrumb"},"inLanguage":"en-US","potentialAction":[{"@type":"ReadAction","target":[["https:\/\/shop.verlag.uni-potsdam.de\/en\/shop\/lehre-und-lernen-entwickeln-eine-frage-der-gestaltung-von-uebergaengen\/"]]}]},{"@type":"ImageObject","inLanguage":"en-US","@id":"https:\/\/shop.verlag.uni-potsdam.de\/en\/shop\/lehre-und-lernen-entwickeln-eine-frage-der-gestaltung-von-uebergaengen\/#primaryimage","url":"https:\/\/shop.verlag.uni-potsdam.de\/wp-content\/uploads\/asolmerce\/image-978-3-86956-498-2.jpg","contentUrl":"https:\/\/shop.verlag.uni-potsdam.de\/wp-content\/uploads\/asolmerce\/image-978-3-86956-498-2.jpg","width":1749,"height":2481},{"@type":"BreadcrumbList","@id":"https:\/\/shop.verlag.uni-potsdam.de\/en\/shop\/lehre-und-lernen-entwickeln-eine-frage-der-gestaltung-von-uebergaengen\/#breadcrumb","itemListElement":[{"@type":"ListItem","position":1,"name":"Startseite","item":"https:\/\/shop.verlag.uni-potsdam.de\/en\/"},{"@type":"ListItem","position":2,"name":"Shop","item":"https:\/\/shop.verlag.uni-potsdam.de\/en\/shop\/"},{"@type":"ListItem","position":3,"name":"Lehre und Lernen entwickeln &#8211; Eine Frage der Gestaltung von \u00dcberg\u00e4ngen"}]},{"@type":"WebSite","@id":"https:\/\/shop.verlag.uni-potsdam.de\/en\/#website","url":"https:\/\/shop.verlag.uni-potsdam.de\/en\/","name":"Universit\u00e4tsverlag Potsdam","description":"","publisher":{"@id":"https:\/\/shop.verlag.uni-potsdam.de\/en\/#organization"},"potentialAction":[{"@type":"SearchAction","target":{"@type":"EntryPoint","urlTemplate":"https:\/\/shop.verlag.uni-potsdam.de\/en\/?s={search_term_string}"},"query-input":{"@type":"PropertyValueSpecification","valueRequired":true,"valueName":"search_term_string"}}],"inLanguage":"en-US"},{"@type":"Organization","@id":"https:\/\/shop.verlag.uni-potsdam.de\/en\/#organization","name":"Universit\u00e4tsverlag Potsdam","url":"https:\/\/shop.verlag.uni-potsdam.de\/en\/","logo":{"@type":"ImageObject","inLanguage":"en-US","@id":"https:\/\/shop.verlag.uni-potsdam.de\/en\/#\/schema\/logo\/image\/","url":"https:\/\/shop.verlag.uni-potsdam.de\/wp-content\/uploads\/2017\/04\/up_logo_university_2.png","contentUrl":"https:\/\/shop.verlag.uni-potsdam.de\/wp-content\/uploads\/2017\/04\/up_logo_university_2.png","width":160,"height":172,"caption":"Universit\u00e4tsverlag Potsdam"},"image":{"@id":"https:\/\/shop.verlag.uni-potsdam.de\/en\/#\/schema\/logo\/image\/"}}]}},"_links":{"self":[{"href":"https:\/\/shop.verlag.uni-potsdam.de\/en\/wp-json\/wp\/v2\/product\/59417","targetHints":{"allow":["GET"]}}],"collection":[{"href":"https:\/\/shop.verlag.uni-potsdam.de\/en\/wp-json\/wp\/v2\/product"}],"about":[{"href":"https:\/\/shop.verlag.uni-potsdam.de\/en\/wp-json\/wp\/v2\/types\/product"}],"wp:featuredmedia":[{"embeddable":true,"href":"https:\/\/shop.verlag.uni-potsdam.de\/en\/wp-json\/wp\/v2\/media\/59427"}],"wp:attachment":[{"href":"https:\/\/shop.verlag.uni-potsdam.de\/en\/wp-json\/wp\/v2\/media?parent=59417"}],"wp:term":[{"taxonomy":"product_brand","embeddable":true,"href":"https:\/\/shop.verlag.uni-potsdam.de\/en\/wp-json\/wp\/v2\/product_brand?post=59417"},{"taxonomy":"product_cat","embeddable":true,"href":"https:\/\/shop.verlag.uni-potsdam.de\/en\/wp-json\/wp\/v2\/product_cat?post=59417"},{"taxonomy":"product_tag","embeddable":true,"href":"https:\/\/shop.verlag.uni-potsdam.de\/en\/wp-json\/wp\/v2\/product_tag?post=59417"}],"curies":[{"name":"wp","href":"https:\/\/api.w.org\/{rel}","templated":true}]}}