{"id":59496,"date":"2026-04-08T05:48:55","date_gmt":"2026-04-08T05:48:55","guid":{"rendered":"https:\/\/shop.verlag.uni-potsdam.de\/shop\/hier-geblieben\/"},"modified":"2026-04-08T09:49:55","modified_gmt":"2026-04-08T07:49:55","slug":"hier-geblieben","status":"publish","type":"product","link":"https:\/\/shop.verlag.uni-potsdam.de\/en\/shop\/hier-geblieben\/","title":{"rendered":"Hier geblieben?"},"content":{"rendered":"<p class=\"qtranxs-available-languages-message qtranxs-available-languages-message-en\">Sorry, this entry is only available in <a href=\"https:\/\/shop.verlag.uni-potsdam.de\/de\/wp-json\/wp\/v2\/product\/59496\" class=\"qtranxs-available-language-link qtranxs-available-language-link-de\" title=\"Deutsch\">Deutsch<\/a>.<\/p><p>Die historische Forschung hat seit l\u00e4ngerem herausgearbeitet, dass Migration nichts von einer Norm Abweichendes ist, sondern vielmehr ein \u00bbkonstitutives Element der Menschheitsgeschichte\u00ab (J. Oltmer), der Mensch mithin stets ein \u00bbhomo migrans\u00ab (K.-J. Bade) war. Auch die Geschichte Brandenburgs wurde seit jeher von Einwanderungsprozessen gepr\u00e4gt. Von \u00bbToleranz\u00ab im modernen Sinne kann freilich keine Rede sein, sondern meistens ging es um \u00f6konomisch nutzbringende Aufnahme bestimmter Gruppen. Sehr oft waren die Ansiedlungen aber auch das Ergebnis von Flucht, Vertreibung und kriegerischer Gewalt. Der vorliegende Band zeigt anhand von Beispielen vom fr\u00fchen Mittelalter bis zur Gegenwart die Bedeutung der Zuwanderung f\u00fcr Brandenburg auf. Der Bogen reicht von der slawischen Einwanderung des 8.\/9. Jahrhunderts bis zur Ankunft russisch-j\u00fcdischer \u00bbKontingentfl\u00fcchtlinge\u00ab im Gefolge der deutschen Wiedervereinigung, von Niederl\u00e4ndern, Juden, Hugenotten, Revolutionsfl\u00fcchtlingen in der Fr\u00fchen Neuzeit bis hin zu Muslimen, Zwangsarbeitern, Vertriebenen und DDR-\u00bbFremdarbeitern\u00ab im 20. Jahrhundert \u2013 eine Geschichte der Vielfalt des brandenburgischen Raumes und seiner Bev\u00f6lkerung im Spiegel der Zuwanderung.<\/p>","protected":false},"excerpt":{"rendered":"<p class=\"qtranxs-available-languages-message qtranxs-available-languages-message-en\">Sorry, this entry is only available in <a href=\"https:\/\/shop.verlag.uni-potsdam.de\/de\/wp-json\/wp\/v2\/product\/59496\" class=\"qtranxs-available-language-link qtranxs-available-language-link-de\" title=\"Deutsch\">Deutsch<\/a>.<\/p>\n<p>Die historische Forschung hat seit l\u00e4ngerem herausgearbeitet, dass Migration nichts von einer Norm Abweichendes ist, sondern vielmehr ein \u00bbkonstitutives Element der Menschheitsgeschichte\u00ab (J. Oltmer), der Mensch mithin stets ein \u00bbhomo migrans\u00ab (K.-J. Bade) war. Auch die Geschichte Brandenburgs wurde seit jeher von Einwanderungsprozessen gepr\u00e4gt. Von \u00bbToleranz\u00ab im modernen Sinne kann freilich keine Rede sein, sondern meistens ging es um \u00f6konomisch nutzbringende Aufnahme bestimmter Gruppen. Sehr oft waren die Ansiedlungen aber auch das Ergebnis von Flucht, Vertreibung und kriegerischer Gewalt. Der vorliegende Band zeigt anhand von Beispielen vom fr\u00fchen Mittelalter bis zur Gegenwart die Bedeutung der Zuwanderung f\u00fcr Brandenburg auf. Der Bogen reicht von der slawischen Einwanderung des 8.\/9. Jahrhunderts bis zur Ankunft russisch-j\u00fcdischer \u00bbKontingentfl\u00fcchtlinge\u00ab im Gefolge der deutschen Wiedervereinigung, von Niederl\u00e4ndern, Juden, Hugenotten, Revolutionsfl\u00fcchtlingen in der Fr\u00fchen Neuzeit bis hin zu Muslimen, Zwangsarbeitern, Vertriebenen und DDR-\u00bbFremdarbeitern\u00ab im 20. Jahrhundert \u2013 eine Geschichte der Vielfalt des brandenburgischen Raumes und seiner Bev\u00f6lkerung im Spiegel der Zuwanderung.<\/p>\n","protected":false},"featured_media":73796,"template":"","meta":{"_acf_changed":false},"product_brand":[],"product_cat":[6207],"product_tag":[6235],"class_list":{"0":"post-59496","1":"product","2":"type-product","3":"status-publish","4":"has-post-thumbnail","6":"product_cat-geschichte-web-kategorie","7":"product_tag-brandenburg-berlin-migrationsgeschichte-einwanderung-auswanderung","8":"autor-angela-martin","9":"autor-felix-biermann","10":"autor-frank-goese","11":"autor-lutz-partenheimer","12":"autor-marcia-c-schenck","13":"autor-matthias-asche-1","14":"autor-olaf-gloeckner","15":"autor-peter-bahl","16":"autor-thomas-brechenmacher","17":"autor-thomas-hoepel","18":"autor-ulrich-niggemann-1","19":"autor-uwe-folwarczny","20":"autor-yunus-yaldiz","22":"first","23":"instock","24":"shipping-taxable","25":"purchasable","26":"product-type-simple"},"acf":[],"yoast_head":"<!-- This site is optimized with the Yoast SEO plugin v27.1.1 - https:\/\/yoast.com\/product\/yoast-seo-wordpress\/ -->\n<title>Hier geblieben? - Universit\u00e4tsverlag Potsdam<\/title>\n<meta name=\"robots\" content=\"index, follow, max-snippet:-1, max-image-preview:large, max-video-preview:-1\" \/>\n<link rel=\"canonical\" href=\"https:\/\/shop.verlag.uni-potsdam.de\/en\/shop\/hier-geblieben\/\" \/>\n<meta property=\"og:locale\" content=\"en_US\" \/>\n<meta property=\"og:type\" content=\"article\" \/>\n<meta property=\"og:title\" content=\"Hier geblieben? - Universit\u00e4tsverlag Potsdam\" \/>\n<meta property=\"og:description\" content=\"Die historische Forschung hat seit l\u00e4ngerem herausgearbeitet, dass Migration nichts von einer Norm Abweichendes ist, sondern vielmehr ein \u00bbkonstitutives Element der Menschheitsgeschichte\u00ab (J. Oltmer), der Mensch mithin stets ein \u00bbhomo migrans\u00ab (K.-J. Bade) war. Auch die Geschichte Brandenburgs wurde seit jeher von Einwanderungsprozessen gepr\u00e4gt. Von \u00bbToleranz\u00ab im modernen Sinne kann freilich keine Rede sein, sondern meistens ging es um \u00f6konomisch nutzbringende Aufnahme bestimmter Gruppen. Sehr oft waren die Ansiedlungen aber auch das Ergebnis von Flucht, Vertreibung und kriegerischer Gewalt. Der vorliegende Band zeigt anhand von Beispielen vom fr\u00fchen Mittelalter bis zur Gegenwart die Bedeutung der Zuwanderung f\u00fcr Brandenburg auf. Der Bogen reicht von der slawischen Einwanderung des 8.\/9. Jahrhunderts bis zur Ankunft russisch-j\u00fcdischer \u00bbKontingentfl\u00fcchtlinge\u00ab im Gefolge der deutschen Wiedervereinigung, von Niederl\u00e4ndern, Juden, Hugenotten, Revolutionsfl\u00fcchtlingen in der Fr\u00fchen Neuzeit bis hin zu Muslimen, Zwangsarbeitern, Vertriebenen und DDR-\u00bbFremdarbeitern\u00ab im 20. Jahrhundert \u2013 eine Geschichte der Vielfalt des brandenburgischen Raumes und seiner Bev\u00f6lkerung im Spiegel der Zuwanderung.\" \/>\n<meta property=\"og:url\" content=\"https:\/\/shop.verlag.uni-potsdam.de\/en\/shop\/hier-geblieben\/\" \/>\n<meta property=\"og:site_name\" content=\"Universit\u00e4tsverlag Potsdam\" \/>\n<meta property=\"article:modified_time\" content=\"2026-04-08T07:49:55+00:00\" \/>\n<meta property=\"og:image\" content=\"https:\/\/shop.verlag.uni-potsdam.de\/wp-content\/uploads\/asolmerce\/image-978-3-86956-506-4.jpg\" \/>\n\t<meta property=\"og:image:width\" content=\"2181\" \/>\n\t<meta property=\"og:image:height\" content=\"2560\" \/>\n\t<meta property=\"og:image:type\" content=\"image\/jpeg\" \/>\n<meta name=\"twitter:card\" content=\"summary_large_image\" \/>\n<meta name=\"twitter:label1\" content=\"Est. reading time\" \/>\n\t<meta name=\"twitter:data1\" content=\"1 minute\" \/>\n<script type=\"application\/ld+json\" class=\"yoast-schema-graph\">{\"@context\":\"https:\/\/schema.org\",\"@graph\":[{\"@type\":\"WebPage\",\"@id\":\"https:\/\/shop.verlag.uni-potsdam.de\/en\/shop\/hier-geblieben\/\",\"url\":\"https:\/\/shop.verlag.uni-potsdam.de\/en\/shop\/hier-geblieben\/\",\"name\":\"Hier geblieben? - Universit\u00e4tsverlag Potsdam\",\"isPartOf\":{\"@id\":\"https:\/\/shop.verlag.uni-potsdam.de\/en\/#website\"},\"primaryImageOfPage\":{\"@id\":\"https:\/\/shop.verlag.uni-potsdam.de\/en\/shop\/hier-geblieben\/#primaryimage\"},\"image\":{\"@id\":\"https:\/\/shop.verlag.uni-potsdam.de\/shop\/hier-geblieben\/#primaryimage\"},\"thumbnailUrl\":\"https:\/\/shop.verlag.uni-potsdam.de\/wp-content\/uploads\/asolmerce\/image-978-3-86956-506-4.jpg\",\"datePublished\":\"2026-04-08T05:48:55+00:00\",\"dateModified\":\"2026-04-08T07:49:55+00:00\",\"breadcrumb\":{\"@id\":\"https:\/\/shop.verlag.uni-potsdam.de\/en\/shop\/hier-geblieben\/#breadcrumb\"},\"inLanguage\":\"en-US\",\"potentialAction\":[{\"@type\":\"ReadAction\",\"target\":[[\"https:\/\/shop.verlag.uni-potsdam.de\/en\/shop\/hier-geblieben\/\"]]}]},{\"@type\":\"ImageObject\",\"inLanguage\":\"en-US\",\"@id\":\"https:\/\/shop.verlag.uni-potsdam.de\/en\/shop\/hier-geblieben\/#primaryimage\",\"url\":\"https:\/\/shop.verlag.uni-potsdam.de\/wp-content\/uploads\/asolmerce\/image-978-3-86956-506-4.jpg\",\"contentUrl\":\"https:\/\/shop.verlag.uni-potsdam.de\/wp-content\/uploads\/asolmerce\/image-978-3-86956-506-4.jpg\",\"width\":2181,\"height\":2560},{\"@type\":\"BreadcrumbList\",\"@id\":\"https:\/\/shop.verlag.uni-potsdam.de\/en\/shop\/hier-geblieben\/#breadcrumb\",\"itemListElement\":[{\"@type\":\"ListItem\",\"position\":1,\"name\":\"Startseite\",\"item\":\"https:\/\/shop.verlag.uni-potsdam.de\/en\/\"},{\"@type\":\"ListItem\",\"position\":2,\"name\":\"Shop\",\"item\":\"https:\/\/shop.verlag.uni-potsdam.de\/en\/shop\/\"},{\"@type\":\"ListItem\",\"position\":3,\"name\":\"Hier geblieben?\"}]},{\"@type\":\"WebSite\",\"@id\":\"https:\/\/shop.verlag.uni-potsdam.de\/en\/#website\",\"url\":\"https:\/\/shop.verlag.uni-potsdam.de\/en\/\",\"name\":\"Universit\u00e4tsverlag Potsdam\",\"description\":\"\",\"publisher\":{\"@id\":\"https:\/\/shop.verlag.uni-potsdam.de\/en\/#organization\"},\"potentialAction\":[{\"@type\":\"SearchAction\",\"target\":{\"@type\":\"EntryPoint\",\"urlTemplate\":\"https:\/\/shop.verlag.uni-potsdam.de\/en\/?s={search_term_string}\"},\"query-input\":{\"@type\":\"PropertyValueSpecification\",\"valueRequired\":true,\"valueName\":\"search_term_string\"}}],\"inLanguage\":\"en-US\"},{\"@type\":\"Organization\",\"@id\":\"https:\/\/shop.verlag.uni-potsdam.de\/en\/#organization\",\"name\":\"Universit\u00e4tsverlag Potsdam\",\"url\":\"https:\/\/shop.verlag.uni-potsdam.de\/en\/\",\"logo\":{\"@type\":\"ImageObject\",\"inLanguage\":\"en-US\",\"@id\":\"https:\/\/shop.verlag.uni-potsdam.de\/en\/#\/schema\/logo\/image\/\",\"url\":\"https:\/\/shop.verlag.uni-potsdam.de\/wp-content\/uploads\/2017\/04\/up_logo_university_2.png\",\"contentUrl\":\"https:\/\/shop.verlag.uni-potsdam.de\/wp-content\/uploads\/2017\/04\/up_logo_university_2.png\",\"width\":160,\"height\":172,\"caption\":\"Universit\u00e4tsverlag Potsdam\"},\"image\":{\"@id\":\"https:\/\/shop.verlag.uni-potsdam.de\/en\/#\/schema\/logo\/image\/\"}}]}<\/script>\n<!-- \/ Yoast SEO plugin. -->","yoast_head_json":{"title":"Hier geblieben? - Universit\u00e4tsverlag Potsdam","robots":{"index":"index","follow":"follow","max-snippet":"max-snippet:-1","max-image-preview":"max-image-preview:large","max-video-preview":"max-video-preview:-1"},"canonical":"https:\/\/shop.verlag.uni-potsdam.de\/en\/shop\/hier-geblieben\/","og_locale":"en_US","og_type":"article","og_title":"Hier geblieben? - Universit\u00e4tsverlag Potsdam","og_description":"Die historische Forschung hat seit l\u00e4ngerem herausgearbeitet, dass Migration nichts von einer Norm Abweichendes ist, sondern vielmehr ein \u00bbkonstitutives Element der Menschheitsgeschichte\u00ab (J. Oltmer), der Mensch mithin stets ein \u00bbhomo migrans\u00ab (K.-J. Bade) war. Auch die Geschichte Brandenburgs wurde seit jeher von Einwanderungsprozessen gepr\u00e4gt. Von \u00bbToleranz\u00ab im modernen Sinne kann freilich keine Rede sein, sondern meistens ging es um \u00f6konomisch nutzbringende Aufnahme bestimmter Gruppen. Sehr oft waren die Ansiedlungen aber auch das Ergebnis von Flucht, Vertreibung und kriegerischer Gewalt. Der vorliegende Band zeigt anhand von Beispielen vom fr\u00fchen Mittelalter bis zur Gegenwart die Bedeutung der Zuwanderung f\u00fcr Brandenburg auf. Der Bogen reicht von der slawischen Einwanderung des 8.\/9. Jahrhunderts bis zur Ankunft russisch-j\u00fcdischer \u00bbKontingentfl\u00fcchtlinge\u00ab im Gefolge der deutschen Wiedervereinigung, von Niederl\u00e4ndern, Juden, Hugenotten, Revolutionsfl\u00fcchtlingen in der Fr\u00fchen Neuzeit bis hin zu Muslimen, Zwangsarbeitern, Vertriebenen und DDR-\u00bbFremdarbeitern\u00ab im 20. Jahrhundert \u2013 eine Geschichte der Vielfalt des brandenburgischen Raumes und seiner Bev\u00f6lkerung im Spiegel der Zuwanderung.","og_url":"https:\/\/shop.verlag.uni-potsdam.de\/en\/shop\/hier-geblieben\/","og_site_name":"Universit\u00e4tsverlag Potsdam","article_modified_time":"2026-04-08T07:49:55+00:00","og_image":[{"width":2181,"height":2560,"url":"https:\/\/shop.verlag.uni-potsdam.de\/wp-content\/uploads\/asolmerce\/image-978-3-86956-506-4.jpg","type":"image\/jpeg"}],"twitter_card":"summary_large_image","twitter_misc":{"Est. reading time":"1 minute"},"schema":{"@context":"https:\/\/schema.org","@graph":[{"@type":"WebPage","@id":"https:\/\/shop.verlag.uni-potsdam.de\/en\/shop\/hier-geblieben\/","url":"https:\/\/shop.verlag.uni-potsdam.de\/en\/shop\/hier-geblieben\/","name":"Hier geblieben? - Universit\u00e4tsverlag Potsdam","isPartOf":{"@id":"https:\/\/shop.verlag.uni-potsdam.de\/en\/#website"},"primaryImageOfPage":{"@id":"https:\/\/shop.verlag.uni-potsdam.de\/en\/shop\/hier-geblieben\/#primaryimage"},"image":{"@id":"https:\/\/shop.verlag.uni-potsdam.de\/shop\/hier-geblieben\/#primaryimage"},"thumbnailUrl":"https:\/\/shop.verlag.uni-potsdam.de\/wp-content\/uploads\/asolmerce\/image-978-3-86956-506-4.jpg","datePublished":"2026-04-08T05:48:55+00:00","dateModified":"2026-04-08T07:49:55+00:00","breadcrumb":{"@id":"https:\/\/shop.verlag.uni-potsdam.de\/en\/shop\/hier-geblieben\/#breadcrumb"},"inLanguage":"en-US","potentialAction":[{"@type":"ReadAction","target":[["https:\/\/shop.verlag.uni-potsdam.de\/en\/shop\/hier-geblieben\/"]]}]},{"@type":"ImageObject","inLanguage":"en-US","@id":"https:\/\/shop.verlag.uni-potsdam.de\/en\/shop\/hier-geblieben\/#primaryimage","url":"https:\/\/shop.verlag.uni-potsdam.de\/wp-content\/uploads\/asolmerce\/image-978-3-86956-506-4.jpg","contentUrl":"https:\/\/shop.verlag.uni-potsdam.de\/wp-content\/uploads\/asolmerce\/image-978-3-86956-506-4.jpg","width":2181,"height":2560},{"@type":"BreadcrumbList","@id":"https:\/\/shop.verlag.uni-potsdam.de\/en\/shop\/hier-geblieben\/#breadcrumb","itemListElement":[{"@type":"ListItem","position":1,"name":"Startseite","item":"https:\/\/shop.verlag.uni-potsdam.de\/en\/"},{"@type":"ListItem","position":2,"name":"Shop","item":"https:\/\/shop.verlag.uni-potsdam.de\/en\/shop\/"},{"@type":"ListItem","position":3,"name":"Hier geblieben?"}]},{"@type":"WebSite","@id":"https:\/\/shop.verlag.uni-potsdam.de\/en\/#website","url":"https:\/\/shop.verlag.uni-potsdam.de\/en\/","name":"Universit\u00e4tsverlag Potsdam","description":"","publisher":{"@id":"https:\/\/shop.verlag.uni-potsdam.de\/en\/#organization"},"potentialAction":[{"@type":"SearchAction","target":{"@type":"EntryPoint","urlTemplate":"https:\/\/shop.verlag.uni-potsdam.de\/en\/?s={search_term_string}"},"query-input":{"@type":"PropertyValueSpecification","valueRequired":true,"valueName":"search_term_string"}}],"inLanguage":"en-US"},{"@type":"Organization","@id":"https:\/\/shop.verlag.uni-potsdam.de\/en\/#organization","name":"Universit\u00e4tsverlag Potsdam","url":"https:\/\/shop.verlag.uni-potsdam.de\/en\/","logo":{"@type":"ImageObject","inLanguage":"en-US","@id":"https:\/\/shop.verlag.uni-potsdam.de\/en\/#\/schema\/logo\/image\/","url":"https:\/\/shop.verlag.uni-potsdam.de\/wp-content\/uploads\/2017\/04\/up_logo_university_2.png","contentUrl":"https:\/\/shop.verlag.uni-potsdam.de\/wp-content\/uploads\/2017\/04\/up_logo_university_2.png","width":160,"height":172,"caption":"Universit\u00e4tsverlag Potsdam"},"image":{"@id":"https:\/\/shop.verlag.uni-potsdam.de\/en\/#\/schema\/logo\/image\/"}}]}},"_links":{"self":[{"href":"https:\/\/shop.verlag.uni-potsdam.de\/en\/wp-json\/wp\/v2\/product\/59496","targetHints":{"allow":["GET"]}}],"collection":[{"href":"https:\/\/shop.verlag.uni-potsdam.de\/en\/wp-json\/wp\/v2\/product"}],"about":[{"href":"https:\/\/shop.verlag.uni-potsdam.de\/en\/wp-json\/wp\/v2\/types\/product"}],"wp:featuredmedia":[{"embeddable":true,"href":"https:\/\/shop.verlag.uni-potsdam.de\/en\/wp-json\/wp\/v2\/media\/73796"}],"wp:attachment":[{"href":"https:\/\/shop.verlag.uni-potsdam.de\/en\/wp-json\/wp\/v2\/media?parent=59496"}],"wp:term":[{"taxonomy":"product_brand","embeddable":true,"href":"https:\/\/shop.verlag.uni-potsdam.de\/en\/wp-json\/wp\/v2\/product_brand?post=59496"},{"taxonomy":"product_cat","embeddable":true,"href":"https:\/\/shop.verlag.uni-potsdam.de\/en\/wp-json\/wp\/v2\/product_cat?post=59496"},{"taxonomy":"product_tag","embeddable":true,"href":"https:\/\/shop.verlag.uni-potsdam.de\/en\/wp-json\/wp\/v2\/product_tag?post=59496"}],"curies":[{"name":"wp","href":"https:\/\/api.w.org\/{rel}","templated":true}]}}