{"id":73682,"date":"2026-03-23T08:55:18","date_gmt":"2026-03-23T08:55:18","guid":{"rendered":"https:\/\/shop.verlag.uni-potsdam.de\/shop\/www-brand2-begegnung-mit-dem-fremden-die-roemer-in-den-provinzen\/"},"modified":"2026-03-23T11:56:18","modified_gmt":"2026-03-23T10:56:18","slug":"potsdamer-lateintage-2018-2020","status":"publish","type":"product","link":"https:\/\/shop.verlag.uni-potsdam.de\/en\/shop\/potsdamer-lateintage-2018-2020\/","title":{"rendered":"Potsdamer Lateintage 2018\u20132020"},"content":{"rendered":"<p class=\"qtranxs-available-languages-message qtranxs-available-languages-message-en\">Sorry, this entry is only available in <a href=\"https:\/\/shop.verlag.uni-potsdam.de\/de\/wp-json\/wp\/v2\/product\/73682\" class=\"qtranxs-available-language-link qtranxs-available-language-link-de\" title=\"Deutsch\">Deutsch<\/a>.<\/p><p>Der vorliegende Band enth\u00e4lt s\u00e4mtliche Impulsvortr\u00e4ge der Lateintage von 2018 bis 2020. Zum Thema \u201eIm Schatten der Gesellschaft? Roms Umgang mit sozialen Randgruppen\u201c sprachen 2018 Meike R\u00fchl und Nicola H\u00f6mke. Unter der \u00dcberschrift \u201eIm Zentrum der Macht: Forum Romanum\u201c beleuchteten Jon Albers, Filippo Carl\u00e0-Uhink und Jan Reimann 2019 jenen wirkm\u00e4chtigen Ort in seinen verschiedenen Facetten n\u00e4her. 2020 gab Holger Sonnabend Lateinsch\u00fclern einen Einblick in das Thema \u201eNero \u2013 Kaiser und K\u00fcnstler\u201c. Die Vortr\u00e4ge sind in der Reihenfolge abgedruckt, in der sie auf dem jeweiligen Lateintag gehalten wurden.<\/p>","protected":false},"excerpt":{"rendered":"<p class=\"qtranxs-available-languages-message qtranxs-available-languages-message-en\">Sorry, this entry is only available in <a href=\"https:\/\/shop.verlag.uni-potsdam.de\/de\/wp-json\/wp\/v2\/product\/73682\" class=\"qtranxs-available-language-link qtranxs-available-language-link-de\" title=\"Deutsch\">Deutsch<\/a>.<\/p>\n<p>Der vorliegende Band enth\u00e4lt s\u00e4mtliche Impulsvortr\u00e4ge der Lateintage von 2018 bis 2020. Zum Thema \u201eIm Schatten der Gesellschaft? Roms Umgang mit sozialen Randgruppen\u201c sprachen 2018 Meike R\u00fchl und Nicola H\u00f6mke. Unter der \u00dcberschrift \u201eIm Zentrum der Macht: Forum Romanum\u201c beleuchteten Jon Albers, Filippo Carl\u00e0-Uhink und Jan Reimann 2019 jenen wirkm\u00e4chtigen Ort in seinen verschiedenen Facetten n\u00e4her. 2020 gab Holger Sonnabend Lateinsch\u00fclern einen Einblick in das Thema \u201eNero \u2013 Kaiser und K\u00fcnstler\u201c. Die Vortr\u00e4ge sind in der Reihenfolge abgedruckt, in der sie auf dem jeweiligen Lateintag gehalten wurden.<\/p>\n","protected":false},"featured_media":73792,"template":"","meta":{"_acf_changed":false},"product_brand":[],"product_cat":[6207,6220],"product_tag":[6183],"class_list":{"0":"post-73682","1":"product","2":"type-product","3":"status-publish","4":"has-post-thumbnail","6":"product_cat-geschichte-web-kategorie","7":"product_cat-paedagogik-web-kategorie","8":"product_tag-forum-romanum-lateintag-nero-randgruppen","9":"autor-alexandra-forst","10":"autor-filippo-carla-uhink","11":"autor-holger-sonnabend","12":"autor-jan-reimann","13":"autor-jon-albers","14":"autor-meike-ruehl","15":"autor-nicola-hoemke","17":"first","18":"instock","19":"shipping-taxable","20":"purchasable","21":"product-type-simple"},"acf":[],"yoast_head":"<!-- This site is optimized with the Yoast SEO plugin v27.1.1 - https:\/\/yoast.com\/product\/yoast-seo-wordpress\/ -->\n<title>Potsdamer Lateintage 2018\u20132020 - Universit\u00e4tsverlag Potsdam<\/title>\n<meta name=\"robots\" content=\"index, follow, max-snippet:-1, max-image-preview:large, max-video-preview:-1\" \/>\n<link rel=\"canonical\" href=\"https:\/\/shop.verlag.uni-potsdam.de\/en\/shop\/potsdamer-lateintage-2018-2020\/\" \/>\n<meta property=\"og:locale\" content=\"en_US\" \/>\n<meta property=\"og:type\" content=\"article\" \/>\n<meta property=\"og:title\" content=\"Potsdamer Lateintage 2018\u20132020 - Universit\u00e4tsverlag Potsdam\" \/>\n<meta property=\"og:description\" content=\"Der vorliegende Band enth\u00e4lt s\u00e4mtliche Impulsvortr\u00e4ge der Lateintage von 2018 bis 2020. Zum Thema \u201eIm Schatten der Gesellschaft? Roms Umgang mit sozialen Randgruppen\u201c sprachen 2018 Meike R\u00fchl und Nicola H\u00f6mke. Unter der \u00dcberschrift \u201eIm Zentrum der Macht: Forum Romanum\u201c beleuchteten Jon Albers, Filippo Carl\u00e0-Uhink und Jan Reimann 2019 jenen wirkm\u00e4chtigen Ort in seinen verschiedenen Facetten n\u00e4her. 2020 gab Holger Sonnabend Lateinsch\u00fclern einen Einblick in das Thema \u201eNero \u2013 Kaiser und K\u00fcnstler\u201c. Die Vortr\u00e4ge sind in der Reihenfolge abgedruckt, in der sie auf dem jeweiligen Lateintag gehalten wurden.\" \/>\n<meta property=\"og:url\" content=\"https:\/\/shop.verlag.uni-potsdam.de\/en\/shop\/potsdamer-lateintage-2018-2020\/\" \/>\n<meta property=\"og:site_name\" content=\"Universit\u00e4tsverlag Potsdam\" \/>\n<meta property=\"article:modified_time\" content=\"2026-03-23T10:56:18+00:00\" \/>\n<meta property=\"og:image\" content=\"https:\/\/shop.verlag.uni-potsdam.de\/wp-content\/uploads\/asolmerce\/image-978-3-86956-510-1.jpg\" \/>\n\t<meta property=\"og:image:width\" content=\"1166\" \/>\n\t<meta property=\"og:image:height\" content=\"1654\" \/>\n\t<meta property=\"og:image:type\" content=\"image\/jpeg\" \/>\n<meta name=\"twitter:card\" content=\"summary_large_image\" \/>\n<script type=\"application\/ld+json\" class=\"yoast-schema-graph\">{\"@context\":\"https:\/\/schema.org\",\"@graph\":[{\"@type\":\"WebPage\",\"@id\":\"https:\/\/shop.verlag.uni-potsdam.de\/en\/shop\/potsdamer-lateintage-2018-2020\/\",\"url\":\"https:\/\/shop.verlag.uni-potsdam.de\/en\/shop\/potsdamer-lateintage-2018-2020\/\",\"name\":\"Potsdamer Lateintage 2018\u20132020 - Universit\u00e4tsverlag Potsdam\",\"isPartOf\":{\"@id\":\"https:\/\/shop.verlag.uni-potsdam.de\/en\/#website\"},\"primaryImageOfPage\":{\"@id\":\"https:\/\/shop.verlag.uni-potsdam.de\/en\/shop\/potsdamer-lateintage-2018-2020\/#primaryimage\"},\"image\":{\"@id\":\"https:\/\/shop.verlag.uni-potsdam.de\/shop\/potsdamer-lateintage-2018-2020\/#primaryimage\"},\"thumbnailUrl\":\"https:\/\/shop.verlag.uni-potsdam.de\/wp-content\/uploads\/asolmerce\/image-978-3-86956-510-1.jpg\",\"datePublished\":\"2026-03-23T08:55:18+00:00\",\"dateModified\":\"2026-03-23T10:56:18+00:00\",\"breadcrumb\":{\"@id\":\"https:\/\/shop.verlag.uni-potsdam.de\/en\/shop\/potsdamer-lateintage-2018-2020\/#breadcrumb\"},\"inLanguage\":\"en-US\",\"potentialAction\":[{\"@type\":\"ReadAction\",\"target\":[[\"https:\/\/shop.verlag.uni-potsdam.de\/en\/shop\/potsdamer-lateintage-2018-2020\/\"]]}]},{\"@type\":\"ImageObject\",\"inLanguage\":\"en-US\",\"@id\":\"https:\/\/shop.verlag.uni-potsdam.de\/en\/shop\/potsdamer-lateintage-2018-2020\/#primaryimage\",\"url\":\"https:\/\/shop.verlag.uni-potsdam.de\/wp-content\/uploads\/asolmerce\/image-978-3-86956-510-1.jpg\",\"contentUrl\":\"https:\/\/shop.verlag.uni-potsdam.de\/wp-content\/uploads\/asolmerce\/image-978-3-86956-510-1.jpg\",\"width\":1166,\"height\":1654},{\"@type\":\"BreadcrumbList\",\"@id\":\"https:\/\/shop.verlag.uni-potsdam.de\/en\/shop\/potsdamer-lateintage-2018-2020\/#breadcrumb\",\"itemListElement\":[{\"@type\":\"ListItem\",\"position\":1,\"name\":\"Startseite\",\"item\":\"https:\/\/shop.verlag.uni-potsdam.de\/en\/\"},{\"@type\":\"ListItem\",\"position\":2,\"name\":\"Shop\",\"item\":\"https:\/\/shop.verlag.uni-potsdam.de\/en\/shop\/\"},{\"@type\":\"ListItem\",\"position\":3,\"name\":\"Potsdamer Lateintage 2018\u20132020\"}]},{\"@type\":\"WebSite\",\"@id\":\"https:\/\/shop.verlag.uni-potsdam.de\/en\/#website\",\"url\":\"https:\/\/shop.verlag.uni-potsdam.de\/en\/\",\"name\":\"Universit\u00e4tsverlag Potsdam\",\"description\":\"\",\"publisher\":{\"@id\":\"https:\/\/shop.verlag.uni-potsdam.de\/en\/#organization\"},\"potentialAction\":[{\"@type\":\"SearchAction\",\"target\":{\"@type\":\"EntryPoint\",\"urlTemplate\":\"https:\/\/shop.verlag.uni-potsdam.de\/en\/?s={search_term_string}\"},\"query-input\":{\"@type\":\"PropertyValueSpecification\",\"valueRequired\":true,\"valueName\":\"search_term_string\"}}],\"inLanguage\":\"en-US\"},{\"@type\":\"Organization\",\"@id\":\"https:\/\/shop.verlag.uni-potsdam.de\/en\/#organization\",\"name\":\"Universit\u00e4tsverlag Potsdam\",\"url\":\"https:\/\/shop.verlag.uni-potsdam.de\/en\/\",\"logo\":{\"@type\":\"ImageObject\",\"inLanguage\":\"en-US\",\"@id\":\"https:\/\/shop.verlag.uni-potsdam.de\/en\/#\/schema\/logo\/image\/\",\"url\":\"https:\/\/shop.verlag.uni-potsdam.de\/wp-content\/uploads\/2017\/04\/up_logo_university_2.png\",\"contentUrl\":\"https:\/\/shop.verlag.uni-potsdam.de\/wp-content\/uploads\/2017\/04\/up_logo_university_2.png\",\"width\":160,\"height\":172,\"caption\":\"Universit\u00e4tsverlag Potsdam\"},\"image\":{\"@id\":\"https:\/\/shop.verlag.uni-potsdam.de\/en\/#\/schema\/logo\/image\/\"}}]}<\/script>\n<!-- \/ Yoast SEO plugin. -->","yoast_head_json":{"title":"Potsdamer Lateintage 2018\u20132020 - Universit\u00e4tsverlag Potsdam","robots":{"index":"index","follow":"follow","max-snippet":"max-snippet:-1","max-image-preview":"max-image-preview:large","max-video-preview":"max-video-preview:-1"},"canonical":"https:\/\/shop.verlag.uni-potsdam.de\/en\/shop\/potsdamer-lateintage-2018-2020\/","og_locale":"en_US","og_type":"article","og_title":"Potsdamer Lateintage 2018\u20132020 - Universit\u00e4tsverlag Potsdam","og_description":"Der vorliegende Band enth\u00e4lt s\u00e4mtliche Impulsvortr\u00e4ge der Lateintage von 2018 bis 2020. Zum Thema \u201eIm Schatten der Gesellschaft? Roms Umgang mit sozialen Randgruppen\u201c sprachen 2018 Meike R\u00fchl und Nicola H\u00f6mke. Unter der \u00dcberschrift \u201eIm Zentrum der Macht: Forum Romanum\u201c beleuchteten Jon Albers, Filippo Carl\u00e0-Uhink und Jan Reimann 2019 jenen wirkm\u00e4chtigen Ort in seinen verschiedenen Facetten n\u00e4her. 2020 gab Holger Sonnabend Lateinsch\u00fclern einen Einblick in das Thema \u201eNero \u2013 Kaiser und K\u00fcnstler\u201c. Die Vortr\u00e4ge sind in der Reihenfolge abgedruckt, in der sie auf dem jeweiligen Lateintag gehalten wurden.","og_url":"https:\/\/shop.verlag.uni-potsdam.de\/en\/shop\/potsdamer-lateintage-2018-2020\/","og_site_name":"Universit\u00e4tsverlag Potsdam","article_modified_time":"2026-03-23T10:56:18+00:00","og_image":[{"width":1166,"height":1654,"url":"https:\/\/shop.verlag.uni-potsdam.de\/wp-content\/uploads\/asolmerce\/image-978-3-86956-510-1.jpg","type":"image\/jpeg"}],"twitter_card":"summary_large_image","schema":{"@context":"https:\/\/schema.org","@graph":[{"@type":"WebPage","@id":"https:\/\/shop.verlag.uni-potsdam.de\/en\/shop\/potsdamer-lateintage-2018-2020\/","url":"https:\/\/shop.verlag.uni-potsdam.de\/en\/shop\/potsdamer-lateintage-2018-2020\/","name":"Potsdamer Lateintage 2018\u20132020 - Universit\u00e4tsverlag Potsdam","isPartOf":{"@id":"https:\/\/shop.verlag.uni-potsdam.de\/en\/#website"},"primaryImageOfPage":{"@id":"https:\/\/shop.verlag.uni-potsdam.de\/en\/shop\/potsdamer-lateintage-2018-2020\/#primaryimage"},"image":{"@id":"https:\/\/shop.verlag.uni-potsdam.de\/shop\/potsdamer-lateintage-2018-2020\/#primaryimage"},"thumbnailUrl":"https:\/\/shop.verlag.uni-potsdam.de\/wp-content\/uploads\/asolmerce\/image-978-3-86956-510-1.jpg","datePublished":"2026-03-23T08:55:18+00:00","dateModified":"2026-03-23T10:56:18+00:00","breadcrumb":{"@id":"https:\/\/shop.verlag.uni-potsdam.de\/en\/shop\/potsdamer-lateintage-2018-2020\/#breadcrumb"},"inLanguage":"en-US","potentialAction":[{"@type":"ReadAction","target":[["https:\/\/shop.verlag.uni-potsdam.de\/en\/shop\/potsdamer-lateintage-2018-2020\/"]]}]},{"@type":"ImageObject","inLanguage":"en-US","@id":"https:\/\/shop.verlag.uni-potsdam.de\/en\/shop\/potsdamer-lateintage-2018-2020\/#primaryimage","url":"https:\/\/shop.verlag.uni-potsdam.de\/wp-content\/uploads\/asolmerce\/image-978-3-86956-510-1.jpg","contentUrl":"https:\/\/shop.verlag.uni-potsdam.de\/wp-content\/uploads\/asolmerce\/image-978-3-86956-510-1.jpg","width":1166,"height":1654},{"@type":"BreadcrumbList","@id":"https:\/\/shop.verlag.uni-potsdam.de\/en\/shop\/potsdamer-lateintage-2018-2020\/#breadcrumb","itemListElement":[{"@type":"ListItem","position":1,"name":"Startseite","item":"https:\/\/shop.verlag.uni-potsdam.de\/en\/"},{"@type":"ListItem","position":2,"name":"Shop","item":"https:\/\/shop.verlag.uni-potsdam.de\/en\/shop\/"},{"@type":"ListItem","position":3,"name":"Potsdamer Lateintage 2018\u20132020"}]},{"@type":"WebSite","@id":"https:\/\/shop.verlag.uni-potsdam.de\/en\/#website","url":"https:\/\/shop.verlag.uni-potsdam.de\/en\/","name":"Universit\u00e4tsverlag Potsdam","description":"","publisher":{"@id":"https:\/\/shop.verlag.uni-potsdam.de\/en\/#organization"},"potentialAction":[{"@type":"SearchAction","target":{"@type":"EntryPoint","urlTemplate":"https:\/\/shop.verlag.uni-potsdam.de\/en\/?s={search_term_string}"},"query-input":{"@type":"PropertyValueSpecification","valueRequired":true,"valueName":"search_term_string"}}],"inLanguage":"en-US"},{"@type":"Organization","@id":"https:\/\/shop.verlag.uni-potsdam.de\/en\/#organization","name":"Universit\u00e4tsverlag Potsdam","url":"https:\/\/shop.verlag.uni-potsdam.de\/en\/","logo":{"@type":"ImageObject","inLanguage":"en-US","@id":"https:\/\/shop.verlag.uni-potsdam.de\/en\/#\/schema\/logo\/image\/","url":"https:\/\/shop.verlag.uni-potsdam.de\/wp-content\/uploads\/2017\/04\/up_logo_university_2.png","contentUrl":"https:\/\/shop.verlag.uni-potsdam.de\/wp-content\/uploads\/2017\/04\/up_logo_university_2.png","width":160,"height":172,"caption":"Universit\u00e4tsverlag Potsdam"},"image":{"@id":"https:\/\/shop.verlag.uni-potsdam.de\/en\/#\/schema\/logo\/image\/"}}]}},"_links":{"self":[{"href":"https:\/\/shop.verlag.uni-potsdam.de\/en\/wp-json\/wp\/v2\/product\/73682","targetHints":{"allow":["GET"]}}],"collection":[{"href":"https:\/\/shop.verlag.uni-potsdam.de\/en\/wp-json\/wp\/v2\/product"}],"about":[{"href":"https:\/\/shop.verlag.uni-potsdam.de\/en\/wp-json\/wp\/v2\/types\/product"}],"wp:featuredmedia":[{"embeddable":true,"href":"https:\/\/shop.verlag.uni-potsdam.de\/en\/wp-json\/wp\/v2\/media\/73792"}],"wp:attachment":[{"href":"https:\/\/shop.verlag.uni-potsdam.de\/en\/wp-json\/wp\/v2\/media?parent=73682"}],"wp:term":[{"taxonomy":"product_brand","embeddable":true,"href":"https:\/\/shop.verlag.uni-potsdam.de\/en\/wp-json\/wp\/v2\/product_brand?post=73682"},{"taxonomy":"product_cat","embeddable":true,"href":"https:\/\/shop.verlag.uni-potsdam.de\/en\/wp-json\/wp\/v2\/product_cat?post=73682"},{"taxonomy":"product_tag","embeddable":true,"href":"https:\/\/shop.verlag.uni-potsdam.de\/en\/wp-json\/wp\/v2\/product_tag?post=73682"}],"curies":[{"name":"wp","href":"https:\/\/api.w.org\/{rel}","templated":true}]}}